{"id":104,"date":"2020-01-23T17:29:13","date_gmt":"2020-01-23T16:29:13","guid":{"rendered":"https:\/\/www.tsubook.net\/de\/?page_id=104"},"modified":"2021-02-03T15:53:27","modified_gmt":"2021-02-03T14:53:27","slug":"rabatt","status":"publish","type":"page","link":"https:\/\/www.tsubook.net\/de\/hilfe\/preise\/rabatt\/","title":{"rendered":"Kann ich einen Rabatt bekommen?"},"content":{"rendered":"\t\t\t<!-- Flexy Breadcrumb -->\r\n\t\t\t<div class=\"fbc fbc-page\">\r\n\r\n\t\t\t\t<!-- Breadcrumb wrapper -->\r\n\t\t\t\t<div class=\"fbc-wrap\">\r\n\r\n\t\t\t\t\t<!-- Ordered list-->\r\n\t\t\t\t\t<ol class=\"fbc-items\" itemscope itemtype=\"https:\/\/schema.org\/BreadcrumbList\">\r\n\t\t\t\t\t\t<li class=\"active\" itemprop=\"itemListElement\" itemscope itemtype=\"https:\/\/schema.org\/ListItem\"><span itemprop=\"name\" title=\"Kann ich einen Rabatt bekommen?\">Kann ich einen Rabatt bekommen?<\/span><meta itemprop=\"position\" content=\"2\" \/><\/li>\t\t\t\t\t<\/ol>\r\n\t\t\t\t\t<div class=\"clearfix\"><\/div>\r\n\t\t\t\t<\/div>\r\n\t\t\t<\/div>\r\n\t\t\t\n\n\n\n<p>Wenn du an einer unserer Partnerschulen lernst oder Mitglied einer Partnerorganisation bist, erh\u00e4ltst du 10% Erm\u00e4\u00dfigung! <a href=\"https:\/\/www.tsubook.net\/de\/hilfe\/aktions\/partner\/\">Erm\u00e4\u00dfigung beantragen<\/a><\/p>\n\n\n\n<p>Falls deine Schule noch nicht unser Partner ist, frage nach, ob sie an unserem Partnerprogramm teilnehmen m\u00f6chte. <a href=\"https:\/\/www.tsubook.net\/de\/partnerschaft\/\">Mehr Informationen hier<\/a><\/p>\n\n\n\n<p>Wenn du Englisch und eine weitere Sprache sprichst, kannst du Teile von Tsubook \u00fcbersetzen und Lizenzen im Austausch erhalten. <a href=\"https:\/\/www.tsubook.net\/de\/hilfe\/uebersetzung\/\">Mehr Informationen hier<\/a><\/p>\n\n\n\n<p>Wenn du eine Gruppe von f\u00fcnf oder mehr Menschen findest, die eine Lizenz kaufen m\u00f6chten, k\u00f6nnt ihr einen Rabatt bekommen! F\u00fcr 5 bis 9 Lizenzen, die gleichzeitig gekauft werden, gibt es 10% Rabatt. <a href=\"https:\/\/www.tsubook.net\/de\/kontakt\/\">Schreibe uns<\/a> um mehr \u00fcber Gruppenrabatte zu erfahren.<\/p>\n","protected":false},"excerpt":{"rendered":"<p>Wenn du an einer unserer Partnerschulen lernst oder Mitglied einer Partnerorganisation bist, erh\u00e4ltst du 10% Erm\u00e4\u00dfigung! Erm\u00e4\u00dfigung beantragen Falls deine Schule noch nicht unser Partner ist, frage nach, ob sie an unserem Partnerprogramm teilnehmen m\u00f6chte. Mehr Informationen hier Wenn du Englisch und eine weitere Sprache sprichst, kannst du Teile von Tsubook \u00fcbersetzen und Lizenzen im<a href=\"https:\/\/www.tsubook.net\/de\/hilfe\/preise\/rabatt\/\">[&#8230;]<\/a><\/p>\n","protected":false},"author":1,"featured_media":0,"parent":96,"menu_order":0,"comment_status":"closed","ping_status":"closed","template":"","meta":{"footnotes":""},"class_list":["post-104","page","type-page","status-publish","hentry","wpautop"],"yoast_head":"<!-- This site is optimized with the Yoast SEO plugin v27.1.1 - https:\/\/yoast.com\/product\/yoast-seo-wordpress\/ -->\n<title>Kann ich einen Rabatt bekommen? - Tsubook<\/title>\n<meta name=\"robots\" content=\"index, follow, max-snippet:-1, max-image-preview:large, max-video-preview:-1\" \/>\n<link rel=\"canonical\" href=\"https:\/\/www.tsubook.net\/de\/hilfe\/preise\/rabatt\/\" \/>\n<meta property=\"og:locale\" content=\"de_DE\" \/>\n<meta property=\"og:type\" content=\"article\" \/>\n<meta property=\"og:title\" content=\"Kann ich einen Rabatt bekommen? - Tsubook\" \/>\n<meta property=\"og:description\" content=\"Wenn du an einer unserer Partnerschulen lernst oder Mitglied einer Partnerorganisation bist, erh\u00e4ltst du 10% Erm\u00e4\u00dfigung! Erm\u00e4\u00dfigung beantragen Falls deine Schule noch nicht unser Partner ist, frage nach, ob sie an unserem Partnerprogramm teilnehmen m\u00f6chte. Mehr Informationen hier Wenn du Englisch und eine weitere Sprache sprichst, kannst du Teile von Tsubook \u00fcbersetzen und Lizenzen im[...]\" \/>\n<meta property=\"og:url\" content=\"https:\/\/www.tsubook.net\/de\/hilfe\/preise\/rabatt\/\" \/>\n<meta property=\"og:site_name\" content=\"Tsubook\" \/>\n<meta property=\"article:modified_time\" content=\"2021-02-03T14:53:27+00:00\" \/>\n<meta property=\"og:image\" content=\"https:\/\/www.tsubook.net\/de\/wp-content\/uploads\/tsubook_main.png\" \/>\n\t<meta property=\"og:image:width\" content=\"1024\" \/>\n\t<meta property=\"og:image:height\" content=\"683\" \/>\n\t<meta property=\"og:image:type\" content=\"image\/png\" \/>\n<meta name=\"twitter:card\" content=\"summary_large_image\" \/>\n<meta name=\"twitter:label1\" content=\"Gesch\u00e4tzte Lesezeit\" \/>\n\t<meta name=\"twitter:data1\" content=\"1\u00a0Minute\" \/>\n<script type=\"application\/ld+json\" class=\"yoast-schema-graph\">{\"@context\":\"https:\/\/schema.org\",\"@graph\":[{\"@type\":\"WebPage\",\"@id\":\"https:\/\/www.tsubook.net\/de\/hilfe\/preise\/rabatt\/\",\"url\":\"https:\/\/www.tsubook.net\/de\/hilfe\/preise\/rabatt\/\",\"name\":\"Kann ich einen Rabatt bekommen? - Tsubook\",\"isPartOf\":{\"@id\":\"https:\/\/www.tsubook.net\/de\/#website\"},\"datePublished\":\"2020-01-23T16:29:13+00:00\",\"dateModified\":\"2021-02-03T14:53:27+00:00\",\"breadcrumb\":{\"@id\":\"https:\/\/www.tsubook.net\/de\/hilfe\/preise\/rabatt\/#breadcrumb\"},\"inLanguage\":\"de\",\"potentialAction\":[{\"@type\":\"ReadAction\",\"target\":[\"https:\/\/www.tsubook.net\/de\/hilfe\/preise\/rabatt\/\"]}]},{\"@type\":\"BreadcrumbList\",\"@id\":\"https:\/\/www.tsubook.net\/de\/hilfe\/preise\/rabatt\/#breadcrumb\",\"itemListElement\":[{\"@type\":\"ListItem\",\"position\":1,\"name\":\"Hilfeseiten\",\"item\":\"https:\/\/www.tsubook.net\/de\/hilfe\/\"},{\"@type\":\"ListItem\",\"position\":2,\"name\":\"Preise\",\"item\":\"https:\/\/www.tsubook.net\/de\/hilfe\/preise\/\"},{\"@type\":\"ListItem\",\"position\":3,\"name\":\"Kann ich einen Rabatt bekommen?\"}]},{\"@type\":\"WebSite\",\"@id\":\"https:\/\/www.tsubook.net\/de\/#website\",\"url\":\"https:\/\/www.tsubook.net\/de\/\",\"name\":\"Tsubook\",\"description\":\"Die Meridian-App f\u00fcr TCM, Akupunktur, Shiatsu, Tuina, Kinesiologie, Reflexologie, Qigong und andere\",\"potentialAction\":[{\"@type\":\"SearchAction\",\"target\":{\"@type\":\"EntryPoint\",\"urlTemplate\":\"https:\/\/www.tsubook.net\/de\/?s={search_term_string}\"},\"query-input\":{\"@type\":\"PropertyValueSpecification\",\"valueRequired\":true,\"valueName\":\"search_term_string\"}}],\"inLanguage\":\"de\"}]}<\/script>\n<!-- \/ Yoast SEO plugin. -->","yoast_head_json":{"title":"Kann ich einen Rabatt bekommen? - Tsubook","robots":{"index":"index","follow":"follow","max-snippet":"max-snippet:-1","max-image-preview":"max-image-preview:large","max-video-preview":"max-video-preview:-1"},"canonical":"https:\/\/www.tsubook.net\/de\/hilfe\/preise\/rabatt\/","og_locale":"de_DE","og_type":"article","og_title":"Kann ich einen Rabatt bekommen? - Tsubook","og_description":"Wenn du an einer unserer Partnerschulen lernst oder Mitglied einer Partnerorganisation bist, erh\u00e4ltst du 10% Erm\u00e4\u00dfigung! Erm\u00e4\u00dfigung beantragen Falls deine Schule noch nicht unser Partner ist, frage nach, ob sie an unserem Partnerprogramm teilnehmen m\u00f6chte. Mehr Informationen hier Wenn du Englisch und eine weitere Sprache sprichst, kannst du Teile von Tsubook \u00fcbersetzen und Lizenzen im[...]","og_url":"https:\/\/www.tsubook.net\/de\/hilfe\/preise\/rabatt\/","og_site_name":"Tsubook","article_modified_time":"2021-02-03T14:53:27+00:00","og_image":[{"width":1024,"height":683,"url":"https:\/\/www.tsubook.net\/de\/wp-content\/uploads\/tsubook_main.png","type":"image\/png"}],"twitter_card":"summary_large_image","twitter_misc":{"Gesch\u00e4tzte Lesezeit":"1\u00a0Minute"},"schema":{"@context":"https:\/\/schema.org","@graph":[{"@type":"WebPage","@id":"https:\/\/www.tsubook.net\/de\/hilfe\/preise\/rabatt\/","url":"https:\/\/www.tsubook.net\/de\/hilfe\/preise\/rabatt\/","name":"Kann ich einen Rabatt bekommen? - Tsubook","isPartOf":{"@id":"https:\/\/www.tsubook.net\/de\/#website"},"datePublished":"2020-01-23T16:29:13+00:00","dateModified":"2021-02-03T14:53:27+00:00","breadcrumb":{"@id":"https:\/\/www.tsubook.net\/de\/hilfe\/preise\/rabatt\/#breadcrumb"},"inLanguage":"de","potentialAction":[{"@type":"ReadAction","target":["https:\/\/www.tsubook.net\/de\/hilfe\/preise\/rabatt\/"]}]},{"@type":"BreadcrumbList","@id":"https:\/\/www.tsubook.net\/de\/hilfe\/preise\/rabatt\/#breadcrumb","itemListElement":[{"@type":"ListItem","position":1,"name":"Hilfeseiten","item":"https:\/\/www.tsubook.net\/de\/hilfe\/"},{"@type":"ListItem","position":2,"name":"Preise","item":"https:\/\/www.tsubook.net\/de\/hilfe\/preise\/"},{"@type":"ListItem","position":3,"name":"Kann ich einen Rabatt bekommen?"}]},{"@type":"WebSite","@id":"https:\/\/www.tsubook.net\/de\/#website","url":"https:\/\/www.tsubook.net\/de\/","name":"Tsubook","description":"Die Meridian-App f\u00fcr TCM, Akupunktur, Shiatsu, Tuina, Kinesiologie, Reflexologie, Qigong und andere","potentialAction":[{"@type":"SearchAction","target":{"@type":"EntryPoint","urlTemplate":"https:\/\/www.tsubook.net\/de\/?s={search_term_string}"},"query-input":{"@type":"PropertyValueSpecification","valueRequired":true,"valueName":"search_term_string"}}],"inLanguage":"de"}]}},"jetpack_sharing_enabled":true,"_links":{"self":[{"href":"https:\/\/www.tsubook.net\/de\/wp-json\/wp\/v2\/pages\/104","targetHints":{"allow":["GET"]}}],"collection":[{"href":"https:\/\/www.tsubook.net\/de\/wp-json\/wp\/v2\/pages"}],"about":[{"href":"https:\/\/www.tsubook.net\/de\/wp-json\/wp\/v2\/types\/page"}],"author":[{"embeddable":true,"href":"https:\/\/www.tsubook.net\/de\/wp-json\/wp\/v2\/users\/1"}],"replies":[{"embeddable":true,"href":"https:\/\/www.tsubook.net\/de\/wp-json\/wp\/v2\/comments?post=104"}],"version-history":[{"count":8,"href":"https:\/\/www.tsubook.net\/de\/wp-json\/wp\/v2\/pages\/104\/revisions"}],"predecessor-version":[{"id":582,"href":"https:\/\/www.tsubook.net\/de\/wp-json\/wp\/v2\/pages\/104\/revisions\/582"}],"up":[{"embeddable":true,"href":"https:\/\/www.tsubook.net\/de\/wp-json\/wp\/v2\/pages\/96"}],"wp:attachment":[{"href":"https:\/\/www.tsubook.net\/de\/wp-json\/wp\/v2\/media?parent=104"}],"curies":[{"name":"wp","href":"https:\/\/api.w.org\/{rel}","templated":true}]}}