{"id":1041,"date":"2025-11-18T11:05:50","date_gmt":"2025-11-18T10:05:50","guid":{"rendered":"https:\/\/www.tsubook.net\/de\/?page_id=1041"},"modified":"2026-02-02T17:48:44","modified_gmt":"2026-02-02T16:48:44","slug":"abo-beenden","status":"publish","type":"page","link":"https:\/\/www.tsubook.net\/de\/hilfe\/lizenz\/abo-beenden\/","title":{"rendered":"Ich m\u00f6chte mein Abo beenden und\/oder zu einer lebenslangen Lizenz wechseln"},"content":{"rendered":"\t\t\t<!-- Flexy Breadcrumb -->\r\n\t\t\t<div class=\"fbc fbc-page\">\r\n\r\n\t\t\t\t<!-- Breadcrumb wrapper -->\r\n\t\t\t\t<div class=\"fbc-wrap\">\r\n\r\n\t\t\t\t\t<!-- Ordered list-->\r\n\t\t\t\t\t<ol class=\"fbc-items\" itemscope itemtype=\"https:\/\/schema.org\/BreadcrumbList\">\r\n\t\t\t\t\t\t<li class=\"active\" itemprop=\"itemListElement\" itemscope itemtype=\"https:\/\/schema.org\/ListItem\"><span itemprop=\"name\" title=\"Ich m\u00f6chte mein Abo beenden und\/oder zu einer lebenslangen Lizenz wechseln\">Ich m\u00f6chte mein Abo beenden und\/oder zu einer lebenslangen Lizenz...<\/span><meta itemprop=\"position\" content=\"2\" \/><\/li>\t\t\t\t\t<\/ol>\r\n\t\t\t\t\t<div class=\"clearfix\"><\/div>\r\n\t\t\t\t<\/div>\r\n\t\t\t<\/div>\r\n\t\t\t\n\n\n\n<div class=\"wp-block-columns is-layout-flex wp-container-core-columns-is-layout-9d6595d7 wp-block-columns-is-layout-flex\">\n<div class=\"wp-block-column is-layout-flow wp-block-column-is-layout-flow\">\n<ul class=\"wp-block-list\">\n<li>Um dein Abo zu verwalten, gehe ins Men\u00fc der Tsubook App.<\/li>\n\n\n\n<li>Klicke auf den obersten Punkt des Men\u00fcs, in dem dein Name steht. Damit gelangst du zu deinen pers\u00f6nlichen Kontoinformationen, in dessen Men\u00fc du den Punkt &#8222;<strong>Bestellungen verwalten&#8220;<\/strong> findest.<\/li>\n\n\n\n<li>Durch Klicken auf diesen Punkt wirst du zu dem Shop weitergeleitet, bei dem du dein Abo abgeschlossen hast und dort hast du die M\u00f6glichkeit dieses zu beenden.<\/li>\n<\/ul>\n<\/div>\n\n\n\n<div class=\"wp-block-column is-vertically-aligned-center is-layout-flow wp-block-column-is-layout-flow\" style=\"flex-basis:50%\"><div class=\"wp-block-image is-style-default\">\n<figure class=\"aligncenter size-full is-resized\"><img loading=\"lazy\" decoding=\"async\" width=\"354\" height=\"499\" src=\"https:\/\/www.tsubook.net\/de\/wp-content\/uploads\/app_sub_de.png\" alt=\"\" class=\"wp-image-1045\" style=\"width:278px;height:auto\" srcset=\"https:\/\/www.tsubook.net\/de\/wp-content\/uploads\/app_sub_de.png 354w, https:\/\/www.tsubook.net\/de\/wp-content\/uploads\/app_sub_de-213x300.png 213w\" sizes=\"auto, (max-width: 354px) 100vw, 354px\" \/><\/figure>\n<\/div><\/div>\n<\/div>\n\n\n\n<div style=\"height:40px\" aria-hidden=\"true\" class=\"wp-block-spacer\"><\/div>\n\n\n\n<div class=\"wp-block-columns is-layout-flex wp-container-core-columns-is-layout-9d6595d7 wp-block-columns-is-layout-flex\">\n<div class=\"wp-block-column is-layout-flow wp-block-column-is-layout-flow\">\n<p>Du kannst dein Abo auch direkt vom Browser aus verwalten. Dazu einfach auf diesen Link <a href=\"https:\/\/www.tsubook.net\/app\/?lang=de\">hier klicken<\/a>.<\/p>\n<\/div>\n\n\n\n<div class=\"wp-block-column is-vertically-aligned-center is-layout-flow wp-block-column-is-layout-flow\" style=\"flex-basis:50%\"><div class=\"wp-block-image\">\n<figure class=\"aligncenter size-full is-resized\"><img loading=\"lazy\" decoding=\"async\" width=\"989\" height=\"350\" src=\"https:\/\/www.tsubook.net\/de\/wp-content\/uploads\/webapp_sub_de.png\" alt=\"\" class=\"wp-image-1048\" style=\"width:361px;height:auto\" srcset=\"https:\/\/www.tsubook.net\/de\/wp-content\/uploads\/webapp_sub_de.png 989w, https:\/\/www.tsubook.net\/de\/wp-content\/uploads\/webapp_sub_de-300x106.png 300w, https:\/\/www.tsubook.net\/de\/wp-content\/uploads\/webapp_sub_de-768x272.png 768w\" sizes=\"auto, (max-width: 989px) 100vw, 989px\" \/><\/figure>\n<\/div><\/div>\n<\/div>\n\n\n\n<p>Falls du von einem monatlichen Abonnement zu einer lebenslangen Lizenz wechseln m\u00f6chtest, kannst du zun\u00e4chst, wie oben beschrieben, das Abonnement k\u00fcndigen und anschlie\u00dfend eine lebenslange Lizenz erwerben.<\/p>\n\n\n\n<p>Abh\u00e4ngig davon, wie lang dein Abonnement bereits lief, k\u00f6nnen wir dir einen Rabatt auf die lebenslange Lizenz zusenden.<\/p>\n","protected":false},"excerpt":{"rendered":"<p>Du kannst dein Abo auch direkt vom Browser aus verwalten. Dazu einfach auf diesen Link hier klicken. Falls du von einem monatlichen Abonnement zu einer lebenslangen Lizenz wechseln m\u00f6chtest, kannst du zun\u00e4chst, wie oben beschrieben, das Abonnement k\u00fcndigen und anschlie\u00dfend eine lebenslange Lizenz erwerben. Abh\u00e4ngig davon, wie lang dein Abonnement bereits lief, k\u00f6nnen wir dir<a href=\"https:\/\/www.tsubook.net\/de\/hilfe\/lizenz\/abo-beenden\/\">[&#8230;]<\/a><\/p>\n","protected":false},"author":2,"featured_media":0,"parent":110,"menu_order":0,"comment_status":"closed","ping_status":"closed","template":"","meta":{"footnotes":""},"class_list":["post-1041","page","type-page","status-publish","hentry","wpautop"],"yoast_head":"<!-- This site is optimized with the Yoast SEO plugin v27.1.1 - https:\/\/yoast.com\/product\/yoast-seo-wordpress\/ -->\n<title>Ich m\u00f6chte mein Abo beenden und\/oder zu einer lebenslangen Lizenz wechseln - Tsubook<\/title>\n<meta name=\"robots\" content=\"index, follow, max-snippet:-1, max-image-preview:large, max-video-preview:-1\" \/>\n<link rel=\"canonical\" href=\"https:\/\/www.tsubook.net\/de\/hilfe\/lizenz\/abo-beenden\/\" \/>\n<meta property=\"og:locale\" content=\"de_DE\" \/>\n<meta property=\"og:type\" content=\"article\" \/>\n<meta property=\"og:title\" content=\"Ich m\u00f6chte mein Abo beenden und\/oder zu einer lebenslangen Lizenz wechseln - Tsubook\" \/>\n<meta property=\"og:description\" content=\"Du kannst dein Abo auch direkt vom Browser aus verwalten. Dazu einfach auf diesen Link hier klicken. Falls du von einem monatlichen Abonnement zu einer lebenslangen Lizenz wechseln m\u00f6chtest, kannst du zun\u00e4chst, wie oben beschrieben, das Abonnement k\u00fcndigen und anschlie\u00dfend eine lebenslange Lizenz erwerben. Abh\u00e4ngig davon, wie lang dein Abonnement bereits lief, k\u00f6nnen wir dir[...]\" \/>\n<meta property=\"og:url\" content=\"https:\/\/www.tsubook.net\/de\/hilfe\/lizenz\/abo-beenden\/\" \/>\n<meta property=\"og:site_name\" content=\"Tsubook\" \/>\n<meta property=\"article:modified_time\" content=\"2026-02-02T16:48:44+00:00\" \/>\n<meta property=\"og:image\" content=\"https:\/\/www.tsubook.net\/de\/wp-content\/uploads\/app_sub_de.png\" \/>\n\t<meta property=\"og:image:width\" content=\"354\" \/>\n\t<meta property=\"og:image:height\" content=\"499\" \/>\n\t<meta property=\"og:image:type\" content=\"image\/png\" \/>\n<meta name=\"twitter:card\" content=\"summary_large_image\" \/>\n<meta name=\"twitter:label1\" content=\"Gesch\u00e4tzte Lesezeit\" \/>\n\t<meta name=\"twitter:data1\" content=\"2\u00a0Minuten\" \/>\n<script type=\"application\/ld+json\" class=\"yoast-schema-graph\">{\"@context\":\"https:\/\/schema.org\",\"@graph\":[{\"@type\":\"WebPage\",\"@id\":\"https:\/\/www.tsubook.net\/de\/hilfe\/lizenz\/abo-beenden\/\",\"url\":\"https:\/\/www.tsubook.net\/de\/hilfe\/lizenz\/abo-beenden\/\",\"name\":\"Ich m\u00f6chte mein Abo beenden und\/oder zu einer lebenslangen Lizenz wechseln - Tsubook\",\"isPartOf\":{\"@id\":\"https:\/\/www.tsubook.net\/de\/#website\"},\"primaryImageOfPage\":{\"@id\":\"https:\/\/www.tsubook.net\/de\/hilfe\/lizenz\/abo-beenden\/#primaryimage\"},\"image\":{\"@id\":\"https:\/\/www.tsubook.net\/de\/hilfe\/lizenz\/abo-beenden\/#primaryimage\"},\"thumbnailUrl\":\"https:\/\/www.tsubook.net\/de\/wp-content\/uploads\/app_sub_de.png\",\"datePublished\":\"2025-11-18T10:05:50+00:00\",\"dateModified\":\"2026-02-02T16:48:44+00:00\",\"breadcrumb\":{\"@id\":\"https:\/\/www.tsubook.net\/de\/hilfe\/lizenz\/abo-beenden\/#breadcrumb\"},\"inLanguage\":\"de\",\"potentialAction\":[{\"@type\":\"ReadAction\",\"target\":[\"https:\/\/www.tsubook.net\/de\/hilfe\/lizenz\/abo-beenden\/\"]}]},{\"@type\":\"ImageObject\",\"inLanguage\":\"de\",\"@id\":\"https:\/\/www.tsubook.net\/de\/hilfe\/lizenz\/abo-beenden\/#primaryimage\",\"url\":\"https:\/\/www.tsubook.net\/de\/wp-content\/uploads\/app_sub_de.png\",\"contentUrl\":\"https:\/\/www.tsubook.net\/de\/wp-content\/uploads\/app_sub_de.png\",\"width\":354,\"height\":499},{\"@type\":\"BreadcrumbList\",\"@id\":\"https:\/\/www.tsubook.net\/de\/hilfe\/lizenz\/abo-beenden\/#breadcrumb\",\"itemListElement\":[{\"@type\":\"ListItem\",\"position\":1,\"name\":\"Hilfeseiten\",\"item\":\"https:\/\/www.tsubook.net\/de\/hilfe\/\"},{\"@type\":\"ListItem\",\"position\":2,\"name\":\"Lizenz und Konto\",\"item\":\"https:\/\/www.tsubook.net\/de\/hilfe\/lizenz\/\"},{\"@type\":\"ListItem\",\"position\":3,\"name\":\"Ich m\u00f6chte mein Abo beenden und\/oder zu einer lebenslangen Lizenz wechseln\"}]},{\"@type\":\"WebSite\",\"@id\":\"https:\/\/www.tsubook.net\/de\/#website\",\"url\":\"https:\/\/www.tsubook.net\/de\/\",\"name\":\"Tsubook\",\"description\":\"Die Meridian-App f\u00fcr TCM, Akupunktur, Shiatsu, Tuina, Kinesiologie, Reflexologie, Qigong und andere\",\"potentialAction\":[{\"@type\":\"SearchAction\",\"target\":{\"@type\":\"EntryPoint\",\"urlTemplate\":\"https:\/\/www.tsubook.net\/de\/?s={search_term_string}\"},\"query-input\":{\"@type\":\"PropertyValueSpecification\",\"valueRequired\":true,\"valueName\":\"search_term_string\"}}],\"inLanguage\":\"de\"}]}<\/script>\n<!-- \/ Yoast SEO plugin. -->","yoast_head_json":{"title":"Ich m\u00f6chte mein Abo beenden und\/oder zu einer lebenslangen Lizenz wechseln - Tsubook","robots":{"index":"index","follow":"follow","max-snippet":"max-snippet:-1","max-image-preview":"max-image-preview:large","max-video-preview":"max-video-preview:-1"},"canonical":"https:\/\/www.tsubook.net\/de\/hilfe\/lizenz\/abo-beenden\/","og_locale":"de_DE","og_type":"article","og_title":"Ich m\u00f6chte mein Abo beenden und\/oder zu einer lebenslangen Lizenz wechseln - Tsubook","og_description":"Du kannst dein Abo auch direkt vom Browser aus verwalten. Dazu einfach auf diesen Link hier klicken. Falls du von einem monatlichen Abonnement zu einer lebenslangen Lizenz wechseln m\u00f6chtest, kannst du zun\u00e4chst, wie oben beschrieben, das Abonnement k\u00fcndigen und anschlie\u00dfend eine lebenslange Lizenz erwerben. Abh\u00e4ngig davon, wie lang dein Abonnement bereits lief, k\u00f6nnen wir dir[...]","og_url":"https:\/\/www.tsubook.net\/de\/hilfe\/lizenz\/abo-beenden\/","og_site_name":"Tsubook","article_modified_time":"2026-02-02T16:48:44+00:00","og_image":[{"width":354,"height":499,"url":"https:\/\/www.tsubook.net\/de\/wp-content\/uploads\/app_sub_de.png","type":"image\/png"}],"twitter_card":"summary_large_image","twitter_misc":{"Gesch\u00e4tzte Lesezeit":"2\u00a0Minuten"},"schema":{"@context":"https:\/\/schema.org","@graph":[{"@type":"WebPage","@id":"https:\/\/www.tsubook.net\/de\/hilfe\/lizenz\/abo-beenden\/","url":"https:\/\/www.tsubook.net\/de\/hilfe\/lizenz\/abo-beenden\/","name":"Ich m\u00f6chte mein Abo beenden und\/oder zu einer lebenslangen Lizenz wechseln - Tsubook","isPartOf":{"@id":"https:\/\/www.tsubook.net\/de\/#website"},"primaryImageOfPage":{"@id":"https:\/\/www.tsubook.net\/de\/hilfe\/lizenz\/abo-beenden\/#primaryimage"},"image":{"@id":"https:\/\/www.tsubook.net\/de\/hilfe\/lizenz\/abo-beenden\/#primaryimage"},"thumbnailUrl":"https:\/\/www.tsubook.net\/de\/wp-content\/uploads\/app_sub_de.png","datePublished":"2025-11-18T10:05:50+00:00","dateModified":"2026-02-02T16:48:44+00:00","breadcrumb":{"@id":"https:\/\/www.tsubook.net\/de\/hilfe\/lizenz\/abo-beenden\/#breadcrumb"},"inLanguage":"de","potentialAction":[{"@type":"ReadAction","target":["https:\/\/www.tsubook.net\/de\/hilfe\/lizenz\/abo-beenden\/"]}]},{"@type":"ImageObject","inLanguage":"de","@id":"https:\/\/www.tsubook.net\/de\/hilfe\/lizenz\/abo-beenden\/#primaryimage","url":"https:\/\/www.tsubook.net\/de\/wp-content\/uploads\/app_sub_de.png","contentUrl":"https:\/\/www.tsubook.net\/de\/wp-content\/uploads\/app_sub_de.png","width":354,"height":499},{"@type":"BreadcrumbList","@id":"https:\/\/www.tsubook.net\/de\/hilfe\/lizenz\/abo-beenden\/#breadcrumb","itemListElement":[{"@type":"ListItem","position":1,"name":"Hilfeseiten","item":"https:\/\/www.tsubook.net\/de\/hilfe\/"},{"@type":"ListItem","position":2,"name":"Lizenz und Konto","item":"https:\/\/www.tsubook.net\/de\/hilfe\/lizenz\/"},{"@type":"ListItem","position":3,"name":"Ich m\u00f6chte mein Abo beenden und\/oder zu einer lebenslangen Lizenz wechseln"}]},{"@type":"WebSite","@id":"https:\/\/www.tsubook.net\/de\/#website","url":"https:\/\/www.tsubook.net\/de\/","name":"Tsubook","description":"Die Meridian-App f\u00fcr TCM, Akupunktur, Shiatsu, Tuina, Kinesiologie, Reflexologie, Qigong und andere","potentialAction":[{"@type":"SearchAction","target":{"@type":"EntryPoint","urlTemplate":"https:\/\/www.tsubook.net\/de\/?s={search_term_string}"},"query-input":{"@type":"PropertyValueSpecification","valueRequired":true,"valueName":"search_term_string"}}],"inLanguage":"de"}]}},"jetpack_sharing_enabled":true,"_links":{"self":[{"href":"https:\/\/www.tsubook.net\/de\/wp-json\/wp\/v2\/pages\/1041","targetHints":{"allow":["GET"]}}],"collection":[{"href":"https:\/\/www.tsubook.net\/de\/wp-json\/wp\/v2\/pages"}],"about":[{"href":"https:\/\/www.tsubook.net\/de\/wp-json\/wp\/v2\/types\/page"}],"author":[{"embeddable":true,"href":"https:\/\/www.tsubook.net\/de\/wp-json\/wp\/v2\/users\/2"}],"replies":[{"embeddable":true,"href":"https:\/\/www.tsubook.net\/de\/wp-json\/wp\/v2\/comments?post=1041"}],"version-history":[{"count":12,"href":"https:\/\/www.tsubook.net\/de\/wp-json\/wp\/v2\/pages\/1041\/revisions"}],"predecessor-version":[{"id":1162,"href":"https:\/\/www.tsubook.net\/de\/wp-json\/wp\/v2\/pages\/1041\/revisions\/1162"}],"up":[{"embeddable":true,"href":"https:\/\/www.tsubook.net\/de\/wp-json\/wp\/v2\/pages\/110"}],"wp:attachment":[{"href":"https:\/\/www.tsubook.net\/de\/wp-json\/wp\/v2\/media?parent=1041"}],"curies":[{"name":"wp","href":"https:\/\/api.w.org\/{rel}","templated":true}]}}