{"id":107,"date":"2020-01-23T17:33:06","date_gmt":"2020-01-23T16:33:06","guid":{"rendered":"https:\/\/www.tsubook.net\/de\/?page_id=107"},"modified":"2024-09-05T11:49:29","modified_gmt":"2024-09-05T09:49:29","slug":"mehrwertsteuer","status":"publish","type":"page","link":"https:\/\/www.tsubook.net\/de\/hilfe\/preise\/mehrwertsteuer\/","title":{"rendered":"Wie erhalte ich nach einem Kauf eine Rechnung mit Mehrwertsteuer?"},"content":{"rendered":"\t\t\t<!-- Flexy Breadcrumb -->\r\n\t\t\t<div class=\"fbc fbc-page\">\r\n\r\n\t\t\t\t<!-- Breadcrumb wrapper -->\r\n\t\t\t\t<div class=\"fbc-wrap\">\r\n\r\n\t\t\t\t\t<!-- Ordered list-->\r\n\t\t\t\t\t<ol class=\"fbc-items\" itemscope itemtype=\"https:\/\/schema.org\/BreadcrumbList\">\r\n\t\t\t\t\t\t<li class=\"active\" itemprop=\"itemListElement\" itemscope itemtype=\"https:\/\/schema.org\/ListItem\"><span itemprop=\"name\" title=\"Wie erhalte ich nach einem Kauf eine Rechnung mit Mehrwertsteuer?\">Wie erhalte ich nach einem Kauf eine Rechnung mit Mehrwertsteuer?<\/span><meta itemprop=\"position\" content=\"2\" \/><\/li>\t\t\t\t\t<\/ol>\r\n\t\t\t\t\t<div class=\"clearfix\"><\/div>\r\n\t\t\t\t<\/div>\r\n\t\t\t<\/div>\r\n\t\t\t\n\n\n\n<p>Wenn du einen Kauf get\u00e4tigt hast, kannst du eine ausf\u00fchrliche Rechnung mit Mehrwertsteuerangaben anfordern. Wie das genau m\u00f6glich ist, h\u00e4ngt von dem verwendeten Store ab:<\/p>\n\n\n\n<ul class=\"wp-block-list\">\n<li>Google Play Store (f\u00fcr Android): mehr Informationen \u00fcber <a aria-label=\"diesen Link (opens in a new tab)\" rel=\"noreferrer noopener\" href=\"https:\/\/support.google.com\/pay\/answer\/7644144?hl=de\" target=\"_blank\">diesen Link<\/a><\/li>\n\n\n\n<li>App Store (iPhone\/iPad\/Mac): mehr Information \u00fcber <a href=\"https:\/\/support.apple.com\/de-de\/HT204088\" target=\"_blank\" rel=\"noreferrer noopener\">diesen Link<\/a><\/li>\n\n\n\n<li>Microsoft Store (Windows) oder unsere Website: Nach deinem Einkauf erh\u00e4ltst du eine Rechnung per E-Mail. Wenn du in der EU lebst, ist darin die Mehrwertsteuer\/VAT deines Landes ausgewiesen, andernfalls ist die Rechnung ohne Ausweisung der Mehrwertsteuer\/VAT. Wenn du Fragen zur Mehrwertsteuer hast, wende dich bitte an uns: <a href=\"mailto:hallo@tsubook.net\">hallo@tsubook.net<\/a><\/li>\n<\/ul>\n","protected":false},"excerpt":{"rendered":"<p>Wenn du einen Kauf get\u00e4tigt hast, kannst du eine ausf\u00fchrliche Rechnung mit Mehrwertsteuerangaben anfordern. Wie das genau m\u00f6glich ist, h\u00e4ngt von dem verwendeten Store ab:<\/p>\n","protected":false},"author":1,"featured_media":0,"parent":96,"menu_order":0,"comment_status":"closed","ping_status":"closed","template":"","meta":{"footnotes":""},"class_list":["post-107","page","type-page","status-publish","hentry","wpautop"],"yoast_head":"<!-- This site is optimized with the Yoast SEO plugin v27.1.1 - https:\/\/yoast.com\/product\/yoast-seo-wordpress\/ -->\n<title>Wie erhalte ich nach einem Kauf eine Rechnung mit Mehrwertsteuer? - Tsubook<\/title>\n<meta name=\"robots\" content=\"index, follow, max-snippet:-1, max-image-preview:large, max-video-preview:-1\" \/>\n<link rel=\"canonical\" href=\"https:\/\/www.tsubook.net\/de\/hilfe\/preise\/mehrwertsteuer\/\" \/>\n<meta property=\"og:locale\" content=\"de_DE\" \/>\n<meta property=\"og:type\" content=\"article\" \/>\n<meta property=\"og:title\" content=\"Wie erhalte ich nach einem Kauf eine Rechnung mit Mehrwertsteuer? - Tsubook\" \/>\n<meta property=\"og:description\" content=\"Wenn du einen Kauf get\u00e4tigt hast, kannst du eine ausf\u00fchrliche Rechnung mit Mehrwertsteuerangaben anfordern. Wie das genau m\u00f6glich ist, h\u00e4ngt von dem verwendeten Store ab:\" \/>\n<meta property=\"og:url\" content=\"https:\/\/www.tsubook.net\/de\/hilfe\/preise\/mehrwertsteuer\/\" \/>\n<meta property=\"og:site_name\" content=\"Tsubook\" \/>\n<meta property=\"article:modified_time\" content=\"2024-09-05T09:49:29+00:00\" \/>\n<meta property=\"og:image\" content=\"https:\/\/www.tsubook.net\/de\/wp-content\/uploads\/tsubook_main.png\" \/>\n\t<meta property=\"og:image:width\" content=\"1024\" \/>\n\t<meta property=\"og:image:height\" content=\"683\" \/>\n\t<meta property=\"og:image:type\" content=\"image\/png\" \/>\n<meta name=\"twitter:card\" content=\"summary_large_image\" \/>\n<meta name=\"twitter:label1\" content=\"Gesch\u00e4tzte Lesezeit\" \/>\n\t<meta name=\"twitter:data1\" content=\"1\u00a0Minute\" \/>\n<script type=\"application\/ld+json\" class=\"yoast-schema-graph\">{\"@context\":\"https:\/\/schema.org\",\"@graph\":[{\"@type\":\"WebPage\",\"@id\":\"https:\/\/www.tsubook.net\/de\/hilfe\/preise\/mehrwertsteuer\/\",\"url\":\"https:\/\/www.tsubook.net\/de\/hilfe\/preise\/mehrwertsteuer\/\",\"name\":\"Wie erhalte ich nach einem Kauf eine Rechnung mit Mehrwertsteuer? - Tsubook\",\"isPartOf\":{\"@id\":\"https:\/\/www.tsubook.net\/de\/#website\"},\"datePublished\":\"2020-01-23T16:33:06+00:00\",\"dateModified\":\"2024-09-05T09:49:29+00:00\",\"breadcrumb\":{\"@id\":\"https:\/\/www.tsubook.net\/de\/hilfe\/preise\/mehrwertsteuer\/#breadcrumb\"},\"inLanguage\":\"de\",\"potentialAction\":[{\"@type\":\"ReadAction\",\"target\":[\"https:\/\/www.tsubook.net\/de\/hilfe\/preise\/mehrwertsteuer\/\"]}]},{\"@type\":\"BreadcrumbList\",\"@id\":\"https:\/\/www.tsubook.net\/de\/hilfe\/preise\/mehrwertsteuer\/#breadcrumb\",\"itemListElement\":[{\"@type\":\"ListItem\",\"position\":1,\"name\":\"Hilfeseiten\",\"item\":\"https:\/\/www.tsubook.net\/de\/hilfe\/\"},{\"@type\":\"ListItem\",\"position\":2,\"name\":\"Preise\",\"item\":\"https:\/\/www.tsubook.net\/de\/hilfe\/preise\/\"},{\"@type\":\"ListItem\",\"position\":3,\"name\":\"Wie erhalte ich nach einem Kauf eine Rechnung mit Mehrwertsteuer?\"}]},{\"@type\":\"WebSite\",\"@id\":\"https:\/\/www.tsubook.net\/de\/#website\",\"url\":\"https:\/\/www.tsubook.net\/de\/\",\"name\":\"Tsubook\",\"description\":\"Die Meridian-App f\u00fcr TCM, Akupunktur, Shiatsu, Tuina, Kinesiologie, Reflexologie, Qigong und andere\",\"potentialAction\":[{\"@type\":\"SearchAction\",\"target\":{\"@type\":\"EntryPoint\",\"urlTemplate\":\"https:\/\/www.tsubook.net\/de\/?s={search_term_string}\"},\"query-input\":{\"@type\":\"PropertyValueSpecification\",\"valueRequired\":true,\"valueName\":\"search_term_string\"}}],\"inLanguage\":\"de\"}]}<\/script>\n<!-- \/ Yoast SEO plugin. -->","yoast_head_json":{"title":"Wie erhalte ich nach einem Kauf eine Rechnung mit Mehrwertsteuer? - Tsubook","robots":{"index":"index","follow":"follow","max-snippet":"max-snippet:-1","max-image-preview":"max-image-preview:large","max-video-preview":"max-video-preview:-1"},"canonical":"https:\/\/www.tsubook.net\/de\/hilfe\/preise\/mehrwertsteuer\/","og_locale":"de_DE","og_type":"article","og_title":"Wie erhalte ich nach einem Kauf eine Rechnung mit Mehrwertsteuer? - Tsubook","og_description":"Wenn du einen Kauf get\u00e4tigt hast, kannst du eine ausf\u00fchrliche Rechnung mit Mehrwertsteuerangaben anfordern. Wie das genau m\u00f6glich ist, h\u00e4ngt von dem verwendeten Store ab:","og_url":"https:\/\/www.tsubook.net\/de\/hilfe\/preise\/mehrwertsteuer\/","og_site_name":"Tsubook","article_modified_time":"2024-09-05T09:49:29+00:00","og_image":[{"width":1024,"height":683,"url":"https:\/\/www.tsubook.net\/de\/wp-content\/uploads\/tsubook_main.png","type":"image\/png"}],"twitter_card":"summary_large_image","twitter_misc":{"Gesch\u00e4tzte Lesezeit":"1\u00a0Minute"},"schema":{"@context":"https:\/\/schema.org","@graph":[{"@type":"WebPage","@id":"https:\/\/www.tsubook.net\/de\/hilfe\/preise\/mehrwertsteuer\/","url":"https:\/\/www.tsubook.net\/de\/hilfe\/preise\/mehrwertsteuer\/","name":"Wie erhalte ich nach einem Kauf eine Rechnung mit Mehrwertsteuer? - Tsubook","isPartOf":{"@id":"https:\/\/www.tsubook.net\/de\/#website"},"datePublished":"2020-01-23T16:33:06+00:00","dateModified":"2024-09-05T09:49:29+00:00","breadcrumb":{"@id":"https:\/\/www.tsubook.net\/de\/hilfe\/preise\/mehrwertsteuer\/#breadcrumb"},"inLanguage":"de","potentialAction":[{"@type":"ReadAction","target":["https:\/\/www.tsubook.net\/de\/hilfe\/preise\/mehrwertsteuer\/"]}]},{"@type":"BreadcrumbList","@id":"https:\/\/www.tsubook.net\/de\/hilfe\/preise\/mehrwertsteuer\/#breadcrumb","itemListElement":[{"@type":"ListItem","position":1,"name":"Hilfeseiten","item":"https:\/\/www.tsubook.net\/de\/hilfe\/"},{"@type":"ListItem","position":2,"name":"Preise","item":"https:\/\/www.tsubook.net\/de\/hilfe\/preise\/"},{"@type":"ListItem","position":3,"name":"Wie erhalte ich nach einem Kauf eine Rechnung mit Mehrwertsteuer?"}]},{"@type":"WebSite","@id":"https:\/\/www.tsubook.net\/de\/#website","url":"https:\/\/www.tsubook.net\/de\/","name":"Tsubook","description":"Die Meridian-App f\u00fcr TCM, Akupunktur, Shiatsu, Tuina, Kinesiologie, Reflexologie, Qigong und andere","potentialAction":[{"@type":"SearchAction","target":{"@type":"EntryPoint","urlTemplate":"https:\/\/www.tsubook.net\/de\/?s={search_term_string}"},"query-input":{"@type":"PropertyValueSpecification","valueRequired":true,"valueName":"search_term_string"}}],"inLanguage":"de"}]}},"jetpack_sharing_enabled":true,"_links":{"self":[{"href":"https:\/\/www.tsubook.net\/de\/wp-json\/wp\/v2\/pages\/107","targetHints":{"allow":["GET"]}}],"collection":[{"href":"https:\/\/www.tsubook.net\/de\/wp-json\/wp\/v2\/pages"}],"about":[{"href":"https:\/\/www.tsubook.net\/de\/wp-json\/wp\/v2\/types\/page"}],"author":[{"embeddable":true,"href":"https:\/\/www.tsubook.net\/de\/wp-json\/wp\/v2\/users\/1"}],"replies":[{"embeddable":true,"href":"https:\/\/www.tsubook.net\/de\/wp-json\/wp\/v2\/comments?post=107"}],"version-history":[{"count":5,"href":"https:\/\/www.tsubook.net\/de\/wp-json\/wp\/v2\/pages\/107\/revisions"}],"predecessor-version":[{"id":963,"href":"https:\/\/www.tsubook.net\/de\/wp-json\/wp\/v2\/pages\/107\/revisions\/963"}],"up":[{"embeddable":true,"href":"https:\/\/www.tsubook.net\/de\/wp-json\/wp\/v2\/pages\/96"}],"wp:attachment":[{"href":"https:\/\/www.tsubook.net\/de\/wp-json\/wp\/v2\/media?parent=107"}],"curies":[{"name":"wp","href":"https:\/\/api.w.org\/{rel}","templated":true}]}}