{"id":115,"date":"2020-01-23T17:39:27","date_gmt":"2020-01-23T16:39:27","guid":{"rendered":"https:\/\/www.tsubook.net\/de\/?page_id=115"},"modified":"2023-09-15T12:41:52","modified_gmt":"2023-09-15T10:41:52","slug":"gerate","status":"publish","type":"page","link":"https:\/\/www.tsubook.net\/de\/hilfe\/lizenz\/gerate\/","title":{"rendered":"Mit wievielen Ger\u00e4ten kann ich meine Tsubook Lizenz verbinden?"},"content":{"rendered":"\t\t\t<!-- Flexy Breadcrumb -->\r\n\t\t\t<div class=\"fbc fbc-page\">\r\n\r\n\t\t\t\t<!-- Breadcrumb wrapper -->\r\n\t\t\t\t<div class=\"fbc-wrap\">\r\n\r\n\t\t\t\t\t<!-- Ordered list-->\r\n\t\t\t\t\t<ol class=\"fbc-items\" itemscope itemtype=\"https:\/\/schema.org\/BreadcrumbList\">\r\n\t\t\t\t\t\t<li class=\"active\" itemprop=\"itemListElement\" itemscope itemtype=\"https:\/\/schema.org\/ListItem\"><span itemprop=\"name\" title=\"Mit wievielen Ger\u00e4ten kann ich meine Tsubook Lizenz verbinden?\">Mit wievielen Ger\u00e4ten kann ich meine Tsubook Lizenz verbinden?<\/span><meta itemprop=\"position\" content=\"2\" \/><\/li>\t\t\t\t\t<\/ol>\r\n\t\t\t\t\t<div class=\"clearfix\"><\/div>\r\n\t\t\t\t<\/div>\r\n\t\t\t<\/div>\r\n\t\t\t\n\n\n\n<p>Es gibt zwei Arten von Lizenzen f\u00fcr Tsubook. Mit einer &#8222;ABONNEMENT&#8220; Lizenz, zahlst du monatlich und hast Zugriff auf alle Inhalte auf all deinen Ger\u00e4ten. Mit einer &#8222;LEBENSLANG&#8220; Lizenz bezahlst du einmalig und du kannst die in der Lizenz enthaltenen Funktionen auf nur einem Ger\u00e4t nutzen (eine <a href=\"https:\/\/www.tsubook.net\/de\/hilfe\/lizenz\/ubertragen\/\">\u00dcbertragung der Lizenz<\/a> auf ein anderes Ger\u00e4t ist aber m\u00f6glich wenn du dein Ger\u00e4t ersetzt oder verlierst).<\/p>\n\n\n\n<p><\/p>\n","protected":false},"excerpt":{"rendered":"<p>Es gibt zwei Arten von Lizenzen f\u00fcr Tsubook. Mit einer &#8222;ABONNEMENT&#8220; Lizenz, zahlst du monatlich und hast Zugriff auf alle Inhalte auf all deinen Ger\u00e4ten. Mit einer &#8222;LEBENSLANG&#8220; Lizenz bezahlst du einmalig und du kannst die in der Lizenz enthaltenen Funktionen auf nur einem Ger\u00e4t nutzen (eine \u00dcbertragung der Lizenz auf ein anderes Ger\u00e4t ist<a href=\"https:\/\/www.tsubook.net\/de\/hilfe\/lizenz\/gerate\/\">[&#8230;]<\/a><\/p>\n","protected":false},"author":1,"featured_media":0,"parent":110,"menu_order":0,"comment_status":"closed","ping_status":"closed","template":"","meta":{"footnotes":""},"class_list":["post-115","page","type-page","status-publish","hentry","wpautop"],"yoast_head":"<!-- This site is optimized with the Yoast SEO plugin v27.1.1 - https:\/\/yoast.com\/product\/yoast-seo-wordpress\/ -->\n<title>Mit wievielen Ger\u00e4ten kann ich meine Tsubook Lizenz verbinden? - Tsubook<\/title>\n<meta name=\"robots\" content=\"index, follow, max-snippet:-1, max-image-preview:large, max-video-preview:-1\" \/>\n<link rel=\"canonical\" href=\"https:\/\/www.tsubook.net\/de\/hilfe\/lizenz\/gerate\/\" \/>\n<meta property=\"og:locale\" content=\"de_DE\" \/>\n<meta property=\"og:type\" content=\"article\" \/>\n<meta property=\"og:title\" content=\"Mit wievielen Ger\u00e4ten kann ich meine Tsubook Lizenz verbinden? - Tsubook\" \/>\n<meta property=\"og:description\" content=\"Es gibt zwei Arten von Lizenzen f\u00fcr Tsubook. Mit einer &#8222;ABONNEMENT&#8220; Lizenz, zahlst du monatlich und hast Zugriff auf alle Inhalte auf all deinen Ger\u00e4ten. Mit einer &#8222;LEBENSLANG&#8220; Lizenz bezahlst du einmalig und du kannst die in der Lizenz enthaltenen Funktionen auf nur einem Ger\u00e4t nutzen (eine \u00dcbertragung der Lizenz auf ein anderes Ger\u00e4t ist[...]\" \/>\n<meta property=\"og:url\" content=\"https:\/\/www.tsubook.net\/de\/hilfe\/lizenz\/gerate\/\" \/>\n<meta property=\"og:site_name\" content=\"Tsubook\" \/>\n<meta property=\"article:modified_time\" content=\"2023-09-15T10:41:52+00:00\" \/>\n<meta property=\"og:image\" content=\"https:\/\/www.tsubook.net\/de\/wp-content\/uploads\/tsubook_main.png\" \/>\n\t<meta property=\"og:image:width\" content=\"1024\" \/>\n\t<meta property=\"og:image:height\" content=\"683\" \/>\n\t<meta property=\"og:image:type\" content=\"image\/png\" \/>\n<meta name=\"twitter:card\" content=\"summary_large_image\" \/>\n<meta name=\"twitter:label1\" content=\"Gesch\u00e4tzte Lesezeit\" \/>\n\t<meta name=\"twitter:data1\" content=\"1\u00a0Minute\" \/>\n<script type=\"application\/ld+json\" class=\"yoast-schema-graph\">{\"@context\":\"https:\/\/schema.org\",\"@graph\":[{\"@type\":\"WebPage\",\"@id\":\"https:\/\/www.tsubook.net\/de\/hilfe\/lizenz\/gerate\/\",\"url\":\"https:\/\/www.tsubook.net\/de\/hilfe\/lizenz\/gerate\/\",\"name\":\"Mit wievielen Ger\u00e4ten kann ich meine Tsubook Lizenz verbinden? - Tsubook\",\"isPartOf\":{\"@id\":\"https:\/\/www.tsubook.net\/de\/#website\"},\"datePublished\":\"2020-01-23T16:39:27+00:00\",\"dateModified\":\"2023-09-15T10:41:52+00:00\",\"breadcrumb\":{\"@id\":\"https:\/\/www.tsubook.net\/de\/hilfe\/lizenz\/gerate\/#breadcrumb\"},\"inLanguage\":\"de\",\"potentialAction\":[{\"@type\":\"ReadAction\",\"target\":[\"https:\/\/www.tsubook.net\/de\/hilfe\/lizenz\/gerate\/\"]}]},{\"@type\":\"BreadcrumbList\",\"@id\":\"https:\/\/www.tsubook.net\/de\/hilfe\/lizenz\/gerate\/#breadcrumb\",\"itemListElement\":[{\"@type\":\"ListItem\",\"position\":1,\"name\":\"Hilfeseiten\",\"item\":\"https:\/\/www.tsubook.net\/de\/hilfe\/\"},{\"@type\":\"ListItem\",\"position\":2,\"name\":\"Lizenz und Konto\",\"item\":\"https:\/\/www.tsubook.net\/de\/hilfe\/lizenz\/\"},{\"@type\":\"ListItem\",\"position\":3,\"name\":\"Mit wievielen Ger\u00e4ten kann ich meine Tsubook Lizenz verbinden?\"}]},{\"@type\":\"WebSite\",\"@id\":\"https:\/\/www.tsubook.net\/de\/#website\",\"url\":\"https:\/\/www.tsubook.net\/de\/\",\"name\":\"Tsubook\",\"description\":\"Die Meridian-App f\u00fcr TCM, Akupunktur, Shiatsu, Tuina, Kinesiologie, Reflexologie, Qigong und andere\",\"potentialAction\":[{\"@type\":\"SearchAction\",\"target\":{\"@type\":\"EntryPoint\",\"urlTemplate\":\"https:\/\/www.tsubook.net\/de\/?s={search_term_string}\"},\"query-input\":{\"@type\":\"PropertyValueSpecification\",\"valueRequired\":true,\"valueName\":\"search_term_string\"}}],\"inLanguage\":\"de\"}]}<\/script>\n<!-- \/ Yoast SEO plugin. -->","yoast_head_json":{"title":"Mit wievielen Ger\u00e4ten kann ich meine Tsubook Lizenz verbinden? - Tsubook","robots":{"index":"index","follow":"follow","max-snippet":"max-snippet:-1","max-image-preview":"max-image-preview:large","max-video-preview":"max-video-preview:-1"},"canonical":"https:\/\/www.tsubook.net\/de\/hilfe\/lizenz\/gerate\/","og_locale":"de_DE","og_type":"article","og_title":"Mit wievielen Ger\u00e4ten kann ich meine Tsubook Lizenz verbinden? - Tsubook","og_description":"Es gibt zwei Arten von Lizenzen f\u00fcr Tsubook. Mit einer &#8222;ABONNEMENT&#8220; Lizenz, zahlst du monatlich und hast Zugriff auf alle Inhalte auf all deinen Ger\u00e4ten. Mit einer &#8222;LEBENSLANG&#8220; Lizenz bezahlst du einmalig und du kannst die in der Lizenz enthaltenen Funktionen auf nur einem Ger\u00e4t nutzen (eine \u00dcbertragung der Lizenz auf ein anderes Ger\u00e4t ist[...]","og_url":"https:\/\/www.tsubook.net\/de\/hilfe\/lizenz\/gerate\/","og_site_name":"Tsubook","article_modified_time":"2023-09-15T10:41:52+00:00","og_image":[{"width":1024,"height":683,"url":"https:\/\/www.tsubook.net\/de\/wp-content\/uploads\/tsubook_main.png","type":"image\/png"}],"twitter_card":"summary_large_image","twitter_misc":{"Gesch\u00e4tzte Lesezeit":"1\u00a0Minute"},"schema":{"@context":"https:\/\/schema.org","@graph":[{"@type":"WebPage","@id":"https:\/\/www.tsubook.net\/de\/hilfe\/lizenz\/gerate\/","url":"https:\/\/www.tsubook.net\/de\/hilfe\/lizenz\/gerate\/","name":"Mit wievielen Ger\u00e4ten kann ich meine Tsubook Lizenz verbinden? - Tsubook","isPartOf":{"@id":"https:\/\/www.tsubook.net\/de\/#website"},"datePublished":"2020-01-23T16:39:27+00:00","dateModified":"2023-09-15T10:41:52+00:00","breadcrumb":{"@id":"https:\/\/www.tsubook.net\/de\/hilfe\/lizenz\/gerate\/#breadcrumb"},"inLanguage":"de","potentialAction":[{"@type":"ReadAction","target":["https:\/\/www.tsubook.net\/de\/hilfe\/lizenz\/gerate\/"]}]},{"@type":"BreadcrumbList","@id":"https:\/\/www.tsubook.net\/de\/hilfe\/lizenz\/gerate\/#breadcrumb","itemListElement":[{"@type":"ListItem","position":1,"name":"Hilfeseiten","item":"https:\/\/www.tsubook.net\/de\/hilfe\/"},{"@type":"ListItem","position":2,"name":"Lizenz und Konto","item":"https:\/\/www.tsubook.net\/de\/hilfe\/lizenz\/"},{"@type":"ListItem","position":3,"name":"Mit wievielen Ger\u00e4ten kann ich meine Tsubook Lizenz verbinden?"}]},{"@type":"WebSite","@id":"https:\/\/www.tsubook.net\/de\/#website","url":"https:\/\/www.tsubook.net\/de\/","name":"Tsubook","description":"Die Meridian-App f\u00fcr TCM, Akupunktur, Shiatsu, Tuina, Kinesiologie, Reflexologie, Qigong und andere","potentialAction":[{"@type":"SearchAction","target":{"@type":"EntryPoint","urlTemplate":"https:\/\/www.tsubook.net\/de\/?s={search_term_string}"},"query-input":{"@type":"PropertyValueSpecification","valueRequired":true,"valueName":"search_term_string"}}],"inLanguage":"de"}]}},"jetpack_sharing_enabled":true,"_links":{"self":[{"href":"https:\/\/www.tsubook.net\/de\/wp-json\/wp\/v2\/pages\/115","targetHints":{"allow":["GET"]}}],"collection":[{"href":"https:\/\/www.tsubook.net\/de\/wp-json\/wp\/v2\/pages"}],"about":[{"href":"https:\/\/www.tsubook.net\/de\/wp-json\/wp\/v2\/types\/page"}],"author":[{"embeddable":true,"href":"https:\/\/www.tsubook.net\/de\/wp-json\/wp\/v2\/users\/1"}],"replies":[{"embeddable":true,"href":"https:\/\/www.tsubook.net\/de\/wp-json\/wp\/v2\/comments?post=115"}],"version-history":[{"count":4,"href":"https:\/\/www.tsubook.net\/de\/wp-json\/wp\/v2\/pages\/115\/revisions"}],"predecessor-version":[{"id":883,"href":"https:\/\/www.tsubook.net\/de\/wp-json\/wp\/v2\/pages\/115\/revisions\/883"}],"up":[{"embeddable":true,"href":"https:\/\/www.tsubook.net\/de\/wp-json\/wp\/v2\/pages\/110"}],"wp:attachment":[{"href":"https:\/\/www.tsubook.net\/de\/wp-json\/wp\/v2\/media?parent=115"}],"curies":[{"name":"wp","href":"https:\/\/api.w.org\/{rel}","templated":true}]}}