{"id":129,"date":"2020-01-23T18:11:41","date_gmt":"2020-01-23T17:11:41","guid":{"rendered":"https:\/\/www.tsubook.net\/de\/?page_id=129"},"modified":"2024-09-05T11:34:40","modified_gmt":"2024-09-05T09:34:40","slug":"gerate","status":"publish","type":"page","link":"https:\/\/www.tsubook.net\/de\/hilfe\/gerate\/","title":{"rendered":"Auf welchen Ger\u00e4ten kann ich Tsubook nutzen?"},"content":{"rendered":"\t\t\t<!-- Flexy Breadcrumb -->\r\n\t\t\t<div class=\"fbc fbc-page\">\r\n\r\n\t\t\t\t<!-- Breadcrumb wrapper -->\r\n\t\t\t\t<div class=\"fbc-wrap\">\r\n\r\n\t\t\t\t\t<!-- Ordered list-->\r\n\t\t\t\t\t<ol class=\"fbc-items\" itemscope itemtype=\"https:\/\/schema.org\/BreadcrumbList\">\r\n\t\t\t\t\t\t<li class=\"active\" itemprop=\"itemListElement\" itemscope itemtype=\"https:\/\/schema.org\/ListItem\"><span itemprop=\"name\" title=\"Auf welchen Ger\u00e4ten kann ich Tsubook nutzen?\">Auf welchen Ger\u00e4ten kann ich Tsubook nutzen?<\/span><meta itemprop=\"position\" content=\"2\" \/><\/li>\t\t\t\t\t<\/ol>\r\n\t\t\t\t\t<div class=\"clearfix\"><\/div>\r\n\t\t\t\t<\/div>\r\n\t\t\t<\/div>\r\n\t\t\t\n\n\n\n<p>Tsubook ist erh\u00e4ltlich f\u00fcr Smartphones (iPhone und Android), Tablets (iPad und Android) und Computer (Mac und Windows).<\/p>\n\n\n\n<p>Im Moment ist Tsubook nicht f\u00fcr Linux Systeme erh\u00e4ltlich (Ubuntu, Fedora, Mint, etc) oder andere Ger\u00e4tetypen. Wenn du informiert werden m\u00f6chtest sobald die Software f\u00fcr andere Ger\u00e4te erh\u00e4ltlich ist, hinterlasse uns hier deine E-Mail-Adresse: <a href=\"https:\/\/www.tsubook.net\/en\/waiting-list\/\" target=\"_blank\" rel=\"noreferrer noopener\">https:\/\/www.tsubook.net\/en\/waiting-list\/<\/a><\/p>\n","protected":false},"excerpt":{"rendered":"<p>Tsubook ist erh\u00e4ltlich f\u00fcr Smartphones (iPhone und Android), Tablets (iPad und Android) und Computer (Mac und Windows). Im Moment ist Tsubook nicht f\u00fcr Linux Systeme erh\u00e4ltlich (Ubuntu, Fedora, Mint, etc) oder andere Ger\u00e4tetypen. Wenn du informiert werden m\u00f6chtest sobald die Software f\u00fcr andere Ger\u00e4te erh\u00e4ltlich ist, hinterlasse uns hier deine E-Mail-Adresse: https:\/\/www.tsubook.net\/en\/waiting-list\/<\/p>\n","protected":false},"author":1,"featured_media":0,"parent":27,"menu_order":0,"comment_status":"closed","ping_status":"closed","template":"","meta":{"footnotes":""},"class_list":["post-129","page","type-page","status-publish","hentry","wpautop"],"yoast_head":"<!-- This site is optimized with the Yoast SEO plugin v27.1.1 - https:\/\/yoast.com\/product\/yoast-seo-wordpress\/ -->\n<title>Auf welchen Ger\u00e4ten kann ich Tsubook nutzen? - Tsubook<\/title>\n<meta name=\"robots\" content=\"index, follow, max-snippet:-1, max-image-preview:large, max-video-preview:-1\" \/>\n<link rel=\"canonical\" href=\"https:\/\/www.tsubook.net\/de\/hilfe\/gerate\/\" \/>\n<meta property=\"og:locale\" content=\"de_DE\" \/>\n<meta property=\"og:type\" content=\"article\" \/>\n<meta property=\"og:title\" content=\"Auf welchen Ger\u00e4ten kann ich Tsubook nutzen? - Tsubook\" \/>\n<meta property=\"og:description\" content=\"Tsubook ist erh\u00e4ltlich f\u00fcr Smartphones (iPhone und Android), Tablets (iPad und Android) und Computer (Mac und Windows). Im Moment ist Tsubook nicht f\u00fcr Linux Systeme erh\u00e4ltlich (Ubuntu, Fedora, Mint, etc) oder andere Ger\u00e4tetypen. Wenn du informiert werden m\u00f6chtest sobald die Software f\u00fcr andere Ger\u00e4te erh\u00e4ltlich ist, hinterlasse uns hier deine E-Mail-Adresse: https:\/\/www.tsubook.net\/en\/waiting-list\/\" \/>\n<meta property=\"og:url\" content=\"https:\/\/www.tsubook.net\/de\/hilfe\/gerate\/\" \/>\n<meta property=\"og:site_name\" content=\"Tsubook\" \/>\n<meta property=\"article:modified_time\" content=\"2024-09-05T09:34:40+00:00\" \/>\n<meta property=\"og:image\" content=\"https:\/\/www.tsubook.net\/de\/wp-content\/uploads\/tsubook_main.png\" \/>\n\t<meta property=\"og:image:width\" content=\"1024\" \/>\n\t<meta property=\"og:image:height\" content=\"683\" \/>\n\t<meta property=\"og:image:type\" content=\"image\/png\" \/>\n<meta name=\"twitter:card\" content=\"summary_large_image\" \/>\n<meta name=\"twitter:label1\" content=\"Gesch\u00e4tzte Lesezeit\" \/>\n\t<meta name=\"twitter:data1\" content=\"1\u00a0Minute\" \/>\n<script type=\"application\/ld+json\" class=\"yoast-schema-graph\">{\"@context\":\"https:\/\/schema.org\",\"@graph\":[{\"@type\":\"WebPage\",\"@id\":\"https:\/\/www.tsubook.net\/de\/hilfe\/gerate\/\",\"url\":\"https:\/\/www.tsubook.net\/de\/hilfe\/gerate\/\",\"name\":\"Auf welchen Ger\u00e4ten kann ich Tsubook nutzen? - Tsubook\",\"isPartOf\":{\"@id\":\"https:\/\/www.tsubook.net\/de\/#website\"},\"datePublished\":\"2020-01-23T17:11:41+00:00\",\"dateModified\":\"2024-09-05T09:34:40+00:00\",\"breadcrumb\":{\"@id\":\"https:\/\/www.tsubook.net\/de\/hilfe\/gerate\/#breadcrumb\"},\"inLanguage\":\"de\",\"potentialAction\":[{\"@type\":\"ReadAction\",\"target\":[\"https:\/\/www.tsubook.net\/de\/hilfe\/gerate\/\"]}]},{\"@type\":\"BreadcrumbList\",\"@id\":\"https:\/\/www.tsubook.net\/de\/hilfe\/gerate\/#breadcrumb\",\"itemListElement\":[{\"@type\":\"ListItem\",\"position\":1,\"name\":\"Hilfeseiten\",\"item\":\"https:\/\/www.tsubook.net\/de\/hilfe\/\"},{\"@type\":\"ListItem\",\"position\":2,\"name\":\"Auf welchen Ger\u00e4ten kann ich Tsubook nutzen?\"}]},{\"@type\":\"WebSite\",\"@id\":\"https:\/\/www.tsubook.net\/de\/#website\",\"url\":\"https:\/\/www.tsubook.net\/de\/\",\"name\":\"Tsubook\",\"description\":\"Die Meridian-App f\u00fcr TCM, Akupunktur, Shiatsu, Tuina, Kinesiologie, Reflexologie, Qigong und andere\",\"potentialAction\":[{\"@type\":\"SearchAction\",\"target\":{\"@type\":\"EntryPoint\",\"urlTemplate\":\"https:\/\/www.tsubook.net\/de\/?s={search_term_string}\"},\"query-input\":{\"@type\":\"PropertyValueSpecification\",\"valueRequired\":true,\"valueName\":\"search_term_string\"}}],\"inLanguage\":\"de\"}]}<\/script>\n<!-- \/ Yoast SEO plugin. -->","yoast_head_json":{"title":"Auf welchen Ger\u00e4ten kann ich Tsubook nutzen? - Tsubook","robots":{"index":"index","follow":"follow","max-snippet":"max-snippet:-1","max-image-preview":"max-image-preview:large","max-video-preview":"max-video-preview:-1"},"canonical":"https:\/\/www.tsubook.net\/de\/hilfe\/gerate\/","og_locale":"de_DE","og_type":"article","og_title":"Auf welchen Ger\u00e4ten kann ich Tsubook nutzen? - Tsubook","og_description":"Tsubook ist erh\u00e4ltlich f\u00fcr Smartphones (iPhone und Android), Tablets (iPad und Android) und Computer (Mac und Windows). Im Moment ist Tsubook nicht f\u00fcr Linux Systeme erh\u00e4ltlich (Ubuntu, Fedora, Mint, etc) oder andere Ger\u00e4tetypen. Wenn du informiert werden m\u00f6chtest sobald die Software f\u00fcr andere Ger\u00e4te erh\u00e4ltlich ist, hinterlasse uns hier deine E-Mail-Adresse: https:\/\/www.tsubook.net\/en\/waiting-list\/","og_url":"https:\/\/www.tsubook.net\/de\/hilfe\/gerate\/","og_site_name":"Tsubook","article_modified_time":"2024-09-05T09:34:40+00:00","og_image":[{"width":1024,"height":683,"url":"https:\/\/www.tsubook.net\/de\/wp-content\/uploads\/tsubook_main.png","type":"image\/png"}],"twitter_card":"summary_large_image","twitter_misc":{"Gesch\u00e4tzte Lesezeit":"1\u00a0Minute"},"schema":{"@context":"https:\/\/schema.org","@graph":[{"@type":"WebPage","@id":"https:\/\/www.tsubook.net\/de\/hilfe\/gerate\/","url":"https:\/\/www.tsubook.net\/de\/hilfe\/gerate\/","name":"Auf welchen Ger\u00e4ten kann ich Tsubook nutzen? - Tsubook","isPartOf":{"@id":"https:\/\/www.tsubook.net\/de\/#website"},"datePublished":"2020-01-23T17:11:41+00:00","dateModified":"2024-09-05T09:34:40+00:00","breadcrumb":{"@id":"https:\/\/www.tsubook.net\/de\/hilfe\/gerate\/#breadcrumb"},"inLanguage":"de","potentialAction":[{"@type":"ReadAction","target":["https:\/\/www.tsubook.net\/de\/hilfe\/gerate\/"]}]},{"@type":"BreadcrumbList","@id":"https:\/\/www.tsubook.net\/de\/hilfe\/gerate\/#breadcrumb","itemListElement":[{"@type":"ListItem","position":1,"name":"Hilfeseiten","item":"https:\/\/www.tsubook.net\/de\/hilfe\/"},{"@type":"ListItem","position":2,"name":"Auf welchen Ger\u00e4ten kann ich Tsubook nutzen?"}]},{"@type":"WebSite","@id":"https:\/\/www.tsubook.net\/de\/#website","url":"https:\/\/www.tsubook.net\/de\/","name":"Tsubook","description":"Die Meridian-App f\u00fcr TCM, Akupunktur, Shiatsu, Tuina, Kinesiologie, Reflexologie, Qigong und andere","potentialAction":[{"@type":"SearchAction","target":{"@type":"EntryPoint","urlTemplate":"https:\/\/www.tsubook.net\/de\/?s={search_term_string}"},"query-input":{"@type":"PropertyValueSpecification","valueRequired":true,"valueName":"search_term_string"}}],"inLanguage":"de"}]}},"jetpack_sharing_enabled":true,"_links":{"self":[{"href":"https:\/\/www.tsubook.net\/de\/wp-json\/wp\/v2\/pages\/129","targetHints":{"allow":["GET"]}}],"collection":[{"href":"https:\/\/www.tsubook.net\/de\/wp-json\/wp\/v2\/pages"}],"about":[{"href":"https:\/\/www.tsubook.net\/de\/wp-json\/wp\/v2\/types\/page"}],"author":[{"embeddable":true,"href":"https:\/\/www.tsubook.net\/de\/wp-json\/wp\/v2\/users\/1"}],"replies":[{"embeddable":true,"href":"https:\/\/www.tsubook.net\/de\/wp-json\/wp\/v2\/comments?post=129"}],"version-history":[{"count":3,"href":"https:\/\/www.tsubook.net\/de\/wp-json\/wp\/v2\/pages\/129\/revisions"}],"predecessor-version":[{"id":961,"href":"https:\/\/www.tsubook.net\/de\/wp-json\/wp\/v2\/pages\/129\/revisions\/961"}],"up":[{"embeddable":true,"href":"https:\/\/www.tsubook.net\/de\/wp-json\/wp\/v2\/pages\/27"}],"wp:attachment":[{"href":"https:\/\/www.tsubook.net\/de\/wp-json\/wp\/v2\/media?parent=129"}],"curies":[{"name":"wp","href":"https:\/\/api.w.org\/{rel}","templated":true}]}}