{"id":135,"date":"2020-01-23T18:22:48","date_gmt":"2020-01-23T17:22:48","guid":{"rendered":"https:\/\/www.tsubook.net\/de\/?page_id=135"},"modified":"2020-01-30T17:20:01","modified_gmt":"2020-01-30T16:20:01","slug":"ubersetzung","status":"publish","type":"page","link":"https:\/\/www.tsubook.net\/de\/hilfe\/ubersetzung\/","title":{"rendered":"\u00dcbersetzung"},"content":{"rendered":"\t\t\t<!-- Flexy Breadcrumb -->\r\n\t\t\t<div class=\"fbc fbc-page\">\r\n\r\n\t\t\t\t<!-- Breadcrumb wrapper -->\r\n\t\t\t\t<div class=\"fbc-wrap\">\r\n\r\n\t\t\t\t\t<!-- Ordered list-->\r\n\t\t\t\t\t<ol class=\"fbc-items\" itemscope itemtype=\"https:\/\/schema.org\/BreadcrumbList\">\r\n\t\t\t\t\t\t<li class=\"active\" itemprop=\"itemListElement\" itemscope itemtype=\"https:\/\/schema.org\/ListItem\"><span itemprop=\"name\" title=\"\u00dcbersetzung\">\u00dcbersetzung<\/span><meta itemprop=\"position\" content=\"2\" \/><\/li>\t\t\t\t\t<\/ol>\r\n\t\t\t\t\t<div class=\"clearfix\"><\/div>\r\n\t\t\t\t<\/div>\r\n\t\t\t<\/div>\r\n\t\t\t\n\n\n\n<p>W\u00fcrdest du gern mithelfen Tsubook in eine andere Sprache zu \u00fcbersetzen? Als Belohnung erh\u00e4ltst du Erm\u00e4\u00dfigungen in H\u00f6he von 20%, 50%, 70% und 100% auf den Kauf einer Vollversion. Registriere dich hier. Herzlichen Dank!<\/p>\n\n\n\n<!-- Begin MailChimp Signup Form -->\n<link href=\"\/\/cdn-images.mailchimp.com\/embedcode\/classic-10_7.css\" rel=\"stylesheet\" type=\"text\/css\">\n<style type=\"text\/css\">\n\t#mc_embed_signup{background:#fff; clear:left; font:14px Helvetica,Arial,sans-serif; }\n\t\/* Add your own MailChimp form style overrides in your site stylesheet or in this style block.\n\t   We recommend moving this block and the preceding CSS link to the HEAD of your HTML file. *\/\n<\/style>\n<div id=\"mc_embed_signup\" style=\"max-width: 500px;\">\n<form action=\"https:\/\/studiolevart.us13.list-manage.com\/subscribe\/post?u=86d0dafbd09a3c6cabcd128c8&amp;id=2d1ff6652b\" method=\"post\" id=\"mc-embedded-subscribe-form\" name=\"mc-embedded-subscribe-form\" class=\"validate\" target=\"_blank\" novalidate>\n<div id=\"mc_embed_signup_scroll\">\n<div class=\"indicates-required\"><span class=\"asterisk\">*<\/span> indicates required<\/div>\n<div class=\"mc-field-group\">\n\t<strong><label for=\"mce-EMAIL\">Email Address  <span class=\"asterisk\">*<\/span><br \/>\n<\/label><\/strong><br \/>\n\t<input type=\"email\" value=\"\" name=\"EMAIL\" class=\"required email\" id=\"mce-EMAIL\">\n<\/div>\n<div class=\"mc-field-group\">\n\t<strong><label for=\"mce-FNAME\">First Name  <span class=\"asterisk\">*<\/span><br \/>\n<\/label><\/strong><br \/>\n\t<input type=\"text\" value=\"\" name=\"FNAME\" class=\"required\" id=\"mce-FNAME\">\n<\/div>\n<div class=\"mc-field-group\">\n\t<strong><label for=\"mce-LNAME\">Last Name <\/label><\/strong><br \/>\n\t<input type=\"text\" value=\"\" name=\"LNAME\" class=\"\" id=\"mce-LNAME\">\n<\/div>\n<div class=\"mc-field-group\">\n\t<strong><label for=\"mce-group[403593]\">Native Language  <span class=\"asterisk\">*<\/span><\/label><\/strong><br \/>\n\t<select name=\"group[403593]\" class=\"REQ_CSS required\" id=\"mce-group[403593]\"><option value=\"\"><\/option><option value=\"1\">Afrikaans<\/option><option value=\"2\">Arabic<\/option><option value=\"4\">Basque<\/option><option value=\"32\">Belarusian<\/option><option value=\"64\">Bulgarian<\/option><option value=\"128\">Catalan<\/option><option value=\"256\">Chinese<\/option><option value=\"512\">Czech<\/option><option value=\"1024\">Danish<\/option><option value=\"2048\">Dutch<\/option><option value=\"4096\">English<\/option><option value=\"8192\">Estonian<\/option><option value=\"16384\">Faroese<\/option><option value=\"32768\">Finnish<\/option><option value=\"65536\">French<\/option><option value=\"131072\">German<\/option><option value=\"262144\">Greek<\/option><option value=\"524288\">Hebrew<\/option><option value=\"1048576\">Hungarian<\/option><option value=\"2097152\">Icelandic<\/option><option value=\"4194304\">Indonesian<\/option><option value=\"8388608\">Italian<\/option><option value=\"16777216\">Japanese<\/option><option value=\"33554432\">Korean<\/option><option value=\"67108864\">Latvian<\/option><option value=\"134217728\">Lithuanian<\/option><option value=\"268435456\">Norwegian<\/option><option value=\"536870912\">Polish<\/option><option value=\"1073741824\">Portuguese<\/option><option value=\"2147483648\">Romanian<\/option><option value=\"4294967296\">Russian<\/option><option value=\"8589934592\">SerboCroatian<\/option><option value=\"17179869184\">Slovak<\/option><option value=\"34359738368\">Slovenian<\/option><option value=\"68719476736\">Spanish<\/option><option value=\"137438953472\">Swedish<\/option><option value=\"274877906944\">Thai<\/option><option value=\"549755813888\">Turkish<\/option><option value=\"1099511627776\">Ukrainian<\/option><option value=\"2199023255552\">Vietnamese<\/option><\/select>\n<\/div>\n<div class=\"mc-field-group input-group\">\n    <strong>Do you speak English?  <span class=\"asterisk\">*<\/span><\/strong><\/p>\n<ul style=\"margin-top: -20px;\">\n<li><input type=\"radio\" value=\"8\" name=\"group[403597]\" id=\"mce-group[403597]-403597-0\" class=\"required\"> <label for=\"mce-group[403597]-403597-0\">Yes<\/label><\/li>\n<li><input type=\"radio\" value=\"16\" name=\"group[403597]\" id=\"mce-group[403597]-403597-1\" class=\"required\"> <label for=\"mce-group[403597]-403597-1\">No<\/label><\/li>\n<\/ul>\n<\/div>\n<div class=\"mc-field-group\">\n\t<strong><label for=\"mce-OLSPOKEN\">Language(s) spoken other than English and your native language<\/label><\/strong><br \/>\n\t<input type=\"text\" value=\"\" name=\"OLSPOKEN\" class=\"\" id=\"mce-OLSPOKEN\">\n<\/div>\n<div id=\"mce-responses\" class=\"clear\">\n<div class=\"response\" id=\"mce-error-response\" style=\"display:none\"><\/div>\n<div class=\"response\" id=\"mce-success-response\" style=\"display:none\"><\/div>\n<\/p><\/div>\n<p>    <!-- real people should not fill this in and expect good things - do not remove this or risk form bot signups--><\/p>\n<div style=\"position: absolute; left: -5000px;\" aria-hidden=\"true\"><input type=\"text\" name=\"b_86d0dafbd09a3c6cabcd128c8_2d1ff6652b\" tabindex=\"-1\" value=\"\"><\/div>\n<div class=\"clear\"><input type=\"submit\" value=\"Subscribe\" name=\"subscribe\" id=\"mc-embedded-subscribe\"><\/div>\n<\/p><\/div>\n<\/form>\n<\/div>\n<p><script type='text\/javascript' src='\/\/s3.amazonaws.com\/downloads.mailchimp.com\/js\/mc-validate.js'><\/script><script type='text\/javascript'>(function($) {window.fnames = new Array(); window.ftypes = new Array();fnames[0]='EMAIL';ftypes[0]='email';fnames[1]='FNAME';ftypes[1]='text';fnames[2]='LNAME';ftypes[2]='text';fnames[3]='OLSPOKEN';ftypes[3]='text';}(jQuery));var $mcj = jQuery.noConflict(true);<\/script><br \/>\n<!--End mc_embed_signup--><\/p>\n","protected":false},"excerpt":{"rendered":"<p>W\u00fcrdest du gern mithelfen Tsubook in eine andere Sprache zu \u00fcbersetzen? Als Belohnung erh\u00e4ltst du Erm\u00e4\u00dfigungen in H\u00f6he von 20%, 50%, 70% und 100% auf den Kauf einer Vollversion. Registriere dich hier. Herzlichen Dank! * indicates required Email Address * First Name * Last Name Native Language * AfrikaansArabicBasqueBelarusianBulgarianCatalanChineseCzechDanishDutchEnglishEstonianFaroeseFinnishFrenchGermanGreekHebrewHungarianIcelandicIndonesianItalianJapaneseKoreanLatvianLithuanianNorwegianPolishPortugueseRomanianRussianSerboCroatianSlovakSlovenianSpanishSwedishThaiTurkishUkrainianVietnamese Do you speak English? * Yes<a href=\"https:\/\/www.tsubook.net\/de\/hilfe\/ubersetzung\/\">[&#8230;]<\/a><\/p>\n","protected":false},"author":1,"featured_media":0,"parent":27,"menu_order":0,"comment_status":"closed","ping_status":"closed","template":"","meta":{"footnotes":""},"class_list":["post-135","page","type-page","status-publish","hentry","wpautop"],"yoast_head":"<!-- This site is optimized with the Yoast SEO plugin v27.1.1 - https:\/\/yoast.com\/product\/yoast-seo-wordpress\/ -->\n<title>\u00dcbersetzung - Tsubook<\/title>\n<meta name=\"robots\" content=\"index, follow, max-snippet:-1, max-image-preview:large, max-video-preview:-1\" \/>\n<link rel=\"canonical\" href=\"https:\/\/www.tsubook.net\/de\/hilfe\/ubersetzung\/\" \/>\n<meta property=\"og:locale\" content=\"de_DE\" \/>\n<meta property=\"og:type\" content=\"article\" \/>\n<meta property=\"og:title\" content=\"\u00dcbersetzung - Tsubook\" \/>\n<meta property=\"og:description\" content=\"W\u00fcrdest du gern mithelfen Tsubook in eine andere Sprache zu \u00fcbersetzen? Als Belohnung erh\u00e4ltst du Erm\u00e4\u00dfigungen in H\u00f6he von 20%, 50%, 70% und 100% auf den Kauf einer Vollversion. Registriere dich hier. Herzlichen Dank! * indicates required Email Address * First Name * Last Name Native Language * AfrikaansArabicBasqueBelarusianBulgarianCatalanChineseCzechDanishDutchEnglishEstonianFaroeseFinnishFrenchGermanGreekHebrewHungarianIcelandicIndonesianItalianJapaneseKoreanLatvianLithuanianNorwegianPolishPortugueseRomanianRussianSerboCroatianSlovakSlovenianSpanishSwedishThaiTurkishUkrainianVietnamese Do you speak English? * Yes[...]\" \/>\n<meta property=\"og:url\" content=\"https:\/\/www.tsubook.net\/de\/hilfe\/ubersetzung\/\" \/>\n<meta property=\"og:site_name\" content=\"Tsubook\" \/>\n<meta property=\"article:modified_time\" content=\"2020-01-30T16:20:01+00:00\" \/>\n<meta property=\"og:image\" content=\"https:\/\/www.tsubook.net\/de\/wp-content\/uploads\/tsubook_main.png\" \/>\n\t<meta property=\"og:image:width\" content=\"1024\" \/>\n\t<meta property=\"og:image:height\" content=\"683\" \/>\n\t<meta property=\"og:image:type\" content=\"image\/png\" \/>\n<meta name=\"twitter:card\" content=\"summary_large_image\" \/>\n<script type=\"application\/ld+json\" class=\"yoast-schema-graph\">{\"@context\":\"https:\/\/schema.org\",\"@graph\":[{\"@type\":\"WebPage\",\"@id\":\"https:\/\/www.tsubook.net\/de\/hilfe\/ubersetzung\/\",\"url\":\"https:\/\/www.tsubook.net\/de\/hilfe\/ubersetzung\/\",\"name\":\"\u00dcbersetzung - Tsubook\",\"isPartOf\":{\"@id\":\"https:\/\/www.tsubook.net\/de\/#website\"},\"datePublished\":\"2020-01-23T17:22:48+00:00\",\"dateModified\":\"2020-01-30T16:20:01+00:00\",\"breadcrumb\":{\"@id\":\"https:\/\/www.tsubook.net\/de\/hilfe\/ubersetzung\/#breadcrumb\"},\"inLanguage\":\"de\",\"potentialAction\":[{\"@type\":\"ReadAction\",\"target\":[\"https:\/\/www.tsubook.net\/de\/hilfe\/ubersetzung\/\"]}]},{\"@type\":\"BreadcrumbList\",\"@id\":\"https:\/\/www.tsubook.net\/de\/hilfe\/ubersetzung\/#breadcrumb\",\"itemListElement\":[{\"@type\":\"ListItem\",\"position\":1,\"name\":\"Hilfeseiten\",\"item\":\"https:\/\/www.tsubook.net\/de\/hilfe\/\"},{\"@type\":\"ListItem\",\"position\":2,\"name\":\"\u00dcbersetzung\"}]},{\"@type\":\"WebSite\",\"@id\":\"https:\/\/www.tsubook.net\/de\/#website\",\"url\":\"https:\/\/www.tsubook.net\/de\/\",\"name\":\"Tsubook\",\"description\":\"Die Meridian-App f\u00fcr TCM, Akupunktur, Shiatsu, Tuina, Kinesiologie, Reflexologie, Qigong und andere\",\"potentialAction\":[{\"@type\":\"SearchAction\",\"target\":{\"@type\":\"EntryPoint\",\"urlTemplate\":\"https:\/\/www.tsubook.net\/de\/?s={search_term_string}\"},\"query-input\":{\"@type\":\"PropertyValueSpecification\",\"valueRequired\":true,\"valueName\":\"search_term_string\"}}],\"inLanguage\":\"de\"}]}<\/script>\n<!-- \/ Yoast SEO plugin. -->","yoast_head_json":{"title":"\u00dcbersetzung - Tsubook","robots":{"index":"index","follow":"follow","max-snippet":"max-snippet:-1","max-image-preview":"max-image-preview:large","max-video-preview":"max-video-preview:-1"},"canonical":"https:\/\/www.tsubook.net\/de\/hilfe\/ubersetzung\/","og_locale":"de_DE","og_type":"article","og_title":"\u00dcbersetzung - Tsubook","og_description":"W\u00fcrdest du gern mithelfen Tsubook in eine andere Sprache zu \u00fcbersetzen? Als Belohnung erh\u00e4ltst du Erm\u00e4\u00dfigungen in H\u00f6he von 20%, 50%, 70% und 100% auf den Kauf einer Vollversion. Registriere dich hier. Herzlichen Dank! * indicates required Email Address * First Name * Last Name Native Language * AfrikaansArabicBasqueBelarusianBulgarianCatalanChineseCzechDanishDutchEnglishEstonianFaroeseFinnishFrenchGermanGreekHebrewHungarianIcelandicIndonesianItalianJapaneseKoreanLatvianLithuanianNorwegianPolishPortugueseRomanianRussianSerboCroatianSlovakSlovenianSpanishSwedishThaiTurkishUkrainianVietnamese Do you speak English? * Yes[...]","og_url":"https:\/\/www.tsubook.net\/de\/hilfe\/ubersetzung\/","og_site_name":"Tsubook","article_modified_time":"2020-01-30T16:20:01+00:00","og_image":[{"width":1024,"height":683,"url":"https:\/\/www.tsubook.net\/de\/wp-content\/uploads\/tsubook_main.png","type":"image\/png"}],"twitter_card":"summary_large_image","schema":{"@context":"https:\/\/schema.org","@graph":[{"@type":"WebPage","@id":"https:\/\/www.tsubook.net\/de\/hilfe\/ubersetzung\/","url":"https:\/\/www.tsubook.net\/de\/hilfe\/ubersetzung\/","name":"\u00dcbersetzung - Tsubook","isPartOf":{"@id":"https:\/\/www.tsubook.net\/de\/#website"},"datePublished":"2020-01-23T17:22:48+00:00","dateModified":"2020-01-30T16:20:01+00:00","breadcrumb":{"@id":"https:\/\/www.tsubook.net\/de\/hilfe\/ubersetzung\/#breadcrumb"},"inLanguage":"de","potentialAction":[{"@type":"ReadAction","target":["https:\/\/www.tsubook.net\/de\/hilfe\/ubersetzung\/"]}]},{"@type":"BreadcrumbList","@id":"https:\/\/www.tsubook.net\/de\/hilfe\/ubersetzung\/#breadcrumb","itemListElement":[{"@type":"ListItem","position":1,"name":"Hilfeseiten","item":"https:\/\/www.tsubook.net\/de\/hilfe\/"},{"@type":"ListItem","position":2,"name":"\u00dcbersetzung"}]},{"@type":"WebSite","@id":"https:\/\/www.tsubook.net\/de\/#website","url":"https:\/\/www.tsubook.net\/de\/","name":"Tsubook","description":"Die Meridian-App f\u00fcr TCM, Akupunktur, Shiatsu, Tuina, Kinesiologie, Reflexologie, Qigong und andere","potentialAction":[{"@type":"SearchAction","target":{"@type":"EntryPoint","urlTemplate":"https:\/\/www.tsubook.net\/de\/?s={search_term_string}"},"query-input":{"@type":"PropertyValueSpecification","valueRequired":true,"valueName":"search_term_string"}}],"inLanguage":"de"}]}},"jetpack_sharing_enabled":true,"_links":{"self":[{"href":"https:\/\/www.tsubook.net\/de\/wp-json\/wp\/v2\/pages\/135","targetHints":{"allow":["GET"]}}],"collection":[{"href":"https:\/\/www.tsubook.net\/de\/wp-json\/wp\/v2\/pages"}],"about":[{"href":"https:\/\/www.tsubook.net\/de\/wp-json\/wp\/v2\/types\/page"}],"author":[{"embeddable":true,"href":"https:\/\/www.tsubook.net\/de\/wp-json\/wp\/v2\/users\/1"}],"replies":[{"embeddable":true,"href":"https:\/\/www.tsubook.net\/de\/wp-json\/wp\/v2\/comments?post=135"}],"version-history":[{"count":3,"href":"https:\/\/www.tsubook.net\/de\/wp-json\/wp\/v2\/pages\/135\/revisions"}],"predecessor-version":[{"id":175,"href":"https:\/\/www.tsubook.net\/de\/wp-json\/wp\/v2\/pages\/135\/revisions\/175"}],"up":[{"embeddable":true,"href":"https:\/\/www.tsubook.net\/de\/wp-json\/wp\/v2\/pages\/27"}],"wp:attachment":[{"href":"https:\/\/www.tsubook.net\/de\/wp-json\/wp\/v2\/media?parent=135"}],"curies":[{"name":"wp","href":"https:\/\/api.w.org\/{rel}","templated":true}]}}