{"id":147,"date":"2020-01-23T19:20:41","date_gmt":"2020-01-23T18:20:41","guid":{"rendered":"https:\/\/www.tsubook.net\/de\/?page_id=147"},"modified":"2024-09-05T18:28:56","modified_gmt":"2024-09-05T16:28:56","slug":"newsletter","status":"publish","type":"page","link":"https:\/\/www.tsubook.net\/de\/newsletter\/","title":{"rendered":"Newsletter abonnieren"},"content":{"rendered":"\n<p>Melde dich hier f\u00fcr unseren Newsletter an, um Neuigkeiten \u00fcber Tsubook per E-Mail zu erhalten, z.B. die Freigabe neuer Funktionen in der App oder Informationen \u00fcber professionelle Veranstaltungen, \u2026<\/p>\n\n\n\n<!-- Begin Mailchimp Signup Form --> \n<link href=\"\/\/cdn-images.mailchimp.com\/embedcode\/classic-10_7.css\" rel=\"stylesheet\" type=\"text\/css\">\n<div id=\"mc_embed_signup\">\n<form action=\"https:\/\/tsubook.us13.list-manage.com\/subscribe\/post?u=86d0dafbd09a3c6cabcd128c8&amp;id=7d5eec9320\" method=\"post\" id=\"mc-embedded-subscribe-form\" name=\"mc-embedded-subscribe-form\" class=\"validate\" target=\"_blank\" novalidate=\"novalidate\">\n<div id=\"mc_embed_signup_scroll\">\n\t<div class=\"indicates-required\"><span class=\"asterisk\">*<\/span> obbligatorio<\/div>\n\t<div class=\"mc-field-group\">\n\t\t<label for=\"mce-EMAIL\"><strong>E-mail<\/strong>  <span class=\"asterisk\">*<\/span><br>\n\t\t<\/label><br>\n\t\t<input type=\"email\" value=\"\" name=\"EMAIL\" class=\"required email\" id=\"mce-EMAIL\" aria-required=\"true\">\n\t<\/div>\n\t<div class=\"mc-field-group\">\n\t\t<label for=\"mce-FNAME\"><strong>Vorname<\/strong>  <span class=\"asterisk\">*<\/span><br>\n\t\t<\/label><br>\n\t\t<input type=\"text\" value=\"\" name=\"FNAME\" class=\"required\" id=\"mce-FNAME\" aria-required=\"true\">\n\t<\/div>\n\t<div class=\"mc-field-group\">\n\t\t<label for=\"mce-LNAME\"><strong>Nachname<\/strong> <\/label><br>\n\t\t<input type=\"text\" value=\"\" name=\"LNAME\" class=\"\" id=\"mce-LNAME\">\n\t<\/div>\n\t<div class=\"mc-field-group input-group\" style=\"display:none\">\n\t\t<ul>\n\t\t\t<li><input type=\"radio\" value=\"News, special offers and events\" name=\"NEWSAPP\" id=\"mce-NEWSAPP-0\" checked=\"\"> <label for=\"mce-NEWSAPP-0\">Noticias, ofertas especiales y eventos<\/label><\/li>\n\t\t\t<li><input type=\"radio\" value=\"Only news\" name=\"NEWSAPP\" id=\"mce-NEWSAPP-1\"> <label for=\"mce-NEWSAPP-1\">Solo noticias<\/label><\/li>\n\t\t<\/ul>\n\t<\/div>\n\t<p>Wir verwenden Mailchimp als Vertriebsplattform. Mit deiner Anmeldung, stimmst du zu, dass deine Informationen f\u00fcr den Newsletterversand an Mailchimp weitergegeben werden k\u00f6nnen. <a href=\"https:\/\/mailchimp.com\/legal\/\" target=\"_blank\" rel=\"noopener noreferrer\">Erfahre hier mehr \u00fcber die Datenschutzbestimmungen von Mailchimp.<\/a><\/p>\n\t<div id=\"mce-responses\" class=\"clear\">\n\t\t<div class=\"response\" id=\"mce-error-response\" style=\"display:none\"><\/div>\n\t\t<div class=\"response\" id=\"mce-success-response\" style=\"display:none\"><\/div>\n\t<\/div>\n\t<!-- real people should not fill this in and expect good things - do not remove this or risk form bot signups-->\n\t<div style=\"position: absolute; left: -5000px;\" aria-hidden=\"true\"><input type=\"text\" name=\"b_86d0dafbd09a3c6cabcd128c8_7d5eec9320\" tabindex=\"-1\" value=\"\"><\/div>\n\t<div class=\"clear\"><input type=\"submit\" class=\"\" value=\"Anmelden\" name=\"subscribe\" id=\"mc-embedded-subscribe\"><\/div>\n<\/div>\n<\/form>\n<\/div>\n\n\n\n<p><\/p>\n","protected":false},"excerpt":{"rendered":"<p>Melde dich hier f\u00fcr unseren Newsletter an, um Neuigkeiten \u00fcber Tsubook per E-Mail zu erhalten, z.B. die Freigabe neuer Funktionen in der App oder Informationen \u00fcber professionelle Veranstaltungen, \u2026 * obbligatorio E-mail * Vorname * Nachname Noticias, ofertas especiales y eventos Solo noticias Wir verwenden Mailchimp als Vertriebsplattform. Mit deiner Anmeldung, stimmst du zu, dass<a href=\"https:\/\/www.tsubook.net\/de\/newsletter\/\">[&#8230;]<\/a><\/p>\n","protected":false},"author":1,"featured_media":0,"parent":0,"menu_order":0,"comment_status":"closed","ping_status":"closed","template":"","meta":{"footnotes":""},"class_list":["post-147","page","type-page","status-publish","hentry","wpautop"],"yoast_head":"<!-- This site is optimized with the Yoast SEO plugin v27.1.1 - https:\/\/yoast.com\/product\/yoast-seo-wordpress\/ -->\n<title>Newsletter abonnieren - Tsubook<\/title>\n<meta name=\"robots\" content=\"index, follow, max-snippet:-1, max-image-preview:large, max-video-preview:-1\" \/>\n<link rel=\"canonical\" href=\"https:\/\/www.tsubook.net\/de\/newsletter\/\" \/>\n<meta property=\"og:locale\" content=\"de_DE\" \/>\n<meta property=\"og:type\" content=\"article\" \/>\n<meta property=\"og:title\" content=\"Newsletter abonnieren - Tsubook\" \/>\n<meta property=\"og:description\" content=\"Melde dich hier f\u00fcr unseren Newsletter an, um Neuigkeiten \u00fcber Tsubook per E-Mail zu erhalten, z.B. die Freigabe neuer Funktionen in der App oder Informationen \u00fcber professionelle Veranstaltungen, \u2026 * obbligatorio E-mail * Vorname * Nachname Noticias, ofertas especiales y eventos Solo noticias Wir verwenden Mailchimp als Vertriebsplattform. Mit deiner Anmeldung, stimmst du zu, dass[...]\" \/>\n<meta property=\"og:url\" content=\"https:\/\/www.tsubook.net\/de\/newsletter\/\" \/>\n<meta property=\"og:site_name\" content=\"Tsubook\" \/>\n<meta property=\"article:modified_time\" content=\"2024-09-05T16:28:56+00:00\" \/>\n<meta property=\"og:image\" content=\"https:\/\/www.tsubook.net\/de\/wp-content\/uploads\/tsubook_main.png\" \/>\n\t<meta property=\"og:image:width\" content=\"1024\" \/>\n\t<meta property=\"og:image:height\" content=\"683\" \/>\n\t<meta property=\"og:image:type\" content=\"image\/png\" \/>\n<meta name=\"twitter:card\" content=\"summary_large_image\" \/>\n<meta name=\"twitter:label1\" content=\"Gesch\u00e4tzte Lesezeit\" \/>\n\t<meta name=\"twitter:data1\" content=\"1\u00a0Minute\" \/>\n<script type=\"application\/ld+json\" class=\"yoast-schema-graph\">{\"@context\":\"https:\/\/schema.org\",\"@graph\":[{\"@type\":\"WebPage\",\"@id\":\"https:\/\/www.tsubook.net\/de\/newsletter\/\",\"url\":\"https:\/\/www.tsubook.net\/de\/newsletter\/\",\"name\":\"Newsletter abonnieren - Tsubook\",\"isPartOf\":{\"@id\":\"https:\/\/www.tsubook.net\/de\/#website\"},\"datePublished\":\"2020-01-23T18:20:41+00:00\",\"dateModified\":\"2024-09-05T16:28:56+00:00\",\"inLanguage\":\"de\",\"potentialAction\":[{\"@type\":\"ReadAction\",\"target\":[\"https:\/\/www.tsubook.net\/de\/newsletter\/\"]}]},{\"@type\":\"WebSite\",\"@id\":\"https:\/\/www.tsubook.net\/de\/#website\",\"url\":\"https:\/\/www.tsubook.net\/de\/\",\"name\":\"Tsubook\",\"description\":\"Die Meridian-App f\u00fcr TCM, Akupunktur, Shiatsu, Tuina, Kinesiologie, Reflexologie, Qigong und andere\",\"potentialAction\":[{\"@type\":\"SearchAction\",\"target\":{\"@type\":\"EntryPoint\",\"urlTemplate\":\"https:\/\/www.tsubook.net\/de\/?s={search_term_string}\"},\"query-input\":{\"@type\":\"PropertyValueSpecification\",\"valueRequired\":true,\"valueName\":\"search_term_string\"}}],\"inLanguage\":\"de\"}]}<\/script>\n<!-- \/ Yoast SEO plugin. -->","yoast_head_json":{"title":"Newsletter abonnieren - Tsubook","robots":{"index":"index","follow":"follow","max-snippet":"max-snippet:-1","max-image-preview":"max-image-preview:large","max-video-preview":"max-video-preview:-1"},"canonical":"https:\/\/www.tsubook.net\/de\/newsletter\/","og_locale":"de_DE","og_type":"article","og_title":"Newsletter abonnieren - Tsubook","og_description":"Melde dich hier f\u00fcr unseren Newsletter an, um Neuigkeiten \u00fcber Tsubook per E-Mail zu erhalten, z.B. die Freigabe neuer Funktionen in der App oder Informationen \u00fcber professionelle Veranstaltungen, \u2026 * obbligatorio E-mail * Vorname * Nachname Noticias, ofertas especiales y eventos Solo noticias Wir verwenden Mailchimp als Vertriebsplattform. Mit deiner Anmeldung, stimmst du zu, dass[...]","og_url":"https:\/\/www.tsubook.net\/de\/newsletter\/","og_site_name":"Tsubook","article_modified_time":"2024-09-05T16:28:56+00:00","og_image":[{"width":1024,"height":683,"url":"https:\/\/www.tsubook.net\/de\/wp-content\/uploads\/tsubook_main.png","type":"image\/png"}],"twitter_card":"summary_large_image","twitter_misc":{"Gesch\u00e4tzte Lesezeit":"1\u00a0Minute"},"schema":{"@context":"https:\/\/schema.org","@graph":[{"@type":"WebPage","@id":"https:\/\/www.tsubook.net\/de\/newsletter\/","url":"https:\/\/www.tsubook.net\/de\/newsletter\/","name":"Newsletter abonnieren - Tsubook","isPartOf":{"@id":"https:\/\/www.tsubook.net\/de\/#website"},"datePublished":"2020-01-23T18:20:41+00:00","dateModified":"2024-09-05T16:28:56+00:00","inLanguage":"de","potentialAction":[{"@type":"ReadAction","target":["https:\/\/www.tsubook.net\/de\/newsletter\/"]}]},{"@type":"WebSite","@id":"https:\/\/www.tsubook.net\/de\/#website","url":"https:\/\/www.tsubook.net\/de\/","name":"Tsubook","description":"Die Meridian-App f\u00fcr TCM, Akupunktur, Shiatsu, Tuina, Kinesiologie, Reflexologie, Qigong und andere","potentialAction":[{"@type":"SearchAction","target":{"@type":"EntryPoint","urlTemplate":"https:\/\/www.tsubook.net\/de\/?s={search_term_string}"},"query-input":{"@type":"PropertyValueSpecification","valueRequired":true,"valueName":"search_term_string"}}],"inLanguage":"de"}]}},"jetpack_sharing_enabled":true,"_links":{"self":[{"href":"https:\/\/www.tsubook.net\/de\/wp-json\/wp\/v2\/pages\/147","targetHints":{"allow":["GET"]}}],"collection":[{"href":"https:\/\/www.tsubook.net\/de\/wp-json\/wp\/v2\/pages"}],"about":[{"href":"https:\/\/www.tsubook.net\/de\/wp-json\/wp\/v2\/types\/page"}],"author":[{"embeddable":true,"href":"https:\/\/www.tsubook.net\/de\/wp-json\/wp\/v2\/users\/1"}],"replies":[{"embeddable":true,"href":"https:\/\/www.tsubook.net\/de\/wp-json\/wp\/v2\/comments?post=147"}],"version-history":[{"count":4,"href":"https:\/\/www.tsubook.net\/de\/wp-json\/wp\/v2\/pages\/147\/revisions"}],"predecessor-version":[{"id":968,"href":"https:\/\/www.tsubook.net\/de\/wp-json\/wp\/v2\/pages\/147\/revisions\/968"}],"wp:attachment":[{"href":"https:\/\/www.tsubook.net\/de\/wp-json\/wp\/v2\/media?parent=147"}],"curies":[{"name":"wp","href":"https:\/\/api.w.org\/{rel}","templated":true}]}}