{"id":21,"date":"2020-01-09T18:25:37","date_gmt":"2020-01-09T17:25:37","guid":{"rendered":"https:\/\/www.tsubook.net\/de\/?page_id=21"},"modified":"2024-09-05T19:31:17","modified_gmt":"2024-09-05T17:31:17","slug":"partnerschaft","status":"publish","type":"page","link":"https:\/\/www.tsubook.net\/de\/partnerschaft\/","title":{"rendered":"Partnerschaft"},"content":{"rendered":"\n<div class=\"wp-block-image\" style=\"padding:20px\"><figure class=\"aligncenter\"><img decoding=\"async\" src=\"http:\/\/www.tsubook.net\/wp-content\/uploads\/photo_tsubook2_1920_1280.jpg\" alt=\"photo_tsubook2_1920_1280\" class=\"wp-image-204\" style=\"width: 100%; max-width: 600px;\"><\/figure><\/div>\n\n\n\n<p>Vermittelst du Meridianwissen? Wir m\u00f6chten, dass Tsubook hilfreich ist f\u00fcr alle Lernenden und -Praktizierenden, ganz gleich welche Technik sie lernen (Traditionelle Chinesische Medizin, Akupunktur, Shiatsu, Tuina, Kinesiologie, Reflexologie, Qi Gong, \u2026). Durch diesen offenen Ansatz suchen wir den Kontakt zu Schulen und\/oder Lehrern, um neue Partnerschaften aufzubauen. F\u00fcr Partnerschaften mit Organisationen <a href=\"https:\/\/www.tsubook.net\/de\/partnerschaft4org\/\">lies hier<\/a>.<\/p>\n\n\n\n<p>Deine Vorteile:<\/p>\n\n\n\n<ul class=\"wp-block-list\">\n<li>Eine kostenlose Lizenz f\u00fcr die Vollversion solange wie die Partnerschaft besteht<\/li>\n\n\n\n<li>10% Rabatt f\u00fcr Sch\u00fcler und Lehrer deiner Schule auf alle kostenpflichtigen Inhalte<\/li>\n\n\n\n<li>ein Link zur Website eurer Schule (falls vorhanden) im <a href=\"https:\/\/www.tsubook.net\/de\/partnerschulen\/\">Verzeichnis aller Schulen<\/a> auf unserer Website<\/li>\n<\/ul>\n\n\n\n<p>Im Gegenzug bitten wir dich darum:<\/p>\n\n\n\n<ul class=\"wp-block-list\">\n<li>Die Tsubook App an deine bzw. eure Sch\u00fcler weiter zu empfehlen<\/li>\n\n\n\n<li>Einen Link von der Webseite deiner Schule (falls vorhanden) auf die Tsubook Webseite zu setzen<\/li>\n\n\n\n<li>Uns regelm\u00e4ssig R\u00fcckmeldungen zu geben, wie wir die App verbessern k\u00f6nnen<\/li>\n<\/ul>\n\n\n\n<p>Bei Bedarf kann die bestehende Partnerschaft sowohl von Seiten der Schule als auch von Tsubook auf einfache Anfrage wieder aufgel\u00f6st werden.<\/p>\n\n\n\n<p>\u00dcber das folgende Formular kannst du deine Schule f\u00fcr die Teilnahme am Partnerschaftsprogramm anmelden oder vorab um kostenlose Einsicht in die Vollversion bitten, um die Inhalte f\u00fcr deine Schule zu pr\u00fcfen.<\/p>\n\n\n\n<p>Falls du es bevorzugst, kannst du uns auch direkt schreiben an: <a href=\"mailto:hallo@tsubook.net\">hallo@tsubook.net<\/a><\/p>\n\n\n\n<h2 class=\"wp-block-heading\">Partnerschafts-Anfrage<\/h2>\n\n\n\n<p>Du musst Schulleiter oder Lehrer deiner Schule sein, um dieses Formular ausf\u00fcllen zu k\u00f6nnen und damit Tsubook-Referent deiner Schule zu werden.<\/p>\n\n\n\n<form id=\"partnership\" onsubmit=\"try { sendData(); } catch(e) {console.error(e); alert('ERROR'); } return false;\">\n<h3 style=\"padding-bottom:15px\"><u>\u00dcber Dich<\/u><\/h3>\n<label for=\"referentFirstName\">Vorname<\/label><input name=\"referentFirstName\" type=\"text\" maxlength=\"50\" required=\"required\"><br><br>\n<label for=\"referentLastName\">Nachname<\/label><input name=\"referentLastName\" type=\"text\" maxlength=\"50\" required=\"required\"><br><br>\n<label for=\"referentEmail\">E-mail<\/label><input name=\"referentEmail\" type=\"email\" maxlength=\"50\" required=\"required\"><br><br>\n<label for=\"referentRole\">Deine Rolle in der Schule<\/label><input name=\"referentRole\" type=\"text\" maxlength=\"50\" required=\"required\"><br><br>\n<h3 style=\"padding-bottom:15px\"><u>\u00dcber deine Schule<\/u><\/h3>\n<label for=\"name\">Name der Schule<\/label><input name=\"name\" type=\"text\" maxlength=\"50\" required=\"required\"><br><br>\n<label for=\"location\">Stadt<\/label><input name=\"location\" type=\"text\" maxlength=\"50\" required=\"required\"><br><br>\n<label for=\"country\">Land<\/label><select name=\"country\" required=\"required\"><option value=\"AF\">Afghanistan<\/option><option value=\"EG\">\u00c4gypten<\/option><option value=\"AX\">\u00c5landinseln<\/option><option value=\"AL\">Albanien<\/option><option value=\"DZ\">Algerien<\/option><option value=\"AS\">Amerikanisch-Samoa<\/option><option value=\"VI\">Amerikanische Jungferninseln<\/option><option value=\"UM\">Amerikanische \u00dcberseeinseln<\/option><option value=\"AD\">Andorra<\/option><option value=\"AO\">Angola<\/option><option value=\"AI\">Anguilla<\/option><option value=\"AQ\">Antarktis<\/option><option value=\"AG\">Antigua und Barbuda<\/option><option value=\"GQ\">\u00c4quatorialguinea<\/option><option value=\"AR\">Argentinien<\/option><option value=\"AM\">Armenien<\/option><option value=\"AW\">Aruba<\/option><option value=\"AZ\">Aserbaidschan<\/option><option value=\"ET\">\u00c4thiopien<\/option><option value=\"AU\">Australien<\/option><option value=\"BS\">Bahamas<\/option><option value=\"BH\">Bahrain<\/option><option value=\"BD\">Bangladesch<\/option><option value=\"BB\">Barbados<\/option><option value=\"BY\">Belarus<\/option><option value=\"BE\">Belgien<\/option><option value=\"BZ\">Belize<\/option><option value=\"BJ\">Benin<\/option><option value=\"BM\">Bermuda<\/option><option value=\"BT\">Bhutan<\/option><option value=\"BO\">Bolivien<\/option><option value=\"BQ\">Bonaire, Sint Eustatius und Saba<\/option><option value=\"BA\">Bosnien und Herzegowina<\/option><option value=\"BW\">Botsuana<\/option><option value=\"BV\">Bouvetinsel<\/option><option value=\"BR\">Brasilien<\/option><option value=\"VG\">Britische Jungferninseln<\/option><option value=\"IO\">Britisches Territorium im Indischen Ozean<\/option><option value=\"BN\">Brunei Darussalam<\/option><option value=\"BG\">Bulgarien<\/option><option value=\"BF\">Burkina Faso<\/option><option value=\"BI\">Burundi<\/option><option value=\"CV\">Cabo Verde<\/option><option value=\"CL\">Chile<\/option><option value=\"CN\">China<\/option><option value=\"CK\">Cookinseln<\/option><option value=\"CR\">Costa Rica<\/option><option value=\"CI\">C\u00f4te d\u2019Ivoire<\/option><option value=\"CW\">Cura\u00e7ao<\/option><option value=\"DK\">D\u00e4nemark<\/option><option value=\"DE\" selected=\"selected\">Deutschland<\/option><option value=\"DM\">Dominica<\/option><option value=\"DO\">Dominikanische Republik<\/option><option value=\"DJ\">Dschibuti<\/option><option value=\"EC\">Ecuador<\/option><option value=\"SV\">El Salvador<\/option><option value=\"ER\">Eritrea<\/option><option value=\"EE\">Estland<\/option><option value=\"SZ\">Eswatini<\/option><option value=\"FK\">Falklandinseln<\/option><option value=\"FO\">F\u00e4r\u00f6er<\/option><option value=\"FJ\">Fidschi<\/option><option value=\"FI\">Finnland<\/option><option value=\"FR\">Frankreich<\/option><option value=\"GF\">Franz\u00f6sisch-Guayana<\/option><option value=\"PF\">Franz\u00f6sisch-Polynesien<\/option><option value=\"TF\">Franz\u00f6sische S\u00fcd- und Antarktisgebiete<\/option><option value=\"GA\">Gabun<\/option><option value=\"GM\">Gambia<\/option><option value=\"GE\">Georgien<\/option><option value=\"GH\">Ghana<\/option><option value=\"GI\">Gibraltar<\/option><option value=\"GD\">Grenada<\/option><option value=\"GR\">Griechenland<\/option><option value=\"GL\">Gr\u00f6nland<\/option><option value=\"GP\">Guadeloupe<\/option><option value=\"GU\">Guam<\/option><option value=\"GT\">Guatemala<\/option><option value=\"GG\">Guernsey<\/option><option value=\"GN\">Guinea<\/option><option value=\"GW\">Guinea-Bissau<\/option><option value=\"GY\">Guyana<\/option><option value=\"HT\">Haiti<\/option><option value=\"HM\">Heard und McDonaldinseln<\/option><option value=\"HN\">Honduras<\/option><option value=\"IN\">Indien<\/option><option value=\"ID\">Indonesien<\/option><option value=\"IQ\">Irak<\/option><option value=\"IR\">Iran<\/option><option value=\"IE\">Irland<\/option><option value=\"IS\">Island<\/option><option value=\"IM\">Isle of Man<\/option><option value=\"IL\">Israel<\/option><option value=\"IT\">Italien<\/option><option value=\"JM\">Jamaika<\/option><option value=\"JP\">Japan<\/option><option value=\"YE\">Jemen<\/option><option value=\"JE\">Jersey<\/option><option value=\"JO\">Jordanien<\/option><option value=\"KY\">Kaimaninseln<\/option><option value=\"KH\">Kambodscha<\/option><option value=\"CM\">Kamerun<\/option><option value=\"CA\">Kanada<\/option><option value=\"KZ\">Kasachstan<\/option><option value=\"QA\">Katar<\/option><option value=\"KE\">Kenia<\/option><option value=\"KG\">Kirgisistan<\/option><option value=\"KI\">Kiribati<\/option><option value=\"CC\">Kokosinseln<\/option><option value=\"CO\">Kolumbien<\/option><option value=\"KM\">Komoren<\/option><option value=\"CG\">Kongo-Brazzaville<\/option><option value=\"CD\">Kongo-Kinshasa<\/option><option value=\"HR\">Kroatien<\/option><option value=\"CU\">Kuba<\/option><option value=\"KW\">Kuwait<\/option><option value=\"LA\">Laos<\/option><option value=\"LS\">Lesotho<\/option><option value=\"LV\">Lettland<\/option><option value=\"LB\">Libanon<\/option><option value=\"LR\">Liberia<\/option><option value=\"LY\">Libyen<\/option><option value=\"LI\">Liechtenstein<\/option><option value=\"LT\">Litauen<\/option><option value=\"LU\">Luxemburg<\/option><option value=\"MG\">Madagaskar<\/option><option value=\"MW\">Malawi<\/option><option value=\"MY\">Malaysia<\/option><option value=\"MV\">Malediven<\/option><option value=\"ML\">Mali<\/option><option value=\"MT\">Malta<\/option><option value=\"MA\">Marokko<\/option><option value=\"MH\">Marshallinseln<\/option><option value=\"MQ\">Martinique<\/option><option value=\"MR\">Mauretanien<\/option><option value=\"MU\">Mauritius<\/option><option value=\"YT\">Mayotte<\/option><option value=\"MX\">Mexiko<\/option><option value=\"FM\">Mikronesien<\/option><option value=\"MC\">Monaco<\/option><option value=\"MN\">Mongolei<\/option><option value=\"ME\">Montenegro<\/option><option value=\"MS\">Montserrat<\/option><option value=\"MZ\">Mosambik<\/option><option value=\"MM\">Myanmar<\/option><option value=\"NA\">Namibia<\/option><option value=\"NR\">Nauru<\/option><option value=\"NP\">Nepal<\/option><option value=\"NC\">Neukaledonien<\/option><option value=\"NZ\">Neuseeland<\/option><option value=\"NI\">Nicaragua<\/option><option value=\"NL\">Niederlande<\/option><option value=\"NE\">Niger<\/option><option value=\"NG\">Nigeria<\/option><option value=\"NU\">Niue<\/option><option value=\"KP\">Nordkorea<\/option><option value=\"MP\">N\u00f6rdliche Marianen<\/option><option value=\"MK\">Nordmazedonien<\/option><option value=\"NF\">Norfolkinsel<\/option><option value=\"NO\">Norwegen<\/option><option value=\"OM\">Oman<\/option><option value=\"AT\">\u00d6sterreich<\/option><option value=\"PK\">Pakistan<\/option><option value=\"PS\">Pal\u00e4stinensische Autonomiegebiete<\/option><option value=\"PW\">Palau<\/option><option value=\"PA\">Panama<\/option><option value=\"PG\">Papua-Neuguinea<\/option><option value=\"PY\">Paraguay<\/option><option value=\"PE\">Peru<\/option><option value=\"PH\">Philippinen<\/option><option value=\"PN\">Pitcairninseln<\/option><option value=\"PL\">Polen<\/option><option value=\"PT\">Portugal<\/option><option value=\"PR\">Puerto Rico<\/option><option value=\"MD\">Republik Moldau<\/option><option value=\"RE\">R\u00e9union<\/option><option value=\"RW\">Ruanda<\/option><option value=\"RO\">Rum\u00e4nien<\/option><option value=\"RU\">Russland<\/option><option value=\"SB\">Salomonen<\/option><option value=\"ZM\">Sambia<\/option><option value=\"WS\">Samoa<\/option><option value=\"SM\">San Marino<\/option><option value=\"ST\">S\u00e3o Tom\u00e9 und Pr\u00edncipe<\/option><option value=\"SA\">Saudi-Arabien<\/option><option value=\"SE\">Schweden<\/option><option value=\"CH\">Schweiz<\/option><option value=\"SN\">Senegal<\/option><option value=\"RS\">Serbien<\/option><option value=\"SC\">Seychellen<\/option><option value=\"SL\">Sierra Leone<\/option><option value=\"ZW\">Simbabwe<\/option><option value=\"SG\">Singapur<\/option><option value=\"SX\">Sint Maarten<\/option><option value=\"SK\">Slowakei<\/option><option value=\"SI\">Slowenien<\/option><option value=\"SO\">Somalia<\/option><option value=\"HK\">Sonderverwaltungsregion Hongkong<\/option><option value=\"MO\">Sonderverwaltungsregion Macau<\/option><option value=\"ES\">Spanien<\/option><option value=\"SJ\">Spitzbergen und Jan Mayen<\/option><option value=\"LK\">Sri Lanka<\/option><option value=\"BL\">St. Barth\u00e9lemy<\/option><option value=\"SH\">St. Helena<\/option><option value=\"KN\">St. Kitts und Nevis<\/option><option value=\"LC\">St. Lucia<\/option><option value=\"MF\">St. Martin<\/option><option value=\"PM\">St. Pierre und Miquelon<\/option><option value=\"VC\">St. Vincent und die Grenadinen<\/option><option value=\"ZA\">S\u00fcdafrika<\/option><option value=\"SD\">Sudan<\/option><option value=\"GS\">S\u00fcdgeorgien und die S\u00fcdlichen Sandwichinseln<\/option><option value=\"KR\">S\u00fcdkorea<\/option><option value=\"SS\">S\u00fcdsudan<\/option><option value=\"SR\">Suriname<\/option><option value=\"SY\">Syrien<\/option><option value=\"TJ\">Tadschikistan<\/option><option value=\"TW\">Taiwan<\/option><option value=\"TZ\">Tansania<\/option><option value=\"TH\">Thailand<\/option><option value=\"TL\">Timor-Leste<\/option><option value=\"TG\">Togo<\/option><option value=\"TK\">Tokelau<\/option><option value=\"TO\">Tonga<\/option><option value=\"TT\">Trinidad und Tobago<\/option><option value=\"TD\">Tschad<\/option><option value=\"CZ\">Tschechien<\/option><option value=\"TN\">Tunesien<\/option><option value=\"TR\">T\u00fcrkei<\/option><option value=\"TM\">Turkmenistan<\/option><option value=\"TC\">Turks- und Caicosinseln<\/option><option value=\"TV\">Tuvalu<\/option><option value=\"UG\">Uganda<\/option><option value=\"UA\">Ukraine<\/option><option value=\"HU\">Ungarn<\/option><option value=\"UY\">Uruguay<\/option><option value=\"UZ\">Usbekistan<\/option><option value=\"VU\">Vanuatu<\/option><option value=\"VA\">Vatikanstadt<\/option><option value=\"VE\">Venezuela<\/option><option value=\"AE\">Vereinigte Arabische Emirate<\/option><option value=\"US\">Vereinigte Staaten<\/option><option value=\"GB\">Vereinigtes K\u00f6nigreich<\/option><option value=\"VN\">Vietnam<\/option><option value=\"WF\">Wallis und Futuna<\/option><option value=\"CX\">Weihnachtsinsel<\/option><option value=\"EH\">Westsahara<\/option><option value=\"CF\">Zentralafrikanische Republik<\/option><option value=\"CY\">Zypern<\/option><\/select><br><br>\n<label for=\"website\">Webseite<\/label><input name=\"website\" type=\"url\" maxlength=\"100\" required=\"required\"><br><br>\n<label for=\"email\">E-mail (optional)<\/label><input name=\"email\" type=\"email\" maxlength=\"50\"><br><br>\n<label for=\"phone\">Telefon (optional)<\/label><input name=\"phone\" type=\"text\" maxlength=\"20\"><br><br>\n<label for=\"people\">Name(n) der Lehrer*innen<\/label><input name=\"people\" type=\"text\" maxlength=\"100\" required=\"required\"><br><br>\n<label for=\"message\">Wenn du m\u00f6chtest, f\u00fcge deiner Anfrage eine Nachricht hinzu:<\/label><textarea name=\"message\" maxlength=\"1000\"><\/textarea><br><br>\n<button id=\"submitButton\" type=\"submit\" class=\"pushbutton-wide\">Senden<\/button>\n<\/form>\n\n\n\n<pre class=\"wp-block-code\"><code><em>Wir werden deine Anfrage innerhalb der n\u00e4chsten 7 Tage beantworten.<\/em><\/code><\/pre>\n","protected":false},"excerpt":{"rendered":"<p>Vermittelst du Meridianwissen? Wir m\u00f6chten, dass Tsubook hilfreich ist f\u00fcr alle Lernenden und -Praktizierenden, ganz gleich welche Technik sie lernen (Traditionelle Chinesische Medizin, Akupunktur, Shiatsu, Tuina, Kinesiologie, Reflexologie, Qi Gong, \u2026). Durch diesen offenen Ansatz suchen wir den Kontakt zu Schulen und\/oder Lehrern, um neue Partnerschaften aufzubauen. F\u00fcr Partnerschaften mit Organisationen lies hier. Deine Vorteile:<a href=\"https:\/\/www.tsubook.net\/de\/partnerschaft\/\">[&#8230;]<\/a><\/p>\n","protected":false},"author":1,"featured_media":0,"parent":0,"menu_order":0,"comment_status":"closed","ping_status":"closed","template":"","meta":{"footnotes":""},"class_list":["post-21","page","type-page","status-publish","hentry","wpautop"],"yoast_head":"<!-- This site is optimized with the Yoast SEO plugin v27.1.1 - https:\/\/yoast.com\/product\/yoast-seo-wordpress\/ -->\n<title>Partnerschaft - Tsubook<\/title>\n<meta name=\"robots\" content=\"index, follow, max-snippet:-1, max-image-preview:large, max-video-preview:-1\" \/>\n<link rel=\"canonical\" href=\"https:\/\/www.tsubook.net\/de\/partnerschaft\/\" \/>\n<meta property=\"og:locale\" content=\"de_DE\" \/>\n<meta property=\"og:type\" content=\"article\" \/>\n<meta property=\"og:title\" content=\"Partnerschaft - Tsubook\" \/>\n<meta property=\"og:description\" content=\"Vermittelst du Meridianwissen? Wir m\u00f6chten, dass Tsubook hilfreich ist f\u00fcr alle Lernenden und -Praktizierenden, ganz gleich welche Technik sie lernen (Traditionelle Chinesische Medizin, Akupunktur, Shiatsu, Tuina, Kinesiologie, Reflexologie, Qi Gong, \u2026). Durch diesen offenen Ansatz suchen wir den Kontakt zu Schulen und\/oder Lehrern, um neue Partnerschaften aufzubauen. F\u00fcr Partnerschaften mit Organisationen lies hier. Deine Vorteile:[...]\" \/>\n<meta property=\"og:url\" content=\"https:\/\/www.tsubook.net\/de\/partnerschaft\/\" \/>\n<meta property=\"og:site_name\" content=\"Tsubook\" \/>\n<meta property=\"article:modified_time\" content=\"2024-09-05T17:31:17+00:00\" \/>\n<meta property=\"og:image\" content=\"http:\/\/www.tsubook.net\/wp-content\/uploads\/photo_tsubook2_1920_1280.jpg\" \/>\n<meta name=\"twitter:card\" content=\"summary_large_image\" \/>\n<meta name=\"twitter:label1\" content=\"Gesch\u00e4tzte Lesezeit\" \/>\n\t<meta name=\"twitter:data1\" content=\"4\u00a0Minuten\" \/>\n<script type=\"application\/ld+json\" class=\"yoast-schema-graph\">{\"@context\":\"https:\/\/schema.org\",\"@graph\":[{\"@type\":\"WebPage\",\"@id\":\"https:\/\/www.tsubook.net\/de\/partnerschaft\/\",\"url\":\"https:\/\/www.tsubook.net\/de\/partnerschaft\/\",\"name\":\"Partnerschaft - Tsubook\",\"isPartOf\":{\"@id\":\"https:\/\/www.tsubook.net\/de\/#website\"},\"primaryImageOfPage\":{\"@id\":\"https:\/\/www.tsubook.net\/de\/partnerschaft\/#primaryimage\"},\"image\":{\"@id\":\"https:\/\/www.tsubook.net\/de\/partnerschaft\/#primaryimage\"},\"thumbnailUrl\":\"http:\/\/www.tsubook.net\/wp-content\/uploads\/photo_tsubook2_1920_1280.jpg\",\"datePublished\":\"2020-01-09T17:25:37+00:00\",\"dateModified\":\"2024-09-05T17:31:17+00:00\",\"inLanguage\":\"de\",\"potentialAction\":[{\"@type\":\"ReadAction\",\"target\":[\"https:\/\/www.tsubook.net\/de\/partnerschaft\/\"]}]},{\"@type\":\"ImageObject\",\"inLanguage\":\"de\",\"@id\":\"https:\/\/www.tsubook.net\/de\/partnerschaft\/#primaryimage\",\"url\":\"http:\/\/www.tsubook.net\/wp-content\/uploads\/photo_tsubook2_1920_1280.jpg\",\"contentUrl\":\"http:\/\/www.tsubook.net\/wp-content\/uploads\/photo_tsubook2_1920_1280.jpg\"},{\"@type\":\"WebSite\",\"@id\":\"https:\/\/www.tsubook.net\/de\/#website\",\"url\":\"https:\/\/www.tsubook.net\/de\/\",\"name\":\"Tsubook\",\"description\":\"Die Meridian-App f\u00fcr TCM, Akupunktur, Shiatsu, Tuina, Kinesiologie, Reflexologie, Qigong und andere\",\"potentialAction\":[{\"@type\":\"SearchAction\",\"target\":{\"@type\":\"EntryPoint\",\"urlTemplate\":\"https:\/\/www.tsubook.net\/de\/?s={search_term_string}\"},\"query-input\":{\"@type\":\"PropertyValueSpecification\",\"valueRequired\":true,\"valueName\":\"search_term_string\"}}],\"inLanguage\":\"de\"}]}<\/script>\n<!-- \/ Yoast SEO plugin. -->","yoast_head_json":{"title":"Partnerschaft - Tsubook","robots":{"index":"index","follow":"follow","max-snippet":"max-snippet:-1","max-image-preview":"max-image-preview:large","max-video-preview":"max-video-preview:-1"},"canonical":"https:\/\/www.tsubook.net\/de\/partnerschaft\/","og_locale":"de_DE","og_type":"article","og_title":"Partnerschaft - Tsubook","og_description":"Vermittelst du Meridianwissen? Wir m\u00f6chten, dass Tsubook hilfreich ist f\u00fcr alle Lernenden und -Praktizierenden, ganz gleich welche Technik sie lernen (Traditionelle Chinesische Medizin, Akupunktur, Shiatsu, Tuina, Kinesiologie, Reflexologie, Qi Gong, \u2026). Durch diesen offenen Ansatz suchen wir den Kontakt zu Schulen und\/oder Lehrern, um neue Partnerschaften aufzubauen. F\u00fcr Partnerschaften mit Organisationen lies hier. Deine Vorteile:[...]","og_url":"https:\/\/www.tsubook.net\/de\/partnerschaft\/","og_site_name":"Tsubook","article_modified_time":"2024-09-05T17:31:17+00:00","og_image":[{"url":"http:\/\/www.tsubook.net\/wp-content\/uploads\/photo_tsubook2_1920_1280.jpg","type":"","width":"","height":""}],"twitter_card":"summary_large_image","twitter_misc":{"Gesch\u00e4tzte Lesezeit":"4\u00a0Minuten"},"schema":{"@context":"https:\/\/schema.org","@graph":[{"@type":"WebPage","@id":"https:\/\/www.tsubook.net\/de\/partnerschaft\/","url":"https:\/\/www.tsubook.net\/de\/partnerschaft\/","name":"Partnerschaft - Tsubook","isPartOf":{"@id":"https:\/\/www.tsubook.net\/de\/#website"},"primaryImageOfPage":{"@id":"https:\/\/www.tsubook.net\/de\/partnerschaft\/#primaryimage"},"image":{"@id":"https:\/\/www.tsubook.net\/de\/partnerschaft\/#primaryimage"},"thumbnailUrl":"http:\/\/www.tsubook.net\/wp-content\/uploads\/photo_tsubook2_1920_1280.jpg","datePublished":"2020-01-09T17:25:37+00:00","dateModified":"2024-09-05T17:31:17+00:00","inLanguage":"de","potentialAction":[{"@type":"ReadAction","target":["https:\/\/www.tsubook.net\/de\/partnerschaft\/"]}]},{"@type":"ImageObject","inLanguage":"de","@id":"https:\/\/www.tsubook.net\/de\/partnerschaft\/#primaryimage","url":"http:\/\/www.tsubook.net\/wp-content\/uploads\/photo_tsubook2_1920_1280.jpg","contentUrl":"http:\/\/www.tsubook.net\/wp-content\/uploads\/photo_tsubook2_1920_1280.jpg"},{"@type":"WebSite","@id":"https:\/\/www.tsubook.net\/de\/#website","url":"https:\/\/www.tsubook.net\/de\/","name":"Tsubook","description":"Die Meridian-App f\u00fcr TCM, Akupunktur, Shiatsu, Tuina, Kinesiologie, Reflexologie, Qigong und andere","potentialAction":[{"@type":"SearchAction","target":{"@type":"EntryPoint","urlTemplate":"https:\/\/www.tsubook.net\/de\/?s={search_term_string}"},"query-input":{"@type":"PropertyValueSpecification","valueRequired":true,"valueName":"search_term_string"}}],"inLanguage":"de"}]}},"jetpack_sharing_enabled":true,"_links":{"self":[{"href":"https:\/\/www.tsubook.net\/de\/wp-json\/wp\/v2\/pages\/21","targetHints":{"allow":["GET"]}}],"collection":[{"href":"https:\/\/www.tsubook.net\/de\/wp-json\/wp\/v2\/pages"}],"about":[{"href":"https:\/\/www.tsubook.net\/de\/wp-json\/wp\/v2\/types\/page"}],"author":[{"embeddable":true,"href":"https:\/\/www.tsubook.net\/de\/wp-json\/wp\/v2\/users\/1"}],"replies":[{"embeddable":true,"href":"https:\/\/www.tsubook.net\/de\/wp-json\/wp\/v2\/comments?post=21"}],"version-history":[{"count":14,"href":"https:\/\/www.tsubook.net\/de\/wp-json\/wp\/v2\/pages\/21\/revisions"}],"predecessor-version":[{"id":970,"href":"https:\/\/www.tsubook.net\/de\/wp-json\/wp\/v2\/pages\/21\/revisions\/970"}],"wp:attachment":[{"href":"https:\/\/www.tsubook.net\/de\/wp-json\/wp\/v2\/media?parent=21"}],"curies":[{"name":"wp","href":"https:\/\/api.w.org\/{rel}","templated":true}]}}