{"id":24,"date":"2020-01-09T18:27:49","date_gmt":"2020-01-09T17:27:49","guid":{"rendered":"https:\/\/www.tsubook.net\/de\/?page_id=24"},"modified":"2024-09-03T12:16:04","modified_gmt":"2024-09-03T10:16:04","slug":"vollversion","status":"publish","type":"page","link":"https:\/\/www.tsubook.net\/de\/vollversion\/","title":{"rendered":"Tsubook zahlungspflichtiger Inhalt"},"content":{"rendered":"\n<style>\nli {\n   margin: 10px 0px;\n}\n<\/style>\n<p><video class=\"aligncenter\" style=\"border: solid gray 1px;\" controls=\"controls\" width=\"222\" height=\"392\"><source src=\"https:\/\/www.tsubook.net\/videos\/full_version_de_2.mp4\" type=\"video\/mp4\"><\/video><\/p>\n\n\n\n<p>Tsubook kann kostenfrei heruntergeladen werden. Ein Teil der App ist kostenfrei, der andere ist zahlungspflichtig (die &#8222;Vollversion&#8220;).<\/p>\n\n\n\n<h3 class=\"wp-block-heading\">Kostenfreier Inhalt<\/h3>\n\n\n\n<ul class=\"wp-block-list\">\n<li><strong>Menschlicher K\u00f6rper in 3D<\/strong><\/li>\n\n\n\n<li><strong>14 Meridiane der TCM<\/strong>: Lunge, Dickdarm, Magen, Milz, Herz, D\u00fcnndarm, Blase, Niere, Herzkreislauf, Dreifacherw\u00e4rmer, Gallenblase, Leber, Konzeptionsgef\u00e4\u00df (Ren Mai), Lenkergef\u00e4\u00df (Du Mai)<\/li>\n\n\n\n<li><strong>6 Masunaga-Meridiane<\/strong>: Lunge, Dickdarm, Magen, Milz, Herz, D\u00fcnndarm<\/li>\n\n\n\n<li><strong>6 Diagnosezonen (Hara und R\u00fccken)<\/strong>: Lunge, Dickdarm, Magen, Milz, Herz, D\u00fcnndarm<\/li>\n\n\n\n<li><strong>Die 361 Hauptpunkte<\/strong>: Meridian und Nummer des Punktes (zB: MA6, LE12, \u2026) + 3D-Ansicht und Beschreibung f\u00fcr eine einfache Lokalisierung<\/li>\n<\/ul>\n\n\n\n<p><center><a class=\"btn red-btn\" style=\"font-size: 1.2em; padding: 10px 18px;\" href=\"https:\/\/www.tsubook.net\/download\/\">Kostenfrei herunterladen<\/a><\/center><\/p>\n\n\n\n<h3 class=\"wp-block-heading\">Zahlungspflichtiger Inhalt<\/h3>\n\n\n\n<ul class=\"wp-block-list\">\n<li><strong>Knochen, Muskeln und Organe<\/strong><\/li>\n\n\n\n<li><strong>+6 au\u00dferordentliche Gef\u00e4\u00dfe<\/strong>: Chong Mai, Dai Mai, Yang Qiao Mai, Yin Qiao Mai, Yang Wei Mai, Yin Wei Mai<\/li>\n\n\n\n<li><strong>Alle Masunaga-Meridiane<\/strong><\/li>\n\n\n\n<li><strong>Alle Diagnosezonen (Hara und R\u00fccken)<\/strong><\/li>\n\n\n\n<li><strong>Mehr als 600 Indikationen<\/strong>: Suchfeld f\u00fcr ein einfaches Auffinden von Indikationen + F\u00fcr jede Indikation: globale 3D Ansicht und Auflistung der h\u00e4ufigsten Punkte<\/li>\n\n\n\n<li><strong>11 Kategorien von Punkten<\/strong>: Mu-Punkte, Antike-Punkte (5-Shu-, Transport-), Xi-Spalt-Punkte (Grenz-), Luo-Punkte (Durchgangs-, Nexorien), Schl\u00fcssel-Punkte der 8 AG (Verbindungs-, Zusammenkunfts-, Meister-, Kardinal-), Yuan-Punkte, Hui-Einfluss-Punkte (Meister-), Punkte der 4 Meere, Untere He Punkte, R\u00fccken-Shu-Punkte (Yu-Punkte), Himmelsfenster-Punkte (Tian-)<\/li>\n\n\n\n<li><strong>Erweiterte Punkt-Details<\/strong>: Eigenschaften nach Traditioneller Chinesischer Medizin + Japanische, chinesische und deutsche Namen + Japanische und chinesische Ideogramme (Zeichen) + Punkte-Kategorien + Die h\u00e4ufigsten Indikationen f\u00fcr diesen Punkt<\/li>\n<\/ul>\n\n\n\n<p>Es gibt zwei Arten von Lizenzen f\u00fcr Tsubook. Mit einer &#8222;ABONNEMENT&#8220; Lizenz, zahlst du monatlich (\u20ac 3.99) und du hast Zugriff auf alle Inhalte auf all deinen Ger\u00e4ten. Mit einer &#8222;LEBENSLANG&#8220; Lizenz bezahlst du einmalig (ab 44.99 \u20ac) und du kannst die in der Lizenz enthaltenen Funktionen auf nur einem Ger\u00e4t nutzen (eine <a href=\"https:\/\/www.tsubook.net\/de\/hilfe\/lizenz\/ubertragen\/\">\u00dcbertragung der Lizenz<\/a> auf ein anderes Ger\u00e4t ist aber m\u00f6glich wenn du dein Ger\u00e4t ersetzt oder verlierst). W\u00e4hrung und Preis kann je nach Land variieren.<\/p>\n\n\n\n<p id=\"block-65aef368-01c9-4ed3-8cc8-e68d130170d1\">Fairness und Transparenz sind uns wichtig &#8211; auch beim Preis. Lies hier, <a href=\"https:\/\/www.tsubook.net\/de\/hilfe\/preise\/preispolitik\/\">was den Preis f\u00fcr Tsubook bestimmt<\/a>.<\/p>\n\n\n\n<p><center><a class=\"btn red-btn\" style=\"font-size: 1.2em; padding: 10px 18px;\" href=\"https:\/\/www.tsubook.net\/app\/?lang=de#license\">Eine Lizenz kaufen<\/a><\/center><\/p>\n\n\n\n<p><\/p>\n","protected":false},"excerpt":{"rendered":"<p>Tsubook kann kostenfrei heruntergeladen werden. Ein Teil der App ist kostenfrei, der andere ist zahlungspflichtig (die &#8222;Vollversion&#8220;). Kostenfreier Inhalt Kostenfrei herunterladen Zahlungspflichtiger Inhalt Es gibt zwei Arten von Lizenzen f\u00fcr Tsubook. Mit einer &#8222;ABONNEMENT&#8220; Lizenz, zahlst du monatlich (\u20ac 3.99) und du hast Zugriff auf alle Inhalte auf all deinen Ger\u00e4ten. Mit einer &#8222;LEBENSLANG&#8220; Lizenz<a href=\"https:\/\/www.tsubook.net\/de\/vollversion\/\">[&#8230;]<\/a><\/p>\n","protected":false},"author":1,"featured_media":0,"parent":0,"menu_order":0,"comment_status":"closed","ping_status":"closed","template":"","meta":{"footnotes":""},"class_list":["post-24","page","type-page","status-publish","hentry","wpautop"],"yoast_head":"<!-- This site is optimized with the Yoast SEO plugin v27.1.1 - https:\/\/yoast.com\/product\/yoast-seo-wordpress\/ -->\n<title>Tsubook zahlungspflichtiger Inhalt - Tsubook<\/title>\n<meta name=\"description\" content=\"3D-Darstellung von 12 TCM- und Masunaga Meridianen (Zen Shiatsu), 361 Akupunkturpunkten inmitten von Knochen, Muskeln und Organen, Suche nach Indikationen, erh\u00e4ltlich in der Vollversion von Tsubook, Fairness und Transparenz sind uns wichtig\" \/>\n<meta name=\"robots\" content=\"index, follow, max-snippet:-1, max-image-preview:large, max-video-preview:-1\" \/>\n<link rel=\"canonical\" href=\"https:\/\/www.tsubook.net\/de\/vollversion\/\" \/>\n<meta property=\"og:locale\" content=\"de_DE\" \/>\n<meta property=\"og:type\" content=\"article\" \/>\n<meta property=\"og:title\" content=\"Tsubook zahlungspflichtiger Inhalt - Tsubook\" \/>\n<meta property=\"og:description\" content=\"3D-Darstellung von 12 TCM- und Masunaga Meridianen (Zen Shiatsu), 361 Akupunkturpunkten inmitten von Knochen, Muskeln und Organen, Suche nach Indikationen, erh\u00e4ltlich in der Vollversion von Tsubook, Fairness und Transparenz sind uns wichtig\" \/>\n<meta property=\"og:url\" content=\"https:\/\/www.tsubook.net\/de\/vollversion\/\" \/>\n<meta property=\"og:site_name\" content=\"Tsubook\" \/>\n<meta property=\"article:modified_time\" content=\"2024-09-03T10:16:04+00:00\" \/>\n<meta property=\"og:image\" content=\"https:\/\/www.tsubook.net\/de\/wp-content\/uploads\/tsubook_main.png\" \/>\n\t<meta property=\"og:image:width\" content=\"1024\" \/>\n\t<meta property=\"og:image:height\" content=\"683\" \/>\n\t<meta property=\"og:image:type\" content=\"image\/png\" \/>\n<meta name=\"twitter:card\" content=\"summary_large_image\" \/>\n<meta name=\"twitter:label1\" content=\"Gesch\u00e4tzte Lesezeit\" \/>\n\t<meta name=\"twitter:data1\" content=\"2\u00a0Minuten\" \/>\n<script type=\"application\/ld+json\" class=\"yoast-schema-graph\">{\"@context\":\"https:\/\/schema.org\",\"@graph\":[{\"@type\":\"WebPage\",\"@id\":\"https:\/\/www.tsubook.net\/de\/vollversion\/\",\"url\":\"https:\/\/www.tsubook.net\/de\/vollversion\/\",\"name\":\"Tsubook zahlungspflichtiger Inhalt - Tsubook\",\"isPartOf\":{\"@id\":\"https:\/\/www.tsubook.net\/de\/#website\"},\"datePublished\":\"2020-01-09T17:27:49+00:00\",\"dateModified\":\"2024-09-03T10:16:04+00:00\",\"description\":\"3D-Darstellung von 12 TCM- und Masunaga Meridianen (Zen Shiatsu), 361 Akupunkturpunkten inmitten von Knochen, Muskeln und Organen, Suche nach Indikationen, erh\u00e4ltlich in der Vollversion von Tsubook, Fairness und Transparenz sind uns wichtig\",\"inLanguage\":\"de\",\"potentialAction\":[{\"@type\":\"ReadAction\",\"target\":[\"https:\/\/www.tsubook.net\/de\/vollversion\/\"]}]},{\"@type\":\"WebSite\",\"@id\":\"https:\/\/www.tsubook.net\/de\/#website\",\"url\":\"https:\/\/www.tsubook.net\/de\/\",\"name\":\"Tsubook\",\"description\":\"Die Meridian-App f\u00fcr TCM, Akupunktur, Shiatsu, Tuina, Kinesiologie, Reflexologie, Qigong und andere\",\"potentialAction\":[{\"@type\":\"SearchAction\",\"target\":{\"@type\":\"EntryPoint\",\"urlTemplate\":\"https:\/\/www.tsubook.net\/de\/?s={search_term_string}\"},\"query-input\":{\"@type\":\"PropertyValueSpecification\",\"valueRequired\":true,\"valueName\":\"search_term_string\"}}],\"inLanguage\":\"de\"}]}<\/script>\n<!-- \/ Yoast SEO plugin. -->","yoast_head_json":{"title":"Tsubook zahlungspflichtiger Inhalt - Tsubook","description":"3D-Darstellung von 12 TCM- und Masunaga Meridianen (Zen Shiatsu), 361 Akupunkturpunkten inmitten von Knochen, Muskeln und Organen, Suche nach Indikationen, erh\u00e4ltlich in der Vollversion von Tsubook, Fairness und Transparenz sind uns wichtig","robots":{"index":"index","follow":"follow","max-snippet":"max-snippet:-1","max-image-preview":"max-image-preview:large","max-video-preview":"max-video-preview:-1"},"canonical":"https:\/\/www.tsubook.net\/de\/vollversion\/","og_locale":"de_DE","og_type":"article","og_title":"Tsubook zahlungspflichtiger Inhalt - Tsubook","og_description":"3D-Darstellung von 12 TCM- und Masunaga Meridianen (Zen Shiatsu), 361 Akupunkturpunkten inmitten von Knochen, Muskeln und Organen, Suche nach Indikationen, erh\u00e4ltlich in der Vollversion von Tsubook, Fairness und Transparenz sind uns wichtig","og_url":"https:\/\/www.tsubook.net\/de\/vollversion\/","og_site_name":"Tsubook","article_modified_time":"2024-09-03T10:16:04+00:00","og_image":[{"width":1024,"height":683,"url":"https:\/\/www.tsubook.net\/de\/wp-content\/uploads\/tsubook_main.png","type":"image\/png"}],"twitter_card":"summary_large_image","twitter_misc":{"Gesch\u00e4tzte Lesezeit":"2\u00a0Minuten"},"schema":{"@context":"https:\/\/schema.org","@graph":[{"@type":"WebPage","@id":"https:\/\/www.tsubook.net\/de\/vollversion\/","url":"https:\/\/www.tsubook.net\/de\/vollversion\/","name":"Tsubook zahlungspflichtiger Inhalt - Tsubook","isPartOf":{"@id":"https:\/\/www.tsubook.net\/de\/#website"},"datePublished":"2020-01-09T17:27:49+00:00","dateModified":"2024-09-03T10:16:04+00:00","description":"3D-Darstellung von 12 TCM- und Masunaga Meridianen (Zen Shiatsu), 361 Akupunkturpunkten inmitten von Knochen, Muskeln und Organen, Suche nach Indikationen, erh\u00e4ltlich in der Vollversion von Tsubook, Fairness und Transparenz sind uns wichtig","inLanguage":"de","potentialAction":[{"@type":"ReadAction","target":["https:\/\/www.tsubook.net\/de\/vollversion\/"]}]},{"@type":"WebSite","@id":"https:\/\/www.tsubook.net\/de\/#website","url":"https:\/\/www.tsubook.net\/de\/","name":"Tsubook","description":"Die Meridian-App f\u00fcr TCM, Akupunktur, Shiatsu, Tuina, Kinesiologie, Reflexologie, Qigong und andere","potentialAction":[{"@type":"SearchAction","target":{"@type":"EntryPoint","urlTemplate":"https:\/\/www.tsubook.net\/de\/?s={search_term_string}"},"query-input":{"@type":"PropertyValueSpecification","valueRequired":true,"valueName":"search_term_string"}}],"inLanguage":"de"}]}},"jetpack_sharing_enabled":true,"_links":{"self":[{"href":"https:\/\/www.tsubook.net\/de\/wp-json\/wp\/v2\/pages\/24","targetHints":{"allow":["GET"]}}],"collection":[{"href":"https:\/\/www.tsubook.net\/de\/wp-json\/wp\/v2\/pages"}],"about":[{"href":"https:\/\/www.tsubook.net\/de\/wp-json\/wp\/v2\/types\/page"}],"author":[{"embeddable":true,"href":"https:\/\/www.tsubook.net\/de\/wp-json\/wp\/v2\/users\/1"}],"replies":[{"embeddable":true,"href":"https:\/\/www.tsubook.net\/de\/wp-json\/wp\/v2\/comments?post=24"}],"version-history":[{"count":20,"href":"https:\/\/www.tsubook.net\/de\/wp-json\/wp\/v2\/pages\/24\/revisions"}],"predecessor-version":[{"id":953,"href":"https:\/\/www.tsubook.net\/de\/wp-json\/wp\/v2\/pages\/24\/revisions\/953"}],"wp:attachment":[{"href":"https:\/\/www.tsubook.net\/de\/wp-json\/wp\/v2\/media?parent=24"}],"curies":[{"name":"wp","href":"https:\/\/api.w.org\/{rel}","templated":true}]}}