{"id":539,"date":"2020-12-14T12:07:50","date_gmt":"2020-12-14T11:07:50","guid":{"rendered":"https:\/\/www.tsubook.net\/de\/?page_id=539"},"modified":"2025-08-06T12:48:51","modified_gmt":"2025-08-06T10:48:51","slug":"preispolitik","status":"publish","type":"page","link":"https:\/\/www.tsubook.net\/de\/hilfe\/preise\/preispolitik\/","title":{"rendered":"Was bestimmt den Preis f\u00fcr Tsubook?"},"content":{"rendered":"\t\t\t<!-- Flexy Breadcrumb -->\r\n\t\t\t<div class=\"fbc fbc-page\">\r\n\r\n\t\t\t\t<!-- Breadcrumb wrapper -->\r\n\t\t\t\t<div class=\"fbc-wrap\">\r\n\r\n\t\t\t\t\t<!-- Ordered list-->\r\n\t\t\t\t\t<ol class=\"fbc-items\" itemscope itemtype=\"https:\/\/schema.org\/BreadcrumbList\">\r\n\t\t\t\t\t\t<li class=\"active\" itemprop=\"itemListElement\" itemscope itemtype=\"https:\/\/schema.org\/ListItem\"><span itemprop=\"name\" title=\"Was bestimmt den Preis f\u00fcr Tsubook?\">Was bestimmt den Preis f\u00fcr Tsubook?<\/span><meta itemprop=\"position\" content=\"2\" \/><\/li>\t\t\t\t\t<\/ol>\r\n\t\t\t\t\t<div class=\"clearfix\"><\/div>\r\n\t\t\t\t<\/div>\r\n\t\t\t<\/div>\r\n\t\t\t\n\n\n\n<p>Wir haben uns Gedanken gemacht, wie wir es Menschen weltweit erm\u00f6glichen k\u00f6nnen, mit Tsubook zu lernen. F\u00fcr uns war es wichtig, bereits mit der kostenlosen Version ein Werkzeug anbieten zu k\u00f6nnen, mit dem man gut Lernen kann. Das funktioniert und wir haben mittlerweile \u00fcber 10.000 zufriedene Nutzer, die jeden Monat die App \u00f6ffnen. Das n\u00e4hrt unser Herz, aber nicht unseren Magen und erm\u00f6glicht uns erst recht keine Weiterentwicklung der App.&nbsp;Und wir m\u00f6chten Tsubook gern weiterentwickeln und auf lange Zeit Support anbieten!<\/p>\n\n\n\n<p>Die Menschen, die tiefer blicken und ernsthaft mit Tsubook lernen wollen, k\u00f6nnen eine Lizenz erwerben, um auf den vollst\u00e4ndigen Inhalt zuzugreifen. Der Preis f\u00fcr diese Lizenz ist von Land zu Land verschieden und orientiert sich jeweils an dem landes\u00fcblichen Preis einer Behandlung. Mit dieser Preispolitik hoffen wir es Lernenden in jedem Land zu erm\u00f6glichen, mit ihrer ersten Behandlung die Ausgabe wieder herein zu bekommen.<\/p>\n\n\n\n<p>Du magst unsere Preispolitik, aber w\u00fcnschst dir eine Erm\u00e4\u00dfigung? Lies hier welche M\u00f6glichkeiten es gibt, um <a href=\"https:\/\/www.tsubook.net\/de\/hilfe\/preise\/rabatt\/\">einen Rabatt zu bekommen.<\/a><\/p>\n","protected":false},"excerpt":{"rendered":"<p>Wir haben uns Gedanken gemacht, wie wir es Menschen weltweit erm\u00f6glichen k\u00f6nnen, mit Tsubook zu lernen. F\u00fcr uns war es wichtig, bereits mit der kostenlosen Version ein Werkzeug anbieten zu k\u00f6nnen, mit dem man gut Lernen kann. Das funktioniert und wir haben mittlerweile \u00fcber 10.000 zufriedene Nutzer, die jeden Monat die App \u00f6ffnen. Das n\u00e4hrt<a href=\"https:\/\/www.tsubook.net\/de\/hilfe\/preise\/preispolitik\/\">[&#8230;]<\/a><\/p>\n","protected":false},"author":2,"featured_media":0,"parent":96,"menu_order":0,"comment_status":"closed","ping_status":"closed","template":"","meta":{"footnotes":""},"class_list":["post-539","page","type-page","status-publish","hentry","wpautop"],"yoast_head":"<!-- This site is optimized with the Yoast SEO plugin v27.1.1 - https:\/\/yoast.com\/product\/yoast-seo-wordpress\/ -->\n<title>Was bestimmt den Preis f\u00fcr Tsubook? - Tsubook<\/title>\n<meta name=\"robots\" content=\"index, follow, max-snippet:-1, max-image-preview:large, max-video-preview:-1\" \/>\n<link rel=\"canonical\" href=\"https:\/\/www.tsubook.net\/de\/hilfe\/preise\/preispolitik\/\" \/>\n<meta property=\"og:locale\" content=\"de_DE\" \/>\n<meta property=\"og:type\" content=\"article\" \/>\n<meta property=\"og:title\" content=\"Was bestimmt den Preis f\u00fcr Tsubook? - Tsubook\" \/>\n<meta property=\"og:description\" content=\"Wir haben uns Gedanken gemacht, wie wir es Menschen weltweit erm\u00f6glichen k\u00f6nnen, mit Tsubook zu lernen. F\u00fcr uns war es wichtig, bereits mit der kostenlosen Version ein Werkzeug anbieten zu k\u00f6nnen, mit dem man gut Lernen kann. Das funktioniert und wir haben mittlerweile \u00fcber 10.000 zufriedene Nutzer, die jeden Monat die App \u00f6ffnen. Das n\u00e4hrt[...]\" \/>\n<meta property=\"og:url\" content=\"https:\/\/www.tsubook.net\/de\/hilfe\/preise\/preispolitik\/\" \/>\n<meta property=\"og:site_name\" content=\"Tsubook\" \/>\n<meta property=\"article:modified_time\" content=\"2025-08-06T10:48:51+00:00\" \/>\n<meta property=\"og:image\" content=\"https:\/\/www.tsubook.net\/de\/wp-content\/uploads\/tsubook_main.png\" \/>\n\t<meta property=\"og:image:width\" content=\"1024\" \/>\n\t<meta property=\"og:image:height\" content=\"683\" \/>\n\t<meta property=\"og:image:type\" content=\"image\/png\" \/>\n<meta name=\"twitter:card\" content=\"summary_large_image\" \/>\n<meta name=\"twitter:label1\" content=\"Gesch\u00e4tzte Lesezeit\" \/>\n\t<meta name=\"twitter:data1\" content=\"1\u00a0Minute\" \/>\n<script type=\"application\/ld+json\" class=\"yoast-schema-graph\">{\"@context\":\"https:\/\/schema.org\",\"@graph\":[{\"@type\":\"WebPage\",\"@id\":\"https:\/\/www.tsubook.net\/de\/hilfe\/preise\/preispolitik\/\",\"url\":\"https:\/\/www.tsubook.net\/de\/hilfe\/preise\/preispolitik\/\",\"name\":\"Was bestimmt den Preis f\u00fcr Tsubook? - Tsubook\",\"isPartOf\":{\"@id\":\"https:\/\/www.tsubook.net\/de\/#website\"},\"datePublished\":\"2020-12-14T11:07:50+00:00\",\"dateModified\":\"2025-08-06T10:48:51+00:00\",\"breadcrumb\":{\"@id\":\"https:\/\/www.tsubook.net\/de\/hilfe\/preise\/preispolitik\/#breadcrumb\"},\"inLanguage\":\"de\",\"potentialAction\":[{\"@type\":\"ReadAction\",\"target\":[\"https:\/\/www.tsubook.net\/de\/hilfe\/preise\/preispolitik\/\"]}]},{\"@type\":\"BreadcrumbList\",\"@id\":\"https:\/\/www.tsubook.net\/de\/hilfe\/preise\/preispolitik\/#breadcrumb\",\"itemListElement\":[{\"@type\":\"ListItem\",\"position\":1,\"name\":\"Hilfeseiten\",\"item\":\"https:\/\/www.tsubook.net\/de\/hilfe\/\"},{\"@type\":\"ListItem\",\"position\":2,\"name\":\"Preise\",\"item\":\"https:\/\/www.tsubook.net\/de\/hilfe\/preise\/\"},{\"@type\":\"ListItem\",\"position\":3,\"name\":\"Was bestimmt den Preis f\u00fcr Tsubook?\"}]},{\"@type\":\"WebSite\",\"@id\":\"https:\/\/www.tsubook.net\/de\/#website\",\"url\":\"https:\/\/www.tsubook.net\/de\/\",\"name\":\"Tsubook\",\"description\":\"Die Meridian-App f\u00fcr TCM, Akupunktur, Shiatsu, Tuina, Kinesiologie, Reflexologie, Qigong und andere\",\"potentialAction\":[{\"@type\":\"SearchAction\",\"target\":{\"@type\":\"EntryPoint\",\"urlTemplate\":\"https:\/\/www.tsubook.net\/de\/?s={search_term_string}\"},\"query-input\":{\"@type\":\"PropertyValueSpecification\",\"valueRequired\":true,\"valueName\":\"search_term_string\"}}],\"inLanguage\":\"de\"}]}<\/script>\n<!-- \/ Yoast SEO plugin. -->","yoast_head_json":{"title":"Was bestimmt den Preis f\u00fcr Tsubook? - Tsubook","robots":{"index":"index","follow":"follow","max-snippet":"max-snippet:-1","max-image-preview":"max-image-preview:large","max-video-preview":"max-video-preview:-1"},"canonical":"https:\/\/www.tsubook.net\/de\/hilfe\/preise\/preispolitik\/","og_locale":"de_DE","og_type":"article","og_title":"Was bestimmt den Preis f\u00fcr Tsubook? - Tsubook","og_description":"Wir haben uns Gedanken gemacht, wie wir es Menschen weltweit erm\u00f6glichen k\u00f6nnen, mit Tsubook zu lernen. F\u00fcr uns war es wichtig, bereits mit der kostenlosen Version ein Werkzeug anbieten zu k\u00f6nnen, mit dem man gut Lernen kann. Das funktioniert und wir haben mittlerweile \u00fcber 10.000 zufriedene Nutzer, die jeden Monat die App \u00f6ffnen. Das n\u00e4hrt[...]","og_url":"https:\/\/www.tsubook.net\/de\/hilfe\/preise\/preispolitik\/","og_site_name":"Tsubook","article_modified_time":"2025-08-06T10:48:51+00:00","og_image":[{"width":1024,"height":683,"url":"https:\/\/www.tsubook.net\/de\/wp-content\/uploads\/tsubook_main.png","type":"image\/png"}],"twitter_card":"summary_large_image","twitter_misc":{"Gesch\u00e4tzte Lesezeit":"1\u00a0Minute"},"schema":{"@context":"https:\/\/schema.org","@graph":[{"@type":"WebPage","@id":"https:\/\/www.tsubook.net\/de\/hilfe\/preise\/preispolitik\/","url":"https:\/\/www.tsubook.net\/de\/hilfe\/preise\/preispolitik\/","name":"Was bestimmt den Preis f\u00fcr Tsubook? - Tsubook","isPartOf":{"@id":"https:\/\/www.tsubook.net\/de\/#website"},"datePublished":"2020-12-14T11:07:50+00:00","dateModified":"2025-08-06T10:48:51+00:00","breadcrumb":{"@id":"https:\/\/www.tsubook.net\/de\/hilfe\/preise\/preispolitik\/#breadcrumb"},"inLanguage":"de","potentialAction":[{"@type":"ReadAction","target":["https:\/\/www.tsubook.net\/de\/hilfe\/preise\/preispolitik\/"]}]},{"@type":"BreadcrumbList","@id":"https:\/\/www.tsubook.net\/de\/hilfe\/preise\/preispolitik\/#breadcrumb","itemListElement":[{"@type":"ListItem","position":1,"name":"Hilfeseiten","item":"https:\/\/www.tsubook.net\/de\/hilfe\/"},{"@type":"ListItem","position":2,"name":"Preise","item":"https:\/\/www.tsubook.net\/de\/hilfe\/preise\/"},{"@type":"ListItem","position":3,"name":"Was bestimmt den Preis f\u00fcr Tsubook?"}]},{"@type":"WebSite","@id":"https:\/\/www.tsubook.net\/de\/#website","url":"https:\/\/www.tsubook.net\/de\/","name":"Tsubook","description":"Die Meridian-App f\u00fcr TCM, Akupunktur, Shiatsu, Tuina, Kinesiologie, Reflexologie, Qigong und andere","potentialAction":[{"@type":"SearchAction","target":{"@type":"EntryPoint","urlTemplate":"https:\/\/www.tsubook.net\/de\/?s={search_term_string}"},"query-input":{"@type":"PropertyValueSpecification","valueRequired":true,"valueName":"search_term_string"}}],"inLanguage":"de"}]}},"jetpack_sharing_enabled":true,"_links":{"self":[{"href":"https:\/\/www.tsubook.net\/de\/wp-json\/wp\/v2\/pages\/539","targetHints":{"allow":["GET"]}}],"collection":[{"href":"https:\/\/www.tsubook.net\/de\/wp-json\/wp\/v2\/pages"}],"about":[{"href":"https:\/\/www.tsubook.net\/de\/wp-json\/wp\/v2\/types\/page"}],"author":[{"embeddable":true,"href":"https:\/\/www.tsubook.net\/de\/wp-json\/wp\/v2\/users\/2"}],"replies":[{"embeddable":true,"href":"https:\/\/www.tsubook.net\/de\/wp-json\/wp\/v2\/comments?post=539"}],"version-history":[{"count":11,"href":"https:\/\/www.tsubook.net\/de\/wp-json\/wp\/v2\/pages\/539\/revisions"}],"predecessor-version":[{"id":1024,"href":"https:\/\/www.tsubook.net\/de\/wp-json\/wp\/v2\/pages\/539\/revisions\/1024"}],"up":[{"embeddable":true,"href":"https:\/\/www.tsubook.net\/de\/wp-json\/wp\/v2\/pages\/96"}],"wp:attachment":[{"href":"https:\/\/www.tsubook.net\/de\/wp-json\/wp\/v2\/media?parent=539"}],"curies":[{"name":"wp","href":"https:\/\/api.w.org\/{rel}","templated":true}]}}