{"id":634,"date":"2021-03-25T19:14:22","date_gmt":"2021-03-25T18:14:22","guid":{"rendered":"https:\/\/www.tsubook.net\/de\/?page_id=634"},"modified":"2021-06-13T14:05:20","modified_gmt":"2021-06-13T12:05:20","slug":"online-unterricht","status":"publish","type":"page","link":"https:\/\/www.tsubook.net\/de\/hilfe\/unterrichten\/online-unterricht\/","title":{"rendered":"Wie unterrichte ich online mit Tsubook?"},"content":{"rendered":"\t\t\t<!-- Flexy Breadcrumb -->\r\n\t\t\t<div class=\"fbc fbc-page\">\r\n\r\n\t\t\t\t<!-- Breadcrumb wrapper -->\r\n\t\t\t\t<div class=\"fbc-wrap\">\r\n\r\n\t\t\t\t\t<!-- Ordered list-->\r\n\t\t\t\t\t<ol class=\"fbc-items\" itemscope itemtype=\"https:\/\/schema.org\/BreadcrumbList\">\r\n\t\t\t\t\t\t<li class=\"active\" itemprop=\"itemListElement\" itemscope itemtype=\"https:\/\/schema.org\/ListItem\"><span itemprop=\"name\" title=\"Wie unterrichte ich online mit Tsubook?\">Wie unterrichte ich online mit Tsubook?<\/span><meta itemprop=\"position\" content=\"2\" \/><\/li>\t\t\t\t\t<\/ol>\r\n\t\t\t\t\t<div class=\"clearfix\"><\/div>\r\n\t\t\t\t<\/div>\r\n\t\t\t<\/div>\r\n\t\t\t\n\n\n\n<p>Tsubook kann beim online unterrichten unterst\u00fctzen, z.B. um Sch\u00fclern die Lage einzelner Punkte zu zeigen. Hier eine Anleitung, wie die Inhalte von Tsubook via ZOOM auf dem Bildschirm geteilt und wie gewohnt navigiert werden k\u00f6nnen. F\u00fcr andere Web-Meeting-Anbieter sollte es auf \u00e4hnliche Weise m\u00f6glich sein. <\/p>\n\n\n\n<blockquote class=\"wp-block-quote is-layout-flow wp-block-quote-is-layout-flow\"><p><em><span class=\"has-inline-color has-vivid-red-color\">Achtung:<\/span><\/em> Bevor du Tsubook f\u00fcr deinen Online-Kurs nutzt, stelle sicher, dass du <a href=\"https:\/\/www.tsubook.net\/de\/hilfe\/urheberrecht\/live-veranstaltungen\/\">die Bedingungen f\u00fcr Live-Veranstaltungen<\/a> erf\u00fcllst, insbesondere wenn du den Kurs aufnehmen m\u00f6chtest.<\/p><\/blockquote>\n\n\n\n<p>F\u00fcr <strong>iPhones oder iPads<\/strong> ist die Bildschirm\u00fcbertragung bereits installiert und ihr Bildschirm l\u00e4sst sich sehr einfach auf MacBooks oder iMacs darstellen, sofern eine Verbindung \u00fcber <a href=\"https:\/\/support.apple.com\/de-de\/HT204289\">AirPlay<\/a> oder Kabel besteht. F\u00fcr online Unterricht via ZOOM kann man im Zoom-Meeting auf &#8222;Bildschirm freigeben&#8220; klicken und das iPhone\/iPad direkt ausw\u00e4hlen. Bei Schwierigkeiten kannst du auf den <a href=\"https:\/\/support.apple.com\/de-de\/HT204289\">Apple Hilfeseiten<\/a> nachschauen.<\/p>\n\n\n\n<p>F\u00fcr <strong>Android-Ger\u00e4te<\/strong> ist dieses sogenannte &#8222;Screen mirroring&#8220; etwas komplizierter bzw. kostspieliger. Wer keine zus\u00e4tzliche Software auf dem Laptop installieren m\u00f6chte, kann folgende Variante nutzen:<\/p>\n\n\n\n<ol class=\"wp-block-list\"><li>Auf dem Android-Ger\u00e4t die kostenlose ZOOM-App aus dem Play-Store installieren<\/li><li>Auf dem Laptop ein Meeting er\u00f6ffnen und unter &#8222;Sicherheit&#8220; den Teilnehmern mit einem H\u00e4ckchen die Bildschirmfreigabe erlauben<\/li><li>Von dem Android-Ger\u00e4t w\u00e4hlt man sich nun als zus\u00e4tzlicher Teilnehmer in das Meeting ein und exportiert seinen Bildschirm. Dies kann bequem vor Unterrichtsbeginn geschehen.<\/li><\/ol>\n\n\n\n<p>Weitere Anleitungen zur Bildschirmfreigabe via ZOOM gibt es <a href=\"https:\/\/support.zoom.us\/hc\/de\/articles\/201362153-Bildschirmfreigabe\">hier<\/a>.<\/p>\n\n\n\n<figure class=\"wp-block-image size-large\"><img loading=\"lazy\" decoding=\"async\" width=\"1024\" height=\"640\" src=\"https:\/\/www.tsubook.net\/de\/wp-content\/uploads\/TsubookZoom_de-1024x640.png\" alt=\"\" class=\"wp-image-648\" srcset=\"https:\/\/www.tsubook.net\/de\/wp-content\/uploads\/TsubookZoom_de.png 1024w, https:\/\/www.tsubook.net\/de\/wp-content\/uploads\/TsubookZoom_de-300x188.png 300w, https:\/\/www.tsubook.net\/de\/wp-content\/uploads\/TsubookZoom_de-768x480.png 768w\" sizes=\"auto, (max-width: 1024px) 100vw, 1024px\" \/><figcaption><em>Darstellung von Tsubook in ZOOM<\/em><\/figcaption><\/figure>\n","protected":false},"excerpt":{"rendered":"<p>Tsubook kann beim online unterrichten unterst\u00fctzen, z.B. um Sch\u00fclern die Lage einzelner Punkte zu zeigen. Hier eine Anleitung, wie die Inhalte von Tsubook via ZOOM auf dem Bildschirm geteilt und wie gewohnt navigiert werden k\u00f6nnen. F\u00fcr andere Web-Meeting-Anbieter sollte es auf \u00e4hnliche Weise m\u00f6glich sein. Achtung: Bevor du Tsubook f\u00fcr deinen Online-Kurs nutzt, stelle sicher,<a href=\"https:\/\/www.tsubook.net\/de\/hilfe\/unterrichten\/online-unterricht\/\">[&#8230;]<\/a><\/p>\n","protected":false},"author":2,"featured_media":0,"parent":661,"menu_order":0,"comment_status":"closed","ping_status":"closed","template":"","meta":{"footnotes":""},"class_list":["post-634","page","type-page","status-publish","hentry","wpautop"],"yoast_head":"<!-- This site is optimized with the Yoast SEO plugin v27.1.1 - https:\/\/yoast.com\/product\/yoast-seo-wordpress\/ -->\n<title>Wie unterrichte ich online mit Tsubook? - Tsubook<\/title>\n<meta name=\"robots\" content=\"index, follow, max-snippet:-1, max-image-preview:large, max-video-preview:-1\" \/>\n<link rel=\"canonical\" href=\"https:\/\/www.tsubook.net\/de\/hilfe\/unterrichten\/online-unterricht\/\" \/>\n<meta property=\"og:locale\" content=\"de_DE\" \/>\n<meta property=\"og:type\" content=\"article\" \/>\n<meta property=\"og:title\" content=\"Wie unterrichte ich online mit Tsubook? - Tsubook\" \/>\n<meta property=\"og:description\" content=\"Tsubook kann beim online unterrichten unterst\u00fctzen, z.B. um Sch\u00fclern die Lage einzelner Punkte zu zeigen. Hier eine Anleitung, wie die Inhalte von Tsubook via ZOOM auf dem Bildschirm geteilt und wie gewohnt navigiert werden k\u00f6nnen. F\u00fcr andere Web-Meeting-Anbieter sollte es auf \u00e4hnliche Weise m\u00f6glich sein. Achtung: Bevor du Tsubook f\u00fcr deinen Online-Kurs nutzt, stelle sicher,[...]\" \/>\n<meta property=\"og:url\" content=\"https:\/\/www.tsubook.net\/de\/hilfe\/unterrichten\/online-unterricht\/\" \/>\n<meta property=\"og:site_name\" content=\"Tsubook\" \/>\n<meta property=\"article:modified_time\" content=\"2021-06-13T12:05:20+00:00\" \/>\n<meta property=\"og:image\" content=\"https:\/\/www.tsubook.net\/de\/wp-content\/uploads\/TsubookZoom_de-1024x640.png\" \/>\n<meta name=\"twitter:card\" content=\"summary_large_image\" \/>\n<meta name=\"twitter:label1\" content=\"Gesch\u00e4tzte Lesezeit\" \/>\n\t<meta name=\"twitter:data1\" content=\"2\u00a0Minuten\" \/>\n<script type=\"application\/ld+json\" class=\"yoast-schema-graph\">{\"@context\":\"https:\/\/schema.org\",\"@graph\":[{\"@type\":\"WebPage\",\"@id\":\"https:\/\/www.tsubook.net\/de\/hilfe\/unterrichten\/online-unterricht\/\",\"url\":\"https:\/\/www.tsubook.net\/de\/hilfe\/unterrichten\/online-unterricht\/\",\"name\":\"Wie unterrichte ich online mit Tsubook? - Tsubook\",\"isPartOf\":{\"@id\":\"https:\/\/www.tsubook.net\/de\/#website\"},\"primaryImageOfPage\":{\"@id\":\"https:\/\/www.tsubook.net\/de\/hilfe\/unterrichten\/online-unterricht\/#primaryimage\"},\"image\":{\"@id\":\"https:\/\/www.tsubook.net\/de\/hilfe\/unterrichten\/online-unterricht\/#primaryimage\"},\"thumbnailUrl\":\"https:\/\/www.tsubook.net\/de\/wp-content\/uploads\/TsubookZoom_de-1024x640.png\",\"datePublished\":\"2021-03-25T18:14:22+00:00\",\"dateModified\":\"2021-06-13T12:05:20+00:00\",\"breadcrumb\":{\"@id\":\"https:\/\/www.tsubook.net\/de\/hilfe\/unterrichten\/online-unterricht\/#breadcrumb\"},\"inLanguage\":\"de\",\"potentialAction\":[{\"@type\":\"ReadAction\",\"target\":[\"https:\/\/www.tsubook.net\/de\/hilfe\/unterrichten\/online-unterricht\/\"]}]},{\"@type\":\"ImageObject\",\"inLanguage\":\"de\",\"@id\":\"https:\/\/www.tsubook.net\/de\/hilfe\/unterrichten\/online-unterricht\/#primaryimage\",\"url\":\"https:\/\/www.tsubook.net\/de\/wp-content\/uploads\/TsubookZoom_de.png\",\"contentUrl\":\"https:\/\/www.tsubook.net\/de\/wp-content\/uploads\/TsubookZoom_de.png\",\"width\":1024,\"height\":640},{\"@type\":\"BreadcrumbList\",\"@id\":\"https:\/\/www.tsubook.net\/de\/hilfe\/unterrichten\/online-unterricht\/#breadcrumb\",\"itemListElement\":[{\"@type\":\"ListItem\",\"position\":1,\"name\":\"Hilfeseiten\",\"item\":\"https:\/\/www.tsubook.net\/de\/hilfe\/\"},{\"@type\":\"ListItem\",\"position\":2,\"name\":\"Unterrichten\",\"item\":\"https:\/\/www.tsubook.net\/de\/hilfe\/unterrichten\/\"},{\"@type\":\"ListItem\",\"position\":3,\"name\":\"Wie unterrichte ich online mit Tsubook?\"}]},{\"@type\":\"WebSite\",\"@id\":\"https:\/\/www.tsubook.net\/de\/#website\",\"url\":\"https:\/\/www.tsubook.net\/de\/\",\"name\":\"Tsubook\",\"description\":\"Die Meridian-App f\u00fcr TCM, Akupunktur, Shiatsu, Tuina, Kinesiologie, Reflexologie, Qigong und andere\",\"potentialAction\":[{\"@type\":\"SearchAction\",\"target\":{\"@type\":\"EntryPoint\",\"urlTemplate\":\"https:\/\/www.tsubook.net\/de\/?s={search_term_string}\"},\"query-input\":{\"@type\":\"PropertyValueSpecification\",\"valueRequired\":true,\"valueName\":\"search_term_string\"}}],\"inLanguage\":\"de\"}]}<\/script>\n<!-- \/ Yoast SEO plugin. -->","yoast_head_json":{"title":"Wie unterrichte ich online mit Tsubook? - Tsubook","robots":{"index":"index","follow":"follow","max-snippet":"max-snippet:-1","max-image-preview":"max-image-preview:large","max-video-preview":"max-video-preview:-1"},"canonical":"https:\/\/www.tsubook.net\/de\/hilfe\/unterrichten\/online-unterricht\/","og_locale":"de_DE","og_type":"article","og_title":"Wie unterrichte ich online mit Tsubook? - Tsubook","og_description":"Tsubook kann beim online unterrichten unterst\u00fctzen, z.B. um Sch\u00fclern die Lage einzelner Punkte zu zeigen. Hier eine Anleitung, wie die Inhalte von Tsubook via ZOOM auf dem Bildschirm geteilt und wie gewohnt navigiert werden k\u00f6nnen. F\u00fcr andere Web-Meeting-Anbieter sollte es auf \u00e4hnliche Weise m\u00f6glich sein. Achtung: Bevor du Tsubook f\u00fcr deinen Online-Kurs nutzt, stelle sicher,[...]","og_url":"https:\/\/www.tsubook.net\/de\/hilfe\/unterrichten\/online-unterricht\/","og_site_name":"Tsubook","article_modified_time":"2021-06-13T12:05:20+00:00","og_image":[{"url":"https:\/\/www.tsubook.net\/de\/wp-content\/uploads\/TsubookZoom_de-1024x640.png","type":"","width":"","height":""}],"twitter_card":"summary_large_image","twitter_misc":{"Gesch\u00e4tzte Lesezeit":"2\u00a0Minuten"},"schema":{"@context":"https:\/\/schema.org","@graph":[{"@type":"WebPage","@id":"https:\/\/www.tsubook.net\/de\/hilfe\/unterrichten\/online-unterricht\/","url":"https:\/\/www.tsubook.net\/de\/hilfe\/unterrichten\/online-unterricht\/","name":"Wie unterrichte ich online mit Tsubook? - Tsubook","isPartOf":{"@id":"https:\/\/www.tsubook.net\/de\/#website"},"primaryImageOfPage":{"@id":"https:\/\/www.tsubook.net\/de\/hilfe\/unterrichten\/online-unterricht\/#primaryimage"},"image":{"@id":"https:\/\/www.tsubook.net\/de\/hilfe\/unterrichten\/online-unterricht\/#primaryimage"},"thumbnailUrl":"https:\/\/www.tsubook.net\/de\/wp-content\/uploads\/TsubookZoom_de-1024x640.png","datePublished":"2021-03-25T18:14:22+00:00","dateModified":"2021-06-13T12:05:20+00:00","breadcrumb":{"@id":"https:\/\/www.tsubook.net\/de\/hilfe\/unterrichten\/online-unterricht\/#breadcrumb"},"inLanguage":"de","potentialAction":[{"@type":"ReadAction","target":["https:\/\/www.tsubook.net\/de\/hilfe\/unterrichten\/online-unterricht\/"]}]},{"@type":"ImageObject","inLanguage":"de","@id":"https:\/\/www.tsubook.net\/de\/hilfe\/unterrichten\/online-unterricht\/#primaryimage","url":"https:\/\/www.tsubook.net\/de\/wp-content\/uploads\/TsubookZoom_de.png","contentUrl":"https:\/\/www.tsubook.net\/de\/wp-content\/uploads\/TsubookZoom_de.png","width":1024,"height":640},{"@type":"BreadcrumbList","@id":"https:\/\/www.tsubook.net\/de\/hilfe\/unterrichten\/online-unterricht\/#breadcrumb","itemListElement":[{"@type":"ListItem","position":1,"name":"Hilfeseiten","item":"https:\/\/www.tsubook.net\/de\/hilfe\/"},{"@type":"ListItem","position":2,"name":"Unterrichten","item":"https:\/\/www.tsubook.net\/de\/hilfe\/unterrichten\/"},{"@type":"ListItem","position":3,"name":"Wie unterrichte ich online mit Tsubook?"}]},{"@type":"WebSite","@id":"https:\/\/www.tsubook.net\/de\/#website","url":"https:\/\/www.tsubook.net\/de\/","name":"Tsubook","description":"Die Meridian-App f\u00fcr TCM, Akupunktur, Shiatsu, Tuina, Kinesiologie, Reflexologie, Qigong und andere","potentialAction":[{"@type":"SearchAction","target":{"@type":"EntryPoint","urlTemplate":"https:\/\/www.tsubook.net\/de\/?s={search_term_string}"},"query-input":{"@type":"PropertyValueSpecification","valueRequired":true,"valueName":"search_term_string"}}],"inLanguage":"de"}]}},"jetpack_sharing_enabled":true,"_links":{"self":[{"href":"https:\/\/www.tsubook.net\/de\/wp-json\/wp\/v2\/pages\/634","targetHints":{"allow":["GET"]}}],"collection":[{"href":"https:\/\/www.tsubook.net\/de\/wp-json\/wp\/v2\/pages"}],"about":[{"href":"https:\/\/www.tsubook.net\/de\/wp-json\/wp\/v2\/types\/page"}],"author":[{"embeddable":true,"href":"https:\/\/www.tsubook.net\/de\/wp-json\/wp\/v2\/users\/2"}],"replies":[{"embeddable":true,"href":"https:\/\/www.tsubook.net\/de\/wp-json\/wp\/v2\/comments?post=634"}],"version-history":[{"count":16,"href":"https:\/\/www.tsubook.net\/de\/wp-json\/wp\/v2\/pages\/634\/revisions"}],"predecessor-version":[{"id":721,"href":"https:\/\/www.tsubook.net\/de\/wp-json\/wp\/v2\/pages\/634\/revisions\/721"}],"up":[{"embeddable":true,"href":"https:\/\/www.tsubook.net\/de\/wp-json\/wp\/v2\/pages\/661"}],"wp:attachment":[{"href":"https:\/\/www.tsubook.net\/de\/wp-json\/wp\/v2\/media?parent=634"}],"curies":[{"name":"wp","href":"https:\/\/api.w.org\/{rel}","templated":true}]}}