{"id":667,"date":"2021-04-10T13:48:38","date_gmt":"2021-04-10T11:48:38","guid":{"rendered":"https:\/\/www.tsubook.net\/de\/?page_id=667"},"modified":"2021-04-12T14:10:12","modified_gmt":"2021-04-12T12:10:12","slug":"kostenfreier-testzugang","status":"publish","type":"page","link":"https:\/\/www.tsubook.net\/de\/hilfe\/preise\/kostenfreier-testzugang\/","title":{"rendered":"Wie erhalte ich kostenfrei Zugang zu allen Inhalten?"},"content":{"rendered":"\t\t\t<!-- Flexy Breadcrumb -->\r\n\t\t\t<div class=\"fbc fbc-page\">\r\n\r\n\t\t\t\t<!-- Breadcrumb wrapper -->\r\n\t\t\t\t<div class=\"fbc-wrap\">\r\n\r\n\t\t\t\t\t<!-- Ordered list-->\r\n\t\t\t\t\t<ol class=\"fbc-items\" itemscope itemtype=\"https:\/\/schema.org\/BreadcrumbList\">\r\n\t\t\t\t\t\t<li class=\"active\" itemprop=\"itemListElement\" itemscope itemtype=\"https:\/\/schema.org\/ListItem\"><span itemprop=\"name\" title=\"Wie erhalte ich kostenfrei Zugang zu allen Inhalten?\">Wie erhalte ich kostenfrei Zugang zu allen Inhalten?<\/span><meta itemprop=\"position\" content=\"2\" \/><\/li>\t\t\t\t\t<\/ol>\r\n\t\t\t\t\t<div class=\"clearfix\"><\/div>\r\n\t\t\t\t<\/div>\r\n\t\t\t<\/div>\r\n\t\t\t\n\n\n\n<p>Falls du noch keine Lizenz hast, kannst du wochenweise freien Zugang zu allen Inhalten bekommen, indem du Tsubook deinen Freunden empfiehlst. Hier erf\u00e4hrst du wie das geht:<\/p>\n\n\n\n<ol class=\"wp-block-list\"><li>Klicke auf den Men\u00fc-Knopf in der oberen linken Ecke der App. <\/li><li>Klicke auf das Herz mit der Aufschrift &#8222;<em>Erhalte einen mehrw\u00f6chigen Testzugang<\/em>&#8222;. <\/li><li>Teile den angezeigten Empfehlungslink \u00fcber deine Kan\u00e4le. Nutze den orangefarbenen Knopf oder kopiere den Link, um ihn zu teilen. F\u00fcr jede Person, die sich \u00fcber diesen Link von ihrem Smartphone oder Tablet aus registriert, bekommst du automatisch <strong>eine Woche freien Zugang<\/strong> zu allen Inhalten von Tsubook!&nbsp;<\/li><\/ol>\n\n\n\n<div class=\"wp-block-columns is-layout-flex wp-container-core-columns-is-layout-9d6595d7 wp-block-columns-is-layout-flex\">\n<div class=\"wp-block-column is-layout-flow wp-block-column-is-layout-flow\">\n<div class=\"wp-block-image\"><figure class=\"aligncenter size-large\"><img loading=\"lazy\" decoding=\"async\" width=\"508\" height=\"1024\" src=\"https:\/\/www.tsubook.net\/de\/wp-content\/uploads\/Tutorial_InviteFriends_de_1-1-508x1024.png\" alt=\"\" class=\"wp-image-673\" srcset=\"https:\/\/www.tsubook.net\/de\/wp-content\/uploads\/Tutorial_InviteFriends_de_1-1-508x1024.png 508w, https:\/\/www.tsubook.net\/de\/wp-content\/uploads\/Tutorial_InviteFriends_de_1-1-149x300.png 149w, https:\/\/www.tsubook.net\/de\/wp-content\/uploads\/Tutorial_InviteFriends_de_1-1.png 576w\" sizes=\"auto, (max-width: 508px) 100vw, 508px\" \/><\/figure><\/div>\n<\/div>\n\n\n\n<div class=\"wp-block-column is-layout-flow wp-block-column-is-layout-flow\">\n<div class=\"wp-block-image\"><figure class=\"aligncenter size-large\"><img loading=\"lazy\" decoding=\"async\" width=\"508\" height=\"1024\" src=\"https:\/\/www.tsubook.net\/de\/wp-content\/uploads\/Tutorial_InviteFriends_de_2-1-508x1024.png\" alt=\"\" class=\"wp-image-675\" srcset=\"https:\/\/www.tsubook.net\/de\/wp-content\/uploads\/Tutorial_InviteFriends_de_2-1-508x1024.png 508w, https:\/\/www.tsubook.net\/de\/wp-content\/uploads\/Tutorial_InviteFriends_de_2-1-149x300.png 149w, https:\/\/www.tsubook.net\/de\/wp-content\/uploads\/Tutorial_InviteFriends_de_2-1.png 576w\" sizes=\"auto, (max-width: 508px) 100vw, 508px\" \/><\/figure><\/div>\n<\/div>\n\n\n\n<div class=\"wp-block-column is-layout-flow wp-block-column-is-layout-flow\">\n<div class=\"wp-block-image\"><figure class=\"aligncenter size-large\"><img loading=\"lazy\" decoding=\"async\" width=\"509\" height=\"1024\" src=\"https:\/\/www.tsubook.net\/de\/wp-content\/uploads\/Tutorial_InviteFriends_de_3-509x1024.png\" alt=\"\" class=\"wp-image-670\" srcset=\"https:\/\/www.tsubook.net\/de\/wp-content\/uploads\/Tutorial_InviteFriends_de_3-509x1024.png 509w, https:\/\/www.tsubook.net\/de\/wp-content\/uploads\/Tutorial_InviteFriends_de_3-149x300.png 149w, https:\/\/www.tsubook.net\/de\/wp-content\/uploads\/Tutorial_InviteFriends_de_3.png 577w\" sizes=\"auto, (max-width: 509px) 100vw, 509px\" \/><\/figure><\/div>\n<\/div>\n<\/div>\n","protected":false},"excerpt":{"rendered":"<p>Falls du noch keine Lizenz hast, kannst du wochenweise freien Zugang zu allen Inhalten bekommen, indem du Tsubook deinen Freunden empfiehlst. Hier erf\u00e4hrst du wie das geht: Klicke auf den Men\u00fc-Knopf in der oberen linken Ecke der App. Klicke auf das Herz mit der Aufschrift &#8222;Erhalte einen mehrw\u00f6chigen Testzugang&#8222;. Teile den angezeigten Empfehlungslink \u00fcber deine<a href=\"https:\/\/www.tsubook.net\/de\/hilfe\/preise\/kostenfreier-testzugang\/\">[&#8230;]<\/a><\/p>\n","protected":false},"author":2,"featured_media":0,"parent":96,"menu_order":0,"comment_status":"closed","ping_status":"closed","template":"","meta":{"footnotes":""},"class_list":["post-667","page","type-page","status-publish","hentry","wpautop"],"yoast_head":"<!-- This site is optimized with the Yoast SEO plugin v27.1.1 - https:\/\/yoast.com\/product\/yoast-seo-wordpress\/ -->\n<title>Wie erhalte ich kostenfrei Zugang zu allen Inhalten? - Tsubook<\/title>\n<meta name=\"robots\" content=\"index, follow, max-snippet:-1, max-image-preview:large, max-video-preview:-1\" \/>\n<link rel=\"canonical\" href=\"https:\/\/www.tsubook.net\/de\/hilfe\/preise\/kostenfreier-testzugang\/\" \/>\n<meta property=\"og:locale\" content=\"de_DE\" \/>\n<meta property=\"og:type\" content=\"article\" \/>\n<meta property=\"og:title\" content=\"Wie erhalte ich kostenfrei Zugang zu allen Inhalten? - Tsubook\" \/>\n<meta property=\"og:description\" content=\"Falls du noch keine Lizenz hast, kannst du wochenweise freien Zugang zu allen Inhalten bekommen, indem du Tsubook deinen Freunden empfiehlst. Hier erf\u00e4hrst du wie das geht: Klicke auf den Men\u00fc-Knopf in der oberen linken Ecke der App. Klicke auf das Herz mit der Aufschrift &#8222;Erhalte einen mehrw\u00f6chigen Testzugang&#8222;. Teile den angezeigten Empfehlungslink \u00fcber deine[...]\" \/>\n<meta property=\"og:url\" content=\"https:\/\/www.tsubook.net\/de\/hilfe\/preise\/kostenfreier-testzugang\/\" \/>\n<meta property=\"og:site_name\" content=\"Tsubook\" \/>\n<meta property=\"article:modified_time\" content=\"2021-04-12T12:10:12+00:00\" \/>\n<meta property=\"og:image\" content=\"https:\/\/www.tsubook.net\/de\/wp-content\/uploads\/Tutorial_InviteFriends_de_1-1-508x1024.png\" \/>\n<meta name=\"twitter:card\" content=\"summary_large_image\" \/>\n<meta name=\"twitter:label1\" content=\"Gesch\u00e4tzte Lesezeit\" \/>\n\t<meta name=\"twitter:data1\" content=\"2\u00a0Minuten\" \/>\n<script type=\"application\/ld+json\" class=\"yoast-schema-graph\">{\"@context\":\"https:\/\/schema.org\",\"@graph\":[{\"@type\":\"WebPage\",\"@id\":\"https:\/\/www.tsubook.net\/de\/hilfe\/preise\/kostenfreier-testzugang\/\",\"url\":\"https:\/\/www.tsubook.net\/de\/hilfe\/preise\/kostenfreier-testzugang\/\",\"name\":\"Wie erhalte ich kostenfrei Zugang zu allen Inhalten? - Tsubook\",\"isPartOf\":{\"@id\":\"https:\/\/www.tsubook.net\/de\/#website\"},\"primaryImageOfPage\":{\"@id\":\"https:\/\/www.tsubook.net\/de\/hilfe\/preise\/kostenfreier-testzugang\/#primaryimage\"},\"image\":{\"@id\":\"https:\/\/www.tsubook.net\/de\/hilfe\/preise\/kostenfreier-testzugang\/#primaryimage\"},\"thumbnailUrl\":\"https:\/\/www.tsubook.net\/de\/wp-content\/uploads\/Tutorial_InviteFriends_de_1-1-508x1024.png\",\"datePublished\":\"2021-04-10T11:48:38+00:00\",\"dateModified\":\"2021-04-12T12:10:12+00:00\",\"breadcrumb\":{\"@id\":\"https:\/\/www.tsubook.net\/de\/hilfe\/preise\/kostenfreier-testzugang\/#breadcrumb\"},\"inLanguage\":\"de\",\"potentialAction\":[{\"@type\":\"ReadAction\",\"target\":[\"https:\/\/www.tsubook.net\/de\/hilfe\/preise\/kostenfreier-testzugang\/\"]}]},{\"@type\":\"ImageObject\",\"inLanguage\":\"de\",\"@id\":\"https:\/\/www.tsubook.net\/de\/hilfe\/preise\/kostenfreier-testzugang\/#primaryimage\",\"url\":\"https:\/\/www.tsubook.net\/de\/wp-content\/uploads\/Tutorial_InviteFriends_de_1-1.png\",\"contentUrl\":\"https:\/\/www.tsubook.net\/de\/wp-content\/uploads\/Tutorial_InviteFriends_de_1-1.png\",\"width\":576,\"height\":1161},{\"@type\":\"BreadcrumbList\",\"@id\":\"https:\/\/www.tsubook.net\/de\/hilfe\/preise\/kostenfreier-testzugang\/#breadcrumb\",\"itemListElement\":[{\"@type\":\"ListItem\",\"position\":1,\"name\":\"Hilfeseiten\",\"item\":\"https:\/\/www.tsubook.net\/de\/hilfe\/\"},{\"@type\":\"ListItem\",\"position\":2,\"name\":\"Preise\",\"item\":\"https:\/\/www.tsubook.net\/de\/hilfe\/preise\/\"},{\"@type\":\"ListItem\",\"position\":3,\"name\":\"Wie erhalte ich kostenfrei Zugang zu allen Inhalten?\"}]},{\"@type\":\"WebSite\",\"@id\":\"https:\/\/www.tsubook.net\/de\/#website\",\"url\":\"https:\/\/www.tsubook.net\/de\/\",\"name\":\"Tsubook\",\"description\":\"Die Meridian-App f\u00fcr TCM, Akupunktur, Shiatsu, Tuina, Kinesiologie, Reflexologie, Qigong und andere\",\"potentialAction\":[{\"@type\":\"SearchAction\",\"target\":{\"@type\":\"EntryPoint\",\"urlTemplate\":\"https:\/\/www.tsubook.net\/de\/?s={search_term_string}\"},\"query-input\":{\"@type\":\"PropertyValueSpecification\",\"valueRequired\":true,\"valueName\":\"search_term_string\"}}],\"inLanguage\":\"de\"}]}<\/script>\n<!-- \/ Yoast SEO plugin. -->","yoast_head_json":{"title":"Wie erhalte ich kostenfrei Zugang zu allen Inhalten? - Tsubook","robots":{"index":"index","follow":"follow","max-snippet":"max-snippet:-1","max-image-preview":"max-image-preview:large","max-video-preview":"max-video-preview:-1"},"canonical":"https:\/\/www.tsubook.net\/de\/hilfe\/preise\/kostenfreier-testzugang\/","og_locale":"de_DE","og_type":"article","og_title":"Wie erhalte ich kostenfrei Zugang zu allen Inhalten? - Tsubook","og_description":"Falls du noch keine Lizenz hast, kannst du wochenweise freien Zugang zu allen Inhalten bekommen, indem du Tsubook deinen Freunden empfiehlst. Hier erf\u00e4hrst du wie das geht: Klicke auf den Men\u00fc-Knopf in der oberen linken Ecke der App. Klicke auf das Herz mit der Aufschrift &#8222;Erhalte einen mehrw\u00f6chigen Testzugang&#8222;. Teile den angezeigten Empfehlungslink \u00fcber deine[...]","og_url":"https:\/\/www.tsubook.net\/de\/hilfe\/preise\/kostenfreier-testzugang\/","og_site_name":"Tsubook","article_modified_time":"2021-04-12T12:10:12+00:00","og_image":[{"url":"https:\/\/www.tsubook.net\/de\/wp-content\/uploads\/Tutorial_InviteFriends_de_1-1-508x1024.png","type":"","width":"","height":""}],"twitter_card":"summary_large_image","twitter_misc":{"Gesch\u00e4tzte Lesezeit":"2\u00a0Minuten"},"schema":{"@context":"https:\/\/schema.org","@graph":[{"@type":"WebPage","@id":"https:\/\/www.tsubook.net\/de\/hilfe\/preise\/kostenfreier-testzugang\/","url":"https:\/\/www.tsubook.net\/de\/hilfe\/preise\/kostenfreier-testzugang\/","name":"Wie erhalte ich kostenfrei Zugang zu allen Inhalten? - Tsubook","isPartOf":{"@id":"https:\/\/www.tsubook.net\/de\/#website"},"primaryImageOfPage":{"@id":"https:\/\/www.tsubook.net\/de\/hilfe\/preise\/kostenfreier-testzugang\/#primaryimage"},"image":{"@id":"https:\/\/www.tsubook.net\/de\/hilfe\/preise\/kostenfreier-testzugang\/#primaryimage"},"thumbnailUrl":"https:\/\/www.tsubook.net\/de\/wp-content\/uploads\/Tutorial_InviteFriends_de_1-1-508x1024.png","datePublished":"2021-04-10T11:48:38+00:00","dateModified":"2021-04-12T12:10:12+00:00","breadcrumb":{"@id":"https:\/\/www.tsubook.net\/de\/hilfe\/preise\/kostenfreier-testzugang\/#breadcrumb"},"inLanguage":"de","potentialAction":[{"@type":"ReadAction","target":["https:\/\/www.tsubook.net\/de\/hilfe\/preise\/kostenfreier-testzugang\/"]}]},{"@type":"ImageObject","inLanguage":"de","@id":"https:\/\/www.tsubook.net\/de\/hilfe\/preise\/kostenfreier-testzugang\/#primaryimage","url":"https:\/\/www.tsubook.net\/de\/wp-content\/uploads\/Tutorial_InviteFriends_de_1-1.png","contentUrl":"https:\/\/www.tsubook.net\/de\/wp-content\/uploads\/Tutorial_InviteFriends_de_1-1.png","width":576,"height":1161},{"@type":"BreadcrumbList","@id":"https:\/\/www.tsubook.net\/de\/hilfe\/preise\/kostenfreier-testzugang\/#breadcrumb","itemListElement":[{"@type":"ListItem","position":1,"name":"Hilfeseiten","item":"https:\/\/www.tsubook.net\/de\/hilfe\/"},{"@type":"ListItem","position":2,"name":"Preise","item":"https:\/\/www.tsubook.net\/de\/hilfe\/preise\/"},{"@type":"ListItem","position":3,"name":"Wie erhalte ich kostenfrei Zugang zu allen Inhalten?"}]},{"@type":"WebSite","@id":"https:\/\/www.tsubook.net\/de\/#website","url":"https:\/\/www.tsubook.net\/de\/","name":"Tsubook","description":"Die Meridian-App f\u00fcr TCM, Akupunktur, Shiatsu, Tuina, Kinesiologie, Reflexologie, Qigong und andere","potentialAction":[{"@type":"SearchAction","target":{"@type":"EntryPoint","urlTemplate":"https:\/\/www.tsubook.net\/de\/?s={search_term_string}"},"query-input":{"@type":"PropertyValueSpecification","valueRequired":true,"valueName":"search_term_string"}}],"inLanguage":"de"}]}},"jetpack_sharing_enabled":true,"_links":{"self":[{"href":"https:\/\/www.tsubook.net\/de\/wp-json\/wp\/v2\/pages\/667","targetHints":{"allow":["GET"]}}],"collection":[{"href":"https:\/\/www.tsubook.net\/de\/wp-json\/wp\/v2\/pages"}],"about":[{"href":"https:\/\/www.tsubook.net\/de\/wp-json\/wp\/v2\/types\/page"}],"author":[{"embeddable":true,"href":"https:\/\/www.tsubook.net\/de\/wp-json\/wp\/v2\/users\/2"}],"replies":[{"embeddable":true,"href":"https:\/\/www.tsubook.net\/de\/wp-json\/wp\/v2\/comments?post=667"}],"version-history":[{"count":5,"href":"https:\/\/www.tsubook.net\/de\/wp-json\/wp\/v2\/pages\/667\/revisions"}],"predecessor-version":[{"id":679,"href":"https:\/\/www.tsubook.net\/de\/wp-json\/wp\/v2\/pages\/667\/revisions\/679"}],"up":[{"embeddable":true,"href":"https:\/\/www.tsubook.net\/de\/wp-json\/wp\/v2\/pages\/96"}],"wp:attachment":[{"href":"https:\/\/www.tsubook.net\/de\/wp-json\/wp\/v2\/media?parent=667"}],"curies":[{"name":"wp","href":"https:\/\/api.w.org\/{rel}","templated":true}]}}