{"id":69,"date":"2020-01-21T18:39:56","date_gmt":"2020-01-21T17:39:56","guid":{"rendered":"https:\/\/www.tsubook.net\/de\/?page_id=69"},"modified":"2024-09-05T09:07:18","modified_gmt":"2024-09-05T07:07:18","slug":"download","status":"publish","type":"page","link":"https:\/\/www.tsubook.net\/de\/hilfe\/download\/","title":{"rendered":"Wie kann ich Tsubook auf mein Ger\u00e4t herunterladen?"},"content":{"rendered":"\t\t\t<!-- Flexy Breadcrumb -->\r\n\t\t\t<div class=\"fbc fbc-page\">\r\n\r\n\t\t\t\t<!-- Breadcrumb wrapper -->\r\n\t\t\t\t<div class=\"fbc-wrap\">\r\n\r\n\t\t\t\t\t<!-- Ordered list-->\r\n\t\t\t\t\t<ol class=\"fbc-items\" itemscope itemtype=\"https:\/\/schema.org\/BreadcrumbList\">\r\n\t\t\t\t\t\t<li class=\"active\" itemprop=\"itemListElement\" itemscope itemtype=\"https:\/\/schema.org\/ListItem\"><span itemprop=\"name\" title=\"Wie kann ich Tsubook auf mein Ger\u00e4t herunterladen?\">Wie kann ich Tsubook auf mein Ger\u00e4t herunterladen?<\/span><meta itemprop=\"position\" content=\"2\" \/><\/li>\t\t\t\t\t<\/ol>\r\n\t\t\t\t\t<div class=\"clearfix\"><\/div>\r\n\t\t\t\t<\/div>\r\n\t\t\t<\/div>\r\n\t\t\t\n\n\n\n<p>Vielen Dank f\u00fcr dein Interesse an Tsubook! Wir zeigen dir, wie du Tsubook auf dein Ger\u00e4t l\u00e4dst und dort erfolgreich installierst.<\/p>\n\n\n\n<p>Tsubook ist eine Anwendung, die auf Smartphones (iPhone und Android), Tablets (iPad und Android) und auf Computern (Windows und Mac) verf\u00fcgbar ist. Wir bieten Tsubook \u00fcber folgende App Stores an: Google Play Store, App Store und Microsoft Store.<\/p>\n\n\n\n<p>Um diese App zu erhalten, musst du sie aus einem dieser virtuellen Shops herunterladen. Welcher f\u00fcr dich der Richtige ist, h\u00e4ngt von deinem Ger\u00e4tetyp ab:<\/p>\n\n\n\n<div id=\"tabs\">\n<ul>\n<li><a href=\"#ios\"><b>iPhone, iPad oder Mac<\/b><\/a><\/li>\n<li><a href=\"#android\"><b>Android<\/b><\/a><\/li>\n<li><a href=\"#windows\"><b>Windows<\/b><\/a><\/li>\n<\/ul>\n<div id=\"ios\"><p>Wenn du ein Apple iPhone, iPad oder Mac nutzt, kannst du Tsubook \u00fcber die App &#8218;App Store&#8216; herunterladen:<\/p>\n<ol>\n<li>Stelle bitte sicher, dass du mit dem Internet verbunden bist.<\/li>\n<li class=\"show-mobile ios\">Klicke auf <a href=\"https:\/\/www.tsubook.net\/download\/?l=de\" target=\"_blank\" rel=\"noopener noreferrer\">diesen Link<\/a> (oder die Schaltfl\u00e4che unten), um die Tsubook-Seite im App Store jetzt zu \u00f6ffnen.<\/li>\n<li class=\"hide-mobile ios\">Suche auf deinem Ger\u00e4t nach dem &#8222;App Store&#8220; (blau-wei\u00dfes Symbol). Wenn du auf einem iPhone oder iPad suchst und das Symbol nicht auf dem Startbildschirm findest, wische mit dem Finger auf dem Bildschirm von links nach rechts oder von rechts nach links, um die anderen Seiten zu durchsuchen. Falls du auf einem Mac suchst, klicke auf die Lupe in der Suchleiste und tippe &#8218;appstore&#8216; ein. Einmal im App Store gefunden, brauchst du es nur an zu tippen, um es zu \u00f6ffnen.<\/li>\n<li class=\"hide-mobile ios\">Klicke nach dem \u00d6ffnen auf das Lupensymbol (&#8218;Suchen&#8216;)  in der unteren Leiste (iPhone und iPad) oder im linken Teil des Fensters (Mac).<\/li>\n<li class=\"hide-mobile ios\">In der Suchleiste, gib &#8218;tsubook&#8216; ein mit Hilfe der Tastatur. Beim iPhone und iPad befindet sich der Knopf zum Starten der Suche unten rechts auf der Tastatur. Beim Mac dr\u00fccke einfach die &#8218;Enter&#8216;-Taste.<\/li>\n<li class=\"hide-mobile ios\">Bilder von Tsubook sollten als erstes Ergebnis erscheinen.<\/li>\n<li>Klicke auf &#8218;Kaufen&#8216; oder &#8218;Download&#8216;.<\/li>\n<li>Wenn das dein erster Download ist, wirst du gebeten, im App Store deine Kreditkartendaten anzugeben. Dies ist eine verpflichtende Vorgabe von Apple &#8211; auch f\u00fcr kostenlose Apps. Es entstehen durch das Herunterladen von Tsubook keine Kosten.<\/li>\n<li>Sobald dieser Schritt abgeschlossen ist, wird ein kleiner blauer Kreis erscheinen, der anzeigt, dass der Download l\u00e4uft.<\/li>\n<li>Wenn der Download abgeschlossen ist, wird auf iPhones und iPads ein neues Icon mit dem Logo von Tsubook auf deinem Bildschirm angezeigt. Klicke darauf, um Tsubook zu \u00f6ffnen. Beim Mac findest du die Anwendung durch Tippen von &#8218;tsubook&#8216; in der Suchleiste deines Computers.<\/li>\n<\/ol>\n<p class=\"show-mobile ios\"><a href=\"https:\/\/www.tsubook.net\/download\/?l=de\" class=\"btn red-btn\" target=\"_blank\" rel=\"noopener noreferrer\">Tsubook im <br>App Store anzeigen<\/a><\/p>\n<\/div>\n<div id=\"android\"><p>Wenn du ein Android Handy oder Tablet nutzt (alle Marken au\u00dfer Apple), lade die Tsubook App \u00fcber den sogenannten &#8218;Play Store&#8216; herunter:<\/p>\n<ol>\n<li>Stelle bitte sicher, dass du mit dem Internet verbunden bist.<\/li>\n<li class=\"show-mobile android\">Klicke auf <a href=\"https:www\/\/tsubook.net\/download\/?l=de\" target=\"_blank\" rel=\"noopener noreferrer\">diesen Link<\/a> (oder den entsprechenden Knopf am Ende), um im Play Store direkt die Tsubook Seite zu \u00f6ffnen.<\/li>\n<li class=\"hide-mobile android\">Suche auf deinem Ger\u00e4t nach einer App namens &#8222;Play Store&#8220; (mehrfarbiges dreieckiges Symbol). Wenn du es nicht auf deinem Startbildschirm finden kannst, versuche den Finger von links nach rechts oder von rechts nach links zu bewegen, um die anderen Seiten zu durchsuchen. Wenn du den Play Store gefunden hast, klicke darauf, um diesen zu starten.<\/li>\n<li class=\"hide-mobile android\">Sobald dieser ge\u00f6ffnet ist, klicke auf den wei\u00dfen Balken oben und gib &#8218;Tsubook&#8216; \u00fcber die Tastatur ein. Eine Liste mit Ergebnissen sollte erscheinen, mit dem Logo und Namen von Tsubook obenan. Klicke auf dieses, um die App Seite zu \u00f6ffnen.<\/li>\n<li>Klicke auf der Tsubook-Seite auf die Schaltfl\u00e4che &#8222;Installieren&#8220; oder &#8222;Herunterladen&#8220;, die dort gut sichtbar angezeigt wird.<\/li>\n<li>Wenn du das erste Mal eine App heruntergeladen hast, wirst du vom Play Store aufgefordert, deine Kreditkartendaten einzugeben. Dies ist nur aus formellen Gr\u00fcnden notwendig (siehe Schaltfl\u00e4che &#8222;Ignorieren&#8220; oder &#8222;\u00dcberspringen&#8220; am unteren Rand). Wenn du die Daten angibst, entstehen keine Kosten f\u00fcr den Download von Tsubook.<\/li>\n<li>Sobald die Bankdaten erfasst sind, erscheint ein Downloadbalken mit Prozentangabe. Das bedeutet, dass der Download begonnen hat.<\/li>\n<li>Wenn der Download abgeschlossen ist, wird ein neues Icon mit dem Tsubook-Logo auf deinem Display angezeigt. Klicke darauf, um Tsubook zu \u00f6ffnen.<\/li>\n<\/ol>\n<p class=\"show-mobile android\"><a href=\"https:\/\/www.tsubook.net\/download\/?l=de\" class=\"btn red-btn\" target=\"_blank\" rel=\"noopener noreferrer\">Zeige Tsubook<br>im Playstore<\/a><\/p>\n<\/div>\n<div id=\"windows\"><p>Falls du einen Computer mit Windows-System nutzt, kannst du Tsubook \u00fcber den &#8218;Microsoft Store&#8216; herunterladen:<\/p>\n<p>Achtung: Tsubook ist nur verf\u00fcgbar f\u00fcr Windows 10 und neuere Versionen von Windows. Falls du Windows 8 oder fr\u00fchere Versionen nutzt, kannst du Tsubook nicht installieren.<\/p>\n<ol>\n<li>Stelle bitte sicher, dass du mit dem Internet verbunden bist.<\/li>\n<li>Schaue auf deinem Ger\u00e4t nach einer Anwendung namens &#8218;Microsoft Store&#8216; (buntes quadratisches Icon). Falls du es nicht finden kannst, klicke im Windowsmen\u00fc auf die untere Suchleiste und gebe dort &#8217;store&#8216; ein. Sobald du den Microsoft Store gefunden hast, klicke darauf um ihn zu \u00f6ffnen.<\/li>\n<li>Sobald er ge\u00f6ffnet ist, klicke auf die graue Leiste mit dem Lupensymbol und gib dort &#8218;tsubook&#8216; ein \u00fcber die Tastatur. <\/li>\n<li>Eine Liste mit Suchergebnissen sollte erscheinen, wobei Tsubook mit Logo und Namen ganz oben steht.\nKlicke darauf um die Seite der App zu \u00f6ffnen.<\/li>\n<li>Auf der Tsubook-Seite klicke auf die gut sichtbare Schaltfl\u00e4che mit dem Text &#8218;Herunterladen&#8216;<\/li>\nDu wirst eine Anzeige sehen, die den Fortschritt in Prozenten anzeigt und andeutet, dass Tsubook heruntergeladen wird.<\/li>\n<li>Sobald die App vollst\u00e4ndig geladen wurde, wird eine Verkn\u00fcpfung auf deinem Startbildschirm erzeugt. Klicke einfach auf dieses Tsubook-Icon, um die Anwendung zu \u00f6ffnen.<\/li>\n<\/ol>\n<\/div>\n<\/div>\n<link rel=\"stylesheet\" href=\"\/\/code.jquery.com\/ui\/1.12.1\/themes\/base\/jquery-ui.css\">\n<script src=\"https:\/\/code.jquery.com\/jquery-1.12.4.js\"><\/script><br>\n<script src=\"https:\/\/code.jquery.com\/ui\/1.12.1\/jquery-ui.js\"><\/script><br>\n<script type=\"text\/javascript\">$(\"#tabs\").tabs({ active: (isDeviceMobile.android()?1:0) });<\/script><br>\n<script>\r\n  \/\/ Show if mobile\r\n  [].forEach.call(document.getElementsByClassName('show-mobile'), function (e) {\r\n    [].forEach.call(e.className.split(\" \"), function (device) {\r\n      if(isDeviceMobile[device] !== undefined && isDeviceMobile[device]() !== null) {\r\n        if(e.tagName === \"LI\") {\r\n        \te.style.display = \"list-item\";\r\n        } else {\r\n        \te.style.display = \"block\";\r\n        }\r\n      }\r\n    });\r\n  });\r\n  \/\/ Hide if mobile\r\n  [].forEach.call(document.getElementsByClassName('hide-mobile'), function (e) {\r\n    [].forEach.call(e.className.split(\" \"), function (device) {\r\n      if(isDeviceMobile[device] !== undefined && isDeviceMobile[device]() !== null) {\r\n        e.style.display = \"none\";\r\n      }\r\n    });\r\n  });\r\n<\/script><p><\/p>\n","protected":false},"excerpt":{"rendered":"<p>Vielen Dank f\u00fcr dein Interesse an Tsubook! Wir zeigen dir, wie du Tsubook auf dein Ger\u00e4t l\u00e4dst und dort erfolgreich installierst. Tsubook ist eine Anwendung, die auf Smartphones (iPhone und Android), Tablets (iPad und Android) und auf Computern (Windows und Mac) verf\u00fcgbar ist. Wir bieten Tsubook \u00fcber folgende App Stores an: Google Play Store, App<a href=\"https:\/\/www.tsubook.net\/de\/hilfe\/download\/\">[&#8230;]<\/a><\/p>\n","protected":false},"author":1,"featured_media":0,"parent":27,"menu_order":0,"comment_status":"closed","ping_status":"closed","template":"","meta":{"footnotes":""},"class_list":["post-69","page","type-page","status-publish","hentry","wpautop"],"yoast_head":"<!-- This site is optimized with the Yoast SEO plugin v27.1.1 - https:\/\/yoast.com\/product\/yoast-seo-wordpress\/ -->\n<title>Wie kann ich Tsubook auf mein Ger\u00e4t herunterladen? - Tsubook<\/title>\n<meta name=\"robots\" content=\"index, follow, max-snippet:-1, max-image-preview:large, max-video-preview:-1\" \/>\n<link rel=\"canonical\" href=\"https:\/\/www.tsubook.net\/de\/hilfe\/download\/\" \/>\n<meta property=\"og:locale\" content=\"de_DE\" \/>\n<meta property=\"og:type\" content=\"article\" \/>\n<meta property=\"og:title\" content=\"Wie kann ich Tsubook auf mein Ger\u00e4t herunterladen? - Tsubook\" \/>\n<meta property=\"og:description\" content=\"Vielen Dank f\u00fcr dein Interesse an Tsubook! Wir zeigen dir, wie du Tsubook auf dein Ger\u00e4t l\u00e4dst und dort erfolgreich installierst. Tsubook ist eine Anwendung, die auf Smartphones (iPhone und Android), Tablets (iPad und Android) und auf Computern (Windows und Mac) verf\u00fcgbar ist. Wir bieten Tsubook \u00fcber folgende App Stores an: Google Play Store, App[...]\" \/>\n<meta property=\"og:url\" content=\"https:\/\/www.tsubook.net\/de\/hilfe\/download\/\" \/>\n<meta property=\"og:site_name\" content=\"Tsubook\" \/>\n<meta property=\"article:modified_time\" content=\"2024-09-05T07:07:18+00:00\" \/>\n<meta property=\"og:image\" content=\"https:\/\/www.tsubook.net\/de\/wp-content\/uploads\/tsubook_main.png\" \/>\n\t<meta property=\"og:image:width\" content=\"1024\" \/>\n\t<meta property=\"og:image:height\" content=\"683\" \/>\n\t<meta property=\"og:image:type\" content=\"image\/png\" \/>\n<meta name=\"twitter:card\" content=\"summary_large_image\" \/>\n<meta name=\"twitter:label1\" content=\"Gesch\u00e4tzte Lesezeit\" \/>\n\t<meta name=\"twitter:data1\" content=\"5\u00a0Minuten\" \/>\n<script type=\"application\/ld+json\" class=\"yoast-schema-graph\">{\"@context\":\"https:\/\/schema.org\",\"@graph\":[{\"@type\":\"WebPage\",\"@id\":\"https:\/\/www.tsubook.net\/de\/hilfe\/download\/\",\"url\":\"https:\/\/www.tsubook.net\/de\/hilfe\/download\/\",\"name\":\"Wie kann ich Tsubook auf mein Ger\u00e4t herunterladen? - Tsubook\",\"isPartOf\":{\"@id\":\"https:\/\/www.tsubook.net\/de\/#website\"},\"datePublished\":\"2020-01-21T17:39:56+00:00\",\"dateModified\":\"2024-09-05T07:07:18+00:00\",\"breadcrumb\":{\"@id\":\"https:\/\/www.tsubook.net\/de\/hilfe\/download\/#breadcrumb\"},\"inLanguage\":\"de\",\"potentialAction\":[{\"@type\":\"ReadAction\",\"target\":[\"https:\/\/www.tsubook.net\/de\/hilfe\/download\/\"]}]},{\"@type\":\"BreadcrumbList\",\"@id\":\"https:\/\/www.tsubook.net\/de\/hilfe\/download\/#breadcrumb\",\"itemListElement\":[{\"@type\":\"ListItem\",\"position\":1,\"name\":\"Hilfeseiten\",\"item\":\"https:\/\/www.tsubook.net\/de\/hilfe\/\"},{\"@type\":\"ListItem\",\"position\":2,\"name\":\"Wie kann ich Tsubook auf mein Ger\u00e4t herunterladen?\"}]},{\"@type\":\"WebSite\",\"@id\":\"https:\/\/www.tsubook.net\/de\/#website\",\"url\":\"https:\/\/www.tsubook.net\/de\/\",\"name\":\"Tsubook\",\"description\":\"Die Meridian-App f\u00fcr TCM, Akupunktur, Shiatsu, Tuina, Kinesiologie, Reflexologie, Qigong und andere\",\"potentialAction\":[{\"@type\":\"SearchAction\",\"target\":{\"@type\":\"EntryPoint\",\"urlTemplate\":\"https:\/\/www.tsubook.net\/de\/?s={search_term_string}\"},\"query-input\":{\"@type\":\"PropertyValueSpecification\",\"valueRequired\":true,\"valueName\":\"search_term_string\"}}],\"inLanguage\":\"de\"}]}<\/script>\n<!-- \/ Yoast SEO plugin. -->","yoast_head_json":{"title":"Wie kann ich Tsubook auf mein Ger\u00e4t herunterladen? - Tsubook","robots":{"index":"index","follow":"follow","max-snippet":"max-snippet:-1","max-image-preview":"max-image-preview:large","max-video-preview":"max-video-preview:-1"},"canonical":"https:\/\/www.tsubook.net\/de\/hilfe\/download\/","og_locale":"de_DE","og_type":"article","og_title":"Wie kann ich Tsubook auf mein Ger\u00e4t herunterladen? - Tsubook","og_description":"Vielen Dank f\u00fcr dein Interesse an Tsubook! Wir zeigen dir, wie du Tsubook auf dein Ger\u00e4t l\u00e4dst und dort erfolgreich installierst. Tsubook ist eine Anwendung, die auf Smartphones (iPhone und Android), Tablets (iPad und Android) und auf Computern (Windows und Mac) verf\u00fcgbar ist. Wir bieten Tsubook \u00fcber folgende App Stores an: Google Play Store, App[...]","og_url":"https:\/\/www.tsubook.net\/de\/hilfe\/download\/","og_site_name":"Tsubook","article_modified_time":"2024-09-05T07:07:18+00:00","og_image":[{"width":1024,"height":683,"url":"https:\/\/www.tsubook.net\/de\/wp-content\/uploads\/tsubook_main.png","type":"image\/png"}],"twitter_card":"summary_large_image","twitter_misc":{"Gesch\u00e4tzte Lesezeit":"5\u00a0Minuten"},"schema":{"@context":"https:\/\/schema.org","@graph":[{"@type":"WebPage","@id":"https:\/\/www.tsubook.net\/de\/hilfe\/download\/","url":"https:\/\/www.tsubook.net\/de\/hilfe\/download\/","name":"Wie kann ich Tsubook auf mein Ger\u00e4t herunterladen? - Tsubook","isPartOf":{"@id":"https:\/\/www.tsubook.net\/de\/#website"},"datePublished":"2020-01-21T17:39:56+00:00","dateModified":"2024-09-05T07:07:18+00:00","breadcrumb":{"@id":"https:\/\/www.tsubook.net\/de\/hilfe\/download\/#breadcrumb"},"inLanguage":"de","potentialAction":[{"@type":"ReadAction","target":["https:\/\/www.tsubook.net\/de\/hilfe\/download\/"]}]},{"@type":"BreadcrumbList","@id":"https:\/\/www.tsubook.net\/de\/hilfe\/download\/#breadcrumb","itemListElement":[{"@type":"ListItem","position":1,"name":"Hilfeseiten","item":"https:\/\/www.tsubook.net\/de\/hilfe\/"},{"@type":"ListItem","position":2,"name":"Wie kann ich Tsubook auf mein Ger\u00e4t herunterladen?"}]},{"@type":"WebSite","@id":"https:\/\/www.tsubook.net\/de\/#website","url":"https:\/\/www.tsubook.net\/de\/","name":"Tsubook","description":"Die Meridian-App f\u00fcr TCM, Akupunktur, Shiatsu, Tuina, Kinesiologie, Reflexologie, Qigong und andere","potentialAction":[{"@type":"SearchAction","target":{"@type":"EntryPoint","urlTemplate":"https:\/\/www.tsubook.net\/de\/?s={search_term_string}"},"query-input":{"@type":"PropertyValueSpecification","valueRequired":true,"valueName":"search_term_string"}}],"inLanguage":"de"}]}},"jetpack_sharing_enabled":true,"_links":{"self":[{"href":"https:\/\/www.tsubook.net\/de\/wp-json\/wp\/v2\/pages\/69","targetHints":{"allow":["GET"]}}],"collection":[{"href":"https:\/\/www.tsubook.net\/de\/wp-json\/wp\/v2\/pages"}],"about":[{"href":"https:\/\/www.tsubook.net\/de\/wp-json\/wp\/v2\/types\/page"}],"author":[{"embeddable":true,"href":"https:\/\/www.tsubook.net\/de\/wp-json\/wp\/v2\/users\/1"}],"replies":[{"embeddable":true,"href":"https:\/\/www.tsubook.net\/de\/wp-json\/wp\/v2\/comments?post=69"}],"version-history":[{"count":6,"href":"https:\/\/www.tsubook.net\/de\/wp-json\/wp\/v2\/pages\/69\/revisions"}],"predecessor-version":[{"id":960,"href":"https:\/\/www.tsubook.net\/de\/wp-json\/wp\/v2\/pages\/69\/revisions\/960"}],"up":[{"embeddable":true,"href":"https:\/\/www.tsubook.net\/de\/wp-json\/wp\/v2\/pages\/27"}],"wp:attachment":[{"href":"https:\/\/www.tsubook.net\/de\/wp-json\/wp\/v2\/media?parent=69"}],"curies":[{"name":"wp","href":"https:\/\/api.w.org\/{rel}","templated":true}]}}