{"id":695,"date":"2021-06-11T15:15:38","date_gmt":"2021-06-11T13:15:38","guid":{"rendered":"https:\/\/www.tsubook.net\/de\/?page_id=695"},"modified":"2021-06-11T15:41:03","modified_gmt":"2021-06-11T13:41:03","slug":"bildschirmfotos","status":"publish","type":"page","link":"https:\/\/www.tsubook.net\/de\/hilfe\/urheberrecht\/bildschirmfotos\/","title":{"rendered":"Kann ich Bildschirmfotos von Tsubook verwenden?"},"content":{"rendered":"\t\t\t<!-- Flexy Breadcrumb -->\r\n\t\t\t<div class=\"fbc fbc-page\">\r\n\r\n\t\t\t\t<!-- Breadcrumb wrapper -->\r\n\t\t\t\t<div class=\"fbc-wrap\">\r\n\r\n\t\t\t\t\t<!-- Ordered list-->\r\n\t\t\t\t\t<ol class=\"fbc-items\" itemscope itemtype=\"https:\/\/schema.org\/BreadcrumbList\">\r\n\t\t\t\t\t\t<li class=\"active\" itemprop=\"itemListElement\" itemscope itemtype=\"https:\/\/schema.org\/ListItem\"><span itemprop=\"name\" title=\"Kann ich Bildschirmfotos von Tsubook verwenden?\">Kann ich Bildschirmfotos von Tsubook verwenden?<\/span><meta itemprop=\"position\" content=\"2\" \/><\/li>\t\t\t\t\t<\/ol>\r\n\t\t\t\t\t<div class=\"clearfix\"><\/div>\r\n\t\t\t\t<\/div>\r\n\t\t\t<\/div>\r\n\t\t\t\n\n\n\n<p>Tsubook ist ein gro\u00dfartiges Werkzeug zur Visualisierung von Meridianen und ihren Punkten. Wir bekommen regelm\u00e4\u00dfig Anfragen, ob es rechtens ist, Fotos von Tsubook zur Illustration von Kursmaterial, Blogposts, Newsletter, B\u00fccher, etc. zu nutzen. Als kleine Firma m\u00f6chten wir anderen kleinen Mitspielern der alternativen Therapien helfen, indem wir ihnen eine kostenfreie Nutzung der Inhalte von Tsubook f\u00fcr ihr Unternehmen anbieten.<\/p>\n\n\n\n<blockquote class=\"wp-block-quote is-layout-flow wp-block-quote-is-layout-flow\"><p><strong>Definition: <\/strong>ein &#8222;Bildschirmfoto&#8220; ist ein Foto vom Bildschirm deines Ger\u00e4tes (Smartphone, Tablet, Computer, etc. ), welches dann \u00fcbers Internet geteilt, in ein Dokument eingef\u00fcgt oder gedruckt werden kann. Bitte denke daran, dass die App jedoch zum Zeitpunkt der Aufnahme unter das Urheberrecht f\u00e4llt. Nachstehend findest du deshalb alle notwendigen Informationen, um Bildschirmfotos, die die Tsubook App enthalten, legal zu nutzen.<\/p><\/blockquote>\n\n\n\n<h2 class=\"wp-block-heading\">Allgemeine Gesch\u00e4ftsbedingungen<\/h2>\n\n\n\n<p>Du kannst Bildschirmfotos von einzelnen Tsubook-Inhalten (siehe unten) unter folgenden Vorraussetzungen kostenfrei zu Illustrationszwecken (sowohl physisch, als auch digital) nutzen:<\/p>\n\n\n\n<ol class=\"wp-block-list\"><li>Dein Umsatz (oder pers\u00f6nliches Einkommen, falls du als Person anfragst) \u00fcbersteigt nicht 30.000\u20ac pro Jahr<\/li><li>Das zu erstellende Material steht nicht in Konkurrenz zu Tsubook (Meridian Atlas, Handbuch,\u2026)<\/li><li>Jedes Bildschirmfotos enth\u00e4lt den Name der App (Tsubook) und einen Link zu <a href=\"https:\/\/tsubook.net\/de\/\">https:\/\/tsubook.net\/de\/<\/a><\/li><\/ol>\n\n\n\n<p>Falls du diese Vorraussetzungen nicht erf\u00fcllst, darfst du Bildschirmfotos von Tsubook nicht kostenfrei nutzen. Wir laden dich ein, uns <a href=\"https:\/\/www.tsubook.net\/de\/kontakt\/\">zu kontaktieren<\/a>, um ein f\u00fcr deine Situation angepasstes Preisangebot einzuholen.<\/p>\n\n\n\n<h2 class=\"wp-block-heading\">Verwendbare Inhalte<\/h2>\n\n\n\n<p>Werden diese Voraussetzungen erf\u00fcllt, ist der nutzbare Inhalt von der Art der Verbreitung deines Materials abh\u00e4ngig:<\/p>\n\n\n\n<p><strong>Falls du dein Material kostenfrei zur Verf\u00fcgungs stellst <\/strong>(zum Beispiel als freier Blog im Internet), kannst du Bildschirmfotos der folgenden Teile von Tsubook nutzen:<\/p>\n\n\n\n<ul class=\"wp-block-list\"><li>Das 3D-Panel mit folgender Darstellung: <ul><li>die 12 TCM-Meridiane <\/li><li>die 2 au\u00dfergew\u00f6hnlichen Gef\u00e4\u00dfe Du Mai (Lenkergef\u00e4\u00df) und Ren Mai (Konzeptionsgef\u00e4\u00df) <\/li><li>die ersten 6 Masunaga Meridiane<\/li><li>die ersten 6 entsprechenden Diagnosezonen<\/li><li>die 361 Meridianpunkte, <\/li><li>auf der Hautoberfl\u00e4che und innerhalb des K\u00f6rpers (Knochen-, Muskel- und Organebene)<\/li><\/ul><\/li><li>Die Beschreibung der Lokalisation jedes Punktes als Text<\/li><\/ul>\n\n\n\n<p>Falls das Material einem zahlenden Publikum zur Verf\u00fcgung gestellt werden soll (zum Beispiel Kursmaterial, das ausschlie\u00dflich Studenten deiner Schule zukommt), kannst du Bildschirmfotos folgender Inhalte von Tsubook einf\u00fcgen:<\/p>\n\n\n\n<ul class=\"wp-block-list\"><li>Das 3D-Panel mit folgender Darstellung: <ul><li>die 12 TCM-Meridiane<\/li><li>die 8 au\u00dfergew\u00f6hnlichen Gef\u00e4\u00dfe<\/li><li>die 12 Masunaga Meridiane<\/li><li>die 12 Diagnosezonen<\/li><li>die 361 Meridianpunkte<\/li><li>auf der Hautoberfl\u00e4che und innerhalb des K\u00f6rpers (Knochen-, Muskel- und Organebene)<\/li><\/ul><\/li><li>Die Beschreibung der Lokalisation jedes Punktes als Text<\/li><\/ul>\n\n\n\n<p>Abgesehen von oben genannten Inhalten, ist es nicht erlaubt, Inhalte von Tsubook kostenfrei als Bildschirmfoto zu verbreiten. Beispielsweise ist es nicht erlaubt folgende Inhalte kostenfrei zu nutzen und zu teilen: die Liste von Punkte-Kategorien, die Liste von Indikationen und die 3D-Darstellung der einer Indikation zugeordneten Punkte, etc. Falls du diese Inhalte f\u00fcr dein Material nutzen m\u00f6chtest, <a href=\"https:\/\/www.tsubook.net\/de\/kontakt\/\">kontaktiere uns<\/a> bitte f\u00fcr ein Preisangebot.<\/p>\n\n\n\n<blockquote class=\"wp-block-quote is-layout-flow wp-block-quote-is-layout-flow\"><p>Bitte beachte, dass f\u00fcr die Nutzung eines Bildschirmfotos nicht die gleichen Urheberrechtsbestimmungen gelten wie f\u00fcr die Aufnahme eines Videos in Tsubook (<em><a href=\"https:\/\/www.tsubook.net\/de\/hilfe\/urheberrecht\/videoaufnahmen\/\">dazu mehr hier<\/a><\/em>) oder die Nutzung von Tsubook in einer Live-Veranstaltung (<em><a href=\"https:\/\/www.tsubook.net\/de\/hilfe\/urheberrecht\/live-veranstaltungen\/\">mehr dazu hier<\/a><\/em>).<\/p><\/blockquote>\n\n\n\n<p>Falls du Zweifel hast, was die Verbreitung von Darstellungen aus Tsubook betrifft (Bildschirmfotos, Videoaufzeichnungen, Live-Veranstaltungen,\u2026) beraten wir dich gern. <a href=\"https:\/\/www.tsubook.net\/de\/kontakt\/\">Schreib uns einfach!<\/a><\/p>\n","protected":false},"excerpt":{"rendered":"<p>Tsubook ist ein gro\u00dfartiges Werkzeug zur Visualisierung von Meridianen und ihren Punkten. Wir bekommen regelm\u00e4\u00dfig Anfragen, ob es rechtens ist, Fotos von Tsubook zur Illustration von Kursmaterial, Blogposts, Newsletter, B\u00fccher, etc. zu nutzen. Als kleine Firma m\u00f6chten wir anderen kleinen Mitspielern der alternativen Therapien helfen, indem wir ihnen eine kostenfreie Nutzung der Inhalte von Tsubook<a href=\"https:\/\/www.tsubook.net\/de\/hilfe\/urheberrecht\/bildschirmfotos\/\">[&#8230;]<\/a><\/p>\n","protected":false},"author":2,"featured_media":0,"parent":699,"menu_order":0,"comment_status":"closed","ping_status":"closed","template":"","meta":{"footnotes":""},"class_list":["post-695","page","type-page","status-publish","hentry","wpautop"],"yoast_head":"<!-- This site is optimized with the Yoast SEO plugin v27.1.1 - https:\/\/yoast.com\/product\/yoast-seo-wordpress\/ -->\n<title>Kann ich Bildschirmfotos von Tsubook verwenden? - Tsubook<\/title>\n<meta name=\"robots\" content=\"index, follow, max-snippet:-1, max-image-preview:large, max-video-preview:-1\" \/>\n<link rel=\"canonical\" href=\"https:\/\/www.tsubook.net\/de\/hilfe\/urheberrecht\/bildschirmfotos\/\" \/>\n<meta property=\"og:locale\" content=\"de_DE\" \/>\n<meta property=\"og:type\" content=\"article\" \/>\n<meta property=\"og:title\" content=\"Kann ich Bildschirmfotos von Tsubook verwenden? - Tsubook\" \/>\n<meta property=\"og:description\" content=\"Tsubook ist ein gro\u00dfartiges Werkzeug zur Visualisierung von Meridianen und ihren Punkten. Wir bekommen regelm\u00e4\u00dfig Anfragen, ob es rechtens ist, Fotos von Tsubook zur Illustration von Kursmaterial, Blogposts, Newsletter, B\u00fccher, etc. zu nutzen. Als kleine Firma m\u00f6chten wir anderen kleinen Mitspielern der alternativen Therapien helfen, indem wir ihnen eine kostenfreie Nutzung der Inhalte von Tsubook[...]\" \/>\n<meta property=\"og:url\" content=\"https:\/\/www.tsubook.net\/de\/hilfe\/urheberrecht\/bildschirmfotos\/\" \/>\n<meta property=\"og:site_name\" content=\"Tsubook\" \/>\n<meta property=\"article:modified_time\" content=\"2021-06-11T13:41:03+00:00\" \/>\n<meta property=\"og:image\" content=\"https:\/\/www.tsubook.net\/de\/wp-content\/uploads\/tsubook_main.png\" \/>\n\t<meta property=\"og:image:width\" content=\"1024\" \/>\n\t<meta property=\"og:image:height\" content=\"683\" \/>\n\t<meta property=\"og:image:type\" content=\"image\/png\" \/>\n<meta name=\"twitter:card\" content=\"summary_large_image\" \/>\n<meta name=\"twitter:label1\" content=\"Gesch\u00e4tzte Lesezeit\" \/>\n\t<meta name=\"twitter:data1\" content=\"3\u00a0Minuten\" \/>\n<script type=\"application\/ld+json\" class=\"yoast-schema-graph\">{\"@context\":\"https:\/\/schema.org\",\"@graph\":[{\"@type\":\"WebPage\",\"@id\":\"https:\/\/www.tsubook.net\/de\/hilfe\/urheberrecht\/bildschirmfotos\/\",\"url\":\"https:\/\/www.tsubook.net\/de\/hilfe\/urheberrecht\/bildschirmfotos\/\",\"name\":\"Kann ich Bildschirmfotos von Tsubook verwenden? - Tsubook\",\"isPartOf\":{\"@id\":\"https:\/\/www.tsubook.net\/de\/#website\"},\"datePublished\":\"2021-06-11T13:15:38+00:00\",\"dateModified\":\"2021-06-11T13:41:03+00:00\",\"breadcrumb\":{\"@id\":\"https:\/\/www.tsubook.net\/de\/hilfe\/urheberrecht\/bildschirmfotos\/#breadcrumb\"},\"inLanguage\":\"de\",\"potentialAction\":[{\"@type\":\"ReadAction\",\"target\":[\"https:\/\/www.tsubook.net\/de\/hilfe\/urheberrecht\/bildschirmfotos\/\"]}]},{\"@type\":\"BreadcrumbList\",\"@id\":\"https:\/\/www.tsubook.net\/de\/hilfe\/urheberrecht\/bildschirmfotos\/#breadcrumb\",\"itemListElement\":[{\"@type\":\"ListItem\",\"position\":1,\"name\":\"Hilfeseiten\",\"item\":\"https:\/\/www.tsubook.net\/de\/hilfe\/\"},{\"@type\":\"ListItem\",\"position\":2,\"name\":\"Urheberrecht\",\"item\":\"https:\/\/www.tsubook.net\/de\/hilfe\/urheberrecht\/\"},{\"@type\":\"ListItem\",\"position\":3,\"name\":\"Kann ich Bildschirmfotos von Tsubook verwenden?\"}]},{\"@type\":\"WebSite\",\"@id\":\"https:\/\/www.tsubook.net\/de\/#website\",\"url\":\"https:\/\/www.tsubook.net\/de\/\",\"name\":\"Tsubook\",\"description\":\"Die Meridian-App f\u00fcr TCM, Akupunktur, Shiatsu, Tuina, Kinesiologie, Reflexologie, Qigong und andere\",\"potentialAction\":[{\"@type\":\"SearchAction\",\"target\":{\"@type\":\"EntryPoint\",\"urlTemplate\":\"https:\/\/www.tsubook.net\/de\/?s={search_term_string}\"},\"query-input\":{\"@type\":\"PropertyValueSpecification\",\"valueRequired\":true,\"valueName\":\"search_term_string\"}}],\"inLanguage\":\"de\"}]}<\/script>\n<!-- \/ Yoast SEO plugin. -->","yoast_head_json":{"title":"Kann ich Bildschirmfotos von Tsubook verwenden? - Tsubook","robots":{"index":"index","follow":"follow","max-snippet":"max-snippet:-1","max-image-preview":"max-image-preview:large","max-video-preview":"max-video-preview:-1"},"canonical":"https:\/\/www.tsubook.net\/de\/hilfe\/urheberrecht\/bildschirmfotos\/","og_locale":"de_DE","og_type":"article","og_title":"Kann ich Bildschirmfotos von Tsubook verwenden? - Tsubook","og_description":"Tsubook ist ein gro\u00dfartiges Werkzeug zur Visualisierung von Meridianen und ihren Punkten. Wir bekommen regelm\u00e4\u00dfig Anfragen, ob es rechtens ist, Fotos von Tsubook zur Illustration von Kursmaterial, Blogposts, Newsletter, B\u00fccher, etc. zu nutzen. Als kleine Firma m\u00f6chten wir anderen kleinen Mitspielern der alternativen Therapien helfen, indem wir ihnen eine kostenfreie Nutzung der Inhalte von Tsubook[...]","og_url":"https:\/\/www.tsubook.net\/de\/hilfe\/urheberrecht\/bildschirmfotos\/","og_site_name":"Tsubook","article_modified_time":"2021-06-11T13:41:03+00:00","og_image":[{"width":1024,"height":683,"url":"https:\/\/www.tsubook.net\/de\/wp-content\/uploads\/tsubook_main.png","type":"image\/png"}],"twitter_card":"summary_large_image","twitter_misc":{"Gesch\u00e4tzte Lesezeit":"3\u00a0Minuten"},"schema":{"@context":"https:\/\/schema.org","@graph":[{"@type":"WebPage","@id":"https:\/\/www.tsubook.net\/de\/hilfe\/urheberrecht\/bildschirmfotos\/","url":"https:\/\/www.tsubook.net\/de\/hilfe\/urheberrecht\/bildschirmfotos\/","name":"Kann ich Bildschirmfotos von Tsubook verwenden? - Tsubook","isPartOf":{"@id":"https:\/\/www.tsubook.net\/de\/#website"},"datePublished":"2021-06-11T13:15:38+00:00","dateModified":"2021-06-11T13:41:03+00:00","breadcrumb":{"@id":"https:\/\/www.tsubook.net\/de\/hilfe\/urheberrecht\/bildschirmfotos\/#breadcrumb"},"inLanguage":"de","potentialAction":[{"@type":"ReadAction","target":["https:\/\/www.tsubook.net\/de\/hilfe\/urheberrecht\/bildschirmfotos\/"]}]},{"@type":"BreadcrumbList","@id":"https:\/\/www.tsubook.net\/de\/hilfe\/urheberrecht\/bildschirmfotos\/#breadcrumb","itemListElement":[{"@type":"ListItem","position":1,"name":"Hilfeseiten","item":"https:\/\/www.tsubook.net\/de\/hilfe\/"},{"@type":"ListItem","position":2,"name":"Urheberrecht","item":"https:\/\/www.tsubook.net\/de\/hilfe\/urheberrecht\/"},{"@type":"ListItem","position":3,"name":"Kann ich Bildschirmfotos von Tsubook verwenden?"}]},{"@type":"WebSite","@id":"https:\/\/www.tsubook.net\/de\/#website","url":"https:\/\/www.tsubook.net\/de\/","name":"Tsubook","description":"Die Meridian-App f\u00fcr TCM, Akupunktur, Shiatsu, Tuina, Kinesiologie, Reflexologie, Qigong und andere","potentialAction":[{"@type":"SearchAction","target":{"@type":"EntryPoint","urlTemplate":"https:\/\/www.tsubook.net\/de\/?s={search_term_string}"},"query-input":{"@type":"PropertyValueSpecification","valueRequired":true,"valueName":"search_term_string"}}],"inLanguage":"de"}]}},"jetpack_sharing_enabled":true,"_links":{"self":[{"href":"https:\/\/www.tsubook.net\/de\/wp-json\/wp\/v2\/pages\/695","targetHints":{"allow":["GET"]}}],"collection":[{"href":"https:\/\/www.tsubook.net\/de\/wp-json\/wp\/v2\/pages"}],"about":[{"href":"https:\/\/www.tsubook.net\/de\/wp-json\/wp\/v2\/types\/page"}],"author":[{"embeddable":true,"href":"https:\/\/www.tsubook.net\/de\/wp-json\/wp\/v2\/users\/2"}],"replies":[{"embeddable":true,"href":"https:\/\/www.tsubook.net\/de\/wp-json\/wp\/v2\/comments?post=695"}],"version-history":[{"count":4,"href":"https:\/\/www.tsubook.net\/de\/wp-json\/wp\/v2\/pages\/695\/revisions"}],"predecessor-version":[{"id":711,"href":"https:\/\/www.tsubook.net\/de\/wp-json\/wp\/v2\/pages\/695\/revisions\/711"}],"up":[{"embeddable":true,"href":"https:\/\/www.tsubook.net\/de\/wp-json\/wp\/v2\/pages\/699"}],"wp:attachment":[{"href":"https:\/\/www.tsubook.net\/de\/wp-json\/wp\/v2\/media?parent=695"}],"curies":[{"name":"wp","href":"https:\/\/api.w.org\/{rel}","templated":true}]}}