{"id":703,"date":"2021-06-11T15:32:40","date_gmt":"2021-06-11T13:32:40","guid":{"rendered":"https:\/\/www.tsubook.net\/de\/?page_id=703"},"modified":"2021-07-08T13:02:00","modified_gmt":"2021-07-08T11:02:00","slug":"videoaufnahmen","status":"publish","type":"page","link":"https:\/\/www.tsubook.net\/de\/hilfe\/urheberrecht\/videoaufnahmen\/","title":{"rendered":"Kann ich Videoaufnahmen von Tsubook nutzen?"},"content":{"rendered":"\t\t\t<!-- Flexy Breadcrumb -->\r\n\t\t\t<div class=\"fbc fbc-page\">\r\n\r\n\t\t\t\t<!-- Breadcrumb wrapper -->\r\n\t\t\t\t<div class=\"fbc-wrap\">\r\n\r\n\t\t\t\t\t<!-- Ordered list-->\r\n\t\t\t\t\t<ol class=\"fbc-items\" itemscope itemtype=\"https:\/\/schema.org\/BreadcrumbList\">\r\n\t\t\t\t\t\t<li class=\"active\" itemprop=\"itemListElement\" itemscope itemtype=\"https:\/\/schema.org\/ListItem\"><span itemprop=\"name\" title=\"Kann ich Videoaufnahmen von Tsubook nutzen?\">Kann ich Videoaufnahmen von Tsubook nutzen?<\/span><meta itemprop=\"position\" content=\"2\" \/><\/li>\t\t\t\t\t<\/ol>\r\n\t\t\t\t\t<div class=\"clearfix\"><\/div>\r\n\t\t\t\t<\/div>\r\n\t\t\t<\/div>\r\n\t\t\t\n\n\n\n<p>Tsubook ist ein gro\u00dfartiges Werkzeug zur Visualisierung von Meridianen und ihren Punkten. Wir bekommen regelm\u00e4\u00dfig Anfragen, ob es rechtens ist, Darstellungen in Tsubook in Videos einzuf\u00fcgen. Als kleine Firma m\u00f6chten wir anderen kleinen Mitspielern der alternativen Therapien helfen, indem wir ihnen eine kostenfreie Nutzung der Inhalte von Tsubook f\u00fcr ihr Unternehmen anbieten.<\/p>\n\n\n\n<blockquote class=\"wp-block-quote is-layout-flow wp-block-quote-is-layout-flow\"><p><strong>Definition:<\/strong> eine Videoaufnahme wird hier verstanden als die Ausgabe von allem oder Teilen des Bildschirms deines Ger\u00e4tes in ein Video, welches du dann bearbeiten, ver\u00f6ffentlichen oder in ein weiteres Video einbetten kannst. Bitte denke daran, dass die App jedoch zum Zeitpunkt der Videoaufnahme unter das Urheberrecht f\u00e4llt. Nachstehend findest du deshalb alle notwendigen Informationen, um Videoaufnahmen, die die Tsubook App enthalten, legal zu nutzen.<\/p><\/blockquote>\n\n\n\n<h2 class=\"wp-block-heading\">Allgemeine Gesch\u00e4ftsbedingungen<\/h2>\n\n\n\n<p>Du kannst Videoaufnahmen bestimmter Inhalte von Tsubook (siehe unten) kostenfrei unter folgenden Bedingungen f\u00fcr die Illustration eigener Videos nutzen:<\/p>\n\n\n\n<ol class=\"wp-block-list\"><li>Dein Umsatz (oder pers\u00f6nliches Einkommen, falls du als Person anfragst) \u00fcbersteigt nicht 30.000\u20ac pro Jahr<\/li><li>Dein Video steht nicht in Konkurrenz mit Tsubook, insbesondere <em><a href=\"https:\/\/www.youtube.com\/c\/Tsubook\">dem Tsubook Youtube Kanal<\/a><\/em> (vollst\u00e4ndiger Meridianverlauf,\u2026)<\/li><li>Jedes Video soll den Namen der Anwendung (Tsubook) und den folgenden Link <a href=\"https:\/\/tsubook.net\/de\/\">https:\/\/tsubook.net\/de\/<\/a> enthalten. Der Name und die Webadresse k\u00f6nnen klein sein, sollten aber selbst auf kleinen Bildschirmen lesbar sein.<\/li><\/ol>\n\n\n\n<p>Falls diese Bedingungen nicht erf\u00fcllt werden, ist es nicht erlaubt Videoaufnahmen von Tsubook kostenfrei zu nutzen. Wir laden dich ein, mit uns<em><a href=\"https:\/\/www.tsubook.net\/de\/kontakt\/\"> <\/a><\/em><a href=\"https:\/\/www.tsubook.net\/de\/kontakt\/\">in Kontakt zu treten<\/a>, um ein f\u00fcr deine Situation angepasstes Preisangebot zu erhalten.<\/p>\n\n\n\n<h2 class=\"wp-block-heading\">Verwendbare Inhalte<\/h2>\n\n\n\n<p>Sofern diese Bedingungen erf\u00fcllt sind, kannst du Videoaufnahmen der folgenden Inhalte von Tsubook in deine Videos einf\u00fcgen:<\/p>\n\n\n\n<ul class=\"wp-block-list\"><li>Das 3D-Panel mit folgender Darstellung: <ul><li>die 12 TCM-Meridiane<\/li><li>die 2 au\u00dfergew\u00f6hnlichen Gef\u00e4\u00dfe Du Mai (Lenkergef\u00e4\u00df) und Ren Mai (Konzeptionsgef\u00e4\u00df)<\/li><li>die ersten 6 Masunaga Meridiane<\/li><li>die ersten 6 entsprechenden Diagnosezonen<\/li><li>die 361 Meridianpunkte, jeweils auf der Hautoberfl\u00e4che und innerhalb des K\u00f6rpers (Knochen-, Muskel- und Organebene)<\/li><\/ul><\/li><li>Die Beschreibung der Lokalisation jedes Punkts als Text<\/li><\/ul>\n\n\n\n<p>Abgesehen von oben genanntem, ist es nicht erlaubt, Inhalte von Tsubook kostenfrei in eigenen Videoaufnahmen zu nutzen. Beispielsweise ist es nicht erlaubt folgende Inhalte kostenfrei zu nutzen und zu teilen: die Liste von Punkte-Kategorien, die Liste von Indikationen und die 3D-Darstellung der einer Indikation zugeordneten Punkte, etc. Falls du diese Inhalte nutzen m\u00f6chtest, <a href=\"https:\/\/www.tsubook.net\/de\/kontakt\/\">kontaktiere uns<\/a> bitte f\u00fcr ein Preisangebot.<\/p>\n\n\n\n<blockquote class=\"wp-block-quote is-layout-flow wp-block-quote-is-layout-flow\"><p>Bitte beachte, dass f\u00fcr die Nutzung einer Videoaufnahme nicht die gleichen Urheberrechtsbestimmungen gelten, wie f\u00fcr die Aufnahme eines Bildschirmfotos in Tsubook (<em><a href=\"https:\/\/www.tsubook.net\/de\/bildschirmfotos\/\">dazu mehr hier<\/a><\/em>) oder die Nutzung von Tsubook w\u00e4hrend einer nicht aufgezeichneten Live-Veranstaltung (<em><a href=\"https:\/\/www.tsubook.net\/de\/hilfe\/urheberrecht\/live-veranstaltungen\/\">mehr dazu hier<\/a><\/em>).<\/p><\/blockquote>\n\n\n\n<p>Falls du Zweifel hast, was die Verbreitung von Darstellungen aus Tsubook betrifft (Bildschirmfotos, Videoaufzeichnungen, Live-Veranstaltungen,\u2026) beraten wir dich gern.<a href=\"https:\/\/www.tsubook.net\/de\/kontakt\/\"> Schreib uns einfach<\/a>!<\/p>\n","protected":false},"excerpt":{"rendered":"<p>Tsubook ist ein gro\u00dfartiges Werkzeug zur Visualisierung von Meridianen und ihren Punkten. Wir bekommen regelm\u00e4\u00dfig Anfragen, ob es rechtens ist, Darstellungen in Tsubook in Videos einzuf\u00fcgen. Als kleine Firma m\u00f6chten wir anderen kleinen Mitspielern der alternativen Therapien helfen, indem wir ihnen eine kostenfreie Nutzung der Inhalte von Tsubook f\u00fcr ihr Unternehmen anbieten. Definition: eine Videoaufnahme<a href=\"https:\/\/www.tsubook.net\/de\/hilfe\/urheberrecht\/videoaufnahmen\/\">[&#8230;]<\/a><\/p>\n","protected":false},"author":2,"featured_media":0,"parent":699,"menu_order":0,"comment_status":"closed","ping_status":"closed","template":"","meta":{"footnotes":""},"class_list":["post-703","page","type-page","status-publish","hentry","wpautop"],"yoast_head":"<!-- This site is optimized with the Yoast SEO plugin v27.1.1 - https:\/\/yoast.com\/product\/yoast-seo-wordpress\/ -->\n<title>Kann ich Videoaufnahmen von Tsubook nutzen? - Tsubook<\/title>\n<meta name=\"robots\" content=\"index, follow, max-snippet:-1, max-image-preview:large, max-video-preview:-1\" \/>\n<link rel=\"canonical\" href=\"https:\/\/www.tsubook.net\/de\/hilfe\/urheberrecht\/videoaufnahmen\/\" \/>\n<meta property=\"og:locale\" content=\"de_DE\" \/>\n<meta property=\"og:type\" content=\"article\" \/>\n<meta property=\"og:title\" content=\"Kann ich Videoaufnahmen von Tsubook nutzen? - Tsubook\" \/>\n<meta property=\"og:description\" content=\"Tsubook ist ein gro\u00dfartiges Werkzeug zur Visualisierung von Meridianen und ihren Punkten. Wir bekommen regelm\u00e4\u00dfig Anfragen, ob es rechtens ist, Darstellungen in Tsubook in Videos einzuf\u00fcgen. Als kleine Firma m\u00f6chten wir anderen kleinen Mitspielern der alternativen Therapien helfen, indem wir ihnen eine kostenfreie Nutzung der Inhalte von Tsubook f\u00fcr ihr Unternehmen anbieten. Definition: eine Videoaufnahme[...]\" \/>\n<meta property=\"og:url\" content=\"https:\/\/www.tsubook.net\/de\/hilfe\/urheberrecht\/videoaufnahmen\/\" \/>\n<meta property=\"og:site_name\" content=\"Tsubook\" \/>\n<meta property=\"article:modified_time\" content=\"2021-07-08T11:02:00+00:00\" \/>\n<meta property=\"og:image\" content=\"https:\/\/www.tsubook.net\/de\/wp-content\/uploads\/tsubook_main.png\" \/>\n\t<meta property=\"og:image:width\" content=\"1024\" \/>\n\t<meta property=\"og:image:height\" content=\"683\" \/>\n\t<meta property=\"og:image:type\" content=\"image\/png\" \/>\n<meta name=\"twitter:card\" content=\"summary_large_image\" \/>\n<meta name=\"twitter:label1\" content=\"Gesch\u00e4tzte Lesezeit\" \/>\n\t<meta name=\"twitter:data1\" content=\"2\u00a0Minuten\" \/>\n<script type=\"application\/ld+json\" class=\"yoast-schema-graph\">{\"@context\":\"https:\/\/schema.org\",\"@graph\":[{\"@type\":\"WebPage\",\"@id\":\"https:\/\/www.tsubook.net\/de\/hilfe\/urheberrecht\/videoaufnahmen\/\",\"url\":\"https:\/\/www.tsubook.net\/de\/hilfe\/urheberrecht\/videoaufnahmen\/\",\"name\":\"Kann ich Videoaufnahmen von Tsubook nutzen? - Tsubook\",\"isPartOf\":{\"@id\":\"https:\/\/www.tsubook.net\/de\/#website\"},\"datePublished\":\"2021-06-11T13:32:40+00:00\",\"dateModified\":\"2021-07-08T11:02:00+00:00\",\"breadcrumb\":{\"@id\":\"https:\/\/www.tsubook.net\/de\/hilfe\/urheberrecht\/videoaufnahmen\/#breadcrumb\"},\"inLanguage\":\"de\",\"potentialAction\":[{\"@type\":\"ReadAction\",\"target\":[\"https:\/\/www.tsubook.net\/de\/hilfe\/urheberrecht\/videoaufnahmen\/\"]}]},{\"@type\":\"BreadcrumbList\",\"@id\":\"https:\/\/www.tsubook.net\/de\/hilfe\/urheberrecht\/videoaufnahmen\/#breadcrumb\",\"itemListElement\":[{\"@type\":\"ListItem\",\"position\":1,\"name\":\"Hilfeseiten\",\"item\":\"https:\/\/www.tsubook.net\/de\/hilfe\/\"},{\"@type\":\"ListItem\",\"position\":2,\"name\":\"Urheberrecht\",\"item\":\"https:\/\/www.tsubook.net\/de\/hilfe\/urheberrecht\/\"},{\"@type\":\"ListItem\",\"position\":3,\"name\":\"Kann ich Videoaufnahmen von Tsubook nutzen?\"}]},{\"@type\":\"WebSite\",\"@id\":\"https:\/\/www.tsubook.net\/de\/#website\",\"url\":\"https:\/\/www.tsubook.net\/de\/\",\"name\":\"Tsubook\",\"description\":\"Die Meridian-App f\u00fcr TCM, Akupunktur, Shiatsu, Tuina, Kinesiologie, Reflexologie, Qigong und andere\",\"potentialAction\":[{\"@type\":\"SearchAction\",\"target\":{\"@type\":\"EntryPoint\",\"urlTemplate\":\"https:\/\/www.tsubook.net\/de\/?s={search_term_string}\"},\"query-input\":{\"@type\":\"PropertyValueSpecification\",\"valueRequired\":true,\"valueName\":\"search_term_string\"}}],\"inLanguage\":\"de\"}]}<\/script>\n<!-- \/ Yoast SEO plugin. -->","yoast_head_json":{"title":"Kann ich Videoaufnahmen von Tsubook nutzen? - Tsubook","robots":{"index":"index","follow":"follow","max-snippet":"max-snippet:-1","max-image-preview":"max-image-preview:large","max-video-preview":"max-video-preview:-1"},"canonical":"https:\/\/www.tsubook.net\/de\/hilfe\/urheberrecht\/videoaufnahmen\/","og_locale":"de_DE","og_type":"article","og_title":"Kann ich Videoaufnahmen von Tsubook nutzen? - Tsubook","og_description":"Tsubook ist ein gro\u00dfartiges Werkzeug zur Visualisierung von Meridianen und ihren Punkten. Wir bekommen regelm\u00e4\u00dfig Anfragen, ob es rechtens ist, Darstellungen in Tsubook in Videos einzuf\u00fcgen. Als kleine Firma m\u00f6chten wir anderen kleinen Mitspielern der alternativen Therapien helfen, indem wir ihnen eine kostenfreie Nutzung der Inhalte von Tsubook f\u00fcr ihr Unternehmen anbieten. Definition: eine Videoaufnahme[...]","og_url":"https:\/\/www.tsubook.net\/de\/hilfe\/urheberrecht\/videoaufnahmen\/","og_site_name":"Tsubook","article_modified_time":"2021-07-08T11:02:00+00:00","og_image":[{"width":1024,"height":683,"url":"https:\/\/www.tsubook.net\/de\/wp-content\/uploads\/tsubook_main.png","type":"image\/png"}],"twitter_card":"summary_large_image","twitter_misc":{"Gesch\u00e4tzte Lesezeit":"2\u00a0Minuten"},"schema":{"@context":"https:\/\/schema.org","@graph":[{"@type":"WebPage","@id":"https:\/\/www.tsubook.net\/de\/hilfe\/urheberrecht\/videoaufnahmen\/","url":"https:\/\/www.tsubook.net\/de\/hilfe\/urheberrecht\/videoaufnahmen\/","name":"Kann ich Videoaufnahmen von Tsubook nutzen? - Tsubook","isPartOf":{"@id":"https:\/\/www.tsubook.net\/de\/#website"},"datePublished":"2021-06-11T13:32:40+00:00","dateModified":"2021-07-08T11:02:00+00:00","breadcrumb":{"@id":"https:\/\/www.tsubook.net\/de\/hilfe\/urheberrecht\/videoaufnahmen\/#breadcrumb"},"inLanguage":"de","potentialAction":[{"@type":"ReadAction","target":["https:\/\/www.tsubook.net\/de\/hilfe\/urheberrecht\/videoaufnahmen\/"]}]},{"@type":"BreadcrumbList","@id":"https:\/\/www.tsubook.net\/de\/hilfe\/urheberrecht\/videoaufnahmen\/#breadcrumb","itemListElement":[{"@type":"ListItem","position":1,"name":"Hilfeseiten","item":"https:\/\/www.tsubook.net\/de\/hilfe\/"},{"@type":"ListItem","position":2,"name":"Urheberrecht","item":"https:\/\/www.tsubook.net\/de\/hilfe\/urheberrecht\/"},{"@type":"ListItem","position":3,"name":"Kann ich Videoaufnahmen von Tsubook nutzen?"}]},{"@type":"WebSite","@id":"https:\/\/www.tsubook.net\/de\/#website","url":"https:\/\/www.tsubook.net\/de\/","name":"Tsubook","description":"Die Meridian-App f\u00fcr TCM, Akupunktur, Shiatsu, Tuina, Kinesiologie, Reflexologie, Qigong und andere","potentialAction":[{"@type":"SearchAction","target":{"@type":"EntryPoint","urlTemplate":"https:\/\/www.tsubook.net\/de\/?s={search_term_string}"},"query-input":{"@type":"PropertyValueSpecification","valueRequired":true,"valueName":"search_term_string"}}],"inLanguage":"de"}]}},"jetpack_sharing_enabled":true,"_links":{"self":[{"href":"https:\/\/www.tsubook.net\/de\/wp-json\/wp\/v2\/pages\/703","targetHints":{"allow":["GET"]}}],"collection":[{"href":"https:\/\/www.tsubook.net\/de\/wp-json\/wp\/v2\/pages"}],"about":[{"href":"https:\/\/www.tsubook.net\/de\/wp-json\/wp\/v2\/types\/page"}],"author":[{"embeddable":true,"href":"https:\/\/www.tsubook.net\/de\/wp-json\/wp\/v2\/users\/2"}],"replies":[{"embeddable":true,"href":"https:\/\/www.tsubook.net\/de\/wp-json\/wp\/v2\/comments?post=703"}],"version-history":[{"count":5,"href":"https:\/\/www.tsubook.net\/de\/wp-json\/wp\/v2\/pages\/703\/revisions"}],"predecessor-version":[{"id":725,"href":"https:\/\/www.tsubook.net\/de\/wp-json\/wp\/v2\/pages\/703\/revisions\/725"}],"up":[{"embeddable":true,"href":"https:\/\/www.tsubook.net\/de\/wp-json\/wp\/v2\/pages\/699"}],"wp:attachment":[{"href":"https:\/\/www.tsubook.net\/de\/wp-json\/wp\/v2\/media?parent=703"}],"curies":[{"name":"wp","href":"https:\/\/api.w.org\/{rel}","templated":true}]}}