{"id":765,"date":"2021-11-24T20:20:23","date_gmt":"2021-11-24T19:20:23","guid":{"rendered":"https:\/\/www.tsubook.net\/de\/?page_id=765"},"modified":"2024-09-05T12:03:52","modified_gmt":"2024-09-05T10:03:52","slug":"zahlungsoptionen","status":"publish","type":"page","link":"https:\/\/www.tsubook.net\/de\/hilfe\/preise\/zahlungsoptionen\/","title":{"rendered":"Kann ich ohne Kreditkarte bezahlen?"},"content":{"rendered":"\t\t\t<!-- Flexy Breadcrumb -->\r\n\t\t\t<div class=\"fbc fbc-page\">\r\n\r\n\t\t\t\t<!-- Breadcrumb wrapper -->\r\n\t\t\t\t<div class=\"fbc-wrap\">\r\n\r\n\t\t\t\t\t<!-- Ordered list-->\r\n\t\t\t\t\t<ol class=\"fbc-items\" itemscope itemtype=\"https:\/\/schema.org\/BreadcrumbList\">\r\n\t\t\t\t\t\t<li class=\"active\" itemprop=\"itemListElement\" itemscope itemtype=\"https:\/\/schema.org\/ListItem\"><span itemprop=\"name\" title=\"Kann ich ohne Kreditkarte bezahlen?\">Kann ich ohne Kreditkarte bezahlen?<\/span><meta itemprop=\"position\" content=\"2\" \/><\/li>\t\t\t\t\t<\/ol>\r\n\t\t\t\t\t<div class=\"clearfix\"><\/div>\r\n\t\t\t\t<\/div>\r\n\t\t\t<\/div>\r\n\t\t\t\n\n\n\n<p>Es gibt drei Wege, eine Lizenz f\u00fcr Tsubook zu erwerben und die Inhalte frei zu schalten:<\/p>\n\n\n\n<ol class=\"wp-block-list\">\n<li>In der App auf Android, iPhone, iPad und Mac: \u00d6ffne das seitliche Men\u00fc in der App und w\u00e4hle &#8218;Lizenz kaufen&#8216;. Dadurch wirst du direkt zum AppleStore oder GooglePlayStore weitergeleitet. Die dort verf\u00fcgbaren Zahlungsoptionen findest du <a href=\"https:\/\/support.apple.com\/de-de\/HT202631\">hier<\/a> f\u00fcr AppStore und <a href=\"https:\/\/support.google.com\/googleplay\/answer\/2651410?hl=de&amp;co=GENIE.CountryCode%3DGermany\">hier<\/a> f\u00fcr GooglePlayStore. Beachte, dass \u00fcber diese Methode Google oder Apple eine Geb\u00fchr von 15% auf den Einkaufspreis erheben.<\/li>\n\n\n\n<li>F\u00fcr Windowsanwender: \u00d6ffne das seitliche Men\u00fc in der App und w\u00e4hle &#8218;Lizenz kaufen&#8216; aus. Dadurch wirst du direkt auf unsere Webseite geleitet, wo du alternative Zahlungsoptionen finden kannst (siehe unten).<\/li>\n\n\n\n<li>Auf unserer Webseite: Mit deinem Tsubook-Konto kannst du auch eine Lizenz \u00fcber unsere Webseite kaufen. Klicke dazu einfach auf den Einloggen Knopf rechts oben in dieser Seite. Neben der Bezahlung mit Kreditkarte stehen Nutzern aus \u00d6sterreich, Deutschland, Belgien, Polen und den Niederlanden andere sichere Zahlungsoptionen zur Verf\u00fcgung. Um mehr dar\u00fcber zu erfahren, klicke auf das entsprechende Icon.<\/li>\n<\/ol>\n\n\n\n<div class=\"wp-block-columns is-layout-flex wp-container-core-columns-is-layout-9d6595d7 wp-block-columns-is-layout-flex\">\n<div class=\"wp-block-column is-layout-flow wp-block-column-is-layout-flow\"><\/div>\n\n\n\n<div class=\"wp-block-column is-layout-flow wp-block-column-is-layout-flow\">\n<h4 class=\"wp-block-heading has-text-align-center\">Niederlande<\/h4>\n\n\n\n<figure class=\"wp-block-image size-large\"><a href=\"https:\/\/www.ideal.nl\/consumenten\/\" target=\"_blank\" rel=\"noopener\"><img decoding=\"async\" src=\"https:\/\/www.tsubook.net\/en\/wp-content\/uploads\/ideal-logo-1024-1024x1024.png\" alt=\"\" class=\"wp-image-13617\"\/><\/a><\/figure>\n<\/div>\n\n\n\n<div class=\"wp-block-column is-layout-flow wp-block-column-is-layout-flow\">\n<h4 class=\"wp-block-heading has-text-align-center\">\u00d6sterreich<\/h4>\n\n\n\n<div class=\"wp-block-image\"><figure class=\"aligncenter size-large\"><a href=\"https:\/\/eps-ueberweisung.at\/\" target=\"_blank\" rel=\"noopener\"><img decoding=\"async\" src=\"https:\/\/www.tsubook.net\/en\/wp-content\/uploads\/eps-Logo-CMYK-1024x665.jpg\" alt=\"\" class=\"wp-image-13612\"\/><\/a><\/figure><\/div>\n<\/div>\n\n\n\n<div class=\"wp-block-column is-layout-flow wp-block-column-is-layout-flow\">\n<h4 class=\"wp-block-heading has-text-align-center\">Belgien<\/h4>\n\n\n\n<div class=\"wp-block-image\"><figure class=\"aligncenter size-large\"><a href=\"https:\/\/www.bancontact.com\/nl\" target=\"_blank\" rel=\"noopener\"><img decoding=\"async\" src=\"https:\/\/www.tsubook.net\/en\/wp-content\/uploads\/Bancontact-Original-logo-RGB-1024x767.png\" alt=\"\" class=\"wp-image-13610\"\/><\/a><\/figure><\/div>\n<\/div>\n\n\n\n<div class=\"wp-block-column is-layout-flow wp-block-column-is-layout-flow\"><\/div>\n<\/div>\n\n\n\n<div class=\"wp-block-columns is-layout-flex wp-container-core-columns-is-layout-9d6595d7 wp-block-columns-is-layout-flex\">\n<div class=\"wp-block-column is-layout-flow wp-block-column-is-layout-flow\"><\/div>\n\n\n\n<div class=\"wp-block-column is-layout-flow wp-block-column-is-layout-flow\">\n<h4 class=\"wp-block-heading has-text-align-center\">Deutschland<\/h4>\n\n\n\n<figure class=\"wp-block-image size-full\"><a href=\"https:\/\/www.giropay.de\/kaeufer\/online-ueberweisen\" target=\"_blank\" rel=\"noopener\"><img decoding=\"async\" src=\"https:\/\/www.tsubook.net\/en\/wp-content\/uploads\/giropay_960px_color_rgb.png\" alt=\"\" class=\"wp-image-13609\"\/><\/a><\/figure>\n<\/div>\n\n\n\n<div class=\"wp-block-column is-layout-flow wp-block-column-is-layout-flow\">\n<h4 class=\"wp-block-heading has-text-align-center\">Polen<\/h4>\n\n\n\n<figure class=\"wp-block-image size-full\"><a href=\"https:\/\/www.przelewy24.pl\/\" target=\"_blank\" rel=\"noopener\"><img decoding=\"async\" src=\"https:\/\/www.tsubook.net\/en\/wp-content\/uploads\/Przelewy24_logo.png\" alt=\"\" class=\"wp-image-13618\"\/><\/a><\/figure>\n<\/div>\n\n\n\n<div class=\"wp-block-column is-layout-flow wp-block-column-is-layout-flow\"><\/div>\n<\/div>\n","protected":false},"excerpt":{"rendered":"<p>Es gibt drei Wege, eine Lizenz f\u00fcr Tsubook zu erwerben und die Inhalte frei zu schalten: Niederlande \u00d6sterreich Belgien Deutschland Polen<\/p>\n","protected":false},"author":2,"featured_media":0,"parent":96,"menu_order":1,"comment_status":"closed","ping_status":"closed","template":"","meta":{"footnotes":""},"class_list":["post-765","page","type-page","status-publish","hentry","wpautop"],"yoast_head":"<!-- This site is optimized with the Yoast SEO plugin v27.1.1 - https:\/\/yoast.com\/product\/yoast-seo-wordpress\/ -->\n<title>Kann ich ohne Kreditkarte bezahlen? - Tsubook<\/title>\n<meta name=\"robots\" content=\"index, follow, max-snippet:-1, max-image-preview:large, max-video-preview:-1\" \/>\n<link rel=\"canonical\" href=\"https:\/\/www.tsubook.net\/de\/hilfe\/preise\/zahlungsoptionen\/\" \/>\n<meta property=\"og:locale\" content=\"de_DE\" \/>\n<meta property=\"og:type\" content=\"article\" \/>\n<meta property=\"og:title\" content=\"Kann ich ohne Kreditkarte bezahlen? - Tsubook\" \/>\n<meta property=\"og:description\" content=\"Es gibt drei Wege, eine Lizenz f\u00fcr Tsubook zu erwerben und die Inhalte frei zu schalten: Niederlande \u00d6sterreich Belgien Deutschland Polen\" \/>\n<meta property=\"og:url\" content=\"https:\/\/www.tsubook.net\/de\/hilfe\/preise\/zahlungsoptionen\/\" \/>\n<meta property=\"og:site_name\" content=\"Tsubook\" \/>\n<meta property=\"article:modified_time\" content=\"2024-09-05T10:03:52+00:00\" \/>\n<meta property=\"og:image\" content=\"https:\/\/www.tsubook.net\/en\/wp-content\/uploads\/ideal-logo-1024-1024x1024.png\" \/>\n<meta name=\"twitter:card\" content=\"summary_large_image\" \/>\n<meta name=\"twitter:label1\" content=\"Gesch\u00e4tzte Lesezeit\" \/>\n\t<meta name=\"twitter:data1\" content=\"2\u00a0Minuten\" \/>\n<script type=\"application\/ld+json\" class=\"yoast-schema-graph\">{\"@context\":\"https:\/\/schema.org\",\"@graph\":[{\"@type\":\"WebPage\",\"@id\":\"https:\/\/www.tsubook.net\/de\/hilfe\/preise\/zahlungsoptionen\/\",\"url\":\"https:\/\/www.tsubook.net\/de\/hilfe\/preise\/zahlungsoptionen\/\",\"name\":\"Kann ich ohne Kreditkarte bezahlen? - Tsubook\",\"isPartOf\":{\"@id\":\"https:\/\/www.tsubook.net\/de\/#website\"},\"primaryImageOfPage\":{\"@id\":\"https:\/\/www.tsubook.net\/de\/hilfe\/preise\/zahlungsoptionen\/#primaryimage\"},\"image\":{\"@id\":\"https:\/\/www.tsubook.net\/de\/hilfe\/preise\/zahlungsoptionen\/#primaryimage\"},\"thumbnailUrl\":\"https:\/\/www.tsubook.net\/en\/wp-content\/uploads\/ideal-logo-1024-1024x1024.png\",\"datePublished\":\"2021-11-24T19:20:23+00:00\",\"dateModified\":\"2024-09-05T10:03:52+00:00\",\"breadcrumb\":{\"@id\":\"https:\/\/www.tsubook.net\/de\/hilfe\/preise\/zahlungsoptionen\/#breadcrumb\"},\"inLanguage\":\"de\",\"potentialAction\":[{\"@type\":\"ReadAction\",\"target\":[\"https:\/\/www.tsubook.net\/de\/hilfe\/preise\/zahlungsoptionen\/\"]}]},{\"@type\":\"ImageObject\",\"inLanguage\":\"de\",\"@id\":\"https:\/\/www.tsubook.net\/de\/hilfe\/preise\/zahlungsoptionen\/#primaryimage\",\"url\":\"https:\/\/www.tsubook.net\/en\/wp-content\/uploads\/ideal-logo-1024-1024x1024.png\",\"contentUrl\":\"https:\/\/www.tsubook.net\/en\/wp-content\/uploads\/ideal-logo-1024-1024x1024.png\"},{\"@type\":\"BreadcrumbList\",\"@id\":\"https:\/\/www.tsubook.net\/de\/hilfe\/preise\/zahlungsoptionen\/#breadcrumb\",\"itemListElement\":[{\"@type\":\"ListItem\",\"position\":1,\"name\":\"Hilfeseiten\",\"item\":\"https:\/\/www.tsubook.net\/de\/hilfe\/\"},{\"@type\":\"ListItem\",\"position\":2,\"name\":\"Preise\",\"item\":\"https:\/\/www.tsubook.net\/de\/hilfe\/preise\/\"},{\"@type\":\"ListItem\",\"position\":3,\"name\":\"Kann ich ohne Kreditkarte bezahlen?\"}]},{\"@type\":\"WebSite\",\"@id\":\"https:\/\/www.tsubook.net\/de\/#website\",\"url\":\"https:\/\/www.tsubook.net\/de\/\",\"name\":\"Tsubook\",\"description\":\"Die Meridian-App f\u00fcr TCM, Akupunktur, Shiatsu, Tuina, Kinesiologie, Reflexologie, Qigong und andere\",\"potentialAction\":[{\"@type\":\"SearchAction\",\"target\":{\"@type\":\"EntryPoint\",\"urlTemplate\":\"https:\/\/www.tsubook.net\/de\/?s={search_term_string}\"},\"query-input\":{\"@type\":\"PropertyValueSpecification\",\"valueRequired\":true,\"valueName\":\"search_term_string\"}}],\"inLanguage\":\"de\"}]}<\/script>\n<!-- \/ Yoast SEO plugin. -->","yoast_head_json":{"title":"Kann ich ohne Kreditkarte bezahlen? - Tsubook","robots":{"index":"index","follow":"follow","max-snippet":"max-snippet:-1","max-image-preview":"max-image-preview:large","max-video-preview":"max-video-preview:-1"},"canonical":"https:\/\/www.tsubook.net\/de\/hilfe\/preise\/zahlungsoptionen\/","og_locale":"de_DE","og_type":"article","og_title":"Kann ich ohne Kreditkarte bezahlen? - Tsubook","og_description":"Es gibt drei Wege, eine Lizenz f\u00fcr Tsubook zu erwerben und die Inhalte frei zu schalten: Niederlande \u00d6sterreich Belgien Deutschland Polen","og_url":"https:\/\/www.tsubook.net\/de\/hilfe\/preise\/zahlungsoptionen\/","og_site_name":"Tsubook","article_modified_time":"2024-09-05T10:03:52+00:00","og_image":[{"url":"https:\/\/www.tsubook.net\/en\/wp-content\/uploads\/ideal-logo-1024-1024x1024.png","type":"","width":"","height":""}],"twitter_card":"summary_large_image","twitter_misc":{"Gesch\u00e4tzte Lesezeit":"2\u00a0Minuten"},"schema":{"@context":"https:\/\/schema.org","@graph":[{"@type":"WebPage","@id":"https:\/\/www.tsubook.net\/de\/hilfe\/preise\/zahlungsoptionen\/","url":"https:\/\/www.tsubook.net\/de\/hilfe\/preise\/zahlungsoptionen\/","name":"Kann ich ohne Kreditkarte bezahlen? - Tsubook","isPartOf":{"@id":"https:\/\/www.tsubook.net\/de\/#website"},"primaryImageOfPage":{"@id":"https:\/\/www.tsubook.net\/de\/hilfe\/preise\/zahlungsoptionen\/#primaryimage"},"image":{"@id":"https:\/\/www.tsubook.net\/de\/hilfe\/preise\/zahlungsoptionen\/#primaryimage"},"thumbnailUrl":"https:\/\/www.tsubook.net\/en\/wp-content\/uploads\/ideal-logo-1024-1024x1024.png","datePublished":"2021-11-24T19:20:23+00:00","dateModified":"2024-09-05T10:03:52+00:00","breadcrumb":{"@id":"https:\/\/www.tsubook.net\/de\/hilfe\/preise\/zahlungsoptionen\/#breadcrumb"},"inLanguage":"de","potentialAction":[{"@type":"ReadAction","target":["https:\/\/www.tsubook.net\/de\/hilfe\/preise\/zahlungsoptionen\/"]}]},{"@type":"ImageObject","inLanguage":"de","@id":"https:\/\/www.tsubook.net\/de\/hilfe\/preise\/zahlungsoptionen\/#primaryimage","url":"https:\/\/www.tsubook.net\/en\/wp-content\/uploads\/ideal-logo-1024-1024x1024.png","contentUrl":"https:\/\/www.tsubook.net\/en\/wp-content\/uploads\/ideal-logo-1024-1024x1024.png"},{"@type":"BreadcrumbList","@id":"https:\/\/www.tsubook.net\/de\/hilfe\/preise\/zahlungsoptionen\/#breadcrumb","itemListElement":[{"@type":"ListItem","position":1,"name":"Hilfeseiten","item":"https:\/\/www.tsubook.net\/de\/hilfe\/"},{"@type":"ListItem","position":2,"name":"Preise","item":"https:\/\/www.tsubook.net\/de\/hilfe\/preise\/"},{"@type":"ListItem","position":3,"name":"Kann ich ohne Kreditkarte bezahlen?"}]},{"@type":"WebSite","@id":"https:\/\/www.tsubook.net\/de\/#website","url":"https:\/\/www.tsubook.net\/de\/","name":"Tsubook","description":"Die Meridian-App f\u00fcr TCM, Akupunktur, Shiatsu, Tuina, Kinesiologie, Reflexologie, Qigong und andere","potentialAction":[{"@type":"SearchAction","target":{"@type":"EntryPoint","urlTemplate":"https:\/\/www.tsubook.net\/de\/?s={search_term_string}"},"query-input":{"@type":"PropertyValueSpecification","valueRequired":true,"valueName":"search_term_string"}}],"inLanguage":"de"}]}},"jetpack_sharing_enabled":true,"_links":{"self":[{"href":"https:\/\/www.tsubook.net\/de\/wp-json\/wp\/v2\/pages\/765","targetHints":{"allow":["GET"]}}],"collection":[{"href":"https:\/\/www.tsubook.net\/de\/wp-json\/wp\/v2\/pages"}],"about":[{"href":"https:\/\/www.tsubook.net\/de\/wp-json\/wp\/v2\/types\/page"}],"author":[{"embeddable":true,"href":"https:\/\/www.tsubook.net\/de\/wp-json\/wp\/v2\/users\/2"}],"replies":[{"embeddable":true,"href":"https:\/\/www.tsubook.net\/de\/wp-json\/wp\/v2\/comments?post=765"}],"version-history":[{"count":3,"href":"https:\/\/www.tsubook.net\/de\/wp-json\/wp\/v2\/pages\/765\/revisions"}],"predecessor-version":[{"id":965,"href":"https:\/\/www.tsubook.net\/de\/wp-json\/wp\/v2\/pages\/765\/revisions\/965"}],"up":[{"embeddable":true,"href":"https:\/\/www.tsubook.net\/de\/wp-json\/wp\/v2\/pages\/96"}],"wp:attachment":[{"href":"https:\/\/www.tsubook.net\/de\/wp-json\/wp\/v2\/media?parent=765"}],"curies":[{"name":"wp","href":"https:\/\/api.w.org\/{rel}","templated":true}]}}