{"id":774,"date":"2021-12-02T09:55:12","date_gmt":"2021-12-02T08:55:12","guid":{"rendered":"https:\/\/www.tsubook.net\/de\/?page_id=774"},"modified":"2021-12-02T09:55:14","modified_gmt":"2021-12-02T08:55:14","slug":"konto-loeschen","status":"publish","type":"page","link":"https:\/\/www.tsubook.net\/de\/hilfe\/lizenz\/konto-loeschen\/","title":{"rendered":"Wie kann ich mein Konto l\u00f6schen?"},"content":{"rendered":"\t\t\t<!-- Flexy Breadcrumb -->\r\n\t\t\t<div class=\"fbc fbc-page\">\r\n\r\n\t\t\t\t<!-- Breadcrumb wrapper -->\r\n\t\t\t\t<div class=\"fbc-wrap\">\r\n\r\n\t\t\t\t\t<!-- Ordered list-->\r\n\t\t\t\t\t<ol class=\"fbc-items\" itemscope itemtype=\"https:\/\/schema.org\/BreadcrumbList\">\r\n\t\t\t\t\t\t<li class=\"active\" itemprop=\"itemListElement\" itemscope itemtype=\"https:\/\/schema.org\/ListItem\"><span itemprop=\"name\" title=\"Wie kann ich mein Konto l\u00f6schen?\">Wie kann ich mein Konto l\u00f6schen?<\/span><meta itemprop=\"position\" content=\"2\" \/><\/li>\t\t\t\t\t<\/ol>\r\n\t\t\t\t\t<div class=\"clearfix\"><\/div>\r\n\t\t\t\t<\/div>\r\n\t\t\t<\/div>\r\n\t\t\t\n\n\n\n<p>Obwohl wir hoffen, dass dir Tsubook gef\u00e4llt, kann es sein, dass du diese Verbindung beenden willst und dich fragst, wie du sicher gehen kannst, dass deine pers\u00f6nlichen Daten sicher von unseren Servern entfernt werden. Hier eine kurze Erl\u00e4uterung wie du in Tsubook dein Konto und all deine pers\u00f6nlichen Daten l\u00f6schst:<\/p>\n\n\n\n<ol class=\"wp-block-list\"><li>Log dich in die App ein und klicke auf das seitliche Men\u00fc<\/li><li>Klicke auf das Feld in der ersten Reihe, dass deinen Namen und Emailadresse enth\u00e4lt<\/li><li>Skrolle die Liste nach unten bis du den Punkt &#8222;Konto l\u00f6schen\u201c findest<\/li><\/ol>\n\n\n\n<p>Sobald du die Konsequenzen akzeptiert hast, wird dein Konto gel\u00f6scht und du kannst die App deinstallieren.<\/p>\n\n\n\n<div class=\"wp-block-columns is-layout-flex wp-container-core-columns-is-layout-9d6595d7 wp-block-columns-is-layout-flex\">\n<div class=\"wp-block-column is-layout-flow wp-block-column-is-layout-flow\">\n<figure class=\"wp-block-image size-large\"><img loading=\"lazy\" decoding=\"async\" width=\"508\" height=\"1024\" src=\"https:\/\/www.tsubook.net\/de\/wp-content\/uploads\/Tutorial_InviteFriends_de_1-1-508x1024.png\" alt=\"\" class=\"wp-image-673\" srcset=\"https:\/\/www.tsubook.net\/de\/wp-content\/uploads\/Tutorial_InviteFriends_de_1-1-508x1024.png 508w, https:\/\/www.tsubook.net\/de\/wp-content\/uploads\/Tutorial_InviteFriends_de_1-1-149x300.png 149w, https:\/\/www.tsubook.net\/de\/wp-content\/uploads\/Tutorial_InviteFriends_de_1-1.png 576w\" sizes=\"auto, (max-width: 508px) 100vw, 508px\" \/><\/figure>\n<\/div>\n\n\n\n<div class=\"wp-block-column is-layout-flow wp-block-column-is-layout-flow\" style=\"flex-basis:5%\"><\/div>\n\n\n\n<div class=\"wp-block-column is-layout-flow wp-block-column-is-layout-flow\">\n<figure class=\"wp-block-image size-large\"><img loading=\"lazy\" decoding=\"async\" width=\"508\" height=\"1024\" src=\"https:\/\/www.tsubook.net\/de\/wp-content\/uploads\/Tutorial_DeleteAccount_de_2-508x1024.png\" alt=\"\" class=\"wp-image-775\" srcset=\"https:\/\/www.tsubook.net\/de\/wp-content\/uploads\/Tutorial_DeleteAccount_de_2-508x1024.png 508w, https:\/\/www.tsubook.net\/de\/wp-content\/uploads\/Tutorial_DeleteAccount_de_2-149x300.png 149w, https:\/\/www.tsubook.net\/de\/wp-content\/uploads\/Tutorial_DeleteAccount_de_2-768x1547.png 768w, https:\/\/www.tsubook.net\/de\/wp-content\/uploads\/Tutorial_DeleteAccount_de_2-762x1536.png 762w, https:\/\/www.tsubook.net\/de\/wp-content\/uploads\/Tutorial_DeleteAccount_de_2-1017x2048.png 1017w\" sizes=\"auto, (max-width: 508px) 100vw, 508px\" \/><\/figure>\n<\/div>\n\n\n\n<div class=\"wp-block-column is-layout-flow wp-block-column-is-layout-flow\" style=\"flex-basis:5%\"><\/div>\n\n\n\n<div class=\"wp-block-column is-layout-flow wp-block-column-is-layout-flow\">\n<figure class=\"wp-block-image size-large\"><img loading=\"lazy\" decoding=\"async\" width=\"508\" height=\"1024\" src=\"https:\/\/www.tsubook.net\/de\/wp-content\/uploads\/Tutorial_DeleteAccount_de_3-508x1024.png\" alt=\"\" class=\"wp-image-776\" srcset=\"https:\/\/www.tsubook.net\/de\/wp-content\/uploads\/Tutorial_DeleteAccount_de_3-508x1024.png 508w, https:\/\/www.tsubook.net\/de\/wp-content\/uploads\/Tutorial_DeleteAccount_de_3-149x300.png 149w, https:\/\/www.tsubook.net\/de\/wp-content\/uploads\/Tutorial_DeleteAccount_de_3-768x1547.png 768w, https:\/\/www.tsubook.net\/de\/wp-content\/uploads\/Tutorial_DeleteAccount_de_3-762x1536.png 762w, https:\/\/www.tsubook.net\/de\/wp-content\/uploads\/Tutorial_DeleteAccount_de_3-1017x2048.png 1017w\" sizes=\"auto, (max-width: 508px) 100vw, 508px\" \/><\/figure>\n<\/div>\n<\/div>\n","protected":false},"excerpt":{"rendered":"<p>Obwohl wir hoffen, dass dir Tsubook gef\u00e4llt, kann es sein, dass du diese Verbindung beenden willst und dich fragst, wie du sicher gehen kannst, dass deine pers\u00f6nlichen Daten sicher von unseren Servern entfernt werden. Hier eine kurze Erl\u00e4uterung wie du in Tsubook dein Konto und all deine pers\u00f6nlichen Daten l\u00f6schst: Log dich in die App<a href=\"https:\/\/www.tsubook.net\/de\/hilfe\/lizenz\/konto-loeschen\/\">[&#8230;]<\/a><\/p>\n","protected":false},"author":2,"featured_media":0,"parent":110,"menu_order":2,"comment_status":"closed","ping_status":"closed","template":"","meta":{"footnotes":""},"class_list":["post-774","page","type-page","status-publish","hentry","wpautop"],"yoast_head":"<!-- This site is optimized with the Yoast SEO plugin v27.1.1 - https:\/\/yoast.com\/product\/yoast-seo-wordpress\/ -->\n<title>Wie kann ich mein Konto l\u00f6schen? - Tsubook<\/title>\n<meta name=\"robots\" content=\"index, follow, max-snippet:-1, max-image-preview:large, max-video-preview:-1\" \/>\n<link rel=\"canonical\" href=\"https:\/\/www.tsubook.net\/de\/hilfe\/lizenz\/konto-loeschen\/\" \/>\n<meta property=\"og:locale\" content=\"de_DE\" \/>\n<meta property=\"og:type\" content=\"article\" \/>\n<meta property=\"og:title\" content=\"Wie kann ich mein Konto l\u00f6schen? - Tsubook\" \/>\n<meta property=\"og:description\" content=\"Obwohl wir hoffen, dass dir Tsubook gef\u00e4llt, kann es sein, dass du diese Verbindung beenden willst und dich fragst, wie du sicher gehen kannst, dass deine pers\u00f6nlichen Daten sicher von unseren Servern entfernt werden. Hier eine kurze Erl\u00e4uterung wie du in Tsubook dein Konto und all deine pers\u00f6nlichen Daten l\u00f6schst: Log dich in die App[...]\" \/>\n<meta property=\"og:url\" content=\"https:\/\/www.tsubook.net\/de\/hilfe\/lizenz\/konto-loeschen\/\" \/>\n<meta property=\"og:site_name\" content=\"Tsubook\" \/>\n<meta property=\"article:modified_time\" content=\"2021-12-02T08:55:14+00:00\" \/>\n<meta property=\"og:image\" content=\"https:\/\/www.tsubook.net\/de\/wp-content\/uploads\/Tutorial_InviteFriends_de_1-1-508x1024.png\" \/>\n<meta name=\"twitter:card\" content=\"summary_large_image\" \/>\n<meta name=\"twitter:label1\" content=\"Gesch\u00e4tzte Lesezeit\" \/>\n\t<meta name=\"twitter:data1\" content=\"2\u00a0Minuten\" \/>\n<script type=\"application\/ld+json\" class=\"yoast-schema-graph\">{\"@context\":\"https:\/\/schema.org\",\"@graph\":[{\"@type\":\"WebPage\",\"@id\":\"https:\/\/www.tsubook.net\/de\/hilfe\/lizenz\/konto-loeschen\/\",\"url\":\"https:\/\/www.tsubook.net\/de\/hilfe\/lizenz\/konto-loeschen\/\",\"name\":\"Wie kann ich mein Konto l\u00f6schen? - Tsubook\",\"isPartOf\":{\"@id\":\"https:\/\/www.tsubook.net\/de\/#website\"},\"primaryImageOfPage\":{\"@id\":\"https:\/\/www.tsubook.net\/de\/hilfe\/lizenz\/konto-loeschen\/#primaryimage\"},\"image\":{\"@id\":\"https:\/\/www.tsubook.net\/de\/hilfe\/lizenz\/konto-loeschen\/#primaryimage\"},\"thumbnailUrl\":\"https:\/\/www.tsubook.net\/de\/wp-content\/uploads\/Tutorial_InviteFriends_de_1-1-508x1024.png\",\"datePublished\":\"2021-12-02T08:55:12+00:00\",\"dateModified\":\"2021-12-02T08:55:14+00:00\",\"breadcrumb\":{\"@id\":\"https:\/\/www.tsubook.net\/de\/hilfe\/lizenz\/konto-loeschen\/#breadcrumb\"},\"inLanguage\":\"de\",\"potentialAction\":[{\"@type\":\"ReadAction\",\"target\":[\"https:\/\/www.tsubook.net\/de\/hilfe\/lizenz\/konto-loeschen\/\"]}]},{\"@type\":\"ImageObject\",\"inLanguage\":\"de\",\"@id\":\"https:\/\/www.tsubook.net\/de\/hilfe\/lizenz\/konto-loeschen\/#primaryimage\",\"url\":\"https:\/\/www.tsubook.net\/de\/wp-content\/uploads\/Tutorial_InviteFriends_de_1-1.png\",\"contentUrl\":\"https:\/\/www.tsubook.net\/de\/wp-content\/uploads\/Tutorial_InviteFriends_de_1-1.png\",\"width\":576,\"height\":1161},{\"@type\":\"BreadcrumbList\",\"@id\":\"https:\/\/www.tsubook.net\/de\/hilfe\/lizenz\/konto-loeschen\/#breadcrumb\",\"itemListElement\":[{\"@type\":\"ListItem\",\"position\":1,\"name\":\"Hilfeseiten\",\"item\":\"https:\/\/www.tsubook.net\/de\/hilfe\/\"},{\"@type\":\"ListItem\",\"position\":2,\"name\":\"Lizenz und Konto\",\"item\":\"https:\/\/www.tsubook.net\/de\/hilfe\/lizenz\/\"},{\"@type\":\"ListItem\",\"position\":3,\"name\":\"Wie kann ich mein Konto l\u00f6schen?\"}]},{\"@type\":\"WebSite\",\"@id\":\"https:\/\/www.tsubook.net\/de\/#website\",\"url\":\"https:\/\/www.tsubook.net\/de\/\",\"name\":\"Tsubook\",\"description\":\"Die Meridian-App f\u00fcr TCM, Akupunktur, Shiatsu, Tuina, Kinesiologie, Reflexologie, Qigong und andere\",\"potentialAction\":[{\"@type\":\"SearchAction\",\"target\":{\"@type\":\"EntryPoint\",\"urlTemplate\":\"https:\/\/www.tsubook.net\/de\/?s={search_term_string}\"},\"query-input\":{\"@type\":\"PropertyValueSpecification\",\"valueRequired\":true,\"valueName\":\"search_term_string\"}}],\"inLanguage\":\"de\"}]}<\/script>\n<!-- \/ Yoast SEO plugin. -->","yoast_head_json":{"title":"Wie kann ich mein Konto l\u00f6schen? - Tsubook","robots":{"index":"index","follow":"follow","max-snippet":"max-snippet:-1","max-image-preview":"max-image-preview:large","max-video-preview":"max-video-preview:-1"},"canonical":"https:\/\/www.tsubook.net\/de\/hilfe\/lizenz\/konto-loeschen\/","og_locale":"de_DE","og_type":"article","og_title":"Wie kann ich mein Konto l\u00f6schen? - Tsubook","og_description":"Obwohl wir hoffen, dass dir Tsubook gef\u00e4llt, kann es sein, dass du diese Verbindung beenden willst und dich fragst, wie du sicher gehen kannst, dass deine pers\u00f6nlichen Daten sicher von unseren Servern entfernt werden. Hier eine kurze Erl\u00e4uterung wie du in Tsubook dein Konto und all deine pers\u00f6nlichen Daten l\u00f6schst: Log dich in die App[...]","og_url":"https:\/\/www.tsubook.net\/de\/hilfe\/lizenz\/konto-loeschen\/","og_site_name":"Tsubook","article_modified_time":"2021-12-02T08:55:14+00:00","og_image":[{"url":"https:\/\/www.tsubook.net\/de\/wp-content\/uploads\/Tutorial_InviteFriends_de_1-1-508x1024.png","type":"","width":"","height":""}],"twitter_card":"summary_large_image","twitter_misc":{"Gesch\u00e4tzte Lesezeit":"2\u00a0Minuten"},"schema":{"@context":"https:\/\/schema.org","@graph":[{"@type":"WebPage","@id":"https:\/\/www.tsubook.net\/de\/hilfe\/lizenz\/konto-loeschen\/","url":"https:\/\/www.tsubook.net\/de\/hilfe\/lizenz\/konto-loeschen\/","name":"Wie kann ich mein Konto l\u00f6schen? - Tsubook","isPartOf":{"@id":"https:\/\/www.tsubook.net\/de\/#website"},"primaryImageOfPage":{"@id":"https:\/\/www.tsubook.net\/de\/hilfe\/lizenz\/konto-loeschen\/#primaryimage"},"image":{"@id":"https:\/\/www.tsubook.net\/de\/hilfe\/lizenz\/konto-loeschen\/#primaryimage"},"thumbnailUrl":"https:\/\/www.tsubook.net\/de\/wp-content\/uploads\/Tutorial_InviteFriends_de_1-1-508x1024.png","datePublished":"2021-12-02T08:55:12+00:00","dateModified":"2021-12-02T08:55:14+00:00","breadcrumb":{"@id":"https:\/\/www.tsubook.net\/de\/hilfe\/lizenz\/konto-loeschen\/#breadcrumb"},"inLanguage":"de","potentialAction":[{"@type":"ReadAction","target":["https:\/\/www.tsubook.net\/de\/hilfe\/lizenz\/konto-loeschen\/"]}]},{"@type":"ImageObject","inLanguage":"de","@id":"https:\/\/www.tsubook.net\/de\/hilfe\/lizenz\/konto-loeschen\/#primaryimage","url":"https:\/\/www.tsubook.net\/de\/wp-content\/uploads\/Tutorial_InviteFriends_de_1-1.png","contentUrl":"https:\/\/www.tsubook.net\/de\/wp-content\/uploads\/Tutorial_InviteFriends_de_1-1.png","width":576,"height":1161},{"@type":"BreadcrumbList","@id":"https:\/\/www.tsubook.net\/de\/hilfe\/lizenz\/konto-loeschen\/#breadcrumb","itemListElement":[{"@type":"ListItem","position":1,"name":"Hilfeseiten","item":"https:\/\/www.tsubook.net\/de\/hilfe\/"},{"@type":"ListItem","position":2,"name":"Lizenz und Konto","item":"https:\/\/www.tsubook.net\/de\/hilfe\/lizenz\/"},{"@type":"ListItem","position":3,"name":"Wie kann ich mein Konto l\u00f6schen?"}]},{"@type":"WebSite","@id":"https:\/\/www.tsubook.net\/de\/#website","url":"https:\/\/www.tsubook.net\/de\/","name":"Tsubook","description":"Die Meridian-App f\u00fcr TCM, Akupunktur, Shiatsu, Tuina, Kinesiologie, Reflexologie, Qigong und andere","potentialAction":[{"@type":"SearchAction","target":{"@type":"EntryPoint","urlTemplate":"https:\/\/www.tsubook.net\/de\/?s={search_term_string}"},"query-input":{"@type":"PropertyValueSpecification","valueRequired":true,"valueName":"search_term_string"}}],"inLanguage":"de"}]}},"jetpack_sharing_enabled":true,"_links":{"self":[{"href":"https:\/\/www.tsubook.net\/de\/wp-json\/wp\/v2\/pages\/774","targetHints":{"allow":["GET"]}}],"collection":[{"href":"https:\/\/www.tsubook.net\/de\/wp-json\/wp\/v2\/pages"}],"about":[{"href":"https:\/\/www.tsubook.net\/de\/wp-json\/wp\/v2\/types\/page"}],"author":[{"embeddable":true,"href":"https:\/\/www.tsubook.net\/de\/wp-json\/wp\/v2\/users\/2"}],"replies":[{"embeddable":true,"href":"https:\/\/www.tsubook.net\/de\/wp-json\/wp\/v2\/comments?post=774"}],"version-history":[{"count":1,"href":"https:\/\/www.tsubook.net\/de\/wp-json\/wp\/v2\/pages\/774\/revisions"}],"predecessor-version":[{"id":777,"href":"https:\/\/www.tsubook.net\/de\/wp-json\/wp\/v2\/pages\/774\/revisions\/777"}],"up":[{"embeddable":true,"href":"https:\/\/www.tsubook.net\/de\/wp-json\/wp\/v2\/pages\/110"}],"wp:attachment":[{"href":"https:\/\/www.tsubook.net\/de\/wp-json\/wp\/v2\/media?parent=774"}],"curies":[{"name":"wp","href":"https:\/\/api.w.org\/{rel}","templated":true}]}}