{"id":89,"date":"2020-01-23T17:04:50","date_gmt":"2020-01-23T16:04:50","guid":{"rendered":"https:\/\/www.tsubook.net\/de\/?page_id=89"},"modified":"2025-08-06T12:43:08","modified_gmt":"2025-08-06T10:43:08","slug":"weiterentwickeln","status":"publish","type":"page","link":"https:\/\/www.tsubook.net\/de\/hilfe\/inhalt\/weiterentwickeln\/","title":{"rendered":"Wird der Inhalt von Tsubook st\u00e4ndig weiterentwickelt?"},"content":{"rendered":"\t\t\t<!-- Flexy Breadcrumb -->\r\n\t\t\t<div class=\"fbc fbc-page\">\r\n\r\n\t\t\t\t<!-- Breadcrumb wrapper -->\r\n\t\t\t\t<div class=\"fbc-wrap\">\r\n\r\n\t\t\t\t\t<!-- Ordered list-->\r\n\t\t\t\t\t<ol class=\"fbc-items\" itemscope itemtype=\"https:\/\/schema.org\/BreadcrumbList\">\r\n\t\t\t\t\t\t<li class=\"active\" itemprop=\"itemListElement\" itemscope itemtype=\"https:\/\/schema.org\/ListItem\"><span itemprop=\"name\" title=\"Wird der Inhalt von Tsubook st\u00e4ndig weiterentwickelt?\">Wird der Inhalt von Tsubook st\u00e4ndig weiterentwickelt?<\/span><meta itemprop=\"position\" content=\"2\" \/><\/li>\t\t\t\t\t<\/ol>\r\n\t\t\t\t\t<div class=\"clearfix\"><\/div>\r\n\t\t\t\t<\/div>\r\n\t\t\t<\/div>\r\n\t\t\t\n\n\n\n<p>Ja. Wir korrigieren und erg\u00e4nzen den Inhalt regelm\u00e4\u00dfig und ver\u00f6ffentlichen diese dann im n\u00e4chsten Update. Wir haben <a href=\"https:\/\/www.tsubook.net\/de\/partnerschulen\/\">Partner<\/a> und eine <a aria-label=\"aktive Gemeinschaft (opens in a new tab)\" href=\"https:\/\/www.facebook.com\/groups\/tsubookers\/\" target=\"_blank\" rel=\"noreferrer noopener\">aktive Gemeinschaft<\/a> von Praktizierenden, die uns dabei helfen, die App zu entwickeln.<\/p>\n","protected":false},"excerpt":{"rendered":"<p>Ja. Wir korrigieren und erg\u00e4nzen den Inhalt regelm\u00e4\u00dfig und ver\u00f6ffentlichen diese dann im n\u00e4chsten Update. Wir haben Partner und eine aktive Gemeinschaft von Praktizierenden, die uns dabei helfen, die App zu entwickeln.<\/p>\n","protected":false},"author":1,"featured_media":0,"parent":75,"menu_order":0,"comment_status":"closed","ping_status":"closed","template":"","meta":{"footnotes":""},"class_list":["post-89","page","type-page","status-publish","hentry","wpautop"],"yoast_head":"<!-- This site is optimized with the Yoast SEO plugin v27.1.1 - https:\/\/yoast.com\/product\/yoast-seo-wordpress\/ -->\n<title>Wird der Inhalt von Tsubook st\u00e4ndig weiterentwickelt? - Tsubook<\/title>\n<meta name=\"robots\" content=\"index, follow, max-snippet:-1, max-image-preview:large, max-video-preview:-1\" \/>\n<link rel=\"canonical\" href=\"https:\/\/www.tsubook.net\/de\/hilfe\/inhalt\/weiterentwickeln\/\" \/>\n<meta property=\"og:locale\" content=\"de_DE\" \/>\n<meta property=\"og:type\" content=\"article\" \/>\n<meta property=\"og:title\" content=\"Wird der Inhalt von Tsubook st\u00e4ndig weiterentwickelt? - Tsubook\" \/>\n<meta property=\"og:description\" content=\"Ja. Wir korrigieren und erg\u00e4nzen den Inhalt regelm\u00e4\u00dfig und ver\u00f6ffentlichen diese dann im n\u00e4chsten Update. Wir haben Partner und eine aktive Gemeinschaft von Praktizierenden, die uns dabei helfen, die App zu entwickeln.\" \/>\n<meta property=\"og:url\" content=\"https:\/\/www.tsubook.net\/de\/hilfe\/inhalt\/weiterentwickeln\/\" \/>\n<meta property=\"og:site_name\" content=\"Tsubook\" \/>\n<meta property=\"article:modified_time\" content=\"2025-08-06T10:43:08+00:00\" \/>\n<meta property=\"og:image\" content=\"https:\/\/www.tsubook.net\/de\/wp-content\/uploads\/tsubook_main.png\" \/>\n\t<meta property=\"og:image:width\" content=\"1024\" \/>\n\t<meta property=\"og:image:height\" content=\"683\" \/>\n\t<meta property=\"og:image:type\" content=\"image\/png\" \/>\n<meta name=\"twitter:card\" content=\"summary_large_image\" \/>\n<meta name=\"twitter:label1\" content=\"Gesch\u00e4tzte Lesezeit\" \/>\n\t<meta name=\"twitter:data1\" content=\"1\u00a0Minute\" \/>\n<script type=\"application\/ld+json\" class=\"yoast-schema-graph\">{\"@context\":\"https:\/\/schema.org\",\"@graph\":[{\"@type\":\"WebPage\",\"@id\":\"https:\/\/www.tsubook.net\/de\/hilfe\/inhalt\/weiterentwickeln\/\",\"url\":\"https:\/\/www.tsubook.net\/de\/hilfe\/inhalt\/weiterentwickeln\/\",\"name\":\"Wird der Inhalt von Tsubook st\u00e4ndig weiterentwickelt? - Tsubook\",\"isPartOf\":{\"@id\":\"https:\/\/www.tsubook.net\/de\/#website\"},\"datePublished\":\"2020-01-23T16:04:50+00:00\",\"dateModified\":\"2025-08-06T10:43:08+00:00\",\"breadcrumb\":{\"@id\":\"https:\/\/www.tsubook.net\/de\/hilfe\/inhalt\/weiterentwickeln\/#breadcrumb\"},\"inLanguage\":\"de\",\"potentialAction\":[{\"@type\":\"ReadAction\",\"target\":[\"https:\/\/www.tsubook.net\/de\/hilfe\/inhalt\/weiterentwickeln\/\"]}]},{\"@type\":\"BreadcrumbList\",\"@id\":\"https:\/\/www.tsubook.net\/de\/hilfe\/inhalt\/weiterentwickeln\/#breadcrumb\",\"itemListElement\":[{\"@type\":\"ListItem\",\"position\":1,\"name\":\"Hilfeseiten\",\"item\":\"https:\/\/www.tsubook.net\/de\/hilfe\/\"},{\"@type\":\"ListItem\",\"position\":2,\"name\":\"Inhalt\",\"item\":\"https:\/\/www.tsubook.net\/de\/hilfe\/inhalt\/\"},{\"@type\":\"ListItem\",\"position\":3,\"name\":\"Wird der Inhalt von Tsubook st\u00e4ndig weiterentwickelt?\"}]},{\"@type\":\"WebSite\",\"@id\":\"https:\/\/www.tsubook.net\/de\/#website\",\"url\":\"https:\/\/www.tsubook.net\/de\/\",\"name\":\"Tsubook\",\"description\":\"Die Meridian-App f\u00fcr TCM, Akupunktur, Shiatsu, Tuina, Kinesiologie, Reflexologie, Qigong und andere\",\"potentialAction\":[{\"@type\":\"SearchAction\",\"target\":{\"@type\":\"EntryPoint\",\"urlTemplate\":\"https:\/\/www.tsubook.net\/de\/?s={search_term_string}\"},\"query-input\":{\"@type\":\"PropertyValueSpecification\",\"valueRequired\":true,\"valueName\":\"search_term_string\"}}],\"inLanguage\":\"de\"}]}<\/script>\n<!-- \/ Yoast SEO plugin. -->","yoast_head_json":{"title":"Wird der Inhalt von Tsubook st\u00e4ndig weiterentwickelt? - Tsubook","robots":{"index":"index","follow":"follow","max-snippet":"max-snippet:-1","max-image-preview":"max-image-preview:large","max-video-preview":"max-video-preview:-1"},"canonical":"https:\/\/www.tsubook.net\/de\/hilfe\/inhalt\/weiterentwickeln\/","og_locale":"de_DE","og_type":"article","og_title":"Wird der Inhalt von Tsubook st\u00e4ndig weiterentwickelt? - Tsubook","og_description":"Ja. Wir korrigieren und erg\u00e4nzen den Inhalt regelm\u00e4\u00dfig und ver\u00f6ffentlichen diese dann im n\u00e4chsten Update. Wir haben Partner und eine aktive Gemeinschaft von Praktizierenden, die uns dabei helfen, die App zu entwickeln.","og_url":"https:\/\/www.tsubook.net\/de\/hilfe\/inhalt\/weiterentwickeln\/","og_site_name":"Tsubook","article_modified_time":"2025-08-06T10:43:08+00:00","og_image":[{"width":1024,"height":683,"url":"https:\/\/www.tsubook.net\/de\/wp-content\/uploads\/tsubook_main.png","type":"image\/png"}],"twitter_card":"summary_large_image","twitter_misc":{"Gesch\u00e4tzte Lesezeit":"1\u00a0Minute"},"schema":{"@context":"https:\/\/schema.org","@graph":[{"@type":"WebPage","@id":"https:\/\/www.tsubook.net\/de\/hilfe\/inhalt\/weiterentwickeln\/","url":"https:\/\/www.tsubook.net\/de\/hilfe\/inhalt\/weiterentwickeln\/","name":"Wird der Inhalt von Tsubook st\u00e4ndig weiterentwickelt? - Tsubook","isPartOf":{"@id":"https:\/\/www.tsubook.net\/de\/#website"},"datePublished":"2020-01-23T16:04:50+00:00","dateModified":"2025-08-06T10:43:08+00:00","breadcrumb":{"@id":"https:\/\/www.tsubook.net\/de\/hilfe\/inhalt\/weiterentwickeln\/#breadcrumb"},"inLanguage":"de","potentialAction":[{"@type":"ReadAction","target":["https:\/\/www.tsubook.net\/de\/hilfe\/inhalt\/weiterentwickeln\/"]}]},{"@type":"BreadcrumbList","@id":"https:\/\/www.tsubook.net\/de\/hilfe\/inhalt\/weiterentwickeln\/#breadcrumb","itemListElement":[{"@type":"ListItem","position":1,"name":"Hilfeseiten","item":"https:\/\/www.tsubook.net\/de\/hilfe\/"},{"@type":"ListItem","position":2,"name":"Inhalt","item":"https:\/\/www.tsubook.net\/de\/hilfe\/inhalt\/"},{"@type":"ListItem","position":3,"name":"Wird der Inhalt von Tsubook st\u00e4ndig weiterentwickelt?"}]},{"@type":"WebSite","@id":"https:\/\/www.tsubook.net\/de\/#website","url":"https:\/\/www.tsubook.net\/de\/","name":"Tsubook","description":"Die Meridian-App f\u00fcr TCM, Akupunktur, Shiatsu, Tuina, Kinesiologie, Reflexologie, Qigong und andere","potentialAction":[{"@type":"SearchAction","target":{"@type":"EntryPoint","urlTemplate":"https:\/\/www.tsubook.net\/de\/?s={search_term_string}"},"query-input":{"@type":"PropertyValueSpecification","valueRequired":true,"valueName":"search_term_string"}}],"inLanguage":"de"}]}},"jetpack_sharing_enabled":true,"_links":{"self":[{"href":"https:\/\/www.tsubook.net\/de\/wp-json\/wp\/v2\/pages\/89","targetHints":{"allow":["GET"]}}],"collection":[{"href":"https:\/\/www.tsubook.net\/de\/wp-json\/wp\/v2\/pages"}],"about":[{"href":"https:\/\/www.tsubook.net\/de\/wp-json\/wp\/v2\/types\/page"}],"author":[{"embeddable":true,"href":"https:\/\/www.tsubook.net\/de\/wp-json\/wp\/v2\/users\/1"}],"replies":[{"embeddable":true,"href":"https:\/\/www.tsubook.net\/de\/wp-json\/wp\/v2\/comments?post=89"}],"version-history":[{"count":4,"href":"https:\/\/www.tsubook.net\/de\/wp-json\/wp\/v2\/pages\/89\/revisions"}],"predecessor-version":[{"id":1023,"href":"https:\/\/www.tsubook.net\/de\/wp-json\/wp\/v2\/pages\/89\/revisions\/1023"}],"up":[{"embeddable":true,"href":"https:\/\/www.tsubook.net\/de\/wp-json\/wp\/v2\/pages\/75"}],"wp:attachment":[{"href":"https:\/\/www.tsubook.net\/de\/wp-json\/wp\/v2\/media?parent=89"}],"curies":[{"name":"wp","href":"https:\/\/api.w.org\/{rel}","templated":true}]}}