{"id":92,"date":"2020-01-23T17:08:32","date_gmt":"2020-01-23T16:08:32","guid":{"rendered":"https:\/\/www.tsubook.net\/de\/?page_id=92"},"modified":"2020-01-23T17:10:44","modified_gmt":"2020-01-23T16:10:44","slug":"offline","status":"publish","type":"page","link":"https:\/\/www.tsubook.net\/de\/hilfe\/inhalt\/offline\/","title":{"rendered":"Kann ich Tsubook auch ohne Internetverbindung (offline) nutzen?"},"content":{"rendered":"\t\t\t<!-- Flexy Breadcrumb -->\r\n\t\t\t<div class=\"fbc fbc-page\">\r\n\r\n\t\t\t\t<!-- Breadcrumb wrapper -->\r\n\t\t\t\t<div class=\"fbc-wrap\">\r\n\r\n\t\t\t\t\t<!-- Ordered list-->\r\n\t\t\t\t\t<ol class=\"fbc-items\" itemscope itemtype=\"https:\/\/schema.org\/BreadcrumbList\">\r\n\t\t\t\t\t\t<li class=\"active\" itemprop=\"itemListElement\" itemscope itemtype=\"https:\/\/schema.org\/ListItem\"><span itemprop=\"name\" title=\"Kann ich Tsubook auch ohne Internetverbindung (offline) nutzen?\">Kann ich Tsubook auch ohne Internetverbindung (offline) nutzen?<\/span><meta itemprop=\"position\" content=\"2\" \/><\/li>\t\t\t\t\t<\/ol>\r\n\t\t\t\t\t<div class=\"clearfix\"><\/div>\r\n\t\t\t\t<\/div>\r\n\t\t\t<\/div>\r\n\t\t\t\n\n\n\n<p>Ja, der Gro\u00dfteil der Tsubook-App ist ohne Internetzugang nutzbar!<\/p>\n\n\n\n<p>Das Internet wird haupts\u00e4chlich ben\u00f6tigt, wenn du Tsubook installierst und erstmalig nutzt. Zun\u00e4chst musst du mit dem Internet verbunden sein, um <a href=\"https:\/\/www.tsubook.net\/de\/hilfe\/download\/\">Tsubook herunter zu laden<\/a>. Danach wirst du beim ersten \u00d6ffnen der App aufgefordert einen Account zu erstellen (oder dich anzumelden).<\/p>\n\n\n\n<p>Sobald du mit dem Tsubook-Account verbunden bist, kann du das in der App vorhandene Wissen offline nachschlagen (Punkte, Meridiane, Kategorien, Indikationen, etc.).<\/p>\n\n\n\n<p>Eine Internetverbindung ist danach notwendig f\u00fcr alles, was mit deinem Account verbunden ist (Verbindung, Lizenzverwaltung, ..) und besondere Aktionen (Partnerschaftsprogramm, Referentenprogramm,\u2026). <\/p>\n","protected":false},"excerpt":{"rendered":"<p>Ja, der Gro\u00dfteil der Tsubook-App ist ohne Internetzugang nutzbar! Das Internet wird haupts\u00e4chlich ben\u00f6tigt, wenn du Tsubook installierst und erstmalig nutzt. Zun\u00e4chst musst du mit dem Internet verbunden sein, um Tsubook herunter zu laden. Danach wirst du beim ersten \u00d6ffnen der App aufgefordert einen Account zu erstellen (oder dich anzumelden). Sobald du mit dem Tsubook-Account<a href=\"https:\/\/www.tsubook.net\/de\/hilfe\/inhalt\/offline\/\">[&#8230;]<\/a><\/p>\n","protected":false},"author":1,"featured_media":0,"parent":75,"menu_order":0,"comment_status":"closed","ping_status":"closed","template":"","meta":{"footnotes":""},"class_list":["post-92","page","type-page","status-publish","hentry","wpautop"],"yoast_head":"<!-- This site is optimized with the Yoast SEO plugin v27.1.1 - https:\/\/yoast.com\/product\/yoast-seo-wordpress\/ -->\n<title>Kann ich Tsubook auch ohne Internetverbindung (offline) nutzen? - Tsubook<\/title>\n<meta name=\"robots\" content=\"index, follow, max-snippet:-1, max-image-preview:large, max-video-preview:-1\" \/>\n<link rel=\"canonical\" href=\"https:\/\/www.tsubook.net\/de\/hilfe\/inhalt\/offline\/\" \/>\n<meta property=\"og:locale\" content=\"de_DE\" \/>\n<meta property=\"og:type\" content=\"article\" \/>\n<meta property=\"og:title\" content=\"Kann ich Tsubook auch ohne Internetverbindung (offline) nutzen? - Tsubook\" \/>\n<meta property=\"og:description\" content=\"Ja, der Gro\u00dfteil der Tsubook-App ist ohne Internetzugang nutzbar! Das Internet wird haupts\u00e4chlich ben\u00f6tigt, wenn du Tsubook installierst und erstmalig nutzt. Zun\u00e4chst musst du mit dem Internet verbunden sein, um Tsubook herunter zu laden. Danach wirst du beim ersten \u00d6ffnen der App aufgefordert einen Account zu erstellen (oder dich anzumelden). Sobald du mit dem Tsubook-Account[...]\" \/>\n<meta property=\"og:url\" content=\"https:\/\/www.tsubook.net\/de\/hilfe\/inhalt\/offline\/\" \/>\n<meta property=\"og:site_name\" content=\"Tsubook\" \/>\n<meta property=\"article:modified_time\" content=\"2020-01-23T16:10:44+00:00\" \/>\n<meta property=\"og:image\" content=\"https:\/\/www.tsubook.net\/de\/wp-content\/uploads\/tsubook_main.png\" \/>\n\t<meta property=\"og:image:width\" content=\"1024\" \/>\n\t<meta property=\"og:image:height\" content=\"683\" \/>\n\t<meta property=\"og:image:type\" content=\"image\/png\" \/>\n<meta name=\"twitter:card\" content=\"summary_large_image\" \/>\n<script type=\"application\/ld+json\" class=\"yoast-schema-graph\">{\"@context\":\"https:\/\/schema.org\",\"@graph\":[{\"@type\":\"WebPage\",\"@id\":\"https:\/\/www.tsubook.net\/de\/hilfe\/inhalt\/offline\/\",\"url\":\"https:\/\/www.tsubook.net\/de\/hilfe\/inhalt\/offline\/\",\"name\":\"Kann ich Tsubook auch ohne Internetverbindung (offline) nutzen? - Tsubook\",\"isPartOf\":{\"@id\":\"https:\/\/www.tsubook.net\/de\/#website\"},\"datePublished\":\"2020-01-23T16:08:32+00:00\",\"dateModified\":\"2020-01-23T16:10:44+00:00\",\"breadcrumb\":{\"@id\":\"https:\/\/www.tsubook.net\/de\/hilfe\/inhalt\/offline\/#breadcrumb\"},\"inLanguage\":\"de\",\"potentialAction\":[{\"@type\":\"ReadAction\",\"target\":[\"https:\/\/www.tsubook.net\/de\/hilfe\/inhalt\/offline\/\"]}]},{\"@type\":\"BreadcrumbList\",\"@id\":\"https:\/\/www.tsubook.net\/de\/hilfe\/inhalt\/offline\/#breadcrumb\",\"itemListElement\":[{\"@type\":\"ListItem\",\"position\":1,\"name\":\"Hilfeseiten\",\"item\":\"https:\/\/www.tsubook.net\/de\/hilfe\/\"},{\"@type\":\"ListItem\",\"position\":2,\"name\":\"Inhalt\",\"item\":\"https:\/\/www.tsubook.net\/de\/hilfe\/inhalt\/\"},{\"@type\":\"ListItem\",\"position\":3,\"name\":\"Kann ich Tsubook auch ohne Internetverbindung (offline) nutzen?\"}]},{\"@type\":\"WebSite\",\"@id\":\"https:\/\/www.tsubook.net\/de\/#website\",\"url\":\"https:\/\/www.tsubook.net\/de\/\",\"name\":\"Tsubook\",\"description\":\"Die Meridian-App f\u00fcr TCM, Akupunktur, Shiatsu, Tuina, Kinesiologie, Reflexologie, Qigong und andere\",\"potentialAction\":[{\"@type\":\"SearchAction\",\"target\":{\"@type\":\"EntryPoint\",\"urlTemplate\":\"https:\/\/www.tsubook.net\/de\/?s={search_term_string}\"},\"query-input\":{\"@type\":\"PropertyValueSpecification\",\"valueRequired\":true,\"valueName\":\"search_term_string\"}}],\"inLanguage\":\"de\"}]}<\/script>\n<!-- \/ Yoast SEO plugin. -->","yoast_head_json":{"title":"Kann ich Tsubook auch ohne Internetverbindung (offline) nutzen? - Tsubook","robots":{"index":"index","follow":"follow","max-snippet":"max-snippet:-1","max-image-preview":"max-image-preview:large","max-video-preview":"max-video-preview:-1"},"canonical":"https:\/\/www.tsubook.net\/de\/hilfe\/inhalt\/offline\/","og_locale":"de_DE","og_type":"article","og_title":"Kann ich Tsubook auch ohne Internetverbindung (offline) nutzen? - Tsubook","og_description":"Ja, der Gro\u00dfteil der Tsubook-App ist ohne Internetzugang nutzbar! Das Internet wird haupts\u00e4chlich ben\u00f6tigt, wenn du Tsubook installierst und erstmalig nutzt. Zun\u00e4chst musst du mit dem Internet verbunden sein, um Tsubook herunter zu laden. Danach wirst du beim ersten \u00d6ffnen der App aufgefordert einen Account zu erstellen (oder dich anzumelden). Sobald du mit dem Tsubook-Account[...]","og_url":"https:\/\/www.tsubook.net\/de\/hilfe\/inhalt\/offline\/","og_site_name":"Tsubook","article_modified_time":"2020-01-23T16:10:44+00:00","og_image":[{"width":1024,"height":683,"url":"https:\/\/www.tsubook.net\/de\/wp-content\/uploads\/tsubook_main.png","type":"image\/png"}],"twitter_card":"summary_large_image","schema":{"@context":"https:\/\/schema.org","@graph":[{"@type":"WebPage","@id":"https:\/\/www.tsubook.net\/de\/hilfe\/inhalt\/offline\/","url":"https:\/\/www.tsubook.net\/de\/hilfe\/inhalt\/offline\/","name":"Kann ich Tsubook auch ohne Internetverbindung (offline) nutzen? - Tsubook","isPartOf":{"@id":"https:\/\/www.tsubook.net\/de\/#website"},"datePublished":"2020-01-23T16:08:32+00:00","dateModified":"2020-01-23T16:10:44+00:00","breadcrumb":{"@id":"https:\/\/www.tsubook.net\/de\/hilfe\/inhalt\/offline\/#breadcrumb"},"inLanguage":"de","potentialAction":[{"@type":"ReadAction","target":["https:\/\/www.tsubook.net\/de\/hilfe\/inhalt\/offline\/"]}]},{"@type":"BreadcrumbList","@id":"https:\/\/www.tsubook.net\/de\/hilfe\/inhalt\/offline\/#breadcrumb","itemListElement":[{"@type":"ListItem","position":1,"name":"Hilfeseiten","item":"https:\/\/www.tsubook.net\/de\/hilfe\/"},{"@type":"ListItem","position":2,"name":"Inhalt","item":"https:\/\/www.tsubook.net\/de\/hilfe\/inhalt\/"},{"@type":"ListItem","position":3,"name":"Kann ich Tsubook auch ohne Internetverbindung (offline) nutzen?"}]},{"@type":"WebSite","@id":"https:\/\/www.tsubook.net\/de\/#website","url":"https:\/\/www.tsubook.net\/de\/","name":"Tsubook","description":"Die Meridian-App f\u00fcr TCM, Akupunktur, Shiatsu, Tuina, Kinesiologie, Reflexologie, Qigong und andere","potentialAction":[{"@type":"SearchAction","target":{"@type":"EntryPoint","urlTemplate":"https:\/\/www.tsubook.net\/de\/?s={search_term_string}"},"query-input":{"@type":"PropertyValueSpecification","valueRequired":true,"valueName":"search_term_string"}}],"inLanguage":"de"}]}},"jetpack_sharing_enabled":true,"_links":{"self":[{"href":"https:\/\/www.tsubook.net\/de\/wp-json\/wp\/v2\/pages\/92","targetHints":{"allow":["GET"]}}],"collection":[{"href":"https:\/\/www.tsubook.net\/de\/wp-json\/wp\/v2\/pages"}],"about":[{"href":"https:\/\/www.tsubook.net\/de\/wp-json\/wp\/v2\/types\/page"}],"author":[{"embeddable":true,"href":"https:\/\/www.tsubook.net\/de\/wp-json\/wp\/v2\/users\/1"}],"replies":[{"embeddable":true,"href":"https:\/\/www.tsubook.net\/de\/wp-json\/wp\/v2\/comments?post=92"}],"version-history":[{"count":3,"href":"https:\/\/www.tsubook.net\/de\/wp-json\/wp\/v2\/pages\/92\/revisions"}],"predecessor-version":[{"id":95,"href":"https:\/\/www.tsubook.net\/de\/wp-json\/wp\/v2\/pages\/92\/revisions\/95"}],"up":[{"embeddable":true,"href":"https:\/\/www.tsubook.net\/de\/wp-json\/wp\/v2\/pages\/75"}],"wp:attachment":[{"href":"https:\/\/www.tsubook.net\/de\/wp-json\/wp\/v2\/media?parent=92"}],"curies":[{"name":"wp","href":"https:\/\/api.w.org\/{rel}","templated":true}]}}