{"id":12,"date":"2016-09-03T21:16:44","date_gmt":"2016-09-03T20:16:44","guid":{"rendered":"http:\/\/www.tsubook.net\/en\/?page_id=12"},"modified":"2026-04-15T19:49:38","modified_gmt":"2026-04-15T19:49:38","slug":"partnership","status":"publish","type":"page","link":"https:\/\/www.tsubook.net\/en\/partnership\/","title":{"rendered":"Partnership"},"content":{"rendered":"\n<div class=\"wp-block-image\" style=\"padding:20px\"><figure class=\"aligncenter\"><img decoding=\"async\" src=\"http:\/\/www.tsubook.net\/wp-content\/uploads\/photo_tsubook2_1920_1280.jpg\" alt=\"photo_tsubook2_1920_1280\" class=\"wp-image-204\" style=\"width: 100%; max-width: 600px;\"><\/figure><\/div>\n\n\n\n<p>Do you teach the meridians? We want Tsubook to help all students and therapists, regardless of their technique (Traditional Chinese Medicine, Acupuncture, Shiatsu, Tuina, Kinesiology, Reflexology, Qi Gong,\u2026). In this open approach, we are constantly looking to connect with schools and\/or teachers to create partnerships. If you are an organization, read<a href=\"https:\/\/www.tsubook.net\/en\/partnership4org\/\"> here<\/a>.<\/p>\n\n\n\n<p>Benefits for you:<\/p>\n\n\n\n<ul class=\"wp-block-list\">\n<li>1 free full license for you, as long as the partnership is active<\/li>\n\n\n\n<li>10% discount on the full license for your students and teachers<\/li>\n\n\n\n<li>A link to your school\u2019s website (if you have one) in <a href=\"https:\/\/www.tsubook.net\/en\/partner-schools\/\">the school directory<\/a> of our website<\/li>\n<\/ul>\n\n\n\n<p>In return we ask you to:<\/p>\n\n\n\n<ul class=\"wp-block-list\">\n<li>Recommend the Tsubook app to your students<\/li>\n\n\n\n<li>Put a link to the Tsubook website on your own website (if you have one)<\/li>\n\n\n\n<li>Give us regular feedback on how we can improve the Tsubook app<\/li>\n<\/ul>\n\n\n\n<p>If needed the established partnership can be canceled by simple request, either from the school or from Tsubook.<\/p>\n\n\n\n<p>Please fill the form below to apply for a partnership or to request a month of trial to check the paid content of the app beforehand.<\/p>\n\n\n\n<p>If you prefer, you can directly write to us by email at: <a href=\"mailto:hello@tsubook.net\">hello@tsubook.net<\/a><\/p>\n\n\n\n<p>Please note: to automatically benefit from the free license as part of the partnership, your school must provide at least one year of continuing education. If this is not the case, you can still submit your partnership request, and we will evaluate it on a case-by-case basis.<\/p>\n\n\n\n<hr class=\"wp-block-separator has-css-opacity\"\/>\n\n\n\n<h1 class=\"wp-block-heading\" id=\"request\">Partnership request<\/h1>\n\n\n\n<p>You need to be one of the managers or teachers of the school to fill this form. You will be the Tsubook referent for your school.<\/p>\n\n\n\n<form id=\"partnership\" onsubmit=\"try { sendData(); } catch(e) {console.error(e); alert('ERROR'); } return false;\">\n<h3 style=\"padding-bottom:15px\"><u>About you<\/u><\/h3>\n<label for=\"referentFirstName\">First name<\/label><input name=\"referentFirstName\" type=\"text\" maxlength=\"50\" required=\"required\"><br><br>\n<label for=\"referentLastName\">Last name<\/label><input name=\"referentLastName\" type=\"text\" maxlength=\"50\" required=\"required\"><br><br>\n<label for=\"referentEmail\">E-mail<\/label><input name=\"referentEmail\" type=\"email\" maxlength=\"50\" required=\"required\"><br><br>\n<label for=\"referentRole\">Your role in the school<\/label><input name=\"referentRole\" type=\"text\" maxlength=\"50\" required=\"required\"><br><br>\n<h3 style=\"padding-bottom:15px\"><u>About your school<\/u><\/h3>\n<label for=\"name\">Name of the school<\/label><input name=\"name\" type=\"text\" maxlength=\"50\" required=\"required\"><br><br>\n<label for=\"location\">City<\/label><input name=\"location\" type=\"text\" maxlength=\"50\" required=\"required\"><br><br>\n<label for=\"country\">Country<\/label><select name=\"country\" required=\"required\"><option value=\"AF\">Afghanistan<\/option><option value=\"AX\">\u00c5land Islands<\/option><option value=\"AL\">Albania<\/option><option value=\"DZ\">Algeria<\/option><option value=\"AS\">American Samoa<\/option><option value=\"AD\">Andorra<\/option><option value=\"AO\">Angola<\/option><option value=\"AI\">Anguilla<\/option><option value=\"AQ\">Antarctica<\/option><option value=\"AG\">Antigua &amp; Barbuda<\/option><option value=\"AR\">Argentina<\/option><option value=\"AM\">Armenia<\/option><option value=\"AW\">Aruba<\/option><option value=\"AU\">Australia<\/option><option value=\"AT\">Austria<\/option><option value=\"AZ\">Azerbaijan<\/option><option value=\"BS\">Bahamas<\/option><option value=\"BH\">Bahrain<\/option><option value=\"BD\">Bangladesh<\/option><option value=\"BB\">Barbados<\/option><option value=\"BY\">Belarus<\/option><option value=\"BE\">Belgium<\/option><option value=\"BZ\">Belize<\/option><option value=\"BJ\">Benin<\/option><option value=\"BM\">Bermuda<\/option><option value=\"BT\">Bhutan<\/option><option value=\"BO\">Bolivia<\/option><option value=\"BA\">Bosnia &amp; Herzegovina<\/option><option value=\"BW\">Botswana<\/option><option value=\"BV\">Bouvet Island<\/option><option value=\"BR\">Brazil<\/option><option value=\"IO\">British Indian Ocean Territory<\/option><option value=\"VG\">British Virgin Islands<\/option><option value=\"BN\">Brunei<\/option><option value=\"BG\">Bulgaria<\/option><option value=\"BF\">Burkina Faso<\/option><option value=\"BI\">Burundi<\/option><option value=\"KH\">Cambodia<\/option><option value=\"CM\">Cameroon<\/option><option value=\"CA\">Canada<\/option><option value=\"CV\">Cape Verde<\/option><option value=\"BQ\">Caribbean Netherlands<\/option><option value=\"KY\">Cayman Islands<\/option><option value=\"CF\">Central African Republic<\/option><option value=\"TD\">Chad<\/option><option value=\"CL\">Chile<\/option><option value=\"CN\">China<\/option><option value=\"CX\">Christmas Island<\/option><option value=\"CC\">Cocos (Keeling) Islands<\/option><option value=\"CO\">Colombia<\/option><option value=\"KM\">Comoros<\/option><option value=\"CG\">Congo &#8211; Brazzaville<\/option><option value=\"CD\">Congo &#8211; Kinshasa<\/option><option value=\"CK\">Cook Islands<\/option><option value=\"CR\">Costa Rica<\/option><option value=\"CI\">C\u00f4te d\u2019Ivoire<\/option><option value=\"HR\">Croatia<\/option><option value=\"CU\">Cuba<\/option><option value=\"CW\">Cura\u00e7ao<\/option><option value=\"CY\">Cyprus<\/option><option value=\"CZ\">Czechia<\/option><option value=\"DK\">Denmark<\/option><option value=\"DJ\">Djibouti<\/option><option value=\"DM\">Dominica<\/option><option value=\"DO\">Dominican Republic<\/option><option value=\"EC\">Ecuador<\/option><option value=\"EG\">Egypt<\/option><option value=\"SV\">El Salvador<\/option><option value=\"GQ\">Equatorial Guinea<\/option><option value=\"ER\">Eritrea<\/option><option value=\"EE\">Estonia<\/option><option value=\"SZ\">Eswatini<\/option><option value=\"ET\">Ethiopia<\/option><option value=\"FK\">Falkland Islands<\/option><option value=\"FO\">Faroe Islands<\/option><option value=\"FJ\">Fiji<\/option><option value=\"FI\">Finland<\/option><option value=\"FR\">France<\/option><option value=\"GF\">French Guiana<\/option><option value=\"PF\">French Polynesia<\/option><option value=\"TF\">French Southern Territories<\/option><option value=\"GA\">Gabon<\/option><option value=\"GM\">Gambia<\/option><option value=\"GE\">Georgia<\/option><option value=\"DE\">Germany<\/option><option value=\"GH\">Ghana<\/option><option value=\"GI\">Gibraltar<\/option><option value=\"GR\">Greece<\/option><option value=\"GL\">Greenland<\/option><option value=\"GD\">Grenada<\/option><option value=\"GP\">Guadeloupe<\/option><option value=\"GU\">Guam<\/option><option value=\"GT\">Guatemala<\/option><option value=\"GG\">Guernsey<\/option><option value=\"GN\">Guinea<\/option><option value=\"GW\">Guinea-Bissau<\/option><option value=\"GY\">Guyana<\/option><option value=\"HT\">Haiti<\/option><option value=\"HM\">Heard &amp; McDonald Islands<\/option><option value=\"HN\">Honduras<\/option><option value=\"HK\">Hong Kong SAR China<\/option><option value=\"HU\">Hungary<\/option><option value=\"IS\">Iceland<\/option><option value=\"IN\">India<\/option><option value=\"ID\">Indonesia<\/option><option value=\"IR\">Iran<\/option><option value=\"IQ\">Iraq<\/option><option value=\"IE\">Ireland<\/option><option value=\"IM\">Isle of Man<\/option><option value=\"IL\">Israel<\/option><option value=\"IT\">Italy<\/option><option value=\"JM\">Jamaica<\/option><option value=\"JP\">Japan<\/option><option value=\"JE\">Jersey<\/option><option value=\"JO\">Jordan<\/option><option value=\"KZ\">Kazakhstan<\/option><option value=\"KE\">Kenya<\/option><option value=\"KI\">Kiribati<\/option><option value=\"KW\">Kuwait<\/option><option value=\"KG\">Kyrgyzstan<\/option><option value=\"LA\">Laos<\/option><option value=\"LV\">Latvia<\/option><option value=\"LB\">Lebanon<\/option><option value=\"LS\">Lesotho<\/option><option value=\"LR\">Liberia<\/option><option value=\"LY\">Libya<\/option><option value=\"LI\">Liechtenstein<\/option><option value=\"LT\">Lithuania<\/option><option value=\"LU\">Luxembourg<\/option><option value=\"MO\">Macao SAR China<\/option><option value=\"MG\">Madagascar<\/option><option value=\"MW\">Malawi<\/option><option value=\"MY\">Malaysia<\/option><option value=\"MV\">Maldives<\/option><option value=\"ML\">Mali<\/option><option value=\"MT\">Malta<\/option><option value=\"MH\">Marshall Islands<\/option><option value=\"MQ\">Martinique<\/option><option value=\"MR\">Mauritania<\/option><option value=\"MU\">Mauritius<\/option><option value=\"YT\">Mayotte<\/option><option value=\"MX\">Mexico<\/option><option value=\"FM\">Micronesia<\/option><option value=\"MD\">Moldova<\/option><option value=\"MC\">Monaco<\/option><option value=\"MN\">Mongolia<\/option><option value=\"ME\">Montenegro<\/option><option value=\"MS\">Montserrat<\/option><option value=\"MA\">Morocco<\/option><option value=\"MZ\">Mozambique<\/option><option value=\"MM\">Myanmar (Burma)<\/option><option value=\"NA\">Namibia<\/option><option value=\"NR\">Nauru<\/option><option value=\"NP\">Nepal<\/option><option value=\"NL\">Netherlands<\/option><option value=\"NC\">New Caledonia<\/option><option value=\"NZ\">New Zealand<\/option><option value=\"NI\">Nicaragua<\/option><option value=\"NE\">Niger<\/option><option value=\"NG\">Nigeria<\/option><option value=\"NU\">Niue<\/option><option value=\"NF\">Norfolk Island<\/option><option value=\"KP\">North Korea<\/option><option value=\"MK\">North Macedonia<\/option><option value=\"MP\">Northern Mariana Islands<\/option><option value=\"NO\">Norway<\/option><option value=\"OM\">Oman<\/option><option value=\"PK\">Pakistan<\/option><option value=\"PW\">Palau<\/option><option value=\"PS\">Palestinian Territories<\/option><option value=\"PA\">Panama<\/option><option value=\"PG\">Papua New Guinea<\/option><option value=\"PY\">Paraguay<\/option><option value=\"PE\">Peru<\/option><option value=\"PH\">Philippines<\/option><option value=\"PN\">Pitcairn Islands<\/option><option value=\"PL\">Poland<\/option><option value=\"PT\">Portugal<\/option><option value=\"PR\">Puerto Rico<\/option><option value=\"QA\">Qatar<\/option><option value=\"RE\">R\u00e9union<\/option><option value=\"RO\">Romania<\/option><option value=\"RU\">Russia<\/option><option value=\"RW\">Rwanda<\/option><option value=\"WS\">Samoa<\/option><option value=\"SM\">San Marino<\/option><option value=\"ST\">S\u00e3o Tom\u00e9 &amp; Pr\u00edncipe<\/option><option value=\"SA\">Saudi Arabia<\/option><option value=\"SN\">Senegal<\/option><option value=\"RS\">Serbia<\/option><option value=\"SC\">Seychelles<\/option><option value=\"SL\">Sierra Leone<\/option><option value=\"SG\">Singapore<\/option><option value=\"SX\">Sint Maarten<\/option><option value=\"SK\">Slovakia<\/option><option value=\"SI\">Slovenia<\/option><option value=\"SB\">Solomon Islands<\/option><option value=\"SO\">Somalia<\/option><option value=\"ZA\">South Africa<\/option><option value=\"GS\">South Georgia &amp; South Sandwich Islands<\/option><option value=\"KR\">South Korea<\/option><option value=\"SS\">South Sudan<\/option><option value=\"ES\">Spain<\/option><option value=\"LK\">Sri Lanka<\/option><option value=\"BL\">St. Barth\u00e9lemy<\/option><option value=\"SH\">St. Helena<\/option><option value=\"KN\">St. Kitts &amp; Nevis<\/option><option value=\"LC\">St. Lucia<\/option><option value=\"MF\">St. Martin<\/option><option value=\"PM\">St. Pierre &amp; Miquelon<\/option><option value=\"VC\">St. Vincent &amp; Grenadines<\/option><option value=\"SD\">Sudan<\/option><option value=\"SR\">Suriname<\/option><option value=\"SJ\">Svalbard &amp; Jan Mayen<\/option><option value=\"SE\">Sweden<\/option><option value=\"CH\">Switzerland<\/option><option value=\"SY\">Syria<\/option><option value=\"TW\">Taiwan<\/option><option value=\"TJ\">Tajikistan<\/option><option value=\"TZ\">Tanzania<\/option><option value=\"TH\">Thailand<\/option><option value=\"TL\">Timor-Leste<\/option><option value=\"TG\">Togo<\/option><option value=\"TK\">Tokelau<\/option><option value=\"TO\">Tonga<\/option><option value=\"TT\">Trinidad &amp; Tobago<\/option><option value=\"TN\">Tunisia<\/option><option value=\"TR\">Turkey<\/option><option value=\"TM\">Turkmenistan<\/option><option value=\"TC\">Turks &amp; Caicos Islands<\/option><option value=\"TV\">Tuvalu<\/option><option value=\"UM\">U.S. Outlying Islands<\/option><option value=\"VI\">U.S. Virgin Islands<\/option><option value=\"UG\">Uganda<\/option><option value=\"UA\">Ukraine<\/option><option value=\"AE\">United Arab Emirates<\/option><option value=\"GB\" selected=\"selected\">United Kingdom<\/option><option value=\"US\">United States<\/option><option value=\"UY\">Uruguay<\/option><option value=\"UZ\">Uzbekistan<\/option><option value=\"VU\">Vanuatu<\/option><option value=\"VA\">Vatican City<\/option><option value=\"VE\">Venezuela<\/option><option value=\"VN\">Vietnam<\/option><option value=\"WF\">Wallis &amp; Futuna<\/option><option value=\"EH\">Western Sahara<\/option><option value=\"YE\">Yemen<\/option><option value=\"ZM\">Zambia<\/option><option value=\"ZW\">Zimbabwe<\/option><\/select><br><br>\n<label for=\"website\">Website<\/label><input name=\"website\" type=\"url\" maxlength=\"100\" required=\"required\"><br><br>\n<label for=\"email\">E-mail (optional)<\/label><input name=\"email\" type=\"email\" maxlength=\"50\"><br><br>\n<label for=\"phone\">Phone (optional)<\/label><input name=\"phone\" type=\"text\" maxlength=\"20\"><br><br>\n<label for=\"people\">Teacher(s) name(s)<\/label><input name=\"people\" type=\"text\" maxlength=\"100\" required=\"required\"><br><br>\n<label for=\"message\">If you want, add a message to your request:<\/label><textarea name=\"message\" maxlength=\"1000\"><\/textarea><br><br>\n<button id=\"submitButton\" type=\"submit\" class=\"pushbutton-wide\">Submit<\/button>\n<\/form>\n\n\n\n<p><em>We will answer to your request in the next 7 days.<\/em><\/p>\n\n\n\n<p><\/p>\n","protected":false},"excerpt":{"rendered":"<p>Do you teach the meridians? We want Tsubook to help all students and therapists, regardless of their technique (Traditional Chinese Medicine, Acupuncture, Shiatsu, Tuina, Kinesiology, Reflexology, Qi Gong,\u2026). In this open approach, we are constantly looking to connect with schools and\/or teachers to create partnerships. If you are an organization, read here. Benefits for you:<a href=\"https:\/\/www.tsubook.net\/en\/partnership\/\">[&#8230;]<\/a><\/p>\n","protected":false},"author":1,"featured_media":0,"parent":0,"menu_order":0,"comment_status":"closed","ping_status":"closed","template":"","meta":{"jetpack_post_was_ever_published":false,"footnotes":""},"class_list":["post-12","page","type-page","status-publish","hentry","wpautop"],"yoast_head":"<!-- This site is optimized with the Yoast SEO plugin v27.1.1 - https:\/\/yoast.com\/product\/yoast-seo-wordpress\/ -->\n<title>Partnership - Tsubook<\/title>\n<meta name=\"robots\" content=\"index, follow, max-snippet:-1, max-image-preview:large, max-video-preview:-1\" \/>\n<link rel=\"canonical\" href=\"https:\/\/www.tsubook.net\/en\/partnership\/\" \/>\n<meta property=\"og:locale\" content=\"en_US\" \/>\n<meta property=\"og:type\" content=\"article\" \/>\n<meta property=\"og:title\" content=\"Partnership - Tsubook\" \/>\n<meta property=\"og:description\" content=\"Do you teach the meridians? We want Tsubook to help all students and therapists, regardless of their technique (Traditional Chinese Medicine, Acupuncture, Shiatsu, Tuina, Kinesiology, Reflexology, Qi Gong,\u2026). In this open approach, we are constantly looking to connect with schools and\/or teachers to create partnerships. If you are an organization, read here. Benefits for you:[...]\" \/>\n<meta property=\"og:url\" content=\"https:\/\/www.tsubook.net\/en\/partnership\/\" \/>\n<meta property=\"og:site_name\" content=\"Tsubook\" \/>\n<meta property=\"article:publisher\" content=\"https:\/\/www.facebook.com\/tsubook\/\" \/>\n<meta property=\"article:modified_time\" content=\"2026-04-15T19:49:38+00:00\" \/>\n<meta property=\"og:image\" content=\"https:\/\/www.tsubook.net\/en\/wp-content\/uploads\/visuel_video_achat_2.png\" \/>\n\t<meta property=\"og:image:width\" content=\"1536\" \/>\n\t<meta property=\"og:image:height\" content=\"1024\" \/>\n\t<meta property=\"og:image:type\" content=\"image\/png\" \/>\n<meta name=\"twitter:card\" content=\"summary_large_image\" \/>\n<meta name=\"twitter:site\" content=\"@tsubookapp\" \/>\n<meta name=\"twitter:label1\" content=\"Est. reading time\" \/>\n\t<meta name=\"twitter:data1\" content=\"4 minutes\" \/>\n<script type=\"application\/ld+json\" class=\"yoast-schema-graph\">{\"@context\":\"https:\/\/schema.org\",\"@graph\":[{\"@type\":\"WebPage\",\"@id\":\"https:\/\/www.tsubook.net\/en\/partnership\/\",\"url\":\"https:\/\/www.tsubook.net\/en\/partnership\/\",\"name\":\"Partnership - Tsubook\",\"isPartOf\":{\"@id\":\"https:\/\/www.tsubook.net\/en\/#website\"},\"primaryImageOfPage\":{\"@id\":\"https:\/\/www.tsubook.net\/en\/partnership\/#primaryimage\"},\"image\":{\"@id\":\"https:\/\/www.tsubook.net\/en\/partnership\/#primaryimage\"},\"thumbnailUrl\":\"http:\/\/www.tsubook.net\/wp-content\/uploads\/photo_tsubook2_1920_1280.jpg\",\"datePublished\":\"2016-09-03T20:16:44+00:00\",\"dateModified\":\"2026-04-15T19:49:38+00:00\",\"inLanguage\":\"en-EN\",\"potentialAction\":[{\"@type\":\"ReadAction\",\"target\":[\"https:\/\/www.tsubook.net\/en\/partnership\/\"]}]},{\"@type\":\"ImageObject\",\"inLanguage\":\"en-EN\",\"@id\":\"https:\/\/www.tsubook.net\/en\/partnership\/#primaryimage\",\"url\":\"http:\/\/www.tsubook.net\/wp-content\/uploads\/photo_tsubook2_1920_1280.jpg\",\"contentUrl\":\"http:\/\/www.tsubook.net\/wp-content\/uploads\/photo_tsubook2_1920_1280.jpg\"},{\"@type\":\"WebSite\",\"@id\":\"https:\/\/www.tsubook.net\/en\/#website\",\"url\":\"https:\/\/www.tsubook.net\/en\/\",\"name\":\"Tsubook\",\"description\":\"The meridians app for TCM, Acupuncture, Shiatsu, Tuina, Kinesiology, Reflexology, Qi Gong and more\",\"publisher\":{\"@id\":\"https:\/\/www.tsubook.net\/en\/#organization\"},\"potentialAction\":[{\"@type\":\"SearchAction\",\"target\":{\"@type\":\"EntryPoint\",\"urlTemplate\":\"https:\/\/www.tsubook.net\/en\/?s={search_term_string}\"},\"query-input\":{\"@type\":\"PropertyValueSpecification\",\"valueRequired\":true,\"valueName\":\"search_term_string\"}}],\"inLanguage\":\"en-EN\"},{\"@type\":\"Organization\",\"@id\":\"https:\/\/www.tsubook.net\/en\/#organization\",\"name\":\"Tsubook\",\"url\":\"https:\/\/www.tsubook.net\/en\/\",\"logo\":{\"@type\":\"ImageObject\",\"inLanguage\":\"en-EN\",\"@id\":\"https:\/\/www.tsubook.net\/en\/#\/schema\/logo\/image\/\",\"url\":\"https:\/\/i0.wp.com\/www.tsubook.net\/en\/wp-content\/uploads\/2017\/04\/logo_shiatsu_site3.png?fit=1639%2C440&ssl=1\",\"contentUrl\":\"https:\/\/i0.wp.com\/www.tsubook.net\/en\/wp-content\/uploads\/2017\/04\/logo_shiatsu_site3.png?fit=1639%2C440&ssl=1\",\"width\":1639,\"height\":440,\"caption\":\"Tsubook\"},\"image\":{\"@id\":\"https:\/\/www.tsubook.net\/en\/#\/schema\/logo\/image\/\"},\"sameAs\":[\"https:\/\/www.facebook.com\/tsubook\/\",\"https:\/\/x.com\/tsubookapp\",\"https:\/\/www.instagram.com\/tsubook_shiatsu\/\"]}]}<\/script>\n<!-- \/ Yoast SEO plugin. -->","yoast_head_json":{"title":"Partnership - Tsubook","robots":{"index":"index","follow":"follow","max-snippet":"max-snippet:-1","max-image-preview":"max-image-preview:large","max-video-preview":"max-video-preview:-1"},"canonical":"https:\/\/www.tsubook.net\/en\/partnership\/","og_locale":"en_US","og_type":"article","og_title":"Partnership - Tsubook","og_description":"Do you teach the meridians? We want Tsubook to help all students and therapists, regardless of their technique (Traditional Chinese Medicine, Acupuncture, Shiatsu, Tuina, Kinesiology, Reflexology, Qi Gong,\u2026). In this open approach, we are constantly looking to connect with schools and\/or teachers to create partnerships. If you are an organization, read here. Benefits for you:[...]","og_url":"https:\/\/www.tsubook.net\/en\/partnership\/","og_site_name":"Tsubook","article_publisher":"https:\/\/www.facebook.com\/tsubook\/","article_modified_time":"2026-04-15T19:49:38+00:00","og_image":[{"width":1536,"height":1024,"url":"https:\/\/www.tsubook.net\/en\/wp-content\/uploads\/visuel_video_achat_2.png","type":"image\/png"}],"twitter_card":"summary_large_image","twitter_site":"@tsubookapp","twitter_misc":{"Est. reading time":"4 minutes"},"schema":{"@context":"https:\/\/schema.org","@graph":[{"@type":"WebPage","@id":"https:\/\/www.tsubook.net\/en\/partnership\/","url":"https:\/\/www.tsubook.net\/en\/partnership\/","name":"Partnership - Tsubook","isPartOf":{"@id":"https:\/\/www.tsubook.net\/en\/#website"},"primaryImageOfPage":{"@id":"https:\/\/www.tsubook.net\/en\/partnership\/#primaryimage"},"image":{"@id":"https:\/\/www.tsubook.net\/en\/partnership\/#primaryimage"},"thumbnailUrl":"http:\/\/www.tsubook.net\/wp-content\/uploads\/photo_tsubook2_1920_1280.jpg","datePublished":"2016-09-03T20:16:44+00:00","dateModified":"2026-04-15T19:49:38+00:00","inLanguage":"en-EN","potentialAction":[{"@type":"ReadAction","target":["https:\/\/www.tsubook.net\/en\/partnership\/"]}]},{"@type":"ImageObject","inLanguage":"en-EN","@id":"https:\/\/www.tsubook.net\/en\/partnership\/#primaryimage","url":"http:\/\/www.tsubook.net\/wp-content\/uploads\/photo_tsubook2_1920_1280.jpg","contentUrl":"http:\/\/www.tsubook.net\/wp-content\/uploads\/photo_tsubook2_1920_1280.jpg"},{"@type":"WebSite","@id":"https:\/\/www.tsubook.net\/en\/#website","url":"https:\/\/www.tsubook.net\/en\/","name":"Tsubook","description":"The meridians app for TCM, Acupuncture, Shiatsu, Tuina, Kinesiology, Reflexology, Qi Gong and more","publisher":{"@id":"https:\/\/www.tsubook.net\/en\/#organization"},"potentialAction":[{"@type":"SearchAction","target":{"@type":"EntryPoint","urlTemplate":"https:\/\/www.tsubook.net\/en\/?s={search_term_string}"},"query-input":{"@type":"PropertyValueSpecification","valueRequired":true,"valueName":"search_term_string"}}],"inLanguage":"en-EN"},{"@type":"Organization","@id":"https:\/\/www.tsubook.net\/en\/#organization","name":"Tsubook","url":"https:\/\/www.tsubook.net\/en\/","logo":{"@type":"ImageObject","inLanguage":"en-EN","@id":"https:\/\/www.tsubook.net\/en\/#\/schema\/logo\/image\/","url":"https:\/\/i0.wp.com\/www.tsubook.net\/en\/wp-content\/uploads\/2017\/04\/logo_shiatsu_site3.png?fit=1639%2C440&ssl=1","contentUrl":"https:\/\/i0.wp.com\/www.tsubook.net\/en\/wp-content\/uploads\/2017\/04\/logo_shiatsu_site3.png?fit=1639%2C440&ssl=1","width":1639,"height":440,"caption":"Tsubook"},"image":{"@id":"https:\/\/www.tsubook.net\/en\/#\/schema\/logo\/image\/"},"sameAs":["https:\/\/www.facebook.com\/tsubook\/","https:\/\/x.com\/tsubookapp","https:\/\/www.instagram.com\/tsubook_shiatsu\/"]}]}},"jetpack_shortlink":"https:\/\/wp.me\/P8BaBT-c","jetpack_sharing_enabled":true,"_links":{"self":[{"href":"https:\/\/www.tsubook.net\/en\/wp-json\/wp\/v2\/pages\/12","targetHints":{"allow":["GET"]}}],"collection":[{"href":"https:\/\/www.tsubook.net\/en\/wp-json\/wp\/v2\/pages"}],"about":[{"href":"https:\/\/www.tsubook.net\/en\/wp-json\/wp\/v2\/types\/page"}],"author":[{"embeddable":true,"href":"https:\/\/www.tsubook.net\/en\/wp-json\/wp\/v2\/users\/1"}],"replies":[{"embeddable":true,"href":"https:\/\/www.tsubook.net\/en\/wp-json\/wp\/v2\/comments?post=12"}],"version-history":[{"count":32,"href":"https:\/\/www.tsubook.net\/en\/wp-json\/wp\/v2\/pages\/12\/revisions"}],"predecessor-version":[{"id":68231,"href":"https:\/\/www.tsubook.net\/en\/wp-json\/wp\/v2\/pages\/12\/revisions\/68231"}],"wp:attachment":[{"href":"https:\/\/www.tsubook.net\/en\/wp-json\/wp\/v2\/media?parent=12"}],"curies":[{"name":"wp","href":"https:\/\/api.w.org\/{rel}","templated":true}]}}