{"id":113,"date":"2019-03-06T16:12:56","date_gmt":"2019-03-06T15:12:56","guid":{"rendered":"https:\/\/www.tsubook.net\/es\/?page_id=113"},"modified":"2023-09-12T15:48:09","modified_gmt":"2023-09-12T13:48:09","slug":"suscripcion","status":"publish","type":"page","link":"https:\/\/www.tsubook.net\/es\/ayuda\/precios\/suscripcion\/","title":{"rendered":"\u00bfEl contenido de pago de Tsubook es una suscripci\u00f3n (cuota mensual\/anual)?"},"content":{"rendered":"\n<p class=\"breadcrumb\"><\/p>\n\n\n\n<p>\u00a1Tienes la opci\u00f3n! Hay dos tipos de licencia para Tsubook. Con una licencia \u00abSUSCRIPCI\u00d3N\u00bb, se te factura todos los meses y puedes acceder a todas las funciones en todos sus dispositivos. Con una licencia \u00abPOR VIDA\u00bb, se te factura solo una vez y puedes acceder a funciones espec\u00edficas en un solo dispositivo (pero es posible <a href=\"https:\/\/www.tsubook.net\/es\/ayuda\/licencias\/transferir\/\">transferir la licencia<\/a> si reemplazas o pierdes tu dispositivo).<\/p>\n","protected":false},"excerpt":{"rendered":"<p>\u00a1Tienes la opci\u00f3n! Hay dos tipos de licencia para Tsubook. Con una licencia \u00abSUSCRIPCI\u00d3N\u00bb, se te factura todos los meses y puedes acceder a todas las funciones en todos sus dispositivos. Con una licencia \u00abPOR VIDA\u00bb, se te factura solo una vez y puedes acceder a funciones espec\u00edficas en un solo dispositivo (pero es posible<a href=\"https:\/\/www.tsubook.net\/es\/ayuda\/precios\/suscripcion\/\">[&#8230;]<\/a><\/p>\n","protected":false},"author":1,"featured_media":0,"parent":106,"menu_order":0,"comment_status":"closed","ping_status":"closed","template":"","meta":{"jetpack_post_was_ever_published":false,"footnotes":""},"class_list":["post-113","page","type-page","status-publish","hentry","wpautop"],"yoast_head":"<!-- This site is optimized with the Yoast SEO plugin v27.1.1 - https:\/\/yoast.com\/product\/yoast-seo-wordpress\/ -->\n<title>\u00bfEl contenido de pago de Tsubook es una suscripci\u00f3n (cuota mensual\/anual)? - Tsubook<\/title>\n<meta name=\"robots\" content=\"index, follow, max-snippet:-1, max-image-preview:large, max-video-preview:-1\" \/>\n<link rel=\"canonical\" href=\"https:\/\/www.tsubook.net\/es\/ayuda\/precios\/suscripcion\/\" \/>\n<meta property=\"og:locale\" content=\"es_ES\" \/>\n<meta property=\"og:type\" content=\"article\" \/>\n<meta property=\"og:title\" content=\"\u00bfEl contenido de pago de Tsubook es una suscripci\u00f3n (cuota mensual\/anual)? - Tsubook\" \/>\n<meta property=\"og:description\" content=\"\u00a1Tienes la opci\u00f3n! Hay dos tipos de licencia para Tsubook. Con una licencia \u00abSUSCRIPCI\u00d3N\u00bb, se te factura todos los meses y puedes acceder a todas las funciones en todos sus dispositivos. Con una licencia \u00abPOR VIDA\u00bb, se te factura solo una vez y puedes acceder a funciones espec\u00edficas en un solo dispositivo (pero es posible[...]\" \/>\n<meta property=\"og:url\" content=\"https:\/\/www.tsubook.net\/es\/ayuda\/precios\/suscripcion\/\" \/>\n<meta property=\"og:site_name\" content=\"Tsubook\" \/>\n<meta property=\"article:publisher\" content=\"https:\/\/www.facebook.com\/tsubook\/\" \/>\n<meta property=\"article:modified_time\" content=\"2023-09-12T13:48:09+00:00\" \/>\n<meta property=\"og:image\" content=\"https:\/\/www.tsubook.net\/es\/wp-content\/uploads\/tsubook_main.png\" \/>\n\t<meta property=\"og:image:width\" content=\"1536\" \/>\n\t<meta property=\"og:image:height\" content=\"1024\" \/>\n\t<meta property=\"og:image:type\" content=\"image\/png\" \/>\n<meta name=\"twitter:card\" content=\"summary_large_image\" \/>\n<meta name=\"twitter:site\" content=\"@TsubookApp\" \/>\n<meta name=\"twitter:label1\" content=\"Tiempo de lectura\" \/>\n\t<meta name=\"twitter:data1\" content=\"1 minuto\" \/>\n<script type=\"application\/ld+json\" class=\"yoast-schema-graph\">{\"@context\":\"https:\/\/schema.org\",\"@graph\":[{\"@type\":\"WebPage\",\"@id\":\"https:\/\/www.tsubook.net\/es\/ayuda\/precios\/suscripcion\/\",\"url\":\"https:\/\/www.tsubook.net\/es\/ayuda\/precios\/suscripcion\/\",\"name\":\"\u00bfEl contenido de pago de Tsubook es una suscripci\u00f3n (cuota mensual\/anual)? - Tsubook\",\"isPartOf\":{\"@id\":\"https:\/\/www.tsubook.net\/es\/#website\"},\"datePublished\":\"2019-03-06T15:12:56+00:00\",\"dateModified\":\"2023-09-12T13:48:09+00:00\",\"breadcrumb\":{\"@id\":\"https:\/\/www.tsubook.net\/es\/ayuda\/precios\/suscripcion\/#breadcrumb\"},\"inLanguage\":\"es\",\"potentialAction\":[{\"@type\":\"ReadAction\",\"target\":[\"https:\/\/www.tsubook.net\/es\/ayuda\/precios\/suscripcion\/\"]}]},{\"@type\":\"BreadcrumbList\",\"@id\":\"https:\/\/www.tsubook.net\/es\/ayuda\/precios\/suscripcion\/#breadcrumb\",\"itemListElement\":[{\"@type\":\"ListItem\",\"position\":1,\"name\":\"Centro de ayuda\",\"item\":\"https:\/\/www.tsubook.net\/es\/ayuda\/\"},{\"@type\":\"ListItem\",\"position\":2,\"name\":\"Precios\",\"item\":\"https:\/\/www.tsubook.net\/es\/ayuda\/precios\/\"},{\"@type\":\"ListItem\",\"position\":3,\"name\":\"\u00bfEl contenido de pago de Tsubook es una suscripci\u00f3n (cuota mensual\/anual)?\"}]},{\"@type\":\"WebSite\",\"@id\":\"https:\/\/www.tsubook.net\/es\/#website\",\"url\":\"https:\/\/www.tsubook.net\/es\/\",\"name\":\"Tsubook\",\"description\":\"La app de los meridianos para MTC, Acupuntura, Shiatsu, Tuina, Kinesiolog\u00eda, Reflexolog\u00eda, Qi Gong y m\u00e1s\",\"potentialAction\":[{\"@type\":\"SearchAction\",\"target\":{\"@type\":\"EntryPoint\",\"urlTemplate\":\"https:\/\/www.tsubook.net\/es\/?s={search_term_string}\"},\"query-input\":{\"@type\":\"PropertyValueSpecification\",\"valueRequired\":true,\"valueName\":\"search_term_string\"}}],\"inLanguage\":\"es\"}]}<\/script>\n<!-- \/ Yoast SEO plugin. -->","yoast_head_json":{"title":"\u00bfEl contenido de pago de Tsubook es una suscripci\u00f3n (cuota mensual\/anual)? - Tsubook","robots":{"index":"index","follow":"follow","max-snippet":"max-snippet:-1","max-image-preview":"max-image-preview:large","max-video-preview":"max-video-preview:-1"},"canonical":"https:\/\/www.tsubook.net\/es\/ayuda\/precios\/suscripcion\/","og_locale":"es_ES","og_type":"article","og_title":"\u00bfEl contenido de pago de Tsubook es una suscripci\u00f3n (cuota mensual\/anual)? - Tsubook","og_description":"\u00a1Tienes la opci\u00f3n! Hay dos tipos de licencia para Tsubook. Con una licencia \u00abSUSCRIPCI\u00d3N\u00bb, se te factura todos los meses y puedes acceder a todas las funciones en todos sus dispositivos. Con una licencia \u00abPOR VIDA\u00bb, se te factura solo una vez y puedes acceder a funciones espec\u00edficas en un solo dispositivo (pero es posible[...]","og_url":"https:\/\/www.tsubook.net\/es\/ayuda\/precios\/suscripcion\/","og_site_name":"Tsubook","article_publisher":"https:\/\/www.facebook.com\/tsubook\/","article_modified_time":"2023-09-12T13:48:09+00:00","og_image":[{"width":1536,"height":1024,"url":"https:\/\/www.tsubook.net\/es\/wp-content\/uploads\/tsubook_main.png","type":"image\/png"}],"twitter_card":"summary_large_image","twitter_site":"@TsubookApp","twitter_misc":{"Tiempo de lectura":"1 minuto"},"schema":{"@context":"https:\/\/schema.org","@graph":[{"@type":"WebPage","@id":"https:\/\/www.tsubook.net\/es\/ayuda\/precios\/suscripcion\/","url":"https:\/\/www.tsubook.net\/es\/ayuda\/precios\/suscripcion\/","name":"\u00bfEl contenido de pago de Tsubook es una suscripci\u00f3n (cuota mensual\/anual)? - Tsubook","isPartOf":{"@id":"https:\/\/www.tsubook.net\/es\/#website"},"datePublished":"2019-03-06T15:12:56+00:00","dateModified":"2023-09-12T13:48:09+00:00","breadcrumb":{"@id":"https:\/\/www.tsubook.net\/es\/ayuda\/precios\/suscripcion\/#breadcrumb"},"inLanguage":"es","potentialAction":[{"@type":"ReadAction","target":["https:\/\/www.tsubook.net\/es\/ayuda\/precios\/suscripcion\/"]}]},{"@type":"BreadcrumbList","@id":"https:\/\/www.tsubook.net\/es\/ayuda\/precios\/suscripcion\/#breadcrumb","itemListElement":[{"@type":"ListItem","position":1,"name":"Centro de ayuda","item":"https:\/\/www.tsubook.net\/es\/ayuda\/"},{"@type":"ListItem","position":2,"name":"Precios","item":"https:\/\/www.tsubook.net\/es\/ayuda\/precios\/"},{"@type":"ListItem","position":3,"name":"\u00bfEl contenido de pago de Tsubook es una suscripci\u00f3n (cuota mensual\/anual)?"}]},{"@type":"WebSite","@id":"https:\/\/www.tsubook.net\/es\/#website","url":"https:\/\/www.tsubook.net\/es\/","name":"Tsubook","description":"La app de los meridianos para MTC, Acupuntura, Shiatsu, Tuina, Kinesiolog\u00eda, Reflexolog\u00eda, Qi Gong y m\u00e1s","potentialAction":[{"@type":"SearchAction","target":{"@type":"EntryPoint","urlTemplate":"https:\/\/www.tsubook.net\/es\/?s={search_term_string}"},"query-input":{"@type":"PropertyValueSpecification","valueRequired":true,"valueName":"search_term_string"}}],"inLanguage":"es"}]}},"jetpack_sharing_enabled":true,"jetpack_shortlink":"https:\/\/wp.me\/PaMpYR-1P","_links":{"self":[{"href":"https:\/\/www.tsubook.net\/es\/wp-json\/wp\/v2\/pages\/113","targetHints":{"allow":["GET"]}}],"collection":[{"href":"https:\/\/www.tsubook.net\/es\/wp-json\/wp\/v2\/pages"}],"about":[{"href":"https:\/\/www.tsubook.net\/es\/wp-json\/wp\/v2\/types\/page"}],"author":[{"embeddable":true,"href":"https:\/\/www.tsubook.net\/es\/wp-json\/wp\/v2\/users\/1"}],"replies":[{"embeddable":true,"href":"https:\/\/www.tsubook.net\/es\/wp-json\/wp\/v2\/comments?post=113"}],"version-history":[{"count":5,"href":"https:\/\/www.tsubook.net\/es\/wp-json\/wp\/v2\/pages\/113\/revisions"}],"predecessor-version":[{"id":587,"href":"https:\/\/www.tsubook.net\/es\/wp-json\/wp\/v2\/pages\/113\/revisions\/587"}],"up":[{"embeddable":true,"href":"https:\/\/www.tsubook.net\/es\/wp-json\/wp\/v2\/pages\/106"}],"wp:attachment":[{"href":"https:\/\/www.tsubook.net\/es\/wp-json\/wp\/v2\/media?parent=113"}],"curies":[{"name":"wp","href":"https:\/\/api.w.org\/{rel}","templated":true}]}}