{"id":119,"date":"2019-03-06T16:31:04","date_gmt":"2019-03-06T15:31:04","guid":{"rendered":"https:\/\/www.tsubook.net\/es\/?page_id=119"},"modified":"2024-09-05T11:47:04","modified_gmt":"2024-09-05T09:47:04","slug":"iva","status":"publish","type":"page","link":"https:\/\/www.tsubook.net\/es\/ayuda\/precios\/iva\/","title":{"rendered":"\u00bfComo obtener un recibo despu\u00e9s de una compra?"},"content":{"rendered":"\n<p class=\"breadcrumb\"><\/p>\n\n\n\n<p>Una vez realizada la compra, puede solicitar un recibo con IVA. El m\u00e9todo para conseguirlo depende de la tienda que utiliz\u00f3:<\/p>\n\n\n\n<ul class=\"wp-block-list\">\n<li>Google Play Store (Android): mas informaci\u00f3n sobre <a aria-label=\"este enlace (opens in a new tab)\" rel=\"noreferrer noopener\" href=\"https:\/\/support.google.com\/pay\/answer\/7644144?hl=es\" target=\"_blank\">este enlace<\/a> <\/li>\n\n\n\n<li>App Store (iPhone \/ iPad \/ Mac): mas informaci\u00f3n sobre <a href=\"https:\/\/support.apple.com\/es-es\/HT204088\" target=\"_blank\" rel=\"noreferrer noopener\">este enlace<\/a><\/li>\n\n\n\n<li>Microsoft Store (Windows) o nuestro sitio web: despu\u00e9s de su compra, recibir\u00e1 un recibo por correo electr\u00f3nico que incluye el IVA de su pa\u00eds (si se encuentra en la Uni\u00f3n Europea) o ning\u00fan IVA. Si tiene alguna pregunta sobre el IVA, por favor cont\u00e1ctenos: <a href=\"mailto:hola@tsubook.net\">hola@tsubook.net<\/a><\/li>\n<\/ul>\n","protected":false},"excerpt":{"rendered":"<p>Una vez realizada la compra, puede solicitar un recibo con IVA. El m\u00e9todo para conseguirlo depende de la tienda que utiliz\u00f3:<\/p>\n","protected":false},"author":1,"featured_media":0,"parent":106,"menu_order":0,"comment_status":"closed","ping_status":"closed","template":"","meta":{"jetpack_post_was_ever_published":false,"footnotes":""},"class_list":["post-119","page","type-page","status-publish","hentry","wpautop"],"yoast_head":"<!-- This site is optimized with the Yoast SEO plugin v27.1.1 - https:\/\/yoast.com\/product\/yoast-seo-wordpress\/ -->\n<title>\u00bfComo obtener un recibo despu\u00e9s de una compra? - Tsubook<\/title>\n<meta name=\"robots\" content=\"index, follow, max-snippet:-1, max-image-preview:large, max-video-preview:-1\" \/>\n<link rel=\"canonical\" href=\"https:\/\/www.tsubook.net\/es\/ayuda\/precios\/iva\/\" \/>\n<meta property=\"og:locale\" content=\"es_ES\" \/>\n<meta property=\"og:type\" content=\"article\" \/>\n<meta property=\"og:title\" content=\"\u00bfComo obtener un recibo despu\u00e9s de una compra? - Tsubook\" \/>\n<meta property=\"og:description\" content=\"Una vez realizada la compra, puede solicitar un recibo con IVA. El m\u00e9todo para conseguirlo depende de la tienda que utiliz\u00f3:\" \/>\n<meta property=\"og:url\" content=\"https:\/\/www.tsubook.net\/es\/ayuda\/precios\/iva\/\" \/>\n<meta property=\"og:site_name\" content=\"Tsubook\" \/>\n<meta property=\"article:publisher\" content=\"https:\/\/www.facebook.com\/tsubook\/\" \/>\n<meta property=\"article:modified_time\" content=\"2024-09-05T09:47:04+00:00\" \/>\n<meta property=\"og:image\" content=\"https:\/\/www.tsubook.net\/es\/wp-content\/uploads\/tsubook_main.png\" \/>\n\t<meta property=\"og:image:width\" content=\"1536\" \/>\n\t<meta property=\"og:image:height\" content=\"1024\" \/>\n\t<meta property=\"og:image:type\" content=\"image\/png\" \/>\n<meta name=\"twitter:card\" content=\"summary_large_image\" \/>\n<meta name=\"twitter:site\" content=\"@TsubookApp\" \/>\n<meta name=\"twitter:label1\" content=\"Tiempo de lectura\" \/>\n\t<meta name=\"twitter:data1\" content=\"1 minuto\" \/>\n<script type=\"application\/ld+json\" class=\"yoast-schema-graph\">{\"@context\":\"https:\/\/schema.org\",\"@graph\":[{\"@type\":\"WebPage\",\"@id\":\"https:\/\/www.tsubook.net\/es\/ayuda\/precios\/iva\/\",\"url\":\"https:\/\/www.tsubook.net\/es\/ayuda\/precios\/iva\/\",\"name\":\"\u00bfComo obtener un recibo despu\u00e9s de una compra? - Tsubook\",\"isPartOf\":{\"@id\":\"https:\/\/www.tsubook.net\/es\/#website\"},\"datePublished\":\"2019-03-06T15:31:04+00:00\",\"dateModified\":\"2024-09-05T09:47:04+00:00\",\"breadcrumb\":{\"@id\":\"https:\/\/www.tsubook.net\/es\/ayuda\/precios\/iva\/#breadcrumb\"},\"inLanguage\":\"es\",\"potentialAction\":[{\"@type\":\"ReadAction\",\"target\":[\"https:\/\/www.tsubook.net\/es\/ayuda\/precios\/iva\/\"]}]},{\"@type\":\"BreadcrumbList\",\"@id\":\"https:\/\/www.tsubook.net\/es\/ayuda\/precios\/iva\/#breadcrumb\",\"itemListElement\":[{\"@type\":\"ListItem\",\"position\":1,\"name\":\"Centro de ayuda\",\"item\":\"https:\/\/www.tsubook.net\/es\/ayuda\/\"},{\"@type\":\"ListItem\",\"position\":2,\"name\":\"Precios\",\"item\":\"https:\/\/www.tsubook.net\/es\/ayuda\/precios\/\"},{\"@type\":\"ListItem\",\"position\":3,\"name\":\"\u00bfComo obtener un recibo despu\u00e9s de una compra?\"}]},{\"@type\":\"WebSite\",\"@id\":\"https:\/\/www.tsubook.net\/es\/#website\",\"url\":\"https:\/\/www.tsubook.net\/es\/\",\"name\":\"Tsubook\",\"description\":\"La app de los meridianos para MTC, Acupuntura, Shiatsu, Tuina, Kinesiolog\u00eda, Reflexolog\u00eda, Qi Gong y m\u00e1s\",\"potentialAction\":[{\"@type\":\"SearchAction\",\"target\":{\"@type\":\"EntryPoint\",\"urlTemplate\":\"https:\/\/www.tsubook.net\/es\/?s={search_term_string}\"},\"query-input\":{\"@type\":\"PropertyValueSpecification\",\"valueRequired\":true,\"valueName\":\"search_term_string\"}}],\"inLanguage\":\"es\"}]}<\/script>\n<!-- \/ Yoast SEO plugin. -->","yoast_head_json":{"title":"\u00bfComo obtener un recibo despu\u00e9s de una compra? - Tsubook","robots":{"index":"index","follow":"follow","max-snippet":"max-snippet:-1","max-image-preview":"max-image-preview:large","max-video-preview":"max-video-preview:-1"},"canonical":"https:\/\/www.tsubook.net\/es\/ayuda\/precios\/iva\/","og_locale":"es_ES","og_type":"article","og_title":"\u00bfComo obtener un recibo despu\u00e9s de una compra? - Tsubook","og_description":"Una vez realizada la compra, puede solicitar un recibo con IVA. El m\u00e9todo para conseguirlo depende de la tienda que utiliz\u00f3:","og_url":"https:\/\/www.tsubook.net\/es\/ayuda\/precios\/iva\/","og_site_name":"Tsubook","article_publisher":"https:\/\/www.facebook.com\/tsubook\/","article_modified_time":"2024-09-05T09:47:04+00:00","og_image":[{"width":1536,"height":1024,"url":"https:\/\/www.tsubook.net\/es\/wp-content\/uploads\/tsubook_main.png","type":"image\/png"}],"twitter_card":"summary_large_image","twitter_site":"@TsubookApp","twitter_misc":{"Tiempo de lectura":"1 minuto"},"schema":{"@context":"https:\/\/schema.org","@graph":[{"@type":"WebPage","@id":"https:\/\/www.tsubook.net\/es\/ayuda\/precios\/iva\/","url":"https:\/\/www.tsubook.net\/es\/ayuda\/precios\/iva\/","name":"\u00bfComo obtener un recibo despu\u00e9s de una compra? - Tsubook","isPartOf":{"@id":"https:\/\/www.tsubook.net\/es\/#website"},"datePublished":"2019-03-06T15:31:04+00:00","dateModified":"2024-09-05T09:47:04+00:00","breadcrumb":{"@id":"https:\/\/www.tsubook.net\/es\/ayuda\/precios\/iva\/#breadcrumb"},"inLanguage":"es","potentialAction":[{"@type":"ReadAction","target":["https:\/\/www.tsubook.net\/es\/ayuda\/precios\/iva\/"]}]},{"@type":"BreadcrumbList","@id":"https:\/\/www.tsubook.net\/es\/ayuda\/precios\/iva\/#breadcrumb","itemListElement":[{"@type":"ListItem","position":1,"name":"Centro de ayuda","item":"https:\/\/www.tsubook.net\/es\/ayuda\/"},{"@type":"ListItem","position":2,"name":"Precios","item":"https:\/\/www.tsubook.net\/es\/ayuda\/precios\/"},{"@type":"ListItem","position":3,"name":"\u00bfComo obtener un recibo despu\u00e9s de una compra?"}]},{"@type":"WebSite","@id":"https:\/\/www.tsubook.net\/es\/#website","url":"https:\/\/www.tsubook.net\/es\/","name":"Tsubook","description":"La app de los meridianos para MTC, Acupuntura, Shiatsu, Tuina, Kinesiolog\u00eda, Reflexolog\u00eda, Qi Gong y m\u00e1s","potentialAction":[{"@type":"SearchAction","target":{"@type":"EntryPoint","urlTemplate":"https:\/\/www.tsubook.net\/es\/?s={search_term_string}"},"query-input":{"@type":"PropertyValueSpecification","valueRequired":true,"valueName":"search_term_string"}}],"inLanguage":"es"}]}},"jetpack_sharing_enabled":true,"jetpack_shortlink":"https:\/\/wp.me\/PaMpYR-1V","_links":{"self":[{"href":"https:\/\/www.tsubook.net\/es\/wp-json\/wp\/v2\/pages\/119","targetHints":{"allow":["GET"]}}],"collection":[{"href":"https:\/\/www.tsubook.net\/es\/wp-json\/wp\/v2\/pages"}],"about":[{"href":"https:\/\/www.tsubook.net\/es\/wp-json\/wp\/v2\/types\/page"}],"author":[{"embeddable":true,"href":"https:\/\/www.tsubook.net\/es\/wp-json\/wp\/v2\/users\/1"}],"replies":[{"embeddable":true,"href":"https:\/\/www.tsubook.net\/es\/wp-json\/wp\/v2\/comments?post=119"}],"version-history":[{"count":5,"href":"https:\/\/www.tsubook.net\/es\/wp-json\/wp\/v2\/pages\/119\/revisions"}],"predecessor-version":[{"id":641,"href":"https:\/\/www.tsubook.net\/es\/wp-json\/wp\/v2\/pages\/119\/revisions\/641"}],"up":[{"embeddable":true,"href":"https:\/\/www.tsubook.net\/es\/wp-json\/wp\/v2\/pages\/106"}],"wp:attachment":[{"href":"https:\/\/www.tsubook.net\/es\/wp-json\/wp\/v2\/media?parent=119"}],"curies":[{"name":"wp","href":"https:\/\/api.w.org\/{rel}","templated":true}]}}