{"id":125,"date":"2019-03-06T16:47:19","date_gmt":"2019-03-06T15:47:19","guid":{"rendered":"https:\/\/www.tsubook.net\/es\/?page_id=125"},"modified":"2019-06-04T15:46:40","modified_gmt":"2019-06-04T13:46:40","slug":"transferir","status":"publish","type":"page","link":"https:\/\/www.tsubook.net\/es\/ayuda\/licencias\/transferir\/","title":{"rendered":"He pagado una licencia de Tsubook pero he cambiado mi dispositivo. \u00bfPuedo transferir mi licencia a mi nuevo dispositivo?"},"content":{"rendered":"\n<p class=\"breadcrumb\"><\/p>\n\n\n\n<p>S\u00ed, puedes transferir una licencia de un dispositivo a otro. Si se conecta a Tsubook en el nuevo dispositivo por primera vez, tendr\u00e1 inmediatamente la opci\u00f3n de transferir la licencia.<\/p>\n\n\n\n<p>Si esta opci\u00f3n no se muestra, sigue estas instrucciones:<\/p>\n\n\n\n<ol class=\"wp-block-list\"><li>Abra la aplicaci\u00f3n Tsubook<\/li><li>Abra el men\u00fa (arriba a la izquierda) y haga clic sobre su nombre (arriba del todo)<\/li><li>Pulsa en \u00abtransferir licencia a este dispositivo\u00bb<\/li><li>Elija la licencia que usted quiere transferir<\/li><\/ol>\n\n\n\n<p>NB: Una vez transferida una licencia tendr\u00e1s que esperar 30 d\u00edas para poder transferirla de nuevo.<\/p>\n","protected":false},"excerpt":{"rendered":"<p>S\u00ed, puedes transferir una licencia de un dispositivo a otro. Si se conecta a Tsubook en el nuevo dispositivo por primera vez, tendr\u00e1 inmediatamente la opci\u00f3n de transferir la licencia. Si esta opci\u00f3n no se muestra, sigue estas instrucciones: Abra la aplicaci\u00f3n Tsubook Abra el men\u00fa (arriba a la izquierda) y haga clic sobre su<a href=\"https:\/\/www.tsubook.net\/es\/ayuda\/licencias\/transferir\/\">[&#8230;]<\/a><\/p>\n","protected":false},"author":1,"featured_media":0,"parent":122,"menu_order":0,"comment_status":"closed","ping_status":"closed","template":"","meta":{"jetpack_post_was_ever_published":false,"footnotes":""},"class_list":["post-125","page","type-page","status-publish","hentry","wpautop"],"yoast_head":"<!-- This site is optimized with the Yoast SEO plugin v27.1.1 - https:\/\/yoast.com\/product\/yoast-seo-wordpress\/ -->\n<title>He pagado una licencia de Tsubook pero he cambiado mi dispositivo. \u00bfPuedo transferir mi licencia a mi nuevo dispositivo? - Tsubook<\/title>\n<meta name=\"robots\" content=\"index, follow, max-snippet:-1, max-image-preview:large, max-video-preview:-1\" \/>\n<link rel=\"canonical\" href=\"https:\/\/www.tsubook.net\/es\/ayuda\/licencias\/transferir\/\" \/>\n<meta property=\"og:locale\" content=\"es_ES\" \/>\n<meta property=\"og:type\" content=\"article\" \/>\n<meta property=\"og:title\" content=\"He pagado una licencia de Tsubook pero he cambiado mi dispositivo. \u00bfPuedo transferir mi licencia a mi nuevo dispositivo? - Tsubook\" \/>\n<meta property=\"og:description\" content=\"S\u00ed, puedes transferir una licencia de un dispositivo a otro. Si se conecta a Tsubook en el nuevo dispositivo por primera vez, tendr\u00e1 inmediatamente la opci\u00f3n de transferir la licencia. Si esta opci\u00f3n no se muestra, sigue estas instrucciones: Abra la aplicaci\u00f3n Tsubook Abra el men\u00fa (arriba a la izquierda) y haga clic sobre su[...]\" \/>\n<meta property=\"og:url\" content=\"https:\/\/www.tsubook.net\/es\/ayuda\/licencias\/transferir\/\" \/>\n<meta property=\"og:site_name\" content=\"Tsubook\" \/>\n<meta property=\"article:publisher\" content=\"https:\/\/www.facebook.com\/tsubook\/\" \/>\n<meta property=\"article:modified_time\" content=\"2019-06-04T13:46:40+00:00\" \/>\n<meta property=\"og:image\" content=\"https:\/\/www.tsubook.net\/es\/wp-content\/uploads\/tsubook_main.png\" \/>\n\t<meta property=\"og:image:width\" content=\"1536\" \/>\n\t<meta property=\"og:image:height\" content=\"1024\" \/>\n\t<meta property=\"og:image:type\" content=\"image\/png\" \/>\n<meta name=\"twitter:card\" content=\"summary_large_image\" \/>\n<meta name=\"twitter:site\" content=\"@TsubookApp\" \/>\n<script type=\"application\/ld+json\" class=\"yoast-schema-graph\">{\"@context\":\"https:\/\/schema.org\",\"@graph\":[{\"@type\":\"WebPage\",\"@id\":\"https:\/\/www.tsubook.net\/es\/ayuda\/licencias\/transferir\/\",\"url\":\"https:\/\/www.tsubook.net\/es\/ayuda\/licencias\/transferir\/\",\"name\":\"He pagado una licencia de Tsubook pero he cambiado mi dispositivo. \u00bfPuedo transferir mi licencia a mi nuevo dispositivo? - Tsubook\",\"isPartOf\":{\"@id\":\"https:\/\/www.tsubook.net\/es\/#website\"},\"datePublished\":\"2019-03-06T15:47:19+00:00\",\"dateModified\":\"2019-06-04T13:46:40+00:00\",\"breadcrumb\":{\"@id\":\"https:\/\/www.tsubook.net\/es\/ayuda\/licencias\/transferir\/#breadcrumb\"},\"inLanguage\":\"es\",\"potentialAction\":[{\"@type\":\"ReadAction\",\"target\":[\"https:\/\/www.tsubook.net\/es\/ayuda\/licencias\/transferir\/\"]}]},{\"@type\":\"BreadcrumbList\",\"@id\":\"https:\/\/www.tsubook.net\/es\/ayuda\/licencias\/transferir\/#breadcrumb\",\"itemListElement\":[{\"@type\":\"ListItem\",\"position\":1,\"name\":\"Centro de ayuda\",\"item\":\"https:\/\/www.tsubook.net\/es\/ayuda\/\"},{\"@type\":\"ListItem\",\"position\":2,\"name\":\"Licencia y cuenta\",\"item\":\"https:\/\/www.tsubook.net\/es\/ayuda\/licencias\/\"},{\"@type\":\"ListItem\",\"position\":3,\"name\":\"He pagado una licencia de Tsubook pero he cambiado mi dispositivo. \u00bfPuedo transferir mi licencia a mi nuevo dispositivo?\"}]},{\"@type\":\"WebSite\",\"@id\":\"https:\/\/www.tsubook.net\/es\/#website\",\"url\":\"https:\/\/www.tsubook.net\/es\/\",\"name\":\"Tsubook\",\"description\":\"La app de los meridianos para MTC, Acupuntura, Shiatsu, Tuina, Kinesiolog\u00eda, Reflexolog\u00eda, Qi Gong y m\u00e1s\",\"potentialAction\":[{\"@type\":\"SearchAction\",\"target\":{\"@type\":\"EntryPoint\",\"urlTemplate\":\"https:\/\/www.tsubook.net\/es\/?s={search_term_string}\"},\"query-input\":{\"@type\":\"PropertyValueSpecification\",\"valueRequired\":true,\"valueName\":\"search_term_string\"}}],\"inLanguage\":\"es\"}]}<\/script>\n<!-- \/ Yoast SEO plugin. -->","yoast_head_json":{"title":"He pagado una licencia de Tsubook pero he cambiado mi dispositivo. \u00bfPuedo transferir mi licencia a mi nuevo dispositivo? - Tsubook","robots":{"index":"index","follow":"follow","max-snippet":"max-snippet:-1","max-image-preview":"max-image-preview:large","max-video-preview":"max-video-preview:-1"},"canonical":"https:\/\/www.tsubook.net\/es\/ayuda\/licencias\/transferir\/","og_locale":"es_ES","og_type":"article","og_title":"He pagado una licencia de Tsubook pero he cambiado mi dispositivo. \u00bfPuedo transferir mi licencia a mi nuevo dispositivo? - Tsubook","og_description":"S\u00ed, puedes transferir una licencia de un dispositivo a otro. Si se conecta a Tsubook en el nuevo dispositivo por primera vez, tendr\u00e1 inmediatamente la opci\u00f3n de transferir la licencia. Si esta opci\u00f3n no se muestra, sigue estas instrucciones: Abra la aplicaci\u00f3n Tsubook Abra el men\u00fa (arriba a la izquierda) y haga clic sobre su[...]","og_url":"https:\/\/www.tsubook.net\/es\/ayuda\/licencias\/transferir\/","og_site_name":"Tsubook","article_publisher":"https:\/\/www.facebook.com\/tsubook\/","article_modified_time":"2019-06-04T13:46:40+00:00","og_image":[{"width":1536,"height":1024,"url":"https:\/\/www.tsubook.net\/es\/wp-content\/uploads\/tsubook_main.png","type":"image\/png"}],"twitter_card":"summary_large_image","twitter_site":"@TsubookApp","schema":{"@context":"https:\/\/schema.org","@graph":[{"@type":"WebPage","@id":"https:\/\/www.tsubook.net\/es\/ayuda\/licencias\/transferir\/","url":"https:\/\/www.tsubook.net\/es\/ayuda\/licencias\/transferir\/","name":"He pagado una licencia de Tsubook pero he cambiado mi dispositivo. \u00bfPuedo transferir mi licencia a mi nuevo dispositivo? - Tsubook","isPartOf":{"@id":"https:\/\/www.tsubook.net\/es\/#website"},"datePublished":"2019-03-06T15:47:19+00:00","dateModified":"2019-06-04T13:46:40+00:00","breadcrumb":{"@id":"https:\/\/www.tsubook.net\/es\/ayuda\/licencias\/transferir\/#breadcrumb"},"inLanguage":"es","potentialAction":[{"@type":"ReadAction","target":["https:\/\/www.tsubook.net\/es\/ayuda\/licencias\/transferir\/"]}]},{"@type":"BreadcrumbList","@id":"https:\/\/www.tsubook.net\/es\/ayuda\/licencias\/transferir\/#breadcrumb","itemListElement":[{"@type":"ListItem","position":1,"name":"Centro de ayuda","item":"https:\/\/www.tsubook.net\/es\/ayuda\/"},{"@type":"ListItem","position":2,"name":"Licencia y cuenta","item":"https:\/\/www.tsubook.net\/es\/ayuda\/licencias\/"},{"@type":"ListItem","position":3,"name":"He pagado una licencia de Tsubook pero he cambiado mi dispositivo. \u00bfPuedo transferir mi licencia a mi nuevo dispositivo?"}]},{"@type":"WebSite","@id":"https:\/\/www.tsubook.net\/es\/#website","url":"https:\/\/www.tsubook.net\/es\/","name":"Tsubook","description":"La app de los meridianos para MTC, Acupuntura, Shiatsu, Tuina, Kinesiolog\u00eda, Reflexolog\u00eda, Qi Gong y m\u00e1s","potentialAction":[{"@type":"SearchAction","target":{"@type":"EntryPoint","urlTemplate":"https:\/\/www.tsubook.net\/es\/?s={search_term_string}"},"query-input":{"@type":"PropertyValueSpecification","valueRequired":true,"valueName":"search_term_string"}}],"inLanguage":"es"}]}},"jetpack_sharing_enabled":true,"jetpack_shortlink":"https:\/\/wp.me\/PaMpYR-21","_links":{"self":[{"href":"https:\/\/www.tsubook.net\/es\/wp-json\/wp\/v2\/pages\/125","targetHints":{"allow":["GET"]}}],"collection":[{"href":"https:\/\/www.tsubook.net\/es\/wp-json\/wp\/v2\/pages"}],"about":[{"href":"https:\/\/www.tsubook.net\/es\/wp-json\/wp\/v2\/types\/page"}],"author":[{"embeddable":true,"href":"https:\/\/www.tsubook.net\/es\/wp-json\/wp\/v2\/users\/1"}],"replies":[{"embeddable":true,"href":"https:\/\/www.tsubook.net\/es\/wp-json\/wp\/v2\/comments?post=125"}],"version-history":[{"count":4,"href":"https:\/\/www.tsubook.net\/es\/wp-json\/wp\/v2\/pages\/125\/revisions"}],"predecessor-version":[{"id":707,"href":"https:\/\/www.tsubook.net\/es\/wp-json\/wp\/v2\/pages\/125\/revisions\/707"}],"up":[{"embeddable":true,"href":"https:\/\/www.tsubook.net\/es\/wp-json\/wp\/v2\/pages\/122"}],"wp:attachment":[{"href":"https:\/\/www.tsubook.net\/es\/wp-json\/wp\/v2\/media?parent=125"}],"curies":[{"name":"wp","href":"https:\/\/api.w.org\/{rel}","templated":true}]}}