{"id":138,"date":"2019-03-06T17:06:48","date_gmt":"2019-03-06T16:06:48","guid":{"rendered":"https:\/\/www.tsubook.net\/es\/?page_id=138"},"modified":"2024-09-03T16:40:11","modified_gmt":"2024-09-03T14:40:11","slug":"usar-codigo","status":"publish","type":"page","link":"https:\/\/www.tsubook.net\/es\/ayuda\/promo\/usar-codigo\/","title":{"rendered":"Si tengo un c\u00f3digo promocional\/regalo, \u00bfc\u00f3mo lo uso?"},"content":{"rendered":"\n<p class=\"breadcrumb\"><\/p>\n\n\n\n<p>Ha recibido un c\u00f3digo regalo o promocional que le permite acceder al contenido de pago de Tsubook. \u00a1Genial! Pero, \u00bfc\u00f3mo utilizarlo? Siga los siguientes pasos:<\/p>\n\n\n\n<ol class=\"wp-block-list\">\n<li><strong>Vaya a <\/strong><a aria-label=\" (opens in a new tab)\" href=\"https:\/\/www.tsubook.net\/app\/?lang=es#license\" target=\"_blank\" rel=\"noreferrer noopener\"><strong>su cuenta online Tsubook<\/strong><\/a><\/li>\n\n\n\n<li><strong>Conecta a su cuenta (o crea una cuenta)<\/strong><\/li>\n\n\n\n<li><strong>Pulsa sobre \u00ab\u00bfTienes un c\u00f3digo promocional o regalo?\u00bb de abajo<\/strong><\/li>\n\n\n\n<li><strong>Introduzca su c\u00f3digo y voil\u00e0: \u00a1Descuento activado!<\/strong><\/li>\n<\/ol>\n\n\n\n<p>Si encuentra alguna dificultad, no dude en enviar un correo electr\u00f3nico a <a href=\"mailto:hola@tsubook.net\">hola@tsubook.net<\/a>, con una captura de pantalla del problema si es posible.<\/p>\n","protected":false},"excerpt":{"rendered":"<p>Ha recibido un c\u00f3digo regalo o promocional que le permite acceder al contenido de pago de Tsubook. \u00a1Genial! Pero, \u00bfc\u00f3mo utilizarlo? Siga los siguientes pasos: Si encuentra alguna dificultad, no dude en enviar un correo electr\u00f3nico a hola@tsubook.net, con una captura de pantalla del problema si es posible.<\/p>\n","protected":false},"author":1,"featured_media":0,"parent":132,"menu_order":0,"comment_status":"closed","ping_status":"closed","template":"","meta":{"jetpack_post_was_ever_published":false,"footnotes":""},"class_list":["post-138","page","type-page","status-publish","hentry","wpautop"],"yoast_head":"<!-- This site is optimized with the Yoast SEO plugin v27.1.1 - https:\/\/yoast.com\/product\/yoast-seo-wordpress\/ -->\n<title>Si tengo un c\u00f3digo promocional\/regalo, \u00bfc\u00f3mo lo uso? - Tsubook<\/title>\n<meta name=\"robots\" content=\"index, follow, max-snippet:-1, max-image-preview:large, max-video-preview:-1\" \/>\n<link rel=\"canonical\" href=\"https:\/\/www.tsubook.net\/es\/ayuda\/promo\/usar-codigo\/\" \/>\n<meta property=\"og:locale\" content=\"es_ES\" \/>\n<meta property=\"og:type\" content=\"article\" \/>\n<meta property=\"og:title\" content=\"Si tengo un c\u00f3digo promocional\/regalo, \u00bfc\u00f3mo lo uso? - Tsubook\" \/>\n<meta property=\"og:description\" content=\"Ha recibido un c\u00f3digo regalo o promocional que le permite acceder al contenido de pago de Tsubook. \u00a1Genial! Pero, \u00bfc\u00f3mo utilizarlo? Siga los siguientes pasos: Si encuentra alguna dificultad, no dude en enviar un correo electr\u00f3nico a hola@tsubook.net, con una captura de pantalla del problema si es posible.\" \/>\n<meta property=\"og:url\" content=\"https:\/\/www.tsubook.net\/es\/ayuda\/promo\/usar-codigo\/\" \/>\n<meta property=\"og:site_name\" content=\"Tsubook\" \/>\n<meta property=\"article:publisher\" content=\"https:\/\/www.facebook.com\/tsubook\/\" \/>\n<meta property=\"article:modified_time\" content=\"2024-09-03T14:40:11+00:00\" \/>\n<meta property=\"og:image\" content=\"https:\/\/www.tsubook.net\/es\/wp-content\/uploads\/tsubook_main.png\" \/>\n\t<meta property=\"og:image:width\" content=\"1536\" \/>\n\t<meta property=\"og:image:height\" content=\"1024\" \/>\n\t<meta property=\"og:image:type\" content=\"image\/png\" \/>\n<meta name=\"twitter:card\" content=\"summary_large_image\" \/>\n<meta name=\"twitter:site\" content=\"@TsubookApp\" \/>\n<meta name=\"twitter:label1\" content=\"Tiempo de lectura\" \/>\n\t<meta name=\"twitter:data1\" content=\"1 minuto\" \/>\n<script type=\"application\/ld+json\" class=\"yoast-schema-graph\">{\"@context\":\"https:\/\/schema.org\",\"@graph\":[{\"@type\":\"WebPage\",\"@id\":\"https:\/\/www.tsubook.net\/es\/ayuda\/promo\/usar-codigo\/\",\"url\":\"https:\/\/www.tsubook.net\/es\/ayuda\/promo\/usar-codigo\/\",\"name\":\"Si tengo un c\u00f3digo promocional\/regalo, \u00bfc\u00f3mo lo uso? - Tsubook\",\"isPartOf\":{\"@id\":\"https:\/\/www.tsubook.net\/es\/#website\"},\"datePublished\":\"2019-03-06T16:06:48+00:00\",\"dateModified\":\"2024-09-03T14:40:11+00:00\",\"breadcrumb\":{\"@id\":\"https:\/\/www.tsubook.net\/es\/ayuda\/promo\/usar-codigo\/#breadcrumb\"},\"inLanguage\":\"es\",\"potentialAction\":[{\"@type\":\"ReadAction\",\"target\":[\"https:\/\/www.tsubook.net\/es\/ayuda\/promo\/usar-codigo\/\"]}]},{\"@type\":\"BreadcrumbList\",\"@id\":\"https:\/\/www.tsubook.net\/es\/ayuda\/promo\/usar-codigo\/#breadcrumb\",\"itemListElement\":[{\"@type\":\"ListItem\",\"position\":1,\"name\":\"Centro de ayuda\",\"item\":\"https:\/\/www.tsubook.net\/es\/ayuda\/\"},{\"@type\":\"ListItem\",\"position\":2,\"name\":\"C\u00f3digo promocional o regalo\",\"item\":\"https:\/\/www.tsubook.net\/es\/ayuda\/promo\/\"},{\"@type\":\"ListItem\",\"position\":3,\"name\":\"Si tengo un c\u00f3digo promocional\/regalo, \u00bfc\u00f3mo lo uso?\"}]},{\"@type\":\"WebSite\",\"@id\":\"https:\/\/www.tsubook.net\/es\/#website\",\"url\":\"https:\/\/www.tsubook.net\/es\/\",\"name\":\"Tsubook\",\"description\":\"La app de los meridianos para MTC, Acupuntura, Shiatsu, Tuina, Kinesiolog\u00eda, Reflexolog\u00eda, Qi Gong y m\u00e1s\",\"potentialAction\":[{\"@type\":\"SearchAction\",\"target\":{\"@type\":\"EntryPoint\",\"urlTemplate\":\"https:\/\/www.tsubook.net\/es\/?s={search_term_string}\"},\"query-input\":{\"@type\":\"PropertyValueSpecification\",\"valueRequired\":true,\"valueName\":\"search_term_string\"}}],\"inLanguage\":\"es\"}]}<\/script>\n<!-- \/ Yoast SEO plugin. -->","yoast_head_json":{"title":"Si tengo un c\u00f3digo promocional\/regalo, \u00bfc\u00f3mo lo uso? - Tsubook","robots":{"index":"index","follow":"follow","max-snippet":"max-snippet:-1","max-image-preview":"max-image-preview:large","max-video-preview":"max-video-preview:-1"},"canonical":"https:\/\/www.tsubook.net\/es\/ayuda\/promo\/usar-codigo\/","og_locale":"es_ES","og_type":"article","og_title":"Si tengo un c\u00f3digo promocional\/regalo, \u00bfc\u00f3mo lo uso? - Tsubook","og_description":"Ha recibido un c\u00f3digo regalo o promocional que le permite acceder al contenido de pago de Tsubook. \u00a1Genial! Pero, \u00bfc\u00f3mo utilizarlo? Siga los siguientes pasos: Si encuentra alguna dificultad, no dude en enviar un correo electr\u00f3nico a hola@tsubook.net, con una captura de pantalla del problema si es posible.","og_url":"https:\/\/www.tsubook.net\/es\/ayuda\/promo\/usar-codigo\/","og_site_name":"Tsubook","article_publisher":"https:\/\/www.facebook.com\/tsubook\/","article_modified_time":"2024-09-03T14:40:11+00:00","og_image":[{"width":1536,"height":1024,"url":"https:\/\/www.tsubook.net\/es\/wp-content\/uploads\/tsubook_main.png","type":"image\/png"}],"twitter_card":"summary_large_image","twitter_site":"@TsubookApp","twitter_misc":{"Tiempo de lectura":"1 minuto"},"schema":{"@context":"https:\/\/schema.org","@graph":[{"@type":"WebPage","@id":"https:\/\/www.tsubook.net\/es\/ayuda\/promo\/usar-codigo\/","url":"https:\/\/www.tsubook.net\/es\/ayuda\/promo\/usar-codigo\/","name":"Si tengo un c\u00f3digo promocional\/regalo, \u00bfc\u00f3mo lo uso? - Tsubook","isPartOf":{"@id":"https:\/\/www.tsubook.net\/es\/#website"},"datePublished":"2019-03-06T16:06:48+00:00","dateModified":"2024-09-03T14:40:11+00:00","breadcrumb":{"@id":"https:\/\/www.tsubook.net\/es\/ayuda\/promo\/usar-codigo\/#breadcrumb"},"inLanguage":"es","potentialAction":[{"@type":"ReadAction","target":["https:\/\/www.tsubook.net\/es\/ayuda\/promo\/usar-codigo\/"]}]},{"@type":"BreadcrumbList","@id":"https:\/\/www.tsubook.net\/es\/ayuda\/promo\/usar-codigo\/#breadcrumb","itemListElement":[{"@type":"ListItem","position":1,"name":"Centro de ayuda","item":"https:\/\/www.tsubook.net\/es\/ayuda\/"},{"@type":"ListItem","position":2,"name":"C\u00f3digo promocional o regalo","item":"https:\/\/www.tsubook.net\/es\/ayuda\/promo\/"},{"@type":"ListItem","position":3,"name":"Si tengo un c\u00f3digo promocional\/regalo, \u00bfc\u00f3mo lo uso?"}]},{"@type":"WebSite","@id":"https:\/\/www.tsubook.net\/es\/#website","url":"https:\/\/www.tsubook.net\/es\/","name":"Tsubook","description":"La app de los meridianos para MTC, Acupuntura, Shiatsu, Tuina, Kinesiolog\u00eda, Reflexolog\u00eda, Qi Gong y m\u00e1s","potentialAction":[{"@type":"SearchAction","target":{"@type":"EntryPoint","urlTemplate":"https:\/\/www.tsubook.net\/es\/?s={search_term_string}"},"query-input":{"@type":"PropertyValueSpecification","valueRequired":true,"valueName":"search_term_string"}}],"inLanguage":"es"}]}},"jetpack_sharing_enabled":true,"jetpack_shortlink":"https:\/\/wp.me\/PaMpYR-2e","_links":{"self":[{"href":"https:\/\/www.tsubook.net\/es\/wp-json\/wp\/v2\/pages\/138","targetHints":{"allow":["GET"]}}],"collection":[{"href":"https:\/\/www.tsubook.net\/es\/wp-json\/wp\/v2\/pages"}],"about":[{"href":"https:\/\/www.tsubook.net\/es\/wp-json\/wp\/v2\/types\/page"}],"author":[{"embeddable":true,"href":"https:\/\/www.tsubook.net\/es\/wp-json\/wp\/v2\/users\/1"}],"replies":[{"embeddable":true,"href":"https:\/\/www.tsubook.net\/es\/wp-json\/wp\/v2\/comments?post=138"}],"version-history":[{"count":7,"href":"https:\/\/www.tsubook.net\/es\/wp-json\/wp\/v2\/pages\/138\/revisions"}],"predecessor-version":[{"id":630,"href":"https:\/\/www.tsubook.net\/es\/wp-json\/wp\/v2\/pages\/138\/revisions\/630"}],"up":[{"embeddable":true,"href":"https:\/\/www.tsubook.net\/es\/wp-json\/wp\/v2\/pages\/132"}],"wp:attachment":[{"href":"https:\/\/www.tsubook.net\/es\/wp-json\/wp\/v2\/media?parent=138"}],"curies":[{"name":"wp","href":"https:\/\/api.w.org\/{rel}","templated":true}]}}