{"id":144,"date":"2019-03-06T17:16:18","date_gmt":"2019-03-06T16:16:18","guid":{"rendered":"https:\/\/www.tsubook.net\/es\/?page_id=144"},"modified":"2024-09-05T11:31:33","modified_gmt":"2024-09-05T09:31:33","slug":"dispositivos","status":"publish","type":"page","link":"https:\/\/www.tsubook.net\/es\/ayuda\/dispositivos\/","title":{"rendered":"\u00bfSobre que dispositivos funciona Tsubook?"},"content":{"rendered":"\n<p class=\"breadcrumb\"><\/p>\n\n\n\n<p>Tsubook est\u00e1 disponible en tel\u00e9fonos (iPhone y Android), tabletas (iPad y Android) y computadoras (Mac y Windows).<\/p>\n\n\n\n<p>Por el momento, Tsubook no est\u00e1 disponible en ordenadores Linux (Ubuntu, Fedora, Mint, etc.) ni en ning\u00fan otro tipo de dispositivo. D\u00e9jenos su direcci\u00f3n de correo electr\u00f3nico para que le avisemos cuando el software est\u00e9 disponible en otros tipos de dispositivos: <a href=\"https:\/\/www.tsubook.net\/en\/waiting-list\/\">https:\/\/www.tsubook.net\/en\/waiting-list\/<\/a><\/p>\n","protected":false},"excerpt":{"rendered":"<p>Tsubook est\u00e1 disponible en tel\u00e9fonos (iPhone y Android), tabletas (iPad y Android) y computadoras (Mac y Windows). Por el momento, Tsubook no est\u00e1 disponible en ordenadores Linux (Ubuntu, Fedora, Mint, etc.) ni en ning\u00fan otro tipo de dispositivo. D\u00e9jenos su direcci\u00f3n de correo electr\u00f3nico para que le avisemos cuando el software est\u00e9 disponible en otros<a href=\"https:\/\/www.tsubook.net\/es\/ayuda\/dispositivos\/\">[&#8230;]<\/a><\/p>\n","protected":false},"author":1,"featured_media":0,"parent":50,"menu_order":0,"comment_status":"closed","ping_status":"closed","template":"","meta":{"jetpack_post_was_ever_published":false,"footnotes":""},"class_list":["post-144","page","type-page","status-publish","hentry","wpautop"],"yoast_head":"<!-- This site is optimized with the Yoast SEO plugin v27.1.1 - https:\/\/yoast.com\/product\/yoast-seo-wordpress\/ -->\n<title>\u00bfSobre que dispositivos funciona Tsubook? - Tsubook<\/title>\n<meta name=\"robots\" content=\"index, follow, max-snippet:-1, max-image-preview:large, max-video-preview:-1\" \/>\n<link rel=\"canonical\" href=\"https:\/\/www.tsubook.net\/es\/ayuda\/dispositivos\/\" \/>\n<meta property=\"og:locale\" content=\"es_ES\" \/>\n<meta property=\"og:type\" content=\"article\" \/>\n<meta property=\"og:title\" content=\"\u00bfSobre que dispositivos funciona Tsubook? - Tsubook\" \/>\n<meta property=\"og:description\" content=\"Tsubook est\u00e1 disponible en tel\u00e9fonos (iPhone y Android), tabletas (iPad y Android) y computadoras (Mac y Windows). Por el momento, Tsubook no est\u00e1 disponible en ordenadores Linux (Ubuntu, Fedora, Mint, etc.) ni en ning\u00fan otro tipo de dispositivo. D\u00e9jenos su direcci\u00f3n de correo electr\u00f3nico para que le avisemos cuando el software est\u00e9 disponible en otros[...]\" \/>\n<meta property=\"og:url\" content=\"https:\/\/www.tsubook.net\/es\/ayuda\/dispositivos\/\" \/>\n<meta property=\"og:site_name\" content=\"Tsubook\" \/>\n<meta property=\"article:publisher\" content=\"https:\/\/www.facebook.com\/tsubook\/\" \/>\n<meta property=\"article:modified_time\" content=\"2024-09-05T09:31:33+00:00\" \/>\n<meta property=\"og:image\" content=\"https:\/\/www.tsubook.net\/es\/wp-content\/uploads\/tsubook_main.png\" \/>\n\t<meta property=\"og:image:width\" content=\"1536\" \/>\n\t<meta property=\"og:image:height\" content=\"1024\" \/>\n\t<meta property=\"og:image:type\" content=\"image\/png\" \/>\n<meta name=\"twitter:card\" content=\"summary_large_image\" \/>\n<meta name=\"twitter:site\" content=\"@TsubookApp\" \/>\n<meta name=\"twitter:label1\" content=\"Tiempo de lectura\" \/>\n\t<meta name=\"twitter:data1\" content=\"1 minuto\" \/>\n<script type=\"application\/ld+json\" class=\"yoast-schema-graph\">{\"@context\":\"https:\/\/schema.org\",\"@graph\":[{\"@type\":\"WebPage\",\"@id\":\"https:\/\/www.tsubook.net\/es\/ayuda\/dispositivos\/\",\"url\":\"https:\/\/www.tsubook.net\/es\/ayuda\/dispositivos\/\",\"name\":\"\u00bfSobre que dispositivos funciona Tsubook? - Tsubook\",\"isPartOf\":{\"@id\":\"https:\/\/www.tsubook.net\/es\/#website\"},\"datePublished\":\"2019-03-06T16:16:18+00:00\",\"dateModified\":\"2024-09-05T09:31:33+00:00\",\"breadcrumb\":{\"@id\":\"https:\/\/www.tsubook.net\/es\/ayuda\/dispositivos\/#breadcrumb\"},\"inLanguage\":\"es\",\"potentialAction\":[{\"@type\":\"ReadAction\",\"target\":[\"https:\/\/www.tsubook.net\/es\/ayuda\/dispositivos\/\"]}]},{\"@type\":\"BreadcrumbList\",\"@id\":\"https:\/\/www.tsubook.net\/es\/ayuda\/dispositivos\/#breadcrumb\",\"itemListElement\":[{\"@type\":\"ListItem\",\"position\":1,\"name\":\"Centro de ayuda\",\"item\":\"https:\/\/www.tsubook.net\/es\/ayuda\/\"},{\"@type\":\"ListItem\",\"position\":2,\"name\":\"Dispositivos compatibles\"}]},{\"@type\":\"WebSite\",\"@id\":\"https:\/\/www.tsubook.net\/es\/#website\",\"url\":\"https:\/\/www.tsubook.net\/es\/\",\"name\":\"Tsubook\",\"description\":\"La app de los meridianos para MTC, Acupuntura, Shiatsu, Tuina, Kinesiolog\u00eda, Reflexolog\u00eda, Qi Gong y m\u00e1s\",\"potentialAction\":[{\"@type\":\"SearchAction\",\"target\":{\"@type\":\"EntryPoint\",\"urlTemplate\":\"https:\/\/www.tsubook.net\/es\/?s={search_term_string}\"},\"query-input\":{\"@type\":\"PropertyValueSpecification\",\"valueRequired\":true,\"valueName\":\"search_term_string\"}}],\"inLanguage\":\"es\"}]}<\/script>\n<!-- \/ Yoast SEO plugin. -->","yoast_head_json":{"title":"\u00bfSobre que dispositivos funciona Tsubook? - Tsubook","robots":{"index":"index","follow":"follow","max-snippet":"max-snippet:-1","max-image-preview":"max-image-preview:large","max-video-preview":"max-video-preview:-1"},"canonical":"https:\/\/www.tsubook.net\/es\/ayuda\/dispositivos\/","og_locale":"es_ES","og_type":"article","og_title":"\u00bfSobre que dispositivos funciona Tsubook? - Tsubook","og_description":"Tsubook est\u00e1 disponible en tel\u00e9fonos (iPhone y Android), tabletas (iPad y Android) y computadoras (Mac y Windows). Por el momento, Tsubook no est\u00e1 disponible en ordenadores Linux (Ubuntu, Fedora, Mint, etc.) ni en ning\u00fan otro tipo de dispositivo. D\u00e9jenos su direcci\u00f3n de correo electr\u00f3nico para que le avisemos cuando el software est\u00e9 disponible en otros[...]","og_url":"https:\/\/www.tsubook.net\/es\/ayuda\/dispositivos\/","og_site_name":"Tsubook","article_publisher":"https:\/\/www.facebook.com\/tsubook\/","article_modified_time":"2024-09-05T09:31:33+00:00","og_image":[{"width":1536,"height":1024,"url":"https:\/\/www.tsubook.net\/es\/wp-content\/uploads\/tsubook_main.png","type":"image\/png"}],"twitter_card":"summary_large_image","twitter_site":"@TsubookApp","twitter_misc":{"Tiempo de lectura":"1 minuto"},"schema":{"@context":"https:\/\/schema.org","@graph":[{"@type":"WebPage","@id":"https:\/\/www.tsubook.net\/es\/ayuda\/dispositivos\/","url":"https:\/\/www.tsubook.net\/es\/ayuda\/dispositivos\/","name":"\u00bfSobre que dispositivos funciona Tsubook? - Tsubook","isPartOf":{"@id":"https:\/\/www.tsubook.net\/es\/#website"},"datePublished":"2019-03-06T16:16:18+00:00","dateModified":"2024-09-05T09:31:33+00:00","breadcrumb":{"@id":"https:\/\/www.tsubook.net\/es\/ayuda\/dispositivos\/#breadcrumb"},"inLanguage":"es","potentialAction":[{"@type":"ReadAction","target":["https:\/\/www.tsubook.net\/es\/ayuda\/dispositivos\/"]}]},{"@type":"BreadcrumbList","@id":"https:\/\/www.tsubook.net\/es\/ayuda\/dispositivos\/#breadcrumb","itemListElement":[{"@type":"ListItem","position":1,"name":"Centro de ayuda","item":"https:\/\/www.tsubook.net\/es\/ayuda\/"},{"@type":"ListItem","position":2,"name":"Dispositivos compatibles"}]},{"@type":"WebSite","@id":"https:\/\/www.tsubook.net\/es\/#website","url":"https:\/\/www.tsubook.net\/es\/","name":"Tsubook","description":"La app de los meridianos para MTC, Acupuntura, Shiatsu, Tuina, Kinesiolog\u00eda, Reflexolog\u00eda, Qi Gong y m\u00e1s","potentialAction":[{"@type":"SearchAction","target":{"@type":"EntryPoint","urlTemplate":"https:\/\/www.tsubook.net\/es\/?s={search_term_string}"},"query-input":{"@type":"PropertyValueSpecification","valueRequired":true,"valueName":"search_term_string"}}],"inLanguage":"es"}]}},"jetpack_sharing_enabled":true,"jetpack_shortlink":"https:\/\/wp.me\/PaMpYR-2k","_links":{"self":[{"href":"https:\/\/www.tsubook.net\/es\/wp-json\/wp\/v2\/pages\/144","targetHints":{"allow":["GET"]}}],"collection":[{"href":"https:\/\/www.tsubook.net\/es\/wp-json\/wp\/v2\/pages"}],"about":[{"href":"https:\/\/www.tsubook.net\/es\/wp-json\/wp\/v2\/types\/page"}],"author":[{"embeddable":true,"href":"https:\/\/www.tsubook.net\/es\/wp-json\/wp\/v2\/users\/1"}],"replies":[{"embeddable":true,"href":"https:\/\/www.tsubook.net\/es\/wp-json\/wp\/v2\/comments?post=144"}],"version-history":[{"count":6,"href":"https:\/\/www.tsubook.net\/es\/wp-json\/wp\/v2\/pages\/144\/revisions"}],"predecessor-version":[{"id":639,"href":"https:\/\/www.tsubook.net\/es\/wp-json\/wp\/v2\/pages\/144\/revisions\/639"}],"up":[{"embeddable":true,"href":"https:\/\/www.tsubook.net\/es\/wp-json\/wp\/v2\/pages\/50"}],"wp:attachment":[{"href":"https:\/\/www.tsubook.net\/es\/wp-json\/wp\/v2\/media?parent=144"}],"curies":[{"name":"wp","href":"https:\/\/api.w.org\/{rel}","templated":true}]}}