{"id":152,"date":"2019-03-06T17:28:31","date_gmt":"2019-03-06T16:28:31","guid":{"rendered":"https:\/\/www.tsubook.net\/es\/?page_id=152"},"modified":"2019-06-04T15:40:27","modified_gmt":"2019-06-04T13:40:27","slug":"traduccion","status":"publish","type":"page","link":"https:\/\/www.tsubook.net\/es\/ayuda\/traduccion\/","title":{"rendered":"Traducci\u00f3n"},"content":{"rendered":"\n<p class=\"breadcrumb\"><\/p>\n\n\n\n<p>Le gustar\u00eda ayudarnos a traducir Tsubook en otro idioma? A cambio usted tendr\u00e1 descuentos del 20%, 50%, 70%, 100% en la compra de la licencia. Simplemente reg\u00edstrese abajo. Muchas gracias!<\/p>\n\n\n\n<!-- Begin MailChimp Signup Form -->\n<link href=\"\/\/cdn-images.mailchimp.com\/embedcode\/classic-10_7.css\" rel=\"stylesheet\" type=\"text\/css\">\n<style type=\"text\/css\">\n\t#mc_embed_signup{background:#fff; clear:left; font:14px Helvetica,Arial,sans-serif; }\n\t\/* Add your own MailChimp form style overrides in your site stylesheet or in this style block.\n\t   We recommend moving this block and the preceding CSS link to the HEAD of your HTML file. *\/\n<\/style>\n<div id=\"mc_embed_signup\" style=\"max-width: 500px;\">\n<form action=\"https:\/\/studiolevart.us13.list-manage.com\/subscribe\/post?u=86d0dafbd09a3c6cabcd128c8&amp;id=2d1ff6652b\" method=\"post\" id=\"mc-embedded-subscribe-form\" name=\"mc-embedded-subscribe-form\" class=\"validate\" target=\"_blank\" novalidate>\n<div id=\"mc_embed_signup_scroll\">\n<div class=\"indicates-required\"><span class=\"asterisk\">*<\/span> indicates required<\/div>\n<div class=\"mc-field-group\">\n\t<strong><label for=\"mce-EMAIL\">Email Address  <span class=\"asterisk\">*<\/span><br \/>\n<\/label><\/strong><br \/>\n\t<input type=\"email\" value=\"\" name=\"EMAIL\" class=\"required email\" id=\"mce-EMAIL\">\n<\/div>\n<div class=\"mc-field-group\">\n\t<strong><label for=\"mce-FNAME\">First Name  <span class=\"asterisk\">*<\/span><br \/>\n<\/label><\/strong><br \/>\n\t<input type=\"text\" value=\"\" name=\"FNAME\" class=\"required\" id=\"mce-FNAME\">\n<\/div>\n<div class=\"mc-field-group\">\n\t<strong><label for=\"mce-LNAME\">Last Name <\/label><\/strong><br \/>\n\t<input type=\"text\" value=\"\" name=\"LNAME\" class=\"\" id=\"mce-LNAME\">\n<\/div>\n<div class=\"mc-field-group\">\n\t<strong><label for=\"mce-group[403593]\">Native Language  <span class=\"asterisk\">*<\/span><\/label><\/strong><br \/>\n\t<select name=\"group[403593]\" class=\"REQ_CSS required\" id=\"mce-group[403593]\"><option value=\"\"><\/option><option value=\"1\">Afrikaans<\/option><option value=\"2\">Arabic<\/option><option value=\"4\">Basque<\/option><option value=\"32\">Belarusian<\/option><option value=\"64\">Bulgarian<\/option><option value=\"128\">Catalan<\/option><option value=\"256\">Chinese<\/option><option value=\"512\">Czech<\/option><option value=\"1024\">Danish<\/option><option value=\"2048\">Dutch<\/option><option value=\"4096\">English<\/option><option value=\"8192\">Estonian<\/option><option value=\"16384\">Faroese<\/option><option value=\"32768\">Finnish<\/option><option value=\"65536\">French<\/option><option value=\"131072\">German<\/option><option value=\"262144\">Greek<\/option><option value=\"524288\">Hebrew<\/option><option value=\"1048576\">Hungarian<\/option><option value=\"2097152\">Icelandic<\/option><option value=\"4194304\">Indonesian<\/option><option value=\"8388608\">Italian<\/option><option value=\"16777216\">Japanese<\/option><option value=\"33554432\">Korean<\/option><option value=\"67108864\">Latvian<\/option><option value=\"134217728\">Lithuanian<\/option><option value=\"268435456\">Norwegian<\/option><option value=\"536870912\">Polish<\/option><option value=\"1073741824\">Portuguese<\/option><option value=\"2147483648\">Romanian<\/option><option value=\"4294967296\">Russian<\/option><option value=\"8589934592\">SerboCroatian<\/option><option value=\"17179869184\">Slovak<\/option><option value=\"34359738368\">Slovenian<\/option><option value=\"68719476736\">Spanish<\/option><option value=\"137438953472\">Swedish<\/option><option value=\"274877906944\">Thai<\/option><option value=\"549755813888\">Turkish<\/option><option value=\"1099511627776\">Ukrainian<\/option><option value=\"2199023255552\">Vietnamese<\/option><\/select>\n<\/div>\n<div class=\"mc-field-group input-group\">\n    <strong>Do you speak English?  <span class=\"asterisk\">*<\/span><\/strong><\/p>\n<ul style=\"margin-top: -20px;\">\n<li><input type=\"radio\" value=\"8\" name=\"group[403597]\" id=\"mce-group[403597]-403597-0\" class=\"required\"> <label for=\"mce-group[403597]-403597-0\">Yes<\/label><\/li>\n<li><input type=\"radio\" value=\"16\" name=\"group[403597]\" id=\"mce-group[403597]-403597-1\" class=\"required\"> <label for=\"mce-group[403597]-403597-1\">No<\/label><\/li>\n<\/ul>\n<\/div>\n<div class=\"mc-field-group\">\n\t<strong><label for=\"mce-OLSPOKEN\">Language(s) spoken other than English and your native language<\/label><\/strong><br \/>\n\t<input type=\"text\" value=\"\" name=\"OLSPOKEN\" class=\"\" id=\"mce-OLSPOKEN\">\n<\/div>\n<div id=\"mce-responses\" class=\"clear\">\n<div class=\"response\" id=\"mce-error-response\" style=\"display:none\"><\/div>\n<div class=\"response\" id=\"mce-success-response\" style=\"display:none\"><\/div>\n<\/p><\/div>\n<p>    <!-- real people should not fill this in and expect good things - do not remove this or risk form bot signups--><\/p>\n<div style=\"position: absolute; left: -5000px;\" aria-hidden=\"true\"><input type=\"text\" name=\"b_86d0dafbd09a3c6cabcd128c8_2d1ff6652b\" tabindex=\"-1\" value=\"\"><\/div>\n<div class=\"clear\"><input type=\"submit\" value=\"Subscribe\" name=\"subscribe\" id=\"mc-embedded-subscribe\"><\/div>\n<\/p><\/div>\n<\/form>\n<\/div>\n<p><script type='text\/javascript' src='\/\/s3.amazonaws.com\/downloads.mailchimp.com\/js\/mc-validate.js'><\/script><script type='text\/javascript'>(function($) {window.fnames = new Array(); window.ftypes = new Array();fnames[0]='EMAIL';ftypes[0]='email';fnames[1]='FNAME';ftypes[1]='text';fnames[2]='LNAME';ftypes[2]='text';fnames[3]='OLSPOKEN';ftypes[3]='text';}(jQuery));var $mcj = jQuery.noConflict(true);<\/script><br \/>\n<!--End mc_embed_signup--><\/p>\n","protected":false},"excerpt":{"rendered":"<p>Le gustar\u00eda ayudarnos a traducir Tsubook en otro idioma? A cambio usted tendr\u00e1 descuentos del 20%, 50%, 70%, 100% en la compra de la licencia. Simplemente reg\u00edstrese abajo. Muchas gracias! * indicates required Email Address * First Name * Last Name Native Language * AfrikaansArabicBasqueBelarusianBulgarianCatalanChineseCzechDanishDutchEnglishEstonianFaroeseFinnishFrenchGermanGreekHebrewHungarianIcelandicIndonesianItalianJapaneseKoreanLatvianLithuanianNorwegianPolishPortugueseRomanianRussianSerboCroatianSlovakSlovenianSpanishSwedishThaiTurkishUkrainianVietnamese Do you speak English? * Yes No Language(s) spoken other<a href=\"https:\/\/www.tsubook.net\/es\/ayuda\/traduccion\/\">[&#8230;]<\/a><\/p>\n","protected":false},"author":1,"featured_media":0,"parent":50,"menu_order":0,"comment_status":"closed","ping_status":"closed","template":"","meta":{"jetpack_post_was_ever_published":false,"footnotes":""},"class_list":["post-152","page","type-page","status-publish","hentry","wpautop"],"yoast_head":"<!-- This site is optimized with the Yoast SEO plugin v27.1.1 - https:\/\/yoast.com\/product\/yoast-seo-wordpress\/ -->\n<title>Traducci\u00f3n - Tsubook<\/title>\n<meta name=\"robots\" content=\"index, follow, max-snippet:-1, max-image-preview:large, max-video-preview:-1\" \/>\n<link rel=\"canonical\" href=\"https:\/\/www.tsubook.net\/es\/ayuda\/traduccion\/\" \/>\n<meta property=\"og:locale\" content=\"es_ES\" \/>\n<meta property=\"og:type\" content=\"article\" \/>\n<meta property=\"og:title\" content=\"Traducci\u00f3n - Tsubook\" \/>\n<meta property=\"og:description\" content=\"Le gustar\u00eda ayudarnos a traducir Tsubook en otro idioma? A cambio usted tendr\u00e1 descuentos del 20%, 50%, 70%, 100% en la compra de la licencia. Simplemente reg\u00edstrese abajo. Muchas gracias! * indicates required Email Address * First Name * Last Name Native Language * AfrikaansArabicBasqueBelarusianBulgarianCatalanChineseCzechDanishDutchEnglishEstonianFaroeseFinnishFrenchGermanGreekHebrewHungarianIcelandicIndonesianItalianJapaneseKoreanLatvianLithuanianNorwegianPolishPortugueseRomanianRussianSerboCroatianSlovakSlovenianSpanishSwedishThaiTurkishUkrainianVietnamese Do you speak English? * Yes No Language(s) spoken other[...]\" \/>\n<meta property=\"og:url\" content=\"https:\/\/www.tsubook.net\/es\/ayuda\/traduccion\/\" \/>\n<meta property=\"og:site_name\" content=\"Tsubook\" \/>\n<meta property=\"article:publisher\" content=\"https:\/\/www.facebook.com\/tsubook\/\" \/>\n<meta property=\"article:modified_time\" content=\"2019-06-04T13:40:27+00:00\" \/>\n<meta property=\"og:image\" content=\"https:\/\/www.tsubook.net\/es\/wp-content\/uploads\/tsubook_main.png\" \/>\n\t<meta property=\"og:image:width\" content=\"1536\" \/>\n\t<meta property=\"og:image:height\" content=\"1024\" \/>\n\t<meta property=\"og:image:type\" content=\"image\/png\" \/>\n<meta name=\"twitter:card\" content=\"summary_large_image\" \/>\n<meta name=\"twitter:site\" content=\"@TsubookApp\" \/>\n<script type=\"application\/ld+json\" class=\"yoast-schema-graph\">{\"@context\":\"https:\/\/schema.org\",\"@graph\":[{\"@type\":\"WebPage\",\"@id\":\"https:\/\/www.tsubook.net\/es\/ayuda\/traduccion\/\",\"url\":\"https:\/\/www.tsubook.net\/es\/ayuda\/traduccion\/\",\"name\":\"Traducci\u00f3n - Tsubook\",\"isPartOf\":{\"@id\":\"https:\/\/www.tsubook.net\/es\/#website\"},\"datePublished\":\"2019-03-06T16:28:31+00:00\",\"dateModified\":\"2019-06-04T13:40:27+00:00\",\"breadcrumb\":{\"@id\":\"https:\/\/www.tsubook.net\/es\/ayuda\/traduccion\/#breadcrumb\"},\"inLanguage\":\"es\",\"potentialAction\":[{\"@type\":\"ReadAction\",\"target\":[\"https:\/\/www.tsubook.net\/es\/ayuda\/traduccion\/\"]}]},{\"@type\":\"BreadcrumbList\",\"@id\":\"https:\/\/www.tsubook.net\/es\/ayuda\/traduccion\/#breadcrumb\",\"itemListElement\":[{\"@type\":\"ListItem\",\"position\":1,\"name\":\"Centro de ayuda\",\"item\":\"https:\/\/www.tsubook.net\/es\/ayuda\/\"},{\"@type\":\"ListItem\",\"position\":2,\"name\":\"Traducci\u00f3n\"}]},{\"@type\":\"WebSite\",\"@id\":\"https:\/\/www.tsubook.net\/es\/#website\",\"url\":\"https:\/\/www.tsubook.net\/es\/\",\"name\":\"Tsubook\",\"description\":\"La app de los meridianos para MTC, Acupuntura, Shiatsu, Tuina, Kinesiolog\u00eda, Reflexolog\u00eda, Qi Gong y m\u00e1s\",\"potentialAction\":[{\"@type\":\"SearchAction\",\"target\":{\"@type\":\"EntryPoint\",\"urlTemplate\":\"https:\/\/www.tsubook.net\/es\/?s={search_term_string}\"},\"query-input\":{\"@type\":\"PropertyValueSpecification\",\"valueRequired\":true,\"valueName\":\"search_term_string\"}}],\"inLanguage\":\"es\"}]}<\/script>\n<!-- \/ Yoast SEO plugin. -->","yoast_head_json":{"title":"Traducci\u00f3n - Tsubook","robots":{"index":"index","follow":"follow","max-snippet":"max-snippet:-1","max-image-preview":"max-image-preview:large","max-video-preview":"max-video-preview:-1"},"canonical":"https:\/\/www.tsubook.net\/es\/ayuda\/traduccion\/","og_locale":"es_ES","og_type":"article","og_title":"Traducci\u00f3n - Tsubook","og_description":"Le gustar\u00eda ayudarnos a traducir Tsubook en otro idioma? A cambio usted tendr\u00e1 descuentos del 20%, 50%, 70%, 100% en la compra de la licencia. Simplemente reg\u00edstrese abajo. Muchas gracias! * indicates required Email Address * First Name * Last Name Native Language * AfrikaansArabicBasqueBelarusianBulgarianCatalanChineseCzechDanishDutchEnglishEstonianFaroeseFinnishFrenchGermanGreekHebrewHungarianIcelandicIndonesianItalianJapaneseKoreanLatvianLithuanianNorwegianPolishPortugueseRomanianRussianSerboCroatianSlovakSlovenianSpanishSwedishThaiTurkishUkrainianVietnamese Do you speak English? * Yes No Language(s) spoken other[...]","og_url":"https:\/\/www.tsubook.net\/es\/ayuda\/traduccion\/","og_site_name":"Tsubook","article_publisher":"https:\/\/www.facebook.com\/tsubook\/","article_modified_time":"2019-06-04T13:40:27+00:00","og_image":[{"width":1536,"height":1024,"url":"https:\/\/www.tsubook.net\/es\/wp-content\/uploads\/tsubook_main.png","type":"image\/png"}],"twitter_card":"summary_large_image","twitter_site":"@TsubookApp","schema":{"@context":"https:\/\/schema.org","@graph":[{"@type":"WebPage","@id":"https:\/\/www.tsubook.net\/es\/ayuda\/traduccion\/","url":"https:\/\/www.tsubook.net\/es\/ayuda\/traduccion\/","name":"Traducci\u00f3n - Tsubook","isPartOf":{"@id":"https:\/\/www.tsubook.net\/es\/#website"},"datePublished":"2019-03-06T16:28:31+00:00","dateModified":"2019-06-04T13:40:27+00:00","breadcrumb":{"@id":"https:\/\/www.tsubook.net\/es\/ayuda\/traduccion\/#breadcrumb"},"inLanguage":"es","potentialAction":[{"@type":"ReadAction","target":["https:\/\/www.tsubook.net\/es\/ayuda\/traduccion\/"]}]},{"@type":"BreadcrumbList","@id":"https:\/\/www.tsubook.net\/es\/ayuda\/traduccion\/#breadcrumb","itemListElement":[{"@type":"ListItem","position":1,"name":"Centro de ayuda","item":"https:\/\/www.tsubook.net\/es\/ayuda\/"},{"@type":"ListItem","position":2,"name":"Traducci\u00f3n"}]},{"@type":"WebSite","@id":"https:\/\/www.tsubook.net\/es\/#website","url":"https:\/\/www.tsubook.net\/es\/","name":"Tsubook","description":"La app de los meridianos para MTC, Acupuntura, Shiatsu, Tuina, Kinesiolog\u00eda, Reflexolog\u00eda, Qi Gong y m\u00e1s","potentialAction":[{"@type":"SearchAction","target":{"@type":"EntryPoint","urlTemplate":"https:\/\/www.tsubook.net\/es\/?s={search_term_string}"},"query-input":{"@type":"PropertyValueSpecification","valueRequired":true,"valueName":"search_term_string"}}],"inLanguage":"es"}]}},"jetpack_sharing_enabled":true,"jetpack_shortlink":"https:\/\/wp.me\/PaMpYR-2s","_links":{"self":[{"href":"https:\/\/www.tsubook.net\/es\/wp-json\/wp\/v2\/pages\/152","targetHints":{"allow":["GET"]}}],"collection":[{"href":"https:\/\/www.tsubook.net\/es\/wp-json\/wp\/v2\/pages"}],"about":[{"href":"https:\/\/www.tsubook.net\/es\/wp-json\/wp\/v2\/types\/page"}],"author":[{"embeddable":true,"href":"https:\/\/www.tsubook.net\/es\/wp-json\/wp\/v2\/users\/1"}],"replies":[{"embeddable":true,"href":"https:\/\/www.tsubook.net\/es\/wp-json\/wp\/v2\/comments?post=152"}],"version-history":[{"count":4,"href":"https:\/\/www.tsubook.net\/es\/wp-json\/wp\/v2\/pages\/152\/revisions"}],"predecessor-version":[{"id":230,"href":"https:\/\/www.tsubook.net\/es\/wp-json\/wp\/v2\/pages\/152\/revisions\/230"}],"up":[{"embeddable":true,"href":"https:\/\/www.tsubook.net\/es\/wp-json\/wp\/v2\/pages\/50"}],"wp:attachment":[{"href":"https:\/\/www.tsubook.net\/es\/wp-json\/wp\/v2\/media?parent=152"}],"curies":[{"name":"wp","href":"https:\/\/api.w.org\/{rel}","templated":true}]}}