{"id":162,"date":"2019-03-06T18:25:35","date_gmt":"2019-03-06T17:25:35","guid":{"rendered":"https:\/\/www.tsubook.net\/es\/?page_id=162"},"modified":"2026-04-15T21:52:12","modified_gmt":"2026-04-15T19:52:12","slug":"programa-socios","status":"publish","type":"page","link":"https:\/\/www.tsubook.net\/es\/programa-socios\/","title":{"rendered":"Programa de socios"},"content":{"rendered":"\n<div class=\"wp-block-image\" style=\"padding:20px\"><figure class=\"aligncenter\"><img decoding=\"async\" src=\"http:\/\/www.tsubook.net\/wp-content\/uploads\/photo_tsubook2_1920_1280.jpg\" alt=\"photo_tsubook2_1920_1280\" class=\"wp-image-204\" style=\"width: 100%; max-width: 600px;\"><\/figure><\/div>\n\n\n\n<p>\u00bfUsted ense\u00f1a los meridianos? Queremos que Tsubook ayude a todos los estudiantes y terapeutas, independientemente de su t\u00e9cnica (Medicina Tradicional China, Acupuntura, Shiatsu, Tuina, Kinesiolog\u00eda, Reflexolog\u00eda, Qi Gong,\u2026). En este enfoque abierto, buscamos constantemente conectarnos con escuelas y\/o maestros para colaborar. Si usted es una asociaci\u00f3n, es mejor <a data-type=\"page\" data-id=\"383\" href=\"https:\/\/www.tsubook.net\/es\/programa-de-socios-para-asociaciones\/\">leer esta p\u00e1gina<\/a>.<\/p>\n\n\n\n<p>Beneficios para usted:<\/p>\n\n\n\n<ul class=\"wp-block-list\">\n<li>1 licencia completa gratuita para usted, en tanto que la asociaci\u00f3n est\u00e9 activa <\/li>\n\n\n\n<li>10% de descuento en el contenido pagado para sus alumnos y profesores<\/li>\n\n\n\n<li>Un enlace al sitio web de su escuela (si tiene uno) en <a href=\"https:\/\/www.tsubook.net\/es\/lista-socios\/\">el directorio de escuelas<\/a> de nuestro sitio web <\/li>\n<\/ul>\n\n\n\n<p>A cambio le pedimos que:<\/p>\n\n\n\n<ul class=\"wp-block-list\">\n<li>Recomienda la aplicaci\u00f3n Tsubook a sus estudiantes<\/li>\n\n\n\n<li>Coloque un enlace al sitio web de Tsubook en su propio sitio web (si tiene uno)<\/li>\n\n\n\n<li>Denos su opini\u00f3n regularmente sobre c\u00f3mo podemos mejorar la aplicaci\u00f3n Tsubook<\/li>\n<\/ul>\n\n\n\n<p>Una vez establecida, la asociaci\u00f3n puede cancelarse mediante una simple solicitud, ya sea desde la escuela o desde Tsubook.<\/p>\n\n\n\n<p>Por favor complete el siguiente formulario para vuelverse socio o para solicitar un mes de prueba, a fin de verificar el contenido de pago antes de vuelverse socio.<\/p>\n\n\n\n<p>Si lo prefieres, puedes escribirnos directamente por correo electr\u00f3nico a: <a href=\"mailto:hola@tsubook.net\">hola@tsubook.net<\/a><\/p>\n\n\n\n<p>Importante: para beneficiarse autom\u00e1ticamente de la licencia gratuita en el marco de esta colaboraci\u00f3n, su centro educativo debe ofrecer al menos un a\u00f1o de formaci\u00f3n continua. Si este no es el caso, a\u00fan puede enviar su solicitud de asociaci\u00f3n y evaluaremos caso por caso.<\/p>\n\n\n\n<hr class=\"wp-block-separator has-css-opacity\"\/>\n\n\n\n<h1 class=\"wp-block-heading\">Solicitud de asociaci\u00f3n<\/h1>\n\n\n\n<p>Usted tiene que ser uno de los gerentes o maestros de la escuela para llenar este formulario. Ser\u00e1 el referente de Tsubook para su escuela.<\/p>\n\n\n\n<form id=\"partnership\" onsubmit=\"try { sendData(); } catch(e) {console.error(e); alert('ERROR'); } return false;\">\n<h3 style=\"padding-bottom:15px\"><u>Sobre usted<\/u><\/h3>\n<label for=\"referentFirstName\">Nombre<\/label><input name=\"referentFirstName\" type=\"text\" maxlength=\"50\" required=\"required\"><br><br>\n<label for=\"referentLastName\">Apellido<\/label><input name=\"referentLastName\" type=\"text\" maxlength=\"50\" required=\"required\"><br><br>\n<label for=\"referentEmail\">E-mail<\/label><input name=\"referentEmail\" type=\"email\" maxlength=\"50\" required=\"required\"><br><br>\n<label for=\"referentRole\">Su posici\u00f3n en la escuela<\/label><input name=\"referentRole\" type=\"text\" maxlength=\"50\" required=\"required\"><br><br>\n<h3 style=\"padding-bottom:15px\"><u>Sobre su escuela<\/u><\/h3>\n<label for=\"name\">Nombre de la escuela<\/label><input name=\"name\" type=\"text\" maxlength=\"50\" required=\"required\"><br><br>\n<label for=\"location\">Ciudad<\/label><input name=\"location\" type=\"text\" maxlength=\"50\" required=\"required\"><br><br>\n<label for=\"country\">Pa\u00eds<\/label><select name=\"country\" required=\"required\"><option value=\"AF\">Afganist\u00e1n<\/option><option value=\"AL\">Albania<\/option><option value=\"DE\">Alemania<\/option><option value=\"AD\">Andorra<\/option><option value=\"AO\">Angola<\/option><option value=\"AI\">Anguila<\/option><option value=\"AQ\">Ant\u00e1rtida<\/option><option value=\"AG\">Antigua y Barbuda<\/option><option value=\"SA\">Arabia Saud\u00ed<\/option><option value=\"DZ\">Argelia<\/option><option value=\"AR\">Argentina<\/option><option value=\"AM\">Armenia<\/option><option value=\"AW\">Aruba<\/option><option value=\"AU\">Australia<\/option><option value=\"AT\">Austria<\/option><option value=\"AZ\">Azerbaiy\u00e1n<\/option><option value=\"BS\">Bahamas<\/option><option value=\"BD\">Banglad\u00e9s<\/option><option value=\"BB\">Barbados<\/option><option value=\"BH\">Bar\u00e9in<\/option><option value=\"BE\">B\u00e9lgica<\/option><option value=\"BZ\">Belice<\/option><option value=\"BJ\">Ben\u00edn<\/option><option value=\"BM\">Bermudas<\/option><option value=\"BY\">Bielorrusia<\/option><option value=\"BO\">Bolivia<\/option><option value=\"BA\">Bosnia y Herzegovina<\/option><option value=\"BW\">Botsuana<\/option><option value=\"BR\">Brasil<\/option><option value=\"BN\">Brun\u00e9i<\/option><option value=\"BG\">Bulgaria<\/option><option value=\"BF\">Burkina Faso<\/option><option value=\"BI\">Burundi<\/option><option value=\"BT\">But\u00e1n<\/option><option value=\"CV\">Cabo Verde<\/option><option value=\"KH\">Camboya<\/option><option value=\"CM\">Camer\u00fan<\/option><option value=\"CA\">Canad\u00e1<\/option><option value=\"BQ\">Caribe neerland\u00e9s<\/option><option value=\"QA\">Catar<\/option><option value=\"TD\">Chad<\/option><option value=\"CZ\">Chequia<\/option><option value=\"CL\">Chile<\/option><option value=\"CN\">China<\/option><option value=\"CY\">Chipre<\/option><option value=\"VA\">Ciudad del Vaticano<\/option><option value=\"CO\">Colombia<\/option><option value=\"KM\">Comoras<\/option><option value=\"CG\">Congo<\/option><option value=\"KP\">Corea del Norte<\/option><option value=\"KR\">Corea del Sur<\/option><option value=\"CR\">Costa Rica<\/option><option value=\"CI\">C\u00f4te d\u2019Ivoire<\/option><option value=\"HR\">Croacia<\/option><option value=\"CU\">Cuba<\/option><option value=\"CW\">Curazao<\/option><option value=\"DK\">Dinamarca<\/option><option value=\"DM\">Dominica<\/option><option value=\"EC\">Ecuador<\/option><option value=\"EG\">Egipto<\/option><option value=\"SV\">El Salvador<\/option><option value=\"AE\">Emiratos \u00c1rabes Unidos<\/option><option value=\"ER\">Eritrea<\/option><option value=\"SK\">Eslovaquia<\/option><option value=\"SI\">Eslovenia<\/option><option value=\"ES\" selected=\"selected\">Espa\u00f1a<\/option><option value=\"US\">Estados Unidos<\/option><option value=\"EE\">Estonia<\/option><option value=\"SZ\">Esuatini<\/option><option value=\"ET\">Etiop\u00eda<\/option><option value=\"PH\">Filipinas<\/option><option value=\"FI\">Finlandia<\/option><option value=\"FJ\">Fiyi<\/option><option value=\"FR\">Francia<\/option><option value=\"GA\">Gab\u00f3n<\/option><option value=\"GM\">Gambia<\/option><option value=\"GE\">Georgia<\/option><option value=\"GH\">Ghana<\/option><option value=\"GI\">Gibraltar<\/option><option value=\"GD\">Granada<\/option><option value=\"GR\">Grecia<\/option><option value=\"GL\">Groenlandia<\/option><option value=\"GP\">Guadalupe<\/option><option value=\"GU\">Guam<\/option><option value=\"GT\">Guatemala<\/option><option value=\"GF\">Guayana Francesa<\/option><option value=\"GG\">Guernsey<\/option><option value=\"GN\">Guinea<\/option><option value=\"GQ\">Guinea Ecuatorial<\/option><option value=\"GW\">Guinea-Bis\u00e1u<\/option><option value=\"GY\">Guyana<\/option><option value=\"HT\">Hait\u00ed<\/option><option value=\"HN\">Honduras<\/option><option value=\"HU\">Hungr\u00eda<\/option><option value=\"IN\">India<\/option><option value=\"ID\">Indonesia<\/option><option value=\"IQ\">Irak<\/option><option value=\"IR\">Ir\u00e1n<\/option><option value=\"IE\">Irlanda<\/option><option value=\"BV\">Isla Bouvet<\/option><option value=\"IM\">Isla de Man<\/option><option value=\"CX\">Isla de Navidad<\/option><option value=\"NF\">Isla Norfolk<\/option><option value=\"IS\">Islandia<\/option><option value=\"AX\">Islas \u00c5land<\/option><option value=\"KY\">Islas Caim\u00e1n<\/option><option value=\"CC\">Islas Cocos<\/option><option value=\"CK\">Islas Cook<\/option><option value=\"FO\">Islas Feroe<\/option><option value=\"GS\">Islas Georgia del Sur y Sandwich del Sur<\/option><option value=\"HM\">Islas Heard y McDonald<\/option><option value=\"FK\">Islas Malvinas<\/option><option value=\"MP\">Islas Marianas del Norte<\/option><option value=\"MH\">Islas Marshall<\/option><option value=\"UM\">Islas menores alejadas de EE. UU.<\/option><option value=\"PN\">Islas Pitcairn<\/option><option value=\"SB\">Islas Salom\u00f3n<\/option><option value=\"TC\">Islas Turcas y Caicos<\/option><option value=\"VG\">Islas V\u00edrgenes Brit\u00e1nicas<\/option><option value=\"VI\">Islas V\u00edrgenes de EE. UU.<\/option><option value=\"IL\">Israel<\/option><option value=\"IT\">Italia<\/option><option value=\"JM\">Jamaica<\/option><option value=\"JP\">Jap\u00f3n<\/option><option value=\"JE\">Jersey<\/option><option value=\"JO\">Jordania<\/option><option value=\"KZ\">Kazajist\u00e1n<\/option><option value=\"KE\">Kenia<\/option><option value=\"KG\">Kirguist\u00e1n<\/option><option value=\"KI\">Kiribati<\/option><option value=\"KW\">Kuwait<\/option><option value=\"LA\">Laos<\/option><option value=\"LS\">Lesoto<\/option><option value=\"LV\">Letonia<\/option><option value=\"LB\">L\u00edbano<\/option><option value=\"LR\">Liberia<\/option><option value=\"LY\">Libia<\/option><option value=\"LI\">Liechtenstein<\/option><option value=\"LT\">Lituania<\/option><option value=\"LU\">Luxemburgo<\/option><option value=\"MK\">Macedonia del Norte<\/option><option value=\"MG\">Madagascar<\/option><option value=\"MY\">Malasia<\/option><option value=\"MW\">Malaui<\/option><option value=\"MV\">Maldivas<\/option><option value=\"ML\">Mali<\/option><option value=\"MT\">Malta<\/option><option value=\"MA\">Marruecos<\/option><option value=\"MQ\">Martinica<\/option><option value=\"MU\">Mauricio<\/option><option value=\"MR\">Mauritania<\/option><option value=\"YT\">Mayotte<\/option><option value=\"MX\">M\u00e9xico<\/option><option value=\"FM\">Micronesia<\/option><option value=\"MD\">Moldavia<\/option><option value=\"MC\">M\u00f3naco<\/option><option value=\"MN\">Mongolia<\/option><option value=\"ME\">Montenegro<\/option><option value=\"MS\">Montserrat<\/option><option value=\"MZ\">Mozambique<\/option><option value=\"MM\">Myanmar (Birmania)<\/option><option value=\"NA\">Namibia<\/option><option value=\"NR\">Nauru<\/option><option value=\"NP\">Nepal<\/option><option value=\"NI\">Nicaragua<\/option><option value=\"NE\">N\u00edger<\/option><option value=\"NG\">Nigeria<\/option><option value=\"NU\">Niue<\/option><option value=\"NO\">Noruega<\/option><option value=\"NC\">Nueva Caledonia<\/option><option value=\"NZ\">Nueva Zelanda<\/option><option value=\"OM\">Om\u00e1n<\/option><option value=\"NL\">Pa\u00edses Bajos<\/option><option value=\"PK\">Pakist\u00e1n<\/option><option value=\"PW\">Palaos<\/option><option value=\"PA\">Panam\u00e1<\/option><option value=\"PG\">Pap\u00faa Nueva Guinea<\/option><option value=\"PY\">Paraguay<\/option><option value=\"PE\">Per\u00fa<\/option><option value=\"PF\">Polinesia Francesa<\/option><option value=\"PL\">Polonia<\/option><option value=\"PT\">Portugal<\/option><option value=\"PR\">Puerto Rico<\/option><option value=\"HK\">RAE de Hong Kong (China)<\/option><option value=\"MO\">RAE de Macao (China)<\/option><option value=\"GB\">Reino Unido<\/option><option value=\"CF\">Rep\u00fablica Centroafricana<\/option><option value=\"CD\">Rep\u00fablica Democr\u00e1tica del Congo<\/option><option value=\"DO\">Rep\u00fablica Dominicana<\/option><option value=\"RE\">Reuni\u00f3n<\/option><option value=\"RW\">Ruanda<\/option><option value=\"RO\">Ruman\u00eda<\/option><option value=\"RU\">Rusia<\/option><option value=\"EH\">S\u00e1hara Occidental<\/option><option value=\"WS\">Samoa<\/option><option value=\"AS\">Samoa Americana<\/option><option value=\"BL\">San Bartolom\u00e9<\/option><option value=\"KN\">San Crist\u00f3bal y Nieves<\/option><option value=\"SM\">San Marino<\/option><option value=\"MF\">San Mart\u00edn<\/option><option value=\"PM\">San Pedro y Miquel\u00f3n<\/option><option value=\"VC\">San Vicente y las Granadinas<\/option><option value=\"SH\">Santa Elena<\/option><option value=\"LC\">Santa Luc\u00eda<\/option><option value=\"ST\">Santo Tom\u00e9 y Pr\u00edncipe<\/option><option value=\"SN\">Senegal<\/option><option value=\"RS\">Serbia<\/option><option value=\"SC\">Seychelles<\/option><option value=\"SL\">Sierra Leona<\/option><option value=\"SG\">Singapur<\/option><option value=\"SX\">Sint Maarten<\/option><option value=\"SY\">Siria<\/option><option value=\"SO\">Somalia<\/option><option value=\"LK\">Sri Lanka<\/option><option value=\"ZA\">Sud\u00e1frica<\/option><option value=\"SD\">Sud\u00e1n<\/option><option value=\"SS\">Sud\u00e1n del Sur<\/option><option value=\"SE\">Suecia<\/option><option value=\"CH\">Suiza<\/option><option value=\"SR\">Surinam<\/option><option value=\"SJ\">Svalbard y Jan Mayen<\/option><option value=\"TH\">Tailandia<\/option><option value=\"TW\">Taiw\u00e1n<\/option><option value=\"TZ\">Tanzania<\/option><option value=\"TJ\">Tayikist\u00e1n<\/option><option value=\"IO\">Territorio Brit\u00e1nico del Oc\u00e9ano \u00cdndico<\/option><option value=\"TF\">Territorios Australes Franceses<\/option><option value=\"PS\">Territorios Palestinos<\/option><option value=\"TL\">Timor-Leste<\/option><option value=\"TG\">Togo<\/option><option value=\"TK\">Tokelau<\/option><option value=\"TO\">Tonga<\/option><option value=\"TT\">Trinidad y Tobago<\/option><option value=\"TN\">T\u00fanez<\/option><option value=\"TM\">Turkmenist\u00e1n<\/option><option value=\"TR\">Turqu\u00eda<\/option><option value=\"TV\">Tuvalu<\/option><option value=\"UA\">Ucrania<\/option><option value=\"UG\">Uganda<\/option><option value=\"UY\">Uruguay<\/option><option value=\"UZ\">Uzbekist\u00e1n<\/option><option value=\"VU\">Vanuatu<\/option><option value=\"VE\">Venezuela<\/option><option value=\"VN\">Vietnam<\/option><option value=\"WF\">Wallis y Futuna<\/option><option value=\"YE\">Yemen<\/option><option value=\"DJ\">Yibuti<\/option><option value=\"ZM\">Zambia<\/option><option value=\"ZW\">Zimbabue<\/option><\/select><br><br>\n<label for=\"website\">Sitio web<\/label><input name=\"website\" type=\"url\" maxlength=\"100\" required=\"required\"><br><br>\n<label for=\"email\">E-mail (opcional)<\/label><input name=\"email\" maxlength=\"50\" type=\"email\"><br><br>\n<label for=\"phone\">Tel\u00e9fono (opcional)<\/label><input name=\"phone\" maxlength=\"20\" type=\"text\"><br><br>\n<label for=\"people\">Nombres de l@s profesores<\/label><input name=\"people\" type=\"text\" maxlength=\"100\" required=\"required\"><br><br>\n<label for=\"message\">Si lo desea, agregue un mensaje a su solicitud:<\/label><textarea name=\"message\" maxlength=\"1000\"><\/textarea><br><br>\n<button id=\"submitButton\" type=\"submit\" class=\"pushbutton-wide\">Enviar<\/button>\n<\/form>\n\n\n\n<p><em>Responderemos a su solicitud en los pr\u00f3ximos 7 d\u00edas.<\/em><\/p>\n","protected":false},"excerpt":{"rendered":"<p>\u00bfUsted ense\u00f1a los meridianos? Queremos que Tsubook ayude a todos los estudiantes y terapeutas, independientemente de su t\u00e9cnica (Medicina Tradicional China, Acupuntura, Shiatsu, Tuina, Kinesiolog\u00eda, Reflexolog\u00eda, Qi Gong,\u2026). En este enfoque abierto, buscamos constantemente conectarnos con escuelas y\/o maestros para colaborar. Si usted es una asociaci\u00f3n, es mejor leer esta p\u00e1gina. Beneficios para usted: A<a href=\"https:\/\/www.tsubook.net\/es\/programa-socios\/\">[&#8230;]<\/a><\/p>\n","protected":false},"author":1,"featured_media":0,"parent":0,"menu_order":0,"comment_status":"closed","ping_status":"closed","template":"template-fullwidth.php","meta":{"jetpack_post_was_ever_published":false,"footnotes":""},"class_list":["post-162","page","type-page","status-publish","hentry","wpautop"],"yoast_head":"<!-- This site is optimized with the Yoast SEO plugin v27.1.1 - https:\/\/yoast.com\/product\/yoast-seo-wordpress\/ -->\n<title>Programa de socios - Tsubook<\/title>\n<meta name=\"robots\" content=\"index, follow, max-snippet:-1, max-image-preview:large, max-video-preview:-1\" \/>\n<link rel=\"canonical\" href=\"https:\/\/www.tsubook.net\/es\/programa-socios\/\" \/>\n<meta property=\"og:locale\" content=\"es_ES\" \/>\n<meta property=\"og:type\" content=\"article\" \/>\n<meta property=\"og:title\" content=\"Programa de socios - Tsubook\" \/>\n<meta property=\"og:description\" content=\"\u00bfUsted ense\u00f1a los meridianos? Queremos que Tsubook ayude a todos los estudiantes y terapeutas, independientemente de su t\u00e9cnica (Medicina Tradicional China, Acupuntura, Shiatsu, Tuina, Kinesiolog\u00eda, Reflexolog\u00eda, Qi Gong,\u2026). En este enfoque abierto, buscamos constantemente conectarnos con escuelas y\/o maestros para colaborar. Si usted es una asociaci\u00f3n, es mejor leer esta p\u00e1gina. Beneficios para usted: A[...]\" \/>\n<meta property=\"og:url\" content=\"https:\/\/www.tsubook.net\/es\/programa-socios\/\" \/>\n<meta property=\"og:site_name\" content=\"Tsubook\" \/>\n<meta property=\"article:publisher\" content=\"https:\/\/www.facebook.com\/tsubook\/\" \/>\n<meta property=\"article:modified_time\" content=\"2026-04-15T19:52:12+00:00\" \/>\n<meta property=\"og:image\" content=\"https:\/\/www.tsubook.net\/es\/wp-content\/uploads\/tsubook_main.png\" \/>\n\t<meta property=\"og:image:width\" content=\"1536\" \/>\n\t<meta property=\"og:image:height\" content=\"1024\" \/>\n\t<meta property=\"og:image:type\" content=\"image\/png\" \/>\n<meta name=\"twitter:card\" content=\"summary_large_image\" \/>\n<meta name=\"twitter:site\" content=\"@TsubookApp\" \/>\n<meta name=\"twitter:label1\" content=\"Tiempo de lectura\" \/>\n\t<meta name=\"twitter:data1\" content=\"4 minutos\" \/>\n<script type=\"application\/ld+json\" class=\"yoast-schema-graph\">{\"@context\":\"https:\/\/schema.org\",\"@graph\":[{\"@type\":\"WebPage\",\"@id\":\"https:\/\/www.tsubook.net\/es\/programa-socios\/\",\"url\":\"https:\/\/www.tsubook.net\/es\/programa-socios\/\",\"name\":\"Programa de socios - Tsubook\",\"isPartOf\":{\"@id\":\"https:\/\/www.tsubook.net\/es\/#website\"},\"primaryImageOfPage\":{\"@id\":\"https:\/\/www.tsubook.net\/es\/programa-socios\/#primaryimage\"},\"image\":{\"@id\":\"https:\/\/www.tsubook.net\/es\/programa-socios\/#primaryimage\"},\"thumbnailUrl\":\"http:\/\/www.tsubook.net\/wp-content\/uploads\/photo_tsubook2_1920_1280.jpg\",\"datePublished\":\"2019-03-06T17:25:35+00:00\",\"dateModified\":\"2026-04-15T19:52:12+00:00\",\"inLanguage\":\"es\",\"potentialAction\":[{\"@type\":\"ReadAction\",\"target\":[\"https:\/\/www.tsubook.net\/es\/programa-socios\/\"]}]},{\"@type\":\"ImageObject\",\"inLanguage\":\"es\",\"@id\":\"https:\/\/www.tsubook.net\/es\/programa-socios\/#primaryimage\",\"url\":\"http:\/\/www.tsubook.net\/wp-content\/uploads\/photo_tsubook2_1920_1280.jpg\",\"contentUrl\":\"http:\/\/www.tsubook.net\/wp-content\/uploads\/photo_tsubook2_1920_1280.jpg\"},{\"@type\":\"WebSite\",\"@id\":\"https:\/\/www.tsubook.net\/es\/#website\",\"url\":\"https:\/\/www.tsubook.net\/es\/\",\"name\":\"Tsubook\",\"description\":\"La app de los meridianos para MTC, Acupuntura, Shiatsu, Tuina, Kinesiolog\u00eda, Reflexolog\u00eda, Qi Gong y m\u00e1s\",\"potentialAction\":[{\"@type\":\"SearchAction\",\"target\":{\"@type\":\"EntryPoint\",\"urlTemplate\":\"https:\/\/www.tsubook.net\/es\/?s={search_term_string}\"},\"query-input\":{\"@type\":\"PropertyValueSpecification\",\"valueRequired\":true,\"valueName\":\"search_term_string\"}}],\"inLanguage\":\"es\"}]}<\/script>\n<!-- \/ Yoast SEO plugin. -->","yoast_head_json":{"title":"Programa de socios - Tsubook","robots":{"index":"index","follow":"follow","max-snippet":"max-snippet:-1","max-image-preview":"max-image-preview:large","max-video-preview":"max-video-preview:-1"},"canonical":"https:\/\/www.tsubook.net\/es\/programa-socios\/","og_locale":"es_ES","og_type":"article","og_title":"Programa de socios - Tsubook","og_description":"\u00bfUsted ense\u00f1a los meridianos? Queremos que Tsubook ayude a todos los estudiantes y terapeutas, independientemente de su t\u00e9cnica (Medicina Tradicional China, Acupuntura, Shiatsu, Tuina, Kinesiolog\u00eda, Reflexolog\u00eda, Qi Gong,\u2026). En este enfoque abierto, buscamos constantemente conectarnos con escuelas y\/o maestros para colaborar. Si usted es una asociaci\u00f3n, es mejor leer esta p\u00e1gina. Beneficios para usted: A[...]","og_url":"https:\/\/www.tsubook.net\/es\/programa-socios\/","og_site_name":"Tsubook","article_publisher":"https:\/\/www.facebook.com\/tsubook\/","article_modified_time":"2026-04-15T19:52:12+00:00","og_image":[{"width":1536,"height":1024,"url":"https:\/\/www.tsubook.net\/es\/wp-content\/uploads\/tsubook_main.png","type":"image\/png"}],"twitter_card":"summary_large_image","twitter_site":"@TsubookApp","twitter_misc":{"Tiempo de lectura":"4 minutos"},"schema":{"@context":"https:\/\/schema.org","@graph":[{"@type":"WebPage","@id":"https:\/\/www.tsubook.net\/es\/programa-socios\/","url":"https:\/\/www.tsubook.net\/es\/programa-socios\/","name":"Programa de socios - Tsubook","isPartOf":{"@id":"https:\/\/www.tsubook.net\/es\/#website"},"primaryImageOfPage":{"@id":"https:\/\/www.tsubook.net\/es\/programa-socios\/#primaryimage"},"image":{"@id":"https:\/\/www.tsubook.net\/es\/programa-socios\/#primaryimage"},"thumbnailUrl":"http:\/\/www.tsubook.net\/wp-content\/uploads\/photo_tsubook2_1920_1280.jpg","datePublished":"2019-03-06T17:25:35+00:00","dateModified":"2026-04-15T19:52:12+00:00","inLanguage":"es","potentialAction":[{"@type":"ReadAction","target":["https:\/\/www.tsubook.net\/es\/programa-socios\/"]}]},{"@type":"ImageObject","inLanguage":"es","@id":"https:\/\/www.tsubook.net\/es\/programa-socios\/#primaryimage","url":"http:\/\/www.tsubook.net\/wp-content\/uploads\/photo_tsubook2_1920_1280.jpg","contentUrl":"http:\/\/www.tsubook.net\/wp-content\/uploads\/photo_tsubook2_1920_1280.jpg"},{"@type":"WebSite","@id":"https:\/\/www.tsubook.net\/es\/#website","url":"https:\/\/www.tsubook.net\/es\/","name":"Tsubook","description":"La app de los meridianos para MTC, Acupuntura, Shiatsu, Tuina, Kinesiolog\u00eda, Reflexolog\u00eda, Qi Gong y m\u00e1s","potentialAction":[{"@type":"SearchAction","target":{"@type":"EntryPoint","urlTemplate":"https:\/\/www.tsubook.net\/es\/?s={search_term_string}"},"query-input":{"@type":"PropertyValueSpecification","valueRequired":true,"valueName":"search_term_string"}}],"inLanguage":"es"}]}},"jetpack_sharing_enabled":true,"jetpack_shortlink":"https:\/\/wp.me\/PaMpYR-2C","_links":{"self":[{"href":"https:\/\/www.tsubook.net\/es\/wp-json\/wp\/v2\/pages\/162","targetHints":{"allow":["GET"]}}],"collection":[{"href":"https:\/\/www.tsubook.net\/es\/wp-json\/wp\/v2\/pages"}],"about":[{"href":"https:\/\/www.tsubook.net\/es\/wp-json\/wp\/v2\/types\/page"}],"author":[{"embeddable":true,"href":"https:\/\/www.tsubook.net\/es\/wp-json\/wp\/v2\/users\/1"}],"replies":[{"embeddable":true,"href":"https:\/\/www.tsubook.net\/es\/wp-json\/wp\/v2\/comments?post=162"}],"version-history":[{"count":16,"href":"https:\/\/www.tsubook.net\/es\/wp-json\/wp\/v2\/pages\/162\/revisions"}],"predecessor-version":[{"id":768,"href":"https:\/\/www.tsubook.net\/es\/wp-json\/wp\/v2\/pages\/162\/revisions\/768"}],"wp:attachment":[{"href":"https:\/\/www.tsubook.net\/es\/wp-json\/wp\/v2\/media?parent=162"}],"curies":[{"name":"wp","href":"https:\/\/api.w.org\/{rel}","templated":true}]}}