{"id":165,"date":"2019-03-06T19:20:37","date_gmt":"2019-03-06T18:20:37","guid":{"rendered":"https:\/\/www.tsubook.net\/es\/?page_id=165"},"modified":"2024-09-03T12:14:53","modified_gmt":"2024-09-03T10:14:53","slug":"version-completa","status":"publish","type":"page","link":"https:\/\/www.tsubook.net\/es\/version-completa\/","title":{"rendered":"Contenido a pago de Tsubook"},"content":{"rendered":"\n<style>\nli {\n   margin: 10px 0px;\n}\n<\/style>\n<p><video class=\"aligncenter\" style=\"border: solid gray 1px;\" controls=\"controls\" width=\"222\" height=\"392\"><source src=\"https:\/\/www.tsubook.net\/videos\/full_version_es_2.mp4\" type=\"video\/mp4\"><\/video><\/p>\n\n\n\n<p>Tsubook est\u00e1 disponible para descargar de forma gratuita. Una parte de la aplicaci\u00f3n es gratuita, pero la otra debe pagarse (el \u00abcontenido de pago\u00bb).<\/p>\n\n\n\n<h3 class=\"wp-block-heading\">CONTENIDO GRATIS<\/h3>\n\n\n\n<ul class=\"wp-block-list\">\n<li><strong>Cuerpo humano 3D<\/strong><\/li>\n\n\n\n<li><strong>14 meridianos de la MCT:<\/strong> Pulm\u00f3n, Intestino Grueso, Est\u00f3mago, Bazo, Coraz\u00f3n, Intestino Delgado, Vejiga, Ri\u00f1\u00f3n, Pericardio, Triple Calentador, Ves\u00edcula biliar, H\u00edgado, Vaso Gobernador (Du Mai), Vaso de la concepci\u00f3n (Ren Mai)<\/li>\n\n\n\n<li><strong>6 meridianos de Masunaga:<\/strong> Pulm\u00f3n, Intestino Grueso, Est\u00f3mago, Bazo, Coraz\u00f3n, Intestino Delgado<\/li>\n\n\n\n<li><strong>6 \u00e1reas de diagn\u00f3stico (Hara y espalda):<\/strong> Pulm\u00f3n, Intestino Grueso, Est\u00f3mago, Bazo, Coraz\u00f3n, Intestino Delgado<\/li>\n\n\n\n<li><strong>Los 361 puntos principales:<\/strong> Meridiano y lugar (ej: E6, IG12, \u2026) + vista 3D y texto para una ubicaci\u00f3n f\u00e1cil<\/li>\n<\/ul>\n\n\n\n<p><center><a class=\"btn red-btn\" style=\"font-size: 1.2em; padding: 10px 18px;\" href=\"https:\/\/www.tsubook.net\/download\/\">Descarga gratis<\/a><\/center><\/p>\n\n\n\n<h3 class=\"wp-block-heading\">CONTENIDO DE PAGO<\/h3>\n\n\n\n<ul class=\"wp-block-list\">\n<li><strong>Huesos, m\u00fasculos y \u00f3rganos<\/strong><\/li>\n\n\n\n<li><strong>+6 vasos extraordinarios:<\/strong> Chong Mai, Dai Mai, Yang Qiao Mai, Yin Qiao Mai, Yang Wei Mai, Yin Wei Mai<\/li>\n\n\n\n<li><strong>Todos los meridianos de Masunaga<\/strong><\/li>\n\n\n\n<li><strong>Todas las \u00e1reas de diagn\u00f3stico (Hara y espalda)<\/strong><\/li>\n\n\n\n<li><strong>M\u00e1s de 600 patolog\u00edas (por ejemplo, dolor de cabeza, dolor de espalda,\u2026):<\/strong> barra de b\u00fasqueda para encontrar patolog\u00edas f\u00e1cilmente + para cada patolog\u00eda: vista 3D global y lista de los puntos m\u00e1s comunes<\/li>\n\n\n\n<li><strong>11 categor\u00edas de puntos:<\/strong> Puntos Mu (Bo, Colectores), 5 puntos Shu (Elementales), Puntos Xi (Hendidura), Puntos Luo, Puntos de Union de los 8 Vasos Extraordinarios (Ba Mai Jiao Hui), Puntos Yuan, Puntos Ba Hui (Reuni\u00f3n), Puntos de los 4 Mares, Puntos He Inferiores, Puntos Shu posteriores (Yu, Transportadores), Puntos Ventana del cielo<\/li>\n\n\n\n<li><strong>Detalles de puntos avanzados:<\/strong> propiedades de la medicina tradicional china (por ejemplo, elimina el calor, regula la sangre,\u2026), nombres japoneses, chinos e ingleses, ideogramas japoneses y chinos, categor\u00edas del punto y las patolog\u00edas m\u00e1s comunes asociadas con este punto<\/li>\n<\/ul>\n\n\n\n<p>Hay dos tipos de licencia para Tsubook. Con una licencia \u00abSUSCRIPCI\u00d3N\u00bb, se le factura todos los meses (3,99 \u20ac) y puedes acceder a todas las funciones en todos sus dispositivos. Con una licencia \u00abPOR VIDA\u00bb, se le factura solo una vez (a partir de 44,99 \u20ac) y puede acceder a funciones espec\u00edficas en un solo dispositivo (pero es posible <a href=\"https:\/\/www.tsubook.net\/es\/ayuda\/licencias\/transferir\/\">transferir la licencia<\/a> si reemplaza o pierde su dispositivo). Por favor, ten en cuenta que la moneda y el precio pueden variar seg\u00fan su pa\u00eds.<\/p>\n\n\n\n<p>La equidad y la transparencia son importantes para nosotros, tambi\u00e9n con respecto al precio. Lea aqu\u00ed <a href=\"https:\/\/www.tsubook.net\/es\/ayuda\/precios\/politica-de-precios\/\">lo que determina el precio de Tsubook<\/a>.<\/p>\n\n\n\n<p><center><a class=\"btn red-btn\" style=\"font-size: 1.2em; padding: 10px 18px;\" href=\"https:\/\/www.tsubook.net\/app\/?lang=es#license\">Comprar une licencia<\/a><\/center><\/p>\n","protected":false},"excerpt":{"rendered":"<p>Tsubook est\u00e1 disponible para descargar de forma gratuita. Una parte de la aplicaci\u00f3n es gratuita, pero la otra debe pagarse (el \u00abcontenido de pago\u00bb). CONTENIDO GRATIS Descarga gratis CONTENIDO DE PAGO Hay dos tipos de licencia para Tsubook. Con una licencia \u00abSUSCRIPCI\u00d3N\u00bb, se le factura todos los meses (3,99 \u20ac) y puedes acceder a todas<a href=\"https:\/\/www.tsubook.net\/es\/version-completa\/\">[&#8230;]<\/a><\/p>\n","protected":false},"author":1,"featured_media":0,"parent":0,"menu_order":0,"comment_status":"closed","ping_status":"closed","template":"","meta":{"jetpack_post_was_ever_published":false,"footnotes":""},"class_list":["post-165","page","type-page","status-publish","hentry","wpautop"],"yoast_head":"<!-- This site is optimized with the Yoast SEO plugin v27.1.1 - https:\/\/yoast.com\/product\/yoast-seo-wordpress\/ -->\n<title>Contenido a pago de Tsubook - Tsubook<\/title>\n<meta name=\"robots\" content=\"index, follow, max-snippet:-1, max-image-preview:large, max-video-preview:-1\" \/>\n<link rel=\"canonical\" href=\"https:\/\/www.tsubook.net\/es\/version-completa\/\" \/>\n<meta property=\"og:locale\" content=\"es_ES\" \/>\n<meta property=\"og:type\" content=\"article\" \/>\n<meta property=\"og:title\" content=\"Contenido a pago de Tsubook - Tsubook\" \/>\n<meta property=\"og:description\" content=\"Tsubook est\u00e1 disponible para descargar de forma gratuita. Una parte de la aplicaci\u00f3n es gratuita, pero la otra debe pagarse (el \u00abcontenido de pago\u00bb). CONTENIDO GRATIS Descarga gratis CONTENIDO DE PAGO Hay dos tipos de licencia para Tsubook. Con una licencia \u00abSUSCRIPCI\u00d3N\u00bb, se le factura todos los meses (3,99 \u20ac) y puedes acceder a todas[...]\" \/>\n<meta property=\"og:url\" content=\"https:\/\/www.tsubook.net\/es\/version-completa\/\" \/>\n<meta property=\"og:site_name\" content=\"Tsubook\" \/>\n<meta property=\"article:publisher\" content=\"https:\/\/www.facebook.com\/tsubook\/\" \/>\n<meta property=\"article:modified_time\" content=\"2024-09-03T10:14:53+00:00\" \/>\n<meta property=\"og:image\" content=\"https:\/\/www.tsubook.net\/es\/wp-content\/uploads\/tsubook_main.png\" \/>\n\t<meta property=\"og:image:width\" content=\"1536\" \/>\n\t<meta property=\"og:image:height\" content=\"1024\" \/>\n\t<meta property=\"og:image:type\" content=\"image\/png\" \/>\n<meta name=\"twitter:card\" content=\"summary_large_image\" \/>\n<meta name=\"twitter:site\" content=\"@TsubookApp\" \/>\n<meta name=\"twitter:label1\" content=\"Tiempo de lectura\" \/>\n\t<meta name=\"twitter:data1\" content=\"2 minutos\" \/>\n<script type=\"application\/ld+json\" class=\"yoast-schema-graph\">{\"@context\":\"https:\/\/schema.org\",\"@graph\":[{\"@type\":\"WebPage\",\"@id\":\"https:\/\/www.tsubook.net\/es\/version-completa\/\",\"url\":\"https:\/\/www.tsubook.net\/es\/version-completa\/\",\"name\":\"Contenido a pago de Tsubook - Tsubook\",\"isPartOf\":{\"@id\":\"https:\/\/www.tsubook.net\/es\/#website\"},\"datePublished\":\"2019-03-06T18:20:37+00:00\",\"dateModified\":\"2024-09-03T10:14:53+00:00\",\"inLanguage\":\"es\",\"potentialAction\":[{\"@type\":\"ReadAction\",\"target\":[\"https:\/\/www.tsubook.net\/es\/version-completa\/\"]}]},{\"@type\":\"WebSite\",\"@id\":\"https:\/\/www.tsubook.net\/es\/#website\",\"url\":\"https:\/\/www.tsubook.net\/es\/\",\"name\":\"Tsubook\",\"description\":\"La app de los meridianos para MTC, Acupuntura, Shiatsu, Tuina, Kinesiolog\u00eda, Reflexolog\u00eda, Qi Gong y m\u00e1s\",\"potentialAction\":[{\"@type\":\"SearchAction\",\"target\":{\"@type\":\"EntryPoint\",\"urlTemplate\":\"https:\/\/www.tsubook.net\/es\/?s={search_term_string}\"},\"query-input\":{\"@type\":\"PropertyValueSpecification\",\"valueRequired\":true,\"valueName\":\"search_term_string\"}}],\"inLanguage\":\"es\"}]}<\/script>\n<!-- \/ Yoast SEO plugin. -->","yoast_head_json":{"title":"Contenido a pago de Tsubook - Tsubook","robots":{"index":"index","follow":"follow","max-snippet":"max-snippet:-1","max-image-preview":"max-image-preview:large","max-video-preview":"max-video-preview:-1"},"canonical":"https:\/\/www.tsubook.net\/es\/version-completa\/","og_locale":"es_ES","og_type":"article","og_title":"Contenido a pago de Tsubook - Tsubook","og_description":"Tsubook est\u00e1 disponible para descargar de forma gratuita. Una parte de la aplicaci\u00f3n es gratuita, pero la otra debe pagarse (el \u00abcontenido de pago\u00bb). CONTENIDO GRATIS Descarga gratis CONTENIDO DE PAGO Hay dos tipos de licencia para Tsubook. Con una licencia \u00abSUSCRIPCI\u00d3N\u00bb, se le factura todos los meses (3,99 \u20ac) y puedes acceder a todas[...]","og_url":"https:\/\/www.tsubook.net\/es\/version-completa\/","og_site_name":"Tsubook","article_publisher":"https:\/\/www.facebook.com\/tsubook\/","article_modified_time":"2024-09-03T10:14:53+00:00","og_image":[{"width":1536,"height":1024,"url":"https:\/\/www.tsubook.net\/es\/wp-content\/uploads\/tsubook_main.png","type":"image\/png"}],"twitter_card":"summary_large_image","twitter_site":"@TsubookApp","twitter_misc":{"Tiempo de lectura":"2 minutos"},"schema":{"@context":"https:\/\/schema.org","@graph":[{"@type":"WebPage","@id":"https:\/\/www.tsubook.net\/es\/version-completa\/","url":"https:\/\/www.tsubook.net\/es\/version-completa\/","name":"Contenido a pago de Tsubook - Tsubook","isPartOf":{"@id":"https:\/\/www.tsubook.net\/es\/#website"},"datePublished":"2019-03-06T18:20:37+00:00","dateModified":"2024-09-03T10:14:53+00:00","inLanguage":"es","potentialAction":[{"@type":"ReadAction","target":["https:\/\/www.tsubook.net\/es\/version-completa\/"]}]},{"@type":"WebSite","@id":"https:\/\/www.tsubook.net\/es\/#website","url":"https:\/\/www.tsubook.net\/es\/","name":"Tsubook","description":"La app de los meridianos para MTC, Acupuntura, Shiatsu, Tuina, Kinesiolog\u00eda, Reflexolog\u00eda, Qi Gong y m\u00e1s","potentialAction":[{"@type":"SearchAction","target":{"@type":"EntryPoint","urlTemplate":"https:\/\/www.tsubook.net\/es\/?s={search_term_string}"},"query-input":{"@type":"PropertyValueSpecification","valueRequired":true,"valueName":"search_term_string"}}],"inLanguage":"es"}]}},"jetpack_sharing_enabled":true,"jetpack_shortlink":"https:\/\/wp.me\/PaMpYR-2F","_links":{"self":[{"href":"https:\/\/www.tsubook.net\/es\/wp-json\/wp\/v2\/pages\/165","targetHints":{"allow":["GET"]}}],"collection":[{"href":"https:\/\/www.tsubook.net\/es\/wp-json\/wp\/v2\/pages"}],"about":[{"href":"https:\/\/www.tsubook.net\/es\/wp-json\/wp\/v2\/types\/page"}],"author":[{"embeddable":true,"href":"https:\/\/www.tsubook.net\/es\/wp-json\/wp\/v2\/users\/1"}],"replies":[{"embeddable":true,"href":"https:\/\/www.tsubook.net\/es\/wp-json\/wp\/v2\/comments?post=165"}],"version-history":[{"count":18,"href":"https:\/\/www.tsubook.net\/es\/wp-json\/wp\/v2\/pages\/165\/revisions"}],"predecessor-version":[{"id":628,"href":"https:\/\/www.tsubook.net\/es\/wp-json\/wp\/v2\/pages\/165\/revisions\/628"}],"wp:attachment":[{"href":"https:\/\/www.tsubook.net\/es\/wp-json\/wp\/v2\/media?parent=165"}],"curies":[{"name":"wp","href":"https:\/\/api.w.org\/{rel}","templated":true}]}}