{"id":174,"date":"2019-03-06T19:47:48","date_gmt":"2019-03-06T18:47:48","guid":{"rendered":"https:\/\/www.tsubook.net\/es\/?page_id=174"},"modified":"2019-03-06T19:47:50","modified_gmt":"2019-03-06T18:47:50","slug":"nuestro-equipo","status":"publish","type":"page","link":"https:\/\/www.tsubook.net\/es\/nuestro-equipo\/","title":{"rendered":"Nuestro equipo"},"content":{"rendered":"\n<p>\u00a1Hemos creado Studio Levart en 2016 y Tsubook ha sido nuestra primera aplicaci\u00f3n!<\/p>\n\n\n\n<div class=\"row\" data-scrollreveal=\"enter left after 0s over 0.1s\" data-sr-init=\"true\" data-sr-complete=\"true\" style=\"text-align: center;\">\n   <div class=\"col-lg-3 col-sm-3 team-box\">\n      <div class=\"team-member\">\n         <figure class=\"profile-pic\">\n            <img decoding=\"async\" src=\"https:\/\/www.tsubook.net\/wp-content\/uploads\/photo_carla_sofia_col-1.jpg\" scale=\"0\">\n         <\/figure>\n         <div class=\"member-details\">\n            <h3 class=\"dark-text red-border-bottom\">Carla Sofia<\/h3>\n            <div class=\"position\">CEO<\/div>\n         <\/div>\n         <div class=\"social-icons\">\n            <ul>\n               <li><a href=\"https:\/\/www.facebook.com\/carla.sofiatsubook.7\" target=\"_blank\" rel=\"noopener noreferrer\"><i class=\"fa fa-facebook\"><\/i><\/a><\/li>\n               <li><a href=\"https:\/\/twitter.com\/TsubookApp\" target=\"_blank\" rel=\"noopener noreferrer\"><i class=\"fa fa-twitter\"><\/i><\/a><\/li>\n               <li><a href=\"https:\/\/www.linkedin.com\/in\/carla-sofia-220a5575\" target=\"_blank\" rel=\"noopener noreferrer\"><i class=\"fa fa-linkedin\"><\/i><\/a><\/li>\n            <\/ul>\n         <\/div>\n         <div class=\"details\">\n            Carla es italiana, dise\u00f1adora, practicante de Shiatsu y una viajera mundial inquisitiva. Ella est\u00e1 a cargo de los gr\u00e1ficos, dise\u00f1o UX y asociaciones con escuelas.\n         <\/div>\n      <\/div>\n   <\/div>\n   <div class=\"col-lg-3 col-sm-3 team-box\">\n      <div class=\"team-member\">\n         <figure class=\"profile-pic\">\n            <img decoding=\"async\" src=\"https:\/\/www.tsubook.net\/wp-content\/uploads\/1601519_10152882327143745_5516735468301931604_n-e1456270717182.jpg\" scale=\"0\">\n         <\/figure>\n         <div class=\"member-details\">\n            <h3 class=\"dark-text red-border-bottom\">Nicolas Form<\/h3>\n            <div class=\"position\">CTO<\/div>\n         <\/div>\n         <div class=\"social-icons\">\n            <ul>\n               <li><a href=\"https:\/\/www.facebook.com\/nicolas.form.pro\" target=\"_blank\" rel=\"noopener noreferrer\"><i class=\"fa fa-facebook\"><\/i><\/a><\/li>\n               <li><a href=\"https:\/\/twitter.com\/NicolasForm\" target=\"_blank\" rel=\"noopener noreferrer\"><i class=\"fa fa-twitter\"><\/i><\/a><\/li>\n               <li><a href=\"https:\/\/www.linkedin.com\/in\/nicolasform\" target=\"_blank\" rel=\"noopener noreferrer\"><i class=\"fa fa-linkedin\"><\/i><\/a><\/li>\n            <\/ul>\n         <\/div>\n         <div class=\"details\">\n            Nicolas es un desarrollador franc\u00e9s de aplicaciones m\u00f3viles y tambi\u00e9n disfruta de los viajes globales. Est\u00e1 a cargo de todos los aspectos t\u00e9cnicos, administrativos y financieros.\n         <\/div>\n      <\/div>\n   <\/div>\n<\/div>\n","protected":false},"excerpt":{"rendered":"<p>\u00a1Hemos creado Studio Levart en 2016 y Tsubook ha sido nuestra primera aplicaci\u00f3n! Carla Sofia CEO Carla es italiana, dise\u00f1adora, practicante de Shiatsu y una viajera mundial inquisitiva. Ella est\u00e1 a cargo de los gr\u00e1ficos, dise\u00f1o UX y asociaciones con escuelas. Nicolas Form CTO Nicolas es un desarrollador franc\u00e9s de aplicaciones m\u00f3viles y tambi\u00e9n disfruta<a href=\"https:\/\/www.tsubook.net\/es\/nuestro-equipo\/\">[&#8230;]<\/a><\/p>\n","protected":false},"author":1,"featured_media":0,"parent":0,"menu_order":0,"comment_status":"closed","ping_status":"closed","template":"","meta":{"jetpack_post_was_ever_published":false,"footnotes":""},"class_list":["post-174","page","type-page","status-publish","hentry","wpautop"],"yoast_head":"<!-- This site is optimized with the Yoast SEO plugin v27.1.1 - https:\/\/yoast.com\/product\/yoast-seo-wordpress\/ -->\n<title>Nuestro equipo - Tsubook<\/title>\n<meta name=\"robots\" content=\"index, follow, max-snippet:-1, max-image-preview:large, max-video-preview:-1\" \/>\n<link rel=\"canonical\" href=\"https:\/\/www.tsubook.net\/es\/nuestro-equipo\/\" \/>\n<meta property=\"og:locale\" content=\"es_ES\" \/>\n<meta property=\"og:type\" content=\"article\" \/>\n<meta property=\"og:title\" content=\"Nuestro equipo - Tsubook\" \/>\n<meta property=\"og:description\" content=\"\u00a1Hemos creado Studio Levart en 2016 y Tsubook ha sido nuestra primera aplicaci\u00f3n! Carla Sofia CEO Carla es italiana, dise\u00f1adora, practicante de Shiatsu y una viajera mundial inquisitiva. Ella est\u00e1 a cargo de los gr\u00e1ficos, dise\u00f1o UX y asociaciones con escuelas. Nicolas Form CTO Nicolas es un desarrollador franc\u00e9s de aplicaciones m\u00f3viles y tambi\u00e9n disfruta[...]\" \/>\n<meta property=\"og:url\" content=\"https:\/\/www.tsubook.net\/es\/nuestro-equipo\/\" \/>\n<meta property=\"og:site_name\" content=\"Tsubook\" \/>\n<meta property=\"article:publisher\" content=\"https:\/\/www.facebook.com\/tsubook\/\" \/>\n<meta property=\"article:modified_time\" content=\"2019-03-06T18:47:50+00:00\" \/>\n<meta property=\"og:image\" content=\"https:\/\/www.tsubook.net\/wp-content\/uploads\/photo_carla_sofia_col-1.jpg\" \/>\n<meta name=\"twitter:card\" content=\"summary_large_image\" \/>\n<meta name=\"twitter:site\" content=\"@TsubookApp\" \/>\n<script type=\"application\/ld+json\" class=\"yoast-schema-graph\">{\"@context\":\"https:\/\/schema.org\",\"@graph\":[{\"@type\":\"WebPage\",\"@id\":\"https:\/\/www.tsubook.net\/es\/nuestro-equipo\/\",\"url\":\"https:\/\/www.tsubook.net\/es\/nuestro-equipo\/\",\"name\":\"Nuestro equipo - Tsubook\",\"isPartOf\":{\"@id\":\"https:\/\/www.tsubook.net\/es\/#website\"},\"primaryImageOfPage\":{\"@id\":\"https:\/\/www.tsubook.net\/es\/nuestro-equipo\/#primaryimage\"},\"image\":{\"@id\":\"https:\/\/www.tsubook.net\/es\/nuestro-equipo\/#primaryimage\"},\"thumbnailUrl\":\"https:\/\/www.tsubook.net\/wp-content\/uploads\/photo_carla_sofia_col-1.jpg\",\"datePublished\":\"2019-03-06T18:47:48+00:00\",\"dateModified\":\"2019-03-06T18:47:50+00:00\",\"inLanguage\":\"es\",\"potentialAction\":[{\"@type\":\"ReadAction\",\"target\":[\"https:\/\/www.tsubook.net\/es\/nuestro-equipo\/\"]}]},{\"@type\":\"ImageObject\",\"inLanguage\":\"es\",\"@id\":\"https:\/\/www.tsubook.net\/es\/nuestro-equipo\/#primaryimage\",\"url\":\"https:\/\/www.tsubook.net\/wp-content\/uploads\/photo_carla_sofia_col-1.jpg\",\"contentUrl\":\"https:\/\/www.tsubook.net\/wp-content\/uploads\/photo_carla_sofia_col-1.jpg\"},{\"@type\":\"WebSite\",\"@id\":\"https:\/\/www.tsubook.net\/es\/#website\",\"url\":\"https:\/\/www.tsubook.net\/es\/\",\"name\":\"Tsubook\",\"description\":\"La app de los meridianos para MTC, Acupuntura, Shiatsu, Tuina, Kinesiolog\u00eda, Reflexolog\u00eda, Qi Gong y m\u00e1s\",\"potentialAction\":[{\"@type\":\"SearchAction\",\"target\":{\"@type\":\"EntryPoint\",\"urlTemplate\":\"https:\/\/www.tsubook.net\/es\/?s={search_term_string}\"},\"query-input\":{\"@type\":\"PropertyValueSpecification\",\"valueRequired\":true,\"valueName\":\"search_term_string\"}}],\"inLanguage\":\"es\"}]}<\/script>\n<!-- \/ Yoast SEO plugin. -->","yoast_head_json":{"title":"Nuestro equipo - Tsubook","robots":{"index":"index","follow":"follow","max-snippet":"max-snippet:-1","max-image-preview":"max-image-preview:large","max-video-preview":"max-video-preview:-1"},"canonical":"https:\/\/www.tsubook.net\/es\/nuestro-equipo\/","og_locale":"es_ES","og_type":"article","og_title":"Nuestro equipo - Tsubook","og_description":"\u00a1Hemos creado Studio Levart en 2016 y Tsubook ha sido nuestra primera aplicaci\u00f3n! Carla Sofia CEO Carla es italiana, dise\u00f1adora, practicante de Shiatsu y una viajera mundial inquisitiva. Ella est\u00e1 a cargo de los gr\u00e1ficos, dise\u00f1o UX y asociaciones con escuelas. Nicolas Form CTO Nicolas es un desarrollador franc\u00e9s de aplicaciones m\u00f3viles y tambi\u00e9n disfruta[...]","og_url":"https:\/\/www.tsubook.net\/es\/nuestro-equipo\/","og_site_name":"Tsubook","article_publisher":"https:\/\/www.facebook.com\/tsubook\/","article_modified_time":"2019-03-06T18:47:50+00:00","og_image":[{"url":"https:\/\/www.tsubook.net\/wp-content\/uploads\/photo_carla_sofia_col-1.jpg","type":"","width":"","height":""}],"twitter_card":"summary_large_image","twitter_site":"@TsubookApp","schema":{"@context":"https:\/\/schema.org","@graph":[{"@type":"WebPage","@id":"https:\/\/www.tsubook.net\/es\/nuestro-equipo\/","url":"https:\/\/www.tsubook.net\/es\/nuestro-equipo\/","name":"Nuestro equipo - Tsubook","isPartOf":{"@id":"https:\/\/www.tsubook.net\/es\/#website"},"primaryImageOfPage":{"@id":"https:\/\/www.tsubook.net\/es\/nuestro-equipo\/#primaryimage"},"image":{"@id":"https:\/\/www.tsubook.net\/es\/nuestro-equipo\/#primaryimage"},"thumbnailUrl":"https:\/\/www.tsubook.net\/wp-content\/uploads\/photo_carla_sofia_col-1.jpg","datePublished":"2019-03-06T18:47:48+00:00","dateModified":"2019-03-06T18:47:50+00:00","inLanguage":"es","potentialAction":[{"@type":"ReadAction","target":["https:\/\/www.tsubook.net\/es\/nuestro-equipo\/"]}]},{"@type":"ImageObject","inLanguage":"es","@id":"https:\/\/www.tsubook.net\/es\/nuestro-equipo\/#primaryimage","url":"https:\/\/www.tsubook.net\/wp-content\/uploads\/photo_carla_sofia_col-1.jpg","contentUrl":"https:\/\/www.tsubook.net\/wp-content\/uploads\/photo_carla_sofia_col-1.jpg"},{"@type":"WebSite","@id":"https:\/\/www.tsubook.net\/es\/#website","url":"https:\/\/www.tsubook.net\/es\/","name":"Tsubook","description":"La app de los meridianos para MTC, Acupuntura, Shiatsu, Tuina, Kinesiolog\u00eda, Reflexolog\u00eda, Qi Gong y m\u00e1s","potentialAction":[{"@type":"SearchAction","target":{"@type":"EntryPoint","urlTemplate":"https:\/\/www.tsubook.net\/es\/?s={search_term_string}"},"query-input":{"@type":"PropertyValueSpecification","valueRequired":true,"valueName":"search_term_string"}}],"inLanguage":"es"}]}},"jetpack_sharing_enabled":true,"jetpack_shortlink":"https:\/\/wp.me\/PaMpYR-2O","_links":{"self":[{"href":"https:\/\/www.tsubook.net\/es\/wp-json\/wp\/v2\/pages\/174","targetHints":{"allow":["GET"]}}],"collection":[{"href":"https:\/\/www.tsubook.net\/es\/wp-json\/wp\/v2\/pages"}],"about":[{"href":"https:\/\/www.tsubook.net\/es\/wp-json\/wp\/v2\/types\/page"}],"author":[{"embeddable":true,"href":"https:\/\/www.tsubook.net\/es\/wp-json\/wp\/v2\/users\/1"}],"replies":[{"embeddable":true,"href":"https:\/\/www.tsubook.net\/es\/wp-json\/wp\/v2\/comments?post=174"}],"version-history":[{"count":3,"href":"https:\/\/www.tsubook.net\/es\/wp-json\/wp\/v2\/pages\/174\/revisions"}],"predecessor-version":[{"id":177,"href":"https:\/\/www.tsubook.net\/es\/wp-json\/wp\/v2\/pages\/174\/revisions\/177"}],"wp:attachment":[{"href":"https:\/\/www.tsubook.net\/es\/wp-json\/wp\/v2\/media?parent=174"}],"curies":[{"name":"wp","href":"https:\/\/api.w.org\/{rel}","templated":true}]}}