{"id":179,"date":"2019-03-07T12:51:52","date_gmt":"2019-03-07T11:51:52","guid":{"rendered":"https:\/\/www.tsubook.net\/es\/?page_id=179"},"modified":"2024-09-05T18:27:16","modified_gmt":"2024-09-05T16:27:16","slug":"newsletter","status":"publish","type":"page","link":"https:\/\/www.tsubook.net\/es\/newsletter\/","title":{"rendered":"Suscribir a la newsletter"},"content":{"rendered":"\n<p>Suscr\u00edbete aqu\u00ed para recibir noticias sobre Tsubook por correo electr\u00f3nico. Por ejemplo: el lanzamiento de nuevas funcionalidad en la aplicaci\u00f3n, la organizaci\u00f3n de eventos profesionales,\u2026<\/p>\n\n\n\n<!-- Begin Mailchimp Signup Form --> \n<link href=\"\/\/cdn-images.mailchimp.com\/embedcode\/classic-10_7.css\" rel=\"stylesheet\" type=\"text\/css\">\n<div id=\"mc_embed_signup\">\n<form action=\"https:\/\/tsubook.us13.list-manage.com\/subscribe\/post?u=86d0dafbd09a3c6cabcd128c8&amp;id=7d5eec9320\" method=\"post\" id=\"mc-embedded-subscribe-form\" name=\"mc-embedded-subscribe-form\" class=\"validate\" target=\"_blank\" novalidate=\"novalidate\">\n<div id=\"mc_embed_signup_scroll\">\n\t<div class=\"indicates-required\"><span class=\"asterisk\">*<\/span> campo obligatorio<\/div>\n\t<div class=\"mc-field-group\">\n\t\t<label for=\"mce-EMAIL\"><strong>Direcci\u00f3n E-mail<\/strong>  <span class=\"asterisk\">*<\/span><br>\n\t\t<\/label><br>\n\t\t<input type=\"email\" value=\"\" name=\"EMAIL\" class=\"required email\" id=\"mce-EMAIL\" aria-required=\"true\">\n\t<\/div>\n\t<div class=\"mc-field-group\">\n\t\t<label for=\"mce-FNAME\"><strong>Nombre<\/strong>  <span class=\"asterisk\">*<\/span><br>\n\t\t<\/label><br>\n\t\t<input type=\"text\" value=\"\" name=\"FNAME\" class=\"required\" id=\"mce-FNAME\" aria-required=\"true\">\n\t<\/div>\n\t<div class=\"mc-field-group\">\n\t\t<label for=\"mce-LNAME\"><strong>Apellido<\/strong> <\/label><br>\n\t\t<input type=\"text\" value=\"\" name=\"LNAME\" class=\"\" id=\"mce-LNAME\">\n\t<\/div>\n\t<div class=\"mc-field-group input-group\" style=\"display:none\">\n\t\t<strong>\u00bfQu\u00e9 correos electr\u00f3nicos quieres recibir? <\/strong>  <span class=\"asterisk\">*<\/span>\n\t\t<ul>\n\t\t\t<li><input type=\"radio\" value=\"News, special offers and events\" name=\"NEWSAPP\" id=\"mce-NEWSAPP-0\" checked=\"\"> <label for=\"mce-NEWSAPP-0\">Noticias, ofertas especiales y eventos<\/label><\/li>\n\t\t\t<li><input type=\"radio\" value=\"Only news\" name=\"NEWSAPP\" id=\"mce-NEWSAPP-1\"> <label for=\"mce-NEWSAPP-1\">Solo noticias<\/label><\/li>\n\t\t<\/ul>\n\t<\/div>\n\t<p>Utilizamos Mailchimp como nuestra plataforma de marketing. Al hacer clic a continuaci\u00f3n para suscribirse, usted reconoce que su informaci\u00f3n ser\u00e1 transferida a Mailchimp para su procesamiento. <a href=\"https:\/\/mailchimp.com\/legal\/\" target=\"_blank\" rel=\"noopener noreferrer\">M\u00e1s informaci\u00f3n sobre las pr\u00e1cticas de privacidad de Mailchimp aqu\u00ed.<\/a><\/p>\n\t<div id=\"mce-responses\" class=\"clear\">\n\t\t<div class=\"response\" id=\"mce-error-response\" style=\"display:none\"><\/div>\n\t\t<div class=\"response\" id=\"mce-success-response\" style=\"display:none\"><\/div>\n\t<\/div>\n\t<!-- real people should not fill this in and expect good things - do not remove this or risk form bot signups-->\n\t<div style=\"position: absolute; left: -5000px;\" aria-hidden=\"true\"><input type=\"text\" name=\"b_86d0dafbd09a3c6cabcd128c8_7d5eec9320\" tabindex=\"-1\" value=\"\"><\/div>\n\t<div class=\"clear\"><input type=\"submit\" class=\"\" value=\"Suscribir\" name=\"subscribe\" id=\"mc-embedded-subscribe\"><\/div>\n<\/div>\n<\/form>\n<\/div>\n","protected":false},"excerpt":{"rendered":"<p>Suscr\u00edbete aqu\u00ed para recibir noticias sobre Tsubook por correo electr\u00f3nico. Por ejemplo: el lanzamiento de nuevas funcionalidad en la aplicaci\u00f3n, la organizaci\u00f3n de eventos profesionales,\u2026 * campo obligatorio Direcci\u00f3n E-mail * Nombre * Apellido \u00bfQu\u00e9 correos electr\u00f3nicos quieres recibir? * Noticias, ofertas especiales y eventos Solo noticias Utilizamos Mailchimp como nuestra plataforma de marketing. Al<a href=\"https:\/\/www.tsubook.net\/es\/newsletter\/\">[&#8230;]<\/a><\/p>\n","protected":false},"author":1,"featured_media":0,"parent":0,"menu_order":0,"comment_status":"closed","ping_status":"closed","template":"","meta":{"jetpack_post_was_ever_published":false,"footnotes":""},"class_list":["post-179","page","type-page","status-publish","hentry","wpautop"],"yoast_head":"<!-- This site is optimized with the Yoast SEO plugin v27.1.1 - https:\/\/yoast.com\/product\/yoast-seo-wordpress\/ -->\n<title>Suscribir a la newsletter - Tsubook<\/title>\n<meta name=\"robots\" content=\"index, follow, max-snippet:-1, max-image-preview:large, max-video-preview:-1\" \/>\n<link rel=\"canonical\" href=\"https:\/\/www.tsubook.net\/es\/newsletter\/\" \/>\n<meta property=\"og:locale\" content=\"es_ES\" \/>\n<meta property=\"og:type\" content=\"article\" \/>\n<meta property=\"og:title\" content=\"Suscribir a la newsletter - Tsubook\" \/>\n<meta property=\"og:description\" content=\"Suscr\u00edbete aqu\u00ed para recibir noticias sobre Tsubook por correo electr\u00f3nico. Por ejemplo: el lanzamiento de nuevas funcionalidad en la aplicaci\u00f3n, la organizaci\u00f3n de eventos profesionales,\u2026 * campo obligatorio Direcci\u00f3n E-mail * Nombre * Apellido \u00bfQu\u00e9 correos electr\u00f3nicos quieres recibir? * Noticias, ofertas especiales y eventos Solo noticias Utilizamos Mailchimp como nuestra plataforma de marketing. Al[...]\" \/>\n<meta property=\"og:url\" content=\"https:\/\/www.tsubook.net\/es\/newsletter\/\" \/>\n<meta property=\"og:site_name\" content=\"Tsubook\" \/>\n<meta property=\"article:publisher\" content=\"https:\/\/www.facebook.com\/tsubook\/\" \/>\n<meta property=\"article:modified_time\" content=\"2024-09-05T16:27:16+00:00\" \/>\n<meta property=\"og:image\" content=\"https:\/\/www.tsubook.net\/es\/wp-content\/uploads\/tsubook_main.png\" \/>\n\t<meta property=\"og:image:width\" content=\"1536\" \/>\n\t<meta property=\"og:image:height\" content=\"1024\" \/>\n\t<meta property=\"og:image:type\" content=\"image\/png\" \/>\n<meta name=\"twitter:card\" content=\"summary_large_image\" \/>\n<meta name=\"twitter:site\" content=\"@TsubookApp\" \/>\n<meta name=\"twitter:label1\" content=\"Tiempo de lectura\" \/>\n\t<meta name=\"twitter:data1\" content=\"1 minuto\" \/>\n<script type=\"application\/ld+json\" class=\"yoast-schema-graph\">{\"@context\":\"https:\/\/schema.org\",\"@graph\":[{\"@type\":\"WebPage\",\"@id\":\"https:\/\/www.tsubook.net\/es\/newsletter\/\",\"url\":\"https:\/\/www.tsubook.net\/es\/newsletter\/\",\"name\":\"Suscribir a la newsletter - Tsubook\",\"isPartOf\":{\"@id\":\"https:\/\/www.tsubook.net\/es\/#website\"},\"datePublished\":\"2019-03-07T11:51:52+00:00\",\"dateModified\":\"2024-09-05T16:27:16+00:00\",\"inLanguage\":\"es\",\"potentialAction\":[{\"@type\":\"ReadAction\",\"target\":[\"https:\/\/www.tsubook.net\/es\/newsletter\/\"]}]},{\"@type\":\"WebSite\",\"@id\":\"https:\/\/www.tsubook.net\/es\/#website\",\"url\":\"https:\/\/www.tsubook.net\/es\/\",\"name\":\"Tsubook\",\"description\":\"La app de los meridianos para MTC, Acupuntura, Shiatsu, Tuina, Kinesiolog\u00eda, Reflexolog\u00eda, Qi Gong y m\u00e1s\",\"potentialAction\":[{\"@type\":\"SearchAction\",\"target\":{\"@type\":\"EntryPoint\",\"urlTemplate\":\"https:\/\/www.tsubook.net\/es\/?s={search_term_string}\"},\"query-input\":{\"@type\":\"PropertyValueSpecification\",\"valueRequired\":true,\"valueName\":\"search_term_string\"}}],\"inLanguage\":\"es\"}]}<\/script>\n<!-- \/ Yoast SEO plugin. -->","yoast_head_json":{"title":"Suscribir a la newsletter - Tsubook","robots":{"index":"index","follow":"follow","max-snippet":"max-snippet:-1","max-image-preview":"max-image-preview:large","max-video-preview":"max-video-preview:-1"},"canonical":"https:\/\/www.tsubook.net\/es\/newsletter\/","og_locale":"es_ES","og_type":"article","og_title":"Suscribir a la newsletter - Tsubook","og_description":"Suscr\u00edbete aqu\u00ed para recibir noticias sobre Tsubook por correo electr\u00f3nico. Por ejemplo: el lanzamiento de nuevas funcionalidad en la aplicaci\u00f3n, la organizaci\u00f3n de eventos profesionales,\u2026 * campo obligatorio Direcci\u00f3n E-mail * Nombre * Apellido \u00bfQu\u00e9 correos electr\u00f3nicos quieres recibir? * Noticias, ofertas especiales y eventos Solo noticias Utilizamos Mailchimp como nuestra plataforma de marketing. Al[...]","og_url":"https:\/\/www.tsubook.net\/es\/newsletter\/","og_site_name":"Tsubook","article_publisher":"https:\/\/www.facebook.com\/tsubook\/","article_modified_time":"2024-09-05T16:27:16+00:00","og_image":[{"width":1536,"height":1024,"url":"https:\/\/www.tsubook.net\/es\/wp-content\/uploads\/tsubook_main.png","type":"image\/png"}],"twitter_card":"summary_large_image","twitter_site":"@TsubookApp","twitter_misc":{"Tiempo de lectura":"1 minuto"},"schema":{"@context":"https:\/\/schema.org","@graph":[{"@type":"WebPage","@id":"https:\/\/www.tsubook.net\/es\/newsletter\/","url":"https:\/\/www.tsubook.net\/es\/newsletter\/","name":"Suscribir a la newsletter - Tsubook","isPartOf":{"@id":"https:\/\/www.tsubook.net\/es\/#website"},"datePublished":"2019-03-07T11:51:52+00:00","dateModified":"2024-09-05T16:27:16+00:00","inLanguage":"es","potentialAction":[{"@type":"ReadAction","target":["https:\/\/www.tsubook.net\/es\/newsletter\/"]}]},{"@type":"WebSite","@id":"https:\/\/www.tsubook.net\/es\/#website","url":"https:\/\/www.tsubook.net\/es\/","name":"Tsubook","description":"La app de los meridianos para MTC, Acupuntura, Shiatsu, Tuina, Kinesiolog\u00eda, Reflexolog\u00eda, Qi Gong y m\u00e1s","potentialAction":[{"@type":"SearchAction","target":{"@type":"EntryPoint","urlTemplate":"https:\/\/www.tsubook.net\/es\/?s={search_term_string}"},"query-input":{"@type":"PropertyValueSpecification","valueRequired":true,"valueName":"search_term_string"}}],"inLanguage":"es"}]}},"jetpack_sharing_enabled":true,"jetpack_shortlink":"https:\/\/wp.me\/PaMpYR-2T","_links":{"self":[{"href":"https:\/\/www.tsubook.net\/es\/wp-json\/wp\/v2\/pages\/179","targetHints":{"allow":["GET"]}}],"collection":[{"href":"https:\/\/www.tsubook.net\/es\/wp-json\/wp\/v2\/pages"}],"about":[{"href":"https:\/\/www.tsubook.net\/es\/wp-json\/wp\/v2\/types\/page"}],"author":[{"embeddable":true,"href":"https:\/\/www.tsubook.net\/es\/wp-json\/wp\/v2\/users\/1"}],"replies":[{"embeddable":true,"href":"https:\/\/www.tsubook.net\/es\/wp-json\/wp\/v2\/comments?post=179"}],"version-history":[{"count":7,"href":"https:\/\/www.tsubook.net\/es\/wp-json\/wp\/v2\/pages\/179\/revisions"}],"predecessor-version":[{"id":645,"href":"https:\/\/www.tsubook.net\/es\/wp-json\/wp\/v2\/pages\/179\/revisions\/645"}],"wp:attachment":[{"href":"https:\/\/www.tsubook.net\/es\/wp-json\/wp\/v2\/media?parent=179"}],"curies":[{"name":"wp","href":"https:\/\/api.w.org\/{rel}","templated":true}]}}