{"id":286,"date":"2020-01-13T13:29:50","date_gmt":"2020-01-13T12:29:50","guid":{"rendered":"https:\/\/www.tsubook.net\/es\/?page_id=286"},"modified":"2020-01-13T13:30:17","modified_gmt":"2020-01-13T12:30:17","slug":"internet","status":"publish","type":"page","link":"https:\/\/www.tsubook.net\/es\/ayuda\/contenido\/internet\/","title":{"rendered":"\u00bfPuedo usar Tsubook sin conexi\u00f3n a Internet?"},"content":{"rendered":"\n<p class=\"breadcrumb\"><\/p>\n\n\n\n<p>S\u00ed, la mayor parte de la aplicaci\u00f3n Tsubook es accesible sin Internet<\/p>\n\n\n\n<p>Internet es muy importante en el momento en que obtiene Tsubook. Primero, usted debe estar conectado a Internet para <a href=\"https:\/\/www.tsubook.net\/es\/ayuda\/descargar\/\">descargar Tsubook<\/a>. Despu\u00e9s de eso, la primera vez que abra Tsubook, necesitar\u00e1 Internet para crear (o conectarse) una cuenta.<\/p>\n\n\n\n<p>Una vez conectado a su cuenta Tsubook, puede usar la aplicaci\u00f3n sin conexi\u00f3n para verificar todo el conocimiento (puntos, meridianos, categor\u00edas, patolog\u00edas,\u2026).<\/p>\n\n\n\n<p>Internet ser\u00e1 \u00fatil para todo lo relacionado con su cuenta Tsubook (conexi\u00f3n, gesti\u00f3n de licencias, \u2026) y algunas acciones espec\u00edficas (programa de referencia, programa de socios,\u2026).<\/p>\n","protected":false},"excerpt":{"rendered":"<p>S\u00ed, la mayor parte de la aplicaci\u00f3n Tsubook es accesible sin Internet Internet es muy importante en el momento en que obtiene Tsubook. Primero, usted debe estar conectado a Internet para descargar Tsubook. Despu\u00e9s de eso, la primera vez que abra Tsubook, necesitar\u00e1 Internet para crear (o conectarse) una cuenta. Una vez conectado a su<a href=\"https:\/\/www.tsubook.net\/es\/ayuda\/contenido\/internet\/\">[&#8230;]<\/a><\/p>\n","protected":false},"author":1,"featured_media":0,"parent":87,"menu_order":5,"comment_status":"closed","ping_status":"closed","template":"","meta":{"jetpack_post_was_ever_published":false,"footnotes":""},"class_list":["post-286","page","type-page","status-publish","hentry","wpautop"],"yoast_head":"<!-- This site is optimized with the Yoast SEO plugin v27.1.1 - https:\/\/yoast.com\/product\/yoast-seo-wordpress\/ -->\n<title>\u00bfPuedo usar Tsubook sin conexi\u00f3n a Internet? - Tsubook<\/title>\n<meta name=\"robots\" content=\"index, follow, max-snippet:-1, max-image-preview:large, max-video-preview:-1\" \/>\n<link rel=\"canonical\" href=\"https:\/\/www.tsubook.net\/es\/ayuda\/contenido\/internet\/\" \/>\n<meta property=\"og:locale\" content=\"es_ES\" \/>\n<meta property=\"og:type\" content=\"article\" \/>\n<meta property=\"og:title\" content=\"\u00bfPuedo usar Tsubook sin conexi\u00f3n a Internet? - Tsubook\" \/>\n<meta property=\"og:description\" content=\"S\u00ed, la mayor parte de la aplicaci\u00f3n Tsubook es accesible sin Internet Internet es muy importante en el momento en que obtiene Tsubook. Primero, usted debe estar conectado a Internet para descargar Tsubook. Despu\u00e9s de eso, la primera vez que abra Tsubook, necesitar\u00e1 Internet para crear (o conectarse) una cuenta. Una vez conectado a su[...]\" \/>\n<meta property=\"og:url\" content=\"https:\/\/www.tsubook.net\/es\/ayuda\/contenido\/internet\/\" \/>\n<meta property=\"og:site_name\" content=\"Tsubook\" \/>\n<meta property=\"article:publisher\" content=\"https:\/\/www.facebook.com\/tsubook\/\" \/>\n<meta property=\"article:modified_time\" content=\"2020-01-13T12:30:17+00:00\" \/>\n<meta property=\"og:image\" content=\"https:\/\/www.tsubook.net\/es\/wp-content\/uploads\/tsubook_main.png\" \/>\n\t<meta property=\"og:image:width\" content=\"1536\" \/>\n\t<meta property=\"og:image:height\" content=\"1024\" \/>\n\t<meta property=\"og:image:type\" content=\"image\/png\" \/>\n<meta name=\"twitter:card\" content=\"summary_large_image\" \/>\n<meta name=\"twitter:site\" content=\"@TsubookApp\" \/>\n<meta name=\"twitter:label1\" content=\"Tiempo de lectura\" \/>\n\t<meta name=\"twitter:data1\" content=\"1 minuto\" \/>\n<script type=\"application\/ld+json\" class=\"yoast-schema-graph\">{\"@context\":\"https:\/\/schema.org\",\"@graph\":[{\"@type\":\"WebPage\",\"@id\":\"https:\/\/www.tsubook.net\/es\/ayuda\/contenido\/internet\/\",\"url\":\"https:\/\/www.tsubook.net\/es\/ayuda\/contenido\/internet\/\",\"name\":\"\u00bfPuedo usar Tsubook sin conexi\u00f3n a Internet? - Tsubook\",\"isPartOf\":{\"@id\":\"https:\/\/www.tsubook.net\/es\/#website\"},\"datePublished\":\"2020-01-13T12:29:50+00:00\",\"dateModified\":\"2020-01-13T12:30:17+00:00\",\"breadcrumb\":{\"@id\":\"https:\/\/www.tsubook.net\/es\/ayuda\/contenido\/internet\/#breadcrumb\"},\"inLanguage\":\"es\",\"potentialAction\":[{\"@type\":\"ReadAction\",\"target\":[\"https:\/\/www.tsubook.net\/es\/ayuda\/contenido\/internet\/\"]}]},{\"@type\":\"BreadcrumbList\",\"@id\":\"https:\/\/www.tsubook.net\/es\/ayuda\/contenido\/internet\/#breadcrumb\",\"itemListElement\":[{\"@type\":\"ListItem\",\"position\":1,\"name\":\"Centro de ayuda\",\"item\":\"https:\/\/www.tsubook.net\/es\/ayuda\/\"},{\"@type\":\"ListItem\",\"position\":2,\"name\":\"Contenido\",\"item\":\"https:\/\/www.tsubook.net\/es\/ayuda\/contenido\/\"},{\"@type\":\"ListItem\",\"position\":3,\"name\":\"\u00bfPuedo usar Tsubook sin conexi\u00f3n a Internet?\"}]},{\"@type\":\"WebSite\",\"@id\":\"https:\/\/www.tsubook.net\/es\/#website\",\"url\":\"https:\/\/www.tsubook.net\/es\/\",\"name\":\"Tsubook\",\"description\":\"La app de los meridianos para MTC, Acupuntura, Shiatsu, Tuina, Kinesiolog\u00eda, Reflexolog\u00eda, Qi Gong y m\u00e1s\",\"potentialAction\":[{\"@type\":\"SearchAction\",\"target\":{\"@type\":\"EntryPoint\",\"urlTemplate\":\"https:\/\/www.tsubook.net\/es\/?s={search_term_string}\"},\"query-input\":{\"@type\":\"PropertyValueSpecification\",\"valueRequired\":true,\"valueName\":\"search_term_string\"}}],\"inLanguage\":\"es\"}]}<\/script>\n<!-- \/ Yoast SEO plugin. -->","yoast_head_json":{"title":"\u00bfPuedo usar Tsubook sin conexi\u00f3n a Internet? - Tsubook","robots":{"index":"index","follow":"follow","max-snippet":"max-snippet:-1","max-image-preview":"max-image-preview:large","max-video-preview":"max-video-preview:-1"},"canonical":"https:\/\/www.tsubook.net\/es\/ayuda\/contenido\/internet\/","og_locale":"es_ES","og_type":"article","og_title":"\u00bfPuedo usar Tsubook sin conexi\u00f3n a Internet? - Tsubook","og_description":"S\u00ed, la mayor parte de la aplicaci\u00f3n Tsubook es accesible sin Internet Internet es muy importante en el momento en que obtiene Tsubook. Primero, usted debe estar conectado a Internet para descargar Tsubook. Despu\u00e9s de eso, la primera vez que abra Tsubook, necesitar\u00e1 Internet para crear (o conectarse) una cuenta. Una vez conectado a su[...]","og_url":"https:\/\/www.tsubook.net\/es\/ayuda\/contenido\/internet\/","og_site_name":"Tsubook","article_publisher":"https:\/\/www.facebook.com\/tsubook\/","article_modified_time":"2020-01-13T12:30:17+00:00","og_image":[{"width":1536,"height":1024,"url":"https:\/\/www.tsubook.net\/es\/wp-content\/uploads\/tsubook_main.png","type":"image\/png"}],"twitter_card":"summary_large_image","twitter_site":"@TsubookApp","twitter_misc":{"Tiempo de lectura":"1 minuto"},"schema":{"@context":"https:\/\/schema.org","@graph":[{"@type":"WebPage","@id":"https:\/\/www.tsubook.net\/es\/ayuda\/contenido\/internet\/","url":"https:\/\/www.tsubook.net\/es\/ayuda\/contenido\/internet\/","name":"\u00bfPuedo usar Tsubook sin conexi\u00f3n a Internet? - Tsubook","isPartOf":{"@id":"https:\/\/www.tsubook.net\/es\/#website"},"datePublished":"2020-01-13T12:29:50+00:00","dateModified":"2020-01-13T12:30:17+00:00","breadcrumb":{"@id":"https:\/\/www.tsubook.net\/es\/ayuda\/contenido\/internet\/#breadcrumb"},"inLanguage":"es","potentialAction":[{"@type":"ReadAction","target":["https:\/\/www.tsubook.net\/es\/ayuda\/contenido\/internet\/"]}]},{"@type":"BreadcrumbList","@id":"https:\/\/www.tsubook.net\/es\/ayuda\/contenido\/internet\/#breadcrumb","itemListElement":[{"@type":"ListItem","position":1,"name":"Centro de ayuda","item":"https:\/\/www.tsubook.net\/es\/ayuda\/"},{"@type":"ListItem","position":2,"name":"Contenido","item":"https:\/\/www.tsubook.net\/es\/ayuda\/contenido\/"},{"@type":"ListItem","position":3,"name":"\u00bfPuedo usar Tsubook sin conexi\u00f3n a Internet?"}]},{"@type":"WebSite","@id":"https:\/\/www.tsubook.net\/es\/#website","url":"https:\/\/www.tsubook.net\/es\/","name":"Tsubook","description":"La app de los meridianos para MTC, Acupuntura, Shiatsu, Tuina, Kinesiolog\u00eda, Reflexolog\u00eda, Qi Gong y m\u00e1s","potentialAction":[{"@type":"SearchAction","target":{"@type":"EntryPoint","urlTemplate":"https:\/\/www.tsubook.net\/es\/?s={search_term_string}"},"query-input":{"@type":"PropertyValueSpecification","valueRequired":true,"valueName":"search_term_string"}}],"inLanguage":"es"}]}},"jetpack_sharing_enabled":true,"jetpack_shortlink":"https:\/\/wp.me\/PaMpYR-4C","_links":{"self":[{"href":"https:\/\/www.tsubook.net\/es\/wp-json\/wp\/v2\/pages\/286","targetHints":{"allow":["GET"]}}],"collection":[{"href":"https:\/\/www.tsubook.net\/es\/wp-json\/wp\/v2\/pages"}],"about":[{"href":"https:\/\/www.tsubook.net\/es\/wp-json\/wp\/v2\/types\/page"}],"author":[{"embeddable":true,"href":"https:\/\/www.tsubook.net\/es\/wp-json\/wp\/v2\/users\/1"}],"replies":[{"embeddable":true,"href":"https:\/\/www.tsubook.net\/es\/wp-json\/wp\/v2\/comments?post=286"}],"version-history":[{"count":2,"href":"https:\/\/www.tsubook.net\/es\/wp-json\/wp\/v2\/pages\/286\/revisions"}],"predecessor-version":[{"id":288,"href":"https:\/\/www.tsubook.net\/es\/wp-json\/wp\/v2\/pages\/286\/revisions\/288"}],"up":[{"embeddable":true,"href":"https:\/\/www.tsubook.net\/es\/wp-json\/wp\/v2\/pages\/87"}],"wp:attachment":[{"href":"https:\/\/www.tsubook.net\/es\/wp-json\/wp\/v2\/media?parent=286"}],"curies":[{"name":"wp","href":"https:\/\/api.w.org\/{rel}","templated":true}]}}