{"id":396,"date":"2021-02-13T09:08:12","date_gmt":"2021-02-13T08:08:12","guid":{"rendered":"https:\/\/www.tsubook.net\/es\/?page_id=396"},"modified":"2025-08-06T12:48:46","modified_gmt":"2025-08-06T10:48:46","slug":"politica-de-precios","status":"publish","type":"page","link":"https:\/\/www.tsubook.net\/es\/ayuda\/precios\/politica-de-precios\/","title":{"rendered":"\u00bfQu\u00e9 determina el precio de Tsubook?"},"content":{"rendered":"\n<p class=\"breadcrumb\"><\/p>\n\n\n\n<p>Pensamos en c\u00f3mo podemos permitir que personas de todo el mundo aprendan con Tsubook. Para nosotros era importante ofrecer una herramienta que apoya el aprendizaje incluso como versi\u00f3n gratuita. Eso funcion\u00f3 muy bien y ahora tenemos m\u00e1s de 10.000 usuarios felices que abren la aplicaci\u00f3n cada mes. Esto nutre nuestro coraz\u00f3n pero no alimenta nuestro est\u00f3mago y ciertamente no permite un mayor desarrollo de la aplicaci\u00f3n. \u00a1Y queremos que Tsubook se desarrolle y le ofrezca un apoyo a largo plazo!<\/p>\n\n\n\n<p>Aquell@s que quieran profundizar y aprender seriamente con Tsubook pueden comprar una licencia para acceder al contenido completo. El precio de esta licencia var\u00eda de un pa\u00eds a otro y se basa en el precio local de un tratamiento. Con esta pol\u00edtica, esperamos permitir que l@s estudiantes de todos los pa\u00edses del mundo recuperen los costos de Tsubook despu\u00e9s de su primer tratamiento pagado.<\/p>\n\n\n\n<p>\u00bfLe gusta nuestra pol\u00edtica de precios, pero le gustar\u00eda un descuento? Consulta los requisitos para <a href=\"https:\/\/www.tsubook.net\/es\/ayuda\/precios\/descuento\/\">obtener un descuento<\/a>.<\/p>\n","protected":false},"excerpt":{"rendered":"<p>Pensamos en c\u00f3mo podemos permitir que personas de todo el mundo aprendan con Tsubook. Para nosotros era importante ofrecer una herramienta que apoya el aprendizaje incluso como versi\u00f3n gratuita. Eso funcion\u00f3 muy bien y ahora tenemos m\u00e1s de 10.000 usuarios felices que abren la aplicaci\u00f3n cada mes. Esto nutre nuestro coraz\u00f3n pero no alimenta nuestro<a href=\"https:\/\/www.tsubook.net\/es\/ayuda\/precios\/politica-de-precios\/\">[&#8230;]<\/a><\/p>\n","protected":false},"author":3,"featured_media":0,"parent":106,"menu_order":0,"comment_status":"closed","ping_status":"closed","template":"","meta":{"jetpack_post_was_ever_published":false,"footnotes":""},"class_list":["post-396","page","type-page","status-publish","hentry","wpautop"],"yoast_head":"<!-- This site is optimized with the Yoast SEO plugin v27.1.1 - https:\/\/yoast.com\/product\/yoast-seo-wordpress\/ -->\n<title>\u00bfQu\u00e9 determina el precio de Tsubook? - Tsubook<\/title>\n<meta name=\"robots\" content=\"index, follow, max-snippet:-1, max-image-preview:large, max-video-preview:-1\" \/>\n<link rel=\"canonical\" href=\"https:\/\/www.tsubook.net\/es\/ayuda\/precios\/politica-de-precios\/\" \/>\n<meta property=\"og:locale\" content=\"es_ES\" \/>\n<meta property=\"og:type\" content=\"article\" \/>\n<meta property=\"og:title\" content=\"\u00bfQu\u00e9 determina el precio de Tsubook? - Tsubook\" \/>\n<meta property=\"og:description\" content=\"Pensamos en c\u00f3mo podemos permitir que personas de todo el mundo aprendan con Tsubook. Para nosotros era importante ofrecer una herramienta que apoya el aprendizaje incluso como versi\u00f3n gratuita. Eso funcion\u00f3 muy bien y ahora tenemos m\u00e1s de 10.000 usuarios felices que abren la aplicaci\u00f3n cada mes. Esto nutre nuestro coraz\u00f3n pero no alimenta nuestro[...]\" \/>\n<meta property=\"og:url\" content=\"https:\/\/www.tsubook.net\/es\/ayuda\/precios\/politica-de-precios\/\" \/>\n<meta property=\"og:site_name\" content=\"Tsubook\" \/>\n<meta property=\"article:publisher\" content=\"https:\/\/www.facebook.com\/tsubook\/\" \/>\n<meta property=\"article:modified_time\" content=\"2025-08-06T10:48:46+00:00\" \/>\n<meta property=\"og:image\" content=\"https:\/\/www.tsubook.net\/es\/wp-content\/uploads\/tsubook_main.png\" \/>\n\t<meta property=\"og:image:width\" content=\"1536\" \/>\n\t<meta property=\"og:image:height\" content=\"1024\" \/>\n\t<meta property=\"og:image:type\" content=\"image\/png\" \/>\n<meta name=\"twitter:card\" content=\"summary_large_image\" \/>\n<meta name=\"twitter:site\" content=\"@TsubookApp\" \/>\n<meta name=\"twitter:label1\" content=\"Tiempo de lectura\" \/>\n\t<meta name=\"twitter:data1\" content=\"1 minuto\" \/>\n<script type=\"application\/ld+json\" class=\"yoast-schema-graph\">{\"@context\":\"https:\/\/schema.org\",\"@graph\":[{\"@type\":\"WebPage\",\"@id\":\"https:\/\/www.tsubook.net\/es\/ayuda\/precios\/politica-de-precios\/\",\"url\":\"https:\/\/www.tsubook.net\/es\/ayuda\/precios\/politica-de-precios\/\",\"name\":\"\u00bfQu\u00e9 determina el precio de Tsubook? - Tsubook\",\"isPartOf\":{\"@id\":\"https:\/\/www.tsubook.net\/es\/#website\"},\"datePublished\":\"2021-02-13T08:08:12+00:00\",\"dateModified\":\"2025-08-06T10:48:46+00:00\",\"breadcrumb\":{\"@id\":\"https:\/\/www.tsubook.net\/es\/ayuda\/precios\/politica-de-precios\/#breadcrumb\"},\"inLanguage\":\"es\",\"potentialAction\":[{\"@type\":\"ReadAction\",\"target\":[\"https:\/\/www.tsubook.net\/es\/ayuda\/precios\/politica-de-precios\/\"]}]},{\"@type\":\"BreadcrumbList\",\"@id\":\"https:\/\/www.tsubook.net\/es\/ayuda\/precios\/politica-de-precios\/#breadcrumb\",\"itemListElement\":[{\"@type\":\"ListItem\",\"position\":1,\"name\":\"Centro de ayuda\",\"item\":\"https:\/\/www.tsubook.net\/es\/ayuda\/\"},{\"@type\":\"ListItem\",\"position\":2,\"name\":\"Precios\",\"item\":\"https:\/\/www.tsubook.net\/es\/ayuda\/precios\/\"},{\"@type\":\"ListItem\",\"position\":3,\"name\":\"\u00bfQu\u00e9 determina el precio de Tsubook?\"}]},{\"@type\":\"WebSite\",\"@id\":\"https:\/\/www.tsubook.net\/es\/#website\",\"url\":\"https:\/\/www.tsubook.net\/es\/\",\"name\":\"Tsubook\",\"description\":\"La app de los meridianos para MTC, Acupuntura, Shiatsu, Tuina, Kinesiolog\u00eda, Reflexolog\u00eda, Qi Gong y m\u00e1s\",\"potentialAction\":[{\"@type\":\"SearchAction\",\"target\":{\"@type\":\"EntryPoint\",\"urlTemplate\":\"https:\/\/www.tsubook.net\/es\/?s={search_term_string}\"},\"query-input\":{\"@type\":\"PropertyValueSpecification\",\"valueRequired\":true,\"valueName\":\"search_term_string\"}}],\"inLanguage\":\"es\"}]}<\/script>\n<!-- \/ Yoast SEO plugin. -->","yoast_head_json":{"title":"\u00bfQu\u00e9 determina el precio de Tsubook? - Tsubook","robots":{"index":"index","follow":"follow","max-snippet":"max-snippet:-1","max-image-preview":"max-image-preview:large","max-video-preview":"max-video-preview:-1"},"canonical":"https:\/\/www.tsubook.net\/es\/ayuda\/precios\/politica-de-precios\/","og_locale":"es_ES","og_type":"article","og_title":"\u00bfQu\u00e9 determina el precio de Tsubook? - Tsubook","og_description":"Pensamos en c\u00f3mo podemos permitir que personas de todo el mundo aprendan con Tsubook. Para nosotros era importante ofrecer una herramienta que apoya el aprendizaje incluso como versi\u00f3n gratuita. Eso funcion\u00f3 muy bien y ahora tenemos m\u00e1s de 10.000 usuarios felices que abren la aplicaci\u00f3n cada mes. Esto nutre nuestro coraz\u00f3n pero no alimenta nuestro[...]","og_url":"https:\/\/www.tsubook.net\/es\/ayuda\/precios\/politica-de-precios\/","og_site_name":"Tsubook","article_publisher":"https:\/\/www.facebook.com\/tsubook\/","article_modified_time":"2025-08-06T10:48:46+00:00","og_image":[{"width":1536,"height":1024,"url":"https:\/\/www.tsubook.net\/es\/wp-content\/uploads\/tsubook_main.png","type":"image\/png"}],"twitter_card":"summary_large_image","twitter_site":"@TsubookApp","twitter_misc":{"Tiempo de lectura":"1 minuto"},"schema":{"@context":"https:\/\/schema.org","@graph":[{"@type":"WebPage","@id":"https:\/\/www.tsubook.net\/es\/ayuda\/precios\/politica-de-precios\/","url":"https:\/\/www.tsubook.net\/es\/ayuda\/precios\/politica-de-precios\/","name":"\u00bfQu\u00e9 determina el precio de Tsubook? - Tsubook","isPartOf":{"@id":"https:\/\/www.tsubook.net\/es\/#website"},"datePublished":"2021-02-13T08:08:12+00:00","dateModified":"2025-08-06T10:48:46+00:00","breadcrumb":{"@id":"https:\/\/www.tsubook.net\/es\/ayuda\/precios\/politica-de-precios\/#breadcrumb"},"inLanguage":"es","potentialAction":[{"@type":"ReadAction","target":["https:\/\/www.tsubook.net\/es\/ayuda\/precios\/politica-de-precios\/"]}]},{"@type":"BreadcrumbList","@id":"https:\/\/www.tsubook.net\/es\/ayuda\/precios\/politica-de-precios\/#breadcrumb","itemListElement":[{"@type":"ListItem","position":1,"name":"Centro de ayuda","item":"https:\/\/www.tsubook.net\/es\/ayuda\/"},{"@type":"ListItem","position":2,"name":"Precios","item":"https:\/\/www.tsubook.net\/es\/ayuda\/precios\/"},{"@type":"ListItem","position":3,"name":"\u00bfQu\u00e9 determina el precio de Tsubook?"}]},{"@type":"WebSite","@id":"https:\/\/www.tsubook.net\/es\/#website","url":"https:\/\/www.tsubook.net\/es\/","name":"Tsubook","description":"La app de los meridianos para MTC, Acupuntura, Shiatsu, Tuina, Kinesiolog\u00eda, Reflexolog\u00eda, Qi Gong y m\u00e1s","potentialAction":[{"@type":"SearchAction","target":{"@type":"EntryPoint","urlTemplate":"https:\/\/www.tsubook.net\/es\/?s={search_term_string}"},"query-input":{"@type":"PropertyValueSpecification","valueRequired":true,"valueName":"search_term_string"}}],"inLanguage":"es"}]}},"jetpack_sharing_enabled":true,"jetpack_shortlink":"https:\/\/wp.me\/PaMpYR-6o","_links":{"self":[{"href":"https:\/\/www.tsubook.net\/es\/wp-json\/wp\/v2\/pages\/396","targetHints":{"allow":["GET"]}}],"collection":[{"href":"https:\/\/www.tsubook.net\/es\/wp-json\/wp\/v2\/pages"}],"about":[{"href":"https:\/\/www.tsubook.net\/es\/wp-json\/wp\/v2\/types\/page"}],"author":[{"embeddable":true,"href":"https:\/\/www.tsubook.net\/es\/wp-json\/wp\/v2\/users\/3"}],"replies":[{"embeddable":true,"href":"https:\/\/www.tsubook.net\/es\/wp-json\/wp\/v2\/comments?post=396"}],"version-history":[{"count":5,"href":"https:\/\/www.tsubook.net\/es\/wp-json\/wp\/v2\/pages\/396\/revisions"}],"predecessor-version":[{"id":683,"href":"https:\/\/www.tsubook.net\/es\/wp-json\/wp\/v2\/pages\/396\/revisions\/683"}],"up":[{"embeddable":true,"href":"https:\/\/www.tsubook.net\/es\/wp-json\/wp\/v2\/pages\/106"}],"wp:attachment":[{"href":"https:\/\/www.tsubook.net\/es\/wp-json\/wp\/v2\/media?parent=396"}],"curies":[{"name":"wp","href":"https:\/\/api.w.org\/{rel}","templated":true}]}}