{"id":418,"date":"2021-03-30T15:58:46","date_gmt":"2021-03-30T13:58:46","guid":{"rendered":"https:\/\/www.tsubook.net\/es\/?page_id=418"},"modified":"2021-06-19T21:28:37","modified_gmt":"2021-06-19T19:28:37","slug":"ensenanza-en-linea","status":"publish","type":"page","link":"https:\/\/www.tsubook.net\/es\/ayuda\/ensenanza\/ensenanza-en-linea\/","title":{"rendered":"\u00bfC\u00f3mo ense\u00f1ar en l\u00ednea con Tsubook?"},"content":{"rendered":"\n<p class=\"breadcrumb\"><\/p>\n\n\n\n<p>Tsubook puede apoyar su ense\u00f1anza en l\u00ednea, por ejemplo para mostrar a los estudiantes d\u00f3nde se encuentran los puntos de acupuntura. Aqu\u00ed le mostramos c\u00f3mo mostrar el contenido de Tsubook en su aparato usando ZOOM y navegar como de costumbre. Otros servicios de Web-Meeting deber\u00edan funcionar de manera similar.<\/p>\n\n\n\n<blockquote class=\"wp-block-quote is-layout-flow wp-block-quote-is-layout-flow\"><p><span class=\"has-inline-color has-vivid-red-color\">Advertencia:<\/span> antes de usar Tsubook para sus cursos en l\u00ednea, aseg\u00farese de cumplir <a href=\"https:\/\/www.tsubook.net\/es\/ayuda\/derechos-de-autor\/eventos-en-vivo\/\">los requisitos para eventos en vivo<\/a>, especialmente si est\u00e1 grabando sus cursos.<\/p><\/blockquote>\n\n\n\n<p>Para <strong>iPhones o iPads<\/strong>, la duplicaci\u00f3n de pantalla ya est\u00e1 instalada, por lo que la pantalla se puede mostrar en MacBook o iMac si est\u00e1n conectados a trav\u00e9s de <a href=\"https:\/\/support.apple.com\/es-es\/HT204289\">AirPlay<\/a> o por cable. Durante una reuni\u00f3n de ZOOM, simplemente haga clic en Compartir pantalla y elija su iPhone o iPad conectado. Si tiene dificultades, consulte las <a href=\"https:\/\/support.apple.com\/es-es\/HT204289\">p\u00e1ginas de ayuda de Apple<\/a> para la duplicaci\u00f3n de pantalla.<\/p>\n\n\n\n<p>Para los dispositivos <strong>Android<\/strong>, esta \u00abduplicaci\u00f3n de pantalla\u00bb es un poco m\u00e1s complicada o m\u00e1s cara. Si no desea comprar software adicional, puede probar esto:<\/p>\n\n\n\n<ol class=\"wp-block-list\"><li>Instale la aplicaci\u00f3n m\u00f3vil ZOOM en su dispositivo Android a trav\u00e9s del PlayStore.<\/li><li>Inicie una reuni\u00f3n ZOOM en su computadora port\u00e1til y aseg\u00farese de permitir que los participantes compartan su pantalla en la configuraci\u00f3n de seguridad.<\/li><li>Ahora \u00fanase a la reuni\u00f3n desde su tel\u00e9fono o tablet y comparta su pantalla. Esto se puede hacer antes del inicio de la clase.<\/li><\/ol>\n\n\n\n<p>Puede encontrar m\u00e1s consejos sobre c\u00f3mo compartir la pantalla a trav\u00e9s de ZOOM <a href=\"https:\/\/support.zoom.us\/hc\/es\/sections\/201740106\" target=\"_blank\" rel=\"noreferrer noopener\">aqu\u00ed<\/a>.<\/p>\n\n\n\n<div class=\"wp-block-image\"><figure class=\"aligncenter size-large\"><img loading=\"lazy\" decoding=\"async\" width=\"1024\" height=\"640\" src=\"https:\/\/www.tsubook.net\/es\/wp-content\/uploads\/TsubookZoom_esp-1024x640.png\" alt=\"\" class=\"wp-image-419\" srcset=\"https:\/\/www.tsubook.net\/es\/wp-content\/uploads\/TsubookZoom_esp-1024x640.png 1024w, https:\/\/www.tsubook.net\/es\/wp-content\/uploads\/TsubookZoom_esp-300x188.png 300w, https:\/\/www.tsubook.net\/es\/wp-content\/uploads\/TsubookZoom_esp-768x480.png 768w, https:\/\/www.tsubook.net\/es\/wp-content\/uploads\/TsubookZoom_esp.png 1280w\" sizes=\"auto, (max-width: 1024px) 100vw, 1024px\" \/><figcaption><em>Tsubook en una reuni\u00f3n ZOOM.<\/em><\/figcaption><\/figure><\/div>\n","protected":false},"excerpt":{"rendered":"<p>Tsubook puede apoyar su ense\u00f1anza en l\u00ednea, por ejemplo para mostrar a los estudiantes d\u00f3nde se encuentran los puntos de acupuntura. Aqu\u00ed le mostramos c\u00f3mo mostrar el contenido de Tsubook en su aparato usando ZOOM y navegar como de costumbre. Otros servicios de Web-Meeting deber\u00edan funcionar de manera similar. Advertencia: antes de usar Tsubook para<a href=\"https:\/\/www.tsubook.net\/es\/ayuda\/ensenanza\/ensenanza-en-linea\/\">[&#8230;]<\/a><\/p>\n","protected":false},"author":3,"featured_media":0,"parent":422,"menu_order":1,"comment_status":"closed","ping_status":"closed","template":"","meta":{"jetpack_post_was_ever_published":false,"footnotes":""},"class_list":["post-418","page","type-page","status-publish","hentry","wpautop"],"yoast_head":"<!-- This site is optimized with the Yoast SEO plugin v27.1.1 - https:\/\/yoast.com\/product\/yoast-seo-wordpress\/ -->\n<title>\u00bfC\u00f3mo ense\u00f1ar en l\u00ednea con Tsubook? - Tsubook<\/title>\n<meta name=\"robots\" content=\"index, follow, max-snippet:-1, max-image-preview:large, max-video-preview:-1\" \/>\n<link rel=\"canonical\" href=\"https:\/\/www.tsubook.net\/es\/ayuda\/ensenanza\/ensenanza-en-linea\/\" \/>\n<meta property=\"og:locale\" content=\"es_ES\" \/>\n<meta property=\"og:type\" content=\"article\" \/>\n<meta property=\"og:title\" content=\"\u00bfC\u00f3mo ense\u00f1ar en l\u00ednea con Tsubook? - Tsubook\" \/>\n<meta property=\"og:description\" content=\"Tsubook puede apoyar su ense\u00f1anza en l\u00ednea, por ejemplo para mostrar a los estudiantes d\u00f3nde se encuentran los puntos de acupuntura. Aqu\u00ed le mostramos c\u00f3mo mostrar el contenido de Tsubook en su aparato usando ZOOM y navegar como de costumbre. Otros servicios de Web-Meeting deber\u00edan funcionar de manera similar. Advertencia: antes de usar Tsubook para[...]\" \/>\n<meta property=\"og:url\" content=\"https:\/\/www.tsubook.net\/es\/ayuda\/ensenanza\/ensenanza-en-linea\/\" \/>\n<meta property=\"og:site_name\" content=\"Tsubook\" \/>\n<meta property=\"article:publisher\" content=\"https:\/\/www.facebook.com\/tsubook\/\" \/>\n<meta property=\"article:modified_time\" content=\"2021-06-19T19:28:37+00:00\" \/>\n<meta property=\"og:image\" content=\"https:\/\/www.tsubook.net\/es\/wp-content\/uploads\/TsubookZoom_esp-1024x640.png\" \/>\n<meta name=\"twitter:card\" content=\"summary_large_image\" \/>\n<meta name=\"twitter:site\" content=\"@TsubookApp\" \/>\n<meta name=\"twitter:label1\" content=\"Tiempo de lectura\" \/>\n\t<meta name=\"twitter:data1\" content=\"2 minutos\" \/>\n<script type=\"application\/ld+json\" class=\"yoast-schema-graph\">{\"@context\":\"https:\/\/schema.org\",\"@graph\":[{\"@type\":\"WebPage\",\"@id\":\"https:\/\/www.tsubook.net\/es\/ayuda\/ensenanza\/ensenanza-en-linea\/\",\"url\":\"https:\/\/www.tsubook.net\/es\/ayuda\/ensenanza\/ensenanza-en-linea\/\",\"name\":\"\u00bfC\u00f3mo ense\u00f1ar en l\u00ednea con Tsubook? - Tsubook\",\"isPartOf\":{\"@id\":\"https:\/\/www.tsubook.net\/es\/#website\"},\"primaryImageOfPage\":{\"@id\":\"https:\/\/www.tsubook.net\/es\/ayuda\/ensenanza\/ensenanza-en-linea\/#primaryimage\"},\"image\":{\"@id\":\"https:\/\/www.tsubook.net\/es\/ayuda\/ensenanza\/ensenanza-en-linea\/#primaryimage\"},\"thumbnailUrl\":\"https:\/\/www.tsubook.net\/es\/wp-content\/uploads\/TsubookZoom_esp-1024x640.png\",\"datePublished\":\"2021-03-30T13:58:46+00:00\",\"dateModified\":\"2021-06-19T19:28:37+00:00\",\"breadcrumb\":{\"@id\":\"https:\/\/www.tsubook.net\/es\/ayuda\/ensenanza\/ensenanza-en-linea\/#breadcrumb\"},\"inLanguage\":\"es\",\"potentialAction\":[{\"@type\":\"ReadAction\",\"target\":[\"https:\/\/www.tsubook.net\/es\/ayuda\/ensenanza\/ensenanza-en-linea\/\"]}]},{\"@type\":\"ImageObject\",\"inLanguage\":\"es\",\"@id\":\"https:\/\/www.tsubook.net\/es\/ayuda\/ensenanza\/ensenanza-en-linea\/#primaryimage\",\"url\":\"https:\/\/www.tsubook.net\/es\/wp-content\/uploads\/TsubookZoom_esp.png\",\"contentUrl\":\"https:\/\/www.tsubook.net\/es\/wp-content\/uploads\/TsubookZoom_esp.png\",\"width\":1280,\"height\":800},{\"@type\":\"BreadcrumbList\",\"@id\":\"https:\/\/www.tsubook.net\/es\/ayuda\/ensenanza\/ensenanza-en-linea\/#breadcrumb\",\"itemListElement\":[{\"@type\":\"ListItem\",\"position\":1,\"name\":\"Centro de ayuda\",\"item\":\"https:\/\/www.tsubook.net\/es\/ayuda\/\"},{\"@type\":\"ListItem\",\"position\":2,\"name\":\"Ense\u00f1anza\",\"item\":\"https:\/\/www.tsubook.net\/es\/ayuda\/ensenanza\/\"},{\"@type\":\"ListItem\",\"position\":3,\"name\":\"\u00bfC\u00f3mo ense\u00f1ar en l\u00ednea con Tsubook?\"}]},{\"@type\":\"WebSite\",\"@id\":\"https:\/\/www.tsubook.net\/es\/#website\",\"url\":\"https:\/\/www.tsubook.net\/es\/\",\"name\":\"Tsubook\",\"description\":\"La app de los meridianos para MTC, Acupuntura, Shiatsu, Tuina, Kinesiolog\u00eda, Reflexolog\u00eda, Qi Gong y m\u00e1s\",\"potentialAction\":[{\"@type\":\"SearchAction\",\"target\":{\"@type\":\"EntryPoint\",\"urlTemplate\":\"https:\/\/www.tsubook.net\/es\/?s={search_term_string}\"},\"query-input\":{\"@type\":\"PropertyValueSpecification\",\"valueRequired\":true,\"valueName\":\"search_term_string\"}}],\"inLanguage\":\"es\"}]}<\/script>\n<!-- \/ Yoast SEO plugin. -->","yoast_head_json":{"title":"\u00bfC\u00f3mo ense\u00f1ar en l\u00ednea con Tsubook? - Tsubook","robots":{"index":"index","follow":"follow","max-snippet":"max-snippet:-1","max-image-preview":"max-image-preview:large","max-video-preview":"max-video-preview:-1"},"canonical":"https:\/\/www.tsubook.net\/es\/ayuda\/ensenanza\/ensenanza-en-linea\/","og_locale":"es_ES","og_type":"article","og_title":"\u00bfC\u00f3mo ense\u00f1ar en l\u00ednea con Tsubook? - Tsubook","og_description":"Tsubook puede apoyar su ense\u00f1anza en l\u00ednea, por ejemplo para mostrar a los estudiantes d\u00f3nde se encuentran los puntos de acupuntura. Aqu\u00ed le mostramos c\u00f3mo mostrar el contenido de Tsubook en su aparato usando ZOOM y navegar como de costumbre. Otros servicios de Web-Meeting deber\u00edan funcionar de manera similar. Advertencia: antes de usar Tsubook para[...]","og_url":"https:\/\/www.tsubook.net\/es\/ayuda\/ensenanza\/ensenanza-en-linea\/","og_site_name":"Tsubook","article_publisher":"https:\/\/www.facebook.com\/tsubook\/","article_modified_time":"2021-06-19T19:28:37+00:00","og_image":[{"url":"https:\/\/www.tsubook.net\/es\/wp-content\/uploads\/TsubookZoom_esp-1024x640.png","type":"","width":"","height":""}],"twitter_card":"summary_large_image","twitter_site":"@TsubookApp","twitter_misc":{"Tiempo de lectura":"2 minutos"},"schema":{"@context":"https:\/\/schema.org","@graph":[{"@type":"WebPage","@id":"https:\/\/www.tsubook.net\/es\/ayuda\/ensenanza\/ensenanza-en-linea\/","url":"https:\/\/www.tsubook.net\/es\/ayuda\/ensenanza\/ensenanza-en-linea\/","name":"\u00bfC\u00f3mo ense\u00f1ar en l\u00ednea con Tsubook? - Tsubook","isPartOf":{"@id":"https:\/\/www.tsubook.net\/es\/#website"},"primaryImageOfPage":{"@id":"https:\/\/www.tsubook.net\/es\/ayuda\/ensenanza\/ensenanza-en-linea\/#primaryimage"},"image":{"@id":"https:\/\/www.tsubook.net\/es\/ayuda\/ensenanza\/ensenanza-en-linea\/#primaryimage"},"thumbnailUrl":"https:\/\/www.tsubook.net\/es\/wp-content\/uploads\/TsubookZoom_esp-1024x640.png","datePublished":"2021-03-30T13:58:46+00:00","dateModified":"2021-06-19T19:28:37+00:00","breadcrumb":{"@id":"https:\/\/www.tsubook.net\/es\/ayuda\/ensenanza\/ensenanza-en-linea\/#breadcrumb"},"inLanguage":"es","potentialAction":[{"@type":"ReadAction","target":["https:\/\/www.tsubook.net\/es\/ayuda\/ensenanza\/ensenanza-en-linea\/"]}]},{"@type":"ImageObject","inLanguage":"es","@id":"https:\/\/www.tsubook.net\/es\/ayuda\/ensenanza\/ensenanza-en-linea\/#primaryimage","url":"https:\/\/www.tsubook.net\/es\/wp-content\/uploads\/TsubookZoom_esp.png","contentUrl":"https:\/\/www.tsubook.net\/es\/wp-content\/uploads\/TsubookZoom_esp.png","width":1280,"height":800},{"@type":"BreadcrumbList","@id":"https:\/\/www.tsubook.net\/es\/ayuda\/ensenanza\/ensenanza-en-linea\/#breadcrumb","itemListElement":[{"@type":"ListItem","position":1,"name":"Centro de ayuda","item":"https:\/\/www.tsubook.net\/es\/ayuda\/"},{"@type":"ListItem","position":2,"name":"Ense\u00f1anza","item":"https:\/\/www.tsubook.net\/es\/ayuda\/ensenanza\/"},{"@type":"ListItem","position":3,"name":"\u00bfC\u00f3mo ense\u00f1ar en l\u00ednea con Tsubook?"}]},{"@type":"WebSite","@id":"https:\/\/www.tsubook.net\/es\/#website","url":"https:\/\/www.tsubook.net\/es\/","name":"Tsubook","description":"La app de los meridianos para MTC, Acupuntura, Shiatsu, Tuina, Kinesiolog\u00eda, Reflexolog\u00eda, Qi Gong y m\u00e1s","potentialAction":[{"@type":"SearchAction","target":{"@type":"EntryPoint","urlTemplate":"https:\/\/www.tsubook.net\/es\/?s={search_term_string}"},"query-input":{"@type":"PropertyValueSpecification","valueRequired":true,"valueName":"search_term_string"}}],"inLanguage":"es"}]}},"jetpack_sharing_enabled":true,"jetpack_shortlink":"https:\/\/wp.me\/PaMpYR-6K","_links":{"self":[{"href":"https:\/\/www.tsubook.net\/es\/wp-json\/wp\/v2\/pages\/418","targetHints":{"allow":["GET"]}}],"collection":[{"href":"https:\/\/www.tsubook.net\/es\/wp-json\/wp\/v2\/pages"}],"about":[{"href":"https:\/\/www.tsubook.net\/es\/wp-json\/wp\/v2\/types\/page"}],"author":[{"embeddable":true,"href":"https:\/\/www.tsubook.net\/es\/wp-json\/wp\/v2\/users\/3"}],"replies":[{"embeddable":true,"href":"https:\/\/www.tsubook.net\/es\/wp-json\/wp\/v2\/comments?post=418"}],"version-history":[{"count":6,"href":"https:\/\/www.tsubook.net\/es\/wp-json\/wp\/v2\/pages\/418\/revisions"}],"predecessor-version":[{"id":463,"href":"https:\/\/www.tsubook.net\/es\/wp-json\/wp\/v2\/pages\/418\/revisions\/463"}],"up":[{"embeddable":true,"href":"https:\/\/www.tsubook.net\/es\/wp-json\/wp\/v2\/pages\/422"}],"wp:attachment":[{"href":"https:\/\/www.tsubook.net\/es\/wp-json\/wp\/v2\/media?parent=418"}],"curies":[{"name":"wp","href":"https:\/\/api.w.org\/{rel}","templated":true}]}}