{"id":429,"date":"2021-04-10T14:57:24","date_gmt":"2021-04-10T12:57:24","guid":{"rendered":"https:\/\/www.tsubook.net\/es\/?page_id=429"},"modified":"2021-04-12T14:02:27","modified_gmt":"2021-04-12T12:02:27","slug":"prueba-gratis","status":"publish","type":"page","link":"https:\/\/www.tsubook.net\/es\/ayuda\/precios\/prueba-gratis\/","title":{"rendered":"\u00bfC\u00f3mo obtener semanas gratis para acceder a todo el contenido?"},"content":{"rendered":"\n<p class=\"breadcrumb\"><\/p>\n\n\n\n<p>Si a\u00fan no tiene una licencia, puede obtener semanas de prueba gratuitas informando a sus amigos sobre Tsubook. Aqu\u00ed tiene c\u00f3mo hacerlo:<\/p>\n\n\n\n<ol class=\"wp-block-list\"><li>Haga clic en el men\u00fa en la esquina superior izquierda de la aplicaci\u00f3n. <\/li><li>Haga clic en el \u00edcono del coraz\u00f3n que dice \u00ab<em>Obtenga semanas gratis<\/em>\u00ab.<\/li><li>Comparta el enlace de referencia a trav\u00e9s de sus canales. Presione el bot\u00f3n naranja o simplemente copie y pegue el enlace. \u00a1Por cada persona que haga clic en este enlace desde su tel\u00e9fono inteligente o tableta y se registre, obtendr\u00e1 autom\u00e1ticamente <strong>una semana de prueba gratuita<\/strong>!<\/li><\/ol>\n\n\n\n<div class=\"wp-block-columns is-layout-flex wp-container-core-columns-is-layout-9d6595d7 wp-block-columns-is-layout-flex\">\n<div class=\"wp-block-column is-layout-flow wp-block-column-is-layout-flow\">\n<div class=\"wp-block-image\"><figure class=\"aligncenter size-large\"><img loading=\"lazy\" decoding=\"async\" width=\"508\" height=\"1024\" src=\"https:\/\/www.tsubook.net\/es\/wp-content\/uploads\/Tutorial_InviteFriends_es_1-508x1024.png\" alt=\"\" class=\"wp-image-430\" srcset=\"https:\/\/www.tsubook.net\/es\/wp-content\/uploads\/Tutorial_InviteFriends_es_1-508x1024.png 508w, https:\/\/www.tsubook.net\/es\/wp-content\/uploads\/Tutorial_InviteFriends_es_1-149x300.png 149w, https:\/\/www.tsubook.net\/es\/wp-content\/uploads\/Tutorial_InviteFriends_es_1.png 576w\" sizes=\"auto, (max-width: 508px) 100vw, 508px\" \/><\/figure><\/div>\n<\/div>\n\n\n\n<div class=\"wp-block-column is-layout-flow wp-block-column-is-layout-flow\">\n<div class=\"wp-block-image\"><figure class=\"aligncenter size-large\"><img loading=\"lazy\" decoding=\"async\" width=\"508\" height=\"1024\" src=\"https:\/\/www.tsubook.net\/es\/wp-content\/uploads\/Tutorial_InviteFriends_es_2-508x1024.png\" alt=\"\" class=\"wp-image-431\" srcset=\"https:\/\/www.tsubook.net\/es\/wp-content\/uploads\/Tutorial_InviteFriends_es_2-508x1024.png 508w, https:\/\/www.tsubook.net\/es\/wp-content\/uploads\/Tutorial_InviteFriends_es_2-149x300.png 149w, https:\/\/www.tsubook.net\/es\/wp-content\/uploads\/Tutorial_InviteFriends_es_2.png 576w\" sizes=\"auto, (max-width: 508px) 100vw, 508px\" \/><\/figure><\/div>\n<\/div>\n\n\n\n<div class=\"wp-block-column is-layout-flow wp-block-column-is-layout-flow\">\n<div class=\"wp-block-image\"><figure class=\"aligncenter size-large\"><img loading=\"lazy\" decoding=\"async\" width=\"508\" height=\"1024\" src=\"https:\/\/www.tsubook.net\/es\/wp-content\/uploads\/Tutorial_InviteFriends_es_3-508x1024.png\" alt=\"\" class=\"wp-image-432\" srcset=\"https:\/\/www.tsubook.net\/es\/wp-content\/uploads\/Tutorial_InviteFriends_es_3-508x1024.png 508w, https:\/\/www.tsubook.net\/es\/wp-content\/uploads\/Tutorial_InviteFriends_es_3-149x300.png 149w, https:\/\/www.tsubook.net\/es\/wp-content\/uploads\/Tutorial_InviteFriends_es_3.png 576w\" sizes=\"auto, (max-width: 508px) 100vw, 508px\" \/><\/figure><\/div>\n<\/div>\n<\/div>\n","protected":false},"excerpt":{"rendered":"<p>Si a\u00fan no tiene una licencia, puede obtener semanas de prueba gratuitas informando a sus amigos sobre Tsubook. Aqu\u00ed tiene c\u00f3mo hacerlo: Haga clic en el men\u00fa en la esquina superior izquierda de la aplicaci\u00f3n. Haga clic en el \u00edcono del coraz\u00f3n que dice \u00abObtenga semanas gratis\u00ab. Comparta el enlace de referencia a trav\u00e9s de<a href=\"https:\/\/www.tsubook.net\/es\/ayuda\/precios\/prueba-gratis\/\">[&#8230;]<\/a><\/p>\n","protected":false},"author":3,"featured_media":0,"parent":106,"menu_order":0,"comment_status":"closed","ping_status":"closed","template":"","meta":{"jetpack_post_was_ever_published":false,"footnotes":""},"class_list":["post-429","page","type-page","status-publish","hentry","wpautop"],"yoast_head":"<!-- This site is optimized with the Yoast SEO plugin v27.1.1 - https:\/\/yoast.com\/product\/yoast-seo-wordpress\/ -->\n<title>\u00bfC\u00f3mo obtener semanas gratis para acceder a todo el contenido? - Tsubook<\/title>\n<meta name=\"robots\" content=\"index, follow, max-snippet:-1, max-image-preview:large, max-video-preview:-1\" \/>\n<link rel=\"canonical\" href=\"https:\/\/www.tsubook.net\/es\/ayuda\/precios\/prueba-gratis\/\" \/>\n<meta property=\"og:locale\" content=\"es_ES\" \/>\n<meta property=\"og:type\" content=\"article\" \/>\n<meta property=\"og:title\" content=\"\u00bfC\u00f3mo obtener semanas gratis para acceder a todo el contenido? - Tsubook\" \/>\n<meta property=\"og:description\" content=\"Si a\u00fan no tiene una licencia, puede obtener semanas de prueba gratuitas informando a sus amigos sobre Tsubook. Aqu\u00ed tiene c\u00f3mo hacerlo: Haga clic en el men\u00fa en la esquina superior izquierda de la aplicaci\u00f3n. Haga clic en el \u00edcono del coraz\u00f3n que dice \u00abObtenga semanas gratis\u00ab. Comparta el enlace de referencia a trav\u00e9s de[...]\" \/>\n<meta property=\"og:url\" content=\"https:\/\/www.tsubook.net\/es\/ayuda\/precios\/prueba-gratis\/\" \/>\n<meta property=\"og:site_name\" content=\"Tsubook\" \/>\n<meta property=\"article:publisher\" content=\"https:\/\/www.facebook.com\/tsubook\/\" \/>\n<meta property=\"article:modified_time\" content=\"2021-04-12T12:02:27+00:00\" \/>\n<meta property=\"og:image\" content=\"https:\/\/www.tsubook.net\/es\/wp-content\/uploads\/Tutorial_InviteFriends_es_1-508x1024.png\" \/>\n<meta name=\"twitter:card\" content=\"summary_large_image\" \/>\n<meta name=\"twitter:site\" content=\"@TsubookApp\" \/>\n<meta name=\"twitter:label1\" content=\"Tiempo de lectura\" \/>\n\t<meta name=\"twitter:data1\" content=\"2 minutos\" \/>\n<script type=\"application\/ld+json\" class=\"yoast-schema-graph\">{\"@context\":\"https:\/\/schema.org\",\"@graph\":[{\"@type\":\"WebPage\",\"@id\":\"https:\/\/www.tsubook.net\/es\/ayuda\/precios\/prueba-gratis\/\",\"url\":\"https:\/\/www.tsubook.net\/es\/ayuda\/precios\/prueba-gratis\/\",\"name\":\"\u00bfC\u00f3mo obtener semanas gratis para acceder a todo el contenido? - Tsubook\",\"isPartOf\":{\"@id\":\"https:\/\/www.tsubook.net\/es\/#website\"},\"primaryImageOfPage\":{\"@id\":\"https:\/\/www.tsubook.net\/es\/ayuda\/precios\/prueba-gratis\/#primaryimage\"},\"image\":{\"@id\":\"https:\/\/www.tsubook.net\/es\/ayuda\/precios\/prueba-gratis\/#primaryimage\"},\"thumbnailUrl\":\"https:\/\/www.tsubook.net\/es\/wp-content\/uploads\/Tutorial_InviteFriends_es_1-508x1024.png\",\"datePublished\":\"2021-04-10T12:57:24+00:00\",\"dateModified\":\"2021-04-12T12:02:27+00:00\",\"breadcrumb\":{\"@id\":\"https:\/\/www.tsubook.net\/es\/ayuda\/precios\/prueba-gratis\/#breadcrumb\"},\"inLanguage\":\"es\",\"potentialAction\":[{\"@type\":\"ReadAction\",\"target\":[\"https:\/\/www.tsubook.net\/es\/ayuda\/precios\/prueba-gratis\/\"]}]},{\"@type\":\"ImageObject\",\"inLanguage\":\"es\",\"@id\":\"https:\/\/www.tsubook.net\/es\/ayuda\/precios\/prueba-gratis\/#primaryimage\",\"url\":\"https:\/\/www.tsubook.net\/es\/wp-content\/uploads\/Tutorial_InviteFriends_es_1.png\",\"contentUrl\":\"https:\/\/www.tsubook.net\/es\/wp-content\/uploads\/Tutorial_InviteFriends_es_1.png\",\"width\":576,\"height\":1161},{\"@type\":\"BreadcrumbList\",\"@id\":\"https:\/\/www.tsubook.net\/es\/ayuda\/precios\/prueba-gratis\/#breadcrumb\",\"itemListElement\":[{\"@type\":\"ListItem\",\"position\":1,\"name\":\"Centro de ayuda\",\"item\":\"https:\/\/www.tsubook.net\/es\/ayuda\/\"},{\"@type\":\"ListItem\",\"position\":2,\"name\":\"Precios\",\"item\":\"https:\/\/www.tsubook.net\/es\/ayuda\/precios\/\"},{\"@type\":\"ListItem\",\"position\":3,\"name\":\"\u00bfC\u00f3mo obtener semanas gratis para acceder a todo el contenido?\"}]},{\"@type\":\"WebSite\",\"@id\":\"https:\/\/www.tsubook.net\/es\/#website\",\"url\":\"https:\/\/www.tsubook.net\/es\/\",\"name\":\"Tsubook\",\"description\":\"La app de los meridianos para MTC, Acupuntura, Shiatsu, Tuina, Kinesiolog\u00eda, Reflexolog\u00eda, Qi Gong y m\u00e1s\",\"potentialAction\":[{\"@type\":\"SearchAction\",\"target\":{\"@type\":\"EntryPoint\",\"urlTemplate\":\"https:\/\/www.tsubook.net\/es\/?s={search_term_string}\"},\"query-input\":{\"@type\":\"PropertyValueSpecification\",\"valueRequired\":true,\"valueName\":\"search_term_string\"}}],\"inLanguage\":\"es\"}]}<\/script>\n<!-- \/ Yoast SEO plugin. -->","yoast_head_json":{"title":"\u00bfC\u00f3mo obtener semanas gratis para acceder a todo el contenido? - Tsubook","robots":{"index":"index","follow":"follow","max-snippet":"max-snippet:-1","max-image-preview":"max-image-preview:large","max-video-preview":"max-video-preview:-1"},"canonical":"https:\/\/www.tsubook.net\/es\/ayuda\/precios\/prueba-gratis\/","og_locale":"es_ES","og_type":"article","og_title":"\u00bfC\u00f3mo obtener semanas gratis para acceder a todo el contenido? - Tsubook","og_description":"Si a\u00fan no tiene una licencia, puede obtener semanas de prueba gratuitas informando a sus amigos sobre Tsubook. Aqu\u00ed tiene c\u00f3mo hacerlo: Haga clic en el men\u00fa en la esquina superior izquierda de la aplicaci\u00f3n. Haga clic en el \u00edcono del coraz\u00f3n que dice \u00abObtenga semanas gratis\u00ab. Comparta el enlace de referencia a trav\u00e9s de[...]","og_url":"https:\/\/www.tsubook.net\/es\/ayuda\/precios\/prueba-gratis\/","og_site_name":"Tsubook","article_publisher":"https:\/\/www.facebook.com\/tsubook\/","article_modified_time":"2021-04-12T12:02:27+00:00","og_image":[{"url":"https:\/\/www.tsubook.net\/es\/wp-content\/uploads\/Tutorial_InviteFriends_es_1-508x1024.png","type":"","width":"","height":""}],"twitter_card":"summary_large_image","twitter_site":"@TsubookApp","twitter_misc":{"Tiempo de lectura":"2 minutos"},"schema":{"@context":"https:\/\/schema.org","@graph":[{"@type":"WebPage","@id":"https:\/\/www.tsubook.net\/es\/ayuda\/precios\/prueba-gratis\/","url":"https:\/\/www.tsubook.net\/es\/ayuda\/precios\/prueba-gratis\/","name":"\u00bfC\u00f3mo obtener semanas gratis para acceder a todo el contenido? - Tsubook","isPartOf":{"@id":"https:\/\/www.tsubook.net\/es\/#website"},"primaryImageOfPage":{"@id":"https:\/\/www.tsubook.net\/es\/ayuda\/precios\/prueba-gratis\/#primaryimage"},"image":{"@id":"https:\/\/www.tsubook.net\/es\/ayuda\/precios\/prueba-gratis\/#primaryimage"},"thumbnailUrl":"https:\/\/www.tsubook.net\/es\/wp-content\/uploads\/Tutorial_InviteFriends_es_1-508x1024.png","datePublished":"2021-04-10T12:57:24+00:00","dateModified":"2021-04-12T12:02:27+00:00","breadcrumb":{"@id":"https:\/\/www.tsubook.net\/es\/ayuda\/precios\/prueba-gratis\/#breadcrumb"},"inLanguage":"es","potentialAction":[{"@type":"ReadAction","target":["https:\/\/www.tsubook.net\/es\/ayuda\/precios\/prueba-gratis\/"]}]},{"@type":"ImageObject","inLanguage":"es","@id":"https:\/\/www.tsubook.net\/es\/ayuda\/precios\/prueba-gratis\/#primaryimage","url":"https:\/\/www.tsubook.net\/es\/wp-content\/uploads\/Tutorial_InviteFriends_es_1.png","contentUrl":"https:\/\/www.tsubook.net\/es\/wp-content\/uploads\/Tutorial_InviteFriends_es_1.png","width":576,"height":1161},{"@type":"BreadcrumbList","@id":"https:\/\/www.tsubook.net\/es\/ayuda\/precios\/prueba-gratis\/#breadcrumb","itemListElement":[{"@type":"ListItem","position":1,"name":"Centro de ayuda","item":"https:\/\/www.tsubook.net\/es\/ayuda\/"},{"@type":"ListItem","position":2,"name":"Precios","item":"https:\/\/www.tsubook.net\/es\/ayuda\/precios\/"},{"@type":"ListItem","position":3,"name":"\u00bfC\u00f3mo obtener semanas gratis para acceder a todo el contenido?"}]},{"@type":"WebSite","@id":"https:\/\/www.tsubook.net\/es\/#website","url":"https:\/\/www.tsubook.net\/es\/","name":"Tsubook","description":"La app de los meridianos para MTC, Acupuntura, Shiatsu, Tuina, Kinesiolog\u00eda, Reflexolog\u00eda, Qi Gong y m\u00e1s","potentialAction":[{"@type":"SearchAction","target":{"@type":"EntryPoint","urlTemplate":"https:\/\/www.tsubook.net\/es\/?s={search_term_string}"},"query-input":{"@type":"PropertyValueSpecification","valueRequired":true,"valueName":"search_term_string"}}],"inLanguage":"es"}]}},"jetpack_sharing_enabled":true,"jetpack_shortlink":"https:\/\/wp.me\/PaMpYR-6V","_links":{"self":[{"href":"https:\/\/www.tsubook.net\/es\/wp-json\/wp\/v2\/pages\/429","targetHints":{"allow":["GET"]}}],"collection":[{"href":"https:\/\/www.tsubook.net\/es\/wp-json\/wp\/v2\/pages"}],"about":[{"href":"https:\/\/www.tsubook.net\/es\/wp-json\/wp\/v2\/types\/page"}],"author":[{"embeddable":true,"href":"https:\/\/www.tsubook.net\/es\/wp-json\/wp\/v2\/users\/3"}],"replies":[{"embeddable":true,"href":"https:\/\/www.tsubook.net\/es\/wp-json\/wp\/v2\/comments?post=429"}],"version-history":[{"count":2,"href":"https:\/\/www.tsubook.net\/es\/wp-json\/wp\/v2\/pages\/429\/revisions"}],"predecessor-version":[{"id":437,"href":"https:\/\/www.tsubook.net\/es\/wp-json\/wp\/v2\/pages\/429\/revisions\/437"}],"up":[{"embeddable":true,"href":"https:\/\/www.tsubook.net\/es\/wp-json\/wp\/v2\/pages\/106"}],"wp:attachment":[{"href":"https:\/\/www.tsubook.net\/es\/wp-json\/wp\/v2\/media?parent=429"}],"curies":[{"name":"wp","href":"https:\/\/api.w.org\/{rel}","templated":true}]}}