{"id":453,"date":"2021-06-19T21:05:37","date_gmt":"2021-06-19T19:05:37","guid":{"rendered":"https:\/\/www.tsubook.net\/es\/?page_id=453"},"modified":"2021-06-24T16:18:47","modified_gmt":"2021-06-24T14:18:47","slug":"capturas-pantalla","status":"publish","type":"page","link":"https:\/\/www.tsubook.net\/es\/ayuda\/derechos-de-autor\/capturas-pantalla\/","title":{"rendered":"\u00bfPuedo usar capturas de pantalla de Tsubook?"},"content":{"rendered":"\n<p class=\"breadcrumb\"><\/p>\n\n\n\n<p>Tsubook es una gran herramienta para visualizar los meridianos y sus puntos. Regularmente recibimos solicitudes de derechos de uso de fotos de Tsubook para ilustrar materiales de cursos, publicaciones de blogs, newsletter, libros, etc. Como somos una peque\u00f1a empresa, queremos ayudar a los peque\u00f1os actores en terapias alternativas ofreci\u00e9ndoles el uso gratuito del contenido de Tsubook para sus empresas.<\/p>\n\n\n\n<blockquote class=\"wp-block-quote is-layout-flow wp-block-quote-is-layout-flow\"><p><strong>Definici\u00f3n:<\/strong> una \u201ccaptura de pantalla\u201d es una foto de la pantalla de su dispositivo (smartphone, tableta, computadora, etc.) que luego puede compartirse a trav\u00e9s de Internet, incluirse en un documento o imprimirse. Sin embargo, tenga en cuenta que la aplicaci\u00f3n que se muestra en la pantalla en el momento de la captura est\u00e1 sujeta a derechos de autor. A continuaci\u00f3n, encontrar\u00e1 toda la informaci\u00f3n que necesita para utilizar de forma legal capturas de pantalla incluyendo la aplicaci\u00f3n Tsubook.<\/p><\/blockquote>\n\n\n\n<h2 class=\"wp-block-heading\">Condiciones<\/h2>\n\n\n\n<p>Puede utilizar capturas de pantalla de determinadas partes de Tsubook (ver m\u00e1s abajo) de forma gratuita para ilustrar sus materiales (f\u00edsicos y digitales) siempre que:<\/p>\n\n\n\n<ol class=\"wp-block-list\"><li>Su volumen de negocios (o sus ingresos personales si es un particular) no supera los 30.000 \u20ac anuales<\/li><li>Su material no es un competidor de Tsubook (atlas de meridianos, manual,\u2026)<\/li><li>Cada captura de pantalla va acompa\u00f1ada del nombre de la aplicaci\u00f3n (Tsubook) con un enlace a <a href=\"https:\/\/tsubook.net\/es\/\">https:\/\/tsubook.net\/es\/<\/a><\/li><\/ol>\n\n\n\n<p>Si no cumple con estas condiciones, no puede utilizar las capturas de pantalla de Tsubook de forma gratuita. L@ invitamos a <a href=\"https:\/\/www.tsubook.net\/es\/contacto\/\">contactarnos<\/a> para conocer los precios que pueden aplicarse a su situaci\u00f3n.<\/p>\n\n\n\n<h2 class=\"wp-block-heading\">Contenido utilizable<\/h2>\n\n\n\n<p>Si se cumplen estas condiciones, el contenido utilizable var\u00eda seg\u00fan la distribuci\u00f3n de su material:<\/p>\n\n\n\n<p><strong>Si distribuye sus materiales de forma gratuita<\/strong> (por ejemplo, un blog gratuito en Internet), puede incluir capturas de pantalla de las siguientes partes de Tsubook:<\/p>\n\n\n\n<ul class=\"wp-block-list\"><li>Las \u00e1reas 3D que muestran: <ul><li>los 12 meridianos MCT<\/li><li>los 2 vasos extraordinarios Du Mai (Gobernador) y Ren Mai (Concepci\u00f3n)<\/li><li>los primeros 6 meridianos Masunaga<\/li><li>las primeras 6 \u00e1reas de diagn\u00f3stico<\/li><li>los 361 puntos de los meridianos<\/li><li>la piel y el interior del cuerpo (huesos, m\u00fasculos y \u00f3rganos)<\/li><\/ul><\/li><li>La descripci\u00f3n textual de la posici\u00f3n de cada punto<\/li><\/ul>\n\n\n\n<p><strong>Si su distribuci\u00f3n est\u00e1 dirigida a una audiencia que paga <\/strong>(por ejemplo, materiales del curso distribuidos solo a estudiantes en su escuela), puede incluir capturas de pantalla de las siguientes partes de Tsubook:<\/p>\n\n\n\n<ul class=\"wp-block-list\"><li>Las \u00e1reas 3D que muestran: <ul><li>los 12 meridianos MCT<\/li><li>los 8 vasos extraordinarios<\/li><li>los 12 meridianos de Masunaga<\/li><li>las 12 \u00e1reas de diagn\u00f3stico<\/li><li>los 361 puntos de los meridianos<\/li><li>la piel y el interior del cuerpo (huesos, m\u00fasculos y \u00f3rganos)<\/li><\/ul><\/li><li>La descripci\u00f3n textual de la posici\u00f3n de cada punto<\/li><\/ul>\n\n\n\n<p>Aparte de eso, no se le permite utilizar otras partes de la aplicaci\u00f3n de forma gratuita para sus capturas de pantalla. Por ejemplo, no se puede utilizar gratuitamente la lista de categor\u00edas, la lista de indicaciones, la vista 3D con la selecci\u00f3n de puntos de una indicaci\u00f3n, etc. Si desea utilizar estas partes, <a href=\"https:\/\/www.tsubook.net\/es\/contacto\/\">cont\u00e1ctenos<\/a> para conocer los precios.<\/p>\n\n\n\n<blockquote class=\"wp-block-quote is-layout-flow wp-block-quote-is-layout-flow\"><p>Tenga en cuenta que el uso de capturas de pantalla no est\u00e1 sujeto a las mismas reglas que la grabaci\u00f3n de videos dentro de Tsubook (<a href=\"https:\/\/www.tsubook.net\/es\/ayuda\/derechos-de-autor\/grabaciones-video\/\">lea m\u00e1s sobre esto<\/a>) o el uso de Tsubook en vivo (<a href=\"https:\/\/www.tsubook.net\/es\/ayuda\/derechos-de-autor\/eventos-en-vivo\/\">lea m\u00e1s sobre esto<\/a>).<\/p><\/blockquote>\n\n\n\n<p>Si tiene alguna duda sobre la forma en que distribuye extractos de Tsubook (capturas de pantalla, grabaci\u00f3n de v\u00eddeo, eventos en directo, &#8230;), no dude en <a href=\"https:\/\/www.tsubook.net\/es\/contacto\/\">contactarnos<\/a>.<\/p>\n","protected":false},"excerpt":{"rendered":"<p>Tsubook es una gran herramienta para visualizar los meridianos y sus puntos. Regularmente recibimos solicitudes de derechos de uso de fotos de Tsubook para ilustrar materiales de cursos, publicaciones de blogs, newsletter, libros, etc. Como somos una peque\u00f1a empresa, queremos ayudar a los peque\u00f1os actores en terapias alternativas ofreci\u00e9ndoles el uso gratuito del contenido de<a href=\"https:\/\/www.tsubook.net\/es\/ayuda\/derechos-de-autor\/capturas-pantalla\/\">[&#8230;]<\/a><\/p>\n","protected":false},"author":3,"featured_media":0,"parent":450,"menu_order":0,"comment_status":"closed","ping_status":"closed","template":"","meta":{"jetpack_post_was_ever_published":false,"footnotes":""},"class_list":["post-453","page","type-page","status-publish","hentry","wpautop"],"yoast_head":"<!-- This site is optimized with the Yoast SEO plugin v27.1.1 - https:\/\/yoast.com\/product\/yoast-seo-wordpress\/ -->\n<title>\u00bfPuedo usar capturas de pantalla de Tsubook? - Tsubook<\/title>\n<meta name=\"robots\" content=\"index, follow, max-snippet:-1, max-image-preview:large, max-video-preview:-1\" \/>\n<link rel=\"canonical\" href=\"https:\/\/www.tsubook.net\/es\/ayuda\/derechos-de-autor\/capturas-pantalla\/\" \/>\n<meta property=\"og:locale\" content=\"es_ES\" \/>\n<meta property=\"og:type\" content=\"article\" \/>\n<meta property=\"og:title\" content=\"\u00bfPuedo usar capturas de pantalla de Tsubook? - Tsubook\" \/>\n<meta property=\"og:description\" content=\"Tsubook es una gran herramienta para visualizar los meridianos y sus puntos. Regularmente recibimos solicitudes de derechos de uso de fotos de Tsubook para ilustrar materiales de cursos, publicaciones de blogs, newsletter, libros, etc. Como somos una peque\u00f1a empresa, queremos ayudar a los peque\u00f1os actores en terapias alternativas ofreci\u00e9ndoles el uso gratuito del contenido de[...]\" \/>\n<meta property=\"og:url\" content=\"https:\/\/www.tsubook.net\/es\/ayuda\/derechos-de-autor\/capturas-pantalla\/\" \/>\n<meta property=\"og:site_name\" content=\"Tsubook\" \/>\n<meta property=\"article:publisher\" content=\"https:\/\/www.facebook.com\/tsubook\/\" \/>\n<meta property=\"article:modified_time\" content=\"2021-06-24T14:18:47+00:00\" \/>\n<meta property=\"og:image\" content=\"https:\/\/www.tsubook.net\/es\/wp-content\/uploads\/tsubook_main.png\" \/>\n\t<meta property=\"og:image:width\" content=\"1536\" \/>\n\t<meta property=\"og:image:height\" content=\"1024\" \/>\n\t<meta property=\"og:image:type\" content=\"image\/png\" \/>\n<meta name=\"twitter:card\" content=\"summary_large_image\" \/>\n<meta name=\"twitter:site\" content=\"@TsubookApp\" \/>\n<meta name=\"twitter:label1\" content=\"Tiempo de lectura\" \/>\n\t<meta name=\"twitter:data1\" content=\"3 minutos\" \/>\n<script type=\"application\/ld+json\" class=\"yoast-schema-graph\">{\"@context\":\"https:\/\/schema.org\",\"@graph\":[{\"@type\":\"WebPage\",\"@id\":\"https:\/\/www.tsubook.net\/es\/ayuda\/derechos-de-autor\/capturas-pantalla\/\",\"url\":\"https:\/\/www.tsubook.net\/es\/ayuda\/derechos-de-autor\/capturas-pantalla\/\",\"name\":\"\u00bfPuedo usar capturas de pantalla de Tsubook? - Tsubook\",\"isPartOf\":{\"@id\":\"https:\/\/www.tsubook.net\/es\/#website\"},\"datePublished\":\"2021-06-19T19:05:37+00:00\",\"dateModified\":\"2021-06-24T14:18:47+00:00\",\"breadcrumb\":{\"@id\":\"https:\/\/www.tsubook.net\/es\/ayuda\/derechos-de-autor\/capturas-pantalla\/#breadcrumb\"},\"inLanguage\":\"es\",\"potentialAction\":[{\"@type\":\"ReadAction\",\"target\":[\"https:\/\/www.tsubook.net\/es\/ayuda\/derechos-de-autor\/capturas-pantalla\/\"]}]},{\"@type\":\"BreadcrumbList\",\"@id\":\"https:\/\/www.tsubook.net\/es\/ayuda\/derechos-de-autor\/capturas-pantalla\/#breadcrumb\",\"itemListElement\":[{\"@type\":\"ListItem\",\"position\":1,\"name\":\"Centro de ayuda\",\"item\":\"https:\/\/www.tsubook.net\/es\/ayuda\/\"},{\"@type\":\"ListItem\",\"position\":2,\"name\":\"Derechos de autor\",\"item\":\"https:\/\/www.tsubook.net\/es\/ayuda\/derechos-de-autor\/\"},{\"@type\":\"ListItem\",\"position\":3,\"name\":\"\u00bfPuedo usar capturas de pantalla de Tsubook?\"}]},{\"@type\":\"WebSite\",\"@id\":\"https:\/\/www.tsubook.net\/es\/#website\",\"url\":\"https:\/\/www.tsubook.net\/es\/\",\"name\":\"Tsubook\",\"description\":\"La app de los meridianos para MTC, Acupuntura, Shiatsu, Tuina, Kinesiolog\u00eda, Reflexolog\u00eda, Qi Gong y m\u00e1s\",\"potentialAction\":[{\"@type\":\"SearchAction\",\"target\":{\"@type\":\"EntryPoint\",\"urlTemplate\":\"https:\/\/www.tsubook.net\/es\/?s={search_term_string}\"},\"query-input\":{\"@type\":\"PropertyValueSpecification\",\"valueRequired\":true,\"valueName\":\"search_term_string\"}}],\"inLanguage\":\"es\"}]}<\/script>\n<!-- \/ Yoast SEO plugin. -->","yoast_head_json":{"title":"\u00bfPuedo usar capturas de pantalla de Tsubook? - Tsubook","robots":{"index":"index","follow":"follow","max-snippet":"max-snippet:-1","max-image-preview":"max-image-preview:large","max-video-preview":"max-video-preview:-1"},"canonical":"https:\/\/www.tsubook.net\/es\/ayuda\/derechos-de-autor\/capturas-pantalla\/","og_locale":"es_ES","og_type":"article","og_title":"\u00bfPuedo usar capturas de pantalla de Tsubook? - Tsubook","og_description":"Tsubook es una gran herramienta para visualizar los meridianos y sus puntos. Regularmente recibimos solicitudes de derechos de uso de fotos de Tsubook para ilustrar materiales de cursos, publicaciones de blogs, newsletter, libros, etc. Como somos una peque\u00f1a empresa, queremos ayudar a los peque\u00f1os actores en terapias alternativas ofreci\u00e9ndoles el uso gratuito del contenido de[...]","og_url":"https:\/\/www.tsubook.net\/es\/ayuda\/derechos-de-autor\/capturas-pantalla\/","og_site_name":"Tsubook","article_publisher":"https:\/\/www.facebook.com\/tsubook\/","article_modified_time":"2021-06-24T14:18:47+00:00","og_image":[{"width":1536,"height":1024,"url":"https:\/\/www.tsubook.net\/es\/wp-content\/uploads\/tsubook_main.png","type":"image\/png"}],"twitter_card":"summary_large_image","twitter_site":"@TsubookApp","twitter_misc":{"Tiempo de lectura":"3 minutos"},"schema":{"@context":"https:\/\/schema.org","@graph":[{"@type":"WebPage","@id":"https:\/\/www.tsubook.net\/es\/ayuda\/derechos-de-autor\/capturas-pantalla\/","url":"https:\/\/www.tsubook.net\/es\/ayuda\/derechos-de-autor\/capturas-pantalla\/","name":"\u00bfPuedo usar capturas de pantalla de Tsubook? - Tsubook","isPartOf":{"@id":"https:\/\/www.tsubook.net\/es\/#website"},"datePublished":"2021-06-19T19:05:37+00:00","dateModified":"2021-06-24T14:18:47+00:00","breadcrumb":{"@id":"https:\/\/www.tsubook.net\/es\/ayuda\/derechos-de-autor\/capturas-pantalla\/#breadcrumb"},"inLanguage":"es","potentialAction":[{"@type":"ReadAction","target":["https:\/\/www.tsubook.net\/es\/ayuda\/derechos-de-autor\/capturas-pantalla\/"]}]},{"@type":"BreadcrumbList","@id":"https:\/\/www.tsubook.net\/es\/ayuda\/derechos-de-autor\/capturas-pantalla\/#breadcrumb","itemListElement":[{"@type":"ListItem","position":1,"name":"Centro de ayuda","item":"https:\/\/www.tsubook.net\/es\/ayuda\/"},{"@type":"ListItem","position":2,"name":"Derechos de autor","item":"https:\/\/www.tsubook.net\/es\/ayuda\/derechos-de-autor\/"},{"@type":"ListItem","position":3,"name":"\u00bfPuedo usar capturas de pantalla de Tsubook?"}]},{"@type":"WebSite","@id":"https:\/\/www.tsubook.net\/es\/#website","url":"https:\/\/www.tsubook.net\/es\/","name":"Tsubook","description":"La app de los meridianos para MTC, Acupuntura, Shiatsu, Tuina, Kinesiolog\u00eda, Reflexolog\u00eda, Qi Gong y m\u00e1s","potentialAction":[{"@type":"SearchAction","target":{"@type":"EntryPoint","urlTemplate":"https:\/\/www.tsubook.net\/es\/?s={search_term_string}"},"query-input":{"@type":"PropertyValueSpecification","valueRequired":true,"valueName":"search_term_string"}}],"inLanguage":"es"}]}},"jetpack_sharing_enabled":true,"jetpack_shortlink":"https:\/\/wp.me\/PaMpYR-7j","_links":{"self":[{"href":"https:\/\/www.tsubook.net\/es\/wp-json\/wp\/v2\/pages\/453","targetHints":{"allow":["GET"]}}],"collection":[{"href":"https:\/\/www.tsubook.net\/es\/wp-json\/wp\/v2\/pages"}],"about":[{"href":"https:\/\/www.tsubook.net\/es\/wp-json\/wp\/v2\/types\/page"}],"author":[{"embeddable":true,"href":"https:\/\/www.tsubook.net\/es\/wp-json\/wp\/v2\/users\/3"}],"replies":[{"embeddable":true,"href":"https:\/\/www.tsubook.net\/es\/wp-json\/wp\/v2\/comments?post=453"}],"version-history":[{"count":3,"href":"https:\/\/www.tsubook.net\/es\/wp-json\/wp\/v2\/pages\/453\/revisions"}],"predecessor-version":[{"id":467,"href":"https:\/\/www.tsubook.net\/es\/wp-json\/wp\/v2\/pages\/453\/revisions\/467"}],"up":[{"embeddable":true,"href":"https:\/\/www.tsubook.net\/es\/wp-json\/wp\/v2\/pages\/450"}],"wp:attachment":[{"href":"https:\/\/www.tsubook.net\/es\/wp-json\/wp\/v2\/media?parent=453"}],"curies":[{"name":"wp","href":"https:\/\/api.w.org\/{rel}","templated":true}]}}