{"id":455,"date":"2021-06-19T21:13:39","date_gmt":"2021-06-19T19:13:39","guid":{"rendered":"https:\/\/www.tsubook.net\/es\/?page_id=455"},"modified":"2021-06-24T16:27:24","modified_gmt":"2021-06-24T14:27:24","slug":"grabaciones-video","status":"publish","type":"page","link":"https:\/\/www.tsubook.net\/es\/ayuda\/derechos-de-autor\/grabaciones-video\/","title":{"rendered":"\u00bfPuedo usar grabaciones de video de Tsubook?"},"content":{"rendered":"\n<p class=\"breadcrumb\"><\/p>\n\n\n\n<p>Tsubook es una gran herramienta para visualizar los meridianos y sus puntos. Regularmente recibimos solicitudes para el derecho a incrustar material de Tsubook en videos. Como somos una peque\u00f1a empresa, queremos ayudar a los peque\u00f1os actores en terapias alternativas ofreci\u00e9ndoles el uso gratuito del contenido de Tsubook para sus empresas.<\/p>\n\n\n\n<blockquote class=\"wp-block-quote is-layout-flow wp-block-quote-is-layout-flow\"><p><strong>Definici\u00f3n:<\/strong> una \u201cgrabaci\u00f3n de video\u201d se entiende aqu\u00ed como la exportaci\u00f3n a video de todo o parte de lo que sucede en la pantalla de su dispositivo, que luego puede modificar, publicar y\/o incrustar en otro video. Attention cependant, l\u2019app affich\u00e9e sur l\u2019\u00e9cran au moment de l\u2019enregistrement est soumise \u00e0 des droits d\u2019auteur. Vous trouverez ci-dessous toutes les informations utiles pour utiliser sereinement des enregistrements vid\u00e9o incluant l\u2019app Tsubook.<\/p><\/blockquote>\n\n\n\n<h2 class=\"wp-block-heading\">Condiciones<\/h2>\n\n\n\n<p>Puede utilizar grabaciones de video de determinadas partes de Tsubook (ver m\u00e1s abajo) de forma gratuita para ilustrar sus materiales (f\u00edsicos y digitales) siempre que:<\/p>\n\n\n\n<ol class=\"wp-block-list\"><li>Su volumen de negocios (o sus ingresos personales si es un particular) no supera los 30.000 \u20ac anuales<\/li><li>Su video no compite con Tsubook, en particular <a href=\"https:\/\/www.youtube.com\/channel\/UC0Dc7icYGVpuSLrmGT1RVqg\">el canal de Youtube Tsubook<\/a> (ruta de meridianos completa, &#8230;)<\/li><li>Cada video debe mostrar el nombre de la aplicaci\u00f3n (Tsubook) con un enlace a <a href=\"https:\/\/tsubook.net\/es\/\">https:\/\/tsubook.net\/es\/<\/a>. El nombre y el enlace pueden ser peque\u00f1os pero deber\u00edan ser legibles incluso en pantallas peque\u00f1as.<\/li><\/ol>\n\n\n\n<p>Si no cumple con estas condiciones, no puede utilizar grabaciones videos de Tsubook de forma gratuita. L@ invitamos a <a href=\"https:\/\/www.tsubook.net\/es\/contacto\/\">contactarnos<\/a> para conocer los precios que pueden aplicarse a su situaci\u00f3n.<\/p>\n\n\n\n<h2 class=\"wp-block-heading\">Contenido utilizable<\/h2>\n\n\n\n<p>Si se cumplen estas condiciones, el contenido utilizable var\u00eda seg\u00fan la distribuci\u00f3n de su material:<\/p>\n\n\n\n<ul class=\"wp-block-list\"><li>Las \u00e1reas 3D que muestran: <ul><li>los 12 meridianos MCT<\/li><li>los 2 vasos extraordinarios Du Mai (Gobernador) y Ren Mai (Concepci\u00f3n)<\/li><li>los primeros 6 meridianos Masunaga<\/li><li>las primeras 6 \u00e1reas de diagn\u00f3stico<\/li><li>los 361 puntos de los meridianos<\/li><li>la piel y el interior del cuerpo (huesos, m\u00fasculos y \u00f3rganos)<\/li><\/ul><\/li><li>La descripci\u00f3n textual de la posici\u00f3n de cada punto<\/li><\/ul>\n\n\n\n<p>Aparte de eso, no se le permite utilizar otras partes de la aplicaci\u00f3n de forma gratuita para sus grabaciones de video. Por ejemplo, no se puede utilizar gratuitamente la lista de categor\u00edas, la lista de indicaciones, la vista 3D con la selecci\u00f3n de puntos de una indicaci\u00f3n, etc. Si desea utilizar estas partes, <a href=\"https:\/\/www.tsubook.net\/es\/contacto\/\">cont\u00e1ctenos<\/a> para conocer los precios.<\/p>\n\n\n\n<blockquote class=\"wp-block-quote is-layout-flow wp-block-quote-is-layout-flow\"><p>Tenga en cuenta que usar grabaciones de video no es lo mismo que usar capturas de pantalla (<a href=\"https:\/\/www.tsubook.net\/es\/ayuda\/derechos-de-autor\/capturas-pantalla\/\">lea m\u00e1s sobre esto<\/a>) o usar Tsubook durante eventos en vivo no grabados (<a href=\"https:\/\/www.tsubook.net\/es\/ayuda\/derechos-de-autor\/eventos-en-vivo\/\">lea m\u00e1s sobre esto<\/a>).<\/p><\/blockquote>\n\n\n\n<p>Si tiene alguna duda sobre la forma en que distribuye extractos de Tsubook (capturas de pantalla, grabaci\u00f3n de v\u00eddeo, eventos en directo, &#8230;), no dude en <a href=\"https:\/\/www.tsubook.net\/es\/contacto\/\">contactarnos<\/a>.<\/p>\n","protected":false},"excerpt":{"rendered":"<p>Tsubook es una gran herramienta para visualizar los meridianos y sus puntos. Regularmente recibimos solicitudes para el derecho a incrustar material de Tsubook en videos. Como somos una peque\u00f1a empresa, queremos ayudar a los peque\u00f1os actores en terapias alternativas ofreci\u00e9ndoles el uso gratuito del contenido de Tsubook para sus empresas. Definici\u00f3n: una \u201cgrabaci\u00f3n de video\u201d<a href=\"https:\/\/www.tsubook.net\/es\/ayuda\/derechos-de-autor\/grabaciones-video\/\">[&#8230;]<\/a><\/p>\n","protected":false},"author":3,"featured_media":0,"parent":450,"menu_order":0,"comment_status":"closed","ping_status":"closed","template":"","meta":{"jetpack_post_was_ever_published":false,"footnotes":""},"class_list":["post-455","page","type-page","status-publish","hentry","wpautop"],"yoast_head":"<!-- This site is optimized with the Yoast SEO plugin v27.1.1 - https:\/\/yoast.com\/product\/yoast-seo-wordpress\/ -->\n<title>\u00bfPuedo usar grabaciones de video de Tsubook? - Tsubook<\/title>\n<meta name=\"robots\" content=\"index, follow, max-snippet:-1, max-image-preview:large, max-video-preview:-1\" \/>\n<link rel=\"canonical\" href=\"https:\/\/www.tsubook.net\/es\/ayuda\/derechos-de-autor\/grabaciones-video\/\" \/>\n<meta property=\"og:locale\" content=\"es_ES\" \/>\n<meta property=\"og:type\" content=\"article\" \/>\n<meta property=\"og:title\" content=\"\u00bfPuedo usar grabaciones de video de Tsubook? - Tsubook\" \/>\n<meta property=\"og:description\" content=\"Tsubook es una gran herramienta para visualizar los meridianos y sus puntos. Regularmente recibimos solicitudes para el derecho a incrustar material de Tsubook en videos. Como somos una peque\u00f1a empresa, queremos ayudar a los peque\u00f1os actores en terapias alternativas ofreci\u00e9ndoles el uso gratuito del contenido de Tsubook para sus empresas. Definici\u00f3n: una \u201cgrabaci\u00f3n de video\u201d[...]\" \/>\n<meta property=\"og:url\" content=\"https:\/\/www.tsubook.net\/es\/ayuda\/derechos-de-autor\/grabaciones-video\/\" \/>\n<meta property=\"og:site_name\" content=\"Tsubook\" \/>\n<meta property=\"article:publisher\" content=\"https:\/\/www.facebook.com\/tsubook\/\" \/>\n<meta property=\"article:modified_time\" content=\"2021-06-24T14:27:24+00:00\" \/>\n<meta property=\"og:image\" content=\"https:\/\/www.tsubook.net\/es\/wp-content\/uploads\/tsubook_main.png\" \/>\n\t<meta property=\"og:image:width\" content=\"1536\" \/>\n\t<meta property=\"og:image:height\" content=\"1024\" \/>\n\t<meta property=\"og:image:type\" content=\"image\/png\" \/>\n<meta name=\"twitter:card\" content=\"summary_large_image\" \/>\n<meta name=\"twitter:site\" content=\"@TsubookApp\" \/>\n<meta name=\"twitter:label1\" content=\"Tiempo de lectura\" \/>\n\t<meta name=\"twitter:data1\" content=\"2 minutos\" \/>\n<script type=\"application\/ld+json\" class=\"yoast-schema-graph\">{\"@context\":\"https:\/\/schema.org\",\"@graph\":[{\"@type\":\"WebPage\",\"@id\":\"https:\/\/www.tsubook.net\/es\/ayuda\/derechos-de-autor\/grabaciones-video\/\",\"url\":\"https:\/\/www.tsubook.net\/es\/ayuda\/derechos-de-autor\/grabaciones-video\/\",\"name\":\"\u00bfPuedo usar grabaciones de video de Tsubook? - Tsubook\",\"isPartOf\":{\"@id\":\"https:\/\/www.tsubook.net\/es\/#website\"},\"datePublished\":\"2021-06-19T19:13:39+00:00\",\"dateModified\":\"2021-06-24T14:27:24+00:00\",\"breadcrumb\":{\"@id\":\"https:\/\/www.tsubook.net\/es\/ayuda\/derechos-de-autor\/grabaciones-video\/#breadcrumb\"},\"inLanguage\":\"es\",\"potentialAction\":[{\"@type\":\"ReadAction\",\"target\":[\"https:\/\/www.tsubook.net\/es\/ayuda\/derechos-de-autor\/grabaciones-video\/\"]}]},{\"@type\":\"BreadcrumbList\",\"@id\":\"https:\/\/www.tsubook.net\/es\/ayuda\/derechos-de-autor\/grabaciones-video\/#breadcrumb\",\"itemListElement\":[{\"@type\":\"ListItem\",\"position\":1,\"name\":\"Centro de ayuda\",\"item\":\"https:\/\/www.tsubook.net\/es\/ayuda\/\"},{\"@type\":\"ListItem\",\"position\":2,\"name\":\"Derechos de autor\",\"item\":\"https:\/\/www.tsubook.net\/es\/ayuda\/derechos-de-autor\/\"},{\"@type\":\"ListItem\",\"position\":3,\"name\":\"\u00bfPuedo usar grabaciones de video de Tsubook?\"}]},{\"@type\":\"WebSite\",\"@id\":\"https:\/\/www.tsubook.net\/es\/#website\",\"url\":\"https:\/\/www.tsubook.net\/es\/\",\"name\":\"Tsubook\",\"description\":\"La app de los meridianos para MTC, Acupuntura, Shiatsu, Tuina, Kinesiolog\u00eda, Reflexolog\u00eda, Qi Gong y m\u00e1s\",\"potentialAction\":[{\"@type\":\"SearchAction\",\"target\":{\"@type\":\"EntryPoint\",\"urlTemplate\":\"https:\/\/www.tsubook.net\/es\/?s={search_term_string}\"},\"query-input\":{\"@type\":\"PropertyValueSpecification\",\"valueRequired\":true,\"valueName\":\"search_term_string\"}}],\"inLanguage\":\"es\"}]}<\/script>\n<!-- \/ Yoast SEO plugin. -->","yoast_head_json":{"title":"\u00bfPuedo usar grabaciones de video de Tsubook? - Tsubook","robots":{"index":"index","follow":"follow","max-snippet":"max-snippet:-1","max-image-preview":"max-image-preview:large","max-video-preview":"max-video-preview:-1"},"canonical":"https:\/\/www.tsubook.net\/es\/ayuda\/derechos-de-autor\/grabaciones-video\/","og_locale":"es_ES","og_type":"article","og_title":"\u00bfPuedo usar grabaciones de video de Tsubook? - Tsubook","og_description":"Tsubook es una gran herramienta para visualizar los meridianos y sus puntos. Regularmente recibimos solicitudes para el derecho a incrustar material de Tsubook en videos. Como somos una peque\u00f1a empresa, queremos ayudar a los peque\u00f1os actores en terapias alternativas ofreci\u00e9ndoles el uso gratuito del contenido de Tsubook para sus empresas. Definici\u00f3n: una \u201cgrabaci\u00f3n de video\u201d[...]","og_url":"https:\/\/www.tsubook.net\/es\/ayuda\/derechos-de-autor\/grabaciones-video\/","og_site_name":"Tsubook","article_publisher":"https:\/\/www.facebook.com\/tsubook\/","article_modified_time":"2021-06-24T14:27:24+00:00","og_image":[{"width":1536,"height":1024,"url":"https:\/\/www.tsubook.net\/es\/wp-content\/uploads\/tsubook_main.png","type":"image\/png"}],"twitter_card":"summary_large_image","twitter_site":"@TsubookApp","twitter_misc":{"Tiempo de lectura":"2 minutos"},"schema":{"@context":"https:\/\/schema.org","@graph":[{"@type":"WebPage","@id":"https:\/\/www.tsubook.net\/es\/ayuda\/derechos-de-autor\/grabaciones-video\/","url":"https:\/\/www.tsubook.net\/es\/ayuda\/derechos-de-autor\/grabaciones-video\/","name":"\u00bfPuedo usar grabaciones de video de Tsubook? - Tsubook","isPartOf":{"@id":"https:\/\/www.tsubook.net\/es\/#website"},"datePublished":"2021-06-19T19:13:39+00:00","dateModified":"2021-06-24T14:27:24+00:00","breadcrumb":{"@id":"https:\/\/www.tsubook.net\/es\/ayuda\/derechos-de-autor\/grabaciones-video\/#breadcrumb"},"inLanguage":"es","potentialAction":[{"@type":"ReadAction","target":["https:\/\/www.tsubook.net\/es\/ayuda\/derechos-de-autor\/grabaciones-video\/"]}]},{"@type":"BreadcrumbList","@id":"https:\/\/www.tsubook.net\/es\/ayuda\/derechos-de-autor\/grabaciones-video\/#breadcrumb","itemListElement":[{"@type":"ListItem","position":1,"name":"Centro de ayuda","item":"https:\/\/www.tsubook.net\/es\/ayuda\/"},{"@type":"ListItem","position":2,"name":"Derechos de autor","item":"https:\/\/www.tsubook.net\/es\/ayuda\/derechos-de-autor\/"},{"@type":"ListItem","position":3,"name":"\u00bfPuedo usar grabaciones de video de Tsubook?"}]},{"@type":"WebSite","@id":"https:\/\/www.tsubook.net\/es\/#website","url":"https:\/\/www.tsubook.net\/es\/","name":"Tsubook","description":"La app de los meridianos para MTC, Acupuntura, Shiatsu, Tuina, Kinesiolog\u00eda, Reflexolog\u00eda, Qi Gong y m\u00e1s","potentialAction":[{"@type":"SearchAction","target":{"@type":"EntryPoint","urlTemplate":"https:\/\/www.tsubook.net\/es\/?s={search_term_string}"},"query-input":{"@type":"PropertyValueSpecification","valueRequired":true,"valueName":"search_term_string"}}],"inLanguage":"es"}]}},"jetpack_sharing_enabled":true,"jetpack_shortlink":"https:\/\/wp.me\/PaMpYR-7l","_links":{"self":[{"href":"https:\/\/www.tsubook.net\/es\/wp-json\/wp\/v2\/pages\/455","targetHints":{"allow":["GET"]}}],"collection":[{"href":"https:\/\/www.tsubook.net\/es\/wp-json\/wp\/v2\/pages"}],"about":[{"href":"https:\/\/www.tsubook.net\/es\/wp-json\/wp\/v2\/types\/page"}],"author":[{"embeddable":true,"href":"https:\/\/www.tsubook.net\/es\/wp-json\/wp\/v2\/users\/3"}],"replies":[{"embeddable":true,"href":"https:\/\/www.tsubook.net\/es\/wp-json\/wp\/v2\/comments?post=455"}],"version-history":[{"count":5,"href":"https:\/\/www.tsubook.net\/es\/wp-json\/wp\/v2\/pages\/455\/revisions"}],"predecessor-version":[{"id":470,"href":"https:\/\/www.tsubook.net\/es\/wp-json\/wp\/v2\/pages\/455\/revisions\/470"}],"up":[{"embeddable":true,"href":"https:\/\/www.tsubook.net\/es\/wp-json\/wp\/v2\/pages\/450"}],"wp:attachment":[{"href":"https:\/\/www.tsubook.net\/es\/wp-json\/wp\/v2\/media?parent=455"}],"curies":[{"name":"wp","href":"https:\/\/api.w.org\/{rel}","templated":true}]}}