{"id":457,"date":"2021-06-19T21:18:26","date_gmt":"2021-06-19T19:18:26","guid":{"rendered":"https:\/\/www.tsubook.net\/es\/?page_id=457"},"modified":"2021-06-24T16:34:12","modified_gmt":"2021-06-24T14:34:12","slug":"eventos-en-vivo","status":"publish","type":"page","link":"https:\/\/www.tsubook.net\/es\/ayuda\/derechos-de-autor\/eventos-en-vivo\/","title":{"rendered":"\u00bfPuedo usar Tsubook en un evento en vivo (durante un curso, una conferencia,\u2026)?"},"content":{"rendered":"\n<p class=\"breadcrumb\"><\/p>\n\n\n\n<p>Tsubook es una gran herramienta para visualizar los meridianos y sus puntos. Recibimos regularmente solicitudes para el derecho a mostrar Tsubook durante clases, conferencias, seminarios, etc. Queremos que Tsubook sea ampliamente utilizado en este tipo de contexto y encontrar\u00e1 a continuaci\u00f3n todas las modalidades para hacerlo.<\/p>\n\n\n\n<blockquote class=\"wp-block-quote is-layout-flow wp-block-quote-is-layout-flow\"><p><strong>Definici\u00f3n:<\/strong> Un \u00abevento en vivo\u00bb se entiende aqu\u00ed como un evento \u00fanico, en l\u00ednea o en persona, durante el cual Tsubook se muestra a una audiencia para ilustrar lo que dice el orador. Esto se puede hacer a trav\u00e9s de un proyector, una pantalla grande, directamente en un dispositivo, etc. A continuaci\u00f3n, encontrar\u00e1 toda la informaci\u00f3n que necesita para usar la aplicaci\u00f3n Tsubook de manera legal durante sus eventos en vivo.<\/p><\/blockquote>\n\n\n\n<p>Durante un evento en vivo, el contenido que puede mostrar difiere dependiendo de si el evento est\u00e1 grabado o no:<\/p>\n\n\n\n<ul class=\"wp-block-list\"><li><strong>Si su evento en vivo est\u00e1 grabado:<\/strong> debe consultar <a href=\"https:\/\/www.tsubook.net\/es\/ayuda\/derechos-de-autor\/grabaciones-video\/\">las condiciones para grabaciones de video<\/a> porque su evento en vivo se convertir\u00e1 en una grabaci\u00f3n de video.<\/li><li><strong>Si su evento en vivo no est\u00e1 grabado:<\/strong> puede mostrar gratuitamente todo Tsubook (contenido gratuito y contenido pago) siempre que haga una breve introducci\u00f3n que explique qu\u00e9 es la aplicaci\u00f3n Tsubook y c\u00f3mo obtenerla (idealmente con un enlace a <a href=\"https:\/\/tsubook.net\/es\/\">https:\/\/tsubook.net\/es\/<\/a>).<\/li><\/ul>\n\n\n\n<blockquote class=\"wp-block-quote is-layout-flow wp-block-quote-is-layout-flow\"><p>Si hace su evento en l\u00ednea, puede aprender c\u00f3mo mostrar Tsubook directamente en su videoconferencia (Zoom, Google Meet, Skype, etc.) en <a href=\"https:\/\/www.tsubook.net\/es\/ayuda\/ensenanza\/ensenanza-en-linea\/\">esta p\u00e1gina<\/a>.<\/p><\/blockquote>\n\n\n\n<p>Si tiene alguna duda sobre la forma en que distribuye extractos de Tsubook (capturas de pantalla, grabaci\u00f3n de v\u00eddeo, eventos en directo, &#8230;), no dude en <a href=\"https:\/\/www.tsubook.net\/es\/contacto\/\">contactarnos<\/a>.<\/p>\n","protected":false},"excerpt":{"rendered":"<p>Tsubook es una gran herramienta para visualizar los meridianos y sus puntos. Recibimos regularmente solicitudes para el derecho a mostrar Tsubook durante clases, conferencias, seminarios, etc. Queremos que Tsubook sea ampliamente utilizado en este tipo de contexto y encontrar\u00e1 a continuaci\u00f3n todas las modalidades para hacerlo. Definici\u00f3n: Un \u00abevento en vivo\u00bb se entiende aqu\u00ed como<a href=\"https:\/\/www.tsubook.net\/es\/ayuda\/derechos-de-autor\/eventos-en-vivo\/\">[&#8230;]<\/a><\/p>\n","protected":false},"author":3,"featured_media":0,"parent":450,"menu_order":0,"comment_status":"closed","ping_status":"closed","template":"","meta":{"jetpack_post_was_ever_published":false,"footnotes":""},"class_list":["post-457","page","type-page","status-publish","hentry","wpautop"],"yoast_head":"<!-- This site is optimized with the Yoast SEO plugin v27.1.1 - https:\/\/yoast.com\/product\/yoast-seo-wordpress\/ -->\n<title>\u00bfPuedo usar Tsubook en un evento en vivo (durante un curso, una conferencia,\u2026)? - Tsubook<\/title>\n<meta name=\"robots\" content=\"index, follow, max-snippet:-1, max-image-preview:large, max-video-preview:-1\" \/>\n<link rel=\"canonical\" href=\"https:\/\/www.tsubook.net\/es\/ayuda\/derechos-de-autor\/eventos-en-vivo\/\" \/>\n<meta property=\"og:locale\" content=\"es_ES\" \/>\n<meta property=\"og:type\" content=\"article\" \/>\n<meta property=\"og:title\" content=\"\u00bfPuedo usar Tsubook en un evento en vivo (durante un curso, una conferencia,\u2026)? - Tsubook\" \/>\n<meta property=\"og:description\" content=\"Tsubook es una gran herramienta para visualizar los meridianos y sus puntos. Recibimos regularmente solicitudes para el derecho a mostrar Tsubook durante clases, conferencias, seminarios, etc. Queremos que Tsubook sea ampliamente utilizado en este tipo de contexto y encontrar\u00e1 a continuaci\u00f3n todas las modalidades para hacerlo. Definici\u00f3n: Un \u00abevento en vivo\u00bb se entiende aqu\u00ed como[...]\" \/>\n<meta property=\"og:url\" content=\"https:\/\/www.tsubook.net\/es\/ayuda\/derechos-de-autor\/eventos-en-vivo\/\" \/>\n<meta property=\"og:site_name\" content=\"Tsubook\" \/>\n<meta property=\"article:publisher\" content=\"https:\/\/www.facebook.com\/tsubook\/\" \/>\n<meta property=\"article:modified_time\" content=\"2021-06-24T14:34:12+00:00\" \/>\n<meta property=\"og:image\" content=\"https:\/\/www.tsubook.net\/es\/wp-content\/uploads\/tsubook_main.png\" \/>\n\t<meta property=\"og:image:width\" content=\"1536\" \/>\n\t<meta property=\"og:image:height\" content=\"1024\" \/>\n\t<meta property=\"og:image:type\" content=\"image\/png\" \/>\n<meta name=\"twitter:card\" content=\"summary_large_image\" \/>\n<meta name=\"twitter:site\" content=\"@TsubookApp\" \/>\n<meta name=\"twitter:label1\" content=\"Tiempo de lectura\" \/>\n\t<meta name=\"twitter:data1\" content=\"2 minutos\" \/>\n<script type=\"application\/ld+json\" class=\"yoast-schema-graph\">{\"@context\":\"https:\/\/schema.org\",\"@graph\":[{\"@type\":\"WebPage\",\"@id\":\"https:\/\/www.tsubook.net\/es\/ayuda\/derechos-de-autor\/eventos-en-vivo\/\",\"url\":\"https:\/\/www.tsubook.net\/es\/ayuda\/derechos-de-autor\/eventos-en-vivo\/\",\"name\":\"\u00bfPuedo usar Tsubook en un evento en vivo (durante un curso, una conferencia,\u2026)? - Tsubook\",\"isPartOf\":{\"@id\":\"https:\/\/www.tsubook.net\/es\/#website\"},\"datePublished\":\"2021-06-19T19:18:26+00:00\",\"dateModified\":\"2021-06-24T14:34:12+00:00\",\"breadcrumb\":{\"@id\":\"https:\/\/www.tsubook.net\/es\/ayuda\/derechos-de-autor\/eventos-en-vivo\/#breadcrumb\"},\"inLanguage\":\"es\",\"potentialAction\":[{\"@type\":\"ReadAction\",\"target\":[\"https:\/\/www.tsubook.net\/es\/ayuda\/derechos-de-autor\/eventos-en-vivo\/\"]}]},{\"@type\":\"BreadcrumbList\",\"@id\":\"https:\/\/www.tsubook.net\/es\/ayuda\/derechos-de-autor\/eventos-en-vivo\/#breadcrumb\",\"itemListElement\":[{\"@type\":\"ListItem\",\"position\":1,\"name\":\"Centro de ayuda\",\"item\":\"https:\/\/www.tsubook.net\/es\/ayuda\/\"},{\"@type\":\"ListItem\",\"position\":2,\"name\":\"Derechos de autor\",\"item\":\"https:\/\/www.tsubook.net\/es\/ayuda\/derechos-de-autor\/\"},{\"@type\":\"ListItem\",\"position\":3,\"name\":\"\u00bfPuedo usar Tsubook en un evento en vivo (durante un curso, una conferencia,\u2026)?\"}]},{\"@type\":\"WebSite\",\"@id\":\"https:\/\/www.tsubook.net\/es\/#website\",\"url\":\"https:\/\/www.tsubook.net\/es\/\",\"name\":\"Tsubook\",\"description\":\"La app de los meridianos para MTC, Acupuntura, Shiatsu, Tuina, Kinesiolog\u00eda, Reflexolog\u00eda, Qi Gong y m\u00e1s\",\"potentialAction\":[{\"@type\":\"SearchAction\",\"target\":{\"@type\":\"EntryPoint\",\"urlTemplate\":\"https:\/\/www.tsubook.net\/es\/?s={search_term_string}\"},\"query-input\":{\"@type\":\"PropertyValueSpecification\",\"valueRequired\":true,\"valueName\":\"search_term_string\"}}],\"inLanguage\":\"es\"}]}<\/script>\n<!-- \/ Yoast SEO plugin. -->","yoast_head_json":{"title":"\u00bfPuedo usar Tsubook en un evento en vivo (durante un curso, una conferencia,\u2026)? - Tsubook","robots":{"index":"index","follow":"follow","max-snippet":"max-snippet:-1","max-image-preview":"max-image-preview:large","max-video-preview":"max-video-preview:-1"},"canonical":"https:\/\/www.tsubook.net\/es\/ayuda\/derechos-de-autor\/eventos-en-vivo\/","og_locale":"es_ES","og_type":"article","og_title":"\u00bfPuedo usar Tsubook en un evento en vivo (durante un curso, una conferencia,\u2026)? - Tsubook","og_description":"Tsubook es una gran herramienta para visualizar los meridianos y sus puntos. Recibimos regularmente solicitudes para el derecho a mostrar Tsubook durante clases, conferencias, seminarios, etc. Queremos que Tsubook sea ampliamente utilizado en este tipo de contexto y encontrar\u00e1 a continuaci\u00f3n todas las modalidades para hacerlo. Definici\u00f3n: Un \u00abevento en vivo\u00bb se entiende aqu\u00ed como[...]","og_url":"https:\/\/www.tsubook.net\/es\/ayuda\/derechos-de-autor\/eventos-en-vivo\/","og_site_name":"Tsubook","article_publisher":"https:\/\/www.facebook.com\/tsubook\/","article_modified_time":"2021-06-24T14:34:12+00:00","og_image":[{"width":1536,"height":1024,"url":"https:\/\/www.tsubook.net\/es\/wp-content\/uploads\/tsubook_main.png","type":"image\/png"}],"twitter_card":"summary_large_image","twitter_site":"@TsubookApp","twitter_misc":{"Tiempo de lectura":"2 minutos"},"schema":{"@context":"https:\/\/schema.org","@graph":[{"@type":"WebPage","@id":"https:\/\/www.tsubook.net\/es\/ayuda\/derechos-de-autor\/eventos-en-vivo\/","url":"https:\/\/www.tsubook.net\/es\/ayuda\/derechos-de-autor\/eventos-en-vivo\/","name":"\u00bfPuedo usar Tsubook en un evento en vivo (durante un curso, una conferencia,\u2026)? - Tsubook","isPartOf":{"@id":"https:\/\/www.tsubook.net\/es\/#website"},"datePublished":"2021-06-19T19:18:26+00:00","dateModified":"2021-06-24T14:34:12+00:00","breadcrumb":{"@id":"https:\/\/www.tsubook.net\/es\/ayuda\/derechos-de-autor\/eventos-en-vivo\/#breadcrumb"},"inLanguage":"es","potentialAction":[{"@type":"ReadAction","target":["https:\/\/www.tsubook.net\/es\/ayuda\/derechos-de-autor\/eventos-en-vivo\/"]}]},{"@type":"BreadcrumbList","@id":"https:\/\/www.tsubook.net\/es\/ayuda\/derechos-de-autor\/eventos-en-vivo\/#breadcrumb","itemListElement":[{"@type":"ListItem","position":1,"name":"Centro de ayuda","item":"https:\/\/www.tsubook.net\/es\/ayuda\/"},{"@type":"ListItem","position":2,"name":"Derechos de autor","item":"https:\/\/www.tsubook.net\/es\/ayuda\/derechos-de-autor\/"},{"@type":"ListItem","position":3,"name":"\u00bfPuedo usar Tsubook en un evento en vivo (durante un curso, una conferencia,\u2026)?"}]},{"@type":"WebSite","@id":"https:\/\/www.tsubook.net\/es\/#website","url":"https:\/\/www.tsubook.net\/es\/","name":"Tsubook","description":"La app de los meridianos para MTC, Acupuntura, Shiatsu, Tuina, Kinesiolog\u00eda, Reflexolog\u00eda, Qi Gong y m\u00e1s","potentialAction":[{"@type":"SearchAction","target":{"@type":"EntryPoint","urlTemplate":"https:\/\/www.tsubook.net\/es\/?s={search_term_string}"},"query-input":{"@type":"PropertyValueSpecification","valueRequired":true,"valueName":"search_term_string"}}],"inLanguage":"es"}]}},"jetpack_sharing_enabled":true,"jetpack_shortlink":"https:\/\/wp.me\/PaMpYR-7n","_links":{"self":[{"href":"https:\/\/www.tsubook.net\/es\/wp-json\/wp\/v2\/pages\/457","targetHints":{"allow":["GET"]}}],"collection":[{"href":"https:\/\/www.tsubook.net\/es\/wp-json\/wp\/v2\/pages"}],"about":[{"href":"https:\/\/www.tsubook.net\/es\/wp-json\/wp\/v2\/types\/page"}],"author":[{"embeddable":true,"href":"https:\/\/www.tsubook.net\/es\/wp-json\/wp\/v2\/users\/3"}],"replies":[{"embeddable":true,"href":"https:\/\/www.tsubook.net\/es\/wp-json\/wp\/v2\/comments?post=457"}],"version-history":[{"count":2,"href":"https:\/\/www.tsubook.net\/es\/wp-json\/wp\/v2\/pages\/457\/revisions"}],"predecessor-version":[{"id":471,"href":"https:\/\/www.tsubook.net\/es\/wp-json\/wp\/v2\/pages\/457\/revisions\/471"}],"up":[{"embeddable":true,"href":"https:\/\/www.tsubook.net\/es\/wp-json\/wp\/v2\/pages\/450"}],"wp:attachment":[{"href":"https:\/\/www.tsubook.net\/es\/wp-json\/wp\/v2\/media?parent=457"}],"curies":[{"name":"wp","href":"https:\/\/api.w.org\/{rel}","templated":true}]}}