{"id":464,"date":"2021-06-19T21:27:56","date_gmt":"2021-06-19T19:27:56","guid":{"rendered":"https:\/\/www.tsubook.net\/es\/?page_id=464"},"modified":"2021-06-19T21:27:59","modified_gmt":"2021-06-19T19:27:59","slug":"tsubook-para-mis-lecciones","status":"publish","type":"page","link":"https:\/\/www.tsubook.net\/es\/ayuda\/ensenanza\/tsubook-para-mis-lecciones\/","title":{"rendered":"\u00bfPuedo usar Tsubook para ense\u00f1ar mis lecciones?"},"content":{"rendered":"\n<p class=\"breadcrumb\"><\/p>\n\n\n\n<p>La aplicaci\u00f3n Tsubook, al igual que un manual en papel, es ideal como apoyo para sus clases si ense\u00f1a Shiatsu, MCT o cualquier otra pr\u00e1ctica basada en los meridianos. Aqu\u00ed reunimos las modalidades para hacerlo de forma legal:<\/p>\n\n\n\n<ul class=\"wp-block-list\"><li>Para <strong>mostrar a sus estudiantes los meridianos<\/strong> directamente en la app Tsubook (cara a cara o en l\u00ednea), consulte <a href=\"https:\/\/www.tsubook.net\/es\/ayuda\/derechos-de-autor\/eventos-en-vivo\/\">las condiciones para eventos en vivo<\/a>.<\/li><li>Para <strong>ilustrar material impreso<\/strong> con im\u00e1genes tomadas de Tsubook, consulte <a href=\"https:\/\/www.tsubook.net\/es\/ayuda\/derechos-de-autor\/capturas-pantalla\/\">las condiciones para capturas de pantalla<\/a>.<\/li><li>Para <strong>enriquecer los videos de sus cursos<\/strong> con grabaciones tomadas de Tsubook, consulte <a href=\"https:\/\/www.tsubook.net\/es\/ayuda\/derechos-de-autor\/grabaciones-video\/\">las condiciones para las grabaciones de video<\/a>.<\/li><\/ul>\n\n\n\n<p>Estos son solo algunos ejemplos. Si tiene otras ideas y se pregunta si es posible integrar Tsubook o no, por favor <a href=\"https:\/\/www.tsubook.net\/es\/contacto\/\">preg\u00fantenos<\/a>.<\/p>\n","protected":false},"excerpt":{"rendered":"<p>La aplicaci\u00f3n Tsubook, al igual que un manual en papel, es ideal como apoyo para sus clases si ense\u00f1a Shiatsu, MCT o cualquier otra pr\u00e1ctica basada en los meridianos. Aqu\u00ed reunimos las modalidades para hacerlo de forma legal: Para mostrar a sus estudiantes los meridianos directamente en la app Tsubook (cara a cara o en<a href=\"https:\/\/www.tsubook.net\/es\/ayuda\/ensenanza\/tsubook-para-mis-lecciones\/\">[&#8230;]<\/a><\/p>\n","protected":false},"author":3,"featured_media":0,"parent":422,"menu_order":0,"comment_status":"closed","ping_status":"closed","template":"","meta":{"jetpack_post_was_ever_published":false,"footnotes":""},"class_list":["post-464","page","type-page","status-publish","hentry","wpautop"],"yoast_head":"<!-- This site is optimized with the Yoast SEO plugin v27.1.1 - https:\/\/yoast.com\/product\/yoast-seo-wordpress\/ -->\n<title>\u00bfPuedo usar Tsubook para ense\u00f1ar mis lecciones? - Tsubook<\/title>\n<meta name=\"robots\" content=\"index, follow, max-snippet:-1, max-image-preview:large, max-video-preview:-1\" \/>\n<link rel=\"canonical\" href=\"https:\/\/www.tsubook.net\/es\/ayuda\/ensenanza\/tsubook-para-mis-lecciones\/\" \/>\n<meta property=\"og:locale\" content=\"es_ES\" \/>\n<meta property=\"og:type\" content=\"article\" \/>\n<meta property=\"og:title\" content=\"\u00bfPuedo usar Tsubook para ense\u00f1ar mis lecciones? - Tsubook\" \/>\n<meta property=\"og:description\" content=\"La aplicaci\u00f3n Tsubook, al igual que un manual en papel, es ideal como apoyo para sus clases si ense\u00f1a Shiatsu, MCT o cualquier otra pr\u00e1ctica basada en los meridianos. Aqu\u00ed reunimos las modalidades para hacerlo de forma legal: Para mostrar a sus estudiantes los meridianos directamente en la app Tsubook (cara a cara o en[...]\" \/>\n<meta property=\"og:url\" content=\"https:\/\/www.tsubook.net\/es\/ayuda\/ensenanza\/tsubook-para-mis-lecciones\/\" \/>\n<meta property=\"og:site_name\" content=\"Tsubook\" \/>\n<meta property=\"article:publisher\" content=\"https:\/\/www.facebook.com\/tsubook\/\" \/>\n<meta property=\"article:modified_time\" content=\"2021-06-19T19:27:59+00:00\" \/>\n<meta property=\"og:image\" content=\"https:\/\/www.tsubook.net\/es\/wp-content\/uploads\/tsubook_main.png\" \/>\n\t<meta property=\"og:image:width\" content=\"1536\" \/>\n\t<meta property=\"og:image:height\" content=\"1024\" \/>\n\t<meta property=\"og:image:type\" content=\"image\/png\" \/>\n<meta name=\"twitter:card\" content=\"summary_large_image\" \/>\n<meta name=\"twitter:site\" content=\"@TsubookApp\" \/>\n<meta name=\"twitter:label1\" content=\"Tiempo de lectura\" \/>\n\t<meta name=\"twitter:data1\" content=\"1 minuto\" \/>\n<script type=\"application\/ld+json\" class=\"yoast-schema-graph\">{\"@context\":\"https:\/\/schema.org\",\"@graph\":[{\"@type\":\"WebPage\",\"@id\":\"https:\/\/www.tsubook.net\/es\/ayuda\/ensenanza\/tsubook-para-mis-lecciones\/\",\"url\":\"https:\/\/www.tsubook.net\/es\/ayuda\/ensenanza\/tsubook-para-mis-lecciones\/\",\"name\":\"\u00bfPuedo usar Tsubook para ense\u00f1ar mis lecciones? - Tsubook\",\"isPartOf\":{\"@id\":\"https:\/\/www.tsubook.net\/es\/#website\"},\"datePublished\":\"2021-06-19T19:27:56+00:00\",\"dateModified\":\"2021-06-19T19:27:59+00:00\",\"breadcrumb\":{\"@id\":\"https:\/\/www.tsubook.net\/es\/ayuda\/ensenanza\/tsubook-para-mis-lecciones\/#breadcrumb\"},\"inLanguage\":\"es\",\"potentialAction\":[{\"@type\":\"ReadAction\",\"target\":[\"https:\/\/www.tsubook.net\/es\/ayuda\/ensenanza\/tsubook-para-mis-lecciones\/\"]}]},{\"@type\":\"BreadcrumbList\",\"@id\":\"https:\/\/www.tsubook.net\/es\/ayuda\/ensenanza\/tsubook-para-mis-lecciones\/#breadcrumb\",\"itemListElement\":[{\"@type\":\"ListItem\",\"position\":1,\"name\":\"Centro de ayuda\",\"item\":\"https:\/\/www.tsubook.net\/es\/ayuda\/\"},{\"@type\":\"ListItem\",\"position\":2,\"name\":\"Ense\u00f1anza\",\"item\":\"https:\/\/www.tsubook.net\/es\/ayuda\/ensenanza\/\"},{\"@type\":\"ListItem\",\"position\":3,\"name\":\"\u00bfPuedo usar Tsubook para ense\u00f1ar mis lecciones?\"}]},{\"@type\":\"WebSite\",\"@id\":\"https:\/\/www.tsubook.net\/es\/#website\",\"url\":\"https:\/\/www.tsubook.net\/es\/\",\"name\":\"Tsubook\",\"description\":\"La app de los meridianos para MTC, Acupuntura, Shiatsu, Tuina, Kinesiolog\u00eda, Reflexolog\u00eda, Qi Gong y m\u00e1s\",\"potentialAction\":[{\"@type\":\"SearchAction\",\"target\":{\"@type\":\"EntryPoint\",\"urlTemplate\":\"https:\/\/www.tsubook.net\/es\/?s={search_term_string}\"},\"query-input\":{\"@type\":\"PropertyValueSpecification\",\"valueRequired\":true,\"valueName\":\"search_term_string\"}}],\"inLanguage\":\"es\"}]}<\/script>\n<!-- \/ Yoast SEO plugin. -->","yoast_head_json":{"title":"\u00bfPuedo usar Tsubook para ense\u00f1ar mis lecciones? - Tsubook","robots":{"index":"index","follow":"follow","max-snippet":"max-snippet:-1","max-image-preview":"max-image-preview:large","max-video-preview":"max-video-preview:-1"},"canonical":"https:\/\/www.tsubook.net\/es\/ayuda\/ensenanza\/tsubook-para-mis-lecciones\/","og_locale":"es_ES","og_type":"article","og_title":"\u00bfPuedo usar Tsubook para ense\u00f1ar mis lecciones? - Tsubook","og_description":"La aplicaci\u00f3n Tsubook, al igual que un manual en papel, es ideal como apoyo para sus clases si ense\u00f1a Shiatsu, MCT o cualquier otra pr\u00e1ctica basada en los meridianos. Aqu\u00ed reunimos las modalidades para hacerlo de forma legal: Para mostrar a sus estudiantes los meridianos directamente en la app Tsubook (cara a cara o en[...]","og_url":"https:\/\/www.tsubook.net\/es\/ayuda\/ensenanza\/tsubook-para-mis-lecciones\/","og_site_name":"Tsubook","article_publisher":"https:\/\/www.facebook.com\/tsubook\/","article_modified_time":"2021-06-19T19:27:59+00:00","og_image":[{"width":1536,"height":1024,"url":"https:\/\/www.tsubook.net\/es\/wp-content\/uploads\/tsubook_main.png","type":"image\/png"}],"twitter_card":"summary_large_image","twitter_site":"@TsubookApp","twitter_misc":{"Tiempo de lectura":"1 minuto"},"schema":{"@context":"https:\/\/schema.org","@graph":[{"@type":"WebPage","@id":"https:\/\/www.tsubook.net\/es\/ayuda\/ensenanza\/tsubook-para-mis-lecciones\/","url":"https:\/\/www.tsubook.net\/es\/ayuda\/ensenanza\/tsubook-para-mis-lecciones\/","name":"\u00bfPuedo usar Tsubook para ense\u00f1ar mis lecciones? - Tsubook","isPartOf":{"@id":"https:\/\/www.tsubook.net\/es\/#website"},"datePublished":"2021-06-19T19:27:56+00:00","dateModified":"2021-06-19T19:27:59+00:00","breadcrumb":{"@id":"https:\/\/www.tsubook.net\/es\/ayuda\/ensenanza\/tsubook-para-mis-lecciones\/#breadcrumb"},"inLanguage":"es","potentialAction":[{"@type":"ReadAction","target":["https:\/\/www.tsubook.net\/es\/ayuda\/ensenanza\/tsubook-para-mis-lecciones\/"]}]},{"@type":"BreadcrumbList","@id":"https:\/\/www.tsubook.net\/es\/ayuda\/ensenanza\/tsubook-para-mis-lecciones\/#breadcrumb","itemListElement":[{"@type":"ListItem","position":1,"name":"Centro de ayuda","item":"https:\/\/www.tsubook.net\/es\/ayuda\/"},{"@type":"ListItem","position":2,"name":"Ense\u00f1anza","item":"https:\/\/www.tsubook.net\/es\/ayuda\/ensenanza\/"},{"@type":"ListItem","position":3,"name":"\u00bfPuedo usar Tsubook para ense\u00f1ar mis lecciones?"}]},{"@type":"WebSite","@id":"https:\/\/www.tsubook.net\/es\/#website","url":"https:\/\/www.tsubook.net\/es\/","name":"Tsubook","description":"La app de los meridianos para MTC, Acupuntura, Shiatsu, Tuina, Kinesiolog\u00eda, Reflexolog\u00eda, Qi Gong y m\u00e1s","potentialAction":[{"@type":"SearchAction","target":{"@type":"EntryPoint","urlTemplate":"https:\/\/www.tsubook.net\/es\/?s={search_term_string}"},"query-input":{"@type":"PropertyValueSpecification","valueRequired":true,"valueName":"search_term_string"}}],"inLanguage":"es"}]}},"jetpack_sharing_enabled":true,"jetpack_shortlink":"https:\/\/wp.me\/PaMpYR-7u","_links":{"self":[{"href":"https:\/\/www.tsubook.net\/es\/wp-json\/wp\/v2\/pages\/464","targetHints":{"allow":["GET"]}}],"collection":[{"href":"https:\/\/www.tsubook.net\/es\/wp-json\/wp\/v2\/pages"}],"about":[{"href":"https:\/\/www.tsubook.net\/es\/wp-json\/wp\/v2\/types\/page"}],"author":[{"embeddable":true,"href":"https:\/\/www.tsubook.net\/es\/wp-json\/wp\/v2\/users\/3"}],"replies":[{"embeddable":true,"href":"https:\/\/www.tsubook.net\/es\/wp-json\/wp\/v2\/comments?post=464"}],"version-history":[{"count":1,"href":"https:\/\/www.tsubook.net\/es\/wp-json\/wp\/v2\/pages\/464\/revisions"}],"predecessor-version":[{"id":465,"href":"https:\/\/www.tsubook.net\/es\/wp-json\/wp\/v2\/pages\/464\/revisions\/465"}],"up":[{"embeddable":true,"href":"https:\/\/www.tsubook.net\/es\/wp-json\/wp\/v2\/pages\/422"}],"wp:attachment":[{"href":"https:\/\/www.tsubook.net\/es\/wp-json\/wp\/v2\/media?parent=464"}],"curies":[{"name":"wp","href":"https:\/\/api.w.org\/{rel}","templated":true}]}}