{"id":491,"date":"2021-11-25T19:51:08","date_gmt":"2021-11-25T18:51:08","guid":{"rendered":"https:\/\/www.tsubook.net\/es\/?page_id=491"},"modified":"2024-09-05T12:03:27","modified_gmt":"2024-09-05T10:03:27","slug":"opciones-pago","status":"publish","type":"page","link":"https:\/\/www.tsubook.net\/es\/ayuda\/precios\/opciones-pago\/","title":{"rendered":"\u00bfPuedo pagar sin tarjeta de cr\u00e9dito?"},"content":{"rendered":"\n<p class=\"breadcrumb\"><\/p>\n\n\n\n<p>Hay diferentes formas de comprar una licencia de Tsubook y desbloquear el contenido de pago:<\/p>\n\n\n\n<ol class=\"wp-block-list\">\n<li>En la aplicaci\u00f3n para Android, iPhone, iPad y Mac: abre el men\u00fa lateral en la aplicaci\u00f3n y seleccione &#8216;Comprar licencia&#8217;. Esto le redirige directamente a su store, donde est\u00e1n disponibles los m\u00e9todos de pago aceptados de su store. Consulte <a href=\"https:\/\/support.apple.com\/es-es\/HT202631\">aqu\u00ed<\/a> para la AppStore y <a href=\"https:\/\/support.google.com\/googleplay\/answer\/2651410?hl=es&amp;co=GENIE.CountryCode%3DSpain\">aqu\u00ed<\/a> para el GooglePlay. Tenga en cuenta que si utiliza este m\u00e9todo, Google y Apple cobrar\u00e1n una tarifa del 15% sobre la compra.<\/li>\n\n\n\n<li>En la aplicaci\u00f3n para Windows: abre el men\u00fa lateral de la aplicaci\u00f3n y selecciona \u00abComprar licencia\u00bb. Esto le redireccionar\u00e1 a nuestro sitio web, donde podr\u00e1 encontrar m\u00e9todos de pago alternativos (ver a continuaci\u00f3n).<\/li>\n\n\n\n<li>En nuestro sitio web: con su cuenta Tsubook, tambi\u00e9n puede comprar una licencia a trav\u00e9s de nuestro sitio web. Para iniciar sesi\u00f3n, simplemente haga clic en el bot\u00f3n <a href=\"https:\/\/www.tsubook.net\/app\/?lang=es\">Connectarse<\/a> en la esquina superior derecha de esta p\u00e1gina.<\/li>\n<\/ol>\n","protected":false},"excerpt":{"rendered":"<p>Hay diferentes formas de comprar una licencia de Tsubook y desbloquear el contenido de pago:<\/p>\n","protected":false},"author":3,"featured_media":0,"parent":106,"menu_order":1,"comment_status":"closed","ping_status":"closed","template":"","meta":{"jetpack_post_was_ever_published":false,"footnotes":""},"class_list":["post-491","page","type-page","status-publish","hentry","wpautop"],"yoast_head":"<!-- This site is optimized with the Yoast SEO plugin v27.1.1 - https:\/\/yoast.com\/product\/yoast-seo-wordpress\/ -->\n<title>\u00bfPuedo pagar sin tarjeta de cr\u00e9dito? - Tsubook<\/title>\n<meta name=\"robots\" content=\"index, follow, max-snippet:-1, max-image-preview:large, max-video-preview:-1\" \/>\n<link rel=\"canonical\" href=\"https:\/\/www.tsubook.net\/es\/ayuda\/precios\/opciones-pago\/\" \/>\n<meta property=\"og:locale\" content=\"es_ES\" \/>\n<meta property=\"og:type\" content=\"article\" \/>\n<meta property=\"og:title\" content=\"\u00bfPuedo pagar sin tarjeta de cr\u00e9dito? - Tsubook\" \/>\n<meta property=\"og:description\" content=\"Hay diferentes formas de comprar una licencia de Tsubook y desbloquear el contenido de pago:\" \/>\n<meta property=\"og:url\" content=\"https:\/\/www.tsubook.net\/es\/ayuda\/precios\/opciones-pago\/\" \/>\n<meta property=\"og:site_name\" content=\"Tsubook\" \/>\n<meta property=\"article:publisher\" content=\"https:\/\/www.facebook.com\/tsubook\/\" \/>\n<meta property=\"article:modified_time\" content=\"2024-09-05T10:03:27+00:00\" \/>\n<meta property=\"og:image\" content=\"https:\/\/www.tsubook.net\/es\/wp-content\/uploads\/tsubook_main.png\" \/>\n\t<meta property=\"og:image:width\" content=\"1536\" \/>\n\t<meta property=\"og:image:height\" content=\"1024\" \/>\n\t<meta property=\"og:image:type\" content=\"image\/png\" \/>\n<meta name=\"twitter:card\" content=\"summary_large_image\" \/>\n<meta name=\"twitter:site\" content=\"@TsubookApp\" \/>\n<meta name=\"twitter:label1\" content=\"Tiempo de lectura\" \/>\n\t<meta name=\"twitter:data1\" content=\"1 minuto\" \/>\n<script type=\"application\/ld+json\" class=\"yoast-schema-graph\">{\"@context\":\"https:\/\/schema.org\",\"@graph\":[{\"@type\":\"WebPage\",\"@id\":\"https:\/\/www.tsubook.net\/es\/ayuda\/precios\/opciones-pago\/\",\"url\":\"https:\/\/www.tsubook.net\/es\/ayuda\/precios\/opciones-pago\/\",\"name\":\"\u00bfPuedo pagar sin tarjeta de cr\u00e9dito? - Tsubook\",\"isPartOf\":{\"@id\":\"https:\/\/www.tsubook.net\/es\/#website\"},\"datePublished\":\"2021-11-25T18:51:08+00:00\",\"dateModified\":\"2024-09-05T10:03:27+00:00\",\"breadcrumb\":{\"@id\":\"https:\/\/www.tsubook.net\/es\/ayuda\/precios\/opciones-pago\/#breadcrumb\"},\"inLanguage\":\"es\",\"potentialAction\":[{\"@type\":\"ReadAction\",\"target\":[\"https:\/\/www.tsubook.net\/es\/ayuda\/precios\/opciones-pago\/\"]}]},{\"@type\":\"BreadcrumbList\",\"@id\":\"https:\/\/www.tsubook.net\/es\/ayuda\/precios\/opciones-pago\/#breadcrumb\",\"itemListElement\":[{\"@type\":\"ListItem\",\"position\":1,\"name\":\"Centro de ayuda\",\"item\":\"https:\/\/www.tsubook.net\/es\/ayuda\/\"},{\"@type\":\"ListItem\",\"position\":2,\"name\":\"Precios\",\"item\":\"https:\/\/www.tsubook.net\/es\/ayuda\/precios\/\"},{\"@type\":\"ListItem\",\"position\":3,\"name\":\"\u00bfPuedo pagar sin tarjeta de cr\u00e9dito?\"}]},{\"@type\":\"WebSite\",\"@id\":\"https:\/\/www.tsubook.net\/es\/#website\",\"url\":\"https:\/\/www.tsubook.net\/es\/\",\"name\":\"Tsubook\",\"description\":\"La app de los meridianos para MTC, Acupuntura, Shiatsu, Tuina, Kinesiolog\u00eda, Reflexolog\u00eda, Qi Gong y m\u00e1s\",\"potentialAction\":[{\"@type\":\"SearchAction\",\"target\":{\"@type\":\"EntryPoint\",\"urlTemplate\":\"https:\/\/www.tsubook.net\/es\/?s={search_term_string}\"},\"query-input\":{\"@type\":\"PropertyValueSpecification\",\"valueRequired\":true,\"valueName\":\"search_term_string\"}}],\"inLanguage\":\"es\"}]}<\/script>\n<!-- \/ Yoast SEO plugin. -->","yoast_head_json":{"title":"\u00bfPuedo pagar sin tarjeta de cr\u00e9dito? - Tsubook","robots":{"index":"index","follow":"follow","max-snippet":"max-snippet:-1","max-image-preview":"max-image-preview:large","max-video-preview":"max-video-preview:-1"},"canonical":"https:\/\/www.tsubook.net\/es\/ayuda\/precios\/opciones-pago\/","og_locale":"es_ES","og_type":"article","og_title":"\u00bfPuedo pagar sin tarjeta de cr\u00e9dito? - Tsubook","og_description":"Hay diferentes formas de comprar una licencia de Tsubook y desbloquear el contenido de pago:","og_url":"https:\/\/www.tsubook.net\/es\/ayuda\/precios\/opciones-pago\/","og_site_name":"Tsubook","article_publisher":"https:\/\/www.facebook.com\/tsubook\/","article_modified_time":"2024-09-05T10:03:27+00:00","og_image":[{"width":1536,"height":1024,"url":"https:\/\/www.tsubook.net\/es\/wp-content\/uploads\/tsubook_main.png","type":"image\/png"}],"twitter_card":"summary_large_image","twitter_site":"@TsubookApp","twitter_misc":{"Tiempo de lectura":"1 minuto"},"schema":{"@context":"https:\/\/schema.org","@graph":[{"@type":"WebPage","@id":"https:\/\/www.tsubook.net\/es\/ayuda\/precios\/opciones-pago\/","url":"https:\/\/www.tsubook.net\/es\/ayuda\/precios\/opciones-pago\/","name":"\u00bfPuedo pagar sin tarjeta de cr\u00e9dito? - Tsubook","isPartOf":{"@id":"https:\/\/www.tsubook.net\/es\/#website"},"datePublished":"2021-11-25T18:51:08+00:00","dateModified":"2024-09-05T10:03:27+00:00","breadcrumb":{"@id":"https:\/\/www.tsubook.net\/es\/ayuda\/precios\/opciones-pago\/#breadcrumb"},"inLanguage":"es","potentialAction":[{"@type":"ReadAction","target":["https:\/\/www.tsubook.net\/es\/ayuda\/precios\/opciones-pago\/"]}]},{"@type":"BreadcrumbList","@id":"https:\/\/www.tsubook.net\/es\/ayuda\/precios\/opciones-pago\/#breadcrumb","itemListElement":[{"@type":"ListItem","position":1,"name":"Centro de ayuda","item":"https:\/\/www.tsubook.net\/es\/ayuda\/"},{"@type":"ListItem","position":2,"name":"Precios","item":"https:\/\/www.tsubook.net\/es\/ayuda\/precios\/"},{"@type":"ListItem","position":3,"name":"\u00bfPuedo pagar sin tarjeta de cr\u00e9dito?"}]},{"@type":"WebSite","@id":"https:\/\/www.tsubook.net\/es\/#website","url":"https:\/\/www.tsubook.net\/es\/","name":"Tsubook","description":"La app de los meridianos para MTC, Acupuntura, Shiatsu, Tuina, Kinesiolog\u00eda, Reflexolog\u00eda, Qi Gong y m\u00e1s","potentialAction":[{"@type":"SearchAction","target":{"@type":"EntryPoint","urlTemplate":"https:\/\/www.tsubook.net\/es\/?s={search_term_string}"},"query-input":{"@type":"PropertyValueSpecification","valueRequired":true,"valueName":"search_term_string"}}],"inLanguage":"es"}]}},"jetpack_sharing_enabled":true,"jetpack_shortlink":"https:\/\/wp.me\/PaMpYR-7V","_links":{"self":[{"href":"https:\/\/www.tsubook.net\/es\/wp-json\/wp\/v2\/pages\/491","targetHints":{"allow":["GET"]}}],"collection":[{"href":"https:\/\/www.tsubook.net\/es\/wp-json\/wp\/v2\/pages"}],"about":[{"href":"https:\/\/www.tsubook.net\/es\/wp-json\/wp\/v2\/types\/page"}],"author":[{"embeddable":true,"href":"https:\/\/www.tsubook.net\/es\/wp-json\/wp\/v2\/users\/3"}],"replies":[{"embeddable":true,"href":"https:\/\/www.tsubook.net\/es\/wp-json\/wp\/v2\/comments?post=491"}],"version-history":[{"count":3,"href":"https:\/\/www.tsubook.net\/es\/wp-json\/wp\/v2\/pages\/491\/revisions"}],"predecessor-version":[{"id":643,"href":"https:\/\/www.tsubook.net\/es\/wp-json\/wp\/v2\/pages\/491\/revisions\/643"}],"up":[{"embeddable":true,"href":"https:\/\/www.tsubook.net\/es\/wp-json\/wp\/v2\/pages\/106"}],"wp:attachment":[{"href":"https:\/\/www.tsubook.net\/es\/wp-json\/wp\/v2\/media?parent=491"}],"curies":[{"name":"wp","href":"https:\/\/api.w.org\/{rel}","templated":true}]}}