{"id":496,"date":"2021-12-02T10:01:05","date_gmt":"2021-12-02T09:01:05","guid":{"rendered":"https:\/\/www.tsubook.net\/es\/?page_id=496"},"modified":"2021-12-02T10:01:45","modified_gmt":"2021-12-02T09:01:45","slug":"borrar-cuenta","status":"publish","type":"page","link":"https:\/\/www.tsubook.net\/es\/ayuda\/licencias\/borrar-cuenta\/","title":{"rendered":"\u00bfC\u00f3mo puedo borrar mi cuenta?"},"content":{"rendered":"\n<p class=\"breadcrumb\"><\/p>\n\n\n\n<p>Aunque esperamos que le guste trabajar con Tsubook, es posible que desee terminar esta relaci\u00f3n y preguntese c\u00f3mo asegurarse de que sus datos personales se eliminen de nuestros servidores. Aqui esta como borrar su cuenta y todos sus datos personales de Tsubook:<\/p>\n\n\n\n<ol class=\"wp-block-list\"><li>Inicie sesi\u00f3n en la aplicaci\u00f3n y haga clic en el men\u00fa lateral<\/li><li>Haga clic en la primera fila que indica su nombre y direcci\u00f3n de correo electr\u00f3nico<\/li><li>Despl\u00e1cese hacia abajo en la lista hasta encontrar \u00ab<em>Eliminar cuenta<\/em>\u00ab<\/li><\/ol>\n\n\n\n<p>Una vez que haya aceptado las consecuencias, su cuenta se eliminar\u00e1 y podr\u00e1 desinstalar la aplicaci\u00f3n.<\/p>\n\n\n\n<div class=\"wp-block-columns is-layout-flex wp-container-core-columns-is-layout-9d6595d7 wp-block-columns-is-layout-flex\">\n<div class=\"wp-block-column is-layout-flow wp-block-column-is-layout-flow\">\n<figure class=\"wp-block-image size-large\"><img loading=\"lazy\" decoding=\"async\" width=\"508\" height=\"1024\" src=\"https:\/\/www.tsubook.net\/es\/wp-content\/uploads\/Tutorial_InviteFriends_es_1-508x1024.png\" alt=\"\" class=\"wp-image-430\" srcset=\"https:\/\/www.tsubook.net\/es\/wp-content\/uploads\/Tutorial_InviteFriends_es_1-508x1024.png 508w, https:\/\/www.tsubook.net\/es\/wp-content\/uploads\/Tutorial_InviteFriends_es_1-149x300.png 149w, https:\/\/www.tsubook.net\/es\/wp-content\/uploads\/Tutorial_InviteFriends_es_1.png 576w\" sizes=\"auto, (max-width: 508px) 100vw, 508px\" \/><\/figure>\n<\/div>\n\n\n\n<div class=\"wp-block-column is-layout-flow wp-block-column-is-layout-flow\" style=\"flex-basis:5%\"><\/div>\n\n\n\n<div class=\"wp-block-column is-layout-flow wp-block-column-is-layout-flow\">\n<figure class=\"wp-block-image size-large\"><img loading=\"lazy\" decoding=\"async\" width=\"508\" height=\"1024\" src=\"https:\/\/www.tsubook.net\/es\/wp-content\/uploads\/Tutorial_DeleteAccount_es_2-508x1024.png\" alt=\"\" class=\"wp-image-497\" srcset=\"https:\/\/www.tsubook.net\/es\/wp-content\/uploads\/Tutorial_DeleteAccount_es_2-508x1024.png 508w, https:\/\/www.tsubook.net\/es\/wp-content\/uploads\/Tutorial_DeleteAccount_es_2-149x300.png 149w, https:\/\/www.tsubook.net\/es\/wp-content\/uploads\/Tutorial_DeleteAccount_es_2-768x1547.png 768w, https:\/\/www.tsubook.net\/es\/wp-content\/uploads\/Tutorial_DeleteAccount_es_2-763x1536.png 763w, https:\/\/www.tsubook.net\/es\/wp-content\/uploads\/Tutorial_DeleteAccount_es_2-1017x2048.png 1017w, https:\/\/www.tsubook.net\/es\/wp-content\/uploads\/Tutorial_DeleteAccount_es_2.png 1199w\" sizes=\"auto, (max-width: 508px) 100vw, 508px\" \/><\/figure>\n<\/div>\n\n\n\n<div class=\"wp-block-column is-layout-flow wp-block-column-is-layout-flow\" style=\"flex-basis:5%\"><\/div>\n\n\n\n<div class=\"wp-block-column is-layout-flow wp-block-column-is-layout-flow\">\n<figure class=\"wp-block-image size-large\"><img loading=\"lazy\" decoding=\"async\" width=\"508\" height=\"1024\" src=\"https:\/\/www.tsubook.net\/es\/wp-content\/uploads\/Tutorial_DeleteAccount_es_3-508x1024.png\" alt=\"\" class=\"wp-image-498\" srcset=\"https:\/\/www.tsubook.net\/es\/wp-content\/uploads\/Tutorial_DeleteAccount_es_3-508x1024.png 508w, https:\/\/www.tsubook.net\/es\/wp-content\/uploads\/Tutorial_DeleteAccount_es_3-149x300.png 149w, https:\/\/www.tsubook.net\/es\/wp-content\/uploads\/Tutorial_DeleteAccount_es_3-768x1547.png 768w, https:\/\/www.tsubook.net\/es\/wp-content\/uploads\/Tutorial_DeleteAccount_es_3-763x1536.png 763w, https:\/\/www.tsubook.net\/es\/wp-content\/uploads\/Tutorial_DeleteAccount_es_3-1017x2048.png 1017w, https:\/\/www.tsubook.net\/es\/wp-content\/uploads\/Tutorial_DeleteAccount_es_3.png 1199w\" sizes=\"auto, (max-width: 508px) 100vw, 508px\" \/><\/figure>\n<\/div>\n<\/div>\n","protected":false},"excerpt":{"rendered":"<p>Aunque esperamos que le guste trabajar con Tsubook, es posible que desee terminar esta relaci\u00f3n y preguntese c\u00f3mo asegurarse de que sus datos personales se eliminen de nuestros servidores. Aqui esta como borrar su cuenta y todos sus datos personales de Tsubook: Inicie sesi\u00f3n en la aplicaci\u00f3n y haga clic en el men\u00fa lateral Haga<a href=\"https:\/\/www.tsubook.net\/es\/ayuda\/licencias\/borrar-cuenta\/\">[&#8230;]<\/a><\/p>\n","protected":false},"author":3,"featured_media":0,"parent":122,"menu_order":2,"comment_status":"closed","ping_status":"closed","template":"","meta":{"jetpack_post_was_ever_published":false,"footnotes":""},"class_list":["post-496","page","type-page","status-publish","hentry","wpautop"],"yoast_head":"<!-- This site is optimized with the Yoast SEO plugin v27.1.1 - https:\/\/yoast.com\/product\/yoast-seo-wordpress\/ -->\n<title>\u00bfC\u00f3mo puedo borrar mi cuenta? - Tsubook<\/title>\n<meta name=\"robots\" content=\"index, follow, max-snippet:-1, max-image-preview:large, max-video-preview:-1\" \/>\n<link rel=\"canonical\" href=\"https:\/\/www.tsubook.net\/es\/ayuda\/licencias\/borrar-cuenta\/\" \/>\n<meta property=\"og:locale\" content=\"es_ES\" \/>\n<meta property=\"og:type\" content=\"article\" \/>\n<meta property=\"og:title\" content=\"\u00bfC\u00f3mo puedo borrar mi cuenta? - Tsubook\" \/>\n<meta property=\"og:description\" content=\"Aunque esperamos que le guste trabajar con Tsubook, es posible que desee terminar esta relaci\u00f3n y preguntese c\u00f3mo asegurarse de que sus datos personales se eliminen de nuestros servidores. Aqui esta como borrar su cuenta y todos sus datos personales de Tsubook: Inicie sesi\u00f3n en la aplicaci\u00f3n y haga clic en el men\u00fa lateral Haga[...]\" \/>\n<meta property=\"og:url\" content=\"https:\/\/www.tsubook.net\/es\/ayuda\/licencias\/borrar-cuenta\/\" \/>\n<meta property=\"og:site_name\" content=\"Tsubook\" \/>\n<meta property=\"article:publisher\" content=\"https:\/\/www.facebook.com\/tsubook\/\" \/>\n<meta property=\"article:modified_time\" content=\"2021-12-02T09:01:45+00:00\" \/>\n<meta property=\"og:image\" content=\"https:\/\/www.tsubook.net\/es\/wp-content\/uploads\/Tutorial_InviteFriends_es_1-508x1024.png\" \/>\n<meta name=\"twitter:card\" content=\"summary_large_image\" \/>\n<meta name=\"twitter:site\" content=\"@TsubookApp\" \/>\n<meta name=\"twitter:label1\" content=\"Tiempo de lectura\" \/>\n\t<meta name=\"twitter:data1\" content=\"2 minutos\" \/>\n<script type=\"application\/ld+json\" class=\"yoast-schema-graph\">{\"@context\":\"https:\/\/schema.org\",\"@graph\":[{\"@type\":\"WebPage\",\"@id\":\"https:\/\/www.tsubook.net\/es\/ayuda\/licencias\/borrar-cuenta\/\",\"url\":\"https:\/\/www.tsubook.net\/es\/ayuda\/licencias\/borrar-cuenta\/\",\"name\":\"\u00bfC\u00f3mo puedo borrar mi cuenta? - Tsubook\",\"isPartOf\":{\"@id\":\"https:\/\/www.tsubook.net\/es\/#website\"},\"primaryImageOfPage\":{\"@id\":\"https:\/\/www.tsubook.net\/es\/ayuda\/licencias\/borrar-cuenta\/#primaryimage\"},\"image\":{\"@id\":\"https:\/\/www.tsubook.net\/es\/ayuda\/licencias\/borrar-cuenta\/#primaryimage\"},\"thumbnailUrl\":\"https:\/\/www.tsubook.net\/es\/wp-content\/uploads\/Tutorial_InviteFriends_es_1-508x1024.png\",\"datePublished\":\"2021-12-02T09:01:05+00:00\",\"dateModified\":\"2021-12-02T09:01:45+00:00\",\"breadcrumb\":{\"@id\":\"https:\/\/www.tsubook.net\/es\/ayuda\/licencias\/borrar-cuenta\/#breadcrumb\"},\"inLanguage\":\"es\",\"potentialAction\":[{\"@type\":\"ReadAction\",\"target\":[\"https:\/\/www.tsubook.net\/es\/ayuda\/licencias\/borrar-cuenta\/\"]}]},{\"@type\":\"ImageObject\",\"inLanguage\":\"es\",\"@id\":\"https:\/\/www.tsubook.net\/es\/ayuda\/licencias\/borrar-cuenta\/#primaryimage\",\"url\":\"https:\/\/www.tsubook.net\/es\/wp-content\/uploads\/Tutorial_InviteFriends_es_1.png\",\"contentUrl\":\"https:\/\/www.tsubook.net\/es\/wp-content\/uploads\/Tutorial_InviteFriends_es_1.png\",\"width\":576,\"height\":1161},{\"@type\":\"BreadcrumbList\",\"@id\":\"https:\/\/www.tsubook.net\/es\/ayuda\/licencias\/borrar-cuenta\/#breadcrumb\",\"itemListElement\":[{\"@type\":\"ListItem\",\"position\":1,\"name\":\"Centro de ayuda\",\"item\":\"https:\/\/www.tsubook.net\/es\/ayuda\/\"},{\"@type\":\"ListItem\",\"position\":2,\"name\":\"Licencia y cuenta\",\"item\":\"https:\/\/www.tsubook.net\/es\/ayuda\/licencias\/\"},{\"@type\":\"ListItem\",\"position\":3,\"name\":\"\u00bfC\u00f3mo puedo borrar mi cuenta?\"}]},{\"@type\":\"WebSite\",\"@id\":\"https:\/\/www.tsubook.net\/es\/#website\",\"url\":\"https:\/\/www.tsubook.net\/es\/\",\"name\":\"Tsubook\",\"description\":\"La app de los meridianos para MTC, Acupuntura, Shiatsu, Tuina, Kinesiolog\u00eda, Reflexolog\u00eda, Qi Gong y m\u00e1s\",\"potentialAction\":[{\"@type\":\"SearchAction\",\"target\":{\"@type\":\"EntryPoint\",\"urlTemplate\":\"https:\/\/www.tsubook.net\/es\/?s={search_term_string}\"},\"query-input\":{\"@type\":\"PropertyValueSpecification\",\"valueRequired\":true,\"valueName\":\"search_term_string\"}}],\"inLanguage\":\"es\"}]}<\/script>\n<!-- \/ Yoast SEO plugin. -->","yoast_head_json":{"title":"\u00bfC\u00f3mo puedo borrar mi cuenta? - Tsubook","robots":{"index":"index","follow":"follow","max-snippet":"max-snippet:-1","max-image-preview":"max-image-preview:large","max-video-preview":"max-video-preview:-1"},"canonical":"https:\/\/www.tsubook.net\/es\/ayuda\/licencias\/borrar-cuenta\/","og_locale":"es_ES","og_type":"article","og_title":"\u00bfC\u00f3mo puedo borrar mi cuenta? - Tsubook","og_description":"Aunque esperamos que le guste trabajar con Tsubook, es posible que desee terminar esta relaci\u00f3n y preguntese c\u00f3mo asegurarse de que sus datos personales se eliminen de nuestros servidores. Aqui esta como borrar su cuenta y todos sus datos personales de Tsubook: Inicie sesi\u00f3n en la aplicaci\u00f3n y haga clic en el men\u00fa lateral Haga[...]","og_url":"https:\/\/www.tsubook.net\/es\/ayuda\/licencias\/borrar-cuenta\/","og_site_name":"Tsubook","article_publisher":"https:\/\/www.facebook.com\/tsubook\/","article_modified_time":"2021-12-02T09:01:45+00:00","og_image":[{"url":"https:\/\/www.tsubook.net\/es\/wp-content\/uploads\/Tutorial_InviteFriends_es_1-508x1024.png","type":"","width":"","height":""}],"twitter_card":"summary_large_image","twitter_site":"@TsubookApp","twitter_misc":{"Tiempo de lectura":"2 minutos"},"schema":{"@context":"https:\/\/schema.org","@graph":[{"@type":"WebPage","@id":"https:\/\/www.tsubook.net\/es\/ayuda\/licencias\/borrar-cuenta\/","url":"https:\/\/www.tsubook.net\/es\/ayuda\/licencias\/borrar-cuenta\/","name":"\u00bfC\u00f3mo puedo borrar mi cuenta? - Tsubook","isPartOf":{"@id":"https:\/\/www.tsubook.net\/es\/#website"},"primaryImageOfPage":{"@id":"https:\/\/www.tsubook.net\/es\/ayuda\/licencias\/borrar-cuenta\/#primaryimage"},"image":{"@id":"https:\/\/www.tsubook.net\/es\/ayuda\/licencias\/borrar-cuenta\/#primaryimage"},"thumbnailUrl":"https:\/\/www.tsubook.net\/es\/wp-content\/uploads\/Tutorial_InviteFriends_es_1-508x1024.png","datePublished":"2021-12-02T09:01:05+00:00","dateModified":"2021-12-02T09:01:45+00:00","breadcrumb":{"@id":"https:\/\/www.tsubook.net\/es\/ayuda\/licencias\/borrar-cuenta\/#breadcrumb"},"inLanguage":"es","potentialAction":[{"@type":"ReadAction","target":["https:\/\/www.tsubook.net\/es\/ayuda\/licencias\/borrar-cuenta\/"]}]},{"@type":"ImageObject","inLanguage":"es","@id":"https:\/\/www.tsubook.net\/es\/ayuda\/licencias\/borrar-cuenta\/#primaryimage","url":"https:\/\/www.tsubook.net\/es\/wp-content\/uploads\/Tutorial_InviteFriends_es_1.png","contentUrl":"https:\/\/www.tsubook.net\/es\/wp-content\/uploads\/Tutorial_InviteFriends_es_1.png","width":576,"height":1161},{"@type":"BreadcrumbList","@id":"https:\/\/www.tsubook.net\/es\/ayuda\/licencias\/borrar-cuenta\/#breadcrumb","itemListElement":[{"@type":"ListItem","position":1,"name":"Centro de ayuda","item":"https:\/\/www.tsubook.net\/es\/ayuda\/"},{"@type":"ListItem","position":2,"name":"Licencia y cuenta","item":"https:\/\/www.tsubook.net\/es\/ayuda\/licencias\/"},{"@type":"ListItem","position":3,"name":"\u00bfC\u00f3mo puedo borrar mi cuenta?"}]},{"@type":"WebSite","@id":"https:\/\/www.tsubook.net\/es\/#website","url":"https:\/\/www.tsubook.net\/es\/","name":"Tsubook","description":"La app de los meridianos para MTC, Acupuntura, Shiatsu, Tuina, Kinesiolog\u00eda, Reflexolog\u00eda, Qi Gong y m\u00e1s","potentialAction":[{"@type":"SearchAction","target":{"@type":"EntryPoint","urlTemplate":"https:\/\/www.tsubook.net\/es\/?s={search_term_string}"},"query-input":{"@type":"PropertyValueSpecification","valueRequired":true,"valueName":"search_term_string"}}],"inLanguage":"es"}]}},"jetpack_sharing_enabled":true,"jetpack_shortlink":"https:\/\/wp.me\/PaMpYR-80","_links":{"self":[{"href":"https:\/\/www.tsubook.net\/es\/wp-json\/wp\/v2\/pages\/496","targetHints":{"allow":["GET"]}}],"collection":[{"href":"https:\/\/www.tsubook.net\/es\/wp-json\/wp\/v2\/pages"}],"about":[{"href":"https:\/\/www.tsubook.net\/es\/wp-json\/wp\/v2\/types\/page"}],"author":[{"embeddable":true,"href":"https:\/\/www.tsubook.net\/es\/wp-json\/wp\/v2\/users\/3"}],"replies":[{"embeddable":true,"href":"https:\/\/www.tsubook.net\/es\/wp-json\/wp\/v2\/comments?post=496"}],"version-history":[{"count":2,"href":"https:\/\/www.tsubook.net\/es\/wp-json\/wp\/v2\/pages\/496\/revisions"}],"predecessor-version":[{"id":500,"href":"https:\/\/www.tsubook.net\/es\/wp-json\/wp\/v2\/pages\/496\/revisions\/500"}],"up":[{"embeddable":true,"href":"https:\/\/www.tsubook.net\/es\/wp-json\/wp\/v2\/pages\/122"}],"wp:attachment":[{"href":"https:\/\/www.tsubook.net\/es\/wp-json\/wp\/v2\/media?parent=496"}],"curies":[{"name":"wp","href":"https:\/\/api.w.org\/{rel}","templated":true}]}}