{"id":50,"date":"2019-03-06T14:19:20","date_gmt":"2019-03-06T13:19:20","guid":{"rendered":"https:\/\/www.tsubook.net\/es\/?page_id=50"},"modified":"2021-12-02T10:03:11","modified_gmt":"2021-12-02T09:03:11","slug":"ayuda","status":"publish","type":"page","link":"https:\/\/www.tsubook.net\/es\/ayuda\/","title":{"rendered":"Centro de ayuda"},"content":{"rendered":"\n<p>Bienvenido a nuestro centro de ayuda. \u00bfEn qu\u00e9 \u00e1rea es su pregunta?<\/p>\n\n\n\n<div class=\"flex-container\">\n    <a href=\"descargar\">\n        <div><img decoding=\"async\" src=\"https:\/\/www.tsubook.net\/wp-content\/uploads\/ic_file_download_white_48dp_2x.png\"><\/div>\n        <div>Descargar<\/div>\n    <\/a>\n    <a href=\"contenido\">\n        <div><img decoding=\"async\" src=\"https:\/\/www.tsubook.net\/wp-content\/uploads\/ic_import_contacts_white_48dp_2x.png\"><\/div>\n        <div>Contenido<\/div>\n    <\/a>\n    <a href=\"precios\">\n        <div><img decoding=\"async\" src=\"https:\/\/www.tsubook.net\/wp-content\/uploads\/ic_attach_money_white_48dp_2x.png\"><\/div>\n        <div>Precios<\/div>\n    <\/a>\n    <a href=\"licencias\">\n        <div><img decoding=\"async\" src=\"https:\/\/www.tsubook.net\/wp-content\/uploads\/ic_swap_horiz_white_48dp_2x.png\"><\/div>\n        <div>Licencia y cuenta<\/div>\n    <\/a>\n    <a href=\"promo\">\n        <div><img decoding=\"async\" src=\"https:\/\/www.tsubook.net\/wp-content\/uploads\/ic_card_giftcard_white_48dp_2x.png\"><\/div>\n        <div>C\u00f3digo promocional o regalo<\/div>\n    <\/a>\n<a href=\"Derechos-de-autor\">\n        <div><img decoding=\"async\" src=\"https:\/\/www.tsubook.net\/wp-content\/uploads\/baseline_copyright_white_48dp.png\" scale=\"0\"><\/div>\n        <div>Derechos de autor<\/div>\n    <\/a>\n    <a href=\"ensenanza\">\n        <div><img decoding=\"async\" src=\"https:\/\/www.tsubook.net\/en\/wp-content\/uploads\/iconmonstr-school-7-120.png\"><\/div>\n        <div>Ense\u00f1anza<\/div>\n    <\/a>\n    <a href=\"dispositivos\">\n        <div><img decoding=\"async\" src=\"https:\/\/www.tsubook.net\/wp-content\/uploads\/ic_phonelink_white_48dp_2x.png\"><\/div>\n        <div>Dispositivos compatibles<\/div>\n    <\/a>\n    <a href=\"beta\">\n        <div><img decoding=\"async\" src=\"https:\/\/www.tsubook.net\/wp-content\/uploads\/iconmonstr-flask-3-96.png\"><\/div>\n        <div>Beta-test<\/div>\n    <\/a>\n    <a href=\"traduccion\">\n        <div><img decoding=\"async\" src=\"https:\/\/www.tsubook.net\/wp-content\/uploads\/baseline_translate_white_48dp.png\"><\/div>\n        <div>Traducci\u00f3n<\/div>\n    <\/a>\n<\/div>\n","protected":false},"excerpt":{"rendered":"<p>Bienvenido a nuestro centro de ayuda. \u00bfEn qu\u00e9 \u00e1rea es su pregunta? Descargar Contenido Precios Licencia y cuenta C\u00f3digo promocional o regalo Derechos de autor Ense\u00f1anza Dispositivos compatibles Beta-test Traducci\u00f3n<\/p>\n","protected":false},"author":1,"featured_media":0,"parent":0,"menu_order":0,"comment_status":"closed","ping_status":"closed","template":"","meta":{"jetpack_post_was_ever_published":false,"footnotes":""},"class_list":["post-50","page","type-page","status-publish","hentry","wpautop"],"yoast_head":"<!-- This site is optimized with the Yoast SEO plugin v27.1.1 - https:\/\/yoast.com\/product\/yoast-seo-wordpress\/ -->\n<title>Centro de ayuda - Tsubook<\/title>\n<meta name=\"robots\" content=\"index, follow, max-snippet:-1, max-image-preview:large, max-video-preview:-1\" \/>\n<link rel=\"canonical\" href=\"https:\/\/www.tsubook.net\/es\/ayuda\/\" \/>\n<meta property=\"og:locale\" content=\"es_ES\" \/>\n<meta property=\"og:type\" content=\"article\" \/>\n<meta property=\"og:title\" content=\"Centro de ayuda - Tsubook\" \/>\n<meta property=\"og:description\" content=\"Bienvenido a nuestro centro de ayuda. \u00bfEn qu\u00e9 \u00e1rea es su pregunta? Descargar Contenido Precios Licencia y cuenta C\u00f3digo promocional o regalo Derechos de autor Ense\u00f1anza Dispositivos compatibles Beta-test Traducci\u00f3n\" \/>\n<meta property=\"og:url\" content=\"https:\/\/www.tsubook.net\/es\/ayuda\/\" \/>\n<meta property=\"og:site_name\" content=\"Tsubook\" \/>\n<meta property=\"article:publisher\" content=\"https:\/\/www.facebook.com\/tsubook\/\" \/>\n<meta property=\"article:modified_time\" content=\"2021-12-02T09:03:11+00:00\" \/>\n<meta property=\"og:image\" content=\"https:\/\/www.tsubook.net\/wp-content\/uploads\/ic_file_download_white_48dp_2x.png\" \/>\n<meta name=\"twitter:card\" content=\"summary_large_image\" \/>\n<meta name=\"twitter:site\" content=\"@TsubookApp\" \/>\n<meta name=\"twitter:label1\" content=\"Tiempo de lectura\" \/>\n\t<meta name=\"twitter:data1\" content=\"3 minutos\" \/>\n<script type=\"application\/ld+json\" class=\"yoast-schema-graph\">{\"@context\":\"https:\/\/schema.org\",\"@graph\":[{\"@type\":\"WebPage\",\"@id\":\"https:\/\/www.tsubook.net\/es\/ayuda\/\",\"url\":\"https:\/\/www.tsubook.net\/es\/ayuda\/\",\"name\":\"Centro de ayuda - Tsubook\",\"isPartOf\":{\"@id\":\"https:\/\/www.tsubook.net\/es\/#website\"},\"primaryImageOfPage\":{\"@id\":\"https:\/\/www.tsubook.net\/es\/ayuda\/#primaryimage\"},\"image\":{\"@id\":\"https:\/\/www.tsubook.net\/es\/ayuda\/#primaryimage\"},\"thumbnailUrl\":\"https:\/\/www.tsubook.net\/wp-content\/uploads\/ic_file_download_white_48dp_2x.png\",\"datePublished\":\"2019-03-06T13:19:20+00:00\",\"dateModified\":\"2021-12-02T09:03:11+00:00\",\"inLanguage\":\"es\",\"potentialAction\":[{\"@type\":\"ReadAction\",\"target\":[\"https:\/\/www.tsubook.net\/es\/ayuda\/\"]}]},{\"@type\":\"ImageObject\",\"inLanguage\":\"es\",\"@id\":\"https:\/\/www.tsubook.net\/es\/ayuda\/#primaryimage\",\"url\":\"https:\/\/www.tsubook.net\/wp-content\/uploads\/ic_file_download_white_48dp_2x.png\",\"contentUrl\":\"https:\/\/www.tsubook.net\/wp-content\/uploads\/ic_file_download_white_48dp_2x.png\"},{\"@type\":\"WebSite\",\"@id\":\"https:\/\/www.tsubook.net\/es\/#website\",\"url\":\"https:\/\/www.tsubook.net\/es\/\",\"name\":\"Tsubook\",\"description\":\"La app de los meridianos para MTC, Acupuntura, Shiatsu, Tuina, Kinesiolog\u00eda, Reflexolog\u00eda, Qi Gong y m\u00e1s\",\"potentialAction\":[{\"@type\":\"SearchAction\",\"target\":{\"@type\":\"EntryPoint\",\"urlTemplate\":\"https:\/\/www.tsubook.net\/es\/?s={search_term_string}\"},\"query-input\":{\"@type\":\"PropertyValueSpecification\",\"valueRequired\":true,\"valueName\":\"search_term_string\"}}],\"inLanguage\":\"es\"}]}<\/script>\n<!-- \/ Yoast SEO plugin. -->","yoast_head_json":{"title":"Centro de ayuda - Tsubook","robots":{"index":"index","follow":"follow","max-snippet":"max-snippet:-1","max-image-preview":"max-image-preview:large","max-video-preview":"max-video-preview:-1"},"canonical":"https:\/\/www.tsubook.net\/es\/ayuda\/","og_locale":"es_ES","og_type":"article","og_title":"Centro de ayuda - Tsubook","og_description":"Bienvenido a nuestro centro de ayuda. \u00bfEn qu\u00e9 \u00e1rea es su pregunta? Descargar Contenido Precios Licencia y cuenta C\u00f3digo promocional o regalo Derechos de autor Ense\u00f1anza Dispositivos compatibles Beta-test Traducci\u00f3n","og_url":"https:\/\/www.tsubook.net\/es\/ayuda\/","og_site_name":"Tsubook","article_publisher":"https:\/\/www.facebook.com\/tsubook\/","article_modified_time":"2021-12-02T09:03:11+00:00","og_image":[{"url":"https:\/\/www.tsubook.net\/wp-content\/uploads\/ic_file_download_white_48dp_2x.png","type":"","width":"","height":""}],"twitter_card":"summary_large_image","twitter_site":"@TsubookApp","twitter_misc":{"Tiempo de lectura":"3 minutos"},"schema":{"@context":"https:\/\/schema.org","@graph":[{"@type":"WebPage","@id":"https:\/\/www.tsubook.net\/es\/ayuda\/","url":"https:\/\/www.tsubook.net\/es\/ayuda\/","name":"Centro de ayuda - Tsubook","isPartOf":{"@id":"https:\/\/www.tsubook.net\/es\/#website"},"primaryImageOfPage":{"@id":"https:\/\/www.tsubook.net\/es\/ayuda\/#primaryimage"},"image":{"@id":"https:\/\/www.tsubook.net\/es\/ayuda\/#primaryimage"},"thumbnailUrl":"https:\/\/www.tsubook.net\/wp-content\/uploads\/ic_file_download_white_48dp_2x.png","datePublished":"2019-03-06T13:19:20+00:00","dateModified":"2021-12-02T09:03:11+00:00","inLanguage":"es","potentialAction":[{"@type":"ReadAction","target":["https:\/\/www.tsubook.net\/es\/ayuda\/"]}]},{"@type":"ImageObject","inLanguage":"es","@id":"https:\/\/www.tsubook.net\/es\/ayuda\/#primaryimage","url":"https:\/\/www.tsubook.net\/wp-content\/uploads\/ic_file_download_white_48dp_2x.png","contentUrl":"https:\/\/www.tsubook.net\/wp-content\/uploads\/ic_file_download_white_48dp_2x.png"},{"@type":"WebSite","@id":"https:\/\/www.tsubook.net\/es\/#website","url":"https:\/\/www.tsubook.net\/es\/","name":"Tsubook","description":"La app de los meridianos para MTC, Acupuntura, Shiatsu, Tuina, Kinesiolog\u00eda, Reflexolog\u00eda, Qi Gong y m\u00e1s","potentialAction":[{"@type":"SearchAction","target":{"@type":"EntryPoint","urlTemplate":"https:\/\/www.tsubook.net\/es\/?s={search_term_string}"},"query-input":{"@type":"PropertyValueSpecification","valueRequired":true,"valueName":"search_term_string"}}],"inLanguage":"es"}]}},"jetpack_sharing_enabled":true,"jetpack_shortlink":"https:\/\/wp.me\/PaMpYR-O","_links":{"self":[{"href":"https:\/\/www.tsubook.net\/es\/wp-json\/wp\/v2\/pages\/50","targetHints":{"allow":["GET"]}}],"collection":[{"href":"https:\/\/www.tsubook.net\/es\/wp-json\/wp\/v2\/pages"}],"about":[{"href":"https:\/\/www.tsubook.net\/es\/wp-json\/wp\/v2\/types\/page"}],"author":[{"embeddable":true,"href":"https:\/\/www.tsubook.net\/es\/wp-json\/wp\/v2\/users\/1"}],"replies":[{"embeddable":true,"href":"https:\/\/www.tsubook.net\/es\/wp-json\/wp\/v2\/comments?post=50"}],"version-history":[{"count":12,"href":"https:\/\/www.tsubook.net\/es\/wp-json\/wp\/v2\/pages\/50\/revisions"}],"predecessor-version":[{"id":502,"href":"https:\/\/www.tsubook.net\/es\/wp-json\/wp\/v2\/pages\/50\/revisions\/502"}],"wp:attachment":[{"href":"https:\/\/www.tsubook.net\/es\/wp-json\/wp\/v2\/media?parent=50"}],"curies":[{"name":"wp","href":"https:\/\/api.w.org\/{rel}","templated":true}]}}