{"id":578,"date":"2023-07-26T13:05:19","date_gmt":"2023-07-26T11:05:19","guid":{"rendered":"https:\/\/www.tsubook.net\/es\/?page_id=578"},"modified":"2023-07-26T13:05:23","modified_gmt":"2023-07-26T11:05:23","slug":"documentos-legales","status":"publish","type":"page","link":"https:\/\/www.tsubook.net\/es\/documentos-legales\/","title":{"rendered":"Documentos legales"},"content":{"rendered":"\n<ul class=\"wp-block-list\">\n<li><a href=\"https:\/\/docs.google.com\/document\/d\/12hTkRPR2R6og56E_c1Wg6YjUC6jYaKfLilX_MiGh5Lw\/\" target=\"_blank\" rel=\"noreferrer noopener\">Informaci\u00f3n legal<\/a><\/li>\n\n\n\n<li><a href=\"https:\/\/docs.google.com\/document\/d\/1PfsQGYbr0xPLfm20STvGBWIIi8sr06eu4-PGS9w9uA8\/\" target=\"_blank\" rel=\"noreferrer noopener\">Condiciones Generales de Uso<\/a><\/li>\n\n\n\n<li><a href=\"https:\/\/docs.google.com\/document\/d\/12vmKYm4SN7y7ixn-RsvRrffACZFH-PaqxN9LWOj6X3g\/\" target=\"_blank\" rel=\"noreferrer noopener\">Condiciones Generales de Venta<\/a><\/li>\n\n\n\n<li><a href=\"https:\/\/docs.google.com\/document\/d\/1VwUuOb7R0hiHdZcqpY3LDuLXBeIF7yjxwaZbpAd046k\/\" target=\"_blank\" rel=\"noreferrer noopener\">Protecci\u00f3n de datos personales<\/a><\/li>\n<\/ul>\n","protected":false},"excerpt":{"rendered":"","protected":false},"author":1,"featured_media":0,"parent":0,"menu_order":0,"comment_status":"closed","ping_status":"closed","template":"","meta":{"jetpack_post_was_ever_published":false,"footnotes":""},"class_list":["post-578","page","type-page","status-publish","hentry","wpautop"],"yoast_head":"<!-- This site is optimized with the Yoast SEO plugin v27.1.1 - https:\/\/yoast.com\/product\/yoast-seo-wordpress\/ -->\n<title>Documentos legales - Tsubook<\/title>\n<meta name=\"robots\" content=\"index, follow, max-snippet:-1, max-image-preview:large, max-video-preview:-1\" \/>\n<link rel=\"canonical\" href=\"https:\/\/www.tsubook.net\/es\/documentos-legales\/\" \/>\n<meta property=\"og:locale\" content=\"es_ES\" \/>\n<meta property=\"og:type\" content=\"article\" \/>\n<meta property=\"og:title\" content=\"Documentos legales - Tsubook\" \/>\n<meta property=\"og:url\" content=\"https:\/\/www.tsubook.net\/es\/documentos-legales\/\" \/>\n<meta property=\"og:site_name\" content=\"Tsubook\" \/>\n<meta property=\"article:publisher\" content=\"https:\/\/www.facebook.com\/tsubook\/\" \/>\n<meta property=\"article:modified_time\" content=\"2023-07-26T11:05:23+00:00\" \/>\n<meta property=\"og:image\" content=\"https:\/\/www.tsubook.net\/es\/wp-content\/uploads\/tsubook_main.png\" \/>\n\t<meta property=\"og:image:width\" content=\"1536\" \/>\n\t<meta property=\"og:image:height\" content=\"1024\" \/>\n\t<meta property=\"og:image:type\" content=\"image\/png\" \/>\n<meta name=\"twitter:card\" content=\"summary_large_image\" \/>\n<meta name=\"twitter:site\" content=\"@TsubookApp\" \/>\n<meta name=\"twitter:label1\" content=\"Tiempo de lectura\" \/>\n\t<meta name=\"twitter:data1\" content=\"1 minuto\" \/>\n<script type=\"application\/ld+json\" class=\"yoast-schema-graph\">{\"@context\":\"https:\/\/schema.org\",\"@graph\":[{\"@type\":\"WebPage\",\"@id\":\"https:\/\/www.tsubook.net\/es\/documentos-legales\/\",\"url\":\"https:\/\/www.tsubook.net\/es\/documentos-legales\/\",\"name\":\"Documentos legales - Tsubook\",\"isPartOf\":{\"@id\":\"https:\/\/www.tsubook.net\/es\/#website\"},\"datePublished\":\"2023-07-26T11:05:19+00:00\",\"dateModified\":\"2023-07-26T11:05:23+00:00\",\"inLanguage\":\"es\",\"potentialAction\":[{\"@type\":\"ReadAction\",\"target\":[\"https:\/\/www.tsubook.net\/es\/documentos-legales\/\"]}]},{\"@type\":\"WebSite\",\"@id\":\"https:\/\/www.tsubook.net\/es\/#website\",\"url\":\"https:\/\/www.tsubook.net\/es\/\",\"name\":\"Tsubook\",\"description\":\"La app de los meridianos para MTC, Acupuntura, Shiatsu, Tuina, Kinesiolog\u00eda, Reflexolog\u00eda, Qi Gong y m\u00e1s\",\"potentialAction\":[{\"@type\":\"SearchAction\",\"target\":{\"@type\":\"EntryPoint\",\"urlTemplate\":\"https:\/\/www.tsubook.net\/es\/?s={search_term_string}\"},\"query-input\":{\"@type\":\"PropertyValueSpecification\",\"valueRequired\":true,\"valueName\":\"search_term_string\"}}],\"inLanguage\":\"es\"}]}<\/script>\n<!-- \/ Yoast SEO plugin. -->","yoast_head_json":{"title":"Documentos legales - Tsubook","robots":{"index":"index","follow":"follow","max-snippet":"max-snippet:-1","max-image-preview":"max-image-preview:large","max-video-preview":"max-video-preview:-1"},"canonical":"https:\/\/www.tsubook.net\/es\/documentos-legales\/","og_locale":"es_ES","og_type":"article","og_title":"Documentos legales - Tsubook","og_url":"https:\/\/www.tsubook.net\/es\/documentos-legales\/","og_site_name":"Tsubook","article_publisher":"https:\/\/www.facebook.com\/tsubook\/","article_modified_time":"2023-07-26T11:05:23+00:00","og_image":[{"width":1536,"height":1024,"url":"https:\/\/www.tsubook.net\/es\/wp-content\/uploads\/tsubook_main.png","type":"image\/png"}],"twitter_card":"summary_large_image","twitter_site":"@TsubookApp","twitter_misc":{"Tiempo de lectura":"1 minuto"},"schema":{"@context":"https:\/\/schema.org","@graph":[{"@type":"WebPage","@id":"https:\/\/www.tsubook.net\/es\/documentos-legales\/","url":"https:\/\/www.tsubook.net\/es\/documentos-legales\/","name":"Documentos legales - Tsubook","isPartOf":{"@id":"https:\/\/www.tsubook.net\/es\/#website"},"datePublished":"2023-07-26T11:05:19+00:00","dateModified":"2023-07-26T11:05:23+00:00","inLanguage":"es","potentialAction":[{"@type":"ReadAction","target":["https:\/\/www.tsubook.net\/es\/documentos-legales\/"]}]},{"@type":"WebSite","@id":"https:\/\/www.tsubook.net\/es\/#website","url":"https:\/\/www.tsubook.net\/es\/","name":"Tsubook","description":"La app de los meridianos para MTC, Acupuntura, Shiatsu, Tuina, Kinesiolog\u00eda, Reflexolog\u00eda, Qi Gong y m\u00e1s","potentialAction":[{"@type":"SearchAction","target":{"@type":"EntryPoint","urlTemplate":"https:\/\/www.tsubook.net\/es\/?s={search_term_string}"},"query-input":{"@type":"PropertyValueSpecification","valueRequired":true,"valueName":"search_term_string"}}],"inLanguage":"es"}]}},"jetpack_sharing_enabled":true,"jetpack_shortlink":"https:\/\/wp.me\/PaMpYR-9k","_links":{"self":[{"href":"https:\/\/www.tsubook.net\/es\/wp-json\/wp\/v2\/pages\/578","targetHints":{"allow":["GET"]}}],"collection":[{"href":"https:\/\/www.tsubook.net\/es\/wp-json\/wp\/v2\/pages"}],"about":[{"href":"https:\/\/www.tsubook.net\/es\/wp-json\/wp\/v2\/types\/page"}],"author":[{"embeddable":true,"href":"https:\/\/www.tsubook.net\/es\/wp-json\/wp\/v2\/users\/1"}],"replies":[{"embeddable":true,"href":"https:\/\/www.tsubook.net\/es\/wp-json\/wp\/v2\/comments?post=578"}],"version-history":[{"count":2,"href":"https:\/\/www.tsubook.net\/es\/wp-json\/wp\/v2\/pages\/578\/revisions"}],"predecessor-version":[{"id":580,"href":"https:\/\/www.tsubook.net\/es\/wp-json\/wp\/v2\/pages\/578\/revisions\/580"}],"wp:attachment":[{"href":"https:\/\/www.tsubook.net\/es\/wp-json\/wp\/v2\/media?parent=578"}],"curies":[{"name":"wp","href":"https:\/\/api.w.org\/{rel}","templated":true}]}}