{"id":694,"date":"2026-01-27T12:07:05","date_gmt":"2026-01-27T11:07:05","guid":{"rendered":"https:\/\/www.tsubook.net\/es\/?page_id=694"},"modified":"2026-02-02T17:44:44","modified_gmt":"2026-02-02T16:44:44","slug":"cancelar-suscripcion","status":"publish","type":"page","link":"https:\/\/www.tsubook.net\/es\/ayuda\/licencias\/cancelar-suscripcion\/","title":{"rendered":"Quiero cancelar mi suscripci\u00f3n y\/o cambiar a una licencia de por vida"},"content":{"rendered":"\n<p class=\"breadcrumb\"><\/p>\n\n\n\n<div class=\"wp-block-columns is-layout-flex wp-container-core-columns-is-layout-9d6595d7 wp-block-columns-is-layout-flex\">\n<div class=\"wp-block-column is-layout-flow wp-block-column-is-layout-flow\">\n<ul class=\"wp-block-list\">\n<li>Para gestionar su suscripci\u00f3n, ingresa al men\u00fa en la aplicaci\u00f3n Tsubook.<\/li>\n\n\n\n<li>Haga clic en el punto superior del men\u00fa donde aparece su nombre. Esto le llevar\u00e1 a la informaci\u00f3n de su cuenta personal, donde encontrar\u00e1 &#8216;Administrar mis suscriptiones&#8217; en el men\u00fa.<\/li>\n\n\n\n<li>Al hacer clic en este bot\u00f3n, se le redirigir\u00e1 a la tienda donde adquiri\u00f3 la suscripci\u00f3n y all\u00ed podr\u00e1 cancelarla.<\/li>\n<\/ul>\n<\/div>\n\n\n\n<div class=\"wp-block-column is-layout-flow wp-block-column-is-layout-flow\">\n<figure class=\"wp-block-image size-full\"><img loading=\"lazy\" decoding=\"async\" width=\"354\" height=\"498\" src=\"https:\/\/www.tsubook.net\/es\/wp-content\/uploads\/app_sub_es.png\" alt=\"\" class=\"wp-image-697\" srcset=\"https:\/\/www.tsubook.net\/es\/wp-content\/uploads\/app_sub_es.png 354w, https:\/\/www.tsubook.net\/es\/wp-content\/uploads\/app_sub_es-213x300.png 213w\" sizes=\"auto, (max-width: 354px) 100vw, 354px\" \/><\/figure>\n<\/div>\n<\/div>\n\n\n\n<div class=\"wp-block-columns is-layout-flex wp-container-core-columns-is-layout-9d6595d7 wp-block-columns-is-layout-flex\">\n<div class=\"wp-block-column is-layout-flow wp-block-column-is-layout-flow\">\n<p>Tambi\u00e9n puede gestionar su suscripci\u00f3n directamente desde su navegador. Para acceder, <strong><a href=\"https:\/\/www.tsubook.net\/app\/\">haga clic aqu\u00ed<\/a>.<\/strong><\/p>\n<\/div>\n\n\n\n<div class=\"wp-block-column is-layout-flow wp-block-column-is-layout-flow\">\n<figure class=\"wp-block-image size-full\"><img loading=\"lazy\" decoding=\"async\" width=\"970\" height=\"329\" src=\"https:\/\/www.tsubook.net\/es\/wp-content\/uploads\/webapp_sub_es.png\" alt=\"\" class=\"wp-image-698\" srcset=\"https:\/\/www.tsubook.net\/es\/wp-content\/uploads\/webapp_sub_es.png 970w, https:\/\/www.tsubook.net\/es\/wp-content\/uploads\/webapp_sub_es-300x102.png 300w, https:\/\/www.tsubook.net\/es\/wp-content\/uploads\/webapp_sub_es-768x260.png 768w\" sizes=\"auto, (max-width: 970px) 100vw, 970px\" \/><\/figure>\n<\/div>\n<\/div>\n\n\n\n<p>Si deseas cambiar de pagos mensuales a un pago \u00fanico, puede cancelar tu suscripci\u00f3n como se explic\u00f3 anteriormente y luego comprar una licencia de por vida.<\/p>\n\n\n\n<p>Dependiendo de la duraci\u00f3n de tu suscripci\u00f3n, es posible que te enviemos un descuento en la licencia de por vida.<\/p>\n","protected":false},"excerpt":{"rendered":"<p>Tambi\u00e9n puede gestionar su suscripci\u00f3n directamente desde su navegador. Para acceder, haga clic aqu\u00ed. Si deseas cambiar de pagos mensuales a un pago \u00fanico, puede cancelar tu suscripci\u00f3n como se explic\u00f3 anteriormente y luego comprar una licencia de por vida. Dependiendo de la duraci\u00f3n de tu suscripci\u00f3n, es posible que te enviemos un descuento en<a href=\"https:\/\/www.tsubook.net\/es\/ayuda\/licencias\/cancelar-suscripcion\/\">[&#8230;]<\/a><\/p>\n","protected":false},"author":3,"featured_media":0,"parent":122,"menu_order":0,"comment_status":"closed","ping_status":"closed","template":"","meta":{"jetpack_post_was_ever_published":false,"footnotes":""},"class_list":["post-694","page","type-page","status-publish","hentry","wpautop"],"yoast_head":"<!-- This site is optimized with the Yoast SEO plugin v27.1.1 - https:\/\/yoast.com\/product\/yoast-seo-wordpress\/ -->\n<title>Quiero cancelar mi suscripci\u00f3n y\/o cambiar a una licencia de por vida - Tsubook<\/title>\n<meta name=\"robots\" content=\"index, follow, max-snippet:-1, max-image-preview:large, max-video-preview:-1\" \/>\n<link rel=\"canonical\" href=\"https:\/\/www.tsubook.net\/es\/ayuda\/licencias\/cancelar-suscripcion\/\" \/>\n<meta property=\"og:locale\" content=\"es_ES\" \/>\n<meta property=\"og:type\" content=\"article\" \/>\n<meta property=\"og:title\" content=\"Quiero cancelar mi suscripci\u00f3n y\/o cambiar a una licencia de por vida - Tsubook\" \/>\n<meta property=\"og:description\" content=\"Tambi\u00e9n puede gestionar su suscripci\u00f3n directamente desde su navegador. Para acceder, haga clic aqu\u00ed. Si deseas cambiar de pagos mensuales a un pago \u00fanico, puede cancelar tu suscripci\u00f3n como se explic\u00f3 anteriormente y luego comprar una licencia de por vida. Dependiendo de la duraci\u00f3n de tu suscripci\u00f3n, es posible que te enviemos un descuento en[...]\" \/>\n<meta property=\"og:url\" content=\"https:\/\/www.tsubook.net\/es\/ayuda\/licencias\/cancelar-suscripcion\/\" \/>\n<meta property=\"og:site_name\" content=\"Tsubook\" \/>\n<meta property=\"article:publisher\" content=\"https:\/\/www.facebook.com\/tsubook\/\" \/>\n<meta property=\"article:modified_time\" content=\"2026-02-02T16:44:44+00:00\" \/>\n<meta property=\"og:image\" content=\"https:\/\/www.tsubook.net\/es\/wp-content\/uploads\/app_sub_es.png\" \/>\n\t<meta property=\"og:image:width\" content=\"354\" \/>\n\t<meta property=\"og:image:height\" content=\"498\" \/>\n\t<meta property=\"og:image:type\" content=\"image\/png\" \/>\n<meta name=\"twitter:card\" content=\"summary_large_image\" \/>\n<meta name=\"twitter:site\" content=\"@TsubookApp\" \/>\n<meta name=\"twitter:label1\" content=\"Tiempo de lectura\" \/>\n\t<meta name=\"twitter:data1\" content=\"1 minuto\" \/>\n<script type=\"application\/ld+json\" class=\"yoast-schema-graph\">{\"@context\":\"https:\/\/schema.org\",\"@graph\":[{\"@type\":\"WebPage\",\"@id\":\"https:\/\/www.tsubook.net\/es\/ayuda\/licencias\/cancelar-suscripcion\/\",\"url\":\"https:\/\/www.tsubook.net\/es\/ayuda\/licencias\/cancelar-suscripcion\/\",\"name\":\"Quiero cancelar mi suscripci\u00f3n y\/o cambiar a una licencia de por vida - Tsubook\",\"isPartOf\":{\"@id\":\"https:\/\/www.tsubook.net\/es\/#website\"},\"primaryImageOfPage\":{\"@id\":\"https:\/\/www.tsubook.net\/es\/ayuda\/licencias\/cancelar-suscripcion\/#primaryimage\"},\"image\":{\"@id\":\"https:\/\/www.tsubook.net\/es\/ayuda\/licencias\/cancelar-suscripcion\/#primaryimage\"},\"thumbnailUrl\":\"https:\/\/www.tsubook.net\/es\/wp-content\/uploads\/app_sub_es.png\",\"datePublished\":\"2026-01-27T11:07:05+00:00\",\"dateModified\":\"2026-02-02T16:44:44+00:00\",\"breadcrumb\":{\"@id\":\"https:\/\/www.tsubook.net\/es\/ayuda\/licencias\/cancelar-suscripcion\/#breadcrumb\"},\"inLanguage\":\"es\",\"potentialAction\":[{\"@type\":\"ReadAction\",\"target\":[\"https:\/\/www.tsubook.net\/es\/ayuda\/licencias\/cancelar-suscripcion\/\"]}]},{\"@type\":\"ImageObject\",\"inLanguage\":\"es\",\"@id\":\"https:\/\/www.tsubook.net\/es\/ayuda\/licencias\/cancelar-suscripcion\/#primaryimage\",\"url\":\"https:\/\/www.tsubook.net\/es\/wp-content\/uploads\/app_sub_es.png\",\"contentUrl\":\"https:\/\/www.tsubook.net\/es\/wp-content\/uploads\/app_sub_es.png\",\"width\":354,\"height\":498},{\"@type\":\"BreadcrumbList\",\"@id\":\"https:\/\/www.tsubook.net\/es\/ayuda\/licencias\/cancelar-suscripcion\/#breadcrumb\",\"itemListElement\":[{\"@type\":\"ListItem\",\"position\":1,\"name\":\"Centro de ayuda\",\"item\":\"https:\/\/www.tsubook.net\/es\/ayuda\/\"},{\"@type\":\"ListItem\",\"position\":2,\"name\":\"Licencia y cuenta\",\"item\":\"https:\/\/www.tsubook.net\/es\/ayuda\/licencias\/\"},{\"@type\":\"ListItem\",\"position\":3,\"name\":\"Quiero cancelar mi suscripci\u00f3n y\/o cambiar a una licencia de por vida\"}]},{\"@type\":\"WebSite\",\"@id\":\"https:\/\/www.tsubook.net\/es\/#website\",\"url\":\"https:\/\/www.tsubook.net\/es\/\",\"name\":\"Tsubook\",\"description\":\"La app de los meridianos para MTC, Acupuntura, Shiatsu, Tuina, Kinesiolog\u00eda, Reflexolog\u00eda, Qi Gong y m\u00e1s\",\"potentialAction\":[{\"@type\":\"SearchAction\",\"target\":{\"@type\":\"EntryPoint\",\"urlTemplate\":\"https:\/\/www.tsubook.net\/es\/?s={search_term_string}\"},\"query-input\":{\"@type\":\"PropertyValueSpecification\",\"valueRequired\":true,\"valueName\":\"search_term_string\"}}],\"inLanguage\":\"es\"}]}<\/script>\n<!-- \/ Yoast SEO plugin. -->","yoast_head_json":{"title":"Quiero cancelar mi suscripci\u00f3n y\/o cambiar a una licencia de por vida - Tsubook","robots":{"index":"index","follow":"follow","max-snippet":"max-snippet:-1","max-image-preview":"max-image-preview:large","max-video-preview":"max-video-preview:-1"},"canonical":"https:\/\/www.tsubook.net\/es\/ayuda\/licencias\/cancelar-suscripcion\/","og_locale":"es_ES","og_type":"article","og_title":"Quiero cancelar mi suscripci\u00f3n y\/o cambiar a una licencia de por vida - Tsubook","og_description":"Tambi\u00e9n puede gestionar su suscripci\u00f3n directamente desde su navegador. Para acceder, haga clic aqu\u00ed. Si deseas cambiar de pagos mensuales a un pago \u00fanico, puede cancelar tu suscripci\u00f3n como se explic\u00f3 anteriormente y luego comprar una licencia de por vida. Dependiendo de la duraci\u00f3n de tu suscripci\u00f3n, es posible que te enviemos un descuento en[...]","og_url":"https:\/\/www.tsubook.net\/es\/ayuda\/licencias\/cancelar-suscripcion\/","og_site_name":"Tsubook","article_publisher":"https:\/\/www.facebook.com\/tsubook\/","article_modified_time":"2026-02-02T16:44:44+00:00","og_image":[{"width":354,"height":498,"url":"https:\/\/www.tsubook.net\/es\/wp-content\/uploads\/app_sub_es.png","type":"image\/png"}],"twitter_card":"summary_large_image","twitter_site":"@TsubookApp","twitter_misc":{"Tiempo de lectura":"1 minuto"},"schema":{"@context":"https:\/\/schema.org","@graph":[{"@type":"WebPage","@id":"https:\/\/www.tsubook.net\/es\/ayuda\/licencias\/cancelar-suscripcion\/","url":"https:\/\/www.tsubook.net\/es\/ayuda\/licencias\/cancelar-suscripcion\/","name":"Quiero cancelar mi suscripci\u00f3n y\/o cambiar a una licencia de por vida - Tsubook","isPartOf":{"@id":"https:\/\/www.tsubook.net\/es\/#website"},"primaryImageOfPage":{"@id":"https:\/\/www.tsubook.net\/es\/ayuda\/licencias\/cancelar-suscripcion\/#primaryimage"},"image":{"@id":"https:\/\/www.tsubook.net\/es\/ayuda\/licencias\/cancelar-suscripcion\/#primaryimage"},"thumbnailUrl":"https:\/\/www.tsubook.net\/es\/wp-content\/uploads\/app_sub_es.png","datePublished":"2026-01-27T11:07:05+00:00","dateModified":"2026-02-02T16:44:44+00:00","breadcrumb":{"@id":"https:\/\/www.tsubook.net\/es\/ayuda\/licencias\/cancelar-suscripcion\/#breadcrumb"},"inLanguage":"es","potentialAction":[{"@type":"ReadAction","target":["https:\/\/www.tsubook.net\/es\/ayuda\/licencias\/cancelar-suscripcion\/"]}]},{"@type":"ImageObject","inLanguage":"es","@id":"https:\/\/www.tsubook.net\/es\/ayuda\/licencias\/cancelar-suscripcion\/#primaryimage","url":"https:\/\/www.tsubook.net\/es\/wp-content\/uploads\/app_sub_es.png","contentUrl":"https:\/\/www.tsubook.net\/es\/wp-content\/uploads\/app_sub_es.png","width":354,"height":498},{"@type":"BreadcrumbList","@id":"https:\/\/www.tsubook.net\/es\/ayuda\/licencias\/cancelar-suscripcion\/#breadcrumb","itemListElement":[{"@type":"ListItem","position":1,"name":"Centro de ayuda","item":"https:\/\/www.tsubook.net\/es\/ayuda\/"},{"@type":"ListItem","position":2,"name":"Licencia y cuenta","item":"https:\/\/www.tsubook.net\/es\/ayuda\/licencias\/"},{"@type":"ListItem","position":3,"name":"Quiero cancelar mi suscripci\u00f3n y\/o cambiar a una licencia de por vida"}]},{"@type":"WebSite","@id":"https:\/\/www.tsubook.net\/es\/#website","url":"https:\/\/www.tsubook.net\/es\/","name":"Tsubook","description":"La app de los meridianos para MTC, Acupuntura, Shiatsu, Tuina, Kinesiolog\u00eda, Reflexolog\u00eda, Qi Gong y m\u00e1s","potentialAction":[{"@type":"SearchAction","target":{"@type":"EntryPoint","urlTemplate":"https:\/\/www.tsubook.net\/es\/?s={search_term_string}"},"query-input":{"@type":"PropertyValueSpecification","valueRequired":true,"valueName":"search_term_string"}}],"inLanguage":"es"}]}},"jetpack_sharing_enabled":true,"jetpack_shortlink":"https:\/\/wp.me\/PaMpYR-bc","_links":{"self":[{"href":"https:\/\/www.tsubook.net\/es\/wp-json\/wp\/v2\/pages\/694","targetHints":{"allow":["GET"]}}],"collection":[{"href":"https:\/\/www.tsubook.net\/es\/wp-json\/wp\/v2\/pages"}],"about":[{"href":"https:\/\/www.tsubook.net\/es\/wp-json\/wp\/v2\/types\/page"}],"author":[{"embeddable":true,"href":"https:\/\/www.tsubook.net\/es\/wp-json\/wp\/v2\/users\/3"}],"replies":[{"embeddable":true,"href":"https:\/\/www.tsubook.net\/es\/wp-json\/wp\/v2\/comments?post=694"}],"version-history":[{"count":7,"href":"https:\/\/www.tsubook.net\/es\/wp-json\/wp\/v2\/pages\/694\/revisions"}],"predecessor-version":[{"id":708,"href":"https:\/\/www.tsubook.net\/es\/wp-json\/wp\/v2\/pages\/694\/revisions\/708"}],"up":[{"embeddable":true,"href":"https:\/\/www.tsubook.net\/es\/wp-json\/wp\/v2\/pages\/122"}],"wp:attachment":[{"href":"https:\/\/www.tsubook.net\/es\/wp-json\/wp\/v2\/media?parent=694"}],"curies":[{"name":"wp","href":"https:\/\/api.w.org\/{rel}","templated":true}]}}