{"id":72,"date":"2019-03-06T14:49:09","date_gmt":"2019-03-06T13:49:09","guid":{"rendered":"https:\/\/www.tsubook.net\/es\/?page_id=72"},"modified":"2024-09-05T08:12:45","modified_gmt":"2024-09-05T06:12:45","slug":"descargar","status":"publish","type":"page","link":"https:\/\/www.tsubook.net\/es\/ayuda\/descargar\/","title":{"rendered":"\u00bfC\u00f3mo puedo descargar Tsubook en mi dispositivo?"},"content":{"rendered":"\n<p class=\"breadcrumb\"><\/p>\n\n\n\n<p>\u00a1Gracias por su inter\u00e9s en Tsubook! Juntos veremos como descargar e instalar la aplicaci\u00f3n en su dispositivos.<\/p>\n\n\n\n<p>Tsubook es una aplicaci\u00f3n disponible en tel\u00e9fonos m\u00f3viles (iPhone y Android), tabletas (iPad y Android) y computadoras (Mac y Windows). Distribuimos Tsubook a trav\u00e9s de las siguientes tiendas de aplicaciones: Google Play Store, Apple AppStore y Microsoft Store.<\/p>\n\n\n\n<p>Para conseguir la aplicaci\u00f3n tiene que descargarla de una de estas tiendas virtuales. La tienda que use depender\u00e1 de su tipo de dispositivo:<\/p>\n\n\n\n<div id=\"tabs\">\n<ul>\n<li><a href=\"#ios\"><b>iPhone, iPad o Mac<\/b><\/a><\/li>\n<li><a href=\"#android\"><b>Android<\/b><\/a><\/li>\n<li><a href=\"#windows\"><b>Windows<\/b><\/a><\/li>\n<\/ul>\n<div id=\"ios\"><p>Si est\u00e1 en un iPhone, un iPad o un Mac (marca Apple), descargara Tsubook a trav\u00e9s de la aplicaci\u00f3n llamada &#8216;App Store&#8217;:<\/p>\n<ol>\n<li>Aseg\u00farese de que su dispositivo se encuentra conectado a Internet.<\/li>\n<li class=\"show-mobile ios\">Haga clic en <a href=\"https:\/\/www.tsubook.net\/download\/?l=es\" target=\"_blank\" rel=\"noopener noreferrer\">este enlace<\/a> (o en el bot\u00f3n de abajo) para abrir la p\u00e1gina de Tsubook en el App Store.<\/li>\n<li class=\"hide-mobile ios\">En su dispositivo, busca una aplicaci\u00f3n llamada &#8216;App Store&#8217; (\u00edcono azul y blanco). Si est\u00e1 en iPhone o iPad y no la encuentra en su pantalla de inicio, intenta deslizar el dedo de izquierda a derecha o de derecha a izquierda para explorar las dem\u00e1s p\u00e1ginas. Si est\u00e1 en Mac, haz clic en la lupa de la barra superior y escribe &#8216;appstore&#8217;. Una vez que encuentr\u00f3 la App Store, haga click sobre esta para abrirla.<\/li>\n<li class=\"hide-mobile ios\">Una vez abierto, haga clic en la lupa (&#8216;buscar&#8217;) en la barra inferior (para iPhone y iPad) o en el panel izquierdo (para Mac).<\/li>\n<li class=\"hide-mobile ios\">En la barra de b\u00fasqueda, ingresa \u00abtsubook\u00bb con el teclado. En iPhone y iPad, haga clic en el bot\u00f3n \u00abBuscar\u00bb en la parte inferior derecha del teclado. En Mac, presiona \u00abEntrar\u00bb.<\/li>\n<li class=\"hide-mobile ios\">Las im\u00e1genes de Tsubook aparecer\u00e1n como primer resultado.<\/li>\n<li>Pulsa sobre el bot\u00f3n \u00abObtener\u00bb o \u00abDescargar\u00bb mostrado de forma destacada.<\/li>\n<li>Si es la primera vez que usted descarga una aplicaci\u00f3n, el App Store le pedir\u00e1 que ingrese su tarjeta de cr\u00e9dito. Esta es una formalidad obligatoria de Apple incluso para apps gratuitas. No le cobramos nada por descargar Tsubook.<\/li>\n<li>Una vez completado este paso, ver\u00e1 un peque\u00f1o c\u00edrculo azul rellen\u00e1ndose, lo que indica que la descarga est\u00e1 en proceso.<\/li>\n<li>Una vez que se complete la descarga, si est\u00e1 en un iPhone o iPad, se crear\u00e1 un acceso directo a Tsubook en la p\u00e1gina de inicio de su dispositivo. Solo haga clic en \u00e9l para abrir Tsubook. En Mac, puede encontrarlo escribiendo \u00abtsubook\u00bb en la barra de b\u00fasqueda de su computadora.<\/li>\n<\/ol>\n<p class=\"show-mobile ios\"><a href=\"https:\/\/www.tsubook.net\/download\/?l=es\" class=\"btn red-btn\" target=\"_blank\" rel=\"noopener noreferrer\">Mostrar Tsubook<br>en el App Store<\/a><\/p>\n<\/div>\n<div id=\"android\"><p>Si tiene un tel\u00e9fono o tableta Android (todas las marcas excepto Apple), descargar\u00e1s Tsubook a trav\u00e9s de la tienda de aplicaciones llamada &#8216;Play Store&#8217;:<\/p>\n<ol>\n<li>Aseg\u00farese de que su dispositivo se encuentra conectado a Internet.<\/li>\n<li class=\"show-mobile android\">Pulsa sobre <a href=\"https:www\/\/tsubook.net\/download\/?l=es\" target=\"_blank\" rel=\"noopener noreferrer\">este enlace<\/a> (o presiona el bot\u00f3n de abajo) para inmediatamente abrir la pagina de Tsubook en el Play Store.<\/li>\n<li class=\"hide-mobile android\">En su dispositivo busca una aplicaci\u00f3n llamada \u00abPlay Store\u00bb (icono multicolor triangular). Si no lo encuentra en su pantalla de inicio, desliza su dedo de izquierda a derecha o de derecha a izquierda para explorar en otras paginas. A veces se encuentra en una carpeta llamada Google. Una vez encontrada el Play Store, haga clic en ella (= toque brevemente con su dedo) para abrirla.<\/li>\n<li class=\"hide-mobile android\">Una vez abierto, haga clic en la barra blanca que hay en la parte superior y escribe \u00abtsubook\u00bb usando el teclado. Aparecer\u00e1 una lista de resultados con el nombre y el logotipo de Tsubook al principio. Haga clic en estos para acceder a la p\u00e1gina de la aplicaci\u00f3n.<\/li>\n<li>En la pagina de Tsubook pulsa sobre el bot\u00f3n \u00abInstalar\u00bb o \u00abDescargar\u00bb que se muestra de forma destacada.<\/li>\n<li>Si esta es la primera vez que ha descargado una aplicaci\u00f3n, el Play Store le pedir\u00e1 que entra su tarjeta de cr\u00e9dito. Esta formalidad es opcional (busque el bot\u00f3n &#8216;Ignorar&#8217; o &#8216;Saltar&#8217; abajo) pero si decide incluirla, sepa que no recibir\u00e1 ning\u00fan cargo por descargar Tsubook.<\/li>\n<li>Una vez que los detalles del banco est\u00e9n completados o sean ignorados, vas a ver una barra del progreso y el porcentaje aumentar\u00e1, lo que indica que la descarga esta en progreso.<\/li>\n<li>Una vez que se complete la descarga, se crear\u00e1 un acceso directo a Tsubook en la p\u00e1gina de inicio de su dispositivo. Simplemente haga clic en \u00e9l para abrir Tsubook.<\/li>\n<\/ol>\n<p class=\"show-mobile android\"><a href=\"https:\/\/www.tsubook.net\/download\/?l=es\" class=\"btn red-btn\" target=\"_blank\" rel=\"noopener noreferrer\">Mostrar Tsubook<br>en el Play Store<\/a><\/p>\n<\/div>\n<div id=\"windows\"><p>Si est\u00e1 en una computadora con Windows, descargara Tsubook a trav\u00e9s de la tienda de aplicaciones llamada &#8216;Microsoft Store&#8217;:<\/p>\n<p>Advertencia: Tsubook solo est\u00e1 disponible para Windows 10 y versiones posteriores de Windows. Si tiene Windows 8 o una versi\u00f3n anterior, no puede instalar Tsubook.<\/p>\n<ol>\n<li>Aseg\u00farese de que su dispositivo se encuentra conectado a Internet.<\/li>\n<li>En su dispositivo, busca una aplicaci\u00f3n llamada &#8216;Microsoft Store&#8217; (icono cuadrado multicolor). Si no la encuentra, haga clic en el men\u00fa de Windows en la barra inferior y escribe &#8216;store&#8217;. Una vez que encuentre Microsoft Store, haga clic en \u00e9l para abrirlo.\n<li>Una vez abierto, haga clic en la barra gris con la lupa en la parte superior e ingresa &#8216;tsubook&#8217; usando el teclado.<\/li>\n<li>Deber\u00eda aparecer una lista de resultados, con el logotipo y el nombre de Tsubook primero.<\/li>\n<li>Haga clic en estos para acceder a la p\u00e1gina de la aplicaci\u00f3n.<\/li>\n<li>En la p\u00e1gina de Tsubook, haga clic en el bot\u00f3n &#8216;Obtener&#8217; o &#8216;Descargar&#8217; que se muestra de forma destacada.<\/li>\n<li>Vera una barra de progreso y un aumento porcentual, lo que indica que la descarga est\u00e1 en progreso.<\/li>\n<li>Una vez que se complete la descarga, se crear\u00e1 un acceso directo a Tsubook en su escritorio. Simplemente haga clic en \u00e9l para abrir Tsubook.<\/li>\n<\/ol>\n<\/div>\n<\/div>\n<link rel=\"stylesheet\" href=\"\/\/code.jquery.com\/ui\/1.12.1\/themes\/base\/jquery-ui.css\">\n<script src=\"https:\/\/code.jquery.com\/jquery-1.12.4.js\"><\/script><br>\n<script src=\"https:\/\/code.jquery.com\/ui\/1.12.1\/jquery-ui.js\"><\/script><br>\n<script type=\"text\/javascript\">$(\"#tabs\").tabs({ active: (isDeviceMobile.android()?1:0) });<\/script><br>\n<script>\r\n  \/\/ Show if mobile\r\n  [].forEach.call(document.getElementsByClassName('show-mobile'), function (e) {\r\n    [].forEach.call(e.className.split(\" \"), function (device) {\r\n      if(isDeviceMobile[device] !== undefined && isDeviceMobile[device]() !== null) {\r\n        if(e.tagName === \"LI\") {\r\n        \te.style.display = \"list-item\";\r\n        } else {\r\n        \te.style.display = \"block\";\r\n        }\r\n      }\r\n    });\r\n  });\r\n  \/\/ Hide if mobile\r\n  [].forEach.call(document.getElementsByClassName('hide-mobile'), function (e) {\r\n    [].forEach.call(e.className.split(\" \"), function (device) {\r\n      if(isDeviceMobile[device] !== undefined && isDeviceMobile[device]() !== null) {\r\n        e.style.display = \"none\";\r\n      }\r\n    });\r\n  });\r\n<\/script>\n","protected":false},"excerpt":{"rendered":"<p>\u00a1Gracias por su inter\u00e9s en Tsubook! Juntos veremos como descargar e instalar la aplicaci\u00f3n en su dispositivos. Tsubook es una aplicaci\u00f3n disponible en tel\u00e9fonos m\u00f3viles (iPhone y Android), tabletas (iPad y Android) y computadoras (Mac y Windows). Distribuimos Tsubook a trav\u00e9s de las siguientes tiendas de aplicaciones: Google Play Store, Apple AppStore y Microsoft Store.<a href=\"https:\/\/www.tsubook.net\/es\/ayuda\/descargar\/\">[&#8230;]<\/a><\/p>\n","protected":false},"author":1,"featured_media":0,"parent":50,"menu_order":0,"comment_status":"closed","ping_status":"closed","template":"","meta":{"jetpack_post_was_ever_published":false,"footnotes":""},"class_list":["post-72","page","type-page","status-publish","hentry","wpautop"],"yoast_head":"<!-- This site is optimized with the Yoast SEO plugin v27.1.1 - https:\/\/yoast.com\/product\/yoast-seo-wordpress\/ -->\n<title>\u00bfC\u00f3mo puedo descargar Tsubook en mi dispositivo? - Tsubook<\/title>\n<meta name=\"robots\" content=\"index, follow, max-snippet:-1, max-image-preview:large, max-video-preview:-1\" \/>\n<link rel=\"canonical\" href=\"https:\/\/www.tsubook.net\/es\/ayuda\/descargar\/\" \/>\n<meta property=\"og:locale\" content=\"es_ES\" \/>\n<meta property=\"og:type\" content=\"article\" \/>\n<meta property=\"og:title\" content=\"\u00bfC\u00f3mo puedo descargar Tsubook en mi dispositivo? - Tsubook\" \/>\n<meta property=\"og:description\" content=\"\u00a1Gracias por su inter\u00e9s en Tsubook! Juntos veremos como descargar e instalar la aplicaci\u00f3n en su dispositivos. Tsubook es una aplicaci\u00f3n disponible en tel\u00e9fonos m\u00f3viles (iPhone y Android), tabletas (iPad y Android) y computadoras (Mac y Windows). Distribuimos Tsubook a trav\u00e9s de las siguientes tiendas de aplicaciones: Google Play Store, Apple AppStore y Microsoft Store.[...]\" \/>\n<meta property=\"og:url\" content=\"https:\/\/www.tsubook.net\/es\/ayuda\/descargar\/\" \/>\n<meta property=\"og:site_name\" content=\"Tsubook\" \/>\n<meta property=\"article:publisher\" content=\"https:\/\/www.facebook.com\/tsubook\/\" \/>\n<meta property=\"article:modified_time\" content=\"2024-09-05T06:12:45+00:00\" \/>\n<meta property=\"og:image\" content=\"https:\/\/www.tsubook.net\/es\/wp-content\/uploads\/tsubook_main.png\" \/>\n\t<meta property=\"og:image:width\" content=\"1536\" \/>\n\t<meta property=\"og:image:height\" content=\"1024\" \/>\n\t<meta property=\"og:image:type\" content=\"image\/png\" \/>\n<meta name=\"twitter:card\" content=\"summary_large_image\" \/>\n<meta name=\"twitter:site\" content=\"@TsubookApp\" \/>\n<script type=\"application\/ld+json\" class=\"yoast-schema-graph\">{\"@context\":\"https:\/\/schema.org\",\"@graph\":[{\"@type\":\"WebPage\",\"@id\":\"https:\/\/www.tsubook.net\/es\/ayuda\/descargar\/\",\"url\":\"https:\/\/www.tsubook.net\/es\/ayuda\/descargar\/\",\"name\":\"\u00bfC\u00f3mo puedo descargar Tsubook en mi dispositivo? - Tsubook\",\"isPartOf\":{\"@id\":\"https:\/\/www.tsubook.net\/es\/#website\"},\"datePublished\":\"2019-03-06T13:49:09+00:00\",\"dateModified\":\"2024-09-05T06:12:45+00:00\",\"breadcrumb\":{\"@id\":\"https:\/\/www.tsubook.net\/es\/ayuda\/descargar\/#breadcrumb\"},\"inLanguage\":\"es\",\"potentialAction\":[{\"@type\":\"ReadAction\",\"target\":[\"https:\/\/www.tsubook.net\/es\/ayuda\/descargar\/\"]}]},{\"@type\":\"BreadcrumbList\",\"@id\":\"https:\/\/www.tsubook.net\/es\/ayuda\/descargar\/#breadcrumb\",\"itemListElement\":[{\"@type\":\"ListItem\",\"position\":1,\"name\":\"Centro de ayuda\",\"item\":\"https:\/\/www.tsubook.net\/es\/ayuda\/\"},{\"@type\":\"ListItem\",\"position\":2,\"name\":\"Descargar\"}]},{\"@type\":\"WebSite\",\"@id\":\"https:\/\/www.tsubook.net\/es\/#website\",\"url\":\"https:\/\/www.tsubook.net\/es\/\",\"name\":\"Tsubook\",\"description\":\"La app de los meridianos para MTC, Acupuntura, Shiatsu, Tuina, Kinesiolog\u00eda, Reflexolog\u00eda, Qi Gong y m\u00e1s\",\"potentialAction\":[{\"@type\":\"SearchAction\",\"target\":{\"@type\":\"EntryPoint\",\"urlTemplate\":\"https:\/\/www.tsubook.net\/es\/?s={search_term_string}\"},\"query-input\":{\"@type\":\"PropertyValueSpecification\",\"valueRequired\":true,\"valueName\":\"search_term_string\"}}],\"inLanguage\":\"es\"}]}<\/script>\n<!-- \/ Yoast SEO plugin. -->","yoast_head_json":{"title":"\u00bfC\u00f3mo puedo descargar Tsubook en mi dispositivo? - Tsubook","robots":{"index":"index","follow":"follow","max-snippet":"max-snippet:-1","max-image-preview":"max-image-preview:large","max-video-preview":"max-video-preview:-1"},"canonical":"https:\/\/www.tsubook.net\/es\/ayuda\/descargar\/","og_locale":"es_ES","og_type":"article","og_title":"\u00bfC\u00f3mo puedo descargar Tsubook en mi dispositivo? - Tsubook","og_description":"\u00a1Gracias por su inter\u00e9s en Tsubook! Juntos veremos como descargar e instalar la aplicaci\u00f3n en su dispositivos. Tsubook es una aplicaci\u00f3n disponible en tel\u00e9fonos m\u00f3viles (iPhone y Android), tabletas (iPad y Android) y computadoras (Mac y Windows). Distribuimos Tsubook a trav\u00e9s de las siguientes tiendas de aplicaciones: Google Play Store, Apple AppStore y Microsoft Store.[...]","og_url":"https:\/\/www.tsubook.net\/es\/ayuda\/descargar\/","og_site_name":"Tsubook","article_publisher":"https:\/\/www.facebook.com\/tsubook\/","article_modified_time":"2024-09-05T06:12:45+00:00","og_image":[{"width":1536,"height":1024,"url":"https:\/\/www.tsubook.net\/es\/wp-content\/uploads\/tsubook_main.png","type":"image\/png"}],"twitter_card":"summary_large_image","twitter_site":"@TsubookApp","schema":{"@context":"https:\/\/schema.org","@graph":[{"@type":"WebPage","@id":"https:\/\/www.tsubook.net\/es\/ayuda\/descargar\/","url":"https:\/\/www.tsubook.net\/es\/ayuda\/descargar\/","name":"\u00bfC\u00f3mo puedo descargar Tsubook en mi dispositivo? - Tsubook","isPartOf":{"@id":"https:\/\/www.tsubook.net\/es\/#website"},"datePublished":"2019-03-06T13:49:09+00:00","dateModified":"2024-09-05T06:12:45+00:00","breadcrumb":{"@id":"https:\/\/www.tsubook.net\/es\/ayuda\/descargar\/#breadcrumb"},"inLanguage":"es","potentialAction":[{"@type":"ReadAction","target":["https:\/\/www.tsubook.net\/es\/ayuda\/descargar\/"]}]},{"@type":"BreadcrumbList","@id":"https:\/\/www.tsubook.net\/es\/ayuda\/descargar\/#breadcrumb","itemListElement":[{"@type":"ListItem","position":1,"name":"Centro de ayuda","item":"https:\/\/www.tsubook.net\/es\/ayuda\/"},{"@type":"ListItem","position":2,"name":"Descargar"}]},{"@type":"WebSite","@id":"https:\/\/www.tsubook.net\/es\/#website","url":"https:\/\/www.tsubook.net\/es\/","name":"Tsubook","description":"La app de los meridianos para MTC, Acupuntura, Shiatsu, Tuina, Kinesiolog\u00eda, Reflexolog\u00eda, Qi Gong y m\u00e1s","potentialAction":[{"@type":"SearchAction","target":{"@type":"EntryPoint","urlTemplate":"https:\/\/www.tsubook.net\/es\/?s={search_term_string}"},"query-input":{"@type":"PropertyValueSpecification","valueRequired":true,"valueName":"search_term_string"}}],"inLanguage":"es"}]}},"jetpack_sharing_enabled":true,"jetpack_shortlink":"https:\/\/wp.me\/PaMpYR-1a","_links":{"self":[{"href":"https:\/\/www.tsubook.net\/es\/wp-json\/wp\/v2\/pages\/72","targetHints":{"allow":["GET"]}}],"collection":[{"href":"https:\/\/www.tsubook.net\/es\/wp-json\/wp\/v2\/pages"}],"about":[{"href":"https:\/\/www.tsubook.net\/es\/wp-json\/wp\/v2\/types\/page"}],"author":[{"embeddable":true,"href":"https:\/\/www.tsubook.net\/es\/wp-json\/wp\/v2\/users\/1"}],"replies":[{"embeddable":true,"href":"https:\/\/www.tsubook.net\/es\/wp-json\/wp\/v2\/comments?post=72"}],"version-history":[{"count":12,"href":"https:\/\/www.tsubook.net\/es\/wp-json\/wp\/v2\/pages\/72\/revisions"}],"predecessor-version":[{"id":636,"href":"https:\/\/www.tsubook.net\/es\/wp-json\/wp\/v2\/pages\/72\/revisions\/636"}],"up":[{"embeddable":true,"href":"https:\/\/www.tsubook.net\/es\/wp-json\/wp\/v2\/pages\/50"}],"wp:attachment":[{"href":"https:\/\/www.tsubook.net\/es\/wp-json\/wp\/v2\/media?parent=72"}],"curies":[{"name":"wp","href":"https:\/\/api.w.org\/{rel}","templated":true}]}}