{"id":89,"date":"2019-03-06T15:45:46","date_gmt":"2019-03-06T14:45:46","guid":{"rendered":"https:\/\/www.tsubook.net\/es\/?page_id=89"},"modified":"2025-08-06T12:07:27","modified_gmt":"2025-08-06T10:07:27","slug":"ensenar","status":"publish","type":"page","link":"https:\/\/www.tsubook.net\/es\/ayuda\/contenido\/ensenar\/","title":{"rendered":"\u00bfTsubook me ense\u00f1ar\u00e1 acupuntura, shiatsu u otra t\u00e9cnica?"},"content":{"rendered":"\n<p class=\"breadcrumb\"><\/p>\n\n\n\n<p>Tsubook <strong>no<\/strong> es una escuela. Tsubook es un apoyo para el aprendizaje de una t\u00e9cnica relacionada con los meridianos como la acupuntura, el shiatsu o la tuina. En otras palabras, la aplicaci\u00f3n es como un libro de texto o un libro de curso, no lo exime de entrenamiento y no le dar\u00e1 ning\u00fan certificado.<\/p>\n\n\n\n<p>Si est\u00e1 buscando una escuela para aprender el shiatsu o la acupuntura le invitamos a consultar <a href=\"https:\/\/www.tsubook.net\/es\/lista-socios\/\">nuestra lista de socios<\/a>. <br><\/p>\n\n\n\n<p><\/p>\n","protected":false},"excerpt":{"rendered":"<p>Tsubook no es una escuela. Tsubook es un apoyo para el aprendizaje de una t\u00e9cnica relacionada con los meridianos como la acupuntura, el shiatsu o la tuina. En otras palabras, la aplicaci\u00f3n es como un libro de texto o un libro de curso, no lo exime de entrenamiento y no le dar\u00e1 ning\u00fan certificado. Si<a href=\"https:\/\/www.tsubook.net\/es\/ayuda\/contenido\/ensenar\/\">[&#8230;]<\/a><\/p>\n","protected":false},"author":1,"featured_media":0,"parent":87,"menu_order":0,"comment_status":"closed","ping_status":"closed","template":"","meta":{"jetpack_post_was_ever_published":false,"footnotes":""},"class_list":["post-89","page","type-page","status-publish","hentry","wpautop"],"yoast_head":"<!-- This site is optimized with the Yoast SEO plugin v27.1.1 - https:\/\/yoast.com\/product\/yoast-seo-wordpress\/ -->\n<title>\u00bfTsubook me ense\u00f1ar\u00e1 acupuntura, shiatsu u otra t\u00e9cnica? - Tsubook<\/title>\n<meta name=\"robots\" content=\"index, follow, max-snippet:-1, max-image-preview:large, max-video-preview:-1\" \/>\n<link rel=\"canonical\" href=\"https:\/\/www.tsubook.net\/es\/ayuda\/contenido\/ensenar\/\" \/>\n<meta property=\"og:locale\" content=\"es_ES\" \/>\n<meta property=\"og:type\" content=\"article\" \/>\n<meta property=\"og:title\" content=\"\u00bfTsubook me ense\u00f1ar\u00e1 acupuntura, shiatsu u otra t\u00e9cnica? - Tsubook\" \/>\n<meta property=\"og:description\" content=\"Tsubook no es una escuela. Tsubook es un apoyo para el aprendizaje de una t\u00e9cnica relacionada con los meridianos como la acupuntura, el shiatsu o la tuina. En otras palabras, la aplicaci\u00f3n es como un libro de texto o un libro de curso, no lo exime de entrenamiento y no le dar\u00e1 ning\u00fan certificado. Si[...]\" \/>\n<meta property=\"og:url\" content=\"https:\/\/www.tsubook.net\/es\/ayuda\/contenido\/ensenar\/\" \/>\n<meta property=\"og:site_name\" content=\"Tsubook\" \/>\n<meta property=\"article:publisher\" content=\"https:\/\/www.facebook.com\/tsubook\/\" \/>\n<meta property=\"article:modified_time\" content=\"2025-08-06T10:07:27+00:00\" \/>\n<meta property=\"og:image\" content=\"https:\/\/www.tsubook.net\/es\/wp-content\/uploads\/tsubook_main.png\" \/>\n\t<meta property=\"og:image:width\" content=\"1536\" \/>\n\t<meta property=\"og:image:height\" content=\"1024\" \/>\n\t<meta property=\"og:image:type\" content=\"image\/png\" \/>\n<meta name=\"twitter:card\" content=\"summary_large_image\" \/>\n<meta name=\"twitter:site\" content=\"@TsubookApp\" \/>\n<meta name=\"twitter:label1\" content=\"Tiempo de lectura\" \/>\n\t<meta name=\"twitter:data1\" content=\"1 minuto\" \/>\n<script type=\"application\/ld+json\" class=\"yoast-schema-graph\">{\"@context\":\"https:\/\/schema.org\",\"@graph\":[{\"@type\":\"WebPage\",\"@id\":\"https:\/\/www.tsubook.net\/es\/ayuda\/contenido\/ensenar\/\",\"url\":\"https:\/\/www.tsubook.net\/es\/ayuda\/contenido\/ensenar\/\",\"name\":\"\u00bfTsubook me ense\u00f1ar\u00e1 acupuntura, shiatsu u otra t\u00e9cnica? - Tsubook\",\"isPartOf\":{\"@id\":\"https:\/\/www.tsubook.net\/es\/#website\"},\"datePublished\":\"2019-03-06T14:45:46+00:00\",\"dateModified\":\"2025-08-06T10:07:27+00:00\",\"breadcrumb\":{\"@id\":\"https:\/\/www.tsubook.net\/es\/ayuda\/contenido\/ensenar\/#breadcrumb\"},\"inLanguage\":\"es\",\"potentialAction\":[{\"@type\":\"ReadAction\",\"target\":[\"https:\/\/www.tsubook.net\/es\/ayuda\/contenido\/ensenar\/\"]}]},{\"@type\":\"BreadcrumbList\",\"@id\":\"https:\/\/www.tsubook.net\/es\/ayuda\/contenido\/ensenar\/#breadcrumb\",\"itemListElement\":[{\"@type\":\"ListItem\",\"position\":1,\"name\":\"Centro de ayuda\",\"item\":\"https:\/\/www.tsubook.net\/es\/ayuda\/\"},{\"@type\":\"ListItem\",\"position\":2,\"name\":\"Contenido\",\"item\":\"https:\/\/www.tsubook.net\/es\/ayuda\/contenido\/\"},{\"@type\":\"ListItem\",\"position\":3,\"name\":\"\u00bfTsubook me ense\u00f1ar\u00e1 acupuntura, shiatsu u otra t\u00e9cnica?\"}]},{\"@type\":\"WebSite\",\"@id\":\"https:\/\/www.tsubook.net\/es\/#website\",\"url\":\"https:\/\/www.tsubook.net\/es\/\",\"name\":\"Tsubook\",\"description\":\"La app de los meridianos para MTC, Acupuntura, Shiatsu, Tuina, Kinesiolog\u00eda, Reflexolog\u00eda, Qi Gong y m\u00e1s\",\"potentialAction\":[{\"@type\":\"SearchAction\",\"target\":{\"@type\":\"EntryPoint\",\"urlTemplate\":\"https:\/\/www.tsubook.net\/es\/?s={search_term_string}\"},\"query-input\":{\"@type\":\"PropertyValueSpecification\",\"valueRequired\":true,\"valueName\":\"search_term_string\"}}],\"inLanguage\":\"es\"}]}<\/script>\n<!-- \/ Yoast SEO plugin. -->","yoast_head_json":{"title":"\u00bfTsubook me ense\u00f1ar\u00e1 acupuntura, shiatsu u otra t\u00e9cnica? - Tsubook","robots":{"index":"index","follow":"follow","max-snippet":"max-snippet:-1","max-image-preview":"max-image-preview:large","max-video-preview":"max-video-preview:-1"},"canonical":"https:\/\/www.tsubook.net\/es\/ayuda\/contenido\/ensenar\/","og_locale":"es_ES","og_type":"article","og_title":"\u00bfTsubook me ense\u00f1ar\u00e1 acupuntura, shiatsu u otra t\u00e9cnica? - Tsubook","og_description":"Tsubook no es una escuela. Tsubook es un apoyo para el aprendizaje de una t\u00e9cnica relacionada con los meridianos como la acupuntura, el shiatsu o la tuina. En otras palabras, la aplicaci\u00f3n es como un libro de texto o un libro de curso, no lo exime de entrenamiento y no le dar\u00e1 ning\u00fan certificado. Si[...]","og_url":"https:\/\/www.tsubook.net\/es\/ayuda\/contenido\/ensenar\/","og_site_name":"Tsubook","article_publisher":"https:\/\/www.facebook.com\/tsubook\/","article_modified_time":"2025-08-06T10:07:27+00:00","og_image":[{"width":1536,"height":1024,"url":"https:\/\/www.tsubook.net\/es\/wp-content\/uploads\/tsubook_main.png","type":"image\/png"}],"twitter_card":"summary_large_image","twitter_site":"@TsubookApp","twitter_misc":{"Tiempo de lectura":"1 minuto"},"schema":{"@context":"https:\/\/schema.org","@graph":[{"@type":"WebPage","@id":"https:\/\/www.tsubook.net\/es\/ayuda\/contenido\/ensenar\/","url":"https:\/\/www.tsubook.net\/es\/ayuda\/contenido\/ensenar\/","name":"\u00bfTsubook me ense\u00f1ar\u00e1 acupuntura, shiatsu u otra t\u00e9cnica? - Tsubook","isPartOf":{"@id":"https:\/\/www.tsubook.net\/es\/#website"},"datePublished":"2019-03-06T14:45:46+00:00","dateModified":"2025-08-06T10:07:27+00:00","breadcrumb":{"@id":"https:\/\/www.tsubook.net\/es\/ayuda\/contenido\/ensenar\/#breadcrumb"},"inLanguage":"es","potentialAction":[{"@type":"ReadAction","target":["https:\/\/www.tsubook.net\/es\/ayuda\/contenido\/ensenar\/"]}]},{"@type":"BreadcrumbList","@id":"https:\/\/www.tsubook.net\/es\/ayuda\/contenido\/ensenar\/#breadcrumb","itemListElement":[{"@type":"ListItem","position":1,"name":"Centro de ayuda","item":"https:\/\/www.tsubook.net\/es\/ayuda\/"},{"@type":"ListItem","position":2,"name":"Contenido","item":"https:\/\/www.tsubook.net\/es\/ayuda\/contenido\/"},{"@type":"ListItem","position":3,"name":"\u00bfTsubook me ense\u00f1ar\u00e1 acupuntura, shiatsu u otra t\u00e9cnica?"}]},{"@type":"WebSite","@id":"https:\/\/www.tsubook.net\/es\/#website","url":"https:\/\/www.tsubook.net\/es\/","name":"Tsubook","description":"La app de los meridianos para MTC, Acupuntura, Shiatsu, Tuina, Kinesiolog\u00eda, Reflexolog\u00eda, Qi Gong y m\u00e1s","potentialAction":[{"@type":"SearchAction","target":{"@type":"EntryPoint","urlTemplate":"https:\/\/www.tsubook.net\/es\/?s={search_term_string}"},"query-input":{"@type":"PropertyValueSpecification","valueRequired":true,"valueName":"search_term_string"}}],"inLanguage":"es"}]}},"jetpack_sharing_enabled":true,"jetpack_shortlink":"https:\/\/wp.me\/PaMpYR-1r","_links":{"self":[{"href":"https:\/\/www.tsubook.net\/es\/wp-json\/wp\/v2\/pages\/89","targetHints":{"allow":["GET"]}}],"collection":[{"href":"https:\/\/www.tsubook.net\/es\/wp-json\/wp\/v2\/pages"}],"about":[{"href":"https:\/\/www.tsubook.net\/es\/wp-json\/wp\/v2\/types\/page"}],"author":[{"embeddable":true,"href":"https:\/\/www.tsubook.net\/es\/wp-json\/wp\/v2\/users\/1"}],"replies":[{"embeddable":true,"href":"https:\/\/www.tsubook.net\/es\/wp-json\/wp\/v2\/comments?post=89"}],"version-history":[{"count":4,"href":"https:\/\/www.tsubook.net\/es\/wp-json\/wp\/v2\/pages\/89\/revisions"}],"predecessor-version":[{"id":679,"href":"https:\/\/www.tsubook.net\/es\/wp-json\/wp\/v2\/pages\/89\/revisions\/679"}],"up":[{"embeddable":true,"href":"https:\/\/www.tsubook.net\/es\/wp-json\/wp\/v2\/pages\/87"}],"wp:attachment":[{"href":"https:\/\/www.tsubook.net\/es\/wp-json\/wp\/v2\/media?parent=89"}],"curies":[{"name":"wp","href":"https:\/\/api.w.org\/{rel}","templated":true}]}}