{"id":93,"date":"2019-03-06T15:55:25","date_gmt":"2019-03-06T14:55:25","guid":{"rendered":"https:\/\/www.tsubook.net\/es\/?page_id=93"},"modified":"2025-08-06T12:22:12","modified_gmt":"2025-08-06T10:22:12","slug":"conocimiento-confiable","status":"publish","type":"page","link":"https:\/\/www.tsubook.net\/es\/ayuda\/contenido\/conocimiento-confiable\/","title":{"rendered":"\u00bfEs de confianza el conocimiento contenido en Tsubook?"},"content":{"rendered":"\n<p class=\"breadcrumb\"><\/p>\n\n\n\n<p>El conocimiento contenido en Tsubook est\u00e1 basado en la sabidur\u00eda tradicional de la teor\u00eda de los meridianos, la experiencia de nuestros socios (la <a aria-label=\"APSE (se abre en una nueva pesta\u00f1a)\" href=\"https:\/\/shiatsu-apse.es\/\" target=\"_blank\" rel=\"noreferrer noopener\">APSE<\/a>, la <a aria-label=\"Shiatsu Society UK (se abre en una nueva pesta\u00f1a)\" href=\"https:\/\/www.shiatsusociety.org\/\" target=\"_blank\" rel=\"noreferrer noopener\">Shiatsu Society UK<\/a> y mas de 160 otras asociaciones y escuelas de Shiatsu y MTC ; <a href=\"https:\/\/www.tsubook.net\/es\/lista-socios\/\">mira la lista<\/a>) y comentarios de nuestros usuarios con m\u00e1s experiencia (cada mes, mas de 30 000 personas usan Tsubook). Tambi\u00e9n corregimos y agregamos conocimiento de manera regular en las actualizaciones de la aplicaci\u00f3n.<\/p>\n","protected":false},"excerpt":{"rendered":"<p>El conocimiento contenido en Tsubook est\u00e1 basado en la sabidur\u00eda tradicional de la teor\u00eda de los meridianos, la experiencia de nuestros socios (la APSE, la Shiatsu Society UK y mas de 160 otras asociaciones y escuelas de Shiatsu y MTC ; mira la lista) y comentarios de nuestros usuarios con m\u00e1s experiencia (cada mes, mas<a href=\"https:\/\/www.tsubook.net\/es\/ayuda\/contenido\/conocimiento-confiable\/\">[&#8230;]<\/a><\/p>\n","protected":false},"author":1,"featured_media":0,"parent":87,"menu_order":0,"comment_status":"closed","ping_status":"closed","template":"","meta":{"jetpack_post_was_ever_published":false,"footnotes":""},"class_list":["post-93","page","type-page","status-publish","hentry","wpautop"],"yoast_head":"<!-- This site is optimized with the Yoast SEO plugin v27.1.1 - https:\/\/yoast.com\/product\/yoast-seo-wordpress\/ -->\n<title>\u00bfEs de confianza el conocimiento contenido en Tsubook? - Tsubook<\/title>\n<meta name=\"robots\" content=\"index, follow, max-snippet:-1, max-image-preview:large, max-video-preview:-1\" \/>\n<link rel=\"canonical\" href=\"https:\/\/www.tsubook.net\/es\/ayuda\/contenido\/conocimiento-confiable\/\" \/>\n<meta property=\"og:locale\" content=\"es_ES\" \/>\n<meta property=\"og:type\" content=\"article\" \/>\n<meta property=\"og:title\" content=\"\u00bfEs de confianza el conocimiento contenido en Tsubook? - Tsubook\" \/>\n<meta property=\"og:description\" content=\"El conocimiento contenido en Tsubook est\u00e1 basado en la sabidur\u00eda tradicional de la teor\u00eda de los meridianos, la experiencia de nuestros socios (la APSE, la Shiatsu Society UK y mas de 160 otras asociaciones y escuelas de Shiatsu y MTC ; mira la lista) y comentarios de nuestros usuarios con m\u00e1s experiencia (cada mes, mas[...]\" \/>\n<meta property=\"og:url\" content=\"https:\/\/www.tsubook.net\/es\/ayuda\/contenido\/conocimiento-confiable\/\" \/>\n<meta property=\"og:site_name\" content=\"Tsubook\" \/>\n<meta property=\"article:publisher\" content=\"https:\/\/www.facebook.com\/tsubook\/\" \/>\n<meta property=\"article:modified_time\" content=\"2025-08-06T10:22:12+00:00\" \/>\n<meta property=\"og:image\" content=\"https:\/\/www.tsubook.net\/es\/wp-content\/uploads\/tsubook_main.png\" \/>\n\t<meta property=\"og:image:width\" content=\"1536\" \/>\n\t<meta property=\"og:image:height\" content=\"1024\" \/>\n\t<meta property=\"og:image:type\" content=\"image\/png\" \/>\n<meta name=\"twitter:card\" content=\"summary_large_image\" \/>\n<meta name=\"twitter:site\" content=\"@TsubookApp\" \/>\n<meta name=\"twitter:label1\" content=\"Tiempo de lectura\" \/>\n\t<meta name=\"twitter:data1\" content=\"1 minuto\" \/>\n<script type=\"application\/ld+json\" class=\"yoast-schema-graph\">{\"@context\":\"https:\/\/schema.org\",\"@graph\":[{\"@type\":\"WebPage\",\"@id\":\"https:\/\/www.tsubook.net\/es\/ayuda\/contenido\/conocimiento-confiable\/\",\"url\":\"https:\/\/www.tsubook.net\/es\/ayuda\/contenido\/conocimiento-confiable\/\",\"name\":\"\u00bfEs de confianza el conocimiento contenido en Tsubook? - Tsubook\",\"isPartOf\":{\"@id\":\"https:\/\/www.tsubook.net\/es\/#website\"},\"datePublished\":\"2019-03-06T14:55:25+00:00\",\"dateModified\":\"2025-08-06T10:22:12+00:00\",\"breadcrumb\":{\"@id\":\"https:\/\/www.tsubook.net\/es\/ayuda\/contenido\/conocimiento-confiable\/#breadcrumb\"},\"inLanguage\":\"es\",\"potentialAction\":[{\"@type\":\"ReadAction\",\"target\":[\"https:\/\/www.tsubook.net\/es\/ayuda\/contenido\/conocimiento-confiable\/\"]}]},{\"@type\":\"BreadcrumbList\",\"@id\":\"https:\/\/www.tsubook.net\/es\/ayuda\/contenido\/conocimiento-confiable\/#breadcrumb\",\"itemListElement\":[{\"@type\":\"ListItem\",\"position\":1,\"name\":\"Centro de ayuda\",\"item\":\"https:\/\/www.tsubook.net\/es\/ayuda\/\"},{\"@type\":\"ListItem\",\"position\":2,\"name\":\"Contenido\",\"item\":\"https:\/\/www.tsubook.net\/es\/ayuda\/contenido\/\"},{\"@type\":\"ListItem\",\"position\":3,\"name\":\"\u00bfEs de confianza el conocimiento contenido en Tsubook?\"}]},{\"@type\":\"WebSite\",\"@id\":\"https:\/\/www.tsubook.net\/es\/#website\",\"url\":\"https:\/\/www.tsubook.net\/es\/\",\"name\":\"Tsubook\",\"description\":\"La app de los meridianos para MTC, Acupuntura, Shiatsu, Tuina, Kinesiolog\u00eda, Reflexolog\u00eda, Qi Gong y m\u00e1s\",\"potentialAction\":[{\"@type\":\"SearchAction\",\"target\":{\"@type\":\"EntryPoint\",\"urlTemplate\":\"https:\/\/www.tsubook.net\/es\/?s={search_term_string}\"},\"query-input\":{\"@type\":\"PropertyValueSpecification\",\"valueRequired\":true,\"valueName\":\"search_term_string\"}}],\"inLanguage\":\"es\"}]}<\/script>\n<!-- \/ Yoast SEO plugin. -->","yoast_head_json":{"title":"\u00bfEs de confianza el conocimiento contenido en Tsubook? - Tsubook","robots":{"index":"index","follow":"follow","max-snippet":"max-snippet:-1","max-image-preview":"max-image-preview:large","max-video-preview":"max-video-preview:-1"},"canonical":"https:\/\/www.tsubook.net\/es\/ayuda\/contenido\/conocimiento-confiable\/","og_locale":"es_ES","og_type":"article","og_title":"\u00bfEs de confianza el conocimiento contenido en Tsubook? - Tsubook","og_description":"El conocimiento contenido en Tsubook est\u00e1 basado en la sabidur\u00eda tradicional de la teor\u00eda de los meridianos, la experiencia de nuestros socios (la APSE, la Shiatsu Society UK y mas de 160 otras asociaciones y escuelas de Shiatsu y MTC ; mira la lista) y comentarios de nuestros usuarios con m\u00e1s experiencia (cada mes, mas[...]","og_url":"https:\/\/www.tsubook.net\/es\/ayuda\/contenido\/conocimiento-confiable\/","og_site_name":"Tsubook","article_publisher":"https:\/\/www.facebook.com\/tsubook\/","article_modified_time":"2025-08-06T10:22:12+00:00","og_image":[{"width":1536,"height":1024,"url":"https:\/\/www.tsubook.net\/es\/wp-content\/uploads\/tsubook_main.png","type":"image\/png"}],"twitter_card":"summary_large_image","twitter_site":"@TsubookApp","twitter_misc":{"Tiempo de lectura":"1 minuto"},"schema":{"@context":"https:\/\/schema.org","@graph":[{"@type":"WebPage","@id":"https:\/\/www.tsubook.net\/es\/ayuda\/contenido\/conocimiento-confiable\/","url":"https:\/\/www.tsubook.net\/es\/ayuda\/contenido\/conocimiento-confiable\/","name":"\u00bfEs de confianza el conocimiento contenido en Tsubook? - Tsubook","isPartOf":{"@id":"https:\/\/www.tsubook.net\/es\/#website"},"datePublished":"2019-03-06T14:55:25+00:00","dateModified":"2025-08-06T10:22:12+00:00","breadcrumb":{"@id":"https:\/\/www.tsubook.net\/es\/ayuda\/contenido\/conocimiento-confiable\/#breadcrumb"},"inLanguage":"es","potentialAction":[{"@type":"ReadAction","target":["https:\/\/www.tsubook.net\/es\/ayuda\/contenido\/conocimiento-confiable\/"]}]},{"@type":"BreadcrumbList","@id":"https:\/\/www.tsubook.net\/es\/ayuda\/contenido\/conocimiento-confiable\/#breadcrumb","itemListElement":[{"@type":"ListItem","position":1,"name":"Centro de ayuda","item":"https:\/\/www.tsubook.net\/es\/ayuda\/"},{"@type":"ListItem","position":2,"name":"Contenido","item":"https:\/\/www.tsubook.net\/es\/ayuda\/contenido\/"},{"@type":"ListItem","position":3,"name":"\u00bfEs de confianza el conocimiento contenido en Tsubook?"}]},{"@type":"WebSite","@id":"https:\/\/www.tsubook.net\/es\/#website","url":"https:\/\/www.tsubook.net\/es\/","name":"Tsubook","description":"La app de los meridianos para MTC, Acupuntura, Shiatsu, Tuina, Kinesiolog\u00eda, Reflexolog\u00eda, Qi Gong y m\u00e1s","potentialAction":[{"@type":"SearchAction","target":{"@type":"EntryPoint","urlTemplate":"https:\/\/www.tsubook.net\/es\/?s={search_term_string}"},"query-input":{"@type":"PropertyValueSpecification","valueRequired":true,"valueName":"search_term_string"}}],"inLanguage":"es"}]}},"jetpack_sharing_enabled":true,"jetpack_shortlink":"https:\/\/wp.me\/PaMpYR-1v","_links":{"self":[{"href":"https:\/\/www.tsubook.net\/es\/wp-json\/wp\/v2\/pages\/93","targetHints":{"allow":["GET"]}}],"collection":[{"href":"https:\/\/www.tsubook.net\/es\/wp-json\/wp\/v2\/pages"}],"about":[{"href":"https:\/\/www.tsubook.net\/es\/wp-json\/wp\/v2\/types\/page"}],"author":[{"embeddable":true,"href":"https:\/\/www.tsubook.net\/es\/wp-json\/wp\/v2\/users\/1"}],"replies":[{"embeddable":true,"href":"https:\/\/www.tsubook.net\/es\/wp-json\/wp\/v2\/comments?post=93"}],"version-history":[{"count":8,"href":"https:\/\/www.tsubook.net\/es\/wp-json\/wp\/v2\/pages\/93\/revisions"}],"predecessor-version":[{"id":681,"href":"https:\/\/www.tsubook.net\/es\/wp-json\/wp\/v2\/pages\/93\/revisions\/681"}],"up":[{"embeddable":true,"href":"https:\/\/www.tsubook.net\/es\/wp-json\/wp\/v2\/pages\/87"}],"wp:attachment":[{"href":"https:\/\/www.tsubook.net\/es\/wp-json\/wp\/v2\/media?parent=93"}],"curies":[{"name":"wp","href":"https:\/\/api.w.org\/{rel}","templated":true}]}}