{"id":158,"date":"2020-01-13T20:26:40","date_gmt":"2020-01-13T19:26:40","guid":{"rendered":"https:\/\/www.tsubook.net\/it\/?page_id=158"},"modified":"2020-01-13T20:26:42","modified_gmt":"2020-01-13T19:26:42","slug":"internet","status":"publish","type":"page","link":"https:\/\/www.tsubook.net\/it\/aiuto\/contenuto\/internet\/","title":{"rendered":"Posso utilizzare Tsubook senza connessione ad internet?"},"content":{"rendered":"\t\t\t<!-- Flexy Breadcrumb -->\r\n\t\t\t<div class=\"fbc fbc-page\">\r\n\r\n\t\t\t\t<!-- Breadcrumb wrapper -->\r\n\t\t\t\t<div class=\"fbc-wrap\">\r\n\r\n\t\t\t\t\t<!-- Ordered list-->\r\n\t\t\t\t\t<ol class=\"fbc-items\" itemscope itemtype=\"https:\/\/schema.org\/BreadcrumbList\">\r\n\t\t\t\t\t\t<li class=\"active\" itemprop=\"itemListElement\" itemscope itemtype=\"https:\/\/schema.org\/ListItem\"><span itemprop=\"name\" title=\"Posso utilizzare Tsubook senza connessione ad internet?\">Posso utilizzare Tsubook senza connessione ad internet?<\/span><meta itemprop=\"position\" content=\"2\" \/><\/li>\t\t\t\t\t<\/ol>\r\n\t\t\t\t\t<div class=\"clearfix\"><\/div>\r\n\t\t\t\t<\/div>\r\n\t\t\t<\/div>\r\n\t\t\t\n\n\n\n<p> S\u00ec, la maggior parte dell&#8217;applicazione \u00e8 accessibile senza internet.<\/p>\n\n\n\n<p>Internet \u00e8 importante soprattutto nel momento in cui accedi a Tsubook. Innanzitutto, devi essere connesso ad internet per <a href=\"https:\/\/www.tsubook.net\/it\/aiuto\/scarica\/\">scaricare Tsubook<\/a>. Inoltre, la prima volta che apri Tsubook, avrai bisogno di internet per creare (o connetterti a) un account.<\/p>\n\n\n\n<p>Dopo aver fatto la connessione, potrai utilizzare  l&#8217;app offline per consultare il contenuto (punti, meridiani, categorie,  patologie,&#8230;).<\/p>\n\n\n\n<p>Internet ti servir\u00e0 per tutto ci\u00f2 che riguarda il  tuo account Tsubook (connessione, gestione delle licenze,&#8230;) e certe  azioni specifiche (condivisione, partenariato,&#8230;).<\/p>\n","protected":false},"excerpt":{"rendered":"<p>S\u00ec, la maggior parte dell&#8217;applicazione \u00e8 accessibile senza internet. Internet \u00e8 importante soprattutto nel momento in cui accedi a Tsubook. Innanzitutto, devi essere connesso ad internet per scaricare Tsubook. Inoltre, la prima volta che apri Tsubook, avrai bisogno di internet per creare (o connetterti a) un account. Dopo aver fatto la connessione, potrai utilizzare l&#8217;app<a href=\"https:\/\/www.tsubook.net\/it\/aiuto\/contenuto\/internet\/\">[&#8230;]<\/a><\/p>\n","protected":false},"author":1,"featured_media":0,"parent":91,"menu_order":5,"comment_status":"closed","ping_status":"closed","template":"","meta":{"footnotes":""},"class_list":["post-158","page","type-page","status-publish","hentry","wpautop"],"yoast_head":"<!-- This site is optimized with the Yoast SEO plugin v27.1.1 - https:\/\/yoast.com\/product\/yoast-seo-wordpress\/ -->\n<title>Posso utilizzare Tsubook senza connessione ad internet? - Tsubook<\/title>\n<meta name=\"robots\" content=\"index, follow, max-snippet:-1, max-image-preview:large, max-video-preview:-1\" \/>\n<link rel=\"canonical\" href=\"https:\/\/www.tsubook.net\/it\/aiuto\/contenuto\/internet\/\" \/>\n<meta property=\"og:locale\" content=\"it_IT\" \/>\n<meta property=\"og:type\" content=\"article\" \/>\n<meta property=\"og:title\" content=\"Posso utilizzare Tsubook senza connessione ad internet? - Tsubook\" \/>\n<meta property=\"og:description\" content=\"S\u00ec, la maggior parte dell&#8217;applicazione \u00e8 accessibile senza internet. Internet \u00e8 importante soprattutto nel momento in cui accedi a Tsubook. Innanzitutto, devi essere connesso ad internet per scaricare Tsubook. Inoltre, la prima volta che apri Tsubook, avrai bisogno di internet per creare (o connetterti a) un account. Dopo aver fatto la connessione, potrai utilizzare l&#8217;app[...]\" \/>\n<meta property=\"og:url\" content=\"https:\/\/www.tsubook.net\/it\/aiuto\/contenuto\/internet\/\" \/>\n<meta property=\"og:site_name\" content=\"Tsubook\" \/>\n<meta property=\"article:publisher\" content=\"https:\/\/www.facebook.com\/tsubook\/\" \/>\n<meta property=\"article:modified_time\" content=\"2020-01-13T19:26:42+00:00\" \/>\n<meta property=\"og:image\" content=\"https:\/\/www.tsubook.net\/it\/wp-content\/uploads\/tsubook_main.png\" \/>\n\t<meta property=\"og:image:width\" content=\"1536\" \/>\n\t<meta property=\"og:image:height\" content=\"1024\" \/>\n\t<meta property=\"og:image:type\" content=\"image\/png\" \/>\n<meta name=\"twitter:card\" content=\"summary_large_image\" \/>\n<meta name=\"twitter:site\" content=\"@TsubookApp\" \/>\n<script type=\"application\/ld+json\" class=\"yoast-schema-graph\">{\"@context\":\"https:\/\/schema.org\",\"@graph\":[{\"@type\":\"WebPage\",\"@id\":\"https:\/\/www.tsubook.net\/it\/aiuto\/contenuto\/internet\/\",\"url\":\"https:\/\/www.tsubook.net\/it\/aiuto\/contenuto\/internet\/\",\"name\":\"Posso utilizzare Tsubook senza connessione ad internet? - Tsubook\",\"isPartOf\":{\"@id\":\"https:\/\/www.tsubook.net\/it\/#website\"},\"datePublished\":\"2020-01-13T19:26:40+00:00\",\"dateModified\":\"2020-01-13T19:26:42+00:00\",\"breadcrumb\":{\"@id\":\"https:\/\/www.tsubook.net\/it\/aiuto\/contenuto\/internet\/#breadcrumb\"},\"inLanguage\":\"it-IT\",\"potentialAction\":[{\"@type\":\"ReadAction\",\"target\":[\"https:\/\/www.tsubook.net\/it\/aiuto\/contenuto\/internet\/\"]}]},{\"@type\":\"BreadcrumbList\",\"@id\":\"https:\/\/www.tsubook.net\/it\/aiuto\/contenuto\/internet\/#breadcrumb\",\"itemListElement\":[{\"@type\":\"ListItem\",\"position\":1,\"name\":\"Centro assistenza\",\"item\":\"https:\/\/www.tsubook.net\/it\/aiuto\/\"},{\"@type\":\"ListItem\",\"position\":2,\"name\":\"Contenuto\",\"item\":\"https:\/\/www.tsubook.net\/it\/aiuto\/contenuto\/\"},{\"@type\":\"ListItem\",\"position\":3,\"name\":\"Posso utilizzare Tsubook senza connessione ad internet?\"}]},{\"@type\":\"WebSite\",\"@id\":\"https:\/\/www.tsubook.net\/it\/#website\",\"url\":\"https:\/\/www.tsubook.net\/it\/\",\"name\":\"Tsubook\",\"description\":\"L&#039;app dei meridiani per MTC, Agopuntura, Shiatsu, Tuina, Kinesiologia, Riflessologia, Qi Gong e altro ancora\",\"publisher\":{\"@id\":\"https:\/\/www.tsubook.net\/it\/#organization\"},\"potentialAction\":[{\"@type\":\"SearchAction\",\"target\":{\"@type\":\"EntryPoint\",\"urlTemplate\":\"https:\/\/www.tsubook.net\/it\/?s={search_term_string}\"},\"query-input\":{\"@type\":\"PropertyValueSpecification\",\"valueRequired\":true,\"valueName\":\"search_term_string\"}}],\"inLanguage\":\"it-IT\"},{\"@type\":\"Organization\",\"@id\":\"https:\/\/www.tsubook.net\/it\/#organization\",\"name\":\"Tsubook\",\"url\":\"https:\/\/www.tsubook.net\/it\/\",\"logo\":{\"@type\":\"ImageObject\",\"inLanguage\":\"it-IT\",\"@id\":\"https:\/\/www.tsubook.net\/it\/#\/schema\/logo\/image\/\",\"url\":\"https:\/\/www.tsubook.net\/it\/wp-content\/uploads\/2019\/12\/logo_shiatsu_site3.png\",\"contentUrl\":\"https:\/\/www.tsubook.net\/it\/wp-content\/uploads\/2019\/12\/logo_shiatsu_site3.png\",\"width\":1639,\"height\":440,\"caption\":\"Tsubook\"},\"image\":{\"@id\":\"https:\/\/www.tsubook.net\/it\/#\/schema\/logo\/image\/\"},\"sameAs\":[\"https:\/\/www.facebook.com\/tsubook\/\",\"https:\/\/x.com\/TsubookApp\",\"https:\/\/www.instagram.com\/tsubook_shiatsu\/\"]}]}<\/script>\n<!-- \/ Yoast SEO plugin. -->","yoast_head_json":{"title":"Posso utilizzare Tsubook senza connessione ad internet? - Tsubook","robots":{"index":"index","follow":"follow","max-snippet":"max-snippet:-1","max-image-preview":"max-image-preview:large","max-video-preview":"max-video-preview:-1"},"canonical":"https:\/\/www.tsubook.net\/it\/aiuto\/contenuto\/internet\/","og_locale":"it_IT","og_type":"article","og_title":"Posso utilizzare Tsubook senza connessione ad internet? - Tsubook","og_description":"S\u00ec, la maggior parte dell&#8217;applicazione \u00e8 accessibile senza internet. Internet \u00e8 importante soprattutto nel momento in cui accedi a Tsubook. Innanzitutto, devi essere connesso ad internet per scaricare Tsubook. Inoltre, la prima volta che apri Tsubook, avrai bisogno di internet per creare (o connetterti a) un account. Dopo aver fatto la connessione, potrai utilizzare l&#8217;app[...]","og_url":"https:\/\/www.tsubook.net\/it\/aiuto\/contenuto\/internet\/","og_site_name":"Tsubook","article_publisher":"https:\/\/www.facebook.com\/tsubook\/","article_modified_time":"2020-01-13T19:26:42+00:00","og_image":[{"width":1536,"height":1024,"url":"https:\/\/www.tsubook.net\/it\/wp-content\/uploads\/tsubook_main.png","type":"image\/png"}],"twitter_card":"summary_large_image","twitter_site":"@TsubookApp","schema":{"@context":"https:\/\/schema.org","@graph":[{"@type":"WebPage","@id":"https:\/\/www.tsubook.net\/it\/aiuto\/contenuto\/internet\/","url":"https:\/\/www.tsubook.net\/it\/aiuto\/contenuto\/internet\/","name":"Posso utilizzare Tsubook senza connessione ad internet? - Tsubook","isPartOf":{"@id":"https:\/\/www.tsubook.net\/it\/#website"},"datePublished":"2020-01-13T19:26:40+00:00","dateModified":"2020-01-13T19:26:42+00:00","breadcrumb":{"@id":"https:\/\/www.tsubook.net\/it\/aiuto\/contenuto\/internet\/#breadcrumb"},"inLanguage":"it-IT","potentialAction":[{"@type":"ReadAction","target":["https:\/\/www.tsubook.net\/it\/aiuto\/contenuto\/internet\/"]}]},{"@type":"BreadcrumbList","@id":"https:\/\/www.tsubook.net\/it\/aiuto\/contenuto\/internet\/#breadcrumb","itemListElement":[{"@type":"ListItem","position":1,"name":"Centro assistenza","item":"https:\/\/www.tsubook.net\/it\/aiuto\/"},{"@type":"ListItem","position":2,"name":"Contenuto","item":"https:\/\/www.tsubook.net\/it\/aiuto\/contenuto\/"},{"@type":"ListItem","position":3,"name":"Posso utilizzare Tsubook senza connessione ad internet?"}]},{"@type":"WebSite","@id":"https:\/\/www.tsubook.net\/it\/#website","url":"https:\/\/www.tsubook.net\/it\/","name":"Tsubook","description":"L&#039;app dei meridiani per MTC, Agopuntura, Shiatsu, Tuina, Kinesiologia, Riflessologia, Qi Gong e altro ancora","publisher":{"@id":"https:\/\/www.tsubook.net\/it\/#organization"},"potentialAction":[{"@type":"SearchAction","target":{"@type":"EntryPoint","urlTemplate":"https:\/\/www.tsubook.net\/it\/?s={search_term_string}"},"query-input":{"@type":"PropertyValueSpecification","valueRequired":true,"valueName":"search_term_string"}}],"inLanguage":"it-IT"},{"@type":"Organization","@id":"https:\/\/www.tsubook.net\/it\/#organization","name":"Tsubook","url":"https:\/\/www.tsubook.net\/it\/","logo":{"@type":"ImageObject","inLanguage":"it-IT","@id":"https:\/\/www.tsubook.net\/it\/#\/schema\/logo\/image\/","url":"https:\/\/www.tsubook.net\/it\/wp-content\/uploads\/2019\/12\/logo_shiatsu_site3.png","contentUrl":"https:\/\/www.tsubook.net\/it\/wp-content\/uploads\/2019\/12\/logo_shiatsu_site3.png","width":1639,"height":440,"caption":"Tsubook"},"image":{"@id":"https:\/\/www.tsubook.net\/it\/#\/schema\/logo\/image\/"},"sameAs":["https:\/\/www.facebook.com\/tsubook\/","https:\/\/x.com\/TsubookApp","https:\/\/www.instagram.com\/tsubook_shiatsu\/"]}]}},"jetpack_sharing_enabled":true,"_links":{"self":[{"href":"https:\/\/www.tsubook.net\/it\/wp-json\/wp\/v2\/pages\/158","targetHints":{"allow":["GET"]}}],"collection":[{"href":"https:\/\/www.tsubook.net\/it\/wp-json\/wp\/v2\/pages"}],"about":[{"href":"https:\/\/www.tsubook.net\/it\/wp-json\/wp\/v2\/types\/page"}],"author":[{"embeddable":true,"href":"https:\/\/www.tsubook.net\/it\/wp-json\/wp\/v2\/users\/1"}],"replies":[{"embeddable":true,"href":"https:\/\/www.tsubook.net\/it\/wp-json\/wp\/v2\/comments?post=158"}],"version-history":[{"count":2,"href":"https:\/\/www.tsubook.net\/it\/wp-json\/wp\/v2\/pages\/158\/revisions"}],"predecessor-version":[{"id":160,"href":"https:\/\/www.tsubook.net\/it\/wp-json\/wp\/v2\/pages\/158\/revisions\/160"}],"up":[{"embeddable":true,"href":"https:\/\/www.tsubook.net\/it\/wp-json\/wp\/v2\/pages\/91"}],"wp:attachment":[{"href":"https:\/\/www.tsubook.net\/it\/wp-json\/wp\/v2\/media?parent=158"}],"curies":[{"name":"wp","href":"https:\/\/api.w.org\/{rel}","templated":true}]}}