{"id":291,"date":"2021-03-30T13:06:08","date_gmt":"2021-03-30T11:06:08","guid":{"rendered":"https:\/\/www.tsubook.net\/it\/?page_id=291"},"modified":"2021-06-19T20:45:38","modified_gmt":"2021-06-19T18:45:38","slug":"insegnamento-in-linea","status":"publish","type":"page","link":"https:\/\/www.tsubook.net\/it\/aiuto\/insegnamento\/insegnamento-in-linea\/","title":{"rendered":"Come insegnare online con Tsubook?"},"content":{"rendered":"\t\t\t<!-- Flexy Breadcrumb -->\r\n\t\t\t<div class=\"fbc fbc-page\">\r\n\r\n\t\t\t\t<!-- Breadcrumb wrapper -->\r\n\t\t\t\t<div class=\"fbc-wrap\">\r\n\r\n\t\t\t\t\t<!-- Ordered list-->\r\n\t\t\t\t\t<ol class=\"fbc-items\" itemscope itemtype=\"https:\/\/schema.org\/BreadcrumbList\">\r\n\t\t\t\t\t\t<li class=\"active\" itemprop=\"itemListElement\" itemscope itemtype=\"https:\/\/schema.org\/ListItem\"><span itemprop=\"name\" title=\"Come insegnare online con Tsubook?\">Come insegnare online con Tsubook?<\/span><meta itemprop=\"position\" content=\"2\" \/><\/li>\t\t\t\t\t<\/ol>\r\n\t\t\t\t\t<div class=\"clearfix\"><\/div>\r\n\t\t\t\t<\/div>\r\n\t\t\t<\/div>\r\n\t\t\t\n\n\n\n<p>Tsubook pu\u00f2 contribuire al tuo insegnamento online, ad esempio per mostrare agli studenti dove si trovano i punti terapeutici. Qui ti mostriamo come visualizzare il contenuto di Tsubook sul tuo apparato usando ZOOM e navigarlo come al solito. Altri servizi di Web-Meeting dovrebbero funzionare in modo simile.<\/p>\n\n\n\n<blockquote class=\"wp-block-quote is-layout-flow wp-block-quote-is-layout-flow\"><p><span class=\"has-inline-color has-vivid-red-color\">Attenzione:<\/span> prima di utilizzare Tsubook per i tuoi corsi online, assicurati di soddisfare <a href=\"https:\/\/www.tsubook.net\/it\/aiuto\/diritti-dautore\/eventi-dal-vivo\/\">i requisiti per gli eventi dal vivo<\/a>, soprattutto se stai registrando il tuo corso.<\/p><\/blockquote>\n\n\n\n<p>Per <strong>iPhone o iPad<\/strong>, la copia dello schermo \u00e8 gi\u00e0 installata, quindi lo schermo pu\u00f2 essere visualizzato su MacBook o iMac se sono collegati tramite <a href=\"https:\/\/support.apple.com\/it-it\/HT204289\">AirPlay<\/a> o via cavo. Durante una riunione ZOOM, fai semplicemente clic su Condividi schermo e scegli il tuo iPhone o iPad connesso. In caso di difficolt\u00e0, consultare le <a href=\"https:\/\/support.apple.com\/it-it\/HT204289\">pagine della guida di Apple<\/a> per duplicare lo schermo.<\/p>\n\n\n\n<p>Per i dispositivi<strong> Android<\/strong>, questa &#8220;copia dello schermo&#8221; \u00e8 un po &#8216;pi\u00f9 complicata o pi\u00f9 costosa. Se non desideri acquistare software aggiuntivo, puoi provare questo:<\/p>\n\n\n\n<ol class=\"wp-block-list\"><li>Installa l&#8217;app mobile ZOOM sul tuo dispositivo Android tramite il PlayStore.<\/li><li>Avvia una riunione ZOOM sul tuo computer e assicurati di consentire ai partecipanti di condividere il loro schermo nelle impostazioni di sicurezza.<\/li><li>Ora partecipa alla riunione dal tuo smartphone o tablet e condividi lo schermo. Questo pu\u00f2 essere fatto prima dell&#8217;inizio della lezione.<\/li><\/ol>\n\n\n\n<p>Ulteriori consigli sulla condivisione dello schermo tramite ZOOM possono essere trovati <a href=\"https:\/\/support.zoom.us\/hc\/de\/sections\/201740106-Bildschirmfreigabe\">qui<\/a>.<\/p>\n\n\n\n<div class=\"wp-block-image\"><figure class=\"aligncenter size-large\"><img fetchpriority=\"high\" decoding=\"async\" width=\"1024\" height=\"640\" src=\"https:\/\/www.tsubook.net\/it\/wp-content\/uploads\/TsubookZoom_it-1024x640.png\" alt=\"\" class=\"wp-image-293\" srcset=\"https:\/\/www.tsubook.net\/it\/wp-content\/uploads\/TsubookZoom_it-1024x640.png 1024w, https:\/\/www.tsubook.net\/it\/wp-content\/uploads\/TsubookZoom_it-300x188.png 300w, https:\/\/www.tsubook.net\/it\/wp-content\/uploads\/TsubookZoom_it-768x480.png 768w, https:\/\/www.tsubook.net\/it\/wp-content\/uploads\/TsubookZoom_it.png 1280w\" sizes=\"(max-width: 1024px) 100vw, 1024px\" \/><figcaption><em>Tsubook in una riunione ZOOM.<\/em><\/figcaption><\/figure><\/div>\n","protected":false},"excerpt":{"rendered":"<p>Tsubook pu\u00f2 contribuire al tuo insegnamento online, ad esempio per mostrare agli studenti dove si trovano i punti terapeutici. Qui ti mostriamo come visualizzare il contenuto di Tsubook sul tuo apparato usando ZOOM e navigarlo come al solito. Altri servizi di Web-Meeting dovrebbero funzionare in modo simile. Attenzione: prima di utilizzare Tsubook per i tuoi<a href=\"https:\/\/www.tsubook.net\/it\/aiuto\/insegnamento\/insegnamento-in-linea\/\">[&#8230;]<\/a><\/p>\n","protected":false},"author":3,"featured_media":0,"parent":300,"menu_order":2,"comment_status":"closed","ping_status":"closed","template":"","meta":{"footnotes":""},"class_list":["post-291","page","type-page","status-publish","hentry","wpautop"],"yoast_head":"<!-- This site is optimized with the Yoast SEO plugin v27.1.1 - https:\/\/yoast.com\/product\/yoast-seo-wordpress\/ -->\n<title>Come insegnare online con Tsubook? - Tsubook<\/title>\n<meta name=\"robots\" content=\"index, follow, max-snippet:-1, max-image-preview:large, max-video-preview:-1\" \/>\n<link rel=\"canonical\" href=\"https:\/\/www.tsubook.net\/it\/aiuto\/insegnamento\/insegnamento-in-linea\/\" \/>\n<meta property=\"og:locale\" content=\"it_IT\" \/>\n<meta property=\"og:type\" content=\"article\" \/>\n<meta property=\"og:title\" content=\"Come insegnare online con Tsubook? - Tsubook\" \/>\n<meta property=\"og:description\" content=\"Tsubook pu\u00f2 contribuire al tuo insegnamento online, ad esempio per mostrare agli studenti dove si trovano i punti terapeutici. Qui ti mostriamo come visualizzare il contenuto di Tsubook sul tuo apparato usando ZOOM e navigarlo come al solito. Altri servizi di Web-Meeting dovrebbero funzionare in modo simile. Attenzione: prima di utilizzare Tsubook per i tuoi[...]\" \/>\n<meta property=\"og:url\" content=\"https:\/\/www.tsubook.net\/it\/aiuto\/insegnamento\/insegnamento-in-linea\/\" \/>\n<meta property=\"og:site_name\" content=\"Tsubook\" \/>\n<meta property=\"article:publisher\" content=\"https:\/\/www.facebook.com\/tsubook\/\" \/>\n<meta property=\"article:modified_time\" content=\"2021-06-19T18:45:38+00:00\" \/>\n<meta property=\"og:image\" content=\"https:\/\/www.tsubook.net\/it\/wp-content\/uploads\/TsubookZoom_it-1024x640.png\" \/>\n<meta name=\"twitter:card\" content=\"summary_large_image\" \/>\n<meta name=\"twitter:site\" content=\"@TsubookApp\" \/>\n<meta name=\"twitter:label1\" content=\"Tempo di lettura stimato\" \/>\n\t<meta name=\"twitter:data1\" content=\"2 minuti\" \/>\n<script type=\"application\/ld+json\" class=\"yoast-schema-graph\">{\"@context\":\"https:\/\/schema.org\",\"@graph\":[{\"@type\":\"WebPage\",\"@id\":\"https:\/\/www.tsubook.net\/it\/aiuto\/insegnamento\/insegnamento-in-linea\/\",\"url\":\"https:\/\/www.tsubook.net\/it\/aiuto\/insegnamento\/insegnamento-in-linea\/\",\"name\":\"Come insegnare online con Tsubook? - Tsubook\",\"isPartOf\":{\"@id\":\"https:\/\/www.tsubook.net\/it\/#website\"},\"primaryImageOfPage\":{\"@id\":\"https:\/\/www.tsubook.net\/it\/aiuto\/insegnamento\/insegnamento-in-linea\/#primaryimage\"},\"image\":{\"@id\":\"https:\/\/www.tsubook.net\/it\/aiuto\/insegnamento\/insegnamento-in-linea\/#primaryimage\"},\"thumbnailUrl\":\"https:\/\/www.tsubook.net\/it\/wp-content\/uploads\/TsubookZoom_it-1024x640.png\",\"datePublished\":\"2021-03-30T11:06:08+00:00\",\"dateModified\":\"2021-06-19T18:45:38+00:00\",\"breadcrumb\":{\"@id\":\"https:\/\/www.tsubook.net\/it\/aiuto\/insegnamento\/insegnamento-in-linea\/#breadcrumb\"},\"inLanguage\":\"it-IT\",\"potentialAction\":[{\"@type\":\"ReadAction\",\"target\":[\"https:\/\/www.tsubook.net\/it\/aiuto\/insegnamento\/insegnamento-in-linea\/\"]}]},{\"@type\":\"ImageObject\",\"inLanguage\":\"it-IT\",\"@id\":\"https:\/\/www.tsubook.net\/it\/aiuto\/insegnamento\/insegnamento-in-linea\/#primaryimage\",\"url\":\"https:\/\/www.tsubook.net\/it\/wp-content\/uploads\/TsubookZoom_it.png\",\"contentUrl\":\"https:\/\/www.tsubook.net\/it\/wp-content\/uploads\/TsubookZoom_it.png\",\"width\":1280,\"height\":800},{\"@type\":\"BreadcrumbList\",\"@id\":\"https:\/\/www.tsubook.net\/it\/aiuto\/insegnamento\/insegnamento-in-linea\/#breadcrumb\",\"itemListElement\":[{\"@type\":\"ListItem\",\"position\":1,\"name\":\"Centro assistenza\",\"item\":\"https:\/\/www.tsubook.net\/it\/aiuto\/\"},{\"@type\":\"ListItem\",\"position\":2,\"name\":\"Insegnamento\",\"item\":\"https:\/\/www.tsubook.net\/it\/aiuto\/insegnamento\/\"},{\"@type\":\"ListItem\",\"position\":3,\"name\":\"Come insegnare online con Tsubook?\"}]},{\"@type\":\"WebSite\",\"@id\":\"https:\/\/www.tsubook.net\/it\/#website\",\"url\":\"https:\/\/www.tsubook.net\/it\/\",\"name\":\"Tsubook\",\"description\":\"L&#039;app dei meridiani per MTC, Agopuntura, Shiatsu, Tuina, Kinesiologia, Riflessologia, Qi Gong e altro ancora\",\"publisher\":{\"@id\":\"https:\/\/www.tsubook.net\/it\/#organization\"},\"potentialAction\":[{\"@type\":\"SearchAction\",\"target\":{\"@type\":\"EntryPoint\",\"urlTemplate\":\"https:\/\/www.tsubook.net\/it\/?s={search_term_string}\"},\"query-input\":{\"@type\":\"PropertyValueSpecification\",\"valueRequired\":true,\"valueName\":\"search_term_string\"}}],\"inLanguage\":\"it-IT\"},{\"@type\":\"Organization\",\"@id\":\"https:\/\/www.tsubook.net\/it\/#organization\",\"name\":\"Tsubook\",\"url\":\"https:\/\/www.tsubook.net\/it\/\",\"logo\":{\"@type\":\"ImageObject\",\"inLanguage\":\"it-IT\",\"@id\":\"https:\/\/www.tsubook.net\/it\/#\/schema\/logo\/image\/\",\"url\":\"https:\/\/www.tsubook.net\/it\/wp-content\/uploads\/2019\/12\/logo_shiatsu_site3.png\",\"contentUrl\":\"https:\/\/www.tsubook.net\/it\/wp-content\/uploads\/2019\/12\/logo_shiatsu_site3.png\",\"width\":1639,\"height\":440,\"caption\":\"Tsubook\"},\"image\":{\"@id\":\"https:\/\/www.tsubook.net\/it\/#\/schema\/logo\/image\/\"},\"sameAs\":[\"https:\/\/www.facebook.com\/tsubook\/\",\"https:\/\/x.com\/TsubookApp\",\"https:\/\/www.instagram.com\/tsubook_shiatsu\/\"]}]}<\/script>\n<!-- \/ Yoast SEO plugin. -->","yoast_head_json":{"title":"Come insegnare online con Tsubook? - Tsubook","robots":{"index":"index","follow":"follow","max-snippet":"max-snippet:-1","max-image-preview":"max-image-preview:large","max-video-preview":"max-video-preview:-1"},"canonical":"https:\/\/www.tsubook.net\/it\/aiuto\/insegnamento\/insegnamento-in-linea\/","og_locale":"it_IT","og_type":"article","og_title":"Come insegnare online con Tsubook? - Tsubook","og_description":"Tsubook pu\u00f2 contribuire al tuo insegnamento online, ad esempio per mostrare agli studenti dove si trovano i punti terapeutici. Qui ti mostriamo come visualizzare il contenuto di Tsubook sul tuo apparato usando ZOOM e navigarlo come al solito. Altri servizi di Web-Meeting dovrebbero funzionare in modo simile. Attenzione: prima di utilizzare Tsubook per i tuoi[...]","og_url":"https:\/\/www.tsubook.net\/it\/aiuto\/insegnamento\/insegnamento-in-linea\/","og_site_name":"Tsubook","article_publisher":"https:\/\/www.facebook.com\/tsubook\/","article_modified_time":"2021-06-19T18:45:38+00:00","og_image":[{"url":"https:\/\/www.tsubook.net\/it\/wp-content\/uploads\/TsubookZoom_it-1024x640.png","type":"","width":"","height":""}],"twitter_card":"summary_large_image","twitter_site":"@TsubookApp","twitter_misc":{"Tempo di lettura stimato":"2 minuti"},"schema":{"@context":"https:\/\/schema.org","@graph":[{"@type":"WebPage","@id":"https:\/\/www.tsubook.net\/it\/aiuto\/insegnamento\/insegnamento-in-linea\/","url":"https:\/\/www.tsubook.net\/it\/aiuto\/insegnamento\/insegnamento-in-linea\/","name":"Come insegnare online con Tsubook? - Tsubook","isPartOf":{"@id":"https:\/\/www.tsubook.net\/it\/#website"},"primaryImageOfPage":{"@id":"https:\/\/www.tsubook.net\/it\/aiuto\/insegnamento\/insegnamento-in-linea\/#primaryimage"},"image":{"@id":"https:\/\/www.tsubook.net\/it\/aiuto\/insegnamento\/insegnamento-in-linea\/#primaryimage"},"thumbnailUrl":"https:\/\/www.tsubook.net\/it\/wp-content\/uploads\/TsubookZoom_it-1024x640.png","datePublished":"2021-03-30T11:06:08+00:00","dateModified":"2021-06-19T18:45:38+00:00","breadcrumb":{"@id":"https:\/\/www.tsubook.net\/it\/aiuto\/insegnamento\/insegnamento-in-linea\/#breadcrumb"},"inLanguage":"it-IT","potentialAction":[{"@type":"ReadAction","target":["https:\/\/www.tsubook.net\/it\/aiuto\/insegnamento\/insegnamento-in-linea\/"]}]},{"@type":"ImageObject","inLanguage":"it-IT","@id":"https:\/\/www.tsubook.net\/it\/aiuto\/insegnamento\/insegnamento-in-linea\/#primaryimage","url":"https:\/\/www.tsubook.net\/it\/wp-content\/uploads\/TsubookZoom_it.png","contentUrl":"https:\/\/www.tsubook.net\/it\/wp-content\/uploads\/TsubookZoom_it.png","width":1280,"height":800},{"@type":"BreadcrumbList","@id":"https:\/\/www.tsubook.net\/it\/aiuto\/insegnamento\/insegnamento-in-linea\/#breadcrumb","itemListElement":[{"@type":"ListItem","position":1,"name":"Centro assistenza","item":"https:\/\/www.tsubook.net\/it\/aiuto\/"},{"@type":"ListItem","position":2,"name":"Insegnamento","item":"https:\/\/www.tsubook.net\/it\/aiuto\/insegnamento\/"},{"@type":"ListItem","position":3,"name":"Come insegnare online con Tsubook?"}]},{"@type":"WebSite","@id":"https:\/\/www.tsubook.net\/it\/#website","url":"https:\/\/www.tsubook.net\/it\/","name":"Tsubook","description":"L&#039;app dei meridiani per MTC, Agopuntura, Shiatsu, Tuina, Kinesiologia, Riflessologia, Qi Gong e altro ancora","publisher":{"@id":"https:\/\/www.tsubook.net\/it\/#organization"},"potentialAction":[{"@type":"SearchAction","target":{"@type":"EntryPoint","urlTemplate":"https:\/\/www.tsubook.net\/it\/?s={search_term_string}"},"query-input":{"@type":"PropertyValueSpecification","valueRequired":true,"valueName":"search_term_string"}}],"inLanguage":"it-IT"},{"@type":"Organization","@id":"https:\/\/www.tsubook.net\/it\/#organization","name":"Tsubook","url":"https:\/\/www.tsubook.net\/it\/","logo":{"@type":"ImageObject","inLanguage":"it-IT","@id":"https:\/\/www.tsubook.net\/it\/#\/schema\/logo\/image\/","url":"https:\/\/www.tsubook.net\/it\/wp-content\/uploads\/2019\/12\/logo_shiatsu_site3.png","contentUrl":"https:\/\/www.tsubook.net\/it\/wp-content\/uploads\/2019\/12\/logo_shiatsu_site3.png","width":1639,"height":440,"caption":"Tsubook"},"image":{"@id":"https:\/\/www.tsubook.net\/it\/#\/schema\/logo\/image\/"},"sameAs":["https:\/\/www.facebook.com\/tsubook\/","https:\/\/x.com\/TsubookApp","https:\/\/www.instagram.com\/tsubook_shiatsu\/"]}]}},"jetpack_sharing_enabled":true,"_links":{"self":[{"href":"https:\/\/www.tsubook.net\/it\/wp-json\/wp\/v2\/pages\/291","targetHints":{"allow":["GET"]}}],"collection":[{"href":"https:\/\/www.tsubook.net\/it\/wp-json\/wp\/v2\/pages"}],"about":[{"href":"https:\/\/www.tsubook.net\/it\/wp-json\/wp\/v2\/types\/page"}],"author":[{"embeddable":true,"href":"https:\/\/www.tsubook.net\/it\/wp-json\/wp\/v2\/users\/3"}],"replies":[{"embeddable":true,"href":"https:\/\/www.tsubook.net\/it\/wp-json\/wp\/v2\/comments?post=291"}],"version-history":[{"count":9,"href":"https:\/\/www.tsubook.net\/it\/wp-json\/wp\/v2\/pages\/291\/revisions"}],"predecessor-version":[{"id":343,"href":"https:\/\/www.tsubook.net\/it\/wp-json\/wp\/v2\/pages\/291\/revisions\/343"}],"up":[{"embeddable":true,"href":"https:\/\/www.tsubook.net\/it\/wp-json\/wp\/v2\/pages\/300"}],"wp:attachment":[{"href":"https:\/\/www.tsubook.net\/it\/wp-json\/wp\/v2\/media?parent=291"}],"curies":[{"name":"wp","href":"https:\/\/api.w.org\/{rel}","templated":true}]}}