{"id":324,"date":"2021-06-19T20:16:10","date_gmt":"2021-06-19T18:16:10","guid":{"rendered":"https:\/\/www.tsubook.net\/it\/?page_id=324"},"modified":"2021-06-19T20:32:48","modified_gmt":"2021-06-19T18:32:48","slug":"screenshot","status":"publish","type":"page","link":"https:\/\/www.tsubook.net\/it\/aiuto\/diritti-dautore\/screenshot\/","title":{"rendered":"Posso usare gli screenshot di Tsubook?"},"content":{"rendered":"\n\t\t\t<!-- Flexy Breadcrumb -->\r\n\t\t\t<div class=\"fbc fbc-page\">\r\n\r\n\t\t\t\t<!-- Breadcrumb wrapper -->\r\n\t\t\t\t<div class=\"fbc-wrap\">\r\n\r\n\t\t\t\t\t<!-- Ordered list-->\r\n\t\t\t\t\t<ol class=\"fbc-items\" itemscope itemtype=\"https:\/\/schema.org\/BreadcrumbList\">\r\n\t\t\t\t\t\t<li class=\"active\" itemprop=\"itemListElement\" itemscope itemtype=\"https:\/\/schema.org\/ListItem\"><span itemprop=\"name\" title=\"Posso usare gli screenshot di Tsubook?\">Posso usare gli screenshot di Tsubook?<\/span><meta itemprop=\"position\" content=\"2\" \/><\/li>\t\t\t\t\t<\/ol>\r\n\t\t\t\t\t<div class=\"clearfix\"><\/div>\r\n\t\t\t\t<\/div>\r\n\t\t\t<\/div>\r\n\t\t\t\n\n\n\n<p>Tsubook \u00e8 un ottimo strumento per visualizzare i meridiani e i loro punti. Riceviamo regolarmente richieste per poter utilizzare le immagini di Tsubook per illustrare corsi, post di blog, newsletter, libri, ecc. Essendo noi stessi una piccola azienda, vogliamo aiutare i piccoli attori delle terapie alternative offrendo loro l&#8217;uso gratuito dei contenuti di Tsubook per la loro attivit\u00e0.<\/p>\n\n\n\n<blockquote class=\"wp-block-quote is-layout-flow wp-block-quote-is-layout-flow\"><p><strong>Definizione:<\/strong> uno \u201cscreenshot\u201d \u00e8 una foto dello schermo del tuo dispositivo (smartphone, tablet, computer, ecc.) che pu\u00f2 poi essere condivisa su internet, inclusa in un documento o stampata. Tieni presente, tuttavia, che l&#8217;app visualizzata sullo schermo al momento dello screenshot \u00e8 soggetta a copyright. Di seguito troverai tutte le informazioni necessarie per utilizzare legalmente gli screenshot dell&#8217;app Tsubook.<\/p><\/blockquote>\n\n\n\n<h2 class=\"wp-block-heading\">Termini &amp; Condizioni d&#8217;uso<\/h2>\n\n\n\n<p>Puoi utilizzare gli screenshot di alcune parti di Tsubook (vedi sotto) gratuitamente per illustrare i tuoi materiali (fisici e digitali) a condizione che:<\/p>\n\n\n\n<ol class=\"wp-block-list\"><li>Il tuo fatturato (o il tuo reddito personale se sei un privato) non supera i 30.000 \u20ac all&#8217;anno<\/li><li>Il tuo materiale non fa concorrenza a Tsubook (Atlante dei meridiani, manuale,\u2026)<\/li><li>Ogni screenshot \u00e8 accompagnato dal nome dell&#8217;applicazione (Tsubook) con un link verso <a href=\"https:\/\/tsubook.net\/it\/\">https:\/\/tsubook.net\/it\/<\/a><\/li><\/ol>\n\n\n\n<p>Se non soddisfi queste condizioni, non puoi utilizzare gli screenshot di Tsubook gratuitamente. Ti invitiamo a <a href=\"https:\/\/www.tsubook.net\/it\/contattaci\/\">contattarci<\/a> per conoscere i prezzi che potrebbero essere applicati alla tua situazione.<\/p>\n\n\n\n<h2 class=\"wp-block-heading\">Contenuto utilizzabile<\/h2>\n\n\n\n<p>Se queste condizioni sono soddisfatte, il contenuto utilizzabile varia a seconda della distribuzione del tuo materiale:<\/p>\n\n\n\n<p><strong>Se distribuisci il tuo materiale gratuitamente<\/strong> (ad esempio un blog gratuito su Internet), puoi inserire screenshot delle seguenti parti di Tsubook:<\/p>\n\n\n\n<ul class=\"wp-block-list\"><li>Le aree 3D che mostrano: <ul><li>i 12 meridiani MTC<\/li><li>i 2 vasi straordinari Du Mai (Governatore) e Ren Mai (Concezione)<\/li><li>i primi 6 meridiani Masunaga<\/li><li>le prime 6 aree diagnosi<\/li><li>i 361 punti dei meridiani<\/li><li>la pelle e l&#8217;interno del corpo (ossa, muscoli e organi)<\/li><\/ul><\/li><li>Il testo descrittivo della posizione di ogni punto<\/li><\/ul>\n\n\n\n<p><strong>Se la tua distribuzione \u00e8 diretta a un pubblico pagante<\/strong> (ad esempio, materiali didattici distribuiti solo agli studenti della tua scuola), puoi includere screenshot delle seguenti parti di Tsubook:<\/p>\n\n\n\n<ul class=\"wp-block-list\"><li>Le aree 3D che mostrano: <ul><li>i 12 meridiani MTC<\/li><li>gli 8 vasi straordinari i 12 meridiani di Masunaga<\/li><li>le 12 aree di diagnosi<\/li><li>i 361 punti dei meridiani<\/li><li>la pelle e l&#8217;interno del corpo (ossa, muscoli e organi)<\/li><\/ul><\/li><li>Il testo descrittivo della posizione di ogni punto<\/li><\/ul>\n\n\n\n<p>Oltre a ci\u00f2, non ti \u00e8 consentito utilizzare altre parti dell&#8217;app gratuitamente per i tuoi screenshot. Ad esempio, non \u00e8 possibile utilizzare gratuitamente l&#8217;elenco delle categorie, l&#8217;elenco delle indicazioni, la vista 3D con la selezione dei punti di un&#8217;indicazione, ecc. Se desideri utilizzare queste parti, <a href=\"https:\/\/www.tsubook.net\/it\/contattaci\/\">contattaci<\/a> per conoscere i prezzi.<\/p>\n\n\n\n<blockquote class=\"wp-block-quote is-layout-flow wp-block-quote-is-layout-flow\"><p>Sappi che l&#8217;uso degli screenshot non \u00e8 soggetto alle stesse regole della registrazione di video all&#8217;interno di Tsubook (<a href=\"https:\/\/www.tsubook.net\/it\/aiuto\/diritti-dautore\/registrazioni-video\/\">maggiori informazioni<\/a>) o dell&#8217;uso di Tsubook dal vivo (<a href=\"https:\/\/www.tsubook.net\/it\/aiuto\/diritti-dautore\/eventi-dal-vivo\/\">maggiori informazioni<\/a>).<\/p><\/blockquote>\n\n\n\n<p>Se hai dei dubbi sul modo in cui distribuisci gli estratti di Tsubook (screenshot, registrazione video, eventi live,&#8230;), non esitare a <a href=\"https:\/\/www.tsubook.net\/it\/contattaci\/\">contattarci<\/a>.<\/p>\n","protected":false},"excerpt":{"rendered":"<p>Tsubook \u00e8 un ottimo strumento per visualizzare i meridiani e i loro punti. Riceviamo regolarmente richieste per poter utilizzare le immagini di Tsubook per illustrare corsi, post di blog, newsletter, libri, ecc. Essendo noi stessi una piccola azienda, vogliamo aiutare i piccoli attori delle terapie alternative offrendo loro l&#8217;uso gratuito dei contenuti di Tsubook per<a href=\"https:\/\/www.tsubook.net\/it\/aiuto\/diritti-dautore\/screenshot\/\">[&#8230;]<\/a><\/p>\n","protected":false},"author":3,"featured_media":0,"parent":322,"menu_order":0,"comment_status":"closed","ping_status":"closed","template":"","meta":{"footnotes":""},"class_list":["post-324","page","type-page","status-publish","hentry","wpautop"],"yoast_head":"<!-- This site is optimized with the Yoast SEO plugin v27.1.1 - https:\/\/yoast.com\/product\/yoast-seo-wordpress\/ -->\n<title>Posso usare gli screenshot di Tsubook? - Tsubook<\/title>\n<meta name=\"robots\" content=\"index, follow, max-snippet:-1, max-image-preview:large, max-video-preview:-1\" \/>\n<link rel=\"canonical\" href=\"https:\/\/www.tsubook.net\/it\/aiuto\/diritti-dautore\/screenshot\/\" \/>\n<meta property=\"og:locale\" content=\"it_IT\" \/>\n<meta property=\"og:type\" content=\"article\" \/>\n<meta property=\"og:title\" content=\"Posso usare gli screenshot di Tsubook? - Tsubook\" \/>\n<meta property=\"og:description\" content=\"Tsubook \u00e8 un ottimo strumento per visualizzare i meridiani e i loro punti. Riceviamo regolarmente richieste per poter utilizzare le immagini di Tsubook per illustrare corsi, post di blog, newsletter, libri, ecc. Essendo noi stessi una piccola azienda, vogliamo aiutare i piccoli attori delle terapie alternative offrendo loro l&#8217;uso gratuito dei contenuti di Tsubook per[...]\" \/>\n<meta property=\"og:url\" content=\"https:\/\/www.tsubook.net\/it\/aiuto\/diritti-dautore\/screenshot\/\" \/>\n<meta property=\"og:site_name\" content=\"Tsubook\" \/>\n<meta property=\"article:publisher\" content=\"https:\/\/www.facebook.com\/tsubook\/\" \/>\n<meta property=\"article:modified_time\" content=\"2021-06-19T18:32:48+00:00\" \/>\n<meta property=\"og:image\" content=\"https:\/\/www.tsubook.net\/it\/wp-content\/uploads\/tsubook_main.png\" \/>\n\t<meta property=\"og:image:width\" content=\"1536\" \/>\n\t<meta property=\"og:image:height\" content=\"1024\" \/>\n\t<meta property=\"og:image:type\" content=\"image\/png\" \/>\n<meta name=\"twitter:card\" content=\"summary_large_image\" \/>\n<meta name=\"twitter:site\" content=\"@TsubookApp\" \/>\n<meta name=\"twitter:label1\" content=\"Tempo di lettura stimato\" \/>\n\t<meta name=\"twitter:data1\" content=\"3 minuti\" \/>\n<script type=\"application\/ld+json\" class=\"yoast-schema-graph\">{\"@context\":\"https:\/\/schema.org\",\"@graph\":[{\"@type\":\"WebPage\",\"@id\":\"https:\/\/www.tsubook.net\/it\/aiuto\/diritti-dautore\/screenshot\/\",\"url\":\"https:\/\/www.tsubook.net\/it\/aiuto\/diritti-dautore\/screenshot\/\",\"name\":\"Posso usare gli screenshot di Tsubook? - Tsubook\",\"isPartOf\":{\"@id\":\"https:\/\/www.tsubook.net\/it\/#website\"},\"datePublished\":\"2021-06-19T18:16:10+00:00\",\"dateModified\":\"2021-06-19T18:32:48+00:00\",\"breadcrumb\":{\"@id\":\"https:\/\/www.tsubook.net\/it\/aiuto\/diritti-dautore\/screenshot\/#breadcrumb\"},\"inLanguage\":\"it-IT\",\"potentialAction\":[{\"@type\":\"ReadAction\",\"target\":[\"https:\/\/www.tsubook.net\/it\/aiuto\/diritti-dautore\/screenshot\/\"]}]},{\"@type\":\"BreadcrumbList\",\"@id\":\"https:\/\/www.tsubook.net\/it\/aiuto\/diritti-dautore\/screenshot\/#breadcrumb\",\"itemListElement\":[{\"@type\":\"ListItem\",\"position\":1,\"name\":\"Centro assistenza\",\"item\":\"https:\/\/www.tsubook.net\/it\/aiuto\/\"},{\"@type\":\"ListItem\",\"position\":2,\"name\":\"Diritti d\u2019autore\",\"item\":\"https:\/\/www.tsubook.net\/it\/aiuto\/diritti-dautore\/\"},{\"@type\":\"ListItem\",\"position\":3,\"name\":\"Posso usare gli screenshot di Tsubook?\"}]},{\"@type\":\"WebSite\",\"@id\":\"https:\/\/www.tsubook.net\/it\/#website\",\"url\":\"https:\/\/www.tsubook.net\/it\/\",\"name\":\"Tsubook\",\"description\":\"L&#039;app dei meridiani per MTC, Agopuntura, Shiatsu, Tuina, Kinesiologia, Riflessologia, Qi Gong e altro ancora\",\"publisher\":{\"@id\":\"https:\/\/www.tsubook.net\/it\/#organization\"},\"potentialAction\":[{\"@type\":\"SearchAction\",\"target\":{\"@type\":\"EntryPoint\",\"urlTemplate\":\"https:\/\/www.tsubook.net\/it\/?s={search_term_string}\"},\"query-input\":{\"@type\":\"PropertyValueSpecification\",\"valueRequired\":true,\"valueName\":\"search_term_string\"}}],\"inLanguage\":\"it-IT\"},{\"@type\":\"Organization\",\"@id\":\"https:\/\/www.tsubook.net\/it\/#organization\",\"name\":\"Tsubook\",\"url\":\"https:\/\/www.tsubook.net\/it\/\",\"logo\":{\"@type\":\"ImageObject\",\"inLanguage\":\"it-IT\",\"@id\":\"https:\/\/www.tsubook.net\/it\/#\/schema\/logo\/image\/\",\"url\":\"https:\/\/www.tsubook.net\/it\/wp-content\/uploads\/2019\/12\/logo_shiatsu_site3.png\",\"contentUrl\":\"https:\/\/www.tsubook.net\/it\/wp-content\/uploads\/2019\/12\/logo_shiatsu_site3.png\",\"width\":1639,\"height\":440,\"caption\":\"Tsubook\"},\"image\":{\"@id\":\"https:\/\/www.tsubook.net\/it\/#\/schema\/logo\/image\/\"},\"sameAs\":[\"https:\/\/www.facebook.com\/tsubook\/\",\"https:\/\/x.com\/TsubookApp\",\"https:\/\/www.instagram.com\/tsubook_shiatsu\/\"]}]}<\/script>\n<!-- \/ Yoast SEO plugin. -->","yoast_head_json":{"title":"Posso usare gli screenshot di Tsubook? - Tsubook","robots":{"index":"index","follow":"follow","max-snippet":"max-snippet:-1","max-image-preview":"max-image-preview:large","max-video-preview":"max-video-preview:-1"},"canonical":"https:\/\/www.tsubook.net\/it\/aiuto\/diritti-dautore\/screenshot\/","og_locale":"it_IT","og_type":"article","og_title":"Posso usare gli screenshot di Tsubook? - Tsubook","og_description":"Tsubook \u00e8 un ottimo strumento per visualizzare i meridiani e i loro punti. Riceviamo regolarmente richieste per poter utilizzare le immagini di Tsubook per illustrare corsi, post di blog, newsletter, libri, ecc. Essendo noi stessi una piccola azienda, vogliamo aiutare i piccoli attori delle terapie alternative offrendo loro l&#8217;uso gratuito dei contenuti di Tsubook per[...]","og_url":"https:\/\/www.tsubook.net\/it\/aiuto\/diritti-dautore\/screenshot\/","og_site_name":"Tsubook","article_publisher":"https:\/\/www.facebook.com\/tsubook\/","article_modified_time":"2021-06-19T18:32:48+00:00","og_image":[{"width":1536,"height":1024,"url":"https:\/\/www.tsubook.net\/it\/wp-content\/uploads\/tsubook_main.png","type":"image\/png"}],"twitter_card":"summary_large_image","twitter_site":"@TsubookApp","twitter_misc":{"Tempo di lettura stimato":"3 minuti"},"schema":{"@context":"https:\/\/schema.org","@graph":[{"@type":"WebPage","@id":"https:\/\/www.tsubook.net\/it\/aiuto\/diritti-dautore\/screenshot\/","url":"https:\/\/www.tsubook.net\/it\/aiuto\/diritti-dautore\/screenshot\/","name":"Posso usare gli screenshot di Tsubook? - Tsubook","isPartOf":{"@id":"https:\/\/www.tsubook.net\/it\/#website"},"datePublished":"2021-06-19T18:16:10+00:00","dateModified":"2021-06-19T18:32:48+00:00","breadcrumb":{"@id":"https:\/\/www.tsubook.net\/it\/aiuto\/diritti-dautore\/screenshot\/#breadcrumb"},"inLanguage":"it-IT","potentialAction":[{"@type":"ReadAction","target":["https:\/\/www.tsubook.net\/it\/aiuto\/diritti-dautore\/screenshot\/"]}]},{"@type":"BreadcrumbList","@id":"https:\/\/www.tsubook.net\/it\/aiuto\/diritti-dautore\/screenshot\/#breadcrumb","itemListElement":[{"@type":"ListItem","position":1,"name":"Centro assistenza","item":"https:\/\/www.tsubook.net\/it\/aiuto\/"},{"@type":"ListItem","position":2,"name":"Diritti d\u2019autore","item":"https:\/\/www.tsubook.net\/it\/aiuto\/diritti-dautore\/"},{"@type":"ListItem","position":3,"name":"Posso usare gli screenshot di Tsubook?"}]},{"@type":"WebSite","@id":"https:\/\/www.tsubook.net\/it\/#website","url":"https:\/\/www.tsubook.net\/it\/","name":"Tsubook","description":"L&#039;app dei meridiani per MTC, Agopuntura, Shiatsu, Tuina, Kinesiologia, Riflessologia, Qi Gong e altro ancora","publisher":{"@id":"https:\/\/www.tsubook.net\/it\/#organization"},"potentialAction":[{"@type":"SearchAction","target":{"@type":"EntryPoint","urlTemplate":"https:\/\/www.tsubook.net\/it\/?s={search_term_string}"},"query-input":{"@type":"PropertyValueSpecification","valueRequired":true,"valueName":"search_term_string"}}],"inLanguage":"it-IT"},{"@type":"Organization","@id":"https:\/\/www.tsubook.net\/it\/#organization","name":"Tsubook","url":"https:\/\/www.tsubook.net\/it\/","logo":{"@type":"ImageObject","inLanguage":"it-IT","@id":"https:\/\/www.tsubook.net\/it\/#\/schema\/logo\/image\/","url":"https:\/\/www.tsubook.net\/it\/wp-content\/uploads\/2019\/12\/logo_shiatsu_site3.png","contentUrl":"https:\/\/www.tsubook.net\/it\/wp-content\/uploads\/2019\/12\/logo_shiatsu_site3.png","width":1639,"height":440,"caption":"Tsubook"},"image":{"@id":"https:\/\/www.tsubook.net\/it\/#\/schema\/logo\/image\/"},"sameAs":["https:\/\/www.facebook.com\/tsubook\/","https:\/\/x.com\/TsubookApp","https:\/\/www.instagram.com\/tsubook_shiatsu\/"]}]}},"jetpack_sharing_enabled":true,"_links":{"self":[{"href":"https:\/\/www.tsubook.net\/it\/wp-json\/wp\/v2\/pages\/324","targetHints":{"allow":["GET"]}}],"collection":[{"href":"https:\/\/www.tsubook.net\/it\/wp-json\/wp\/v2\/pages"}],"about":[{"href":"https:\/\/www.tsubook.net\/it\/wp-json\/wp\/v2\/types\/page"}],"author":[{"embeddable":true,"href":"https:\/\/www.tsubook.net\/it\/wp-json\/wp\/v2\/users\/3"}],"replies":[{"embeddable":true,"href":"https:\/\/www.tsubook.net\/it\/wp-json\/wp\/v2\/comments?post=324"}],"version-history":[{"count":3,"href":"https:\/\/www.tsubook.net\/it\/wp-json\/wp\/v2\/pages\/324\/revisions"}],"predecessor-version":[{"id":334,"href":"https:\/\/www.tsubook.net\/it\/wp-json\/wp\/v2\/pages\/324\/revisions\/334"}],"up":[{"embeddable":true,"href":"https:\/\/www.tsubook.net\/it\/wp-json\/wp\/v2\/pages\/322"}],"wp:attachment":[{"href":"https:\/\/www.tsubook.net\/it\/wp-json\/wp\/v2\/media?parent=324"}],"curies":[{"name":"wp","href":"https:\/\/api.w.org\/{rel}","templated":true}]}}