{"id":43,"date":"2019-12-21T18:03:11","date_gmt":"2019-12-21T17:03:11","guid":{"rendered":"https:\/\/www.tsubook.net\/it\/?page_id=43"},"modified":"2026-04-15T21:49:51","modified_gmt":"2026-04-15T19:49:51","slug":"diventa-partner","status":"publish","type":"page","link":"https:\/\/www.tsubook.net\/it\/diventa-partner\/","title":{"rendered":"Diventare partner di Tsubook"},"content":{"rendered":"\n<div class=\"wp-block-image\" style=\"padding:20px\"><figure class=\"aligncenter\"><img decoding=\"async\" src=\"http:\/\/www.tsubook.net\/wp-content\/uploads\/photo_tsubook2_1920_1280.jpg\" alt=\"photo_tsubook2_1920_1280\" class=\"wp-image-204\" style=\"width: 100%; max-width: 600px;\"><\/figure><\/div>\n\n\n\n<p>Insegni i meridiani? Vogliamo che Tsubook aiuti tutti gli studenti e i terapisti, indipendentemente dalla loro tecnica (Medicina Tradizionale Cinese, Agopuntura, Shiatsu, Tuina, Kinesiologia, Riflessologia, Qi Gong,\u2026). In questo approccio aperto, cerchiamo costantemente di entrare in contatto con scuole e\/o insegnanti per creare partenariati. Se sei un&#8217;associazione, <a href=\"https:\/\/www.tsubook.net\/it\/diventa-associazione-partner\/\">leggi qui<\/a>.<\/p>\n\n\n\n<p>Vantaggi per te:<\/p>\n\n\n\n<ul class=\"wp-block-list\">\n<li>1 licenza completa gratuita per te, fino a quando il partenariato rester\u00e0 attivo<\/li>\n\n\n\n<li>10% di sconto sul contenuto a pagamento per  i tuoi studenti e insegnanti<\/li>\n\n\n\n<li>Un link del sito web della tua scuola (se ne hai uno) nella <a href=\"https:\/\/www.tsubook.net\/it\/lista-partners\/\">lista dei partners<\/a> del nostro sito web. <\/li>\n<\/ul>\n\n\n\n<p>In cambio ti chiediamo di:<\/p>\n\n\n\n<ul class=\"wp-block-list\">\n<li>Raccomandare l&#8217;app Tsubook ai tuoi studenti,<\/li>\n\n\n\n<li>Mettere il link del sito web di Tsubook sul tuo sito web (se ne hai uno),<\/li>\n\n\n\n<li>Darci dei suggerimenti su come migliorare l&#8217;app Tsubook.<\/li>\n<\/ul>\n\n\n\n<p>Una volta approvato, il partenariato pu\u00f2 essere cancellato con una semplice richiesta, sia da parte della scuola che da parte di Tsubook.<\/p>\n\n\n\n<p>Per favore riempi la scheda qui sotto per diventare partner o per avere la prova gratuita di un mese, in modo da poter verificare il contenuto a pagamento e in seguito diventare partner.<\/p>\n\n\n\n<p>Se preferisci puoi scriverci direttamente via email a: <a href=\"mailto:buongiorno@tsubook.net\">buongiorno@tsubook.net<\/a><\/p>\n\n\n\n<p>Nota bene: per beneficiare automaticamente della licenza gratuita prevista nell&#8217;accordo, la tua scuola deve offrire almeno un anno di formazione continua. Se cos\u00ec non fosse, puoi comunque inviare la tua richiesta per diventare partner e valuteremo caso per caso.<\/p>\n\n\n\n<hr class=\"wp-block-separator has-css-opacity\"\/>\n\n\n\n<h2 class=\"wp-block-heading\">Richiesta per diventare partner<\/h2>\n\n\n\n<p>Devi essere uno dei responsabili della tua scuola per riempire questa scheda. Sarai il referente Tsubook della tua scuola.<\/p>\n\n\n\n<form id=\"partnership\" onsubmit=\"try { sendData(); } catch(e) {console.error(e); alert('ERROR'); } return false;\">\n<h3 style=\"padding-bottom:15px\"><u>Su di te<\/u><\/h3>\n<label for=\"referentFirstName\">Nome<\/label><input name=\"referentFirstName\" type=\"text\" maxlength=\"50\" required=\"required\"><br><br>\n<label for=\"referentLastName\">Cognome<\/label><input name=\"referentLastName\" type=\"text\" maxlength=\"50\" required=\"required\"><br><br>\n<label for=\"referentEmail\">E-mail<\/label><input name=\"referentEmail\" type=\"email\" maxlength=\"50\" required=\"required\"><br><br>\n<label for=\"referentRole\">Il tuo ruolo nella scuola<\/label><input name=\"referentRole\" type=\"text\" maxlength=\"50\" required=\"required\"><br><br>\n<h3 style=\"padding-bottom:15px\"><u>Sulla tua scuola<\/u><\/h3>\n<label for=\"name\">Nome della scuola<\/label><input name=\"name\" type=\"text\" maxlength=\"50\" required=\"required\"><br><br>\n<label for=\"location\">Citt\u00e0<\/label><input name=\"location\" type=\"text\" required=\"required\"><br><br>\n<label for=\"country\">Nazione<\/label><select name=\"country\" required=\"required\"><option value=\"AF\">Afghanistan<\/option><option value=\"AL\">Albania<\/option><option value=\"DZ\">Algeria<\/option><option value=\"UM\">Altre isole americane del Pacifico<\/option><option value=\"AD\">Andorra<\/option><option value=\"AO\">Angola<\/option><option value=\"AI\">Anguilla<\/option><option value=\"AQ\">Antartide<\/option><option value=\"AG\">Antigua e Barbuda<\/option><option value=\"SA\">Arabia Saudita<\/option><option value=\"AR\">Argentina<\/option><option value=\"AM\">Armenia<\/option><option value=\"AW\">Aruba<\/option><option value=\"AU\">Australia<\/option><option value=\"AT\">Austria<\/option><option value=\"AZ\">Azerbaigian<\/option><option value=\"BS\">Bahamas<\/option><option value=\"BH\">Bahrein<\/option><option value=\"BD\">Bangladesh<\/option><option value=\"BB\">Barbados<\/option><option value=\"BE\">Belgio<\/option><option value=\"BZ\">Belize<\/option><option value=\"BJ\">Benin<\/option><option value=\"BM\">Bermuda<\/option><option value=\"BT\">Bhutan<\/option><option value=\"BY\">Bielorussia<\/option><option value=\"BO\">Bolivia<\/option><option value=\"BA\">Bosnia ed Erzegovina<\/option><option value=\"BW\">Botswana<\/option><option value=\"BR\">Brasile<\/option><option value=\"BN\">Brunei<\/option><option value=\"BG\">Bulgaria<\/option><option value=\"BF\">Burkina Faso<\/option><option value=\"BI\">Burundi<\/option><option value=\"KH\">Cambogia<\/option><option value=\"CM\">Camerun<\/option><option value=\"CA\">Canada<\/option><option value=\"CV\">Capo Verde<\/option><option value=\"BQ\">Caraibi olandesi<\/option><option value=\"CZ\">Cechia<\/option><option value=\"TD\">Ciad<\/option><option value=\"CL\">Cile<\/option><option value=\"CN\">Cina<\/option><option value=\"CY\">Cipro<\/option><option value=\"VA\">Citt\u00e0 del Vaticano<\/option><option value=\"CO\">Colombia<\/option><option value=\"KM\">Comore<\/option><option value=\"CD\">Congo &#8211; Kinshasa<\/option><option value=\"CG\">Congo-Brazzaville<\/option><option value=\"KP\">Corea del Nord<\/option><option value=\"KR\">Corea del Sud<\/option><option value=\"CI\">Costa d\u2019Avorio<\/option><option value=\"CR\">Costa Rica<\/option><option value=\"HR\">Croazia<\/option><option value=\"CU\">Cuba<\/option><option value=\"CW\">Cura\u00e7ao<\/option><option value=\"DK\">Danimarca<\/option><option value=\"DM\">Dominica<\/option><option value=\"EC\">Ecuador<\/option><option value=\"EG\">Egitto<\/option><option value=\"SV\">El Salvador<\/option><option value=\"AE\">Emirati Arabi Uniti<\/option><option value=\"ER\">Eritrea<\/option><option value=\"EE\">Estonia<\/option><option value=\"ET\">Etiopia<\/option><option value=\"FJ\">Figi<\/option><option value=\"PH\">Filippine<\/option><option value=\"FI\">Finlandia<\/option><option value=\"FR\">Francia<\/option><option value=\"GA\">Gabon<\/option><option value=\"GM\">Gambia<\/option><option value=\"GE\">Georgia<\/option><option value=\"GS\">Georgia del Sud e Sandwich australi<\/option><option value=\"DE\">Germania<\/option><option value=\"GH\">Ghana<\/option><option value=\"JM\">Giamaica<\/option><option value=\"JP\">Giappone<\/option><option value=\"GI\">Gibilterra<\/option><option value=\"DJ\">Gibuti<\/option><option value=\"JO\">Giordania<\/option><option value=\"GR\">Grecia<\/option><option value=\"GD\">Grenada<\/option><option value=\"GL\">Groenlandia<\/option><option value=\"GP\">Guadalupa<\/option><option value=\"GU\">Guam<\/option><option value=\"GT\">Guatemala<\/option><option value=\"GG\">Guernsey<\/option><option value=\"GN\">Guinea<\/option><option value=\"GQ\">Guinea Equatoriale<\/option><option value=\"GW\">Guinea-Bissau<\/option><option value=\"GY\">Guyana<\/option><option value=\"GF\">Guyana francese<\/option><option value=\"HT\">Haiti<\/option><option value=\"HN\">Honduras<\/option><option value=\"IN\">India<\/option><option value=\"ID\">Indonesia<\/option><option value=\"IR\">Iran<\/option><option value=\"IQ\">Iraq<\/option><option value=\"IE\">Irlanda<\/option><option value=\"IS\">Islanda<\/option><option value=\"BV\">Isola Bouvet<\/option><option value=\"CX\">Isola Christmas<\/option><option value=\"IM\">Isola di Man<\/option><option value=\"NF\">Isola Norfolk<\/option><option value=\"AX\">Isole \u00c5land<\/option><option value=\"KY\">Isole Cayman<\/option><option value=\"CC\">Isole Cocos (Keeling)<\/option><option value=\"CK\">Isole Cook<\/option><option value=\"FO\">Isole F\u00e6r \u00d8er<\/option><option value=\"FK\">Isole Falkland<\/option><option value=\"HM\">Isole Heard e McDonald<\/option><option value=\"MP\">Isole Marianne settentrionali<\/option><option value=\"MH\">Isole Marshall<\/option><option value=\"PN\">Isole Pitcairn<\/option><option value=\"SB\">Isole Salomone<\/option><option value=\"TC\">Isole Turks e Caicos<\/option><option value=\"VI\">Isole Vergini Americane<\/option><option value=\"VG\">Isole Vergini Britanniche<\/option><option value=\"IL\">Israele<\/option><option value=\"IT\" selected=\"selected\">Italia<\/option><option value=\"JE\">Jersey<\/option><option value=\"KZ\">Kazakistan<\/option><option value=\"KE\">Kenya<\/option><option value=\"KG\">Kirghizistan<\/option><option value=\"KI\">Kiribati<\/option><option value=\"KW\">Kuwait<\/option><option value=\"LA\">Laos<\/option><option value=\"LS\">Lesotho<\/option><option value=\"LV\">Lettonia<\/option><option value=\"LB\">Libano<\/option><option value=\"LR\">Liberia<\/option><option value=\"LY\">Libia<\/option><option value=\"LI\">Liechtenstein<\/option><option value=\"LT\">Lituania<\/option><option value=\"LU\">Lussemburgo<\/option><option value=\"MK\">Macedonia del Nord<\/option><option value=\"MG\">Madagascar<\/option><option value=\"MW\">Malawi<\/option><option value=\"MY\">Malaysia<\/option><option value=\"MV\">Maldive<\/option><option value=\"ML\">Mali<\/option><option value=\"MT\">Malta<\/option><option value=\"MA\">Marocco<\/option><option value=\"MQ\">Martinica<\/option><option value=\"MR\">Mauritania<\/option><option value=\"MU\">Mauritius<\/option><option value=\"YT\">Mayotte<\/option><option value=\"MX\">Messico<\/option><option value=\"FM\">Micronesia<\/option><option value=\"MD\">Moldavia<\/option><option value=\"MC\">Monaco<\/option><option value=\"MN\">Mongolia<\/option><option value=\"ME\">Montenegro<\/option><option value=\"MS\">Montserrat<\/option><option value=\"MZ\">Mozambico<\/option><option value=\"MM\">Myanmar (Birmania)<\/option><option value=\"NA\">Namibia<\/option><option value=\"NR\">Nauru<\/option><option value=\"NP\">Nepal<\/option><option value=\"NI\">Nicaragua<\/option><option value=\"NE\">Niger<\/option><option value=\"NG\">Nigeria<\/option><option value=\"NU\">Niue<\/option><option value=\"NO\">Norvegia<\/option><option value=\"NC\">Nuova Caledonia<\/option><option value=\"NZ\">Nuova Zelanda<\/option><option value=\"OM\">Oman<\/option><option value=\"NL\">Paesi Bassi<\/option><option value=\"PK\">Pakistan<\/option><option value=\"PW\">Palau<\/option><option value=\"PA\">Panam\u00e1<\/option><option value=\"PG\">Papua Nuova Guinea<\/option><option value=\"PY\">Paraguay<\/option><option value=\"PE\">Per\u00f9<\/option><option value=\"PF\">Polinesia francese<\/option><option value=\"PL\">Polonia<\/option><option value=\"PT\">Portogallo<\/option><option value=\"PR\">Portorico<\/option><option value=\"QA\">Qatar<\/option><option value=\"HK\">RAS di Hong Kong<\/option><option value=\"MO\">RAS di Macao<\/option><option value=\"GB\">Regno Unito<\/option><option value=\"CF\">Repubblica Centrafricana<\/option><option value=\"DO\">Repubblica Dominicana<\/option><option value=\"RE\">Riunione<\/option><option value=\"RO\">Romania<\/option><option value=\"RW\">Ruanda<\/option><option value=\"RU\">Russia<\/option><option value=\"EH\">Sahara occidentale<\/option><option value=\"KN\">Saint Kitts e Nevis<\/option><option value=\"LC\">Saint Lucia<\/option><option value=\"MF\">Saint Martin<\/option><option value=\"VC\">Saint Vincent e Grenadine<\/option><option value=\"BL\">Saint-Barth\u00e9lemy<\/option><option value=\"PM\">Saint-Pierre e Miquelon<\/option><option value=\"WS\">Samoa<\/option><option value=\"AS\">Samoa americane<\/option><option value=\"SM\">San Marino<\/option><option value=\"SH\">Sant\u2019Elena<\/option><option value=\"ST\">S\u00e3o Tom\u00e9 e Pr\u00edncipe<\/option><option value=\"SN\">Senegal<\/option><option value=\"RS\">Serbia<\/option><option value=\"SC\">Seychelles<\/option><option value=\"SL\">Sierra Leone<\/option><option value=\"SG\">Singapore<\/option><option value=\"SX\">Sint Maarten<\/option><option value=\"SY\">Siria<\/option><option value=\"SK\">Slovacchia<\/option><option value=\"SI\">Slovenia<\/option><option value=\"SO\">Somalia<\/option><option value=\"ES\">Spagna<\/option><option value=\"LK\">Sri Lanka<\/option><option value=\"US\">Stati Uniti<\/option><option value=\"SS\">Sud Sudan<\/option><option value=\"ZA\">Sudafrica<\/option><option value=\"SD\">Sudan<\/option><option value=\"SR\">Suriname<\/option><option value=\"SJ\">Svalbard e Jan Mayen<\/option><option value=\"SE\">Svezia<\/option><option value=\"CH\">Svizzera<\/option><option value=\"SZ\">Swaziland<\/option><option value=\"TJ\">Tagikistan<\/option><option value=\"TW\">Taiwan<\/option><option value=\"TZ\">Tanzania<\/option><option value=\"TF\">Terre australi francesi<\/option><option value=\"PS\">Territori palestinesi<\/option><option value=\"IO\">Territorio britannico dell\u2019Oceano Indiano<\/option><option value=\"TH\">Thailandia<\/option><option value=\"TL\">Timor Est<\/option><option value=\"TG\">Togo<\/option><option value=\"TK\">Tokelau<\/option><option value=\"TO\">Tonga<\/option><option value=\"TT\">Trinidad e Tobago<\/option><option value=\"TN\">Tunisia<\/option><option value=\"TR\">Turchia<\/option><option value=\"TM\">Turkmenistan<\/option><option value=\"TV\">Tuvalu<\/option><option value=\"UA\">Ucraina<\/option><option value=\"UG\">Uganda<\/option><option value=\"HU\">Ungheria<\/option><option value=\"UY\">Uruguay<\/option><option value=\"UZ\">Uzbekistan<\/option><option value=\"VU\">Vanuatu<\/option><option value=\"VE\">Venezuela<\/option><option value=\"VN\">Vietnam<\/option><option value=\"WF\">Wallis e Futuna<\/option><option value=\"YE\">Yemen<\/option><option value=\"ZM\">Zambia<\/option><option value=\"ZW\">Zimbabwe<\/option><\/select><br><br>\n<label for=\"website\">Sito web<\/label><input name=\"website\" type=\"url\" maxlength=\"100\" required=\"required\"><br><br>\n<label for=\"email\">E-mail (facoltativo)<\/label><input name=\"email\" type=\"email\" maxlength=\"50\"><br><br>\n<label for=\"phone\">Telefono (facoltativo)<\/label><input name=\"phone\" type=\"text\" maxlength=\"20\"><br><br>\n<label for=\"people\">Nome\/i dell&#8217;insegnante\/degli insegnanti<\/label><input name=\"people\" type=\"text\" required=\"required\" maxlength=\"100\"><br><br>\n<label for=\"message\">Se vuoi, aggiungi un messaggio alla tua richiesta.<\/label><textarea name=\"message\" maxlength=\"1000\"><\/textarea><br><br>\n<button id=\"submitButton\" type=\"submit\" class=\"pushbutton-wide\">Invia<\/button>\n<\/form>\n\n\n\n<p><em>Risponderemo alla tua richiesta nei prossimi 7 giorni.<\/em><\/p>\n","protected":false},"excerpt":{"rendered":"<p>Insegni i meridiani? Vogliamo che Tsubook aiuti tutti gli studenti e i terapisti, indipendentemente dalla loro tecnica (Medicina Tradizionale Cinese, Agopuntura, Shiatsu, Tuina, Kinesiologia, Riflessologia, Qi Gong,\u2026). In questo approccio aperto, cerchiamo costantemente di entrare in contatto con scuole e\/o insegnanti per creare partenariati. Se sei un&#8217;associazione, leggi qui. Vantaggi per te: In cambio ti<a href=\"https:\/\/www.tsubook.net\/it\/diventa-partner\/\">[&#8230;]<\/a><\/p>\n","protected":false},"author":1,"featured_media":0,"parent":0,"menu_order":0,"comment_status":"closed","ping_status":"closed","template":"","meta":{"footnotes":""},"class_list":["post-43","page","type-page","status-publish","hentry","wpautop"],"yoast_head":"<!-- This site is optimized with the Yoast SEO plugin v27.1.1 - https:\/\/yoast.com\/product\/yoast-seo-wordpress\/ -->\n<title>Diventare partner di Tsubook - Tsubook<\/title>\n<meta name=\"robots\" content=\"index, follow, max-snippet:-1, max-image-preview:large, max-video-preview:-1\" \/>\n<link rel=\"canonical\" href=\"https:\/\/www.tsubook.net\/it\/diventa-partner\/\" \/>\n<meta property=\"og:locale\" content=\"it_IT\" \/>\n<meta property=\"og:type\" content=\"article\" \/>\n<meta property=\"og:title\" content=\"Diventare partner di Tsubook - Tsubook\" \/>\n<meta property=\"og:description\" content=\"Insegni i meridiani? Vogliamo che Tsubook aiuti tutti gli studenti e i terapisti, indipendentemente dalla loro tecnica (Medicina Tradizionale Cinese, Agopuntura, Shiatsu, Tuina, Kinesiologia, Riflessologia, Qi Gong,\u2026). In questo approccio aperto, cerchiamo costantemente di entrare in contatto con scuole e\/o insegnanti per creare partenariati. Se sei un&#8217;associazione, leggi qui. Vantaggi per te: In cambio ti[...]\" \/>\n<meta property=\"og:url\" content=\"https:\/\/www.tsubook.net\/it\/diventa-partner\/\" \/>\n<meta property=\"og:site_name\" content=\"Tsubook\" \/>\n<meta property=\"article:publisher\" content=\"https:\/\/www.facebook.com\/tsubook\/\" \/>\n<meta property=\"article:modified_time\" content=\"2026-04-15T19:49:51+00:00\" \/>\n<meta property=\"og:image\" content=\"https:\/\/www.tsubook.net\/it\/wp-content\/uploads\/tsubook_main.png\" \/>\n\t<meta property=\"og:image:width\" content=\"1536\" \/>\n\t<meta property=\"og:image:height\" content=\"1024\" \/>\n\t<meta property=\"og:image:type\" content=\"image\/png\" \/>\n<meta name=\"twitter:card\" content=\"summary_large_image\" \/>\n<meta name=\"twitter:site\" content=\"@TsubookApp\" \/>\n<meta name=\"twitter:label1\" content=\"Tempo di lettura stimato\" \/>\n\t<meta name=\"twitter:data1\" content=\"4 minuti\" \/>\n<script type=\"application\/ld+json\" class=\"yoast-schema-graph\">{\"@context\":\"https:\/\/schema.org\",\"@graph\":[{\"@type\":\"WebPage\",\"@id\":\"https:\/\/www.tsubook.net\/it\/diventa-partner\/\",\"url\":\"https:\/\/www.tsubook.net\/it\/diventa-partner\/\",\"name\":\"Diventare partner di Tsubook - Tsubook\",\"isPartOf\":{\"@id\":\"https:\/\/www.tsubook.net\/it\/#website\"},\"primaryImageOfPage\":{\"@id\":\"https:\/\/www.tsubook.net\/it\/diventa-partner\/#primaryimage\"},\"image\":{\"@id\":\"https:\/\/www.tsubook.net\/it\/diventa-partner\/#primaryimage\"},\"thumbnailUrl\":\"http:\/\/www.tsubook.net\/wp-content\/uploads\/photo_tsubook2_1920_1280.jpg\",\"datePublished\":\"2019-12-21T17:03:11+00:00\",\"dateModified\":\"2026-04-15T19:49:51+00:00\",\"inLanguage\":\"it-IT\",\"potentialAction\":[{\"@type\":\"ReadAction\",\"target\":[\"https:\/\/www.tsubook.net\/it\/diventa-partner\/\"]}]},{\"@type\":\"ImageObject\",\"inLanguage\":\"it-IT\",\"@id\":\"https:\/\/www.tsubook.net\/it\/diventa-partner\/#primaryimage\",\"url\":\"http:\/\/www.tsubook.net\/wp-content\/uploads\/photo_tsubook2_1920_1280.jpg\",\"contentUrl\":\"http:\/\/www.tsubook.net\/wp-content\/uploads\/photo_tsubook2_1920_1280.jpg\"},{\"@type\":\"WebSite\",\"@id\":\"https:\/\/www.tsubook.net\/it\/#website\",\"url\":\"https:\/\/www.tsubook.net\/it\/\",\"name\":\"Tsubook\",\"description\":\"L&#039;app dei meridiani per MTC, Agopuntura, Shiatsu, Tuina, Kinesiologia, Riflessologia, Qi Gong e altro ancora\",\"publisher\":{\"@id\":\"https:\/\/www.tsubook.net\/it\/#organization\"},\"potentialAction\":[{\"@type\":\"SearchAction\",\"target\":{\"@type\":\"EntryPoint\",\"urlTemplate\":\"https:\/\/www.tsubook.net\/it\/?s={search_term_string}\"},\"query-input\":{\"@type\":\"PropertyValueSpecification\",\"valueRequired\":true,\"valueName\":\"search_term_string\"}}],\"inLanguage\":\"it-IT\"},{\"@type\":\"Organization\",\"@id\":\"https:\/\/www.tsubook.net\/it\/#organization\",\"name\":\"Tsubook\",\"url\":\"https:\/\/www.tsubook.net\/it\/\",\"logo\":{\"@type\":\"ImageObject\",\"inLanguage\":\"it-IT\",\"@id\":\"https:\/\/www.tsubook.net\/it\/#\/schema\/logo\/image\/\",\"url\":\"https:\/\/www.tsubook.net\/it\/wp-content\/uploads\/2019\/12\/logo_shiatsu_site3.png\",\"contentUrl\":\"https:\/\/www.tsubook.net\/it\/wp-content\/uploads\/2019\/12\/logo_shiatsu_site3.png\",\"width\":1639,\"height\":440,\"caption\":\"Tsubook\"},\"image\":{\"@id\":\"https:\/\/www.tsubook.net\/it\/#\/schema\/logo\/image\/\"},\"sameAs\":[\"https:\/\/www.facebook.com\/tsubook\/\",\"https:\/\/x.com\/TsubookApp\",\"https:\/\/www.instagram.com\/tsubook_shiatsu\/\"]}]}<\/script>\n<!-- \/ Yoast SEO plugin. -->","yoast_head_json":{"title":"Diventare partner di Tsubook - Tsubook","robots":{"index":"index","follow":"follow","max-snippet":"max-snippet:-1","max-image-preview":"max-image-preview:large","max-video-preview":"max-video-preview:-1"},"canonical":"https:\/\/www.tsubook.net\/it\/diventa-partner\/","og_locale":"it_IT","og_type":"article","og_title":"Diventare partner di Tsubook - Tsubook","og_description":"Insegni i meridiani? Vogliamo che Tsubook aiuti tutti gli studenti e i terapisti, indipendentemente dalla loro tecnica (Medicina Tradizionale Cinese, Agopuntura, Shiatsu, Tuina, Kinesiologia, Riflessologia, Qi Gong,\u2026). In questo approccio aperto, cerchiamo costantemente di entrare in contatto con scuole e\/o insegnanti per creare partenariati. Se sei un&#8217;associazione, leggi qui. Vantaggi per te: In cambio ti[...]","og_url":"https:\/\/www.tsubook.net\/it\/diventa-partner\/","og_site_name":"Tsubook","article_publisher":"https:\/\/www.facebook.com\/tsubook\/","article_modified_time":"2026-04-15T19:49:51+00:00","og_image":[{"width":1536,"height":1024,"url":"https:\/\/www.tsubook.net\/it\/wp-content\/uploads\/tsubook_main.png","type":"image\/png"}],"twitter_card":"summary_large_image","twitter_site":"@TsubookApp","twitter_misc":{"Tempo di lettura stimato":"4 minuti"},"schema":{"@context":"https:\/\/schema.org","@graph":[{"@type":"WebPage","@id":"https:\/\/www.tsubook.net\/it\/diventa-partner\/","url":"https:\/\/www.tsubook.net\/it\/diventa-partner\/","name":"Diventare partner di Tsubook - Tsubook","isPartOf":{"@id":"https:\/\/www.tsubook.net\/it\/#website"},"primaryImageOfPage":{"@id":"https:\/\/www.tsubook.net\/it\/diventa-partner\/#primaryimage"},"image":{"@id":"https:\/\/www.tsubook.net\/it\/diventa-partner\/#primaryimage"},"thumbnailUrl":"http:\/\/www.tsubook.net\/wp-content\/uploads\/photo_tsubook2_1920_1280.jpg","datePublished":"2019-12-21T17:03:11+00:00","dateModified":"2026-04-15T19:49:51+00:00","inLanguage":"it-IT","potentialAction":[{"@type":"ReadAction","target":["https:\/\/www.tsubook.net\/it\/diventa-partner\/"]}]},{"@type":"ImageObject","inLanguage":"it-IT","@id":"https:\/\/www.tsubook.net\/it\/diventa-partner\/#primaryimage","url":"http:\/\/www.tsubook.net\/wp-content\/uploads\/photo_tsubook2_1920_1280.jpg","contentUrl":"http:\/\/www.tsubook.net\/wp-content\/uploads\/photo_tsubook2_1920_1280.jpg"},{"@type":"WebSite","@id":"https:\/\/www.tsubook.net\/it\/#website","url":"https:\/\/www.tsubook.net\/it\/","name":"Tsubook","description":"L&#039;app dei meridiani per MTC, Agopuntura, Shiatsu, Tuina, Kinesiologia, Riflessologia, Qi Gong e altro ancora","publisher":{"@id":"https:\/\/www.tsubook.net\/it\/#organization"},"potentialAction":[{"@type":"SearchAction","target":{"@type":"EntryPoint","urlTemplate":"https:\/\/www.tsubook.net\/it\/?s={search_term_string}"},"query-input":{"@type":"PropertyValueSpecification","valueRequired":true,"valueName":"search_term_string"}}],"inLanguage":"it-IT"},{"@type":"Organization","@id":"https:\/\/www.tsubook.net\/it\/#organization","name":"Tsubook","url":"https:\/\/www.tsubook.net\/it\/","logo":{"@type":"ImageObject","inLanguage":"it-IT","@id":"https:\/\/www.tsubook.net\/it\/#\/schema\/logo\/image\/","url":"https:\/\/www.tsubook.net\/it\/wp-content\/uploads\/2019\/12\/logo_shiatsu_site3.png","contentUrl":"https:\/\/www.tsubook.net\/it\/wp-content\/uploads\/2019\/12\/logo_shiatsu_site3.png","width":1639,"height":440,"caption":"Tsubook"},"image":{"@id":"https:\/\/www.tsubook.net\/it\/#\/schema\/logo\/image\/"},"sameAs":["https:\/\/www.facebook.com\/tsubook\/","https:\/\/x.com\/TsubookApp","https:\/\/www.instagram.com\/tsubook_shiatsu\/"]}]}},"jetpack_sharing_enabled":true,"_links":{"self":[{"href":"https:\/\/www.tsubook.net\/it\/wp-json\/wp\/v2\/pages\/43","targetHints":{"allow":["GET"]}}],"collection":[{"href":"https:\/\/www.tsubook.net\/it\/wp-json\/wp\/v2\/pages"}],"about":[{"href":"https:\/\/www.tsubook.net\/it\/wp-json\/wp\/v2\/types\/page"}],"author":[{"embeddable":true,"href":"https:\/\/www.tsubook.net\/it\/wp-json\/wp\/v2\/users\/1"}],"replies":[{"embeddable":true,"href":"https:\/\/www.tsubook.net\/it\/wp-json\/wp\/v2\/comments?post=43"}],"version-history":[{"count":13,"href":"https:\/\/www.tsubook.net\/it\/wp-json\/wp\/v2\/pages\/43\/revisions"}],"predecessor-version":[{"id":760,"href":"https:\/\/www.tsubook.net\/it\/wp-json\/wp\/v2\/pages\/43\/revisions\/760"}],"wp:attachment":[{"href":"https:\/\/www.tsubook.net\/it\/wp-json\/wp\/v2\/media?parent=43"}],"curies":[{"name":"wp","href":"https:\/\/api.w.org\/{rel}","templated":true}]}}